{"id":19271,"date":"2022-11-07T13:28:17","date_gmt":"2022-11-07T18:28:17","guid":{"rendered":"https:\/\/comerciallin.com\/index.php\/producto\/bateria-comp-dell-wdx0r-7472-3480-5468\/"},"modified":"2025-01-14T13:54:27","modified_gmt":"2025-01-14T18:54:27","slug":"bateria-comp-dell-wdx0r-7472-3480-5468","status":"publish","type":"product","link":"https:\/\/comerciallin.com\/index.php\/producto\/bateria-comp-dell-wdx0r-7472-3480-5468\/","title":{"rendered":"BATERIA COMP DELL WDX0R\/7472\/3480\/5468"},"content":{"rendered":"<p><strong>Tipo de bater&iacute;a:<\/strong> Li-ion Capacidad: 42 Wh; Celdas: 4 celdas. Voltaje: 11.4 V.<\/p>\n<p><strong>100 % Compatible con:<\/strong> Dell Inspiron Inspiron 13 7378 7375 7368 5379 5378 5368 | Inspiron 14 7472 7460 5488 5482 5480 5481 5468 3482 3480 | Inspiron en 15 7 7 586 7580 7579 7573 7572 7570 7569 7560 5584 5583 5580 5579 5578 5575 5570 5568 5567 5565 5538 3583 | Inspiron 17 5770 5769 5767 5765 | Latitude 3180 3190 3300 3379 3380 3390 3400 3480 3490 3500 3580 3590 | Vostro 54 68 55 5568 3480 3481 3583 5471 5481 5581, Dell Vostro 14 5468 5468D \/ 15 5568 5568D<\/p>\n<p><strong>Compatible P\/N:<\/strong> Y3F7Y WDXOR WDX0R T2JX4 P69G P58F001 P58F FW8KR FC92N CYMGM CYMGM C4HCW 8YPRW 3CRH3 Las celdas de grado A garantizan cargas r&aacute;pidas y bajo consumo de energ&iacute;a; la protecci&oacute;n de circuito integrada garantiza seguridad y estabilidad.<\/p>\n","protected":false},"excerpt":{"rendered":"<table>\n<tbody>\n<tr>\n<td>Composici&oacute;n de las celdas de la bater&iacute;a<\/td>\n<td>Litio Ion<\/td>\n<\/tr>\n<tr>\n<td>Usos Recomendados Para Producto<\/td>\n<td>Laptop<\/td>\n<\/tr>\n<tr>\n<td>Voltaje<\/td>\n<td>11.4 Voltios<\/td>\n<\/tr>\n<tr>\n<td>Reutilizaci&oacute;n<\/td>\n<td>Rechargeable<\/td>\n<\/tr>\n<\/tbody>\n<\/table>\n","protected":false},"featured_media":21624,"comment_status":"open","ping_status":"closed","template":"","meta":{"spay_email":""},"product_cat":[791],"product_tag":[],"supplier_id":null,"supplier_sku":"","barcode":null,"atum_controlled":true,"out_stock_date":null,"out_stock_threshold":null,"inheritable":false,"inbound_stock":null,"stock_on_hold":0,"sold_today":0,"sales_last_days":0,"reserved_stock":null,"customer_returns":null,"warehouse_damage":null,"lost_in_post":null,"other_logs":null,"out_stock_days":0,"lost_sales":0,"has_location":null,"update_date":"2026-05-01T00:12:10","atum_locations":[],"atum_stock_status":"instock","restock_status":false,"low_stock_amount":"","sales_update_date":"2026-05-01T00:12:10","calc_backorders":null,"acf":[],"yoast_head":"<!-- This site is optimized with the Yoast SEO Premium plugin v17.4 (Yoast SEO v17.4) - https:\/\/yoast.com\/wordpress\/plugins\/seo\/ -->\n<title>BATERIA COMP DELL WDX0R\/7472\/3480\/5468 - tienda de electr\u00f3nica y computaci\u00f3n<\/title>\n<meta name=\"robots\" content=\"index, follow, max-snippet:-1, max-image-preview:large, max-video-preview:-1\" \/>\n<link rel=\"canonical\" href=\"https:\/\/comerciallin.com\/index.php\/producto\/bateria-comp-dell-wdx0r-7472-3480-5468\/\" \/>\n<meta property=\"og:locale\" content=\"es_ES\" \/>\n<meta property=\"og:type\" content=\"article\" \/>\n<meta property=\"og:title\" content=\"BATERIA COMP DELL WDX0R\/7472\/3480\/5468\" \/>\n<meta property=\"og:description\" content=\"Composici&oacute;n de las celdas de la bater&iacute;a Litio Ion   Usos Recomendados Para Producto Laptop   Voltaje 11.4 Voltios   Reutilizaci&oacute;n Rechargeable\" \/>\n<meta property=\"og:url\" content=\"https:\/\/comerciallin.com\/index.php\/producto\/bateria-comp-dell-wdx0r-7472-3480-5468\/\" \/>\n<meta property=\"og:site_name\" content=\"tienda de electr\u00f3nica y computaci\u00f3n\" \/>\n<meta property=\"article:modified_time\" content=\"2025-01-14T18:54:27+00:00\" \/>\n<meta name=\"twitter:card\" content=\"summary_large_image\" \/>\n<meta name=\"twitter:image\" content=\"https:\/\/i0.wp.com\/comerciallin.com\/wp-content\/uploads\/2023\/02\/537030120804.jpg?fit=%2C&amp;ssl=1\" \/>\n<meta name=\"twitter:label1\" content=\"Precio\" \/>\n\t<meta name=\"twitter:data1\" content=\"&#36;69,00\" \/>\n\t<meta name=\"twitter:label2\" content=\"Availability\" \/>\n\t<meta name=\"twitter:data2\" content=\"In stock\" \/>\n<script type=\"application\/ld+json\" class=\"yoast-schema-graph\">{\"@context\":\"https:\/\/schema.org\",\"@graph\":[{\"@type\":\"WebSite\",\"@id\":\"https:\/\/comerciallin.com\/#website\",\"url\":\"https:\/\/comerciallin.com\/\",\"name\":\"tienda de electr\\u00f3nica y computaci\\u00f3n\",\"description\":\"Importadora de Electr\\u00f3nica y Computaci\\u00f3n\",\"potentialAction\":[{\"@type\":\"SearchAction\",\"target\":{\"@type\":\"EntryPoint\",\"urlTemplate\":\"https:\/\/comerciallin.com\/?s={search_term_string}\"},\"query-input\":\"required name=search_term_string\"}],\"inLanguage\":\"es\"},{\"@type\":\"ImageObject\",\"@id\":\"https:\/\/comerciallin.com\/index.php\/producto\/bateria-comp-dell-wdx0r-7472-3480-5468\/#primaryimage\",\"inLanguage\":\"es\",\"url\":\"https:\/\/i0.wp.com\/comerciallin.com\/wp-content\/uploads\/2023\/02\/537030120804.jpg?fit=%2C&ssl=1\",\"contentUrl\":\"https:\/\/i0.wp.com\/comerciallin.com\/wp-content\/uploads\/2023\/02\/537030120804.jpg?fit=%2C&ssl=1\",\"caption\":\"BATERIA COMP DELL WDX0R\/7472\/3480\/5468\"},{\"@type\":\"WebPage\",\"@id\":\"https:\/\/comerciallin.com\/index.php\/producto\/bateria-comp-dell-wdx0r-7472-3480-5468\/#webpage\",\"url\":\"https:\/\/comerciallin.com\/index.php\/producto\/bateria-comp-dell-wdx0r-7472-3480-5468\/\",\"name\":\"BATERIA COMP DELL WDX0R\/7472\/3480\/5468 - tienda de electr\\u00f3nica y computaci\\u00f3n\",\"isPartOf\":{\"@id\":\"https:\/\/comerciallin.com\/#website\"},\"primaryImageOfPage\":{\"@id\":\"https:\/\/comerciallin.com\/index.php\/producto\/bateria-comp-dell-wdx0r-7472-3480-5468\/#primaryimage\"},\"datePublished\":\"2022-11-07T18:28:17+00:00\",\"dateModified\":\"2025-01-14T18:54:27+00:00\",\"breadcrumb\":{\"@id\":\"https:\/\/comerciallin.com\/index.php\/producto\/bateria-comp-dell-wdx0r-7472-3480-5468\/#breadcrumb\"},\"inLanguage\":\"es\",\"potentialAction\":[{\"@type\":\"ReadAction\",\"target\":[\"https:\/\/comerciallin.com\/index.php\/producto\/bateria-comp-dell-wdx0r-7472-3480-5468\/\"]}]},{\"@type\":\"BreadcrumbList\",\"@id\":\"https:\/\/comerciallin.com\/index.php\/producto\/bateria-comp-dell-wdx0r-7472-3480-5468\/#breadcrumb\",\"itemListElement\":[{\"@type\":\"ListItem\",\"position\":1,\"name\":\"Inicio\",\"item\":\"https:\/\/comerciallin.com\/\"},{\"@type\":\"ListItem\",\"position\":2,\"name\":\"Shop\",\"item\":\"https:\/\/comerciallin.com\/?page_id=3853\"},{\"@type\":\"ListItem\",\"position\":3,\"name\":\"BATERIA COMP DELL WDX0R\/7472\/3480\/5468\"}]}]}<\/script>\n<meta property=\"product:price:amount\" content=\"69.00\" \/>\n<meta property=\"product:price:currency\" content=\"USD\" \/>\n<meta property=\"og:availability\" content=\"instock\" \/>\n<meta property=\"product:availability\" content=\"instock\" \/>\n<meta property=\"product:retailer_item_id\" content=\"537030120804\" \/>\n<meta property=\"product:condition\" content=\"new\" \/>\n<!-- \/ Yoast SEO Premium plugin. -->","yoast_head_json":{"title":"BATERIA COMP DELL WDX0R\/7472\/3480\/5468 - tienda de electr\u00f3nica y computaci\u00f3n","robots":{"index":"index","follow":"follow","max-snippet":"max-snippet:-1","max-image-preview":"max-image-preview:large","max-video-preview":"max-video-preview:-1"},"canonical":"https:\/\/comerciallin.com\/index.php\/producto\/bateria-comp-dell-wdx0r-7472-3480-5468\/","og_locale":"es_ES","og_type":"article","og_title":"BATERIA COMP DELL WDX0R\/7472\/3480\/5468","og_description":"Composici&oacute;n de las celdas de la bater&iacute;a Litio Ion   Usos Recomendados Para Producto Laptop   Voltaje 11.4 Voltios   Reutilizaci&oacute;n Rechargeable","og_url":"https:\/\/comerciallin.com\/index.php\/producto\/bateria-comp-dell-wdx0r-7472-3480-5468\/","og_site_name":"tienda de electr\u00f3nica y computaci\u00f3n","article_modified_time":"2025-01-14T18:54:27+00:00","twitter_card":"summary_large_image","twitter_image":"https:\/\/i0.wp.com\/comerciallin.com\/wp-content\/uploads\/2023\/02\/537030120804.jpg?fit=%2C&ssl=1","twitter_misc":{"Precio":"&#36;69,00","Availability":"In stock"},"schema":{"@context":"https:\/\/schema.org","@graph":[{"@type":"WebSite","@id":"https:\/\/comerciallin.com\/#website","url":"https:\/\/comerciallin.com\/","name":"tienda de electr\u00f3nica y computaci\u00f3n","description":"Importadora de Electr\u00f3nica y Computaci\u00f3n","potentialAction":[{"@type":"SearchAction","target":{"@type":"EntryPoint","urlTemplate":"https:\/\/comerciallin.com\/?s={search_term_string}"},"query-input":"required name=search_term_string"}],"inLanguage":"es"},{"@type":"ImageObject","@id":"https:\/\/comerciallin.com\/index.php\/producto\/bateria-comp-dell-wdx0r-7472-3480-5468\/#primaryimage","inLanguage":"es","url":"https:\/\/i0.wp.com\/comerciallin.com\/wp-content\/uploads\/2023\/02\/537030120804.jpg?fit=%2C&ssl=1","contentUrl":"https:\/\/i0.wp.com\/comerciallin.com\/wp-content\/uploads\/2023\/02\/537030120804.jpg?fit=%2C&ssl=1","caption":"BATERIA COMP DELL WDX0R\/7472\/3480\/5468"},{"@type":"WebPage","@id":"https:\/\/comerciallin.com\/index.php\/producto\/bateria-comp-dell-wdx0r-7472-3480-5468\/#webpage","url":"https:\/\/comerciallin.com\/index.php\/producto\/bateria-comp-dell-wdx0r-7472-3480-5468\/","name":"BATERIA COMP DELL WDX0R\/7472\/3480\/5468 - tienda de electr\u00f3nica y computaci\u00f3n","isPartOf":{"@id":"https:\/\/comerciallin.com\/#website"},"primaryImageOfPage":{"@id":"https:\/\/comerciallin.com\/index.php\/producto\/bateria-comp-dell-wdx0r-7472-3480-5468\/#primaryimage"},"datePublished":"2022-11-07T18:28:17+00:00","dateModified":"2025-01-14T18:54:27+00:00","breadcrumb":{"@id":"https:\/\/comerciallin.com\/index.php\/producto\/bateria-comp-dell-wdx0r-7472-3480-5468\/#breadcrumb"},"inLanguage":"es","potentialAction":[{"@type":"ReadAction","target":["https:\/\/comerciallin.com\/index.php\/producto\/bateria-comp-dell-wdx0r-7472-3480-5468\/"]}]},{"@type":"BreadcrumbList","@id":"https:\/\/comerciallin.com\/index.php\/producto\/bateria-comp-dell-wdx0r-7472-3480-5468\/#breadcrumb","itemListElement":[{"@type":"ListItem","position":1,"name":"Inicio","item":"https:\/\/comerciallin.com\/"},{"@type":"ListItem","position":2,"name":"Shop","item":"https:\/\/comerciallin.com\/?page_id=3853"},{"@type":"ListItem","position":3,"name":"BATERIA COMP DELL WDX0R\/7472\/3480\/5468"}]}]},"product_price_amount":"69.00","product_price_currency":"USD","og_availability":"instock","product_availability":"instock","product_retailer_item_id":"537030120804","product_condition":"new"},"jetpack-related-posts":[{"id":19092,"url":"https:\/\/comerciallin.com\/index.php\/producto\/bateria-comp-dell-13z-n311z-14z-n411z-n2dn5-1\/","url_meta":{"origin":19271,"position":0},"title":"BATERIA COMP DELL 13Z-N311Z\/14Z N411Z\/N2DN5\/1","date":"7 de noviembre de 2022","format":false,"excerpt":"Tipo de bater\u00eda: Li-ion c\u00e9lulas: 6\u00a0celdas Capacidad: 4400\u00a0mAh Voltaje: 11.1\u00a0V.","rel":"","context":"Entrada similar","img":{"alt_text":"","src":"","width":0,"height":0},"classes":[]},{"id":19195,"url":"https:\/\/comerciallin.com\/index.php\/producto\/bateria-comp-dell-m5y1k-3451\/","url_meta":{"origin":19271,"position":1},"title":"BATERIA COMP DELL M5Y1K\/3451","date":"7 de noviembre de 2022","format":false,"excerpt":"Tipo de bater\u00eda: Li-ion Celdas: 4 celdas Capacidad: 2600 mAh Voltaje: 14,8 V \u00a0","rel":"","context":"Entrada similar","img":{"alt_text":"","src":"","width":0,"height":0},"classes":[]},{"id":19070,"url":"https:\/\/comerciallin.com\/index.php\/producto\/bateria-comp-dell-mr90y-111v-65wh-3421-377\/","url_meta":{"origin":19271,"position":2},"title":"BATERIA COMP DELL MR90Y 11,1V-65WH\/ 3421\/377","date":"7 de noviembre de 2022","format":false,"excerpt":"Voltaje 11.1 Voltios Compatible Devices Laptop Tipo de celda de bater\u00eda Litio Ion","rel":"","context":"Entrada similar","img":{"alt_text":"BATERIA COMP DELL MR90Y 11,1V-65WH\/ 3421\/377","src":"https:\/\/i0.wp.com\/comerciallin.com\/wp-content\/uploads\/2023\/02\/4451606033.jpg?fit=992%2C744&ssl=1&resize=350%2C200","width":350,"height":200},"classes":[]},{"id":19201,"url":"https:\/\/comerciallin.com\/index.php\/producto\/bateria-comp-dell-1410-f286h-f287f-f287h-g06l\/","url_meta":{"origin":19271,"position":3},"title":"BATERIA COMP DELL 1410\/F286H\/F287F\/F287H\/G06L","date":"7 de noviembre de 2022","format":false,"excerpt":"Tipo de bater\u00eda: Li-ion c\u00e9lulas: 6\u00a0celdas Capacidad: 4400\u00a0mAh Voltaje: 11.1\u00a0V. Dell Compatible With G066H, 45110673, 3120818, F287F, F287H, F286H, R988H, 312-0818, 451-10673 For Use In Dell Vostro 1014,1015,A860,A860n,A840; Dell Inspiron 1410","rel":"","context":"Entrada similar","img":{"alt_text":"","src":"","width":0,"height":0},"classes":[]},{"id":22501,"url":"https:\/\/comerciallin.com\/index.php\/producto\/bateria-comp-dell-33ydh\/","url_meta":{"origin":19271,"position":4},"title":"BATERIA COMP DELL 33YDH","date":"19 de abril de 2023","format":false,"excerpt":"Bater\u00eda de 33YDH para Dell Inspiron 17 7000 7773 7786 7778 7789 2 en 1 15 7577 Latitude 13 3380 14 3490 15 3590 3580 G5 15 5587 GG7 3 357 9 3779 G7 7588 Vostro 7580 7570 PVHT1 P30E 81PF3 081PF3","rel":"","context":"Entrada similar","img":{"alt_text":"","src":"","width":0,"height":0},"classes":[]},{"id":19116,"url":"https:\/\/comerciallin.com\/index.php\/producto\/bateria-comp-dell-m101-1121-m102z-1122-m102z1\/","url_meta":{"origin":19271,"position":5},"title":"BATERIA COMP DELL M101\/1121\/M102Z-1122\/M102Z1","date":"7 de noviembre de 2022","format":false,"excerpt":"Voltaje 11.1 Voltios Tipo de celda de bater\u00eda Litio Ion Capacidad 4400 Miliamperios Hora (mAh)","rel":"","context":"Entrada similar","img":{"alt_text":"","src":"","width":0,"height":0},"classes":[]}],"jetpack_sharing_enabled":true,"jetpack_likes_enabled":true,"_links":{"self":[{"href":"https:\/\/comerciallin.com\/index.php\/wp-json\/wp\/v2\/product\/19271"}],"collection":[{"href":"https:\/\/comerciallin.com\/index.php\/wp-json\/wp\/v2\/product"}],"about":[{"href":"https:\/\/comerciallin.com\/index.php\/wp-json\/wp\/v2\/types\/product"}],"replies":[{"embeddable":true,"href":"https:\/\/comerciallin.com\/index.php\/wp-json\/wp\/v2\/comments?post=19271"}],"wp:featuredmedia":[{"embeddable":true,"href":"https:\/\/comerciallin.com\/index.php\/wp-json\/wp\/v2\/media\/21624"}],"wp:attachment":[{"href":"https:\/\/comerciallin.com\/index.php\/wp-json\/wp\/v2\/media?parent=19271"}],"wp:term":[{"taxonomy":"product_cat","embeddable":true,"href":"https:\/\/comerciallin.com\/index.php\/wp-json\/wp\/v2\/product_cat?post=19271"},{"taxonomy":"product_tag","embeddable":true,"href":"https:\/\/comerciallin.com\/index.php\/wp-json\/wp\/v2\/product_tag?post=19271"}],"curies":[{"name":"wp","href":"https:\/\/api.w.org\/{rel}","templated":true}]}}