{"id":19269,"date":"2022-11-07T13:28:17","date_gmt":"2022-11-07T18:28:17","guid":{"rendered":"https:\/\/comerciallin.com\/index.php\/producto\/bateria-comp-hp-tf03xl\/"},"modified":"2025-01-14T13:54:36","modified_gmt":"2025-01-14T18:54:36","slug":"bateria-comp-hp-tf03xl","status":"publish","type":"product","link":"https:\/\/comerciallin.com\/index.php\/producto\/bateria-comp-hp-tf03xl\/","title":{"rendered":"BATERIA COMP HP TF03XL"},"content":{"rendered":"<p><strong>N&uacute;mero de pieza compatible:<\/strong> 849569-421 849569-541 849569-542 849569-543 849909-850 BP02XL BP02041XL HSTNN-UB7B HSTNN-LB7H TPN-Q172 TPN-Q175 2IC. P7\/65. \/80<\/p>\n<p><strong>Compatible con los modelos:<\/strong> HP Pavilion PC 15 15-AU000 15-AU004NG 15-AU010NG 15-AU010WM 15-AU011NG 15-AU013NG 15-AU014NG 15- AU018WM 15-AU020WM 15-AU0202020WM 2TX 15-. AU023CL 15-AU025NG 15-AU028CA 15-AU030NR 15-AU030WM 15-AU034TX 15-AU035TX 15-AU037TX 15-AU038TX 15-AU040TX 15-AU041TX 15-AU041TX 6NG 15 -AU050TX 15-AU057CL 15-AU063CL 15-AU063NR 15-AU072SA 15-AU076SA 15- AU077SA 15-AU078SA 15-AU086NIA 15-AU087NIA 15-AU090TX 15-AU090TX 15-AU090TX 15-AU090TX 15-AU0TX 15-AU090TX 091NR 15-AU095ND 15-AU095TX 15-AU096TX 15-AU097TX 15- AU099TX 15-AU103NG 15-AU105NG<\/p>\n","protected":false},"excerpt":{"rendered":"<table>\n<tbody>\n<tr>\n<td>Composici&oacute;n de las celdas de la bater&iacute;a<\/td>\n<td>Litio Ion<\/td>\n<\/tr>\n<tr>\n<td>Voltaje<\/td>\n<td>11.55 Voltios<\/td>\n<\/tr>\n<tr>\n<td>Reutilizaci&oacute;n<\/td>\n<td>Rechargeable<\/td>\n<\/tr>\n<tr>\n<td>Peso de la bater&iacute;a<\/td>\n<td>255 Gramos<\/td>\n<\/tr>\n<\/tbody>\n<\/table>\n","protected":false},"featured_media":21667,"comment_status":"open","ping_status":"closed","template":"","meta":{"spay_email":""},"product_cat":[794],"product_tag":[],"supplier_id":null,"supplier_sku":"","barcode":null,"atum_controlled":true,"out_stock_date":null,"out_stock_threshold":null,"inheritable":false,"inbound_stock":null,"stock_on_hold":0,"sold_today":0,"sales_last_days":0,"reserved_stock":null,"customer_returns":null,"warehouse_damage":null,"lost_in_post":null,"other_logs":null,"out_stock_days":0,"lost_sales":0,"has_location":null,"update_date":"2026-04-03T23:40:19","atum_locations":[],"atum_stock_status":"instock","restock_status":false,"low_stock_amount":"","sales_update_date":"2026-04-03T23:40:19","calc_backorders":null,"acf":[],"yoast_head":"<!-- This site is optimized with the Yoast SEO Premium plugin v17.4 (Yoast SEO v17.4) - https:\/\/yoast.com\/wordpress\/plugins\/seo\/ -->\n<title>BATERIA COMP HP TF03XL - tienda de electr\u00f3nica y computaci\u00f3n<\/title>\n<meta name=\"robots\" content=\"index, follow, max-snippet:-1, max-image-preview:large, max-video-preview:-1\" \/>\n<link rel=\"canonical\" href=\"https:\/\/comerciallin.com\/index.php\/producto\/bateria-comp-hp-tf03xl\/\" \/>\n<meta property=\"og:locale\" content=\"es_ES\" \/>\n<meta property=\"og:type\" content=\"article\" \/>\n<meta property=\"og:title\" content=\"BATERIA COMP HP TF03XL\" \/>\n<meta property=\"og:description\" content=\"Composici&oacute;n de las celdas de la bater&iacute;a Litio Ion   Voltaje 11.55 Voltios   Reutilizaci&oacute;n Rechargeable   Peso de la bater&iacute;a 255 Gramos\" \/>\n<meta property=\"og:url\" content=\"https:\/\/comerciallin.com\/index.php\/producto\/bateria-comp-hp-tf03xl\/\" \/>\n<meta property=\"og:site_name\" content=\"tienda de electr\u00f3nica y computaci\u00f3n\" \/>\n<meta property=\"article:modified_time\" content=\"2025-01-14T18:54:36+00:00\" \/>\n<meta name=\"twitter:card\" content=\"summary_large_image\" \/>\n<meta name=\"twitter:image\" content=\"https:\/\/i0.wp.com\/comerciallin.com\/wp-content\/uploads\/2023\/02\/537030120806.jpg?fit=%2C&amp;ssl=1\" \/>\n<meta name=\"twitter:label1\" content=\"Precio\" \/>\n\t<meta name=\"twitter:data1\" content=\"&#36;64,40\" \/>\n\t<meta name=\"twitter:label2\" content=\"Availability\" \/>\n\t<meta name=\"twitter:data2\" content=\"In stock\" \/>\n<script type=\"application\/ld+json\" class=\"yoast-schema-graph\">{\"@context\":\"https:\/\/schema.org\",\"@graph\":[{\"@type\":\"WebSite\",\"@id\":\"https:\/\/comerciallin.com\/#website\",\"url\":\"https:\/\/comerciallin.com\/\",\"name\":\"tienda de electr\\u00f3nica y computaci\\u00f3n\",\"description\":\"Importadora de Electr\\u00f3nica y Computaci\\u00f3n\",\"potentialAction\":[{\"@type\":\"SearchAction\",\"target\":{\"@type\":\"EntryPoint\",\"urlTemplate\":\"https:\/\/comerciallin.com\/?s={search_term_string}\"},\"query-input\":\"required name=search_term_string\"}],\"inLanguage\":\"es\"},{\"@type\":\"ImageObject\",\"@id\":\"https:\/\/comerciallin.com\/index.php\/producto\/bateria-comp-hp-tf03xl\/#primaryimage\",\"inLanguage\":\"es\",\"url\":\"https:\/\/i0.wp.com\/comerciallin.com\/wp-content\/uploads\/2023\/02\/537030120806.jpg?fit=%2C&ssl=1\",\"contentUrl\":\"https:\/\/i0.wp.com\/comerciallin.com\/wp-content\/uploads\/2023\/02\/537030120806.jpg?fit=%2C&ssl=1\",\"caption\":\"BATERIA COMP HP TF03XL\"},{\"@type\":\"WebPage\",\"@id\":\"https:\/\/comerciallin.com\/index.php\/producto\/bateria-comp-hp-tf03xl\/#webpage\",\"url\":\"https:\/\/comerciallin.com\/index.php\/producto\/bateria-comp-hp-tf03xl\/\",\"name\":\"BATERIA COMP HP TF03XL - tienda de electr\\u00f3nica y computaci\\u00f3n\",\"isPartOf\":{\"@id\":\"https:\/\/comerciallin.com\/#website\"},\"primaryImageOfPage\":{\"@id\":\"https:\/\/comerciallin.com\/index.php\/producto\/bateria-comp-hp-tf03xl\/#primaryimage\"},\"datePublished\":\"2022-11-07T18:28:17+00:00\",\"dateModified\":\"2025-01-14T18:54:36+00:00\",\"breadcrumb\":{\"@id\":\"https:\/\/comerciallin.com\/index.php\/producto\/bateria-comp-hp-tf03xl\/#breadcrumb\"},\"inLanguage\":\"es\",\"potentialAction\":[{\"@type\":\"ReadAction\",\"target\":[\"https:\/\/comerciallin.com\/index.php\/producto\/bateria-comp-hp-tf03xl\/\"]}]},{\"@type\":\"BreadcrumbList\",\"@id\":\"https:\/\/comerciallin.com\/index.php\/producto\/bateria-comp-hp-tf03xl\/#breadcrumb\",\"itemListElement\":[{\"@type\":\"ListItem\",\"position\":1,\"name\":\"Inicio\",\"item\":\"https:\/\/comerciallin.com\/\"},{\"@type\":\"ListItem\",\"position\":2,\"name\":\"Shop\",\"item\":\"https:\/\/comerciallin.com\/?page_id=3853\"},{\"@type\":\"ListItem\",\"position\":3,\"name\":\"BATERIA COMP HP TF03XL\"}]}]}<\/script>\n<meta property=\"product:price:amount\" content=\"64.40\" \/>\n<meta property=\"product:price:currency\" content=\"USD\" \/>\n<meta property=\"og:availability\" content=\"instock\" \/>\n<meta property=\"product:availability\" content=\"instock\" \/>\n<meta property=\"product:retailer_item_id\" content=\"537030120806\" \/>\n<meta property=\"product:condition\" content=\"new\" \/>\n<!-- \/ Yoast SEO Premium plugin. -->","yoast_head_json":{"title":"BATERIA COMP HP TF03XL - tienda de electr\u00f3nica y computaci\u00f3n","robots":{"index":"index","follow":"follow","max-snippet":"max-snippet:-1","max-image-preview":"max-image-preview:large","max-video-preview":"max-video-preview:-1"},"canonical":"https:\/\/comerciallin.com\/index.php\/producto\/bateria-comp-hp-tf03xl\/","og_locale":"es_ES","og_type":"article","og_title":"BATERIA COMP HP TF03XL","og_description":"Composici&oacute;n de las celdas de la bater&iacute;a Litio Ion   Voltaje 11.55 Voltios   Reutilizaci&oacute;n Rechargeable   Peso de la bater&iacute;a 255 Gramos","og_url":"https:\/\/comerciallin.com\/index.php\/producto\/bateria-comp-hp-tf03xl\/","og_site_name":"tienda de electr\u00f3nica y computaci\u00f3n","article_modified_time":"2025-01-14T18:54:36+00:00","twitter_card":"summary_large_image","twitter_image":"https:\/\/i0.wp.com\/comerciallin.com\/wp-content\/uploads\/2023\/02\/537030120806.jpg?fit=%2C&ssl=1","twitter_misc":{"Precio":"&#36;64,40","Availability":"In stock"},"schema":{"@context":"https:\/\/schema.org","@graph":[{"@type":"WebSite","@id":"https:\/\/comerciallin.com\/#website","url":"https:\/\/comerciallin.com\/","name":"tienda de electr\u00f3nica y computaci\u00f3n","description":"Importadora de Electr\u00f3nica y Computaci\u00f3n","potentialAction":[{"@type":"SearchAction","target":{"@type":"EntryPoint","urlTemplate":"https:\/\/comerciallin.com\/?s={search_term_string}"},"query-input":"required name=search_term_string"}],"inLanguage":"es"},{"@type":"ImageObject","@id":"https:\/\/comerciallin.com\/index.php\/producto\/bateria-comp-hp-tf03xl\/#primaryimage","inLanguage":"es","url":"https:\/\/i0.wp.com\/comerciallin.com\/wp-content\/uploads\/2023\/02\/537030120806.jpg?fit=%2C&ssl=1","contentUrl":"https:\/\/i0.wp.com\/comerciallin.com\/wp-content\/uploads\/2023\/02\/537030120806.jpg?fit=%2C&ssl=1","caption":"BATERIA COMP HP TF03XL"},{"@type":"WebPage","@id":"https:\/\/comerciallin.com\/index.php\/producto\/bateria-comp-hp-tf03xl\/#webpage","url":"https:\/\/comerciallin.com\/index.php\/producto\/bateria-comp-hp-tf03xl\/","name":"BATERIA COMP HP TF03XL - tienda de electr\u00f3nica y computaci\u00f3n","isPartOf":{"@id":"https:\/\/comerciallin.com\/#website"},"primaryImageOfPage":{"@id":"https:\/\/comerciallin.com\/index.php\/producto\/bateria-comp-hp-tf03xl\/#primaryimage"},"datePublished":"2022-11-07T18:28:17+00:00","dateModified":"2025-01-14T18:54:36+00:00","breadcrumb":{"@id":"https:\/\/comerciallin.com\/index.php\/producto\/bateria-comp-hp-tf03xl\/#breadcrumb"},"inLanguage":"es","potentialAction":[{"@type":"ReadAction","target":["https:\/\/comerciallin.com\/index.php\/producto\/bateria-comp-hp-tf03xl\/"]}]},{"@type":"BreadcrumbList","@id":"https:\/\/comerciallin.com\/index.php\/producto\/bateria-comp-hp-tf03xl\/#breadcrumb","itemListElement":[{"@type":"ListItem","position":1,"name":"Inicio","item":"https:\/\/comerciallin.com\/"},{"@type":"ListItem","position":2,"name":"Shop","item":"https:\/\/comerciallin.com\/?page_id=3853"},{"@type":"ListItem","position":3,"name":"BATERIA COMP HP TF03XL"}]}]},"product_price_amount":"64.40","product_price_currency":"USD","og_availability":"instock","product_availability":"instock","product_retailer_item_id":"537030120806","product_condition":"new"},"jetpack-related-posts":[{"id":19044,"url":"https:\/\/comerciallin.com\/index.php\/producto\/bateria-comp-hp-oa03-oa04-hstnn-lb5y-hstnn-l5\/","url_meta":{"origin":19269,"position":0},"title":"BATERIA COMP HP OA03\/OA04\/HSTNN-LB5Y\/HSTNN-L5","date":"7 de noviembre de 2022","format":false,"excerpt":"Tipo de bater\u00eda: Li-ion Capacidad: 2200\u00a0mAh Celdas: 4\u00a0celdas Voltaje: 14.8\u00a0V.","rel":"","context":"Entrada similar","img":{"alt_text":"","src":"","width":0,"height":0},"classes":[]},{"id":19124,"url":"https:\/\/comerciallin.com\/index.php\/producto\/bateria-comp-hp-hy04-hstnn-ib4u-hstnn-yb4u-t0\/","url_meta":{"origin":19269,"position":1},"title":"BATERIA COMP HP HY04\/HSTNN-IB4U\/HSTNN-YB4U\/T0","date":"7 de noviembre de 2022","format":false,"excerpt":"Voltaje 14.8 Voltios Peso de la Bater\u00eda 274 Gramos Compatible Devices Laptop","rel":"","context":"Entrada similar","img":{"alt_text":"","src":"","width":0,"height":0},"classes":[]},{"id":19643,"url":"https:\/\/comerciallin.com\/index.php\/producto\/bateria-p-lapto-hp-pi06-pi09-hstnn-lb4n-hstn\/","url_meta":{"origin":19269,"position":2},"title":"BATERIA P. LAPTO HP PI06\/PI09\/HSTNN-LB4N\/HSTN","date":"7 de noviembre de 2022","format":false,"excerpt":"6 celdas para port\u00e1til HP PI06 P106 710417-001 710416-001 \u2021LB4N Envy Pavilion TouchSmart 14 15 17","rel":"","context":"Entrada similar","img":{"alt_text":"","src":"","width":0,"height":0},"classes":[]},{"id":19589,"url":"https:\/\/comerciallin.com\/index.php\/producto\/teclado-p-lapto-comp-hp-15-da-15-db-15-cx-1w\/","url_meta":{"origin":19269,"position":3},"title":"TECLADO P. LAPTO COMP HP 15-DA\/15-DB\/15-CX\/1W","date":"7 de noviembre de 2022","format":false,"excerpt":"Teclado de repuesto compatible con HP 250 G7 255 G7 15-DA 15-DB 15-DK 15-DR 15-DW 15-DU 15S-DU 15-DY 15s-DY 15s-EQ 15-EF 15s-FQ 15-GW 17-CA.","rel":"","context":"Entrada similar","img":{"alt_text":"","src":"","width":0,"height":0},"classes":[]},{"id":22513,"url":"https:\/\/comerciallin.com\/index.php\/producto\/teclado-p-lapto-comp-hp-15-ac-15-db\/","url_meta":{"origin":19269,"position":4},"title":"TECLADO P. LAPTO COMP HP 15-AC 15-DB","date":"19 de abril de 2023","format":false,"excerpt":"El teclado HP 15-AC 15-AY 15-AF 250 G4 es un teclado de repuesto compatible con los modelos de port\u00e1tiles HP 15-AC, 15-AY, 15-AF y 250 G4. Es de color negro y tiene un dise\u00f1o est\u00e1ndar con todas las teclas y funciones necesarias para escribir c\u00f3modamente.","rel":"","context":"Entrada similar","img":{"alt_text":"TECLADO P. LAPTO COMP HP 15-AC 15-DB","src":"https:\/\/i0.wp.com\/comerciallin.com\/wp-content\/uploads\/2023\/11\/577030130203.jpg?fit=1200%2C1200&ssl=1&resize=350%2C200","width":350,"height":200},"classes":[]},{"id":19287,"url":"https:\/\/comerciallin.com\/index.php\/producto\/bateria-comp-dell-trhff-15-5000-15-5547-14-5d\/","url_meta":{"origin":19269,"position":5},"title":"BATERIA COMP DELL TRHFF\/15-5000\/15-5547\/14-5D","date":"7 de noviembre de 2022","format":false,"excerpt":"Pilas 1 Iones de litio necesaria(s), incluida(s) Marca ECHEER Voltaje 11.1 Voltios Peso de la Bater\u00eda 12 Onzas Compatible Devices Laptop, Notebook","rel":"","context":"Entrada similar","img":{"alt_text":"","src":"","width":0,"height":0},"classes":[]}],"jetpack_sharing_enabled":true,"jetpack_likes_enabled":true,"_links":{"self":[{"href":"https:\/\/comerciallin.com\/index.php\/wp-json\/wp\/v2\/product\/19269"}],"collection":[{"href":"https:\/\/comerciallin.com\/index.php\/wp-json\/wp\/v2\/product"}],"about":[{"href":"https:\/\/comerciallin.com\/index.php\/wp-json\/wp\/v2\/types\/product"}],"replies":[{"embeddable":true,"href":"https:\/\/comerciallin.com\/index.php\/wp-json\/wp\/v2\/comments?post=19269"}],"wp:featuredmedia":[{"embeddable":true,"href":"https:\/\/comerciallin.com\/index.php\/wp-json\/wp\/v2\/media\/21667"}],"wp:attachment":[{"href":"https:\/\/comerciallin.com\/index.php\/wp-json\/wp\/v2\/media?parent=19269"}],"wp:term":[{"taxonomy":"product_cat","embeddable":true,"href":"https:\/\/comerciallin.com\/index.php\/wp-json\/wp\/v2\/product_cat?post=19269"},{"taxonomy":"product_tag","embeddable":true,"href":"https:\/\/comerciallin.com\/index.php\/wp-json\/wp\/v2\/product_tag?post=19269"}],"curies":[{"name":"wp","href":"https:\/\/api.w.org\/{rel}","templated":true}]}}