{"id":19261,"date":"2022-11-07T13:28:16","date_gmt":"2022-11-07T18:28:16","guid":{"rendered":"https:\/\/comerciallin.com\/index.php\/producto\/bateria-comp-lenovo-l15l3pb1\/"},"modified":"2025-01-14T13:54:39","modified_gmt":"2025-01-14T18:54:39","slug":"bateria-comp-lenovo-l15l3pb1","status":"publish","type":"product","link":"https:\/\/comerciallin.com\/index.php\/producto\/bateria-comp-lenovo-l15l3pb1\/","title":{"rendered":"BATERIA COMP LENOVO L15L3PB1"},"content":{"rendered":"<p><strong>Tipo de bater&iacute;a:<\/strong> iones de litio.<br \/><strong>Voltaje:<\/strong> 11,1 V.<br \/><strong>Capacidad:<\/strong> 45 Wh, 4050 mAh.<br \/>N&uacute;mero de pieza compatible: L15M3PB1 5B10K88047 5B10K88048 L15L3PB1 5B10K88049 SB18C15129 SB18C15130 SB18C15131. Repuesto para port&aacute;til: Lenovo Chromebook S330 C330 N22 N22-20 N23 N42 N42-20 300E Chromebook, Flex 11 Chromebook Ideapad Flex 3 CB-11M735 Series Notebook.<\/p>\n","protected":false},"excerpt":{"rendered":"<table>\n<tbody>\n<tr>\n<td>Composici&oacute;n de las celdas de la bater&iacute;a<\/td>\n<td>Litio Ion<\/td>\n<\/tr>\n<tr>\n<td>Usos Recomendados Para Producto<\/td>\n<td>Laptop<\/td>\n<\/tr>\n<tr>\n<td>Recuento de unidades<\/td>\n<td>1 Count<\/td>\n<\/tr>\n<tr>\n<td>Voltaje<\/td>\n<td>11.1 Voltios<\/td>\n<\/tr>\n<\/tbody>\n<\/table>\n","protected":false},"featured_media":21676,"comment_status":"open","ping_status":"closed","template":"","meta":{"spay_email":""},"product_cat":[795],"product_tag":[],"supplier_id":null,"supplier_sku":"","barcode":null,"atum_controlled":true,"out_stock_date":null,"out_stock_threshold":null,"inheritable":false,"inbound_stock":null,"stock_on_hold":0,"sold_today":0,"sales_last_days":0,"reserved_stock":null,"customer_returns":null,"warehouse_damage":null,"lost_in_post":null,"other_logs":null,"out_stock_days":0,"lost_sales":0,"has_location":null,"update_date":"2026-04-30T00:11:42","atum_locations":[],"atum_stock_status":"instock","restock_status":false,"low_stock_amount":"","sales_update_date":"2026-04-30T00:11:42","calc_backorders":null,"acf":[],"yoast_head":"<!-- This site is optimized with the Yoast SEO Premium plugin v17.4 (Yoast SEO v17.4) - https:\/\/yoast.com\/wordpress\/plugins\/seo\/ -->\n<title>BATERIA COMP LENOVO L15L3PB1 - tienda de electr\u00f3nica y computaci\u00f3n<\/title>\n<meta name=\"robots\" content=\"index, follow, max-snippet:-1, max-image-preview:large, max-video-preview:-1\" \/>\n<link rel=\"canonical\" href=\"https:\/\/comerciallin.com\/index.php\/producto\/bateria-comp-lenovo-l15l3pb1\/\" \/>\n<meta property=\"og:locale\" content=\"es_ES\" \/>\n<meta property=\"og:type\" content=\"article\" \/>\n<meta property=\"og:title\" content=\"BATERIA COMP LENOVO L15L3PB1\" \/>\n<meta property=\"og:description\" content=\"Composici&oacute;n de las celdas de la bater&iacute;a Litio Ion   Usos Recomendados Para Producto Laptop   Recuento de unidades 1 Count   Voltaje 11.1 Voltios\" \/>\n<meta property=\"og:url\" content=\"https:\/\/comerciallin.com\/index.php\/producto\/bateria-comp-lenovo-l15l3pb1\/\" \/>\n<meta property=\"og:site_name\" content=\"tienda de electr\u00f3nica y computaci\u00f3n\" \/>\n<meta property=\"article:modified_time\" content=\"2025-01-14T18:54:39+00:00\" \/>\n<meta name=\"twitter:card\" content=\"summary_large_image\" \/>\n<meta name=\"twitter:image\" content=\"https:\/\/i0.wp.com\/comerciallin.com\/wp-content\/uploads\/2023\/02\/537030120809.jpg?fit=%2C&amp;ssl=1\" \/>\n<meta name=\"twitter:label1\" content=\"Precio\" \/>\n\t<meta name=\"twitter:data1\" content=\"&#36;69,00\" \/>\n\t<meta name=\"twitter:label2\" content=\"Availability\" \/>\n\t<meta name=\"twitter:data2\" content=\"In stock\" \/>\n<script type=\"application\/ld+json\" class=\"yoast-schema-graph\">{\"@context\":\"https:\/\/schema.org\",\"@graph\":[{\"@type\":\"WebSite\",\"@id\":\"https:\/\/comerciallin.com\/#website\",\"url\":\"https:\/\/comerciallin.com\/\",\"name\":\"tienda de electr\\u00f3nica y computaci\\u00f3n\",\"description\":\"Importadora de Electr\\u00f3nica y Computaci\\u00f3n\",\"potentialAction\":[{\"@type\":\"SearchAction\",\"target\":{\"@type\":\"EntryPoint\",\"urlTemplate\":\"https:\/\/comerciallin.com\/?s={search_term_string}\"},\"query-input\":\"required name=search_term_string\"}],\"inLanguage\":\"es\"},{\"@type\":\"ImageObject\",\"@id\":\"https:\/\/comerciallin.com\/index.php\/producto\/bateria-comp-lenovo-l15l3pb1\/#primaryimage\",\"inLanguage\":\"es\",\"url\":\"https:\/\/i0.wp.com\/comerciallin.com\/wp-content\/uploads\/2023\/02\/537030120809.jpg?fit=%2C&ssl=1\",\"contentUrl\":\"https:\/\/i0.wp.com\/comerciallin.com\/wp-content\/uploads\/2023\/02\/537030120809.jpg?fit=%2C&ssl=1\",\"caption\":\"BATERIA COMP LENOVO L15L3PB1\"},{\"@type\":\"WebPage\",\"@id\":\"https:\/\/comerciallin.com\/index.php\/producto\/bateria-comp-lenovo-l15l3pb1\/#webpage\",\"url\":\"https:\/\/comerciallin.com\/index.php\/producto\/bateria-comp-lenovo-l15l3pb1\/\",\"name\":\"BATERIA COMP LENOVO L15L3PB1 - tienda de electr\\u00f3nica y computaci\\u00f3n\",\"isPartOf\":{\"@id\":\"https:\/\/comerciallin.com\/#website\"},\"primaryImageOfPage\":{\"@id\":\"https:\/\/comerciallin.com\/index.php\/producto\/bateria-comp-lenovo-l15l3pb1\/#primaryimage\"},\"datePublished\":\"2022-11-07T18:28:16+00:00\",\"dateModified\":\"2025-01-14T18:54:39+00:00\",\"breadcrumb\":{\"@id\":\"https:\/\/comerciallin.com\/index.php\/producto\/bateria-comp-lenovo-l15l3pb1\/#breadcrumb\"},\"inLanguage\":\"es\",\"potentialAction\":[{\"@type\":\"ReadAction\",\"target\":[\"https:\/\/comerciallin.com\/index.php\/producto\/bateria-comp-lenovo-l15l3pb1\/\"]}]},{\"@type\":\"BreadcrumbList\",\"@id\":\"https:\/\/comerciallin.com\/index.php\/producto\/bateria-comp-lenovo-l15l3pb1\/#breadcrumb\",\"itemListElement\":[{\"@type\":\"ListItem\",\"position\":1,\"name\":\"Inicio\",\"item\":\"https:\/\/comerciallin.com\/\"},{\"@type\":\"ListItem\",\"position\":2,\"name\":\"Shop\",\"item\":\"https:\/\/comerciallin.com\/?page_id=3853\"},{\"@type\":\"ListItem\",\"position\":3,\"name\":\"BATERIA COMP LENOVO L15L3PB1\"}]}]}<\/script>\n<meta property=\"product:price:amount\" content=\"69.00\" \/>\n<meta property=\"product:price:currency\" content=\"USD\" \/>\n<meta property=\"og:availability\" content=\"instock\" \/>\n<meta property=\"product:availability\" content=\"instock\" \/>\n<meta property=\"product:retailer_item_id\" content=\"537030120809\" \/>\n<meta property=\"product:condition\" content=\"new\" \/>\n<!-- \/ Yoast SEO Premium plugin. -->","yoast_head_json":{"title":"BATERIA COMP LENOVO L15L3PB1 - tienda de electr\u00f3nica y computaci\u00f3n","robots":{"index":"index","follow":"follow","max-snippet":"max-snippet:-1","max-image-preview":"max-image-preview:large","max-video-preview":"max-video-preview:-1"},"canonical":"https:\/\/comerciallin.com\/index.php\/producto\/bateria-comp-lenovo-l15l3pb1\/","og_locale":"es_ES","og_type":"article","og_title":"BATERIA COMP LENOVO L15L3PB1","og_description":"Composici&oacute;n de las celdas de la bater&iacute;a Litio Ion   Usos Recomendados Para Producto Laptop   Recuento de unidades 1 Count   Voltaje 11.1 Voltios","og_url":"https:\/\/comerciallin.com\/index.php\/producto\/bateria-comp-lenovo-l15l3pb1\/","og_site_name":"tienda de electr\u00f3nica y computaci\u00f3n","article_modified_time":"2025-01-14T18:54:39+00:00","twitter_card":"summary_large_image","twitter_image":"https:\/\/i0.wp.com\/comerciallin.com\/wp-content\/uploads\/2023\/02\/537030120809.jpg?fit=%2C&ssl=1","twitter_misc":{"Precio":"&#36;69,00","Availability":"In stock"},"schema":{"@context":"https:\/\/schema.org","@graph":[{"@type":"WebSite","@id":"https:\/\/comerciallin.com\/#website","url":"https:\/\/comerciallin.com\/","name":"tienda de electr\u00f3nica y computaci\u00f3n","description":"Importadora de Electr\u00f3nica y Computaci\u00f3n","potentialAction":[{"@type":"SearchAction","target":{"@type":"EntryPoint","urlTemplate":"https:\/\/comerciallin.com\/?s={search_term_string}"},"query-input":"required name=search_term_string"}],"inLanguage":"es"},{"@type":"ImageObject","@id":"https:\/\/comerciallin.com\/index.php\/producto\/bateria-comp-lenovo-l15l3pb1\/#primaryimage","inLanguage":"es","url":"https:\/\/i0.wp.com\/comerciallin.com\/wp-content\/uploads\/2023\/02\/537030120809.jpg?fit=%2C&ssl=1","contentUrl":"https:\/\/i0.wp.com\/comerciallin.com\/wp-content\/uploads\/2023\/02\/537030120809.jpg?fit=%2C&ssl=1","caption":"BATERIA COMP LENOVO L15L3PB1"},{"@type":"WebPage","@id":"https:\/\/comerciallin.com\/index.php\/producto\/bateria-comp-lenovo-l15l3pb1\/#webpage","url":"https:\/\/comerciallin.com\/index.php\/producto\/bateria-comp-lenovo-l15l3pb1\/","name":"BATERIA COMP LENOVO L15L3PB1 - tienda de electr\u00f3nica y computaci\u00f3n","isPartOf":{"@id":"https:\/\/comerciallin.com\/#website"},"primaryImageOfPage":{"@id":"https:\/\/comerciallin.com\/index.php\/producto\/bateria-comp-lenovo-l15l3pb1\/#primaryimage"},"datePublished":"2022-11-07T18:28:16+00:00","dateModified":"2025-01-14T18:54:39+00:00","breadcrumb":{"@id":"https:\/\/comerciallin.com\/index.php\/producto\/bateria-comp-lenovo-l15l3pb1\/#breadcrumb"},"inLanguage":"es","potentialAction":[{"@type":"ReadAction","target":["https:\/\/comerciallin.com\/index.php\/producto\/bateria-comp-lenovo-l15l3pb1\/"]}]},{"@type":"BreadcrumbList","@id":"https:\/\/comerciallin.com\/index.php\/producto\/bateria-comp-lenovo-l15l3pb1\/#breadcrumb","itemListElement":[{"@type":"ListItem","position":1,"name":"Inicio","item":"https:\/\/comerciallin.com\/"},{"@type":"ListItem","position":2,"name":"Shop","item":"https:\/\/comerciallin.com\/?page_id=3853"},{"@type":"ListItem","position":3,"name":"BATERIA COMP LENOVO L15L3PB1"}]}]},"product_price_amount":"69.00","product_price_currency":"USD","og_availability":"instock","product_availability":"instock","product_retailer_item_id":"537030120809","product_condition":"new"},"jetpack-related-posts":[{"id":19265,"url":"https:\/\/comerciallin.com\/index.php\/producto\/bateria-comp-lenovo-l18c3pf6-l18m3pf6\/","url_meta":{"origin":19261,"position":0},"title":"BATERIA COMP LENOVO L18C3PF6\/L18M3PF6","date":"7 de noviembre de 2022","format":false,"excerpt":"Recuento de unidades 1 Count Voltaje 11.25 Voltios Reutilizaci\u00f3n Rechargeable","rel":"","context":"Entrada similar","img":{"alt_text":"","src":"","width":0,"height":0},"classes":[]},{"id":19072,"url":"https:\/\/comerciallin.com\/index.php\/producto\/bateria-comp-acer-ac14b8k-e3-111-v3-111-v3-11\/","url_meta":{"origin":19261,"position":1},"title":"BATERIA COMP ACER AC14B8K\/E3-111\/V3-111\/V3-11","date":"7 de noviembre de 2022","format":false,"excerpt":"Cantidad de bater\u00edas 1 Iones de litio necesaria(s), incluida(s) Marca TREE.NB Composici\u00f3n de las celdas de la bater\u00eda Litio Ion Voltaje 15.21 Voltios Reutilizaci\u00f3n Rechargeable Peso de la bater\u00eda 200 Gramos","rel":"","context":"Entrada similar","img":{"alt_text":"BATERIA COMP ACER AC14B8K\/E3-111\/V3-111\/V3-11","src":"https:\/\/i0.wp.com\/comerciallin.com\/wp-content\/uploads\/2023\/02\/537030110503.jpg?fit=992%2C744&ssl=1&resize=350%2C200","width":350,"height":200},"classes":[]},{"id":22505,"url":"https:\/\/comerciallin.com\/index.php\/producto\/bateria-comp-lenovo-l15l4a02\/","url_meta":{"origin":19261,"position":2},"title":"BATERIA COMP LENOVO L15L4A02","date":"19 de abril de 2023","format":false,"excerpt":"Voltaje: 14,4 V\/14,8 V Capacidad: 2200 mAh\/32 Wh Electr\u00f3nica de control moderna C\u00e9lulas de poli\u00f3n de iones de litio de alta calidad","rel":"","context":"Entrada similar","img":{"alt_text":"","src":"","width":0,"height":0},"classes":[]},{"id":18686,"url":"https:\/\/comerciallin.com\/index.php\/producto\/bateria-comp-lenovo-x220-x220i-0a36281-0a31\/","url_meta":{"origin":19261,"position":3},"title":"BATERIA COMP LENOVO X220 X220I\/ 0A36281\/ 0A31","date":"7 de noviembre de 2022","format":false,"excerpt":"Compatible Devices Laptop Battery Capacity 4000 Milliamp Hours Battery Cell Composition Lithium Ion Manufacturer Techie","rel":"","context":"Entrada similar","img":{"alt_text":"","src":"","width":0,"height":0},"classes":[]},{"id":19259,"url":"https:\/\/comerciallin.com\/index.php\/producto\/bateria-comp-lenovo-r60-r60e-r60i-r61-r61\/","url_meta":{"origin":19261,"position":4},"title":"BATERIA COMP LENOVO R60\/ R60E \/R60I \/R61 \/R61","date":"7 de noviembre de 2022","format":false,"excerpt":"Voltaje 10.8 Voltios Compatible Devices Laptop Tipo de celda de bater\u00eda Litio Ion Capacidad 5200 Miliamperios Hora (mAh)","rel":"","context":"Entrada similar","img":{"alt_text":"","src":"","width":0,"height":0},"classes":[]},{"id":19108,"url":"https:\/\/comerciallin.com\/index.php\/producto\/bateria-comp-lenovo-s10-2-l09s6y11-l09c3b11-6\/","url_meta":{"origin":19261,"position":5},"title":"BATERIA COMP LENOVO S10-2\/L09S6Y11\/L09C3B11\/6","date":"7 de noviembre de 2022","format":false,"excerpt":"Capacidad: 5200 mAh. Tipo: iones de litio. Voltaje: 11,1 V. Dimensiones: 7.972 x 1.575 x 1.614\u00a0in.","rel":"","context":"Entrada similar","img":{"alt_text":"","src":"","width":0,"height":0},"classes":[]}],"jetpack_sharing_enabled":true,"jetpack_likes_enabled":true,"_links":{"self":[{"href":"https:\/\/comerciallin.com\/index.php\/wp-json\/wp\/v2\/product\/19261"}],"collection":[{"href":"https:\/\/comerciallin.com\/index.php\/wp-json\/wp\/v2\/product"}],"about":[{"href":"https:\/\/comerciallin.com\/index.php\/wp-json\/wp\/v2\/types\/product"}],"replies":[{"embeddable":true,"href":"https:\/\/comerciallin.com\/index.php\/wp-json\/wp\/v2\/comments?post=19261"}],"wp:featuredmedia":[{"embeddable":true,"href":"https:\/\/comerciallin.com\/index.php\/wp-json\/wp\/v2\/media\/21676"}],"wp:attachment":[{"href":"https:\/\/comerciallin.com\/index.php\/wp-json\/wp\/v2\/media?parent=19261"}],"wp:term":[{"taxonomy":"product_cat","embeddable":true,"href":"https:\/\/comerciallin.com\/index.php\/wp-json\/wp\/v2\/product_cat?post=19261"},{"taxonomy":"product_tag","embeddable":true,"href":"https:\/\/comerciallin.com\/index.php\/wp-json\/wp\/v2\/product_tag?post=19261"}],"curies":[{"name":"wp","href":"https:\/\/api.w.org\/{rel}","templated":true}]}}