{"id":19259,"date":"2022-11-07T13:28:15","date_gmt":"2022-11-07T18:28:15","guid":{"rendered":"https:\/\/comerciallin.com\/index.php\/producto\/bateria-comp-lenovo-r60-r60e-r60i-r61-r61\/"},"modified":"2025-01-14T13:54:39","modified_gmt":"2025-01-14T18:54:39","slug":"bateria-comp-lenovo-r60-r60e-r60i-r61-r61","status":"publish","type":"product","link":"https:\/\/comerciallin.com\/index.php\/producto\/bateria-comp-lenovo-r60-r60e-r60i-r61-r61\/","title":{"rendered":"BATERIA COMP LENOVO R60\/ R60E \/R60I \/R61 \/R61"},"content":{"rendered":"<p>Bater\u00eda para port\u00e1til IBM Thinkpad R60 R61 R61E R61I T60 T60P T61 T61P T500 W500 Z60 M Z61 M Z61P Z60 Z61E SL500 SL400 SL300 p\/n de: 40Y6795 92P1141 92P1141 92P1137 (solo para port\u00e1tiles de 14.1&#8243; &#038; 15.0&#8243; est\u00e1ndar 15.4&#8243; y pantallas de visualizaci\u00f3n ancha, voltaje de la bater\u00eda 11,1 V, pero es compatible con 10.8 V)<\/p>\n","protected":false},"excerpt":{"rendered":"<div>\n<div>\n<table>\n<tbody>\n<tr>\n<td>Voltaje<\/td>\n<td>10.8 Voltios<\/td>\n<\/tr>\n<tr>\n<td>Compatible Devices<\/td>\n<td>Laptop<\/td>\n<\/tr>\n<tr>\n<td>Tipo de celda de bater&iacute;a<\/td>\n<td>Litio Ion<\/td>\n<\/tr>\n<tr>\n<td>Capacidad<\/td>\n<td>5200 Miliamperios Hora (mAh)<\/td>\n<\/tr>\n<\/tbody>\n<\/table><\/div>\n<\/p><\/div>\n","protected":false},"featured_media":21681,"comment_status":"open","ping_status":"closed","template":"","meta":{"spay_email":""},"product_cat":[795],"product_tag":[],"supplier_id":null,"supplier_sku":"","barcode":null,"atum_controlled":true,"out_stock_date":null,"out_stock_threshold":null,"inheritable":false,"inbound_stock":null,"stock_on_hold":0,"sold_today":0,"sales_last_days":0,"reserved_stock":null,"customer_returns":null,"warehouse_damage":null,"lost_in_post":null,"other_logs":null,"out_stock_days":0,"lost_sales":0,"has_location":null,"update_date":"2026-05-07T00:17:24","atum_locations":[],"atum_stock_status":"instock","restock_status":false,"low_stock_amount":"","sales_update_date":"2026-05-07T00:17:24","calc_backorders":null,"acf":[],"yoast_head":"<!-- This site is optimized with the Yoast SEO Premium plugin v17.4 (Yoast SEO v17.4) - https:\/\/yoast.com\/wordpress\/plugins\/seo\/ -->\n<title>BATERIA COMP LENOVO R60\/ R60E \/R60I \/R61 \/R61 - tienda de electr\u00f3nica y computaci\u00f3n<\/title>\n<meta name=\"robots\" content=\"index, follow, max-snippet:-1, max-image-preview:large, max-video-preview:-1\" \/>\n<link rel=\"canonical\" href=\"https:\/\/comerciallin.com\/index.php\/producto\/bateria-comp-lenovo-r60-r60e-r60i-r61-r61\/\" \/>\n<meta property=\"og:locale\" content=\"es_ES\" \/>\n<meta property=\"og:type\" content=\"article\" \/>\n<meta property=\"og:title\" content=\"BATERIA COMP LENOVO R60\/ R60E \/R60I \/R61 \/R61\" \/>\n<meta property=\"og:description\" content=\"Voltaje 10.8 Voltios   Compatible Devices Laptop   Tipo de celda de bater&iacute;a Litio Ion   Capacidad 5200 Miliamperios Hora (mAh)\" \/>\n<meta property=\"og:url\" content=\"https:\/\/comerciallin.com\/index.php\/producto\/bateria-comp-lenovo-r60-r60e-r60i-r61-r61\/\" \/>\n<meta property=\"og:site_name\" content=\"tienda de electr\u00f3nica y computaci\u00f3n\" \/>\n<meta property=\"article:modified_time\" content=\"2025-01-14T18:54:39+00:00\" \/>\n<meta name=\"twitter:card\" content=\"summary_large_image\" \/>\n<meta name=\"twitter:image\" content=\"https:\/\/i0.wp.com\/comerciallin.com\/wp-content\/uploads\/2023\/02\/537030180807.jpg?fit=%2C&amp;ssl=1\" \/>\n<meta name=\"twitter:label1\" content=\"Precio\" \/>\n\t<meta name=\"twitter:data1\" content=\"&#36;43,70\" \/>\n\t<meta name=\"twitter:label2\" content=\"Availability\" \/>\n\t<meta name=\"twitter:data2\" content=\"In stock\" \/>\n<script type=\"application\/ld+json\" class=\"yoast-schema-graph\">{\"@context\":\"https:\/\/schema.org\",\"@graph\":[{\"@type\":\"WebSite\",\"@id\":\"https:\/\/comerciallin.com\/#website\",\"url\":\"https:\/\/comerciallin.com\/\",\"name\":\"tienda de electr\\u00f3nica y computaci\\u00f3n\",\"description\":\"Importadora de Electr\\u00f3nica y Computaci\\u00f3n\",\"potentialAction\":[{\"@type\":\"SearchAction\",\"target\":{\"@type\":\"EntryPoint\",\"urlTemplate\":\"https:\/\/comerciallin.com\/?s={search_term_string}\"},\"query-input\":\"required name=search_term_string\"}],\"inLanguage\":\"es\"},{\"@type\":\"ImageObject\",\"@id\":\"https:\/\/comerciallin.com\/index.php\/producto\/bateria-comp-lenovo-r60-r60e-r60i-r61-r61\/#primaryimage\",\"inLanguage\":\"es\",\"url\":\"https:\/\/i0.wp.com\/comerciallin.com\/wp-content\/uploads\/2023\/02\/537030180807.jpg?fit=%2C&ssl=1\",\"contentUrl\":\"https:\/\/i0.wp.com\/comerciallin.com\/wp-content\/uploads\/2023\/02\/537030180807.jpg?fit=%2C&ssl=1\",\"caption\":\"BATERIA COMP LENOVO R60\/ R60E \/R60I \/R61 \/R61\"},{\"@type\":\"WebPage\",\"@id\":\"https:\/\/comerciallin.com\/index.php\/producto\/bateria-comp-lenovo-r60-r60e-r60i-r61-r61\/#webpage\",\"url\":\"https:\/\/comerciallin.com\/index.php\/producto\/bateria-comp-lenovo-r60-r60e-r60i-r61-r61\/\",\"name\":\"BATERIA COMP LENOVO R60\/ R60E \/R60I \/R61 \/R61 - tienda de electr\\u00f3nica y computaci\\u00f3n\",\"isPartOf\":{\"@id\":\"https:\/\/comerciallin.com\/#website\"},\"primaryImageOfPage\":{\"@id\":\"https:\/\/comerciallin.com\/index.php\/producto\/bateria-comp-lenovo-r60-r60e-r60i-r61-r61\/#primaryimage\"},\"datePublished\":\"2022-11-07T18:28:15+00:00\",\"dateModified\":\"2025-01-14T18:54:39+00:00\",\"breadcrumb\":{\"@id\":\"https:\/\/comerciallin.com\/index.php\/producto\/bateria-comp-lenovo-r60-r60e-r60i-r61-r61\/#breadcrumb\"},\"inLanguage\":\"es\",\"potentialAction\":[{\"@type\":\"ReadAction\",\"target\":[\"https:\/\/comerciallin.com\/index.php\/producto\/bateria-comp-lenovo-r60-r60e-r60i-r61-r61\/\"]}]},{\"@type\":\"BreadcrumbList\",\"@id\":\"https:\/\/comerciallin.com\/index.php\/producto\/bateria-comp-lenovo-r60-r60e-r60i-r61-r61\/#breadcrumb\",\"itemListElement\":[{\"@type\":\"ListItem\",\"position\":1,\"name\":\"Inicio\",\"item\":\"https:\/\/comerciallin.com\/\"},{\"@type\":\"ListItem\",\"position\":2,\"name\":\"Shop\",\"item\":\"https:\/\/comerciallin.com\/?page_id=3853\"},{\"@type\":\"ListItem\",\"position\":3,\"name\":\"BATERIA COMP LENOVO R60\/ R60E \/R60I \/R61 \/R61\"}]}]}<\/script>\n<meta property=\"product:price:amount\" content=\"43.70\" \/>\n<meta property=\"product:price:currency\" content=\"USD\" \/>\n<meta property=\"og:availability\" content=\"instock\" \/>\n<meta property=\"product:availability\" content=\"instock\" \/>\n<meta property=\"product:retailer_item_id\" content=\"537030180807\" \/>\n<meta property=\"product:condition\" content=\"new\" \/>\n<!-- \/ Yoast SEO Premium plugin. -->","yoast_head_json":{"title":"BATERIA COMP LENOVO R60\/ R60E \/R60I \/R61 \/R61 - tienda de electr\u00f3nica y computaci\u00f3n","robots":{"index":"index","follow":"follow","max-snippet":"max-snippet:-1","max-image-preview":"max-image-preview:large","max-video-preview":"max-video-preview:-1"},"canonical":"https:\/\/comerciallin.com\/index.php\/producto\/bateria-comp-lenovo-r60-r60e-r60i-r61-r61\/","og_locale":"es_ES","og_type":"article","og_title":"BATERIA COMP LENOVO R60\/ R60E \/R60I \/R61 \/R61","og_description":"Voltaje 10.8 Voltios   Compatible Devices Laptop   Tipo de celda de bater&iacute;a Litio Ion   Capacidad 5200 Miliamperios Hora (mAh)","og_url":"https:\/\/comerciallin.com\/index.php\/producto\/bateria-comp-lenovo-r60-r60e-r60i-r61-r61\/","og_site_name":"tienda de electr\u00f3nica y computaci\u00f3n","article_modified_time":"2025-01-14T18:54:39+00:00","twitter_card":"summary_large_image","twitter_image":"https:\/\/i0.wp.com\/comerciallin.com\/wp-content\/uploads\/2023\/02\/537030180807.jpg?fit=%2C&ssl=1","twitter_misc":{"Precio":"&#36;43,70","Availability":"In stock"},"schema":{"@context":"https:\/\/schema.org","@graph":[{"@type":"WebSite","@id":"https:\/\/comerciallin.com\/#website","url":"https:\/\/comerciallin.com\/","name":"tienda de electr\u00f3nica y computaci\u00f3n","description":"Importadora de Electr\u00f3nica y Computaci\u00f3n","potentialAction":[{"@type":"SearchAction","target":{"@type":"EntryPoint","urlTemplate":"https:\/\/comerciallin.com\/?s={search_term_string}"},"query-input":"required name=search_term_string"}],"inLanguage":"es"},{"@type":"ImageObject","@id":"https:\/\/comerciallin.com\/index.php\/producto\/bateria-comp-lenovo-r60-r60e-r60i-r61-r61\/#primaryimage","inLanguage":"es","url":"https:\/\/i0.wp.com\/comerciallin.com\/wp-content\/uploads\/2023\/02\/537030180807.jpg?fit=%2C&ssl=1","contentUrl":"https:\/\/i0.wp.com\/comerciallin.com\/wp-content\/uploads\/2023\/02\/537030180807.jpg?fit=%2C&ssl=1","caption":"BATERIA COMP LENOVO R60\/ R60E \/R60I \/R61 \/R61"},{"@type":"WebPage","@id":"https:\/\/comerciallin.com\/index.php\/producto\/bateria-comp-lenovo-r60-r60e-r60i-r61-r61\/#webpage","url":"https:\/\/comerciallin.com\/index.php\/producto\/bateria-comp-lenovo-r60-r60e-r60i-r61-r61\/","name":"BATERIA COMP LENOVO R60\/ R60E \/R60I \/R61 \/R61 - tienda de electr\u00f3nica y computaci\u00f3n","isPartOf":{"@id":"https:\/\/comerciallin.com\/#website"},"primaryImageOfPage":{"@id":"https:\/\/comerciallin.com\/index.php\/producto\/bateria-comp-lenovo-r60-r60e-r60i-r61-r61\/#primaryimage"},"datePublished":"2022-11-07T18:28:15+00:00","dateModified":"2025-01-14T18:54:39+00:00","breadcrumb":{"@id":"https:\/\/comerciallin.com\/index.php\/producto\/bateria-comp-lenovo-r60-r60e-r60i-r61-r61\/#breadcrumb"},"inLanguage":"es","potentialAction":[{"@type":"ReadAction","target":["https:\/\/comerciallin.com\/index.php\/producto\/bateria-comp-lenovo-r60-r60e-r60i-r61-r61\/"]}]},{"@type":"BreadcrumbList","@id":"https:\/\/comerciallin.com\/index.php\/producto\/bateria-comp-lenovo-r60-r60e-r60i-r61-r61\/#breadcrumb","itemListElement":[{"@type":"ListItem","position":1,"name":"Inicio","item":"https:\/\/comerciallin.com\/"},{"@type":"ListItem","position":2,"name":"Shop","item":"https:\/\/comerciallin.com\/?page_id=3853"},{"@type":"ListItem","position":3,"name":"BATERIA COMP LENOVO R60\/ R60E \/R60I \/R61 \/R61"}]}]},"product_price_amount":"43.70","product_price_currency":"USD","og_availability":"instock","product_availability":"instock","product_retailer_item_id":"537030180807","product_condition":"new"},"jetpack-related-posts":[{"id":19169,"url":"https:\/\/comerciallin.com\/index.php\/producto\/bateria-comp-hp-m006-dv4-5000\/","url_meta":{"origin":19259,"position":0},"title":"BATERIA COMP HP M006\/DV4-5000","date":"7 de noviembre de 2022","format":false,"excerpt":"Voltaje 10.8 Voltios Peso de la Bater\u00eda 328 Gramos Compatible Devices Laptop, Notebook","rel":"","context":"Entrada similar","img":{"alt_text":"","src":"","width":0,"height":0},"classes":[]},{"id":19257,"url":"https:\/\/comerciallin.com\/index.php\/producto\/bateria-comp-toshiba-pa5109u-1brs-c855d-c55-c\/","url_meta":{"origin":19259,"position":1},"title":"BATERIA COMP TOSHIBA PA5109U-1BRS\/C855D\/C55\/C","date":"7 de noviembre de 2022","format":false,"excerpt":"Voltaje 10.8 Voltios Peso de la Bater\u00eda 387 Gramos Compatible Devices Laptop, Notebook","rel":"","context":"Entrada similar","img":{"alt_text":"","src":"","width":0,"height":0},"classes":[]},{"id":19145,"url":"https:\/\/comerciallin.com\/index.php\/producto\/bateria-comp-lenovo-g460-g560-l09c6y02-l02\/","url_meta":{"origin":19259,"position":2},"title":"BATERIA COMP LENOVO G460 \/G560 \/L09C6Y02 \/L02","date":"7 de noviembre de 2022","format":false,"excerpt":"Voltaje 10.8 Voltios Peso de la Bater\u00eda 380 Gramos Compatible Devices Laptop, Notebook","rel":"","context":"Entrada similar","img":{"alt_text":"","src":"","width":0,"height":0},"classes":[]},{"id":19163,"url":"https:\/\/comerciallin.com\/index.php\/producto\/bateria-comp-lenovo-g460-g560-l09c6y02-l02-2\/","url_meta":{"origin":19259,"position":3},"title":"BATERIA COMP LENOVO G460 \/G560 \/L09C6Y02 \/L02","date":"7 de noviembre de 2022","format":false,"excerpt":"Voltaje 10.8 Voltios Peso de la Bater\u00eda 380 Gramos Compatible Devices Laptop, Notebook \"","rel":"","context":"Entrada similar","img":{"alt_text":"","src":"","width":0,"height":0},"classes":[]},{"id":19641,"url":"https:\/\/comerciallin.com\/index.php\/producto\/bateria-p-lapto-hp-dv2000\/","url_meta":{"origin":19259,"position":4},"title":"BATERIA P. LAPTO HP DV2000","date":"7 de noviembre de 2022","format":false,"excerpt":"Bater\u00eda de repuesto compatible con HP DV2000","rel":"","context":"Entrada similar","img":{"alt_text":"","src":"","width":0,"height":0},"classes":[]},{"id":20854,"url":"https:\/\/comerciallin.com\/index.php\/producto\/bateria-comp-acer-al12a32-v5-v5-431-v5-531-v\/","url_meta":{"origin":19259,"position":5},"title":"BATERIA COMP ACER AL12A32\/V5-V5-431 V5-531 V","date":"10 de noviembre de 2022","format":false,"excerpt":"Voltaje 14.8 Voltios Battery Weight 340 Gramos Battery Cell Type Litio Ion","rel":"","context":"Entrada similar","img":{"alt_text":"BATERIA COMP ACER AL12A32\/V5-V5-431 V5-531 V","src":"https:\/\/i0.wp.com\/comerciallin.com\/wp-content\/uploads\/2023\/02\/537030180801.jpg?fit=992%2C744&ssl=1&resize=350%2C200","width":350,"height":200},"classes":[]}],"jetpack_sharing_enabled":true,"jetpack_likes_enabled":true,"_links":{"self":[{"href":"https:\/\/comerciallin.com\/index.php\/wp-json\/wp\/v2\/product\/19259"}],"collection":[{"href":"https:\/\/comerciallin.com\/index.php\/wp-json\/wp\/v2\/product"}],"about":[{"href":"https:\/\/comerciallin.com\/index.php\/wp-json\/wp\/v2\/types\/product"}],"replies":[{"embeddable":true,"href":"https:\/\/comerciallin.com\/index.php\/wp-json\/wp\/v2\/comments?post=19259"}],"wp:featuredmedia":[{"embeddable":true,"href":"https:\/\/comerciallin.com\/index.php\/wp-json\/wp\/v2\/media\/21681"}],"wp:attachment":[{"href":"https:\/\/comerciallin.com\/index.php\/wp-json\/wp\/v2\/media?parent=19259"}],"wp:term":[{"taxonomy":"product_cat","embeddable":true,"href":"https:\/\/comerciallin.com\/index.php\/wp-json\/wp\/v2\/product_cat?post=19259"},{"taxonomy":"product_tag","embeddable":true,"href":"https:\/\/comerciallin.com\/index.php\/wp-json\/wp\/v2\/product_tag?post=19259"}],"curies":[{"name":"wp","href":"https:\/\/api.w.org\/{rel}","templated":true}]}}