{"id":19249,"date":"2022-11-07T13:28:14","date_gmt":"2022-11-07T18:28:14","guid":{"rendered":"https:\/\/comerciallin.com\/index.php\/producto\/bateria-comp-hp-dv1000-dv1100-d1200-dv130\/"},"modified":"2025-01-14T13:54:34","modified_gmt":"2025-01-14T18:54:34","slug":"bateria-comp-hp-dv1000-dv1100-d1200-dv130","status":"publish","type":"product","link":"https:\/\/comerciallin.com\/index.php\/producto\/bateria-comp-hp-dv1000-dv1100-d1200-dv130\/","title":{"rendered":"BATERIA COMP HP DV1000\/ DV1100\/ D1200\/ DV130"},"content":{"rendered":"<div><strong>HP Pavilion DV1000 Battery will be compatible with:<\/strong><\/div>\n<div>&nbsp;<\/div>\n<div>367759-001, 367760-001, 383492-001, 383493-001, 391883-001, 394275-001, 396601-001, 398065-001, 398832-001, EG414AA, EG415AA, PB995A, PF723A, 382552-001, 383492-001, 395751-251, 395751-321, 395752-261, 395752-422, 395753-251, 396600-001, 398752-001, HSTNN-DB10, HSTNN-DB17, HSTNN-IB09, HSTNN-IB10, HSTNN-IB17, HSTNN-LB09, HSTNN-LB17, HSTNN-MB09, HSTNN-MB10, HSTNN-OB17, HSTNN-UB09, HSTNN-UB17, PM579A, 3677969-001, 361855-003 &nbsp; &nbsp; &nbsp; &nbsp; &nbsp; &nbsp; &nbsp; &nbsp; &nbsp; &nbsp;<\/div>\n<div>&nbsp;<\/div>\n<div><strong>Fit following Machine Models:<\/strong><\/div>\n<div>COMPAQ PRESARIO M2000 SERIES , COMPAQ PRESARIO M2000Z SERIES , COMPAQ PRESARIO M2001AP(PS929PA) , COMPAQ PRESARIO M2003AP(PS943PA) , COMPAQ PRESARIO M2003AP(PV256PA) , COMPAQ PRESARIO M2010CA , COMPAQ PRESARIO M2010EA , COMPAQ PRESARIO M2013AP(PT373PA) , COMPAQ PRESARIO M2019AP(PT379PA) , COMPAQ PRESARIO M2031AP(PV247PA) , COMPAQ PRESARIO M2033AP , COMPAQ PRESARIO M2043AP(PV288PA) , COMPAQ PRESARIO M2045AP(PV297PA) , COMPAQ PRESARIO M2052EA , COMPAQ PRESARIO R4000CA SERIES , COMPAQ PRESARIO R4025CA , COMPAQ PRESARIO R4035CA , COMPAQ PRESARIO V2000 SERIES , COMPAQ PRESARIO V2002EAP , COMPAQ PRESARIO V2004AP(PF359PA) , COMPAQ PRESARIO V2009EA , COMPAQ PRESARIO V2010AP(PH475PA) , COMPAQ PRESARIO V2010US , COMPAQ PRESARIO V2028EAP , COMPAQ PRESARIO V2030US , COMPAQ PRESARIO V2102AP(PS923PA) , COMPAQ PRESARIO V2110CA , COMPAQ PRESARIO V2133AP(PV249PA) , COMPAQ PRESARIO V2134AP(PV250PA) , COMPAQ PRESARIO V2135AP(PV255PA) , COMPAQ PRESARIO V2140CA , COMPAQ PRESARIO V2157AP , COMPAQ PRESARIO V2210CA , COMPAQ PRESARIO V4000 SERIES , COMPAQ PRESARIO V4002AP , COMPAQ PRESARIO V4003AP(PV331PA) , HP PAVILION DV1000 SERIES , HP PAVILION DV1004AP(PF354PA) , HP PAVILION DV1005AP(PF355PA) , HP PAVILION DV1007AP , HP PAVILION DV1008AP , HP Pavilion DV1010CA , HP Pavilion DV1011AP , HP Pavilion DV1012AP(PD111PA) , HP PAVILION DV1030AP(PN910PA) , HP PAVILION DV1040CA , HP PAVILION DV1101AP(PS925PA) , HP PAVILION DV1102AP(PS926PA) , HP PAVILION DV1122AP(PV253PA) , HP PAVILION DV1128AP(PV295PA) , HP PAVILION DV1135AP , HP PAVILION DV1240CA , HP PAVILION DV4000 SERIES , HP PAVILION DV4003AP(PV294PA) , HP PAVILION DV4012AP(PV320PA) , HP PAVILION DV4017AP , HP PAVILION DV4021EA , HP PAVILION DV4030CA , HP PAVILION DV4030EA , HP PAVILION DV4040CA , HP PAVILION DV4045EA , HP PAVILION DV4070EA , HP PAVILION ZE2000 SERIES , HP PAVILION ZE2000T SERIES , HP PAVILION ZE2000Z SERIES , HP PAVILION ZE2010AP , HP PAVILION ZE2011AP , HP PAVILION ZE2018AP , HP PAVILION ZE2020CA , HP PAVILION ZT4000 SERIES , HP COMPAQ BUSINESS NOTEBOOK NX4800 , HP COMPAQ BUSINESS NOTEBOOK NX7100<\/div>\n","protected":false},"excerpt":{"rendered":"<ul>\n<li>Color: Negro<\/li>\n<li>Capacidad: 5200mAh<\/li>\n<li>Voltage : 10.80V\/11.10V<\/li>\n<\/ul>\n","protected":false},"featured_media":21650,"comment_status":"open","ping_status":"closed","template":"","meta":{"spay_email":""},"product_cat":[794],"product_tag":[],"supplier_id":null,"supplier_sku":"","barcode":null,"atum_controlled":true,"out_stock_date":null,"out_stock_threshold":null,"inheritable":false,"inbound_stock":null,"stock_on_hold":0,"sold_today":0,"sales_last_days":0,"reserved_stock":null,"customer_returns":null,"warehouse_damage":null,"lost_in_post":null,"other_logs":null,"out_stock_days":0,"lost_sales":0,"has_location":null,"update_date":"2026-04-03T23:40:19","atum_locations":[],"atum_stock_status":"instock","restock_status":false,"low_stock_amount":"","sales_update_date":"2026-04-03T23:40:19","calc_backorders":null,"acf":[],"yoast_head":"<!-- This site is optimized with the Yoast SEO Premium plugin v17.4 (Yoast SEO v17.4) - https:\/\/yoast.com\/wordpress\/plugins\/seo\/ -->\n<title>BATERIA COMP HP DV1000\/ DV1100\/ D1200\/ DV130 - tienda de electr\u00f3nica y computaci\u00f3n<\/title>\n<meta name=\"robots\" content=\"index, follow, max-snippet:-1, max-image-preview:large, max-video-preview:-1\" \/>\n<link rel=\"canonical\" href=\"https:\/\/comerciallin.com\/index.php\/producto\/bateria-comp-hp-dv1000-dv1100-d1200-dv130\/\" \/>\n<meta property=\"og:locale\" content=\"es_ES\" \/>\n<meta property=\"og:type\" content=\"article\" \/>\n<meta property=\"og:title\" content=\"BATERIA COMP HP DV1000\/ DV1100\/ D1200\/ DV130\" \/>\n<meta property=\"og:description\" content=\"Color: Negro Capacidad: 5200mAh Voltage : 10.80V\/11.10V\" \/>\n<meta property=\"og:url\" content=\"https:\/\/comerciallin.com\/index.php\/producto\/bateria-comp-hp-dv1000-dv1100-d1200-dv130\/\" \/>\n<meta property=\"og:site_name\" content=\"tienda de electr\u00f3nica y computaci\u00f3n\" \/>\n<meta property=\"article:modified_time\" content=\"2025-01-14T18:54:34+00:00\" \/>\n<meta name=\"twitter:card\" content=\"summary_large_image\" \/>\n<meta name=\"twitter:image\" content=\"https:\/\/i0.wp.com\/comerciallin.com\/wp-content\/uploads\/2023\/02\/212320563.jpg?fit=%2C&amp;ssl=1\" \/>\n<meta name=\"twitter:label1\" content=\"Precio\" \/>\n\t<meta name=\"twitter:data1\" content=\"&#36;40,25\" \/>\n\t<meta name=\"twitter:label2\" content=\"Availability\" \/>\n\t<meta name=\"twitter:data2\" content=\"In stock\" \/>\n<script type=\"application\/ld+json\" class=\"yoast-schema-graph\">{\"@context\":\"https:\/\/schema.org\",\"@graph\":[{\"@type\":\"WebSite\",\"@id\":\"https:\/\/comerciallin.com\/#website\",\"url\":\"https:\/\/comerciallin.com\/\",\"name\":\"tienda de electr\\u00f3nica y computaci\\u00f3n\",\"description\":\"Importadora de Electr\\u00f3nica y Computaci\\u00f3n\",\"potentialAction\":[{\"@type\":\"SearchAction\",\"target\":{\"@type\":\"EntryPoint\",\"urlTemplate\":\"https:\/\/comerciallin.com\/?s={search_term_string}\"},\"query-input\":\"required name=search_term_string\"}],\"inLanguage\":\"es\"},{\"@type\":\"ImageObject\",\"@id\":\"https:\/\/comerciallin.com\/index.php\/producto\/bateria-comp-hp-dv1000-dv1100-d1200-dv130\/#primaryimage\",\"inLanguage\":\"es\",\"url\":\"https:\/\/i0.wp.com\/comerciallin.com\/wp-content\/uploads\/2023\/02\/212320563.jpg?fit=%2C&ssl=1\",\"contentUrl\":\"https:\/\/i0.wp.com\/comerciallin.com\/wp-content\/uploads\/2023\/02\/212320563.jpg?fit=%2C&ssl=1\",\"caption\":\"BATERIA COMP HP DV1000\/ DV1100\/ D1200\/ DV130\"},{\"@type\":\"WebPage\",\"@id\":\"https:\/\/comerciallin.com\/index.php\/producto\/bateria-comp-hp-dv1000-dv1100-d1200-dv130\/#webpage\",\"url\":\"https:\/\/comerciallin.com\/index.php\/producto\/bateria-comp-hp-dv1000-dv1100-d1200-dv130\/\",\"name\":\"BATERIA COMP HP DV1000\/ DV1100\/ D1200\/ DV130 - tienda de electr\\u00f3nica y computaci\\u00f3n\",\"isPartOf\":{\"@id\":\"https:\/\/comerciallin.com\/#website\"},\"primaryImageOfPage\":{\"@id\":\"https:\/\/comerciallin.com\/index.php\/producto\/bateria-comp-hp-dv1000-dv1100-d1200-dv130\/#primaryimage\"},\"datePublished\":\"2022-11-07T18:28:14+00:00\",\"dateModified\":\"2025-01-14T18:54:34+00:00\",\"breadcrumb\":{\"@id\":\"https:\/\/comerciallin.com\/index.php\/producto\/bateria-comp-hp-dv1000-dv1100-d1200-dv130\/#breadcrumb\"},\"inLanguage\":\"es\",\"potentialAction\":[{\"@type\":\"ReadAction\",\"target\":[\"https:\/\/comerciallin.com\/index.php\/producto\/bateria-comp-hp-dv1000-dv1100-d1200-dv130\/\"]}]},{\"@type\":\"BreadcrumbList\",\"@id\":\"https:\/\/comerciallin.com\/index.php\/producto\/bateria-comp-hp-dv1000-dv1100-d1200-dv130\/#breadcrumb\",\"itemListElement\":[{\"@type\":\"ListItem\",\"position\":1,\"name\":\"Inicio\",\"item\":\"https:\/\/comerciallin.com\/\"},{\"@type\":\"ListItem\",\"position\":2,\"name\":\"Shop\",\"item\":\"https:\/\/comerciallin.com\/?page_id=3853\"},{\"@type\":\"ListItem\",\"position\":3,\"name\":\"BATERIA COMP HP DV1000\/ DV1100\/ D1200\/ DV130\"}]}]}<\/script>\n<meta property=\"product:price:amount\" content=\"40.25\" \/>\n<meta property=\"product:price:currency\" content=\"USD\" \/>\n<meta property=\"og:availability\" content=\"instock\" \/>\n<meta property=\"product:availability\" content=\"instock\" \/>\n<meta property=\"product:retailer_item_id\" content=\"212320563\" \/>\n<meta property=\"product:condition\" content=\"new\" \/>\n<!-- \/ Yoast SEO Premium plugin. -->","yoast_head_json":{"title":"BATERIA COMP HP DV1000\/ DV1100\/ D1200\/ DV130 - tienda de electr\u00f3nica y computaci\u00f3n","robots":{"index":"index","follow":"follow","max-snippet":"max-snippet:-1","max-image-preview":"max-image-preview:large","max-video-preview":"max-video-preview:-1"},"canonical":"https:\/\/comerciallin.com\/index.php\/producto\/bateria-comp-hp-dv1000-dv1100-d1200-dv130\/","og_locale":"es_ES","og_type":"article","og_title":"BATERIA COMP HP DV1000\/ DV1100\/ D1200\/ DV130","og_description":"Color: Negro Capacidad: 5200mAh Voltage : 10.80V\/11.10V","og_url":"https:\/\/comerciallin.com\/index.php\/producto\/bateria-comp-hp-dv1000-dv1100-d1200-dv130\/","og_site_name":"tienda de electr\u00f3nica y computaci\u00f3n","article_modified_time":"2025-01-14T18:54:34+00:00","twitter_card":"summary_large_image","twitter_image":"https:\/\/i0.wp.com\/comerciallin.com\/wp-content\/uploads\/2023\/02\/212320563.jpg?fit=%2C&ssl=1","twitter_misc":{"Precio":"&#36;40,25","Availability":"In stock"},"schema":{"@context":"https:\/\/schema.org","@graph":[{"@type":"WebSite","@id":"https:\/\/comerciallin.com\/#website","url":"https:\/\/comerciallin.com\/","name":"tienda de electr\u00f3nica y computaci\u00f3n","description":"Importadora de Electr\u00f3nica y Computaci\u00f3n","potentialAction":[{"@type":"SearchAction","target":{"@type":"EntryPoint","urlTemplate":"https:\/\/comerciallin.com\/?s={search_term_string}"},"query-input":"required name=search_term_string"}],"inLanguage":"es"},{"@type":"ImageObject","@id":"https:\/\/comerciallin.com\/index.php\/producto\/bateria-comp-hp-dv1000-dv1100-d1200-dv130\/#primaryimage","inLanguage":"es","url":"https:\/\/i0.wp.com\/comerciallin.com\/wp-content\/uploads\/2023\/02\/212320563.jpg?fit=%2C&ssl=1","contentUrl":"https:\/\/i0.wp.com\/comerciallin.com\/wp-content\/uploads\/2023\/02\/212320563.jpg?fit=%2C&ssl=1","caption":"BATERIA COMP HP DV1000\/ DV1100\/ D1200\/ DV130"},{"@type":"WebPage","@id":"https:\/\/comerciallin.com\/index.php\/producto\/bateria-comp-hp-dv1000-dv1100-d1200-dv130\/#webpage","url":"https:\/\/comerciallin.com\/index.php\/producto\/bateria-comp-hp-dv1000-dv1100-d1200-dv130\/","name":"BATERIA COMP HP DV1000\/ DV1100\/ D1200\/ DV130 - tienda de electr\u00f3nica y computaci\u00f3n","isPartOf":{"@id":"https:\/\/comerciallin.com\/#website"},"primaryImageOfPage":{"@id":"https:\/\/comerciallin.com\/index.php\/producto\/bateria-comp-hp-dv1000-dv1100-d1200-dv130\/#primaryimage"},"datePublished":"2022-11-07T18:28:14+00:00","dateModified":"2025-01-14T18:54:34+00:00","breadcrumb":{"@id":"https:\/\/comerciallin.com\/index.php\/producto\/bateria-comp-hp-dv1000-dv1100-d1200-dv130\/#breadcrumb"},"inLanguage":"es","potentialAction":[{"@type":"ReadAction","target":["https:\/\/comerciallin.com\/index.php\/producto\/bateria-comp-hp-dv1000-dv1100-d1200-dv130\/"]}]},{"@type":"BreadcrumbList","@id":"https:\/\/comerciallin.com\/index.php\/producto\/bateria-comp-hp-dv1000-dv1100-d1200-dv130\/#breadcrumb","itemListElement":[{"@type":"ListItem","position":1,"name":"Inicio","item":"https:\/\/comerciallin.com\/"},{"@type":"ListItem","position":2,"name":"Shop","item":"https:\/\/comerciallin.com\/?page_id=3853"},{"@type":"ListItem","position":3,"name":"BATERIA COMP HP DV1000\/ DV1100\/ D1200\/ DV130"}]}]},"product_price_amount":"40.25","product_price_currency":"USD","og_availability":"instock","product_availability":"instock","product_retailer_item_id":"212320563","product_condition":"new"},"jetpack-related-posts":[{"id":19044,"url":"https:\/\/comerciallin.com\/index.php\/producto\/bateria-comp-hp-oa03-oa04-hstnn-lb5y-hstnn-l5\/","url_meta":{"origin":19249,"position":0},"title":"BATERIA COMP HP OA03\/OA04\/HSTNN-LB5Y\/HSTNN-L5","date":"7 de noviembre de 2022","format":false,"excerpt":"Tipo de bater\u00eda: Li-ion Capacidad: 2200\u00a0mAh Celdas: 4\u00a0celdas Voltaje: 14.8\u00a0V.","rel":"","context":"Entrada similar","img":{"alt_text":"","src":"","width":0,"height":0},"classes":[]},{"id":23896,"url":"https:\/\/comerciallin.com\/index.php\/producto\/teclado-p-lapto-hp-cq700-c700\/","url_meta":{"origin":19249,"position":1},"title":"TECLADO P. LAPTO HP CQ700\/C700","date":"3 de mayo de 2023","format":false,"excerpt":"Teclado para laptop HP Compaq Presario C700 Series, 454954-001","rel":"","context":"Entrada similar","img":{"alt_text":"","src":"","width":0,"height":0},"classes":[]},{"id":19173,"url":"https:\/\/comerciallin.com\/index.php\/producto\/bateria-comp-hp-6520-6520s-6520p-515-510-5111\/","url_meta":{"origin":19249,"position":2},"title":"BATERIA COMP HP 6520\/6520S\/6520P\/515\/510\/5111","date":"7 de noviembre de 2022","format":false,"excerpt":"Compatible Model: Hp Compaq 6520, Compaq 6520s, Compaq 6520p Compatible By Part Number: HSTNN-DB51, 451545-361, 456623-001","rel":"","context":"Entrada similar","img":{"alt_text":"","src":"","width":0,"height":0},"classes":[]},{"id":19140,"url":"https:\/\/comerciallin.com\/index.php\/producto\/bateria-comp-hp-6720s-6530s-6531s-6535s-6730s\/","url_meta":{"origin":19249,"position":3},"title":"BATERIA COMP HP 6720S\/6530S\/6531S\/6535S\/6730S","date":"7 de noviembre de 2022","format":false,"excerpt":"Battery type: Li-ion \u00a0Voltage: 11.1 \u00a0Capacity: 4400 mAH","rel":"","context":"Entrada similar","img":{"alt_text":"","src":"","width":0,"height":0},"classes":[]},{"id":19255,"url":"https:\/\/comerciallin.com\/index.php\/producto\/bateria-comp-hp-210-1000-cq20-hstnn-db0p-hstp\/","url_meta":{"origin":19249,"position":4},"title":"BATERIA COMP HP 210-1000\/CQ20\/HSTNN-DB0P\/HSTP","date":"7 de noviembre de 2022","format":false,"excerpt":"Especificaciones: 6\u00a0celdas, bater\u00eda de iones de litio, nominal de 11,1\u00a0V (compatible con 10,8\u00a0V) 5200\u00a0mAh Modelos Compatibles: 6\u00a0Cel Bater\u00eda para NY220AA NY221AA 537626\u00a0\u2013\u00a0001\u00a0HP Mini 110\u00a0Compaq 110\u00a0\u00b0C 102\u00a0110\u00a0\u2013\u00a01000","rel":"","context":"Entrada similar","img":{"alt_text":"BATERIA COMP HP 210-1000\/CQ20\/HSTNN-DB0P\/HSTP","src":"https:\/\/i0.wp.com\/comerciallin.com\/wp-content\/uploads\/2023\/04\/537030190403.jpg?fit=992%2C744&ssl=1&resize=350%2C200","width":350,"height":200},"classes":[]},{"id":19098,"url":"https:\/\/comerciallin.com\/index.php\/producto\/bateria-comp-hp-6535b-6730b-6530b-6735b-6930c\/","url_meta":{"origin":19249,"position":5},"title":"BATERIA COMP HP 6535B\/6730B\/6530B\/6735B\/6930C","date":"7 de noviembre de 2022","format":false,"excerpt":"Tipo de bater\u00eda: Li-ionCeldas: 6 celdasCapacidad: 5200 MAHVoltaje: 11,1 V","rel":"","context":"Entrada similar","img":{"alt_text":"","src":"","width":0,"height":0},"classes":[]}],"jetpack_sharing_enabled":true,"jetpack_likes_enabled":true,"_links":{"self":[{"href":"https:\/\/comerciallin.com\/index.php\/wp-json\/wp\/v2\/product\/19249"}],"collection":[{"href":"https:\/\/comerciallin.com\/index.php\/wp-json\/wp\/v2\/product"}],"about":[{"href":"https:\/\/comerciallin.com\/index.php\/wp-json\/wp\/v2\/types\/product"}],"replies":[{"embeddable":true,"href":"https:\/\/comerciallin.com\/index.php\/wp-json\/wp\/v2\/comments?post=19249"}],"wp:featuredmedia":[{"embeddable":true,"href":"https:\/\/comerciallin.com\/index.php\/wp-json\/wp\/v2\/media\/21650"}],"wp:attachment":[{"href":"https:\/\/comerciallin.com\/index.php\/wp-json\/wp\/v2\/media?parent=19249"}],"wp:term":[{"taxonomy":"product_cat","embeddable":true,"href":"https:\/\/comerciallin.com\/index.php\/wp-json\/wp\/v2\/product_cat?post=19249"},{"taxonomy":"product_tag","embeddable":true,"href":"https:\/\/comerciallin.com\/index.php\/wp-json\/wp\/v2\/product_tag?post=19249"}],"curies":[{"name":"wp","href":"https:\/\/api.w.org\/{rel}","templated":true}]}}