{"id":19229,"date":"2022-11-07T13:28:08","date_gmt":"2022-11-07T18:28:08","guid":{"rendered":"https:\/\/comerciallin.com\/index.php\/producto\/bateria-comp-hp-dv9000-hstnn-ib33-hstnn-ib34a\/"},"modified":"2025-01-14T13:54:34","modified_gmt":"2025-01-14T18:54:34","slug":"bateria-comp-hp-dv9000-hstnn-ib33-hstnn-ib34a","status":"publish","type":"product","link":"https:\/\/comerciallin.com\/index.php\/producto\/bateria-comp-hp-dv9000-hstnn-ib33-hstnn-ib34a\/","title":{"rendered":"BATERIA COMP HP DV9000\/HSTNN-IB33\/HSTNN-IB34A"},"content":{"rendered":"<p><strong>Modelos de Port&aacute;til Compatibles:<\/p>\n<p><\/strong>HP: Pavilion dv9000EA, Pavilion dv9000T, Pavilion dv9000Z, Pavilion DV9010, Pavilion dv9020, Pavilion dv9030, Pavilion DV9040, Pavilion dv9050, Pavilion DV9060, Pavilion dv9072, Pavilion dv9080, Pavilion dv9090, Pavilion DV9100, Pavilion DV9200, Pavilion DV9210, Pavilion DV9220, Pavilion DV9230, Pavilion dv9243, Pavilion dv9252, Pavilion dv9260, Pavilion dv9272, Pavilion dv9285, Pavilion dv9292, Pavilion DV9428, Pavilion DV9500, Pavilion dv9600, Pavilion dv9700, Pavilion GA354UA.<\/p>\n<p><strong>N&uacute;meros de parte compatibles:<\/strong><\/p>\n<p>HP: HSTNN-IB34, HSTNN-Q21&nbsp;C HSTNN-UB33, 4400&nbsp;mAh) 432974&nbsp;&ndash;&nbsp;001, 434674&nbsp;&ndash;&nbsp;001, 416996&nbsp;&ndash;&nbsp;131, 416996&nbsp;&ndash;&nbsp;521, 416996&nbsp;&ndash;&nbsp;541, 448007&nbsp;&ndash;&nbsp;001, EV087AA, EX942AA.<\/p>\n","protected":false},"excerpt":{"rendered":"<table class=\"a-normal a-spacing-micro\">\n<tbody>\n<tr class=\"a-spacing-small\">\n<td class=\"a-span3\"><span class=\"a-size-base a-text-bold\">Voltaje<\/span><\/td>\n<td class=\"a-span9\"><span class=\"a-size-base\">14.4 Voltios<\/span><\/td>\n<\/tr>\n<tr class=\"a-spacing-small\">\n<td class=\"a-span3\"><span class=\"a-size-base a-text-bold\">Compatible Devices<\/span><\/td>\n<td class=\"a-span9\"><span class=\"a-size-base\">Laptop<\/span><\/td>\n<\/tr>\n<tr class=\"a-spacing-small\">\n<td class=\"a-span3\"><span class=\"a-size-base a-text-bold\">Tipo de celda de bater&iacute;a<\/span><\/td>\n<td class=\"a-span9\"><span class=\"a-size-base\">Litio Ion<\/span><\/td>\n<\/tr>\n<tr class=\"a-spacing-small\">\n<td class=\"a-span3\"><span class=\"a-size-base a-text-bold\">Capacidad<\/span><\/td>\n<td class=\"a-span9\"><span class=\"a-size-base\">5200 Miliamperios Hora (mAh)<\/span><\/td>\n<\/tr>\n<\/tbody>\n<\/table>\n","protected":false},"featured_media":21653,"comment_status":"open","ping_status":"closed","template":"","meta":{"spay_email":""},"product_cat":[794],"product_tag":[],"supplier_id":null,"supplier_sku":"","barcode":null,"atum_controlled":true,"out_stock_date":null,"out_stock_threshold":null,"inheritable":false,"inbound_stock":null,"stock_on_hold":0,"sold_today":0,"sales_last_days":0,"reserved_stock":null,"customer_returns":null,"warehouse_damage":null,"lost_in_post":null,"other_logs":null,"out_stock_days":0,"lost_sales":0,"has_location":null,"update_date":"2026-05-01T00:12:23","atum_locations":[],"atum_stock_status":"instock","restock_status":false,"low_stock_amount":"","sales_update_date":"2026-05-01T00:12:23","calc_backorders":null,"acf":[],"yoast_head":"<!-- This site is optimized with the Yoast SEO Premium plugin v17.4 (Yoast SEO v17.4) - https:\/\/yoast.com\/wordpress\/plugins\/seo\/ -->\n<title>BATERIA COMP HP DV9000\/HSTNN-IB33\/HSTNN-IB34A - tienda de electr\u00f3nica y computaci\u00f3n<\/title>\n<meta name=\"robots\" content=\"index, follow, max-snippet:-1, max-image-preview:large, max-video-preview:-1\" \/>\n<link rel=\"canonical\" href=\"https:\/\/comerciallin.com\/index.php\/producto\/bateria-comp-hp-dv9000-hstnn-ib33-hstnn-ib34a\/\" \/>\n<meta property=\"og:locale\" content=\"es_ES\" \/>\n<meta property=\"og:type\" content=\"article\" \/>\n<meta property=\"og:title\" content=\"BATERIA COMP HP DV9000\/HSTNN-IB33\/HSTNN-IB34A\" \/>\n<meta property=\"og:description\" content=\"Voltaje 14.4 Voltios   Compatible Devices Laptop   Tipo de celda de bater&iacute;a Litio Ion   Capacidad 5200 Miliamperios Hora (mAh)\" \/>\n<meta property=\"og:url\" content=\"https:\/\/comerciallin.com\/index.php\/producto\/bateria-comp-hp-dv9000-hstnn-ib33-hstnn-ib34a\/\" \/>\n<meta property=\"og:site_name\" content=\"tienda de electr\u00f3nica y computaci\u00f3n\" \/>\n<meta property=\"article:modified_time\" content=\"2025-01-14T18:54:34+00:00\" \/>\n<meta property=\"og:image\" content=\"https:\/\/comerciallin.com\/wp-content\/uploads\/2023\/02\/212030170712.jpg\" \/>\n\t<meta property=\"og:image:width\" content=\"992\" \/>\n\t<meta property=\"og:image:height\" content=\"744\" \/>\n<meta name=\"twitter:card\" content=\"summary_large_image\" \/>\n<meta name=\"twitter:label1\" content=\"Precio\" \/>\n\t<meta name=\"twitter:data1\" content=\"&#36;37,95\" \/>\n\t<meta name=\"twitter:label2\" content=\"Availability\" \/>\n\t<meta name=\"twitter:data2\" content=\"In stock\" \/>\n<script type=\"application\/ld+json\" class=\"yoast-schema-graph\">{\"@context\":\"https:\/\/schema.org\",\"@graph\":[{\"@type\":\"WebSite\",\"@id\":\"https:\/\/comerciallin.com\/#website\",\"url\":\"https:\/\/comerciallin.com\/\",\"name\":\"tienda de electr\\u00f3nica y computaci\\u00f3n\",\"description\":\"Importadora de Electr\\u00f3nica y Computaci\\u00f3n\",\"potentialAction\":[{\"@type\":\"SearchAction\",\"target\":{\"@type\":\"EntryPoint\",\"urlTemplate\":\"https:\/\/comerciallin.com\/?s={search_term_string}\"},\"query-input\":\"required name=search_term_string\"}],\"inLanguage\":\"es\"},{\"@type\":\"ImageObject\",\"@id\":\"https:\/\/comerciallin.com\/index.php\/producto\/bateria-comp-hp-dv9000-hstnn-ib33-hstnn-ib34a\/#primaryimage\",\"inLanguage\":\"es\",\"url\":\"https:\/\/i0.wp.com\/comerciallin.com\/wp-content\/uploads\/2023\/02\/212030170712.jpg?fit=992%2C744&ssl=1\",\"contentUrl\":\"https:\/\/i0.wp.com\/comerciallin.com\/wp-content\/uploads\/2023\/02\/212030170712.jpg?fit=992%2C744&ssl=1\",\"width\":992,\"height\":744,\"caption\":\"BATERIA COMP HP DV9000\/HSTNN-IB33\/HSTNN-IB34A\"},{\"@type\":\"WebPage\",\"@id\":\"https:\/\/comerciallin.com\/index.php\/producto\/bateria-comp-hp-dv9000-hstnn-ib33-hstnn-ib34a\/#webpage\",\"url\":\"https:\/\/comerciallin.com\/index.php\/producto\/bateria-comp-hp-dv9000-hstnn-ib33-hstnn-ib34a\/\",\"name\":\"BATERIA COMP HP DV9000\/HSTNN-IB33\/HSTNN-IB34A - tienda de electr\\u00f3nica y computaci\\u00f3n\",\"isPartOf\":{\"@id\":\"https:\/\/comerciallin.com\/#website\"},\"primaryImageOfPage\":{\"@id\":\"https:\/\/comerciallin.com\/index.php\/producto\/bateria-comp-hp-dv9000-hstnn-ib33-hstnn-ib34a\/#primaryimage\"},\"datePublished\":\"2022-11-07T18:28:08+00:00\",\"dateModified\":\"2025-01-14T18:54:34+00:00\",\"breadcrumb\":{\"@id\":\"https:\/\/comerciallin.com\/index.php\/producto\/bateria-comp-hp-dv9000-hstnn-ib33-hstnn-ib34a\/#breadcrumb\"},\"inLanguage\":\"es\",\"potentialAction\":[{\"@type\":\"ReadAction\",\"target\":[\"https:\/\/comerciallin.com\/index.php\/producto\/bateria-comp-hp-dv9000-hstnn-ib33-hstnn-ib34a\/\"]}]},{\"@type\":\"BreadcrumbList\",\"@id\":\"https:\/\/comerciallin.com\/index.php\/producto\/bateria-comp-hp-dv9000-hstnn-ib33-hstnn-ib34a\/#breadcrumb\",\"itemListElement\":[{\"@type\":\"ListItem\",\"position\":1,\"name\":\"Inicio\",\"item\":\"https:\/\/comerciallin.com\/\"},{\"@type\":\"ListItem\",\"position\":2,\"name\":\"Shop\",\"item\":\"https:\/\/comerciallin.com\/?page_id=3853\"},{\"@type\":\"ListItem\",\"position\":3,\"name\":\"BATERIA COMP HP DV9000\/HSTNN-IB33\/HSTNN-IB34A\"}]}]}<\/script>\n<meta property=\"product:price:amount\" content=\"37.95\" \/>\n<meta property=\"product:price:currency\" content=\"USD\" \/>\n<meta property=\"og:availability\" content=\"instock\" \/>\n<meta property=\"product:availability\" content=\"instock\" \/>\n<meta property=\"product:retailer_item_id\" content=\"212030170712\" \/>\n<meta property=\"product:condition\" content=\"new\" \/>\n<!-- \/ Yoast SEO Premium plugin. -->","yoast_head_json":{"title":"BATERIA COMP HP DV9000\/HSTNN-IB33\/HSTNN-IB34A - tienda de electr\u00f3nica y computaci\u00f3n","robots":{"index":"index","follow":"follow","max-snippet":"max-snippet:-1","max-image-preview":"max-image-preview:large","max-video-preview":"max-video-preview:-1"},"canonical":"https:\/\/comerciallin.com\/index.php\/producto\/bateria-comp-hp-dv9000-hstnn-ib33-hstnn-ib34a\/","og_locale":"es_ES","og_type":"article","og_title":"BATERIA COMP HP DV9000\/HSTNN-IB33\/HSTNN-IB34A","og_description":"Voltaje 14.4 Voltios   Compatible Devices Laptop   Tipo de celda de bater&iacute;a Litio Ion   Capacidad 5200 Miliamperios Hora (mAh)","og_url":"https:\/\/comerciallin.com\/index.php\/producto\/bateria-comp-hp-dv9000-hstnn-ib33-hstnn-ib34a\/","og_site_name":"tienda de electr\u00f3nica y computaci\u00f3n","article_modified_time":"2025-01-14T18:54:34+00:00","og_image":[{"width":992,"height":744,"url":"https:\/\/comerciallin.com\/wp-content\/uploads\/2023\/02\/212030170712.jpg","type":"image\/jpeg"}],"twitter_card":"summary_large_image","twitter_misc":{"Precio":"&#36;37,95","Availability":"In stock"},"schema":{"@context":"https:\/\/schema.org","@graph":[{"@type":"WebSite","@id":"https:\/\/comerciallin.com\/#website","url":"https:\/\/comerciallin.com\/","name":"tienda de electr\u00f3nica y computaci\u00f3n","description":"Importadora de Electr\u00f3nica y Computaci\u00f3n","potentialAction":[{"@type":"SearchAction","target":{"@type":"EntryPoint","urlTemplate":"https:\/\/comerciallin.com\/?s={search_term_string}"},"query-input":"required name=search_term_string"}],"inLanguage":"es"},{"@type":"ImageObject","@id":"https:\/\/comerciallin.com\/index.php\/producto\/bateria-comp-hp-dv9000-hstnn-ib33-hstnn-ib34a\/#primaryimage","inLanguage":"es","url":"https:\/\/i0.wp.com\/comerciallin.com\/wp-content\/uploads\/2023\/02\/212030170712.jpg?fit=992%2C744&ssl=1","contentUrl":"https:\/\/i0.wp.com\/comerciallin.com\/wp-content\/uploads\/2023\/02\/212030170712.jpg?fit=992%2C744&ssl=1","width":992,"height":744,"caption":"BATERIA COMP HP DV9000\/HSTNN-IB33\/HSTNN-IB34A"},{"@type":"WebPage","@id":"https:\/\/comerciallin.com\/index.php\/producto\/bateria-comp-hp-dv9000-hstnn-ib33-hstnn-ib34a\/#webpage","url":"https:\/\/comerciallin.com\/index.php\/producto\/bateria-comp-hp-dv9000-hstnn-ib33-hstnn-ib34a\/","name":"BATERIA COMP HP DV9000\/HSTNN-IB33\/HSTNN-IB34A - tienda de electr\u00f3nica y computaci\u00f3n","isPartOf":{"@id":"https:\/\/comerciallin.com\/#website"},"primaryImageOfPage":{"@id":"https:\/\/comerciallin.com\/index.php\/producto\/bateria-comp-hp-dv9000-hstnn-ib33-hstnn-ib34a\/#primaryimage"},"datePublished":"2022-11-07T18:28:08+00:00","dateModified":"2025-01-14T18:54:34+00:00","breadcrumb":{"@id":"https:\/\/comerciallin.com\/index.php\/producto\/bateria-comp-hp-dv9000-hstnn-ib33-hstnn-ib34a\/#breadcrumb"},"inLanguage":"es","potentialAction":[{"@type":"ReadAction","target":["https:\/\/comerciallin.com\/index.php\/producto\/bateria-comp-hp-dv9000-hstnn-ib33-hstnn-ib34a\/"]}]},{"@type":"BreadcrumbList","@id":"https:\/\/comerciallin.com\/index.php\/producto\/bateria-comp-hp-dv9000-hstnn-ib33-hstnn-ib34a\/#breadcrumb","itemListElement":[{"@type":"ListItem","position":1,"name":"Inicio","item":"https:\/\/comerciallin.com\/"},{"@type":"ListItem","position":2,"name":"Shop","item":"https:\/\/comerciallin.com\/?page_id=3853"},{"@type":"ListItem","position":3,"name":"BATERIA COMP HP DV9000\/HSTNN-IB33\/HSTNN-IB34A"}]}]},"product_price_amount":"37.95","product_price_currency":"USD","og_availability":"instock","product_availability":"instock","product_retailer_item_id":"212030170712","product_condition":"new"},"jetpack-related-posts":[{"id":19249,"url":"https:\/\/comerciallin.com\/index.php\/producto\/bateria-comp-hp-dv1000-dv1100-d1200-dv130\/","url_meta":{"origin":19229,"position":0},"title":"BATERIA COMP HP DV1000\/ DV1100\/ D1200\/ DV130","date":"7 de noviembre de 2022","format":false,"excerpt":"Color: Negro Capacidad: 5200mAh Voltage : 10.80V\/11.10V","rel":"","context":"Entrada similar","img":{"alt_text":"","src":"","width":0,"height":0},"classes":[]},{"id":19643,"url":"https:\/\/comerciallin.com\/index.php\/producto\/bateria-p-lapto-hp-pi06-pi09-hstnn-lb4n-hstn\/","url_meta":{"origin":19229,"position":1},"title":"BATERIA P. LAPTO HP PI06\/PI09\/HSTNN-LB4N\/HSTN","date":"7 de noviembre de 2022","format":false,"excerpt":"6 celdas para port\u00e1til HP PI06 P106 710417-001 710416-001 \u2021LB4N Envy Pavilion TouchSmart 14 15 17","rel":"","context":"Entrada similar","img":{"alt_text":"","src":"","width":0,"height":0},"classes":[]},{"id":19169,"url":"https:\/\/comerciallin.com\/index.php\/producto\/bateria-comp-hp-m006-dv4-5000\/","url_meta":{"origin":19229,"position":2},"title":"BATERIA COMP HP M006\/DV4-5000","date":"7 de noviembre de 2022","format":false,"excerpt":"Voltaje 10.8 Voltios Peso de la Bater\u00eda 328 Gramos Compatible Devices Laptop, Notebook","rel":"","context":"Entrada similar","img":{"alt_text":"","src":"","width":0,"height":0},"classes":[]},{"id":19187,"url":"https:\/\/comerciallin.com\/index.php\/producto\/bateria-comp-hp-vk04\/","url_meta":{"origin":19229,"position":3},"title":"BATERIA COMP HP VK04","date":"7 de noviembre de 2022","format":false,"excerpt":"Pilas 1 Iones de litio (Tipo de pila necesaria) Peso de la Bater\u00eda 200 Gramos Compatible Devices Laptop, Notebook Tipo de celda de bater\u00eda Litio Ion","rel":"","context":"Entrada similar","img":{"alt_text":"","src":"","width":0,"height":0},"classes":[]},{"id":23866,"url":"https:\/\/comerciallin.com\/index.php\/producto\/teclado-p-lapto-comp-hp-dv4\/","url_meta":{"origin":19229,"position":4},"title":"TECLADO P. LAPTO COMP HP DV4","date":"3 de mayo de 2023","format":false,"excerpt":"Teclado laptop HP DV4 es 486901-001, HP Pavilion DV4-1000, HP Pavilion DV4-1100, HP Pavilion DV4-1200, HP Pavilion DV4-1301","rel":"","context":"Entrada similar","img":{"alt_text":"","src":"","width":0,"height":0},"classes":[]},{"id":23856,"url":"https:\/\/comerciallin.com\/index.php\/producto\/teclado-p-lapto-comp-hp-14-n-r\/","url_meta":{"origin":19229,"position":5},"title":"TECLADO P. LAPTO COMP HP 14-N\/R","date":"3 de mayo de 2023","format":false,"excerpt":"Teclado laptop HP 14-N\/R es 740102-001, HP Pavilion 14-n, HP Pavilion 14-r, HP Pavilion 14-e, HP Pavilion 14-g","rel":"","context":"Entrada similar","img":{"alt_text":"","src":"","width":0,"height":0},"classes":[]}],"jetpack_sharing_enabled":true,"jetpack_likes_enabled":true,"_links":{"self":[{"href":"https:\/\/comerciallin.com\/index.php\/wp-json\/wp\/v2\/product\/19229"}],"collection":[{"href":"https:\/\/comerciallin.com\/index.php\/wp-json\/wp\/v2\/product"}],"about":[{"href":"https:\/\/comerciallin.com\/index.php\/wp-json\/wp\/v2\/types\/product"}],"replies":[{"embeddable":true,"href":"https:\/\/comerciallin.com\/index.php\/wp-json\/wp\/v2\/comments?post=19229"}],"wp:featuredmedia":[{"embeddable":true,"href":"https:\/\/comerciallin.com\/index.php\/wp-json\/wp\/v2\/media\/21653"}],"wp:attachment":[{"href":"https:\/\/comerciallin.com\/index.php\/wp-json\/wp\/v2\/media?parent=19229"}],"wp:term":[{"taxonomy":"product_cat","embeddable":true,"href":"https:\/\/comerciallin.com\/index.php\/wp-json\/wp\/v2\/product_cat?post=19229"},{"taxonomy":"product_tag","embeddable":true,"href":"https:\/\/comerciallin.com\/index.php\/wp-json\/wp\/v2\/product_tag?post=19229"}],"curies":[{"name":"wp","href":"https:\/\/api.w.org\/{rel}","templated":true}]}}