{"id":19215,"date":"2022-11-07T13:28:06","date_gmt":"2022-11-07T18:28:06","guid":{"rendered":"https:\/\/comerciallin.com\/index.php\/producto\/disco-duro-250gb-ssd-ex900-m-2-mve-pciex\/"},"modified":"2025-01-14T13:55:55","modified_gmt":"2025-01-14T18:55:55","slug":"disco-duro-250gb-ssd-ex900-m-2-mve-pciex","status":"publish","type":"product","link":"https:\/\/comerciallin.com\/index.php\/producto\/disco-duro-250gb-ssd-ex900-m-2-mve-pciex\/","title":{"rendered":"DISCO DURO 250GB SSD EX900 M.2 MVE PCIEX"},"content":{"rendered":"<div>\n<p><strong>Un SSD M.2 2280 ultrarr&aacute;pido<\/strong><\/p>\n<p><span>Construido con memoria flash 3D NAND de calidad superior y controlador HP de 4 canales, y operando a trav&eacute;s de la interfaz de host PCI 3.0 x4, el HP EX900 rompe el cuello de botella de almacenamiento y lleva su experiencia inform&aacute;tica al siguiente nivel con el lanzamiento instant&aacute;neo del programa, mucho menos juego tiempo de carga y arranque y apagado casi instant&aacute;neo del sistema operativo.&nbsp;Un factor de forma M.2 2280 puede adaptarse a Ultrabooks, PC ultra compactas y las placas base de escritorio de nueva generaci&oacute;n.&nbsp;El EX900 tambi&eacute;n ofrece una velocidad consistentemente r&aacute;pida sobre el uso, y una estabilidad y confiabilidad inmejorables que puede esperar de la marca HP, durante a&ntilde;os de rendimiento sin problemas.<\/span><\/p>\n<p><strong>Ultra alto rendimiento sin latencia<\/strong><\/p>\n<\/p><\/div>\n<div>\n<p><span>La velocidad de lectura y escritura del EX900 alcanza 2100MB \/ sy 1500MB \/ s * respectivamente, lo que garantiza una velocidad m&aacute;s r&aacute;pida y una mayor eficiencia.&nbsp;EX900 acelera completamente los sistemas de PC, permitiendo el arranque de PC, el inicio del programa y la carga de archivos en segundos.<\/span><\/p>\n<p><span>* La velocidad de lectura y escritura de los datos de prueba es para la capacidad de 500 GB.&nbsp;Los datos pueden variar en diferentes capacidades y diferentes entornos de prueba.<\/span><\/p>\n<\/p><\/div>\n","protected":false},"excerpt":{"rendered":"<ul>\n<li><span><strong>MANTENGA LA REINVENTACI&Oacute;N, EL CAMINO HP:<\/strong> HP SSD EX900 M.2: la elecci&oacute;n para alta eficiencia, sin esfuerzo y velocidad extraordinaria<\/span><\/li>\n<li><span><strong>LECTURA DE VELOCIDAD DE ESCRITURA:<\/strong> Velocidades secuenciales de lectura \/ escritura de hasta 2100 MB \/ s \/ 1300 MB \/ s, una confiabilidad l&iacute;der en la industria (MTBF) de 2 millones de horas<\/span><\/li>\n<\/ul>\n","protected":false},"featured_media":21865,"comment_status":"open","ping_status":"closed","template":"","meta":{"spay_email":""},"product_cat":[815],"product_tag":[],"supplier_id":null,"supplier_sku":"","barcode":null,"atum_controlled":true,"out_stock_date":null,"out_stock_threshold":null,"inheritable":false,"inbound_stock":null,"stock_on_hold":0,"sold_today":0,"sales_last_days":0,"reserved_stock":null,"customer_returns":null,"warehouse_damage":null,"lost_in_post":null,"other_logs":null,"out_stock_days":0,"lost_sales":0,"has_location":null,"update_date":"2026-05-07T00:17:38","atum_locations":[],"atum_stock_status":"instock","restock_status":false,"low_stock_amount":"","sales_update_date":"2026-05-07T00:17:38","calc_backorders":null,"acf":[],"yoast_head":"<!-- This site is optimized with the Yoast SEO Premium plugin v17.4 (Yoast SEO v17.4) - https:\/\/yoast.com\/wordpress\/plugins\/seo\/ -->\n<title>DISCO DURO 250GB SSD EX900 M.2 MVE PCIEX - tienda de electr\u00f3nica y computaci\u00f3n<\/title>\n<meta name=\"robots\" content=\"index, follow, max-snippet:-1, max-image-preview:large, max-video-preview:-1\" \/>\n<link rel=\"canonical\" href=\"https:\/\/comerciallin.com\/index.php\/producto\/disco-duro-250gb-ssd-ex900-m-2-mve-pciex\/\" \/>\n<meta property=\"og:locale\" content=\"es_ES\" \/>\n<meta property=\"og:type\" content=\"article\" \/>\n<meta property=\"og:title\" content=\"DISCO DURO 250GB SSD EX900 M.2 MVE PCIEX\" \/>\n<meta property=\"og:description\" content=\"MANTENGA LA REINVENTACI&Oacute;N, EL CAMINO HP: HP SSD EX900 M.2: la elecci&oacute;n para alta eficiencia, sin esfuerzo y velocidad extraordinaria LECTURA DE VELOCIDAD DE ESCRITURA: Velocidades secuenciales de lectura \/ escritura de hasta 2100 MB \/ s \/ 1300 MB \/ s, una confiabilidad l&iacute;der en la industria (MTBF) de 2 millones de horas\" \/>\n<meta property=\"og:url\" content=\"https:\/\/comerciallin.com\/index.php\/producto\/disco-duro-250gb-ssd-ex900-m-2-mve-pciex\/\" \/>\n<meta property=\"og:site_name\" content=\"tienda de electr\u00f3nica y computaci\u00f3n\" \/>\n<meta property=\"article:modified_time\" content=\"2025-01-14T18:55:55+00:00\" \/>\n<meta name=\"twitter:card\" content=\"summary_large_image\" \/>\n<meta name=\"twitter:image\" content=\"https:\/\/i0.wp.com\/comerciallin.com\/wp-content\/uploads\/2023\/02\/054030120405.jpg?fit=%2C&amp;ssl=1\" \/>\n<meta name=\"twitter:label1\" content=\"Precio\" \/>\n\t<meta name=\"twitter:data1\" content=\"&#36;67,26\" \/>\n\t<meta name=\"twitter:label2\" content=\"Availability\" \/>\n\t<meta name=\"twitter:data2\" content=\"In stock\" \/>\n<script type=\"application\/ld+json\" class=\"yoast-schema-graph\">{\"@context\":\"https:\/\/schema.org\",\"@graph\":[{\"@type\":\"WebSite\",\"@id\":\"https:\/\/comerciallin.com\/#website\",\"url\":\"https:\/\/comerciallin.com\/\",\"name\":\"tienda de electr\\u00f3nica y computaci\\u00f3n\",\"description\":\"Importadora de Electr\\u00f3nica y Computaci\\u00f3n\",\"potentialAction\":[{\"@type\":\"SearchAction\",\"target\":{\"@type\":\"EntryPoint\",\"urlTemplate\":\"https:\/\/comerciallin.com\/?s={search_term_string}\"},\"query-input\":\"required name=search_term_string\"}],\"inLanguage\":\"es\"},{\"@type\":\"ImageObject\",\"@id\":\"https:\/\/comerciallin.com\/index.php\/producto\/disco-duro-250gb-ssd-ex900-m-2-mve-pciex\/#primaryimage\",\"inLanguage\":\"es\",\"url\":\"https:\/\/i0.wp.com\/comerciallin.com\/wp-content\/uploads\/2023\/02\/054030120405.jpg?fit=%2C&ssl=1\",\"contentUrl\":\"https:\/\/i0.wp.com\/comerciallin.com\/wp-content\/uploads\/2023\/02\/054030120405.jpg?fit=%2C&ssl=1\",\"caption\":\"DISCO DURO 250GB SSD EX900 M.2 MVE PCIEX\"},{\"@type\":\"WebPage\",\"@id\":\"https:\/\/comerciallin.com\/index.php\/producto\/disco-duro-250gb-ssd-ex900-m-2-mve-pciex\/#webpage\",\"url\":\"https:\/\/comerciallin.com\/index.php\/producto\/disco-duro-250gb-ssd-ex900-m-2-mve-pciex\/\",\"name\":\"DISCO DURO 250GB SSD EX900 M.2 MVE PCIEX - tienda de electr\\u00f3nica y computaci\\u00f3n\",\"isPartOf\":{\"@id\":\"https:\/\/comerciallin.com\/#website\"},\"primaryImageOfPage\":{\"@id\":\"https:\/\/comerciallin.com\/index.php\/producto\/disco-duro-250gb-ssd-ex900-m-2-mve-pciex\/#primaryimage\"},\"datePublished\":\"2022-11-07T18:28:06+00:00\",\"dateModified\":\"2025-01-14T18:55:55+00:00\",\"breadcrumb\":{\"@id\":\"https:\/\/comerciallin.com\/index.php\/producto\/disco-duro-250gb-ssd-ex900-m-2-mve-pciex\/#breadcrumb\"},\"inLanguage\":\"es\",\"potentialAction\":[{\"@type\":\"ReadAction\",\"target\":[\"https:\/\/comerciallin.com\/index.php\/producto\/disco-duro-250gb-ssd-ex900-m-2-mve-pciex\/\"]}]},{\"@type\":\"BreadcrumbList\",\"@id\":\"https:\/\/comerciallin.com\/index.php\/producto\/disco-duro-250gb-ssd-ex900-m-2-mve-pciex\/#breadcrumb\",\"itemListElement\":[{\"@type\":\"ListItem\",\"position\":1,\"name\":\"Inicio\",\"item\":\"https:\/\/comerciallin.com\/\"},{\"@type\":\"ListItem\",\"position\":2,\"name\":\"Shop\",\"item\":\"https:\/\/comerciallin.com\/?page_id=3853\"},{\"@type\":\"ListItem\",\"position\":3,\"name\":\"DISCO DURO 250GB SSD EX900 M.2 MVE PCIEX\"}]}]}<\/script>\n<meta property=\"product:price:amount\" content=\"67.26\" \/>\n<meta property=\"product:price:currency\" content=\"USD\" \/>\n<meta property=\"og:availability\" content=\"instock\" \/>\n<meta property=\"product:availability\" content=\"instock\" \/>\n<meta property=\"product:retailer_item_id\" content=\"54030120405\" \/>\n<meta property=\"product:condition\" content=\"new\" \/>\n<!-- \/ Yoast SEO Premium plugin. -->","yoast_head_json":{"title":"DISCO DURO 250GB SSD EX900 M.2 MVE PCIEX - tienda de electr\u00f3nica y computaci\u00f3n","robots":{"index":"index","follow":"follow","max-snippet":"max-snippet:-1","max-image-preview":"max-image-preview:large","max-video-preview":"max-video-preview:-1"},"canonical":"https:\/\/comerciallin.com\/index.php\/producto\/disco-duro-250gb-ssd-ex900-m-2-mve-pciex\/","og_locale":"es_ES","og_type":"article","og_title":"DISCO DURO 250GB SSD EX900 M.2 MVE PCIEX","og_description":"MANTENGA LA REINVENTACI&Oacute;N, EL CAMINO HP: HP SSD EX900 M.2: la elecci&oacute;n para alta eficiencia, sin esfuerzo y velocidad extraordinaria LECTURA DE VELOCIDAD DE ESCRITURA: Velocidades secuenciales de lectura \/ escritura de hasta 2100 MB \/ s \/ 1300 MB \/ s, una confiabilidad l&iacute;der en la industria (MTBF) de 2 millones de horas","og_url":"https:\/\/comerciallin.com\/index.php\/producto\/disco-duro-250gb-ssd-ex900-m-2-mve-pciex\/","og_site_name":"tienda de electr\u00f3nica y computaci\u00f3n","article_modified_time":"2025-01-14T18:55:55+00:00","twitter_card":"summary_large_image","twitter_image":"https:\/\/i0.wp.com\/comerciallin.com\/wp-content\/uploads\/2023\/02\/054030120405.jpg?fit=%2C&ssl=1","twitter_misc":{"Precio":"&#36;67,26","Availability":"In stock"},"schema":{"@context":"https:\/\/schema.org","@graph":[{"@type":"WebSite","@id":"https:\/\/comerciallin.com\/#website","url":"https:\/\/comerciallin.com\/","name":"tienda de electr\u00f3nica y computaci\u00f3n","description":"Importadora de Electr\u00f3nica y Computaci\u00f3n","potentialAction":[{"@type":"SearchAction","target":{"@type":"EntryPoint","urlTemplate":"https:\/\/comerciallin.com\/?s={search_term_string}"},"query-input":"required name=search_term_string"}],"inLanguage":"es"},{"@type":"ImageObject","@id":"https:\/\/comerciallin.com\/index.php\/producto\/disco-duro-250gb-ssd-ex900-m-2-mve-pciex\/#primaryimage","inLanguage":"es","url":"https:\/\/i0.wp.com\/comerciallin.com\/wp-content\/uploads\/2023\/02\/054030120405.jpg?fit=%2C&ssl=1","contentUrl":"https:\/\/i0.wp.com\/comerciallin.com\/wp-content\/uploads\/2023\/02\/054030120405.jpg?fit=%2C&ssl=1","caption":"DISCO DURO 250GB SSD EX900 M.2 MVE PCIEX"},{"@type":"WebPage","@id":"https:\/\/comerciallin.com\/index.php\/producto\/disco-duro-250gb-ssd-ex900-m-2-mve-pciex\/#webpage","url":"https:\/\/comerciallin.com\/index.php\/producto\/disco-duro-250gb-ssd-ex900-m-2-mve-pciex\/","name":"DISCO DURO 250GB SSD EX900 M.2 MVE PCIEX - tienda de electr\u00f3nica y computaci\u00f3n","isPartOf":{"@id":"https:\/\/comerciallin.com\/#website"},"primaryImageOfPage":{"@id":"https:\/\/comerciallin.com\/index.php\/producto\/disco-duro-250gb-ssd-ex900-m-2-mve-pciex\/#primaryimage"},"datePublished":"2022-11-07T18:28:06+00:00","dateModified":"2025-01-14T18:55:55+00:00","breadcrumb":{"@id":"https:\/\/comerciallin.com\/index.php\/producto\/disco-duro-250gb-ssd-ex900-m-2-mve-pciex\/#breadcrumb"},"inLanguage":"es","potentialAction":[{"@type":"ReadAction","target":["https:\/\/comerciallin.com\/index.php\/producto\/disco-duro-250gb-ssd-ex900-m-2-mve-pciex\/"]}]},{"@type":"BreadcrumbList","@id":"https:\/\/comerciallin.com\/index.php\/producto\/disco-duro-250gb-ssd-ex900-m-2-mve-pciex\/#breadcrumb","itemListElement":[{"@type":"ListItem","position":1,"name":"Inicio","item":"https:\/\/comerciallin.com\/"},{"@type":"ListItem","position":2,"name":"Shop","item":"https:\/\/comerciallin.com\/?page_id=3853"},{"@type":"ListItem","position":3,"name":"DISCO DURO 250GB SSD EX900 M.2 MVE PCIEX"}]}]},"product_price_amount":"67.26","product_price_currency":"USD","og_availability":"instock","product_availability":"instock","product_retailer_item_id":"54030120405","product_condition":"new"},"jetpack-related-posts":[{"id":19371,"url":"https:\/\/comerciallin.com\/index.php\/producto\/portatil-hp-ci3-1125g4-4gb-m-2-250gb-14-dq2\/","url_meta":{"origin":19215,"position":0},"title":"PORTATIL HP CI3 1125G4 4GB | M.2 250GB 14-DQ2","date":"7 de noviembre de 2022","format":false,"excerpt":"Marca:\u00a0HPModelo: 14-DY0003LAProcesador: Intel\u00ae Core\u2122 i3-1125G4 | 11.\u00aa generaci\u00f3nMemoria RAM:\u00a04GB DDR4Almacenamiento: SSD 250 GB M.2Pantalla: 14.0\u2033 FHDGarant\u00eda: 1 A\u00f1oAceptamos todas las tarjetas de cr\u00e9ditoRealizamos env\u00edos a todo el pa\u00eds","rel":"","context":"Entrada similar","img":{"alt_text":"","src":"","width":0,"height":0},"classes":[]},{"id":19579,"url":"https:\/\/comerciallin.com\/index.php\/producto\/bateria-comp-hp-vi04\/","url_meta":{"origin":19215,"position":1},"title":"BATERIA COMP HP VI04","date":"7 de noviembre de 2022","format":false,"excerpt":"Bater\u00eda port\u00e1til HP VI04 V104 756743-001 -\u00a0 756745-001 756744-001 756478-851 756478-422 756478-421 756480-421 ProBook 450 G2 40 Cuaderno 40 G2 V104XL de alto rendimiento, 4 celdas 2600 mAh, 41 Wh 14.8 V","rel":"","context":"Entrada similar","img":{"alt_text":"","src":"","width":0,"height":0},"classes":[]},{"id":19289,"url":"https:\/\/comerciallin.com\/index.php\/producto\/disco-duro-ssd-2-5-a400-480gb-kingstong\/","url_meta":{"origin":19215,"position":2},"title":"DISCO DURO SSD 2.5 A400 480GB KINGSTONG","date":"7 de noviembre de 2022","format":false,"excerpt":"Marca: Kingstong Factor de forma: SSD interno de 2,5 pulgadas Interfaz: SATA 6.0Gb\/s Capacidad total:\u00a0480 GB* Garant\u00eda: Limitada de 1 a\u00f1os Velocidad de lectura secuencial: hasta 500 MB\/s** Velocidad de escritura secuencial: hasta 450 MB\/s** \"","rel":"","context":"Entrada similar","img":{"alt_text":"","src":"","width":0,"height":0},"classes":[]},{"id":26053,"url":"https:\/\/comerciallin.com\/index.php\/producto\/disco-duro-ssd-2-5-a400-240gb-kingstong-2\/","url_meta":{"origin":19215,"position":3},"title":"DISCO DURO SSD 2.5 A400 240GB KINGSTONG","date":"26 de enero de 2024","format":false,"excerpt":"El disco duro SSD 2.5 A400 240GB Kingstong es una excelente opci\u00f3n para quienes buscan un disco duro de estado s\u00f3lido de alta calidad y asequible. Este disco duro ofrece velocidades de transferencia de datos ultrarr\u00e1pidas, lo que lo hace ideal para tareas como juegos, edici\u00f3n de video y arranque\u2026","rel":"","context":"Entrada similar","img":{"alt_text":"DISCO DURO SSD 2.5 A400 240GB KINGSTONG","src":"https:\/\/i0.wp.com\/comerciallin.com\/wp-content\/uploads\/2024\/01\/405403010111-1.jpg?fit=1080%2C1080&ssl=1&resize=350%2C200","width":350,"height":200},"classes":[]},{"id":19213,"url":"https:\/\/comerciallin.com\/index.php\/producto\/disco-duro-480gb-solido-gigabyte-2-5-sata\/","url_meta":{"origin":19215,"position":4},"title":"DISCO DURO 480GB SOLIDO GIGABYTE 2.5&#8243; SATA","date":"7 de noviembre de 2022","format":false,"excerpt":"Factor de forma: SSD interno de 2,5 pulgadas Interfaz: SATA 6.0Gb\/s Capacidad total: 480 GB* Garant\u00eda: Limitada de 1 a\u00f1os Velocidad de lectura secuencial: hasta 550 MB\/s** Velocidad de escritura secuencial: hasta 480 MB\/s** Compatibilidad con TRIM y S.M.A.R.T.","rel":"","context":"Entrada similar","img":{"alt_text":"","src":"","width":0,"height":0},"classes":[]}],"jetpack_sharing_enabled":true,"jetpack_likes_enabled":true,"_links":{"self":[{"href":"https:\/\/comerciallin.com\/index.php\/wp-json\/wp\/v2\/product\/19215"}],"collection":[{"href":"https:\/\/comerciallin.com\/index.php\/wp-json\/wp\/v2\/product"}],"about":[{"href":"https:\/\/comerciallin.com\/index.php\/wp-json\/wp\/v2\/types\/product"}],"replies":[{"embeddable":true,"href":"https:\/\/comerciallin.com\/index.php\/wp-json\/wp\/v2\/comments?post=19215"}],"wp:featuredmedia":[{"embeddable":true,"href":"https:\/\/comerciallin.com\/index.php\/wp-json\/wp\/v2\/media\/21865"}],"wp:attachment":[{"href":"https:\/\/comerciallin.com\/index.php\/wp-json\/wp\/v2\/media?parent=19215"}],"wp:term":[{"taxonomy":"product_cat","embeddable":true,"href":"https:\/\/comerciallin.com\/index.php\/wp-json\/wp\/v2\/product_cat?post=19215"},{"taxonomy":"product_tag","embeddable":true,"href":"https:\/\/comerciallin.com\/index.php\/wp-json\/wp\/v2\/product_tag?post=19215"}],"curies":[{"name":"wp","href":"https:\/\/api.w.org\/{rel}","templated":true}]}}