{"id":19203,"date":"2022-11-07T13:27:51","date_gmt":"2022-11-07T18:27:51","guid":{"rendered":"https:\/\/comerciallin.com\/index.php\/producto\/bateria-comp-hp-tx2-touchsmart-tx1000-tx11006\/"},"modified":"2025-01-14T13:54:36","modified_gmt":"2025-01-14T18:54:36","slug":"bateria-comp-hp-tx2-touchsmart-tx1000-tx11006","status":"publish","type":"product","link":"https:\/\/comerciallin.com\/index.php\/producto\/bateria-comp-hp-tx2-touchsmart-tx1000-tx11006\/","title":{"rendered":"BATERIA COMP HP TX2-TOUCHSMART\/TX1000\/TX11006"},"content":{"rendered":"<p><strong>Compatible:<\/strong> HP TouchSmart TX2-1160EA battery &#8211; 8800mAh,8 cells<\/p>\n","protected":false},"excerpt":{"rendered":"<p><strong>Voltaje:<\/strong>&nbsp;7.4 Voltios<br \/><strong>Compatible Devices:<\/strong>&nbsp;Laptop,&nbsp;Notebook<br \/><strong>Tipo de celda de bater&iacute;a:<\/strong>&nbsp;Litio Ion&nbsp;<br \/><strong>Capacidad:<\/strong>&nbsp;8800 Miliamperios Hora<\/p>\n","protected":false},"featured_media":21669,"comment_status":"open","ping_status":"closed","template":"","meta":{"spay_email":""},"product_cat":[794],"product_tag":[],"supplier_id":null,"supplier_sku":"","barcode":null,"atum_controlled":true,"out_stock_date":null,"out_stock_threshold":null,"inheritable":false,"inbound_stock":null,"stock_on_hold":0,"sold_today":0,"sales_last_days":0,"reserved_stock":null,"customer_returns":null,"warehouse_damage":null,"lost_in_post":null,"other_logs":null,"out_stock_days":0,"lost_sales":0,"has_location":null,"update_date":"2026-04-10T23:45:16","atum_locations":[],"atum_stock_status":"instock","restock_status":false,"low_stock_amount":"","sales_update_date":"2026-04-10T23:45:16","calc_backorders":null,"acf":[],"yoast_head":"<!-- This site is optimized with the Yoast SEO Premium plugin v17.4 (Yoast SEO v17.4) - https:\/\/yoast.com\/wordpress\/plugins\/seo\/ -->\n<title>BATERIA COMP HP TX2-TOUCHSMART\/TX1000\/TX11006 - tienda de electr\u00f3nica y computaci\u00f3n<\/title>\n<meta name=\"robots\" content=\"index, follow, max-snippet:-1, max-image-preview:large, max-video-preview:-1\" \/>\n<link rel=\"canonical\" href=\"https:\/\/comerciallin.com\/index.php\/producto\/bateria-comp-hp-tx2-touchsmart-tx1000-tx11006\/\" \/>\n<meta property=\"og:locale\" content=\"es_ES\" \/>\n<meta property=\"og:type\" content=\"article\" \/>\n<meta property=\"og:title\" content=\"BATERIA COMP HP TX2-TOUCHSMART\/TX1000\/TX11006\" \/>\n<meta property=\"og:description\" content=\"Voltaje:&nbsp;7.4 VoltiosCompatible Devices:&nbsp;Laptop,&nbsp;NotebookTipo de celda de bater&iacute;a:&nbsp;Litio Ion&nbsp;Capacidad:&nbsp;8800 Miliamperios Hora\" \/>\n<meta property=\"og:url\" content=\"https:\/\/comerciallin.com\/index.php\/producto\/bateria-comp-hp-tx2-touchsmart-tx1000-tx11006\/\" \/>\n<meta property=\"og:site_name\" content=\"tienda de electr\u00f3nica y computaci\u00f3n\" \/>\n<meta property=\"article:modified_time\" content=\"2025-01-14T18:54:36+00:00\" \/>\n<meta name=\"twitter:card\" content=\"summary_large_image\" \/>\n<meta name=\"twitter:image\" content=\"https:\/\/i0.wp.com\/comerciallin.com\/wp-content\/uploads\/2023\/02\/537030180512.jpg?fit=%2C&amp;ssl=1\" \/>\n<meta name=\"twitter:label1\" content=\"Precio\" \/>\n\t<meta name=\"twitter:data1\" content=\"&#36;57,50\" \/>\n\t<meta name=\"twitter:label2\" content=\"Availability\" \/>\n\t<meta name=\"twitter:data2\" content=\"In stock\" \/>\n<script type=\"application\/ld+json\" class=\"yoast-schema-graph\">{\"@context\":\"https:\/\/schema.org\",\"@graph\":[{\"@type\":\"WebSite\",\"@id\":\"https:\/\/comerciallin.com\/#website\",\"url\":\"https:\/\/comerciallin.com\/\",\"name\":\"tienda de electr\\u00f3nica y computaci\\u00f3n\",\"description\":\"Importadora de Electr\\u00f3nica y Computaci\\u00f3n\",\"potentialAction\":[{\"@type\":\"SearchAction\",\"target\":{\"@type\":\"EntryPoint\",\"urlTemplate\":\"https:\/\/comerciallin.com\/?s={search_term_string}\"},\"query-input\":\"required name=search_term_string\"}],\"inLanguage\":\"es\"},{\"@type\":\"ImageObject\",\"@id\":\"https:\/\/comerciallin.com\/index.php\/producto\/bateria-comp-hp-tx2-touchsmart-tx1000-tx11006\/#primaryimage\",\"inLanguage\":\"es\",\"url\":\"https:\/\/i0.wp.com\/comerciallin.com\/wp-content\/uploads\/2023\/02\/537030180512.jpg?fit=%2C&ssl=1\",\"contentUrl\":\"https:\/\/i0.wp.com\/comerciallin.com\/wp-content\/uploads\/2023\/02\/537030180512.jpg?fit=%2C&ssl=1\",\"caption\":\"BATERIA COMP HP TX2-TOUCHSMART\/TX1000\/TX11006\"},{\"@type\":\"WebPage\",\"@id\":\"https:\/\/comerciallin.com\/index.php\/producto\/bateria-comp-hp-tx2-touchsmart-tx1000-tx11006\/#webpage\",\"url\":\"https:\/\/comerciallin.com\/index.php\/producto\/bateria-comp-hp-tx2-touchsmart-tx1000-tx11006\/\",\"name\":\"BATERIA COMP HP TX2-TOUCHSMART\/TX1000\/TX11006 - tienda de electr\\u00f3nica y computaci\\u00f3n\",\"isPartOf\":{\"@id\":\"https:\/\/comerciallin.com\/#website\"},\"primaryImageOfPage\":{\"@id\":\"https:\/\/comerciallin.com\/index.php\/producto\/bateria-comp-hp-tx2-touchsmart-tx1000-tx11006\/#primaryimage\"},\"datePublished\":\"2022-11-07T18:27:51+00:00\",\"dateModified\":\"2025-01-14T18:54:36+00:00\",\"breadcrumb\":{\"@id\":\"https:\/\/comerciallin.com\/index.php\/producto\/bateria-comp-hp-tx2-touchsmart-tx1000-tx11006\/#breadcrumb\"},\"inLanguage\":\"es\",\"potentialAction\":[{\"@type\":\"ReadAction\",\"target\":[\"https:\/\/comerciallin.com\/index.php\/producto\/bateria-comp-hp-tx2-touchsmart-tx1000-tx11006\/\"]}]},{\"@type\":\"BreadcrumbList\",\"@id\":\"https:\/\/comerciallin.com\/index.php\/producto\/bateria-comp-hp-tx2-touchsmart-tx1000-tx11006\/#breadcrumb\",\"itemListElement\":[{\"@type\":\"ListItem\",\"position\":1,\"name\":\"Inicio\",\"item\":\"https:\/\/comerciallin.com\/\"},{\"@type\":\"ListItem\",\"position\":2,\"name\":\"Shop\",\"item\":\"https:\/\/comerciallin.com\/?page_id=3853\"},{\"@type\":\"ListItem\",\"position\":3,\"name\":\"BATERIA COMP HP TX2-TOUCHSMART\/TX1000\/TX11006\"}]}]}<\/script>\n<meta property=\"product:price:amount\" content=\"57.50\" \/>\n<meta property=\"product:price:currency\" content=\"USD\" \/>\n<meta property=\"og:availability\" content=\"instock\" \/>\n<meta property=\"product:availability\" content=\"instock\" \/>\n<meta property=\"product:retailer_item_id\" content=\"537030180512\" \/>\n<meta property=\"product:condition\" content=\"new\" \/>\n<!-- \/ Yoast SEO Premium plugin. -->","yoast_head_json":{"title":"BATERIA COMP HP TX2-TOUCHSMART\/TX1000\/TX11006 - tienda de electr\u00f3nica y computaci\u00f3n","robots":{"index":"index","follow":"follow","max-snippet":"max-snippet:-1","max-image-preview":"max-image-preview:large","max-video-preview":"max-video-preview:-1"},"canonical":"https:\/\/comerciallin.com\/index.php\/producto\/bateria-comp-hp-tx2-touchsmart-tx1000-tx11006\/","og_locale":"es_ES","og_type":"article","og_title":"BATERIA COMP HP TX2-TOUCHSMART\/TX1000\/TX11006","og_description":"Voltaje:&nbsp;7.4 VoltiosCompatible Devices:&nbsp;Laptop,&nbsp;NotebookTipo de celda de bater&iacute;a:&nbsp;Litio Ion&nbsp;Capacidad:&nbsp;8800 Miliamperios Hora","og_url":"https:\/\/comerciallin.com\/index.php\/producto\/bateria-comp-hp-tx2-touchsmart-tx1000-tx11006\/","og_site_name":"tienda de electr\u00f3nica y computaci\u00f3n","article_modified_time":"2025-01-14T18:54:36+00:00","twitter_card":"summary_large_image","twitter_image":"https:\/\/i0.wp.com\/comerciallin.com\/wp-content\/uploads\/2023\/02\/537030180512.jpg?fit=%2C&ssl=1","twitter_misc":{"Precio":"&#36;57,50","Availability":"In stock"},"schema":{"@context":"https:\/\/schema.org","@graph":[{"@type":"WebSite","@id":"https:\/\/comerciallin.com\/#website","url":"https:\/\/comerciallin.com\/","name":"tienda de electr\u00f3nica y computaci\u00f3n","description":"Importadora de Electr\u00f3nica y Computaci\u00f3n","potentialAction":[{"@type":"SearchAction","target":{"@type":"EntryPoint","urlTemplate":"https:\/\/comerciallin.com\/?s={search_term_string}"},"query-input":"required name=search_term_string"}],"inLanguage":"es"},{"@type":"ImageObject","@id":"https:\/\/comerciallin.com\/index.php\/producto\/bateria-comp-hp-tx2-touchsmart-tx1000-tx11006\/#primaryimage","inLanguage":"es","url":"https:\/\/i0.wp.com\/comerciallin.com\/wp-content\/uploads\/2023\/02\/537030180512.jpg?fit=%2C&ssl=1","contentUrl":"https:\/\/i0.wp.com\/comerciallin.com\/wp-content\/uploads\/2023\/02\/537030180512.jpg?fit=%2C&ssl=1","caption":"BATERIA COMP HP TX2-TOUCHSMART\/TX1000\/TX11006"},{"@type":"WebPage","@id":"https:\/\/comerciallin.com\/index.php\/producto\/bateria-comp-hp-tx2-touchsmart-tx1000-tx11006\/#webpage","url":"https:\/\/comerciallin.com\/index.php\/producto\/bateria-comp-hp-tx2-touchsmart-tx1000-tx11006\/","name":"BATERIA COMP HP TX2-TOUCHSMART\/TX1000\/TX11006 - tienda de electr\u00f3nica y computaci\u00f3n","isPartOf":{"@id":"https:\/\/comerciallin.com\/#website"},"primaryImageOfPage":{"@id":"https:\/\/comerciallin.com\/index.php\/producto\/bateria-comp-hp-tx2-touchsmart-tx1000-tx11006\/#primaryimage"},"datePublished":"2022-11-07T18:27:51+00:00","dateModified":"2025-01-14T18:54:36+00:00","breadcrumb":{"@id":"https:\/\/comerciallin.com\/index.php\/producto\/bateria-comp-hp-tx2-touchsmart-tx1000-tx11006\/#breadcrumb"},"inLanguage":"es","potentialAction":[{"@type":"ReadAction","target":["https:\/\/comerciallin.com\/index.php\/producto\/bateria-comp-hp-tx2-touchsmart-tx1000-tx11006\/"]}]},{"@type":"BreadcrumbList","@id":"https:\/\/comerciallin.com\/index.php\/producto\/bateria-comp-hp-tx2-touchsmart-tx1000-tx11006\/#breadcrumb","itemListElement":[{"@type":"ListItem","position":1,"name":"Inicio","item":"https:\/\/comerciallin.com\/"},{"@type":"ListItem","position":2,"name":"Shop","item":"https:\/\/comerciallin.com\/?page_id=3853"},{"@type":"ListItem","position":3,"name":"BATERIA COMP HP TX2-TOUCHSMART\/TX1000\/TX11006"}]}]},"product_price_amount":"57.50","product_price_currency":"USD","og_availability":"instock","product_availability":"instock","product_retailer_item_id":"537030180512","product_condition":"new"},"jetpack-related-posts":[{"id":19643,"url":"https:\/\/comerciallin.com\/index.php\/producto\/bateria-p-lapto-hp-pi06-pi09-hstnn-lb4n-hstn\/","url_meta":{"origin":19203,"position":0},"title":"BATERIA P. LAPTO HP PI06\/PI09\/HSTNN-LB4N\/HSTN","date":"7 de noviembre de 2022","format":false,"excerpt":"6 celdas para port\u00e1til HP PI06 P106 710417-001 710416-001 \u2021LB4N Envy Pavilion TouchSmart 14 15 17","rel":"","context":"Entrada similar","img":{"alt_text":"","src":"","width":0,"height":0},"classes":[]},{"id":19141,"url":"https:\/\/comerciallin.com\/index.php\/producto\/bateria-comp-hp-mr03-740722-001-740005-141-hb\/","url_meta":{"origin":19203,"position":1},"title":"BATERIA COMP HP MR03\/740722-001\/740005-141\/HB","date":"7 de noviembre de 2022","format":false,"excerpt":"HP MR03 hstnn-ib5t 740005 \u2013 121 740722 \u2013 001, HP Pavilion 10 TouchSmart Series","rel":"","context":"Entrada similar","img":{"alt_text":"","src":"","width":0,"height":0},"classes":[]},{"id":19124,"url":"https:\/\/comerciallin.com\/index.php\/producto\/bateria-comp-hp-hy04-hstnn-ib4u-hstnn-yb4u-t0\/","url_meta":{"origin":19203,"position":2},"title":"BATERIA COMP HP HY04\/HSTNN-IB4U\/HSTNN-YB4U\/T0","date":"7 de noviembre de 2022","format":false,"excerpt":"Voltaje 14.8 Voltios Peso de la Bater\u00eda 274 Gramos Compatible Devices Laptop","rel":"","context":"Entrada similar","img":{"alt_text":"","src":"","width":0,"height":0},"classes":[]},{"id":19143,"url":"https:\/\/comerciallin.com\/index.php\/producto\/bateria-comp-hp-touchsmart-tm2-tm2-1000-tm2-q\/","url_meta":{"origin":19203,"position":3},"title":"BATERIA COMP HP TOUCHSMART TM2\/TM2-1000\/TM2-Q","date":"7 de noviembre de 2022","format":false,"excerpt":"HSTNN-XB0Q 586021 \u2013 001 HSTNN-DB0Q WD547AA 582215 \u2013 241","rel":"","context":"Entrada similar","img":{"alt_text":"","src":"","width":0,"height":0},"classes":[]},{"id":19064,"url":"https:\/\/comerciallin.com\/index.php\/producto\/bateria-p-lapto-hp-cc06-cc06x-cc06xl-6360\/","url_meta":{"origin":19203,"position":4},"title":"BATERIA P. LAPTO HP CC06\/ CC06X\/ CC06XL\/ 6360","date":"7 de noviembre de 2022","format":false,"excerpt":"bater\u00eda para HP ProBook 6360b 6460b 6465b 6470b 6475B 6560b 6565b 6570b","rel":"","context":"Entrada similar","img":{"alt_text":"","src":"","width":0,"height":0},"classes":[]},{"id":19641,"url":"https:\/\/comerciallin.com\/index.php\/producto\/bateria-p-lapto-hp-dv2000\/","url_meta":{"origin":19203,"position":5},"title":"BATERIA P. LAPTO HP DV2000","date":"7 de noviembre de 2022","format":false,"excerpt":"Bater\u00eda de repuesto compatible con HP DV2000","rel":"","context":"Entrada similar","img":{"alt_text":"","src":"","width":0,"height":0},"classes":[]}],"jetpack_sharing_enabled":true,"jetpack_likes_enabled":true,"_links":{"self":[{"href":"https:\/\/comerciallin.com\/index.php\/wp-json\/wp\/v2\/product\/19203"}],"collection":[{"href":"https:\/\/comerciallin.com\/index.php\/wp-json\/wp\/v2\/product"}],"about":[{"href":"https:\/\/comerciallin.com\/index.php\/wp-json\/wp\/v2\/types\/product"}],"replies":[{"embeddable":true,"href":"https:\/\/comerciallin.com\/index.php\/wp-json\/wp\/v2\/comments?post=19203"}],"wp:featuredmedia":[{"embeddable":true,"href":"https:\/\/comerciallin.com\/index.php\/wp-json\/wp\/v2\/media\/21669"}],"wp:attachment":[{"href":"https:\/\/comerciallin.com\/index.php\/wp-json\/wp\/v2\/media?parent=19203"}],"wp:term":[{"taxonomy":"product_cat","embeddable":true,"href":"https:\/\/comerciallin.com\/index.php\/wp-json\/wp\/v2\/product_cat?post=19203"},{"taxonomy":"product_tag","embeddable":true,"href":"https:\/\/comerciallin.com\/index.php\/wp-json\/wp\/v2\/product_tag?post=19203"}],"curies":[{"name":"wp","href":"https:\/\/api.w.org\/{rel}","templated":true}]}}