{"id":19197,"date":"2022-11-07T13:27:49","date_gmt":"2022-11-07T18:27:49","guid":{"rendered":"https:\/\/comerciallin.com\/index.php\/producto\/bateria-p-lapto-comp-hp-hs04\/"},"modified":"2025-01-14T13:54:43","modified_gmt":"2025-01-14T18:54:43","slug":"bateria-p-lapto-comp-hp-hs04","status":"publish","type":"product","link":"https:\/\/comerciallin.com\/index.php\/producto\/bateria-p-lapto-comp-hp-hs04\/","title":{"rendered":"BATERIA P. LAPTO COMP HP HS04"},"content":{"rendered":"<p>Sustituye a OEM: hs04, 807956 \u2013 001, 807957 \u2013 001<\/p>\n","protected":false},"excerpt":{"rendered":"<table role=\"\">\n<tbody>\n<tr>\n<th>Modelo<\/th>\n<td>M2Q95AA#AC3<\/td>\n<\/tr>\n<tr>\n<th>Nombre del modelo<\/th>\n<td>HS04 Notebook Battery<\/td>\n<\/tr>\n<tr>\n<th>Model Year<\/th>\n<td>2015<\/td>\n<\/tr>\n<tr>\n<th>Dimensiones del producto<\/th>\n<td>27.31 x 3.48 x 2.08 cm; 420 gramos<\/td>\n<\/tr>\n<tr>\n<th>Pilas<\/th>\n<td>1 Litio Ion (Tipo de pila necesaria)<\/td>\n<\/tr>\n<\/tbody>\n<\/table>\n","protected":false},"featured_media":21700,"comment_status":"open","ping_status":"closed","template":"","meta":{"spay_email":""},"product_cat":[794],"product_tag":[],"supplier_id":null,"supplier_sku":"","barcode":null,"atum_controlled":true,"out_stock_date":null,"out_stock_threshold":null,"inheritable":false,"inbound_stock":null,"stock_on_hold":0,"sold_today":0,"sales_last_days":0,"reserved_stock":null,"customer_returns":null,"warehouse_damage":null,"lost_in_post":null,"other_logs":null,"out_stock_days":0,"lost_sales":0,"has_location":null,"update_date":"2026-04-03T23:40:31","atum_locations":[],"atum_stock_status":"instock","restock_status":false,"low_stock_amount":"","sales_update_date":"2026-04-03T23:40:31","calc_backorders":null,"acf":[],"yoast_head":"<!-- This site is optimized with the Yoast SEO Premium plugin v17.4 (Yoast SEO v17.4) - https:\/\/yoast.com\/wordpress\/plugins\/seo\/ -->\n<title>BATERIA P. LAPTO COMP HP HS04 - tienda de electr\u00f3nica y computaci\u00f3n<\/title>\n<meta name=\"robots\" content=\"index, follow, max-snippet:-1, max-image-preview:large, max-video-preview:-1\" \/>\n<link rel=\"canonical\" href=\"https:\/\/comerciallin.com\/index.php\/producto\/bateria-p-lapto-comp-hp-hs04\/\" \/>\n<meta property=\"og:locale\" content=\"es_ES\" \/>\n<meta property=\"og:type\" content=\"article\" \/>\n<meta property=\"og:title\" content=\"BATERIA P. LAPTO COMP HP HS04\" \/>\n<meta property=\"og:description\" content=\"Modelo M2Q95AA#AC3   Nombre del modelo HS04 Notebook Battery   Model Year 2015   Dimensiones del producto 27.31 x 3.48 x 2.08 cm; 420 gramos   Pilas 1 Litio Ion (Tipo de pila necesaria)\" \/>\n<meta property=\"og:url\" content=\"https:\/\/comerciallin.com\/index.php\/producto\/bateria-p-lapto-comp-hp-hs04\/\" \/>\n<meta property=\"og:site_name\" content=\"tienda de electr\u00f3nica y computaci\u00f3n\" \/>\n<meta property=\"article:modified_time\" content=\"2025-01-14T18:54:43+00:00\" \/>\n<meta name=\"twitter:card\" content=\"summary_large_image\" \/>\n<meta name=\"twitter:image\" content=\"https:\/\/i0.wp.com\/comerciallin.com\/wp-content\/uploads\/2023\/02\/537030100814.jpg?fit=%2C&amp;ssl=1\" \/>\n<meta name=\"twitter:label1\" content=\"Precio\" \/>\n\t<meta name=\"twitter:data1\" content=\"&#36;44,85\" \/>\n\t<meta name=\"twitter:label2\" content=\"Availability\" \/>\n\t<meta name=\"twitter:data2\" content=\"In stock\" \/>\n<script type=\"application\/ld+json\" class=\"yoast-schema-graph\">{\"@context\":\"https:\/\/schema.org\",\"@graph\":[{\"@type\":\"WebSite\",\"@id\":\"https:\/\/comerciallin.com\/#website\",\"url\":\"https:\/\/comerciallin.com\/\",\"name\":\"tienda de electr\\u00f3nica y computaci\\u00f3n\",\"description\":\"Importadora de Electr\\u00f3nica y Computaci\\u00f3n\",\"potentialAction\":[{\"@type\":\"SearchAction\",\"target\":{\"@type\":\"EntryPoint\",\"urlTemplate\":\"https:\/\/comerciallin.com\/?s={search_term_string}\"},\"query-input\":\"required name=search_term_string\"}],\"inLanguage\":\"es\"},{\"@type\":\"ImageObject\",\"@id\":\"https:\/\/comerciallin.com\/index.php\/producto\/bateria-p-lapto-comp-hp-hs04\/#primaryimage\",\"inLanguage\":\"es\",\"url\":\"https:\/\/i0.wp.com\/comerciallin.com\/wp-content\/uploads\/2023\/02\/537030100814.jpg?fit=%2C&ssl=1\",\"contentUrl\":\"https:\/\/i0.wp.com\/comerciallin.com\/wp-content\/uploads\/2023\/02\/537030100814.jpg?fit=%2C&ssl=1\",\"caption\":\"BATERIA P. LAPTO COMP HP HS04\"},{\"@type\":\"WebPage\",\"@id\":\"https:\/\/comerciallin.com\/index.php\/producto\/bateria-p-lapto-comp-hp-hs04\/#webpage\",\"url\":\"https:\/\/comerciallin.com\/index.php\/producto\/bateria-p-lapto-comp-hp-hs04\/\",\"name\":\"BATERIA P. LAPTO COMP HP HS04 - tienda de electr\\u00f3nica y computaci\\u00f3n\",\"isPartOf\":{\"@id\":\"https:\/\/comerciallin.com\/#website\"},\"primaryImageOfPage\":{\"@id\":\"https:\/\/comerciallin.com\/index.php\/producto\/bateria-p-lapto-comp-hp-hs04\/#primaryimage\"},\"datePublished\":\"2022-11-07T18:27:49+00:00\",\"dateModified\":\"2025-01-14T18:54:43+00:00\",\"breadcrumb\":{\"@id\":\"https:\/\/comerciallin.com\/index.php\/producto\/bateria-p-lapto-comp-hp-hs04\/#breadcrumb\"},\"inLanguage\":\"es\",\"potentialAction\":[{\"@type\":\"ReadAction\",\"target\":[\"https:\/\/comerciallin.com\/index.php\/producto\/bateria-p-lapto-comp-hp-hs04\/\"]}]},{\"@type\":\"BreadcrumbList\",\"@id\":\"https:\/\/comerciallin.com\/index.php\/producto\/bateria-p-lapto-comp-hp-hs04\/#breadcrumb\",\"itemListElement\":[{\"@type\":\"ListItem\",\"position\":1,\"name\":\"Inicio\",\"item\":\"https:\/\/comerciallin.com\/\"},{\"@type\":\"ListItem\",\"position\":2,\"name\":\"Shop\",\"item\":\"https:\/\/comerciallin.com\/?page_id=3853\"},{\"@type\":\"ListItem\",\"position\":3,\"name\":\"BATERIA P. LAPTO COMP HP HS04\"}]}]}<\/script>\n<meta property=\"product:price:amount\" content=\"44.85\" \/>\n<meta property=\"product:price:currency\" content=\"USD\" \/>\n<meta property=\"og:availability\" content=\"instock\" \/>\n<meta property=\"product:availability\" content=\"instock\" \/>\n<meta property=\"product:retailer_item_id\" content=\"537030100814\" \/>\n<meta property=\"product:condition\" content=\"new\" \/>\n<!-- \/ Yoast SEO Premium plugin. -->","yoast_head_json":{"title":"BATERIA P. LAPTO COMP HP HS04 - tienda de electr\u00f3nica y computaci\u00f3n","robots":{"index":"index","follow":"follow","max-snippet":"max-snippet:-1","max-image-preview":"max-image-preview:large","max-video-preview":"max-video-preview:-1"},"canonical":"https:\/\/comerciallin.com\/index.php\/producto\/bateria-p-lapto-comp-hp-hs04\/","og_locale":"es_ES","og_type":"article","og_title":"BATERIA P. LAPTO COMP HP HS04","og_description":"Modelo M2Q95AA#AC3   Nombre del modelo HS04 Notebook Battery   Model Year 2015   Dimensiones del producto 27.31 x 3.48 x 2.08 cm; 420 gramos   Pilas 1 Litio Ion (Tipo de pila necesaria)","og_url":"https:\/\/comerciallin.com\/index.php\/producto\/bateria-p-lapto-comp-hp-hs04\/","og_site_name":"tienda de electr\u00f3nica y computaci\u00f3n","article_modified_time":"2025-01-14T18:54:43+00:00","twitter_card":"summary_large_image","twitter_image":"https:\/\/i0.wp.com\/comerciallin.com\/wp-content\/uploads\/2023\/02\/537030100814.jpg?fit=%2C&ssl=1","twitter_misc":{"Precio":"&#36;44,85","Availability":"In stock"},"schema":{"@context":"https:\/\/schema.org","@graph":[{"@type":"WebSite","@id":"https:\/\/comerciallin.com\/#website","url":"https:\/\/comerciallin.com\/","name":"tienda de electr\u00f3nica y computaci\u00f3n","description":"Importadora de Electr\u00f3nica y Computaci\u00f3n","potentialAction":[{"@type":"SearchAction","target":{"@type":"EntryPoint","urlTemplate":"https:\/\/comerciallin.com\/?s={search_term_string}"},"query-input":"required name=search_term_string"}],"inLanguage":"es"},{"@type":"ImageObject","@id":"https:\/\/comerciallin.com\/index.php\/producto\/bateria-p-lapto-comp-hp-hs04\/#primaryimage","inLanguage":"es","url":"https:\/\/i0.wp.com\/comerciallin.com\/wp-content\/uploads\/2023\/02\/537030100814.jpg?fit=%2C&ssl=1","contentUrl":"https:\/\/i0.wp.com\/comerciallin.com\/wp-content\/uploads\/2023\/02\/537030100814.jpg?fit=%2C&ssl=1","caption":"BATERIA P. LAPTO COMP HP HS04"},{"@type":"WebPage","@id":"https:\/\/comerciallin.com\/index.php\/producto\/bateria-p-lapto-comp-hp-hs04\/#webpage","url":"https:\/\/comerciallin.com\/index.php\/producto\/bateria-p-lapto-comp-hp-hs04\/","name":"BATERIA P. LAPTO COMP HP HS04 - tienda de electr\u00f3nica y computaci\u00f3n","isPartOf":{"@id":"https:\/\/comerciallin.com\/#website"},"primaryImageOfPage":{"@id":"https:\/\/comerciallin.com\/index.php\/producto\/bateria-p-lapto-comp-hp-hs04\/#primaryimage"},"datePublished":"2022-11-07T18:27:49+00:00","dateModified":"2025-01-14T18:54:43+00:00","breadcrumb":{"@id":"https:\/\/comerciallin.com\/index.php\/producto\/bateria-p-lapto-comp-hp-hs04\/#breadcrumb"},"inLanguage":"es","potentialAction":[{"@type":"ReadAction","target":["https:\/\/comerciallin.com\/index.php\/producto\/bateria-p-lapto-comp-hp-hs04\/"]}]},{"@type":"BreadcrumbList","@id":"https:\/\/comerciallin.com\/index.php\/producto\/bateria-p-lapto-comp-hp-hs04\/#breadcrumb","itemListElement":[{"@type":"ListItem","position":1,"name":"Inicio","item":"https:\/\/comerciallin.com\/"},{"@type":"ListItem","position":2,"name":"Shop","item":"https:\/\/comerciallin.com\/?page_id=3853"},{"@type":"ListItem","position":3,"name":"BATERIA P. LAPTO COMP HP HS04"}]}]},"product_price_amount":"44.85","product_price_currency":"USD","og_availability":"instock","product_availability":"instock","product_retailer_item_id":"537030100814","product_condition":"new"},"jetpack-related-posts":[{"id":19100,"url":"https:\/\/comerciallin.com\/index.php\/producto\/bateria-comp-hp-dm1-3000-626869-321-626869-8b\/","url_meta":{"origin":19197,"position":0},"title":"BATERIA COMP HP DM1-3000\/626869-321\/626869-8B","date":"7 de noviembre de 2022","format":false,"excerpt":"Voltaje 11.1 Voltios Compatible Devices Laptop, Notebook Dimensiones del art\u00edculo Largo x Ancho x Altura 8.07 x 2.43 x 0.93 pulgadas","rel":"","context":"Entrada similar","img":{"alt_text":"","src":"","width":0,"height":0},"classes":[]},{"id":19141,"url":"https:\/\/comerciallin.com\/index.php\/producto\/bateria-comp-hp-mr03-740722-001-740005-141-hb\/","url_meta":{"origin":19197,"position":1},"title":"BATERIA COMP HP MR03\/740722-001\/740005-141\/HB","date":"7 de noviembre de 2022","format":false,"excerpt":"HP MR03 hstnn-ib5t 740005 \u2013 121 740722 \u2013 001, HP Pavilion 10 TouchSmart Series","rel":"","context":"Entrada similar","img":{"alt_text":"","src":"","width":0,"height":0},"classes":[]},{"id":19173,"url":"https:\/\/comerciallin.com\/index.php\/producto\/bateria-comp-hp-6520-6520s-6520p-515-510-5111\/","url_meta":{"origin":19197,"position":2},"title":"BATERIA COMP HP 6520\/6520S\/6520P\/515\/510\/5111","date":"7 de noviembre de 2022","format":false,"excerpt":"Compatible Model: Hp Compaq 6520, Compaq 6520s, Compaq 6520p Compatible By Part Number: HSTNN-DB51, 451545-361, 456623-001","rel":"","context":"Entrada similar","img":{"alt_text":"","src":"","width":0,"height":0},"classes":[]},{"id":19171,"url":"https:\/\/comerciallin.com\/index.php\/producto\/bateria-comp-hp-210-1000-cq20-582213-121-590p\/","url_meta":{"origin":19197,"position":3},"title":"BATERIA COMP HP 210-1000\/CQ20\/582213-121\/590P","date":"7 de noviembre de 2022","format":false,"excerpt":"Especificaciones: 6\u00a0celdas, bater\u00eda de iones de litio, nominal de 11,1\u00a0V (compatible con 10,8\u00a0V) 5200\u00a0mAh Modelos Compatibles: 6\u00a0Cel Bater\u00eda para NY220AA NY221AA 537626\u00a0\u2013\u00a0001\u00a0HP Mini 110\u00a0Compaq 110\u00a0\u00b0C 102\u00a0110\u00a0\u2013\u00a01000","rel":"","context":"Entrada similar","img":{"alt_text":"","src":"","width":0,"height":0},"classes":[]},{"id":19729,"url":"https:\/\/comerciallin.com\/index.php\/producto\/bateria-comp-hp-cq42-dm4-cq32\/","url_meta":{"origin":19197,"position":4},"title":"BATERIA COMP HP CQ42\/DM4\/CQ32\/","date":"8 de noviembre de 2022","format":false,"excerpt":"Pilas 1 Iones de litio necesaria(s), incluida(s) Marca OMCreate Voltaje 11.1 Voltios Peso de la Bater\u00eda 300 Gramos Tipo de celda de bater\u00eda Litio Ion","rel":"","context":"Entrada similar","img":{"alt_text":"","src":"","width":0,"height":0},"classes":[]},{"id":19255,"url":"https:\/\/comerciallin.com\/index.php\/producto\/bateria-comp-hp-210-1000-cq20-hstnn-db0p-hstp\/","url_meta":{"origin":19197,"position":5},"title":"BATERIA COMP HP 210-1000\/CQ20\/HSTNN-DB0P\/HSTP","date":"7 de noviembre de 2022","format":false,"excerpt":"Especificaciones: 6\u00a0celdas, bater\u00eda de iones de litio, nominal de 11,1\u00a0V (compatible con 10,8\u00a0V) 5200\u00a0mAh Modelos Compatibles: 6\u00a0Cel Bater\u00eda para NY220AA NY221AA 537626\u00a0\u2013\u00a0001\u00a0HP Mini 110\u00a0Compaq 110\u00a0\u00b0C 102\u00a0110\u00a0\u2013\u00a01000","rel":"","context":"Entrada similar","img":{"alt_text":"BATERIA COMP HP 210-1000\/CQ20\/HSTNN-DB0P\/HSTP","src":"https:\/\/i0.wp.com\/comerciallin.com\/wp-content\/uploads\/2023\/04\/537030190403.jpg?fit=992%2C744&ssl=1&resize=350%2C200","width":350,"height":200},"classes":[]}],"jetpack_sharing_enabled":true,"jetpack_likes_enabled":true,"_links":{"self":[{"href":"https:\/\/comerciallin.com\/index.php\/wp-json\/wp\/v2\/product\/19197"}],"collection":[{"href":"https:\/\/comerciallin.com\/index.php\/wp-json\/wp\/v2\/product"}],"about":[{"href":"https:\/\/comerciallin.com\/index.php\/wp-json\/wp\/v2\/types\/product"}],"replies":[{"embeddable":true,"href":"https:\/\/comerciallin.com\/index.php\/wp-json\/wp\/v2\/comments?post=19197"}],"wp:featuredmedia":[{"embeddable":true,"href":"https:\/\/comerciallin.com\/index.php\/wp-json\/wp\/v2\/media\/21700"}],"wp:attachment":[{"href":"https:\/\/comerciallin.com\/index.php\/wp-json\/wp\/v2\/media?parent=19197"}],"wp:term":[{"taxonomy":"product_cat","embeddable":true,"href":"https:\/\/comerciallin.com\/index.php\/wp-json\/wp\/v2\/product_cat?post=19197"},{"taxonomy":"product_tag","embeddable":true,"href":"https:\/\/comerciallin.com\/index.php\/wp-json\/wp\/v2\/product_tag?post=19197"}],"curies":[{"name":"wp","href":"https:\/\/api.w.org\/{rel}","templated":true}]}}