{"id":19187,"date":"2022-11-07T13:27:46","date_gmt":"2022-11-07T18:27:46","guid":{"rendered":"https:\/\/comerciallin.com\/index.php\/producto\/bateria-comp-hp-vk04\/"},"modified":"2025-01-14T13:54:38","modified_gmt":"2025-01-14T18:54:38","slug":"bateria-comp-hp-vk04","status":"publish","type":"product","link":"https:\/\/comerciallin.com\/index.php\/producto\/bateria-comp-hp-vk04\/","title":{"rendered":"BATERIA COMP HP VK04"},"content":{"rendered":"<p><strong>N&uacute;meros de parte compatibles:<\/strong> 694864&nbsp;&ndash;&nbsp;851, 695192&nbsp;&ndash;&nbsp;001, H4Q45AA, HSTNN-Yb4D, Vk04<\/p>\n<p>Compatible con modelos de port&aacute;til:&lt;br\/&gt; HP Pavilion Sleekbook 14&nbsp;Series&lt;br\/&gt; Pavilion Sleekbook 14-b000<\/p>\n<p>Sleekbook 14-b000eo<\/p>\n<p>Sleekbook 14-b000ex<\/p>\n<p>Sleekbook 14-b000sg<\/p>\n<p>Pavilion Sleekbook 14-b000ss<\/p>\n<p>Sleekbook 14-b000sx<\/p>\n<p>Sleekbook 14-b001au<\/p>\n<p>Sleekbook 14-b001ea<\/p>\n<p>Pavilion Sleekbook 14-b001ek<\/p>\n<p>Sleekbook 14-b001sa<\/p>\n<p>Sleekbook 14-b001tx<\/p>\n<p>Sleekbook 14-b002au<\/p>\n<p>Pavilion Sleekbook 14-b002ea<\/p>\n<p>Sleekbook 14-b002eo<\/p>\n<p>Sleekbook 14-b002sk<\/p>\n<p>Sleekbook 14-b002tx<\/p>\n<p>Pavilion Sleekbook 14-b003au<\/p>\n<p>Sleekbook 14-b005au<\/p>\n<p>Sleekbook 14-b006au<\/p>\n<p>Sleekbook 14-b006tu<\/p>\n<p>Pavilion Sleekbook 14-b008tu<\/p>\n<p>Sleekbook 14-b009tu<\/p>\n<p>Sleekbook 14-b010au<\/p>\n<p>Sleekbook 14-b010tu<\/p>\n<p>Pavilion Sleekbook 14-b010us<\/p>\n<p>Sleekbook 14-b012tu<\/p>\n<p>Sleekbook 14-b013au<\/p>\n<p>Sleekbook 14-b013cl<\/p>\n<p>Pavilion Sleekbook 14-b013nr<\/p>\n<p>Sleekbook 14-b014au<\/p>\n<p>Sleekbook 14-b014tu<\/p>\n<p>Sleekbook 14-b015dx<\/p>\n<p>Pavilion Sleekbook 14-b017cl<\/p>\n<p>Sleekbook 14-b017nr<\/p>\n<p>Sleekbook 14-b019us<\/p>\n<p>Sleekbook 14-b020es<\/p>\n<p>Pavilion Sleekbook 14-b022au<\/p>\n<p>Sleekbook 14-b023au<\/p>\n<p>Sleekbook 14-b023tu<\/p>\n<p>Sleekbook 14-b026au<\/p>\n<p>Pavilion Sleekbook 14-b028au<\/p>\n<p>Sleekbook 14-b028tu<\/p>\n<p>Sleekbook 14-b029au<\/p>\n<p>Sleekbook 14-b029tu<\/p>\n","protected":false},"excerpt":{"rendered":"<table>\n<tbody>\n<tr>\n<td>Pilas<\/td>\n<td>1 Iones de litio (Tipo de pila necesaria)<\/td>\n<\/tr>\n<tr>\n<td>Peso de la Bater&iacute;a<\/td>\n<td>200 Gramos<\/td>\n<\/tr>\n<tr>\n<td>Compatible Devices<\/td>\n<td>Laptop, Notebook<\/td>\n<\/tr>\n<tr>\n<td>Tipo de celda de bater&iacute;a<\/td>\n<td>Litio Ion<\/td>\n<\/tr>\n<\/tbody>\n<\/table>\n","protected":false},"featured_media":21671,"comment_status":"open","ping_status":"closed","template":"","meta":{"spay_email":""},"product_cat":[794],"product_tag":[],"supplier_id":null,"supplier_sku":"","barcode":null,"atum_controlled":true,"out_stock_date":null,"out_stock_threshold":null,"inheritable":false,"inbound_stock":null,"stock_on_hold":0,"sold_today":0,"sales_last_days":0,"reserved_stock":null,"customer_returns":null,"warehouse_damage":null,"lost_in_post":null,"other_logs":null,"out_stock_days":0,"lost_sales":0,"has_location":null,"update_date":"2026-05-01T00:12:26","atum_locations":[],"atum_stock_status":"instock","restock_status":false,"low_stock_amount":"","sales_update_date":"2026-05-01T00:12:26","calc_backorders":null,"acf":[],"yoast_head":"<!-- This site is optimized with the Yoast SEO Premium plugin v17.4 (Yoast SEO v17.4) - https:\/\/yoast.com\/wordpress\/plugins\/seo\/ -->\n<title>BATERIA COMP HP VK04 - tienda de electr\u00f3nica y computaci\u00f3n<\/title>\n<meta name=\"robots\" content=\"index, follow, max-snippet:-1, max-image-preview:large, max-video-preview:-1\" \/>\n<link rel=\"canonical\" href=\"https:\/\/comerciallin.com\/index.php\/producto\/bateria-comp-hp-vk04\/\" \/>\n<meta property=\"og:locale\" content=\"es_ES\" \/>\n<meta property=\"og:type\" content=\"article\" \/>\n<meta property=\"og:title\" content=\"BATERIA COMP HP VK04\" \/>\n<meta property=\"og:description\" content=\"Pilas 1 Iones de litio (Tipo de pila necesaria)   Peso de la Bater&iacute;a 200 Gramos   Compatible Devices Laptop, Notebook   Tipo de celda de bater&iacute;a Litio Ion\" \/>\n<meta property=\"og:url\" content=\"https:\/\/comerciallin.com\/index.php\/producto\/bateria-comp-hp-vk04\/\" \/>\n<meta property=\"og:site_name\" content=\"tienda de electr\u00f3nica y computaci\u00f3n\" \/>\n<meta property=\"article:modified_time\" content=\"2025-01-14T18:54:38+00:00\" \/>\n<meta name=\"twitter:card\" content=\"summary_large_image\" \/>\n<meta name=\"twitter:image\" content=\"https:\/\/i0.wp.com\/comerciallin.com\/wp-content\/uploads\/2023\/02\/537030100808.jpg?fit=%2C&amp;ssl=1\" \/>\n<meta name=\"twitter:label1\" content=\"Precio\" \/>\n\t<meta name=\"twitter:data1\" content=\"&#36;44,85\" \/>\n\t<meta name=\"twitter:label2\" content=\"Availability\" \/>\n\t<meta name=\"twitter:data2\" content=\"In stock\" \/>\n<script type=\"application\/ld+json\" class=\"yoast-schema-graph\">{\"@context\":\"https:\/\/schema.org\",\"@graph\":[{\"@type\":\"WebSite\",\"@id\":\"https:\/\/comerciallin.com\/#website\",\"url\":\"https:\/\/comerciallin.com\/\",\"name\":\"tienda de electr\\u00f3nica y computaci\\u00f3n\",\"description\":\"Importadora de Electr\\u00f3nica y Computaci\\u00f3n\",\"potentialAction\":[{\"@type\":\"SearchAction\",\"target\":{\"@type\":\"EntryPoint\",\"urlTemplate\":\"https:\/\/comerciallin.com\/?s={search_term_string}\"},\"query-input\":\"required name=search_term_string\"}],\"inLanguage\":\"es\"},{\"@type\":\"ImageObject\",\"@id\":\"https:\/\/comerciallin.com\/index.php\/producto\/bateria-comp-hp-vk04\/#primaryimage\",\"inLanguage\":\"es\",\"url\":\"https:\/\/i0.wp.com\/comerciallin.com\/wp-content\/uploads\/2023\/02\/537030100808.jpg?fit=%2C&ssl=1\",\"contentUrl\":\"https:\/\/i0.wp.com\/comerciallin.com\/wp-content\/uploads\/2023\/02\/537030100808.jpg?fit=%2C&ssl=1\",\"caption\":\"BATERIA COMP HP VK04\"},{\"@type\":\"WebPage\",\"@id\":\"https:\/\/comerciallin.com\/index.php\/producto\/bateria-comp-hp-vk04\/#webpage\",\"url\":\"https:\/\/comerciallin.com\/index.php\/producto\/bateria-comp-hp-vk04\/\",\"name\":\"BATERIA COMP HP VK04 - tienda de electr\\u00f3nica y computaci\\u00f3n\",\"isPartOf\":{\"@id\":\"https:\/\/comerciallin.com\/#website\"},\"primaryImageOfPage\":{\"@id\":\"https:\/\/comerciallin.com\/index.php\/producto\/bateria-comp-hp-vk04\/#primaryimage\"},\"datePublished\":\"2022-11-07T18:27:46+00:00\",\"dateModified\":\"2025-01-14T18:54:38+00:00\",\"breadcrumb\":{\"@id\":\"https:\/\/comerciallin.com\/index.php\/producto\/bateria-comp-hp-vk04\/#breadcrumb\"},\"inLanguage\":\"es\",\"potentialAction\":[{\"@type\":\"ReadAction\",\"target\":[\"https:\/\/comerciallin.com\/index.php\/producto\/bateria-comp-hp-vk04\/\"]}]},{\"@type\":\"BreadcrumbList\",\"@id\":\"https:\/\/comerciallin.com\/index.php\/producto\/bateria-comp-hp-vk04\/#breadcrumb\",\"itemListElement\":[{\"@type\":\"ListItem\",\"position\":1,\"name\":\"Inicio\",\"item\":\"https:\/\/comerciallin.com\/\"},{\"@type\":\"ListItem\",\"position\":2,\"name\":\"Shop\",\"item\":\"https:\/\/comerciallin.com\/?page_id=3853\"},{\"@type\":\"ListItem\",\"position\":3,\"name\":\"BATERIA COMP HP VK04\"}]}]}<\/script>\n<meta property=\"product:price:amount\" content=\"44.85\" \/>\n<meta property=\"product:price:currency\" content=\"USD\" \/>\n<meta property=\"og:availability\" content=\"instock\" \/>\n<meta property=\"product:availability\" content=\"instock\" \/>\n<meta property=\"product:retailer_item_id\" content=\"537030100808\" \/>\n<meta property=\"product:condition\" content=\"new\" \/>\n<!-- \/ Yoast SEO Premium plugin. -->","yoast_head_json":{"title":"BATERIA COMP HP VK04 - tienda de electr\u00f3nica y computaci\u00f3n","robots":{"index":"index","follow":"follow","max-snippet":"max-snippet:-1","max-image-preview":"max-image-preview:large","max-video-preview":"max-video-preview:-1"},"canonical":"https:\/\/comerciallin.com\/index.php\/producto\/bateria-comp-hp-vk04\/","og_locale":"es_ES","og_type":"article","og_title":"BATERIA COMP HP VK04","og_description":"Pilas 1 Iones de litio (Tipo de pila necesaria)   Peso de la Bater&iacute;a 200 Gramos   Compatible Devices Laptop, Notebook   Tipo de celda de bater&iacute;a Litio Ion","og_url":"https:\/\/comerciallin.com\/index.php\/producto\/bateria-comp-hp-vk04\/","og_site_name":"tienda de electr\u00f3nica y computaci\u00f3n","article_modified_time":"2025-01-14T18:54:38+00:00","twitter_card":"summary_large_image","twitter_image":"https:\/\/i0.wp.com\/comerciallin.com\/wp-content\/uploads\/2023\/02\/537030100808.jpg?fit=%2C&ssl=1","twitter_misc":{"Precio":"&#36;44,85","Availability":"In stock"},"schema":{"@context":"https:\/\/schema.org","@graph":[{"@type":"WebSite","@id":"https:\/\/comerciallin.com\/#website","url":"https:\/\/comerciallin.com\/","name":"tienda de electr\u00f3nica y computaci\u00f3n","description":"Importadora de Electr\u00f3nica y Computaci\u00f3n","potentialAction":[{"@type":"SearchAction","target":{"@type":"EntryPoint","urlTemplate":"https:\/\/comerciallin.com\/?s={search_term_string}"},"query-input":"required name=search_term_string"}],"inLanguage":"es"},{"@type":"ImageObject","@id":"https:\/\/comerciallin.com\/index.php\/producto\/bateria-comp-hp-vk04\/#primaryimage","inLanguage":"es","url":"https:\/\/i0.wp.com\/comerciallin.com\/wp-content\/uploads\/2023\/02\/537030100808.jpg?fit=%2C&ssl=1","contentUrl":"https:\/\/i0.wp.com\/comerciallin.com\/wp-content\/uploads\/2023\/02\/537030100808.jpg?fit=%2C&ssl=1","caption":"BATERIA COMP HP VK04"},{"@type":"WebPage","@id":"https:\/\/comerciallin.com\/index.php\/producto\/bateria-comp-hp-vk04\/#webpage","url":"https:\/\/comerciallin.com\/index.php\/producto\/bateria-comp-hp-vk04\/","name":"BATERIA COMP HP VK04 - tienda de electr\u00f3nica y computaci\u00f3n","isPartOf":{"@id":"https:\/\/comerciallin.com\/#website"},"primaryImageOfPage":{"@id":"https:\/\/comerciallin.com\/index.php\/producto\/bateria-comp-hp-vk04\/#primaryimage"},"datePublished":"2022-11-07T18:27:46+00:00","dateModified":"2025-01-14T18:54:38+00:00","breadcrumb":{"@id":"https:\/\/comerciallin.com\/index.php\/producto\/bateria-comp-hp-vk04\/#breadcrumb"},"inLanguage":"es","potentialAction":[{"@type":"ReadAction","target":["https:\/\/comerciallin.com\/index.php\/producto\/bateria-comp-hp-vk04\/"]}]},{"@type":"BreadcrumbList","@id":"https:\/\/comerciallin.com\/index.php\/producto\/bateria-comp-hp-vk04\/#breadcrumb","itemListElement":[{"@type":"ListItem","position":1,"name":"Inicio","item":"https:\/\/comerciallin.com\/"},{"@type":"ListItem","position":2,"name":"Shop","item":"https:\/\/comerciallin.com\/?page_id=3853"},{"@type":"ListItem","position":3,"name":"BATERIA COMP HP VK04"}]}]},"product_price_amount":"44.85","product_price_currency":"USD","og_availability":"instock","product_availability":"instock","product_retailer_item_id":"537030100808","product_condition":"new"},"jetpack-related-posts":[{"id":23856,"url":"https:\/\/comerciallin.com\/index.php\/producto\/teclado-p-lapto-comp-hp-14-n-r\/","url_meta":{"origin":19187,"position":0},"title":"TECLADO P. LAPTO COMP HP 14-N\/R","date":"3 de mayo de 2023","format":false,"excerpt":"Teclado laptop HP 14-N\/R es 740102-001, HP Pavilion 14-n, HP Pavilion 14-r, HP Pavilion 14-e, HP Pavilion 14-g","rel":"","context":"Entrada similar","img":{"alt_text":"","src":"","width":0,"height":0},"classes":[]},{"id":19643,"url":"https:\/\/comerciallin.com\/index.php\/producto\/bateria-p-lapto-hp-pi06-pi09-hstnn-lb4n-hstn\/","url_meta":{"origin":19187,"position":1},"title":"BATERIA P. LAPTO HP PI06\/PI09\/HSTNN-LB4N\/HSTN","date":"7 de noviembre de 2022","format":false,"excerpt":"6 celdas para port\u00e1til HP PI06 P106 710417-001 710416-001 \u2021LB4N Envy Pavilion TouchSmart 14 15 17","rel":"","context":"Entrada similar","img":{"alt_text":"","src":"","width":0,"height":0},"classes":[]},{"id":19124,"url":"https:\/\/comerciallin.com\/index.php\/producto\/bateria-comp-hp-hy04-hstnn-ib4u-hstnn-yb4u-t0\/","url_meta":{"origin":19187,"position":2},"title":"BATERIA COMP HP HY04\/HSTNN-IB4U\/HSTNN-YB4U\/T0","date":"7 de noviembre de 2022","format":false,"excerpt":"Voltaje 14.8 Voltios Peso de la Bater\u00eda 274 Gramos Compatible Devices Laptop","rel":"","context":"Entrada similar","img":{"alt_text":"","src":"","width":0,"height":0},"classes":[]},{"id":19627,"url":"https:\/\/comerciallin.com\/index.php\/producto\/teclado-p-lapto-comp-hp-14-b000-u33\/","url_meta":{"origin":19187,"position":3},"title":"TECLADO P. LAPTO COMP HP 14-B000\/U33","date":"7 de noviembre de 2022","format":false,"excerpt":"Teclado HP Pavilion 14-b000 14-b 697904-161 U33 Series Espa\u00f1ol N\/P AEU33G00010 - Teclado en Espa\u00f1ol 14-B00 sin marco","rel":"","context":"Entrada similar","img":{"alt_text":"","src":"","width":0,"height":0},"classes":[]},{"id":19629,"url":"https:\/\/comerciallin.com\/index.php\/producto\/teclado-p-lapto-comp-hp-hp-14-ac-14-af-14-am\/","url_meta":{"origin":19187,"position":4},"title":"TECLADO P. LAPTO COMP HP HP 14-AC\/14-AF\/14-AM","date":"7 de noviembre de 2022","format":false,"excerpt":"Teclado para port\u00e1til (sin marco) HP Pavilion 14-ac 14-ac000 14-AC186LA 14-ac187la 14-ac022tx 14-AC114NA 14-ac107na nosotros dise\u00f1o color negro","rel":"","context":"Entrada similar","img":{"alt_text":"","src":"","width":0,"height":0},"classes":[]}],"jetpack_sharing_enabled":true,"jetpack_likes_enabled":true,"_links":{"self":[{"href":"https:\/\/comerciallin.com\/index.php\/wp-json\/wp\/v2\/product\/19187"}],"collection":[{"href":"https:\/\/comerciallin.com\/index.php\/wp-json\/wp\/v2\/product"}],"about":[{"href":"https:\/\/comerciallin.com\/index.php\/wp-json\/wp\/v2\/types\/product"}],"replies":[{"embeddable":true,"href":"https:\/\/comerciallin.com\/index.php\/wp-json\/wp\/v2\/comments?post=19187"}],"wp:featuredmedia":[{"embeddable":true,"href":"https:\/\/comerciallin.com\/index.php\/wp-json\/wp\/v2\/media\/21671"}],"wp:attachment":[{"href":"https:\/\/comerciallin.com\/index.php\/wp-json\/wp\/v2\/media?parent=19187"}],"wp:term":[{"taxonomy":"product_cat","embeddable":true,"href":"https:\/\/comerciallin.com\/index.php\/wp-json\/wp\/v2\/product_cat?post=19187"},{"taxonomy":"product_tag","embeddable":true,"href":"https:\/\/comerciallin.com\/index.php\/wp-json\/wp\/v2\/product_tag?post=19187"}],"curies":[{"name":"wp","href":"https:\/\/api.w.org\/{rel}","templated":true}]}}