{"id":19179,"date":"2022-11-07T13:27:43","date_gmt":"2022-11-07T18:27:43","guid":{"rendered":"https:\/\/comerciallin.com\/index.php\/producto\/bateria-comp-hp-ph06-4320s\/"},"modified":"2025-01-14T13:54:35","modified_gmt":"2025-01-14T18:54:35","slug":"bateria-comp-hp-ph06-4320s","status":"publish","type":"product","link":"https:\/\/comerciallin.com\/index.php\/producto\/bateria-comp-hp-ph06-4320s\/","title":{"rendered":"BATERIA COMP HP PH06\/4320S"},"content":{"rendered":"<table>\n<tbody>\n<tr>\n<td>Voltaje<\/td>\n<td>11.1 Voltios<\/td>\n<\/tr>\n<tr>\n<td>Capacidad<\/td>\n<td>4400 Miliamperios Hora (mAh)<\/td>\n<\/tr>\n<\/tbody>\n<\/table>\n<ul>\n<li>Producto de alta calidad.<\/li>\n<li>Voltaje: 11,1 V (compatible con 10,8 V). Capacidad: 4400 mAh. Celdas: 6 ciclos de recarga.<\/li>\n<\/ul>\n","protected":false},"excerpt":{"rendered":"<table>\n<tbody>\n<tr>\n<td>Voltaje<\/td>\n<td>11.1 Voltios<\/td>\n<\/tr>\n<tr>\n<td>Capacidad<\/td>\n<td>4400 Miliamperios Hora (mAh)<\/td>\n<\/tr>\n<\/tbody>\n<\/table>\n<ul>\n<li>Producto de alta calidad.<\/li>\n<li>Voltaje: 11,1 V (compatible con 10,8 V). Capacidad: 4400 mAh. Celdas: 6 ciclos de recarga.<\/li>\n<\/ul>\n","protected":false},"featured_media":21663,"comment_status":"open","ping_status":"closed","template":"","meta":{"spay_email":""},"product_cat":[794],"product_tag":[],"supplier_id":null,"supplier_sku":"","barcode":null,"atum_controlled":true,"out_stock_date":null,"out_stock_threshold":null,"inheritable":false,"inbound_stock":null,"stock_on_hold":0,"sold_today":0,"sales_last_days":0,"reserved_stock":null,"customer_returns":null,"warehouse_damage":null,"lost_in_post":null,"other_logs":null,"out_stock_days":0,"lost_sales":0,"has_location":null,"update_date":"2026-04-30T00:11:43","atum_locations":[],"atum_stock_status":"instock","restock_status":false,"low_stock_amount":"","sales_update_date":"2026-04-30T00:11:43","calc_backorders":null,"acf":[],"yoast_head":"<!-- This site is optimized with the Yoast SEO Premium plugin v17.4 (Yoast SEO v17.4) - https:\/\/yoast.com\/wordpress\/plugins\/seo\/ -->\n<title>BATERIA COMP HP PH06\/4320S - tienda de electr\u00f3nica y computaci\u00f3n<\/title>\n<meta name=\"robots\" content=\"index, follow, max-snippet:-1, max-image-preview:large, max-video-preview:-1\" \/>\n<link rel=\"canonical\" href=\"https:\/\/comerciallin.com\/index.php\/producto\/bateria-comp-hp-ph06-4320s\/\" \/>\n<meta property=\"og:locale\" content=\"es_ES\" \/>\n<meta property=\"og:type\" content=\"article\" \/>\n<meta property=\"og:title\" content=\"BATERIA COMP HP PH06\/4320S\" \/>\n<meta property=\"og:description\" content=\"Voltaje 11.1 Voltios   Capacidad 4400 Miliamperios Hora (mAh)     Producto de alta calidad. Voltaje: 11,1 V (compatible con 10,8 V). Capacidad: 4400 mAh. Celdas: 6 ciclos de recarga.\" \/>\n<meta property=\"og:url\" content=\"https:\/\/comerciallin.com\/index.php\/producto\/bateria-comp-hp-ph06-4320s\/\" \/>\n<meta property=\"og:site_name\" content=\"tienda de electr\u00f3nica y computaci\u00f3n\" \/>\n<meta property=\"article:modified_time\" content=\"2025-01-14T18:54:35+00:00\" \/>\n<meta name=\"twitter:card\" content=\"summary_large_image\" \/>\n<meta name=\"twitter:image\" content=\"https:\/\/i0.wp.com\/comerciallin.com\/wp-content\/uploads\/2023\/02\/537030120801.jpg?fit=%2C&amp;ssl=1\" \/>\n<meta name=\"twitter:label1\" content=\"Precio\" \/>\n\t<meta name=\"twitter:data1\" content=\"&#36;40,25\" \/>\n\t<meta name=\"twitter:label2\" content=\"Availability\" \/>\n\t<meta name=\"twitter:data2\" content=\"In stock\" \/>\n<script type=\"application\/ld+json\" class=\"yoast-schema-graph\">{\"@context\":\"https:\/\/schema.org\",\"@graph\":[{\"@type\":\"WebSite\",\"@id\":\"https:\/\/comerciallin.com\/#website\",\"url\":\"https:\/\/comerciallin.com\/\",\"name\":\"tienda de electr\\u00f3nica y computaci\\u00f3n\",\"description\":\"Importadora de Electr\\u00f3nica y Computaci\\u00f3n\",\"potentialAction\":[{\"@type\":\"SearchAction\",\"target\":{\"@type\":\"EntryPoint\",\"urlTemplate\":\"https:\/\/comerciallin.com\/?s={search_term_string}\"},\"query-input\":\"required name=search_term_string\"}],\"inLanguage\":\"es\"},{\"@type\":\"ImageObject\",\"@id\":\"https:\/\/comerciallin.com\/index.php\/producto\/bateria-comp-hp-ph06-4320s\/#primaryimage\",\"inLanguage\":\"es\",\"url\":\"https:\/\/i0.wp.com\/comerciallin.com\/wp-content\/uploads\/2023\/02\/537030120801.jpg?fit=%2C&ssl=1\",\"contentUrl\":\"https:\/\/i0.wp.com\/comerciallin.com\/wp-content\/uploads\/2023\/02\/537030120801.jpg?fit=%2C&ssl=1\",\"caption\":\"BATERIA COMP HP PH06\/4320S\"},{\"@type\":\"WebPage\",\"@id\":\"https:\/\/comerciallin.com\/index.php\/producto\/bateria-comp-hp-ph06-4320s\/#webpage\",\"url\":\"https:\/\/comerciallin.com\/index.php\/producto\/bateria-comp-hp-ph06-4320s\/\",\"name\":\"BATERIA COMP HP PH06\/4320S - tienda de electr\\u00f3nica y computaci\\u00f3n\",\"isPartOf\":{\"@id\":\"https:\/\/comerciallin.com\/#website\"},\"primaryImageOfPage\":{\"@id\":\"https:\/\/comerciallin.com\/index.php\/producto\/bateria-comp-hp-ph06-4320s\/#primaryimage\"},\"datePublished\":\"2022-11-07T18:27:43+00:00\",\"dateModified\":\"2025-01-14T18:54:35+00:00\",\"breadcrumb\":{\"@id\":\"https:\/\/comerciallin.com\/index.php\/producto\/bateria-comp-hp-ph06-4320s\/#breadcrumb\"},\"inLanguage\":\"es\",\"potentialAction\":[{\"@type\":\"ReadAction\",\"target\":[\"https:\/\/comerciallin.com\/index.php\/producto\/bateria-comp-hp-ph06-4320s\/\"]}]},{\"@type\":\"BreadcrumbList\",\"@id\":\"https:\/\/comerciallin.com\/index.php\/producto\/bateria-comp-hp-ph06-4320s\/#breadcrumb\",\"itemListElement\":[{\"@type\":\"ListItem\",\"position\":1,\"name\":\"Inicio\",\"item\":\"https:\/\/comerciallin.com\/\"},{\"@type\":\"ListItem\",\"position\":2,\"name\":\"Shop\",\"item\":\"https:\/\/comerciallin.com\/?page_id=3853\"},{\"@type\":\"ListItem\",\"position\":3,\"name\":\"BATERIA COMP HP PH06\/4320S\"}]}]}<\/script>\n<meta property=\"product:price:amount\" content=\"40.25\" \/>\n<meta property=\"product:price:currency\" content=\"USD\" \/>\n<meta property=\"og:availability\" content=\"instock\" \/>\n<meta property=\"product:availability\" content=\"instock\" \/>\n<meta property=\"product:retailer_item_id\" content=\"537030120801\" \/>\n<meta property=\"product:condition\" content=\"new\" \/>\n<!-- \/ Yoast SEO Premium plugin. -->","yoast_head_json":{"title":"BATERIA COMP HP PH06\/4320S - tienda de electr\u00f3nica y computaci\u00f3n","robots":{"index":"index","follow":"follow","max-snippet":"max-snippet:-1","max-image-preview":"max-image-preview:large","max-video-preview":"max-video-preview:-1"},"canonical":"https:\/\/comerciallin.com\/index.php\/producto\/bateria-comp-hp-ph06-4320s\/","og_locale":"es_ES","og_type":"article","og_title":"BATERIA COMP HP PH06\/4320S","og_description":"Voltaje 11.1 Voltios   Capacidad 4400 Miliamperios Hora (mAh)     Producto de alta calidad. Voltaje: 11,1 V (compatible con 10,8 V). Capacidad: 4400 mAh. Celdas: 6 ciclos de recarga.","og_url":"https:\/\/comerciallin.com\/index.php\/producto\/bateria-comp-hp-ph06-4320s\/","og_site_name":"tienda de electr\u00f3nica y computaci\u00f3n","article_modified_time":"2025-01-14T18:54:35+00:00","twitter_card":"summary_large_image","twitter_image":"https:\/\/i0.wp.com\/comerciallin.com\/wp-content\/uploads\/2023\/02\/537030120801.jpg?fit=%2C&ssl=1","twitter_misc":{"Precio":"&#36;40,25","Availability":"In stock"},"schema":{"@context":"https:\/\/schema.org","@graph":[{"@type":"WebSite","@id":"https:\/\/comerciallin.com\/#website","url":"https:\/\/comerciallin.com\/","name":"tienda de electr\u00f3nica y computaci\u00f3n","description":"Importadora de Electr\u00f3nica y Computaci\u00f3n","potentialAction":[{"@type":"SearchAction","target":{"@type":"EntryPoint","urlTemplate":"https:\/\/comerciallin.com\/?s={search_term_string}"},"query-input":"required name=search_term_string"}],"inLanguage":"es"},{"@type":"ImageObject","@id":"https:\/\/comerciallin.com\/index.php\/producto\/bateria-comp-hp-ph06-4320s\/#primaryimage","inLanguage":"es","url":"https:\/\/i0.wp.com\/comerciallin.com\/wp-content\/uploads\/2023\/02\/537030120801.jpg?fit=%2C&ssl=1","contentUrl":"https:\/\/i0.wp.com\/comerciallin.com\/wp-content\/uploads\/2023\/02\/537030120801.jpg?fit=%2C&ssl=1","caption":"BATERIA COMP HP PH06\/4320S"},{"@type":"WebPage","@id":"https:\/\/comerciallin.com\/index.php\/producto\/bateria-comp-hp-ph06-4320s\/#webpage","url":"https:\/\/comerciallin.com\/index.php\/producto\/bateria-comp-hp-ph06-4320s\/","name":"BATERIA COMP HP PH06\/4320S - tienda de electr\u00f3nica y computaci\u00f3n","isPartOf":{"@id":"https:\/\/comerciallin.com\/#website"},"primaryImageOfPage":{"@id":"https:\/\/comerciallin.com\/index.php\/producto\/bateria-comp-hp-ph06-4320s\/#primaryimage"},"datePublished":"2022-11-07T18:27:43+00:00","dateModified":"2025-01-14T18:54:35+00:00","breadcrumb":{"@id":"https:\/\/comerciallin.com\/index.php\/producto\/bateria-comp-hp-ph06-4320s\/#breadcrumb"},"inLanguage":"es","potentialAction":[{"@type":"ReadAction","target":["https:\/\/comerciallin.com\/index.php\/producto\/bateria-comp-hp-ph06-4320s\/"]}]},{"@type":"BreadcrumbList","@id":"https:\/\/comerciallin.com\/index.php\/producto\/bateria-comp-hp-ph06-4320s\/#breadcrumb","itemListElement":[{"@type":"ListItem","position":1,"name":"Inicio","item":"https:\/\/comerciallin.com\/"},{"@type":"ListItem","position":2,"name":"Shop","item":"https:\/\/comerciallin.com\/?page_id=3853"},{"@type":"ListItem","position":3,"name":"BATERIA COMP HP PH06\/4320S"}]}]},"product_price_amount":"40.25","product_price_currency":"USD","og_availability":"instock","product_availability":"instock","product_retailer_item_id":"537030120801","product_condition":"new"},"jetpack-related-posts":[{"id":19090,"url":"https:\/\/comerciallin.com\/index.php\/producto\/bateria-comp-asus-x301a-x401-x401a-501a-a31-1\/","url_meta":{"origin":19179,"position":0},"title":"BATERIA COMP ASUS X301A\/X401\/X401A\/501A\/A31-1","date":"7 de noviembre de 2022","format":false,"excerpt":"Voltaje: 11,1 V (compatible con 10,8 V) Capacidad: 5200 mAh \/ 4400 mAh. Celda: 6 celdas.","rel":"","context":"Entrada similar","img":{"alt_text":"","src":"","width":0,"height":0},"classes":[]},{"id":19116,"url":"https:\/\/comerciallin.com\/index.php\/producto\/bateria-comp-dell-m101-1121-m102z-1122-m102z1\/","url_meta":{"origin":19179,"position":1},"title":"BATERIA COMP DELL M101\/1121\/M102Z-1122\/M102Z1","date":"7 de noviembre de 2022","format":false,"excerpt":"Voltaje 11.1 Voltios Tipo de celda de bater\u00eda Litio Ion Capacidad 4400 Miliamperios Hora (mAh)","rel":"","context":"Entrada similar","img":{"alt_text":"","src":"","width":0,"height":0},"classes":[]},{"id":19128,"url":"https:\/\/comerciallin.com\/index.php\/producto\/bateria-comp-toshiba-pa3780u-pa3780u-1bas-pad\/","url_meta":{"origin":19179,"position":2},"title":"BATERIA COMP TOSHIBA PA3780U\/PA3780U-1BAS\/PAD","date":"7 de noviembre de 2022","format":false,"excerpt":"Voltaje 11.1 Voltios Peso del producto 3 Libras Tipo de celda de bater\u00eda Litio Ion Capacidad 4400 Miliamperios Hora (mAh)","rel":"","context":"Entrada similar","img":{"alt_text":"","src":"","width":0,"height":0},"classes":[]},{"id":19183,"url":"https:\/\/comerciallin.com\/index.php\/producto\/bateria-comp-acer-as09d31-36-56-70\/","url_meta":{"origin":19179,"position":3},"title":"BATERIA COMP ACER AS09D31-36-56-70-","date":"7 de noviembre de 2022","format":false,"excerpt":"Voltaje 11.1 Voltios Compatible Devices Laptop, Notebook Reutilizaci\u00f3n Rechargeable","rel":"","context":"Entrada similar","img":{"alt_text":"BATERIA COMP ACER AS09D31-36-56-70-","src":"https:\/\/i0.wp.com\/comerciallin.com\/wp-content\/uploads\/2023\/02\/537030190907.jpg?fit=992%2C744&ssl=1&resize=350%2C200","width":350,"height":200},"classes":[]},{"id":18684,"url":"https:\/\/comerciallin.com\/index.php\/producto\/bateria-comp-dell-wu946-wu960-wu965-mt276-mt5\/","url_meta":{"origin":19179,"position":4},"title":"BATERIA COMP DELL WU946\/WU960\/WU965\/MT276\/MT5","date":"7 de noviembre de 2022","format":false,"excerpt":"oltaje 11.1 Voltios Compatible Devices Laptop Tipo de celda de bater\u00eda Litio Ion Capacidad 4400 Miliamperios Hora","rel":"","context":"Entrada similar","img":{"alt_text":"","src":"","width":0,"height":0},"classes":[]},{"id":19259,"url":"https:\/\/comerciallin.com\/index.php\/producto\/bateria-comp-lenovo-r60-r60e-r60i-r61-r61\/","url_meta":{"origin":19179,"position":5},"title":"BATERIA COMP LENOVO R60\/ R60E \/R60I \/R61 \/R61","date":"7 de noviembre de 2022","format":false,"excerpt":"Voltaje 10.8 Voltios Compatible Devices Laptop Tipo de celda de bater\u00eda Litio Ion Capacidad 5200 Miliamperios Hora (mAh)","rel":"","context":"Entrada similar","img":{"alt_text":"","src":"","width":0,"height":0},"classes":[]}],"jetpack_sharing_enabled":true,"jetpack_likes_enabled":true,"_links":{"self":[{"href":"https:\/\/comerciallin.com\/index.php\/wp-json\/wp\/v2\/product\/19179"}],"collection":[{"href":"https:\/\/comerciallin.com\/index.php\/wp-json\/wp\/v2\/product"}],"about":[{"href":"https:\/\/comerciallin.com\/index.php\/wp-json\/wp\/v2\/types\/product"}],"replies":[{"embeddable":true,"href":"https:\/\/comerciallin.com\/index.php\/wp-json\/wp\/v2\/comments?post=19179"}],"wp:featuredmedia":[{"embeddable":true,"href":"https:\/\/comerciallin.com\/index.php\/wp-json\/wp\/v2\/media\/21663"}],"wp:attachment":[{"href":"https:\/\/comerciallin.com\/index.php\/wp-json\/wp\/v2\/media?parent=19179"}],"wp:term":[{"taxonomy":"product_cat","embeddable":true,"href":"https:\/\/comerciallin.com\/index.php\/wp-json\/wp\/v2\/product_cat?post=19179"},{"taxonomy":"product_tag","embeddable":true,"href":"https:\/\/comerciallin.com\/index.php\/wp-json\/wp\/v2\/product_tag?post=19179"}],"curies":[{"name":"wp","href":"https:\/\/api.w.org\/{rel}","templated":true}]}}