{"id":19169,"date":"2022-11-07T13:27:39","date_gmt":"2022-11-07T18:27:39","guid":{"rendered":"https:\/\/comerciallin.com\/index.php\/producto\/bateria-comp-hp-m006-dv4-5000\/"},"modified":"2025-01-14T13:54:35","modified_gmt":"2025-01-14T18:54:35","slug":"bateria-comp-hp-m006-dv4-5000","status":"publish","type":"product","link":"https:\/\/comerciallin.com\/index.php\/producto\/bateria-comp-hp-m006-dv4-5000\/","title":{"rendered":"BATERIA COMP HP M006\/DV4-5000"},"content":{"rendered":"<p>Tipo de Bater&iacute;a: Li-ion<br \/>Capacidad de la bater&iacute;a: 62Wh<br \/>Voltaje: 10.8 V\/11.1 V<br \/>Color: Negro<br \/>P\/N COMPATIBLES: MO06&nbsp;MO09&nbsp;H2L56AA HSTNN-LB3&nbsp;N HSTNN-LB3P 671731&nbsp;&ndash;&nbsp;001&nbsp;671567&nbsp;&ndash;&nbsp;421, 671567&nbsp;&ndash;&nbsp;831<\/p>\n<p><strong>Modelos de computadora port&aacute;til Fit:<\/strong><br \/>Pavilion dv4&nbsp;&ndash;&nbsp;5000&nbsp;dv4&nbsp;&ndash;&nbsp;5001tu<br \/>Pavilion dv4&nbsp;&ndash;&nbsp;5002tx DV4&nbsp;&ndash;&nbsp;5003TX<br \/>Pavilion dv4&nbsp;&ndash;&nbsp;5004tx DV4&nbsp;&ndash;&nbsp;5005TX<br \/>Pavilion dv4&nbsp;&ndash;&nbsp;5006tx DV4&nbsp;&ndash;&nbsp;5007TU<br \/>Pavilion dv4&nbsp;&ndash;&nbsp;5008tx DV4&nbsp;&ndash;&nbsp;5009TX<br \/>Pavilion dv4&nbsp;&ndash;&nbsp;5010tx DV4&nbsp;&ndash;&nbsp;5011TX<br \/>Pavilion dv4&nbsp;&ndash;&nbsp;5012tx DV4&nbsp;&ndash;&nbsp;5014TX<br \/>Pavilion dv6&nbsp;&ndash;&nbsp;7000<br \/>Pavilion dv6&nbsp;&ndash;&nbsp;7000ee dv6&nbsp;&ndash;&nbsp;7000ej<br \/>Pavilion dv6&nbsp;&ndash;&nbsp;7000se dv6&nbsp;&ndash;&nbsp;7000sq<br \/>Pavilion dv6&nbsp;&ndash;&nbsp;7001&nbsp;ax Pavilion dv6&nbsp;&ndash;&nbsp;7001ev<br \/>Pavilion dv6&nbsp;&ndash;&nbsp;7001tu Pavilion dv6&nbsp;&ndash;&nbsp;7002&nbsp;AX<br \/>Pavilion dv6&nbsp;&ndash;&nbsp;7002ev Pavilion dv6&nbsp;&ndash;&nbsp;7002ss<br \/>Pavilion dv6&nbsp;&ndash;&nbsp;7002st Pavilion dv6&nbsp;&ndash;&nbsp;7002tx<br \/>Pavilion dv6&nbsp;&ndash;&nbsp;7003em<br \/>Pavilion dv7&nbsp;&ndash;&nbsp;7000<br \/>Pavilion dv7&nbsp;&ndash;&nbsp;7000ee Pavilion dv7&nbsp;&ndash;&nbsp;7000er<br \/>Pavilion dv7&nbsp;&ndash;&nbsp;7000ev Pavilion dv7&nbsp;&ndash;&nbsp;7000se<br \/>Pavilion dv7&nbsp;&ndash;&nbsp;7000sg Pavilion dv7&nbsp;&ndash;&nbsp;7001em<br \/>Pavilion dv7&nbsp;&ndash;&nbsp;7001er dv7&nbsp;&ndash;&nbsp;7001et<br \/>Pavilion dv7&nbsp;&ndash;&nbsp;7001ev dv7&nbsp;&ndash;&nbsp;7001sg<br \/>Pavilion dv7&nbsp;&ndash;&nbsp;7003&nbsp;DV7&nbsp;&ndash;&nbsp;7003EO<br \/>Pavilion dv7&nbsp;&ndash;&nbsp;7003sp dv7&nbsp;&ndash;&nbsp;7003ss<br \/>Pavilion dv7&nbsp;&ndash;&nbsp;7003tx Pavilion dv7&nbsp;&ndash;&nbsp;7003&nbsp;x x<\/p>\n","protected":false},"excerpt":{"rendered":"<table>\n<tbody>\n<tr>\n<td>Voltaje<\/td>\n<td>10.8 Voltios<\/td>\n<\/tr>\n<tr>\n<td>Peso de la Bater&iacute;a<\/td>\n<td>328 Gramos<\/td>\n<\/tr>\n<tr>\n<td>Compatible Devices<\/td>\n<td>Laptop, Notebook<\/td>\n<\/tr>\n<\/tbody>\n<\/table>\n","protected":false},"featured_media":21659,"comment_status":"open","ping_status":"closed","template":"","meta":{"spay_email":""},"product_cat":[794],"product_tag":[],"supplier_id":null,"supplier_sku":"","barcode":null,"atum_controlled":true,"out_stock_date":null,"out_stock_threshold":null,"inheritable":false,"inbound_stock":null,"stock_on_hold":0,"sold_today":0,"sales_last_days":0,"reserved_stock":null,"customer_returns":null,"warehouse_damage":null,"lost_in_post":null,"other_logs":null,"out_stock_days":0,"lost_sales":0,"has_location":null,"update_date":"2026-05-03T00:12:43","atum_locations":[],"atum_stock_status":"instock","restock_status":false,"low_stock_amount":"","sales_update_date":"2026-05-03T00:12:43","calc_backorders":null,"acf":[],"yoast_head":"<!-- This site is optimized with the Yoast SEO Premium plugin v17.4 (Yoast SEO v17.4) - https:\/\/yoast.com\/wordpress\/plugins\/seo\/ -->\n<title>BATERIA COMP HP M006\/DV4-5000 - tienda de electr\u00f3nica y computaci\u00f3n<\/title>\n<meta name=\"robots\" content=\"index, follow, max-snippet:-1, max-image-preview:large, max-video-preview:-1\" \/>\n<link rel=\"canonical\" href=\"https:\/\/comerciallin.com\/index.php\/producto\/bateria-comp-hp-m006-dv4-5000\/\" \/>\n<meta property=\"og:locale\" content=\"es_ES\" \/>\n<meta property=\"og:type\" content=\"article\" \/>\n<meta property=\"og:title\" content=\"BATERIA COMP HP M006\/DV4-5000\" \/>\n<meta property=\"og:description\" content=\"Voltaje 10.8 Voltios   Peso de la Bater&iacute;a 328 Gramos   Compatible Devices Laptop, Notebook\" \/>\n<meta property=\"og:url\" content=\"https:\/\/comerciallin.com\/index.php\/producto\/bateria-comp-hp-m006-dv4-5000\/\" \/>\n<meta property=\"og:site_name\" content=\"tienda de electr\u00f3nica y computaci\u00f3n\" \/>\n<meta property=\"article:modified_time\" content=\"2025-01-14T18:54:35+00:00\" \/>\n<meta name=\"twitter:card\" content=\"summary_large_image\" \/>\n<meta name=\"twitter:image\" content=\"https:\/\/i0.wp.com\/comerciallin.com\/wp-content\/uploads\/2023\/02\/537030100802.jpg?fit=%2C&amp;ssl=1\" \/>\n<meta name=\"twitter:label1\" content=\"Precio\" \/>\n\t<meta name=\"twitter:data1\" content=\"&#36;40,25\" \/>\n\t<meta name=\"twitter:label2\" content=\"Availability\" \/>\n\t<meta name=\"twitter:data2\" content=\"In stock\" \/>\n<script type=\"application\/ld+json\" class=\"yoast-schema-graph\">{\"@context\":\"https:\/\/schema.org\",\"@graph\":[{\"@type\":\"WebSite\",\"@id\":\"https:\/\/comerciallin.com\/#website\",\"url\":\"https:\/\/comerciallin.com\/\",\"name\":\"tienda de electr\\u00f3nica y computaci\\u00f3n\",\"description\":\"Importadora de Electr\\u00f3nica y Computaci\\u00f3n\",\"potentialAction\":[{\"@type\":\"SearchAction\",\"target\":{\"@type\":\"EntryPoint\",\"urlTemplate\":\"https:\/\/comerciallin.com\/?s={search_term_string}\"},\"query-input\":\"required name=search_term_string\"}],\"inLanguage\":\"es\"},{\"@type\":\"ImageObject\",\"@id\":\"https:\/\/comerciallin.com\/index.php\/producto\/bateria-comp-hp-m006-dv4-5000\/#primaryimage\",\"inLanguage\":\"es\",\"url\":\"https:\/\/i0.wp.com\/comerciallin.com\/wp-content\/uploads\/2023\/02\/537030100802.jpg?fit=%2C&ssl=1\",\"contentUrl\":\"https:\/\/i0.wp.com\/comerciallin.com\/wp-content\/uploads\/2023\/02\/537030100802.jpg?fit=%2C&ssl=1\",\"caption\":\"BATERIA COMP HP M006\/DV4-5000\"},{\"@type\":\"WebPage\",\"@id\":\"https:\/\/comerciallin.com\/index.php\/producto\/bateria-comp-hp-m006-dv4-5000\/#webpage\",\"url\":\"https:\/\/comerciallin.com\/index.php\/producto\/bateria-comp-hp-m006-dv4-5000\/\",\"name\":\"BATERIA COMP HP M006\/DV4-5000 - tienda de electr\\u00f3nica y computaci\\u00f3n\",\"isPartOf\":{\"@id\":\"https:\/\/comerciallin.com\/#website\"},\"primaryImageOfPage\":{\"@id\":\"https:\/\/comerciallin.com\/index.php\/producto\/bateria-comp-hp-m006-dv4-5000\/#primaryimage\"},\"datePublished\":\"2022-11-07T18:27:39+00:00\",\"dateModified\":\"2025-01-14T18:54:35+00:00\",\"breadcrumb\":{\"@id\":\"https:\/\/comerciallin.com\/index.php\/producto\/bateria-comp-hp-m006-dv4-5000\/#breadcrumb\"},\"inLanguage\":\"es\",\"potentialAction\":[{\"@type\":\"ReadAction\",\"target\":[\"https:\/\/comerciallin.com\/index.php\/producto\/bateria-comp-hp-m006-dv4-5000\/\"]}]},{\"@type\":\"BreadcrumbList\",\"@id\":\"https:\/\/comerciallin.com\/index.php\/producto\/bateria-comp-hp-m006-dv4-5000\/#breadcrumb\",\"itemListElement\":[{\"@type\":\"ListItem\",\"position\":1,\"name\":\"Inicio\",\"item\":\"https:\/\/comerciallin.com\/\"},{\"@type\":\"ListItem\",\"position\":2,\"name\":\"Shop\",\"item\":\"https:\/\/comerciallin.com\/?page_id=3853\"},{\"@type\":\"ListItem\",\"position\":3,\"name\":\"BATERIA COMP HP M006\/DV4-5000\"}]}]}<\/script>\n<meta property=\"product:price:amount\" content=\"40.25\" \/>\n<meta property=\"product:price:currency\" content=\"USD\" \/>\n<meta property=\"og:availability\" content=\"instock\" \/>\n<meta property=\"product:availability\" content=\"instock\" \/>\n<meta property=\"product:retailer_item_id\" content=\"537030100802\" \/>\n<meta property=\"product:condition\" content=\"new\" \/>\n<!-- \/ Yoast SEO Premium plugin. -->","yoast_head_json":{"title":"BATERIA COMP HP M006\/DV4-5000 - tienda de electr\u00f3nica y computaci\u00f3n","robots":{"index":"index","follow":"follow","max-snippet":"max-snippet:-1","max-image-preview":"max-image-preview:large","max-video-preview":"max-video-preview:-1"},"canonical":"https:\/\/comerciallin.com\/index.php\/producto\/bateria-comp-hp-m006-dv4-5000\/","og_locale":"es_ES","og_type":"article","og_title":"BATERIA COMP HP M006\/DV4-5000","og_description":"Voltaje 10.8 Voltios   Peso de la Bater&iacute;a 328 Gramos   Compatible Devices Laptop, Notebook","og_url":"https:\/\/comerciallin.com\/index.php\/producto\/bateria-comp-hp-m006-dv4-5000\/","og_site_name":"tienda de electr\u00f3nica y computaci\u00f3n","article_modified_time":"2025-01-14T18:54:35+00:00","twitter_card":"summary_large_image","twitter_image":"https:\/\/i0.wp.com\/comerciallin.com\/wp-content\/uploads\/2023\/02\/537030100802.jpg?fit=%2C&ssl=1","twitter_misc":{"Precio":"&#36;40,25","Availability":"In stock"},"schema":{"@context":"https:\/\/schema.org","@graph":[{"@type":"WebSite","@id":"https:\/\/comerciallin.com\/#website","url":"https:\/\/comerciallin.com\/","name":"tienda de electr\u00f3nica y computaci\u00f3n","description":"Importadora de Electr\u00f3nica y Computaci\u00f3n","potentialAction":[{"@type":"SearchAction","target":{"@type":"EntryPoint","urlTemplate":"https:\/\/comerciallin.com\/?s={search_term_string}"},"query-input":"required name=search_term_string"}],"inLanguage":"es"},{"@type":"ImageObject","@id":"https:\/\/comerciallin.com\/index.php\/producto\/bateria-comp-hp-m006-dv4-5000\/#primaryimage","inLanguage":"es","url":"https:\/\/i0.wp.com\/comerciallin.com\/wp-content\/uploads\/2023\/02\/537030100802.jpg?fit=%2C&ssl=1","contentUrl":"https:\/\/i0.wp.com\/comerciallin.com\/wp-content\/uploads\/2023\/02\/537030100802.jpg?fit=%2C&ssl=1","caption":"BATERIA COMP HP M006\/DV4-5000"},{"@type":"WebPage","@id":"https:\/\/comerciallin.com\/index.php\/producto\/bateria-comp-hp-m006-dv4-5000\/#webpage","url":"https:\/\/comerciallin.com\/index.php\/producto\/bateria-comp-hp-m006-dv4-5000\/","name":"BATERIA COMP HP M006\/DV4-5000 - tienda de electr\u00f3nica y computaci\u00f3n","isPartOf":{"@id":"https:\/\/comerciallin.com\/#website"},"primaryImageOfPage":{"@id":"https:\/\/comerciallin.com\/index.php\/producto\/bateria-comp-hp-m006-dv4-5000\/#primaryimage"},"datePublished":"2022-11-07T18:27:39+00:00","dateModified":"2025-01-14T18:54:35+00:00","breadcrumb":{"@id":"https:\/\/comerciallin.com\/index.php\/producto\/bateria-comp-hp-m006-dv4-5000\/#breadcrumb"},"inLanguage":"es","potentialAction":[{"@type":"ReadAction","target":["https:\/\/comerciallin.com\/index.php\/producto\/bateria-comp-hp-m006-dv4-5000\/"]}]},{"@type":"BreadcrumbList","@id":"https:\/\/comerciallin.com\/index.php\/producto\/bateria-comp-hp-m006-dv4-5000\/#breadcrumb","itemListElement":[{"@type":"ListItem","position":1,"name":"Inicio","item":"https:\/\/comerciallin.com\/"},{"@type":"ListItem","position":2,"name":"Shop","item":"https:\/\/comerciallin.com\/?page_id=3853"},{"@type":"ListItem","position":3,"name":"BATERIA COMP HP M006\/DV4-5000"}]}]},"product_price_amount":"40.25","product_price_currency":"USD","og_availability":"instock","product_availability":"instock","product_retailer_item_id":"537030100802","product_condition":"new"},"jetpack-related-posts":[{"id":23866,"url":"https:\/\/comerciallin.com\/index.php\/producto\/teclado-p-lapto-comp-hp-dv4\/","url_meta":{"origin":19169,"position":0},"title":"TECLADO P. LAPTO COMP HP DV4","date":"3 de mayo de 2023","format":false,"excerpt":"Teclado laptop HP DV4 es 486901-001, HP Pavilion DV4-1000, HP Pavilion DV4-1100, HP Pavilion DV4-1200, HP Pavilion DV4-1301","rel":"","context":"Entrada similar","img":{"alt_text":"","src":"","width":0,"height":0},"classes":[]},{"id":23868,"url":"https:\/\/comerciallin.com\/index.php\/producto\/teclado-p-lapto-comp-hp-dv4-1000\/","url_meta":{"origin":19169,"position":1},"title":"TECLADO P. LAPTO COMP HP DV4-1000","date":"3 de mayo de 2023","format":false,"excerpt":"Teclado laptop HP DV4-1000 es 486901-001","rel":"","context":"Entrada similar","img":{"alt_text":"","src":"","width":0,"height":0},"classes":[]},{"id":19726,"url":"https:\/\/comerciallin.com\/index.php\/producto\/bateria-comp-hp-dv4\/","url_meta":{"origin":19169,"position":2},"title":"BATERIA COMP HP DV4","date":"8 de noviembre de 2022","format":false,"excerpt":"Bater\u00eda para HP Pavilion DV4 DV5 G50 G60 HDX X16-1000 484170-001","rel":"","context":"Entrada similar","img":{"alt_text":"","src":"","width":0,"height":0},"classes":[]},{"id":19167,"url":"https:\/\/comerciallin.com\/index.php\/producto\/bateria-comp-hp-dm1-1000-hstnn-cq44c-hstnn-in-2\/","url_meta":{"origin":19169,"position":3},"title":"BATERIA COMP HP DM1-1000\/HSTNN-CQ44C\/HSTNN-IN","date":"7 de noviembre de 2022","format":false,"excerpt":"Voltaje 10.8 Voltios Compatible Devices Laptop Tipo de celda de bater\u00eda Litio Ion Capacidad 4400 Miliamperios\u00a0","rel":"","context":"Entrada similar","img":{"alt_text":"","src":"","width":0,"height":0},"classes":[]},{"id":19245,"url":"https:\/\/comerciallin.com\/index.php\/producto\/bateria-comp-hp-dm1-1000-hstnn-cq44c-hstnn-in-4\/","url_meta":{"origin":19169,"position":4},"title":"BATERIA COMP HP DM1-1000\/HSTNN-CQ44C\/HSTNN-IN","date":"7 de noviembre de 2022","format":false,"excerpt":"Voltaje 10.8 Voltios Compatible Devices Laptop Tipo de celda de bater\u00eda Litio Ion Capacidad 4400 Miliamperios\u00a0","rel":"","context":"Entrada similar","img":{"alt_text":"","src":"","width":0,"height":0},"classes":[]},{"id":19233,"url":"https:\/\/comerciallin.com\/index.php\/producto\/bateria-comp-hp-dm1-1000-hstnn-cq44c-hstnn-in-3\/","url_meta":{"origin":19169,"position":5},"title":"BATERIA COMP HP DM1-1000\/HSTNN-CQ44C\/HSTNN-IN","date":"7 de noviembre de 2022","format":false,"excerpt":"Voltaje 10.8 Voltios Compatible Devices Laptop Tipo de celda de bater\u00eda Litio Ion Capacidad 4400 Miliamperios\u00a0","rel":"","context":"Entrada similar","img":{"alt_text":"BATERIA COMP HP DM1-1000\/HSTNN-CQ44C\/HSTNN-IN","src":"https:\/\/i0.wp.com\/comerciallin.com\/wp-content\/uploads\/2023\/02\/537030180511.jpg?fit=992%2C744&ssl=1&resize=350%2C200","width":350,"height":200},"classes":[]}],"jetpack_sharing_enabled":true,"jetpack_likes_enabled":true,"_links":{"self":[{"href":"https:\/\/comerciallin.com\/index.php\/wp-json\/wp\/v2\/product\/19169"}],"collection":[{"href":"https:\/\/comerciallin.com\/index.php\/wp-json\/wp\/v2\/product"}],"about":[{"href":"https:\/\/comerciallin.com\/index.php\/wp-json\/wp\/v2\/types\/product"}],"replies":[{"embeddable":true,"href":"https:\/\/comerciallin.com\/index.php\/wp-json\/wp\/v2\/comments?post=19169"}],"wp:featuredmedia":[{"embeddable":true,"href":"https:\/\/comerciallin.com\/index.php\/wp-json\/wp\/v2\/media\/21659"}],"wp:attachment":[{"href":"https:\/\/comerciallin.com\/index.php\/wp-json\/wp\/v2\/media?parent=19169"}],"wp:term":[{"taxonomy":"product_cat","embeddable":true,"href":"https:\/\/comerciallin.com\/index.php\/wp-json\/wp\/v2\/product_cat?post=19169"},{"taxonomy":"product_tag","embeddable":true,"href":"https:\/\/comerciallin.com\/index.php\/wp-json\/wp\/v2\/product_tag?post=19169"}],"curies":[{"name":"wp","href":"https:\/\/api.w.org\/{rel}","templated":true}]}}