{"id":19159,"date":"2022-11-07T13:27:36","date_gmt":"2022-11-07T18:27:36","guid":{"rendered":"https:\/\/comerciallin.com\/index.php\/producto\/bateria-comp-asus-a32-k55-a33-k55-a41-k55-a4a\/"},"modified":"2025-01-14T13:54:12","modified_gmt":"2025-01-14T18:54:12","slug":"bateria-comp-asus-a32-k55-a33-k55-a41-k55-a4a","status":"publish","type":"product","link":"https:\/\/comerciallin.com\/index.php\/producto\/bateria-comp-asus-a32-k55-a33-k55-a41-k55-a4a\/","title":{"rendered":"BATERIA COMP ASUS A32-K55\/A33-K55\/A41-K55\/A4A"},"content":{"rendered":"<p>Asus P751JA, Asus R500VD-SX792H, Asus X55U, Asus Pro P55VA-SO018G, Asus R704VC Serie, Asus R704VD, Asus R500VD-SX587H, Asus F55C, Asus P751JA-1A, Asus A32-K55, Asus R500VD-SX093V, Asus F75VC-TY160H, Asus F75VD-TY171H, Asus R503VD-SX108H, Asus R704A-TY065H, Asus K75, Asus R500VD-SX198V, Asus F75A-TY172H, Asus F55A-SX099D, Asus F55A-SX048H<\/p>\n","protected":false},"excerpt":{"rendered":"<ul>\n<li>Bater&iacute;a de repuesto para notebook Asus A45VS, A55A, A55D, A55DE, A55DR, A55N, A55V, A55VD<\/li>\n<li>Sustituye: A32-K55, A33-K55, A41-K55.<\/li>\n<li>Tecnolog&iacute;a: Li-Ion.<\/li>\n<li>Capacidad: 6000 mAh (10.8V \/ 64.8Wh).<\/li>\n<\/ul>\n","protected":false},"featured_media":21599,"comment_status":"open","ping_status":"closed","template":"","meta":{"spay_email":""},"product_cat":[793],"product_tag":[],"supplier_id":null,"supplier_sku":"","barcode":null,"atum_controlled":true,"out_stock_date":null,"out_stock_threshold":null,"inheritable":false,"inbound_stock":null,"stock_on_hold":0,"sold_today":0,"sales_last_days":0,"reserved_stock":null,"customer_returns":null,"warehouse_damage":null,"lost_in_post":null,"other_logs":null,"out_stock_days":0,"lost_sales":0,"has_location":null,"update_date":"2026-04-28T00:11:18","atum_locations":[],"atum_stock_status":"instock","restock_status":false,"low_stock_amount":"","sales_update_date":"2026-04-28T00:11:18","calc_backorders":null,"acf":[],"yoast_head":"<!-- This site is optimized with the Yoast SEO Premium plugin v17.4 (Yoast SEO v17.4) - https:\/\/yoast.com\/wordpress\/plugins\/seo\/ -->\n<title>BATERIA COMP ASUS A32-K55\/A33-K55\/A41-K55\/A4A - tienda de electr\u00f3nica y computaci\u00f3n<\/title>\n<meta name=\"robots\" content=\"index, follow, max-snippet:-1, max-image-preview:large, max-video-preview:-1\" \/>\n<link rel=\"canonical\" href=\"https:\/\/comerciallin.com\/index.php\/producto\/bateria-comp-asus-a32-k55-a33-k55-a41-k55-a4a\/\" \/>\n<meta property=\"og:locale\" content=\"es_ES\" \/>\n<meta property=\"og:type\" content=\"article\" \/>\n<meta property=\"og:title\" content=\"BATERIA COMP ASUS A32-K55\/A33-K55\/A41-K55\/A4A\" \/>\n<meta property=\"og:description\" content=\"Bater&iacute;a de repuesto para notebook Asus A45VS, A55A, A55D, A55DE, A55DR, A55N, A55V, A55VD Sustituye: A32-K55, A33-K55, A41-K55. Tecnolog&iacute;a: Li-Ion. Capacidad: 6000 mAh (10.8V \/ 64.8Wh).\" \/>\n<meta property=\"og:url\" content=\"https:\/\/comerciallin.com\/index.php\/producto\/bateria-comp-asus-a32-k55-a33-k55-a41-k55-a4a\/\" \/>\n<meta property=\"og:site_name\" content=\"tienda de electr\u00f3nica y computaci\u00f3n\" \/>\n<meta property=\"article:modified_time\" content=\"2025-01-14T18:54:12+00:00\" \/>\n<meta name=\"twitter:card\" content=\"summary_large_image\" \/>\n<meta name=\"twitter:image\" content=\"https:\/\/i0.wp.com\/comerciallin.com\/wp-content\/uploads\/2023\/02\/537030180516.jpg?fit=%2C&amp;ssl=1\" \/>\n<meta name=\"twitter:label1\" content=\"Precio\" \/>\n\t<meta name=\"twitter:data1\" content=\"&#36;49,45\" \/>\n\t<meta name=\"twitter:label2\" content=\"Availability\" \/>\n\t<meta name=\"twitter:data2\" content=\"In stock\" \/>\n<script type=\"application\/ld+json\" class=\"yoast-schema-graph\">{\"@context\":\"https:\/\/schema.org\",\"@graph\":[{\"@type\":\"WebSite\",\"@id\":\"https:\/\/comerciallin.com\/#website\",\"url\":\"https:\/\/comerciallin.com\/\",\"name\":\"tienda de electr\\u00f3nica y computaci\\u00f3n\",\"description\":\"Importadora de Electr\\u00f3nica y Computaci\\u00f3n\",\"potentialAction\":[{\"@type\":\"SearchAction\",\"target\":{\"@type\":\"EntryPoint\",\"urlTemplate\":\"https:\/\/comerciallin.com\/?s={search_term_string}\"},\"query-input\":\"required name=search_term_string\"}],\"inLanguage\":\"es\"},{\"@type\":\"ImageObject\",\"@id\":\"https:\/\/comerciallin.com\/index.php\/producto\/bateria-comp-asus-a32-k55-a33-k55-a41-k55-a4a\/#primaryimage\",\"inLanguage\":\"es\",\"url\":\"https:\/\/i0.wp.com\/comerciallin.com\/wp-content\/uploads\/2023\/02\/537030180516.jpg?fit=%2C&ssl=1\",\"contentUrl\":\"https:\/\/i0.wp.com\/comerciallin.com\/wp-content\/uploads\/2023\/02\/537030180516.jpg?fit=%2C&ssl=1\",\"caption\":\"BATERIA COMP ASUS A32-K55\/A33-K55\/A41-K55\/A4A\"},{\"@type\":\"WebPage\",\"@id\":\"https:\/\/comerciallin.com\/index.php\/producto\/bateria-comp-asus-a32-k55-a33-k55-a41-k55-a4a\/#webpage\",\"url\":\"https:\/\/comerciallin.com\/index.php\/producto\/bateria-comp-asus-a32-k55-a33-k55-a41-k55-a4a\/\",\"name\":\"BATERIA COMP ASUS A32-K55\/A33-K55\/A41-K55\/A4A - tienda de electr\\u00f3nica y computaci\\u00f3n\",\"isPartOf\":{\"@id\":\"https:\/\/comerciallin.com\/#website\"},\"primaryImageOfPage\":{\"@id\":\"https:\/\/comerciallin.com\/index.php\/producto\/bateria-comp-asus-a32-k55-a33-k55-a41-k55-a4a\/#primaryimage\"},\"datePublished\":\"2022-11-07T18:27:36+00:00\",\"dateModified\":\"2025-01-14T18:54:12+00:00\",\"breadcrumb\":{\"@id\":\"https:\/\/comerciallin.com\/index.php\/producto\/bateria-comp-asus-a32-k55-a33-k55-a41-k55-a4a\/#breadcrumb\"},\"inLanguage\":\"es\",\"potentialAction\":[{\"@type\":\"ReadAction\",\"target\":[\"https:\/\/comerciallin.com\/index.php\/producto\/bateria-comp-asus-a32-k55-a33-k55-a41-k55-a4a\/\"]}]},{\"@type\":\"BreadcrumbList\",\"@id\":\"https:\/\/comerciallin.com\/index.php\/producto\/bateria-comp-asus-a32-k55-a33-k55-a41-k55-a4a\/#breadcrumb\",\"itemListElement\":[{\"@type\":\"ListItem\",\"position\":1,\"name\":\"Inicio\",\"item\":\"https:\/\/comerciallin.com\/\"},{\"@type\":\"ListItem\",\"position\":2,\"name\":\"Shop\",\"item\":\"https:\/\/comerciallin.com\/?page_id=3853\"},{\"@type\":\"ListItem\",\"position\":3,\"name\":\"BATERIA COMP ASUS A32-K55\/A33-K55\/A41-K55\/A4A\"}]}]}<\/script>\n<meta property=\"product:price:amount\" content=\"49.45\" \/>\n<meta property=\"product:price:currency\" content=\"USD\" \/>\n<meta property=\"og:availability\" content=\"instock\" \/>\n<meta property=\"product:availability\" content=\"instock\" \/>\n<meta property=\"product:retailer_item_id\" content=\"537030180516\" \/>\n<meta property=\"product:condition\" content=\"new\" \/>\n<!-- \/ Yoast SEO Premium plugin. -->","yoast_head_json":{"title":"BATERIA COMP ASUS A32-K55\/A33-K55\/A41-K55\/A4A - tienda de electr\u00f3nica y computaci\u00f3n","robots":{"index":"index","follow":"follow","max-snippet":"max-snippet:-1","max-image-preview":"max-image-preview:large","max-video-preview":"max-video-preview:-1"},"canonical":"https:\/\/comerciallin.com\/index.php\/producto\/bateria-comp-asus-a32-k55-a33-k55-a41-k55-a4a\/","og_locale":"es_ES","og_type":"article","og_title":"BATERIA COMP ASUS A32-K55\/A33-K55\/A41-K55\/A4A","og_description":"Bater&iacute;a de repuesto para notebook Asus A45VS, A55A, A55D, A55DE, A55DR, A55N, A55V, A55VD Sustituye: A32-K55, A33-K55, A41-K55. Tecnolog&iacute;a: Li-Ion. Capacidad: 6000 mAh (10.8V \/ 64.8Wh).","og_url":"https:\/\/comerciallin.com\/index.php\/producto\/bateria-comp-asus-a32-k55-a33-k55-a41-k55-a4a\/","og_site_name":"tienda de electr\u00f3nica y computaci\u00f3n","article_modified_time":"2025-01-14T18:54:12+00:00","twitter_card":"summary_large_image","twitter_image":"https:\/\/i0.wp.com\/comerciallin.com\/wp-content\/uploads\/2023\/02\/537030180516.jpg?fit=%2C&ssl=1","twitter_misc":{"Precio":"&#36;49,45","Availability":"In stock"},"schema":{"@context":"https:\/\/schema.org","@graph":[{"@type":"WebSite","@id":"https:\/\/comerciallin.com\/#website","url":"https:\/\/comerciallin.com\/","name":"tienda de electr\u00f3nica y computaci\u00f3n","description":"Importadora de Electr\u00f3nica y Computaci\u00f3n","potentialAction":[{"@type":"SearchAction","target":{"@type":"EntryPoint","urlTemplate":"https:\/\/comerciallin.com\/?s={search_term_string}"},"query-input":"required name=search_term_string"}],"inLanguage":"es"},{"@type":"ImageObject","@id":"https:\/\/comerciallin.com\/index.php\/producto\/bateria-comp-asus-a32-k55-a33-k55-a41-k55-a4a\/#primaryimage","inLanguage":"es","url":"https:\/\/i0.wp.com\/comerciallin.com\/wp-content\/uploads\/2023\/02\/537030180516.jpg?fit=%2C&ssl=1","contentUrl":"https:\/\/i0.wp.com\/comerciallin.com\/wp-content\/uploads\/2023\/02\/537030180516.jpg?fit=%2C&ssl=1","caption":"BATERIA COMP ASUS A32-K55\/A33-K55\/A41-K55\/A4A"},{"@type":"WebPage","@id":"https:\/\/comerciallin.com\/index.php\/producto\/bateria-comp-asus-a32-k55-a33-k55-a41-k55-a4a\/#webpage","url":"https:\/\/comerciallin.com\/index.php\/producto\/bateria-comp-asus-a32-k55-a33-k55-a41-k55-a4a\/","name":"BATERIA COMP ASUS A32-K55\/A33-K55\/A41-K55\/A4A - tienda de electr\u00f3nica y computaci\u00f3n","isPartOf":{"@id":"https:\/\/comerciallin.com\/#website"},"primaryImageOfPage":{"@id":"https:\/\/comerciallin.com\/index.php\/producto\/bateria-comp-asus-a32-k55-a33-k55-a41-k55-a4a\/#primaryimage"},"datePublished":"2022-11-07T18:27:36+00:00","dateModified":"2025-01-14T18:54:12+00:00","breadcrumb":{"@id":"https:\/\/comerciallin.com\/index.php\/producto\/bateria-comp-asus-a32-k55-a33-k55-a41-k55-a4a\/#breadcrumb"},"inLanguage":"es","potentialAction":[{"@type":"ReadAction","target":["https:\/\/comerciallin.com\/index.php\/producto\/bateria-comp-asus-a32-k55-a33-k55-a41-k55-a4a\/"]}]},{"@type":"BreadcrumbList","@id":"https:\/\/comerciallin.com\/index.php\/producto\/bateria-comp-asus-a32-k55-a33-k55-a41-k55-a4a\/#breadcrumb","itemListElement":[{"@type":"ListItem","position":1,"name":"Inicio","item":"https:\/\/comerciallin.com\/"},{"@type":"ListItem","position":2,"name":"Shop","item":"https:\/\/comerciallin.com\/?page_id=3853"},{"@type":"ListItem","position":3,"name":"BATERIA COMP ASUS A32-K55\/A33-K55\/A41-K55\/A4A"}]}]},"product_price_amount":"49.45","product_price_currency":"USD","og_availability":"instock","product_availability":"instock","product_retailer_item_id":"537030180516","product_condition":"new"},"jetpack-related-posts":[{"id":19205,"url":"https:\/\/comerciallin.com\/index.php\/producto\/bateria-comp-asus-a31-k52-a32-k52-a41-k52-a4f\/","url_meta":{"origin":19159,"position":0},"title":"BATERIA COMP ASUS A31-K52\/A32-K52\/A41-K52\/A4F","date":"7 de noviembre de 2022","format":false,"excerpt":"Capacity: 5200mAh, Voltage: 11.1V Battery Cell: 6 Cells","rel":"","context":"Entrada similar","img":{"alt_text":"","src":"","width":0,"height":0},"classes":[]},{"id":19090,"url":"https:\/\/comerciallin.com\/index.php\/producto\/bateria-comp-asus-x301a-x401-x401a-501a-a31-1\/","url_meta":{"origin":19159,"position":1},"title":"BATERIA COMP ASUS X301A\/X401\/X401A\/501A\/A31-1","date":"7 de noviembre de 2022","format":false,"excerpt":"Voltaje: 11,1 V (compatible con 10,8 V) Capacidad: 5200 mAh \/ 4400 mAh. Celda: 6 celdas.","rel":"","context":"Entrada similar","img":{"alt_text":"","src":"","width":0,"height":0},"classes":[]},{"id":19088,"url":"https:\/\/comerciallin.com\/index.php\/producto\/bateria-comp-asus-a31-1005-a32-1005-eee-1005p\/","url_meta":{"origin":19159,"position":2},"title":"BATERIA COMP ASUS A31-1005\/A32-1005\/EEE 1005P","date":"7 de noviembre de 2022","format":false,"excerpt":"Ajuste Marca:ASUS Celdas QTY:6 Celdas Voltaje(V):10.8V Capacidad:5200mAh Color:Negro","rel":"","context":"Entrada similar","img":{"alt_text":"","src":"","width":0,"height":0},"classes":[]},{"id":19114,"url":"https:\/\/comerciallin.com\/index.php\/producto\/bateria-comp-asus-a41-x550-x550a-y481c-y581cj\/","url_meta":{"origin":19159,"position":3},"title":"BATERIA COMP ASUS A41-X550\/X550A\/Y481C\/Y581CJ","date":"7 de noviembre de 2022","format":false,"excerpt":"Tipo de bater\u00eda: Li-ion, Celdas: 4 Celdas, Voltaje: 14.4V, Capacidad: 47WH\/3300mAh","rel":"","context":"Entrada similar","img":{"alt_text":"","src":"","width":0,"height":0},"classes":[]},{"id":19267,"url":"https:\/\/comerciallin.com\/index.php\/producto\/bateria-comp-asus-a31n1519-r540l-x540l-x540la\/","url_meta":{"origin":19159,"position":4},"title":"BATERIA COMP ASUS A31N1519\/R540L\/X540L\/X540LA","date":"7 de noviembre de 2022","format":false,"excerpt":"Type de batterie: Li-ion; Tension: 11.25V; Capacit\u00e9: 33Wh.","rel":"","context":"Entrada similar","img":{"alt_text":"","src":"","width":0,"height":0},"classes":[]},{"id":19665,"url":"https:\/\/comerciallin.com\/index.php\/producto\/cargador-comp-asus-19v-1-75a-4-01-35mm\/","url_meta":{"origin":19159,"position":5},"title":"CARGADOR COMP ASUS 19V 1.75A 4.0*1.35MM","date":"7 de noviembre de 2022","format":false,"excerpt":"Entrada: 100-240V \/ 50-60Hz Salida: 19v 1.75a 4.0*1.35MM 33W Conector: Punta Fina Modelo: Rectangular Color: Negro Condici\u00f3n: Nueva estrenar","rel":"","context":"Entrada similar","img":{"alt_text":"","src":"","width":0,"height":0},"classes":[]}],"jetpack_sharing_enabled":true,"jetpack_likes_enabled":true,"_links":{"self":[{"href":"https:\/\/comerciallin.com\/index.php\/wp-json\/wp\/v2\/product\/19159"}],"collection":[{"href":"https:\/\/comerciallin.com\/index.php\/wp-json\/wp\/v2\/product"}],"about":[{"href":"https:\/\/comerciallin.com\/index.php\/wp-json\/wp\/v2\/types\/product"}],"replies":[{"embeddable":true,"href":"https:\/\/comerciallin.com\/index.php\/wp-json\/wp\/v2\/comments?post=19159"}],"wp:featuredmedia":[{"embeddable":true,"href":"https:\/\/comerciallin.com\/index.php\/wp-json\/wp\/v2\/media\/21599"}],"wp:attachment":[{"href":"https:\/\/comerciallin.com\/index.php\/wp-json\/wp\/v2\/media?parent=19159"}],"wp:term":[{"taxonomy":"product_cat","embeddable":true,"href":"https:\/\/comerciallin.com\/index.php\/wp-json\/wp\/v2\/product_cat?post=19159"},{"taxonomy":"product_tag","embeddable":true,"href":"https:\/\/comerciallin.com\/index.php\/wp-json\/wp\/v2\/product_tag?post=19159"}],"curies":[{"name":"wp","href":"https:\/\/api.w.org\/{rel}","templated":true}]}}