{"id":19155,"date":"2022-11-07T13:27:35","date_gmt":"2022-11-07T18:27:35","guid":{"rendered":"https:\/\/comerciallin.com\/index.php\/producto\/bateria-comp-hp-110-3000-03ty-06ty\/"},"modified":"2025-01-14T13:54:30","modified_gmt":"2025-01-14T18:54:30","slug":"bateria-comp-hp-110-3000-03ty-06ty","status":"publish","type":"product","link":"https:\/\/comerciallin.com\/index.php\/producto\/bateria-comp-hp-110-3000-03ty-06ty\/","title":{"rendered":"BATERIA COMP HP 110-3000\/03TY\/06TY"},"content":{"rendered":"<p><strong>Reemplazo para port&aacute;tiles HP<\/strong><br \/>HP: 06TY 607762-001 607763-001 HSTNN-CB1T HSTNN-CB1U HSTNN-DB1U HSTNN-E04C TY06 TY06062 WG206AV WG207AV WQ001AA WQ001AA#ABB<\/p>\n<p><strong>Modelos de m&aacute;quinas port&aacute;tiles HP<\/strong><br \/>HP: Mini 110-3103sg Mini 110-3104sa Mini 110-3105sa Mini 110-3106es Mini 110-3107sa Mini 110-3108sa Mini 110-3109ca Mini 110-3109sa Mini 110-3110ea Mini 110-3110eg Mini 110-3110ez Mini 110-3110nr Mini 110-3110sa Mini 110-3110sg Mini 110-3110ss Mini 110-3111ea Mini 110-3111sa Mini 110-3111sa Mini 110-3110 111ss Mini 110-3111tu Mini 110-3112ea Mini 110-3112sa Mini 110-3112tu Mini 110-3113ea Mini 110-3113sa Mini 110-3113tu Mini 110-3115sg Mini 110-3116tu Mini 110-3117tu Mini 110-3118cl Mini 110-3118TU Mini 110-3119LA Mini 110-3119TU Mini 110-3120LA Mini 110-3121LA Mini 110-3123tu Mini 110-3tu Mini 110- 125tu Mini 110-3126TU Mini 110-3127tu Mini 110-3130nr Mini 110-3130ss Mini 110-3130tu Mini 110-3131ss Mini 110-3132ss Mini 110-3133ss Mini 110-3135dx Mini 110-3136tu Mini 110-3138tu Mini 110-3143ss Mini 110-3150ca Mini 110-3150ef Mini 110-3150sf Mini 110-3150ss Mini 110-3155ea Mini 110-3160ef Mini 110-3160sf Mini 110-3170ef Mini 110-3170sf<\/p>\n","protected":false},"excerpt":{"rendered":"<p>Tipo de bater&iacute;a: Li-ion; Capacidad: 56 Wh; Celdas: 6 celdas; Voltaje: 10,8 V; Capacidad: 5200 mAh.<\/p>\n","protected":false},"featured_media":21630,"comment_status":"open","ping_status":"closed","template":"","meta":{"spay_email":""},"product_cat":[794],"product_tag":[],"supplier_id":null,"supplier_sku":"","barcode":null,"atum_controlled":true,"out_stock_date":null,"out_stock_threshold":null,"inheritable":false,"inbound_stock":null,"stock_on_hold":0,"sold_today":0,"sales_last_days":0,"reserved_stock":null,"customer_returns":null,"warehouse_damage":null,"lost_in_post":null,"other_logs":null,"out_stock_days":0,"lost_sales":0,"has_location":null,"update_date":"2026-05-01T00:12:26","atum_locations":[],"atum_stock_status":"instock","restock_status":false,"low_stock_amount":"","sales_update_date":"2026-05-01T00:12:26","calc_backorders":null,"acf":[],"yoast_head":"<!-- This site is optimized with the Yoast SEO Premium plugin v17.4 (Yoast SEO v17.4) - https:\/\/yoast.com\/wordpress\/plugins\/seo\/ -->\n<title>BATERIA COMP HP 110-3000\/03TY\/06TY - tienda de electr\u00f3nica y computaci\u00f3n<\/title>\n<meta name=\"robots\" content=\"index, follow, max-snippet:-1, max-image-preview:large, max-video-preview:-1\" \/>\n<link rel=\"canonical\" href=\"https:\/\/comerciallin.com\/index.php\/producto\/bateria-comp-hp-110-3000-03ty-06ty\/\" \/>\n<meta property=\"og:locale\" content=\"es_ES\" \/>\n<meta property=\"og:type\" content=\"article\" \/>\n<meta property=\"og:title\" content=\"BATERIA COMP HP 110-3000\/03TY\/06TY\" \/>\n<meta property=\"og:description\" content=\"Tipo de bater&iacute;a: Li-ion; Capacidad: 56 Wh; Celdas: 6 celdas; Voltaje: 10,8 V; Capacidad: 5200 mAh.\" \/>\n<meta property=\"og:url\" content=\"https:\/\/comerciallin.com\/index.php\/producto\/bateria-comp-hp-110-3000-03ty-06ty\/\" \/>\n<meta property=\"og:site_name\" content=\"tienda de electr\u00f3nica y computaci\u00f3n\" \/>\n<meta property=\"article:modified_time\" content=\"2025-01-14T18:54:30+00:00\" \/>\n<meta name=\"twitter:card\" content=\"summary_large_image\" \/>\n<meta name=\"twitter:image\" content=\"https:\/\/i0.wp.com\/comerciallin.com\/wp-content\/uploads\/2023\/02\/537030180804.jpg?fit=%2C&amp;ssl=1\" \/>\n<meta name=\"twitter:label1\" content=\"Precio\" \/>\n\t<meta name=\"twitter:data1\" content=\"&#36;46,00\" \/>\n\t<meta name=\"twitter:label2\" content=\"Availability\" \/>\n\t<meta name=\"twitter:data2\" content=\"In stock\" \/>\n<script type=\"application\/ld+json\" class=\"yoast-schema-graph\">{\"@context\":\"https:\/\/schema.org\",\"@graph\":[{\"@type\":\"WebSite\",\"@id\":\"https:\/\/comerciallin.com\/#website\",\"url\":\"https:\/\/comerciallin.com\/\",\"name\":\"tienda de electr\\u00f3nica y computaci\\u00f3n\",\"description\":\"Importadora de Electr\\u00f3nica y Computaci\\u00f3n\",\"potentialAction\":[{\"@type\":\"SearchAction\",\"target\":{\"@type\":\"EntryPoint\",\"urlTemplate\":\"https:\/\/comerciallin.com\/?s={search_term_string}\"},\"query-input\":\"required name=search_term_string\"}],\"inLanguage\":\"es\"},{\"@type\":\"ImageObject\",\"@id\":\"https:\/\/comerciallin.com\/index.php\/producto\/bateria-comp-hp-110-3000-03ty-06ty\/#primaryimage\",\"inLanguage\":\"es\",\"url\":\"https:\/\/i0.wp.com\/comerciallin.com\/wp-content\/uploads\/2023\/02\/537030180804.jpg?fit=%2C&ssl=1\",\"contentUrl\":\"https:\/\/i0.wp.com\/comerciallin.com\/wp-content\/uploads\/2023\/02\/537030180804.jpg?fit=%2C&ssl=1\",\"caption\":\"BATERIA COMP HP 110-3000\/03TY\/06TY\"},{\"@type\":\"WebPage\",\"@id\":\"https:\/\/comerciallin.com\/index.php\/producto\/bateria-comp-hp-110-3000-03ty-06ty\/#webpage\",\"url\":\"https:\/\/comerciallin.com\/index.php\/producto\/bateria-comp-hp-110-3000-03ty-06ty\/\",\"name\":\"BATERIA COMP HP 110-3000\/03TY\/06TY - tienda de electr\\u00f3nica y computaci\\u00f3n\",\"isPartOf\":{\"@id\":\"https:\/\/comerciallin.com\/#website\"},\"primaryImageOfPage\":{\"@id\":\"https:\/\/comerciallin.com\/index.php\/producto\/bateria-comp-hp-110-3000-03ty-06ty\/#primaryimage\"},\"datePublished\":\"2022-11-07T18:27:35+00:00\",\"dateModified\":\"2025-01-14T18:54:30+00:00\",\"breadcrumb\":{\"@id\":\"https:\/\/comerciallin.com\/index.php\/producto\/bateria-comp-hp-110-3000-03ty-06ty\/#breadcrumb\"},\"inLanguage\":\"es\",\"potentialAction\":[{\"@type\":\"ReadAction\",\"target\":[\"https:\/\/comerciallin.com\/index.php\/producto\/bateria-comp-hp-110-3000-03ty-06ty\/\"]}]},{\"@type\":\"BreadcrumbList\",\"@id\":\"https:\/\/comerciallin.com\/index.php\/producto\/bateria-comp-hp-110-3000-03ty-06ty\/#breadcrumb\",\"itemListElement\":[{\"@type\":\"ListItem\",\"position\":1,\"name\":\"Inicio\",\"item\":\"https:\/\/comerciallin.com\/\"},{\"@type\":\"ListItem\",\"position\":2,\"name\":\"Shop\",\"item\":\"https:\/\/comerciallin.com\/?page_id=3853\"},{\"@type\":\"ListItem\",\"position\":3,\"name\":\"BATERIA COMP HP 110-3000\/03TY\/06TY\"}]}]}<\/script>\n<meta property=\"product:price:amount\" content=\"46.00\" \/>\n<meta property=\"product:price:currency\" content=\"USD\" \/>\n<meta property=\"og:availability\" content=\"instock\" \/>\n<meta property=\"product:availability\" content=\"instock\" \/>\n<meta property=\"product:retailer_item_id\" content=\"537030180804\" \/>\n<meta property=\"product:condition\" content=\"new\" \/>\n<!-- \/ Yoast SEO Premium plugin. -->","yoast_head_json":{"title":"BATERIA COMP HP 110-3000\/03TY\/06TY - tienda de electr\u00f3nica y computaci\u00f3n","robots":{"index":"index","follow":"follow","max-snippet":"max-snippet:-1","max-image-preview":"max-image-preview:large","max-video-preview":"max-video-preview:-1"},"canonical":"https:\/\/comerciallin.com\/index.php\/producto\/bateria-comp-hp-110-3000-03ty-06ty\/","og_locale":"es_ES","og_type":"article","og_title":"BATERIA COMP HP 110-3000\/03TY\/06TY","og_description":"Tipo de bater&iacute;a: Li-ion; Capacidad: 56 Wh; Celdas: 6 celdas; Voltaje: 10,8 V; Capacidad: 5200 mAh.","og_url":"https:\/\/comerciallin.com\/index.php\/producto\/bateria-comp-hp-110-3000-03ty-06ty\/","og_site_name":"tienda de electr\u00f3nica y computaci\u00f3n","article_modified_time":"2025-01-14T18:54:30+00:00","twitter_card":"summary_large_image","twitter_image":"https:\/\/i0.wp.com\/comerciallin.com\/wp-content\/uploads\/2023\/02\/537030180804.jpg?fit=%2C&ssl=1","twitter_misc":{"Precio":"&#36;46,00","Availability":"In stock"},"schema":{"@context":"https:\/\/schema.org","@graph":[{"@type":"WebSite","@id":"https:\/\/comerciallin.com\/#website","url":"https:\/\/comerciallin.com\/","name":"tienda de electr\u00f3nica y computaci\u00f3n","description":"Importadora de Electr\u00f3nica y Computaci\u00f3n","potentialAction":[{"@type":"SearchAction","target":{"@type":"EntryPoint","urlTemplate":"https:\/\/comerciallin.com\/?s={search_term_string}"},"query-input":"required name=search_term_string"}],"inLanguage":"es"},{"@type":"ImageObject","@id":"https:\/\/comerciallin.com\/index.php\/producto\/bateria-comp-hp-110-3000-03ty-06ty\/#primaryimage","inLanguage":"es","url":"https:\/\/i0.wp.com\/comerciallin.com\/wp-content\/uploads\/2023\/02\/537030180804.jpg?fit=%2C&ssl=1","contentUrl":"https:\/\/i0.wp.com\/comerciallin.com\/wp-content\/uploads\/2023\/02\/537030180804.jpg?fit=%2C&ssl=1","caption":"BATERIA COMP HP 110-3000\/03TY\/06TY"},{"@type":"WebPage","@id":"https:\/\/comerciallin.com\/index.php\/producto\/bateria-comp-hp-110-3000-03ty-06ty\/#webpage","url":"https:\/\/comerciallin.com\/index.php\/producto\/bateria-comp-hp-110-3000-03ty-06ty\/","name":"BATERIA COMP HP 110-3000\/03TY\/06TY - tienda de electr\u00f3nica y computaci\u00f3n","isPartOf":{"@id":"https:\/\/comerciallin.com\/#website"},"primaryImageOfPage":{"@id":"https:\/\/comerciallin.com\/index.php\/producto\/bateria-comp-hp-110-3000-03ty-06ty\/#primaryimage"},"datePublished":"2022-11-07T18:27:35+00:00","dateModified":"2025-01-14T18:54:30+00:00","breadcrumb":{"@id":"https:\/\/comerciallin.com\/index.php\/producto\/bateria-comp-hp-110-3000-03ty-06ty\/#breadcrumb"},"inLanguage":"es","potentialAction":[{"@type":"ReadAction","target":["https:\/\/comerciallin.com\/index.php\/producto\/bateria-comp-hp-110-3000-03ty-06ty\/"]}]},{"@type":"BreadcrumbList","@id":"https:\/\/comerciallin.com\/index.php\/producto\/bateria-comp-hp-110-3000-03ty-06ty\/#breadcrumb","itemListElement":[{"@type":"ListItem","position":1,"name":"Inicio","item":"https:\/\/comerciallin.com\/"},{"@type":"ListItem","position":2,"name":"Shop","item":"https:\/\/comerciallin.com\/?page_id=3853"},{"@type":"ListItem","position":3,"name":"BATERIA COMP HP 110-3000\/03TY\/06TY"}]}]},"product_price_amount":"46.00","product_price_currency":"USD","og_availability":"instock","product_availability":"instock","product_retailer_item_id":"537030180804","product_condition":"new"},"jetpack-related-posts":[{"id":19255,"url":"https:\/\/comerciallin.com\/index.php\/producto\/bateria-comp-hp-210-1000-cq20-hstnn-db0p-hstp\/","url_meta":{"origin":19155,"position":0},"title":"BATERIA COMP HP 210-1000\/CQ20\/HSTNN-DB0P\/HSTP","date":"7 de noviembre de 2022","format":false,"excerpt":"Especificaciones: 6\u00a0celdas, bater\u00eda de iones de litio, nominal de 11,1\u00a0V (compatible con 10,8\u00a0V) 5200\u00a0mAh Modelos Compatibles: 6\u00a0Cel Bater\u00eda para NY220AA NY221AA 537626\u00a0\u2013\u00a0001\u00a0HP Mini 110\u00a0Compaq 110\u00a0\u00b0C 102\u00a0110\u00a0\u2013\u00a01000","rel":"","context":"Entrada similar","img":{"alt_text":"BATERIA COMP HP 210-1000\/CQ20\/HSTNN-DB0P\/HSTP","src":"https:\/\/i0.wp.com\/comerciallin.com\/wp-content\/uploads\/2023\/04\/537030190403.jpg?fit=992%2C744&ssl=1&resize=350%2C200","width":350,"height":200},"classes":[]},{"id":19171,"url":"https:\/\/comerciallin.com\/index.php\/producto\/bateria-comp-hp-210-1000-cq20-582213-121-590p\/","url_meta":{"origin":19155,"position":1},"title":"BATERIA COMP HP 210-1000\/CQ20\/582213-121\/590P","date":"7 de noviembre de 2022","format":false,"excerpt":"Especificaciones: 6\u00a0celdas, bater\u00eda de iones de litio, nominal de 11,1\u00a0V (compatible con 10,8\u00a0V) 5200\u00a0mAh Modelos Compatibles: 6\u00a0Cel Bater\u00eda para NY220AA NY221AA 537626\u00a0\u2013\u00a0001\u00a0HP Mini 110\u00a0Compaq 110\u00a0\u00b0C 102\u00a0110\u00a0\u2013\u00a01000","rel":"","context":"Entrada similar","img":{"alt_text":"","src":"","width":0,"height":0},"classes":[]},{"id":19157,"url":"https:\/\/comerciallin.com\/index.php\/producto\/bateria-comp-hp-dm1-1000-hstnn-cq44c-hstnn-in\/","url_meta":{"origin":19155,"position":2},"title":"BATERIA COMP HP DM1-1000\/HSTNN-CQ44C\/HSTNN-IN","date":"7 de noviembre de 2022","format":false,"excerpt":"Voltaje 10.8 Voltios Compatible Devices Laptop Tipo de celda de bater\u00eda Litio Ion Capacidad 4400 Miliamperios\u00a0","rel":"","context":"Entrada similar","img":{"alt_text":"","src":"","width":0,"height":0},"classes":[]},{"id":19167,"url":"https:\/\/comerciallin.com\/index.php\/producto\/bateria-comp-hp-dm1-1000-hstnn-cq44c-hstnn-in-2\/","url_meta":{"origin":19155,"position":3},"title":"BATERIA COMP HP DM1-1000\/HSTNN-CQ44C\/HSTNN-IN","date":"7 de noviembre de 2022","format":false,"excerpt":"Voltaje 10.8 Voltios Compatible Devices Laptop Tipo de celda de bater\u00eda Litio Ion Capacidad 4400 Miliamperios\u00a0","rel":"","context":"Entrada similar","img":{"alt_text":"","src":"","width":0,"height":0},"classes":[]},{"id":19245,"url":"https:\/\/comerciallin.com\/index.php\/producto\/bateria-comp-hp-dm1-1000-hstnn-cq44c-hstnn-in-4\/","url_meta":{"origin":19155,"position":4},"title":"BATERIA COMP HP DM1-1000\/HSTNN-CQ44C\/HSTNN-IN","date":"7 de noviembre de 2022","format":false,"excerpt":"Voltaje 10.8 Voltios Compatible Devices Laptop Tipo de celda de bater\u00eda Litio Ion Capacidad 4400 Miliamperios\u00a0","rel":"","context":"Entrada similar","img":{"alt_text":"","src":"","width":0,"height":0},"classes":[]},{"id":19233,"url":"https:\/\/comerciallin.com\/index.php\/producto\/bateria-comp-hp-dm1-1000-hstnn-cq44c-hstnn-in-3\/","url_meta":{"origin":19155,"position":5},"title":"BATERIA COMP HP DM1-1000\/HSTNN-CQ44C\/HSTNN-IN","date":"7 de noviembre de 2022","format":false,"excerpt":"Voltaje 10.8 Voltios Compatible Devices Laptop Tipo de celda de bater\u00eda Litio Ion Capacidad 4400 Miliamperios\u00a0","rel":"","context":"Entrada similar","img":{"alt_text":"BATERIA COMP HP DM1-1000\/HSTNN-CQ44C\/HSTNN-IN","src":"https:\/\/i0.wp.com\/comerciallin.com\/wp-content\/uploads\/2023\/02\/537030180511.jpg?fit=992%2C744&ssl=1&resize=350%2C200","width":350,"height":200},"classes":[]}],"jetpack_sharing_enabled":true,"jetpack_likes_enabled":true,"_links":{"self":[{"href":"https:\/\/comerciallin.com\/index.php\/wp-json\/wp\/v2\/product\/19155"}],"collection":[{"href":"https:\/\/comerciallin.com\/index.php\/wp-json\/wp\/v2\/product"}],"about":[{"href":"https:\/\/comerciallin.com\/index.php\/wp-json\/wp\/v2\/types\/product"}],"replies":[{"embeddable":true,"href":"https:\/\/comerciallin.com\/index.php\/wp-json\/wp\/v2\/comments?post=19155"}],"wp:featuredmedia":[{"embeddable":true,"href":"https:\/\/comerciallin.com\/index.php\/wp-json\/wp\/v2\/media\/21630"}],"wp:attachment":[{"href":"https:\/\/comerciallin.com\/index.php\/wp-json\/wp\/v2\/media?parent=19155"}],"wp:term":[{"taxonomy":"product_cat","embeddable":true,"href":"https:\/\/comerciallin.com\/index.php\/wp-json\/wp\/v2\/product_cat?post=19155"},{"taxonomy":"product_tag","embeddable":true,"href":"https:\/\/comerciallin.com\/index.php\/wp-json\/wp\/v2\/product_tag?post=19155"}],"curies":[{"name":"wp","href":"https:\/\/api.w.org\/{rel}","templated":true}]}}