{"id":19151,"date":"2022-11-07T13:27:34","date_gmt":"2022-11-07T18:27:34","guid":{"rendered":"https:\/\/comerciallin.com\/index.php\/producto\/bateria-comp-acer-umum09a41-71-73-75-um09b31\/"},"modified":"2025-01-14T13:54:11","modified_gmt":"2025-01-14T18:54:11","slug":"bateria-comp-acer-umum09a41-71-73-75-um09b31","status":"publish","type":"product","link":"https:\/\/comerciallin.com\/index.php\/producto\/bateria-comp-acer-umum09a41-71-73-75-um09b31\/","title":{"rendered":"BATERIA COMP ACER UMUM09A41-71-73-75\/UM09B31-"},"content":{"rendered":"<p><strong>Caracter&iacute;sticas<\/strong><\/p>\n<table>\n<tbody>\n<tr>\n<th>Acer Aspire One<\/th>\n<td>\n<p>751h-1192,&nbsp;ZG8,&nbsp;531,&nbsp;751,&nbsp;751-Bk23,&nbsp;751-Bk23F,&nbsp;751-Bk26,&nbsp;751-Bk26F,&nbsp;751-Bw23,&nbsp;751-Bw23F,&nbsp;751-Bw26,&nbsp;751-Bw26F,&nbsp;751h,&nbsp;751h-1021,&nbsp;751h-1061,&nbsp;751h-1080,&nbsp;751h-1145,&nbsp;751h-1153,&nbsp;751h-1170,&nbsp;751h-1196,&nbsp;751h-1211,&nbsp;751h-1259,&nbsp;751h-1273,&nbsp;751h-1279,&nbsp;751h-1292,&nbsp;751h-1346,&nbsp;751h-1351,&nbsp;751h-1373,&nbsp;751h-1378,&nbsp;751h-1392,&nbsp;751h-1401,&nbsp;751h-1442,&nbsp;751h-1504,&nbsp;751h-1505,&nbsp;751h-1522,&nbsp;751h-1524,&nbsp;751h-1534,&nbsp;751h-1545,&nbsp;751h-1611,&nbsp;751h-1621,&nbsp;751h-1640,&nbsp;751h-1709,&nbsp;751h-1817,&nbsp;751h-1885,&nbsp;751h-1893,&nbsp;751h-1899,&nbsp;751h-1948,&nbsp;751h-1992,&nbsp;751h-52Bb,&nbsp;751H-52BGB,&nbsp;751H-52BGK,&nbsp;751H-52BGR,&nbsp;751H-52BGW,&nbsp;751h-52Bk,&nbsp;751h-52Br,&nbsp;751h-52Bw,&nbsp;751h-52Yb,&nbsp;751h-52Yk,&nbsp;751h-52Yr,&nbsp;751h-52Yw,&nbsp;751h-52YwAO751,&nbsp;AO751,&nbsp;AO751-Bk23,&nbsp;AO751-Bk23F,&nbsp;AO751-Bk26,&nbsp;AO751-Bk26F,&nbsp;AO751-Bw23,&nbsp;AO751-Bw23F,&nbsp;AO751-Bw26,&nbsp;AO751-Bw26F,&nbsp;AO751h,&nbsp;AO751h-1021,&nbsp;AO751h-1061,&nbsp;AO751h-1080,&nbsp;AO751h-1145,&nbsp;AO751h-1153,&nbsp;AO751h-1170,&nbsp;AO751h-1192,&nbsp;AO751h-1196,&nbsp;AO751h-1211,&nbsp;AO751h-1259,&nbsp;AO751h-1273,&nbsp;AO751h-1279,&nbsp;AO751h-1292,&nbsp;AO751h-1346,&nbsp;AO751h-1351,&nbsp;AO751h-1373,&nbsp;AO751h-1378,&nbsp;AO751h-1392,&nbsp;AO751h-1401,&nbsp;AO751h-1442,&nbsp;AO751h-1504,&nbsp;AO751h-1505,&nbsp;AO751h-1522,&nbsp;AO751h-1524,&nbsp;AO751h-1534,&nbsp;AO751h-1545,&nbsp;AO751h-1611,&nbsp;AO751h-1621,&nbsp;AO751h-1640,&nbsp;AO751h-1709,&nbsp;AO751h-1817,&nbsp;AO751h-1885,&nbsp;AO751h-1893,&nbsp;AO751h-1899,&nbsp;AO751h-1948,&nbsp;AO751h-1992,&nbsp;AO751h-52Bb,&nbsp;AO751H-52BGB,&nbsp;AO751H-52BGK,&nbsp;AO751H-52BGR,&nbsp;AO751H-52BGW,&nbsp;AO751h-52Bk,&nbsp;AO751h-52Br,&nbsp;AO751h-52Bw,&nbsp;AO751h-52Yb,&nbsp;AO751h-52Yk,&nbsp;AO751h-52Yr,&nbsp;AO751h-52Yw 751,&nbsp;SP1,&nbsp;ZA3<\/p>\n<\/td>\n<\/tr>\n<tr>\n<th>Gateway<\/th>\n<td>\n<p>LT31,&nbsp;LT30,&nbsp;LT3001g,&nbsp;LT3002c,&nbsp;LT3003j,&nbsp;LT3004I,&nbsp;LT3100,&nbsp;LT3103u,&nbsp;LT3108c,&nbsp;LT3108h,&nbsp;LT3109c,&nbsp;LT3114u,&nbsp;LT3117u,&nbsp;LT3118u<\/p>\n<\/td>\n<\/tr>\n<tr>\n<th>Original Part Numbers<\/th>\n<td>\n<p>UM09A31,&nbsp;UM09A41,&nbsp;UM09A71,&nbsp;UM09A73,&nbsp;UM09A75,&nbsp;UM09B31,&nbsp;UM09B34,&nbsp;UM09B71,&nbsp;UM09B7C,&nbsp;UM09B7D<\/p>\n<\/td>\n<\/tr>\n<\/tbody>\n<\/table>\n","protected":false},"excerpt":{"rendered":"<p>Capacidad: 4400mAh<br \/>\n Voltaje: 10.8V\/11.1V<br \/>\n Color: Negro<\/p>\n","protected":false},"featured_media":21593,"comment_status":"open","ping_status":"closed","template":"","meta":{"spay_email":""},"product_cat":[792],"product_tag":[],"supplier_id":null,"supplier_sku":"","barcode":null,"atum_controlled":true,"out_stock_date":null,"out_stock_threshold":null,"inheritable":false,"inbound_stock":null,"stock_on_hold":0,"sold_today":0,"sales_last_days":0,"reserved_stock":null,"customer_returns":null,"warehouse_damage":null,"lost_in_post":null,"other_logs":null,"out_stock_days":0,"lost_sales":0,"has_location":null,"update_date":"2026-05-06T00:17:36","atum_locations":[],"atum_stock_status":"instock","restock_status":false,"low_stock_amount":"","sales_update_date":"2026-05-06T00:17:36","calc_backorders":null,"acf":[],"yoast_head":"<!-- This site is optimized with the Yoast SEO Premium plugin v17.4 (Yoast SEO v17.4) - https:\/\/yoast.com\/wordpress\/plugins\/seo\/ -->\n<title>BATERIA COMP ACER UMUM09A41-71-73-75\/UM09B31- tienda de electr\u00f3nica y computaci\u00f3n<\/title>\n<meta name=\"robots\" content=\"index, follow, max-snippet:-1, max-image-preview:large, max-video-preview:-1\" \/>\n<link rel=\"canonical\" href=\"https:\/\/comerciallin.com\/index.php\/producto\/bateria-comp-acer-umum09a41-71-73-75-um09b31\/\" \/>\n<meta property=\"og:locale\" content=\"es_ES\" \/>\n<meta property=\"og:type\" content=\"article\" \/>\n<meta property=\"og:title\" content=\"BATERIA COMP ACER UMUM09A41-71-73-75\/UM09B31-\" \/>\n<meta property=\"og:description\" content=\"Capacidad: 4400mAh  Voltaje: 10.8V\/11.1V Color: Negro\" \/>\n<meta property=\"og:url\" content=\"https:\/\/comerciallin.com\/index.php\/producto\/bateria-comp-acer-umum09a41-71-73-75-um09b31\/\" \/>\n<meta property=\"og:site_name\" content=\"tienda de electr\u00f3nica y computaci\u00f3n\" \/>\n<meta property=\"article:modified_time\" content=\"2025-01-14T18:54:11+00:00\" \/>\n<meta name=\"twitter:card\" content=\"summary_large_image\" \/>\n<meta name=\"twitter:image\" content=\"https:\/\/i0.wp.com\/comerciallin.com\/wp-content\/uploads\/2023\/02\/537030190908.jpg?fit=%2C&amp;ssl=1\" \/>\n<meta name=\"twitter:label1\" content=\"Precio\" \/>\n\t<meta name=\"twitter:data1\" content=\"&#36;49,45\" \/>\n\t<meta name=\"twitter:label2\" content=\"Availability\" \/>\n\t<meta name=\"twitter:data2\" content=\"In stock\" \/>\n<script type=\"application\/ld+json\" class=\"yoast-schema-graph\">{\"@context\":\"https:\/\/schema.org\",\"@graph\":[{\"@type\":\"WebSite\",\"@id\":\"https:\/\/comerciallin.com\/#website\",\"url\":\"https:\/\/comerciallin.com\/\",\"name\":\"tienda de electr\\u00f3nica y computaci\\u00f3n\",\"description\":\"Importadora de Electr\\u00f3nica y Computaci\\u00f3n\",\"potentialAction\":[{\"@type\":\"SearchAction\",\"target\":{\"@type\":\"EntryPoint\",\"urlTemplate\":\"https:\/\/comerciallin.com\/?s={search_term_string}\"},\"query-input\":\"required name=search_term_string\"}],\"inLanguage\":\"es\"},{\"@type\":\"ImageObject\",\"@id\":\"https:\/\/comerciallin.com\/index.php\/producto\/bateria-comp-acer-umum09a41-71-73-75-um09b31\/#primaryimage\",\"inLanguage\":\"es\",\"url\":\"https:\/\/i0.wp.com\/comerciallin.com\/wp-content\/uploads\/2023\/02\/537030190908.jpg?fit=%2C&ssl=1\",\"contentUrl\":\"https:\/\/i0.wp.com\/comerciallin.com\/wp-content\/uploads\/2023\/02\/537030190908.jpg?fit=%2C&ssl=1\",\"caption\":\"BATERIA COMP ACER UMUM09A41-71-73-75\/UM09B31-\"},{\"@type\":\"WebPage\",\"@id\":\"https:\/\/comerciallin.com\/index.php\/producto\/bateria-comp-acer-umum09a41-71-73-75-um09b31\/#webpage\",\"url\":\"https:\/\/comerciallin.com\/index.php\/producto\/bateria-comp-acer-umum09a41-71-73-75-um09b31\/\",\"name\":\"BATERIA COMP ACER UMUM09A41-71-73-75\/UM09B31- tienda de electr\\u00f3nica y computaci\\u00f3n\",\"isPartOf\":{\"@id\":\"https:\/\/comerciallin.com\/#website\"},\"primaryImageOfPage\":{\"@id\":\"https:\/\/comerciallin.com\/index.php\/producto\/bateria-comp-acer-umum09a41-71-73-75-um09b31\/#primaryimage\"},\"datePublished\":\"2022-11-07T18:27:34+00:00\",\"dateModified\":\"2025-01-14T18:54:11+00:00\",\"breadcrumb\":{\"@id\":\"https:\/\/comerciallin.com\/index.php\/producto\/bateria-comp-acer-umum09a41-71-73-75-um09b31\/#breadcrumb\"},\"inLanguage\":\"es\",\"potentialAction\":[{\"@type\":\"ReadAction\",\"target\":[\"https:\/\/comerciallin.com\/index.php\/producto\/bateria-comp-acer-umum09a41-71-73-75-um09b31\/\"]}]},{\"@type\":\"BreadcrumbList\",\"@id\":\"https:\/\/comerciallin.com\/index.php\/producto\/bateria-comp-acer-umum09a41-71-73-75-um09b31\/#breadcrumb\",\"itemListElement\":[{\"@type\":\"ListItem\",\"position\":1,\"name\":\"Inicio\",\"item\":\"https:\/\/comerciallin.com\/\"},{\"@type\":\"ListItem\",\"position\":2,\"name\":\"Shop\",\"item\":\"https:\/\/comerciallin.com\/?page_id=3853\"},{\"@type\":\"ListItem\",\"position\":3,\"name\":\"BATERIA COMP ACER UMUM09A41-71-73-75\/UM09B31-\"}]}]}<\/script>\n<meta property=\"product:price:amount\" content=\"49.45\" \/>\n<meta property=\"product:price:currency\" content=\"USD\" \/>\n<meta property=\"og:availability\" content=\"instock\" \/>\n<meta property=\"product:availability\" content=\"instock\" \/>\n<meta property=\"product:retailer_item_id\" content=\"537030190908\" \/>\n<meta property=\"product:condition\" content=\"new\" \/>\n<!-- \/ Yoast SEO Premium plugin. -->","yoast_head_json":{"title":"BATERIA COMP ACER UMUM09A41-71-73-75\/UM09B31- tienda de electr\u00f3nica y computaci\u00f3n","robots":{"index":"index","follow":"follow","max-snippet":"max-snippet:-1","max-image-preview":"max-image-preview:large","max-video-preview":"max-video-preview:-1"},"canonical":"https:\/\/comerciallin.com\/index.php\/producto\/bateria-comp-acer-umum09a41-71-73-75-um09b31\/","og_locale":"es_ES","og_type":"article","og_title":"BATERIA COMP ACER UMUM09A41-71-73-75\/UM09B31-","og_description":"Capacidad: 4400mAh  Voltaje: 10.8V\/11.1V Color: Negro","og_url":"https:\/\/comerciallin.com\/index.php\/producto\/bateria-comp-acer-umum09a41-71-73-75-um09b31\/","og_site_name":"tienda de electr\u00f3nica y computaci\u00f3n","article_modified_time":"2025-01-14T18:54:11+00:00","twitter_card":"summary_large_image","twitter_image":"https:\/\/i0.wp.com\/comerciallin.com\/wp-content\/uploads\/2023\/02\/537030190908.jpg?fit=%2C&ssl=1","twitter_misc":{"Precio":"&#36;49,45","Availability":"In stock"},"schema":{"@context":"https:\/\/schema.org","@graph":[{"@type":"WebSite","@id":"https:\/\/comerciallin.com\/#website","url":"https:\/\/comerciallin.com\/","name":"tienda de electr\u00f3nica y computaci\u00f3n","description":"Importadora de Electr\u00f3nica y Computaci\u00f3n","potentialAction":[{"@type":"SearchAction","target":{"@type":"EntryPoint","urlTemplate":"https:\/\/comerciallin.com\/?s={search_term_string}"},"query-input":"required name=search_term_string"}],"inLanguage":"es"},{"@type":"ImageObject","@id":"https:\/\/comerciallin.com\/index.php\/producto\/bateria-comp-acer-umum09a41-71-73-75-um09b31\/#primaryimage","inLanguage":"es","url":"https:\/\/i0.wp.com\/comerciallin.com\/wp-content\/uploads\/2023\/02\/537030190908.jpg?fit=%2C&ssl=1","contentUrl":"https:\/\/i0.wp.com\/comerciallin.com\/wp-content\/uploads\/2023\/02\/537030190908.jpg?fit=%2C&ssl=1","caption":"BATERIA COMP ACER UMUM09A41-71-73-75\/UM09B31-"},{"@type":"WebPage","@id":"https:\/\/comerciallin.com\/index.php\/producto\/bateria-comp-acer-umum09a41-71-73-75-um09b31\/#webpage","url":"https:\/\/comerciallin.com\/index.php\/producto\/bateria-comp-acer-umum09a41-71-73-75-um09b31\/","name":"BATERIA COMP ACER UMUM09A41-71-73-75\/UM09B31- tienda de electr\u00f3nica y computaci\u00f3n","isPartOf":{"@id":"https:\/\/comerciallin.com\/#website"},"primaryImageOfPage":{"@id":"https:\/\/comerciallin.com\/index.php\/producto\/bateria-comp-acer-umum09a41-71-73-75-um09b31\/#primaryimage"},"datePublished":"2022-11-07T18:27:34+00:00","dateModified":"2025-01-14T18:54:11+00:00","breadcrumb":{"@id":"https:\/\/comerciallin.com\/index.php\/producto\/bateria-comp-acer-umum09a41-71-73-75-um09b31\/#breadcrumb"},"inLanguage":"es","potentialAction":[{"@type":"ReadAction","target":["https:\/\/comerciallin.com\/index.php\/producto\/bateria-comp-acer-umum09a41-71-73-75-um09b31\/"]}]},{"@type":"BreadcrumbList","@id":"https:\/\/comerciallin.com\/index.php\/producto\/bateria-comp-acer-umum09a41-71-73-75-um09b31\/#breadcrumb","itemListElement":[{"@type":"ListItem","position":1,"name":"Inicio","item":"https:\/\/comerciallin.com\/"},{"@type":"ListItem","position":2,"name":"Shop","item":"https:\/\/comerciallin.com\/?page_id=3853"},{"@type":"ListItem","position":3,"name":"BATERIA COMP ACER UMUM09A41-71-73-75\/UM09B31-"}]}]},"product_price_amount":"49.45","product_price_currency":"USD","og_availability":"instock","product_availability":"instock","product_retailer_item_id":"537030190908","product_condition":"new"},"jetpack-related-posts":[{"id":19738,"url":"https:\/\/comerciallin.com\/index.php\/producto\/pantalla-lapto-11-6-led-slim-40pin\/","url_meta":{"origin":19151,"position":0},"title":"PANTALLA LAPTO 11.6&#8243; LED SLIM 40PIN","date":"8 de noviembre de 2022","format":false,"excerpt":"Pantalla 11.6 Led 40p Ltn116at01-801 Ltn116at01-t01 Acer 751","rel":"","context":"Entrada similar","img":{"alt_text":"","src":"","width":0,"height":0},"classes":[]},{"id":23850,"url":"https:\/\/comerciallin.com\/index.php\/producto\/teclado-p-lapto-comp-acer-5810\/","url_meta":{"origin":19151,"position":1},"title":"TECLADO P. LAPTO COMP ACER 5810","date":"3 de mayo de 2023","format":false,"excerpt":"Teclado Acer Aspire 5536, Acer Aspire 5536G, Acer Aspire 5541, Acer Aspire 5541G, Acer Aspire 5738, Acer Aspire 5738DG","rel":"","context":"Entrada similar","img":{"alt_text":"","src":"","width":0,"height":0},"classes":[]},{"id":23852,"url":"https:\/\/comerciallin.com\/index.php\/producto\/teclado-p-lapto-comp-acer-5830\/","url_meta":{"origin":19151,"position":2},"title":"TECLADO P. LAPTO COMP ACER 5830","date":"3 de mayo de 2023","format":false,"excerpt":"Teclado laptop Acer Aspire 5830 es KB.I170A.172. Acer Aspire 5830,Acer Aspire 5830G, Acer Aspire 5830T, Acer Aspire 5830TG.","rel":"","context":"Entrada similar","img":{"alt_text":"","src":"","width":0,"height":0},"classes":[]},{"id":19595,"url":"https:\/\/comerciallin.com\/index.php\/producto\/teclado-p-lapto-comp-acer-aspire-v5-123-v51\/","url_meta":{"origin":19151,"position":3},"title":"TECLADO P. LAPTO COMP ACER ASPIRE V5-123 V51","date":"7 de noviembre de 2022","format":false,"excerpt":"TECLADO PARA ACER 14 725 756 V5-121 V5-171 S3 S5","rel":"","context":"Entrada similar","img":{"alt_text":"","src":"","width":0,"height":0},"classes":[]},{"id":19744,"url":"https:\/\/comerciallin.com\/index.php\/producto\/teclado-p-lapto-comp-acer-zg5-e1-432\/","url_meta":{"origin":19151,"position":4},"title":"TECLADO P. LAPTO COMP ACER ZG5 E1-432","date":"8 de noviembre de 2022","format":false,"excerpt":"Teclado Acer Aspire One A110 A150 Zg5 D150 D250","rel":"","context":"Entrada similar","img":{"alt_text":"","src":"","width":0,"height":0},"classes":[]}],"jetpack_sharing_enabled":true,"jetpack_likes_enabled":true,"_links":{"self":[{"href":"https:\/\/comerciallin.com\/index.php\/wp-json\/wp\/v2\/product\/19151"}],"collection":[{"href":"https:\/\/comerciallin.com\/index.php\/wp-json\/wp\/v2\/product"}],"about":[{"href":"https:\/\/comerciallin.com\/index.php\/wp-json\/wp\/v2\/types\/product"}],"replies":[{"embeddable":true,"href":"https:\/\/comerciallin.com\/index.php\/wp-json\/wp\/v2\/comments?post=19151"}],"wp:featuredmedia":[{"embeddable":true,"href":"https:\/\/comerciallin.com\/index.php\/wp-json\/wp\/v2\/media\/21593"}],"wp:attachment":[{"href":"https:\/\/comerciallin.com\/index.php\/wp-json\/wp\/v2\/media?parent=19151"}],"wp:term":[{"taxonomy":"product_cat","embeddable":true,"href":"https:\/\/comerciallin.com\/index.php\/wp-json\/wp\/v2\/product_cat?post=19151"},{"taxonomy":"product_tag","embeddable":true,"href":"https:\/\/comerciallin.com\/index.php\/wp-json\/wp\/v2\/product_tag?post=19151"}],"curies":[{"name":"wp","href":"https:\/\/api.w.org\/{rel}","templated":true}]}}