{"id":19149,"date":"2022-11-07T13:27:34","date_gmt":"2022-11-07T18:27:34","guid":{"rendered":"https:\/\/comerciallin.com\/index.php\/producto\/bateria-comp-acer-one-um08a31\/"},"modified":"2025-01-14T13:54:11","modified_gmt":"2025-01-14T18:54:11","slug":"bateria-comp-acer-one-um08a31","status":"publish","type":"product","link":"https:\/\/comerciallin.com\/index.php\/producto\/bateria-comp-acer-one-um08a31\/","title":{"rendered":"BATERIA COMP ACER ONE UM08A31"},"content":{"rendered":"<p>Acer LC.BTP00.017 LC.BTP00.043 LC.BTP00.046 UM08A31 UM08A32 UM08A51 UM08A52 UM08A71 UM08A72 UM08A73 UM08A74 UM08B31 UM08B32 UM08B52 UM08B71 UM08B72 UM08B73 UM08B74 puerta de enlace UM08A31 UM08A73<br \/>\n Apto para: Acer Aspire One 10.1 (negro), Aspire One 571, Aspire One 8.9 &#8220;(negro), Aspire One A110-1691, Aspire One A110-1698, Aspire One A110-1722, Aspire One A110-1812, Aspire One A110 -1948<\/p>\n","protected":false},"excerpt":{"rendered":"<table>\n<tbody>\n<tr>\n<td>Voltaje<\/td>\n<td>11.1 Voltios<\/td>\n<\/tr>\n<tr>\n<td>Battery Weight<\/td>\n<td>100 Gramos<\/td>\n<\/tr>\n<tr>\n<td>Battery Cell Type<\/td>\n<td>Litio<\/td>\n<\/tr>\n<\/tbody>\n<\/table>\n","protected":false},"featured_media":21591,"comment_status":"open","ping_status":"closed","template":"","meta":{"spay_email":""},"product_cat":[792],"product_tag":[],"supplier_id":null,"supplier_sku":"","barcode":null,"atum_controlled":true,"out_stock_date":null,"out_stock_threshold":null,"inheritable":false,"inbound_stock":null,"stock_on_hold":0,"sold_today":0,"sales_last_days":0,"reserved_stock":null,"customer_returns":null,"warehouse_damage":null,"lost_in_post":null,"other_logs":null,"out_stock_days":0,"lost_sales":0,"has_location":null,"update_date":"2026-05-02T00:12:34","atum_locations":[],"atum_stock_status":"instock","restock_status":false,"low_stock_amount":"","sales_update_date":"2026-05-02T00:12:34","calc_backorders":null,"acf":[],"yoast_head":"<!-- This site is optimized with the Yoast SEO Premium plugin v17.4 (Yoast SEO v17.4) - https:\/\/yoast.com\/wordpress\/plugins\/seo\/ -->\n<title>BATERIA COMP ACER ONE UM08A31 - tienda de electr\u00f3nica y computaci\u00f3n<\/title>\n<meta name=\"robots\" content=\"index, follow, max-snippet:-1, max-image-preview:large, max-video-preview:-1\" \/>\n<link rel=\"canonical\" href=\"https:\/\/comerciallin.com\/index.php\/producto\/bateria-comp-acer-one-um08a31\/\" \/>\n<meta property=\"og:locale\" content=\"es_ES\" \/>\n<meta property=\"og:type\" content=\"article\" \/>\n<meta property=\"og:title\" content=\"BATERIA COMP ACER ONE UM08A31\" \/>\n<meta property=\"og:description\" content=\"Voltaje 11.1 Voltios   Battery Weight 100 Gramos   Battery Cell Type Litio\" \/>\n<meta property=\"og:url\" content=\"https:\/\/comerciallin.com\/index.php\/producto\/bateria-comp-acer-one-um08a31\/\" \/>\n<meta property=\"og:site_name\" content=\"tienda de electr\u00f3nica y computaci\u00f3n\" \/>\n<meta property=\"article:modified_time\" content=\"2025-01-14T18:54:11+00:00\" \/>\n<meta name=\"twitter:card\" content=\"summary_large_image\" \/>\n<meta name=\"twitter:image\" content=\"https:\/\/i0.wp.com\/comerciallin.com\/wp-content\/uploads\/2023\/02\/537030100817.jpg?fit=%2C&amp;ssl=1\" \/>\n<meta name=\"twitter:label1\" content=\"Precio\" \/>\n\t<meta name=\"twitter:data1\" content=\"&#36;48,30\" \/>\n\t<meta name=\"twitter:label2\" content=\"Availability\" \/>\n\t<meta name=\"twitter:data2\" content=\"In stock\" \/>\n<script type=\"application\/ld+json\" class=\"yoast-schema-graph\">{\"@context\":\"https:\/\/schema.org\",\"@graph\":[{\"@type\":\"WebSite\",\"@id\":\"https:\/\/comerciallin.com\/#website\",\"url\":\"https:\/\/comerciallin.com\/\",\"name\":\"tienda de electr\\u00f3nica y computaci\\u00f3n\",\"description\":\"Importadora de Electr\\u00f3nica y Computaci\\u00f3n\",\"potentialAction\":[{\"@type\":\"SearchAction\",\"target\":{\"@type\":\"EntryPoint\",\"urlTemplate\":\"https:\/\/comerciallin.com\/?s={search_term_string}\"},\"query-input\":\"required name=search_term_string\"}],\"inLanguage\":\"es\"},{\"@type\":\"ImageObject\",\"@id\":\"https:\/\/comerciallin.com\/index.php\/producto\/bateria-comp-acer-one-um08a31\/#primaryimage\",\"inLanguage\":\"es\",\"url\":\"https:\/\/i0.wp.com\/comerciallin.com\/wp-content\/uploads\/2023\/02\/537030100817.jpg?fit=%2C&ssl=1\",\"contentUrl\":\"https:\/\/i0.wp.com\/comerciallin.com\/wp-content\/uploads\/2023\/02\/537030100817.jpg?fit=%2C&ssl=1\",\"caption\":\"BATERIA COMP ACER ONE UM08A31\"},{\"@type\":\"WebPage\",\"@id\":\"https:\/\/comerciallin.com\/index.php\/producto\/bateria-comp-acer-one-um08a31\/#webpage\",\"url\":\"https:\/\/comerciallin.com\/index.php\/producto\/bateria-comp-acer-one-um08a31\/\",\"name\":\"BATERIA COMP ACER ONE UM08A31 - tienda de electr\\u00f3nica y computaci\\u00f3n\",\"isPartOf\":{\"@id\":\"https:\/\/comerciallin.com\/#website\"},\"primaryImageOfPage\":{\"@id\":\"https:\/\/comerciallin.com\/index.php\/producto\/bateria-comp-acer-one-um08a31\/#primaryimage\"},\"datePublished\":\"2022-11-07T18:27:34+00:00\",\"dateModified\":\"2025-01-14T18:54:11+00:00\",\"breadcrumb\":{\"@id\":\"https:\/\/comerciallin.com\/index.php\/producto\/bateria-comp-acer-one-um08a31\/#breadcrumb\"},\"inLanguage\":\"es\",\"potentialAction\":[{\"@type\":\"ReadAction\",\"target\":[\"https:\/\/comerciallin.com\/index.php\/producto\/bateria-comp-acer-one-um08a31\/\"]}]},{\"@type\":\"BreadcrumbList\",\"@id\":\"https:\/\/comerciallin.com\/index.php\/producto\/bateria-comp-acer-one-um08a31\/#breadcrumb\",\"itemListElement\":[{\"@type\":\"ListItem\",\"position\":1,\"name\":\"Inicio\",\"item\":\"https:\/\/comerciallin.com\/\"},{\"@type\":\"ListItem\",\"position\":2,\"name\":\"Shop\",\"item\":\"https:\/\/comerciallin.com\/?page_id=3853\"},{\"@type\":\"ListItem\",\"position\":3,\"name\":\"BATERIA COMP ACER ONE UM08A31\"}]}]}<\/script>\n<meta property=\"product:price:amount\" content=\"48.30\" \/>\n<meta property=\"product:price:currency\" content=\"USD\" \/>\n<meta property=\"og:availability\" content=\"instock\" \/>\n<meta property=\"product:availability\" content=\"instock\" \/>\n<meta property=\"product:retailer_item_id\" content=\"537030100817\" \/>\n<meta property=\"product:condition\" content=\"new\" \/>\n<!-- \/ Yoast SEO Premium plugin. -->","yoast_head_json":{"title":"BATERIA COMP ACER ONE UM08A31 - tienda de electr\u00f3nica y computaci\u00f3n","robots":{"index":"index","follow":"follow","max-snippet":"max-snippet:-1","max-image-preview":"max-image-preview:large","max-video-preview":"max-video-preview:-1"},"canonical":"https:\/\/comerciallin.com\/index.php\/producto\/bateria-comp-acer-one-um08a31\/","og_locale":"es_ES","og_type":"article","og_title":"BATERIA COMP ACER ONE UM08A31","og_description":"Voltaje 11.1 Voltios   Battery Weight 100 Gramos   Battery Cell Type Litio","og_url":"https:\/\/comerciallin.com\/index.php\/producto\/bateria-comp-acer-one-um08a31\/","og_site_name":"tienda de electr\u00f3nica y computaci\u00f3n","article_modified_time":"2025-01-14T18:54:11+00:00","twitter_card":"summary_large_image","twitter_image":"https:\/\/i0.wp.com\/comerciallin.com\/wp-content\/uploads\/2023\/02\/537030100817.jpg?fit=%2C&ssl=1","twitter_misc":{"Precio":"&#36;48,30","Availability":"In stock"},"schema":{"@context":"https:\/\/schema.org","@graph":[{"@type":"WebSite","@id":"https:\/\/comerciallin.com\/#website","url":"https:\/\/comerciallin.com\/","name":"tienda de electr\u00f3nica y computaci\u00f3n","description":"Importadora de Electr\u00f3nica y Computaci\u00f3n","potentialAction":[{"@type":"SearchAction","target":{"@type":"EntryPoint","urlTemplate":"https:\/\/comerciallin.com\/?s={search_term_string}"},"query-input":"required name=search_term_string"}],"inLanguage":"es"},{"@type":"ImageObject","@id":"https:\/\/comerciallin.com\/index.php\/producto\/bateria-comp-acer-one-um08a31\/#primaryimage","inLanguage":"es","url":"https:\/\/i0.wp.com\/comerciallin.com\/wp-content\/uploads\/2023\/02\/537030100817.jpg?fit=%2C&ssl=1","contentUrl":"https:\/\/i0.wp.com\/comerciallin.com\/wp-content\/uploads\/2023\/02\/537030100817.jpg?fit=%2C&ssl=1","caption":"BATERIA COMP ACER ONE UM08A31"},{"@type":"WebPage","@id":"https:\/\/comerciallin.com\/index.php\/producto\/bateria-comp-acer-one-um08a31\/#webpage","url":"https:\/\/comerciallin.com\/index.php\/producto\/bateria-comp-acer-one-um08a31\/","name":"BATERIA COMP ACER ONE UM08A31 - tienda de electr\u00f3nica y computaci\u00f3n","isPartOf":{"@id":"https:\/\/comerciallin.com\/#website"},"primaryImageOfPage":{"@id":"https:\/\/comerciallin.com\/index.php\/producto\/bateria-comp-acer-one-um08a31\/#primaryimage"},"datePublished":"2022-11-07T18:27:34+00:00","dateModified":"2025-01-14T18:54:11+00:00","breadcrumb":{"@id":"https:\/\/comerciallin.com\/index.php\/producto\/bateria-comp-acer-one-um08a31\/#breadcrumb"},"inLanguage":"es","potentialAction":[{"@type":"ReadAction","target":["https:\/\/comerciallin.com\/index.php\/producto\/bateria-comp-acer-one-um08a31\/"]}]},{"@type":"BreadcrumbList","@id":"https:\/\/comerciallin.com\/index.php\/producto\/bateria-comp-acer-one-um08a31\/#breadcrumb","itemListElement":[{"@type":"ListItem","position":1,"name":"Inicio","item":"https:\/\/comerciallin.com\/"},{"@type":"ListItem","position":2,"name":"Shop","item":"https:\/\/comerciallin.com\/?page_id=3853"},{"@type":"ListItem","position":3,"name":"BATERIA COMP ACER ONE UM08A31"}]}]},"product_price_amount":"48.30","product_price_currency":"USD","og_availability":"instock","product_availability":"instock","product_retailer_item_id":"537030100817","product_condition":"new"},"jetpack-related-posts":[{"id":18676,"url":"https:\/\/comerciallin.com\/index.php\/producto\/bateria-comp-acer-um08a31-32-51-52-71-72-73-2\/","url_meta":{"origin":19149,"position":0},"title":"BATERIA COMP ACER UM08A31-32-51-52-71-72-73-2","date":"7 de noviembre de 2022","format":false,"excerpt":"Voltaje 11.1 Voltios Battery Weight 100 Gramos Battery Cell Type Litio","rel":"","context":"Entrada similar","img":{"alt_text":"","src":"","width":0,"height":0},"classes":[]},{"id":19738,"url":"https:\/\/comerciallin.com\/index.php\/producto\/pantalla-lapto-11-6-led-slim-40pin\/","url_meta":{"origin":19149,"position":1},"title":"PANTALLA LAPTO 11.6&#8243; LED SLIM 40PIN","date":"8 de noviembre de 2022","format":false,"excerpt":"Pantalla 11.6 Led 40p Ltn116at01-801 Ltn116at01-t01 Acer 751","rel":"","context":"Entrada similar","img":{"alt_text":"","src":"","width":0,"height":0},"classes":[]},{"id":19744,"url":"https:\/\/comerciallin.com\/index.php\/producto\/teclado-p-lapto-comp-acer-zg5-e1-432\/","url_meta":{"origin":19149,"position":2},"title":"TECLADO P. LAPTO COMP ACER ZG5 E1-432","date":"8 de noviembre de 2022","format":false,"excerpt":"Teclado Acer Aspire One A110 A150 Zg5 D150 D250","rel":"","context":"Entrada similar","img":{"alt_text":"","src":"","width":0,"height":0},"classes":[]},{"id":19575,"url":"https:\/\/comerciallin.com\/index.php\/producto\/bateria-comp-acer-al12b32-756\/","url_meta":{"origin":19149,"position":3},"title":"BATERIA COMP ACER AL12B32\/756","date":"7 de noviembre de 2022","format":false,"excerpt":"Nueva bater\u00eda AL12B32 4-Cell para port\u00e1til ACER Aspire One 725 756 V5 \u2013 171 B113 B113 M AL12 X 32 AL12 A31 AL12B31 [14,8 V37wh\/2500 mAh]","rel":"","context":"Entrada similar","img":{"alt_text":"BATERIA COMP ACER AL12B32\/756","src":"https:\/\/i0.wp.com\/comerciallin.com\/wp-content\/uploads\/2023\/02\/537030110901.jpg?fit=992%2C744&ssl=1&resize=350%2C200","width":350,"height":200},"classes":[]},{"id":19595,"url":"https:\/\/comerciallin.com\/index.php\/producto\/teclado-p-lapto-comp-acer-aspire-v5-123-v51\/","url_meta":{"origin":19149,"position":4},"title":"TECLADO P. LAPTO COMP ACER ASPIRE V5-123 V51","date":"7 de noviembre de 2022","format":false,"excerpt":"TECLADO PARA ACER 14 725 756 V5-121 V5-171 S3 S5","rel":"","context":"Entrada similar","img":{"alt_text":"","src":"","width":0,"height":0},"classes":[]},{"id":19742,"url":"https:\/\/comerciallin.com\/index.php\/producto\/pantalla-lapto-10-1-led-ks-431-101\/","url_meta":{"origin":19149,"position":5},"title":"PANTALLA LAPTO 10.1&#8243; LED KS-431 101","date":"8 de noviembre de 2022","format":false,"excerpt":"Pantalla 10.1 Slim 40 Pines","rel":"","context":"Entrada similar","img":{"alt_text":"","src":"","width":0,"height":0},"classes":[]}],"jetpack_sharing_enabled":true,"jetpack_likes_enabled":true,"_links":{"self":[{"href":"https:\/\/comerciallin.com\/index.php\/wp-json\/wp\/v2\/product\/19149"}],"collection":[{"href":"https:\/\/comerciallin.com\/index.php\/wp-json\/wp\/v2\/product"}],"about":[{"href":"https:\/\/comerciallin.com\/index.php\/wp-json\/wp\/v2\/types\/product"}],"replies":[{"embeddable":true,"href":"https:\/\/comerciallin.com\/index.php\/wp-json\/wp\/v2\/comments?post=19149"}],"wp:featuredmedia":[{"embeddable":true,"href":"https:\/\/comerciallin.com\/index.php\/wp-json\/wp\/v2\/media\/21591"}],"wp:attachment":[{"href":"https:\/\/comerciallin.com\/index.php\/wp-json\/wp\/v2\/media?parent=19149"}],"wp:term":[{"taxonomy":"product_cat","embeddable":true,"href":"https:\/\/comerciallin.com\/index.php\/wp-json\/wp\/v2\/product_cat?post=19149"},{"taxonomy":"product_tag","embeddable":true,"href":"https:\/\/comerciallin.com\/index.php\/wp-json\/wp\/v2\/product_tag?post=19149"}],"curies":[{"name":"wp","href":"https:\/\/api.w.org\/{rel}","templated":true}]}}