{"id":19141,"date":"2022-11-07T13:27:33","date_gmt":"2022-11-07T18:27:33","guid":{"rendered":"https:\/\/comerciallin.com\/index.php\/producto\/bateria-comp-hp-mr03-740722-001-740005-141-hb\/"},"modified":"2025-01-14T13:54:35","modified_gmt":"2025-01-14T18:54:35","slug":"bateria-comp-hp-mr03-740722-001-740005-141-hb","status":"publish","type":"product","link":"https:\/\/comerciallin.com\/index.php\/producto\/bateria-comp-hp-mr03-740722-001-740005-141-hb\/","title":{"rendered":"BATERIA COMP HP MR03\/740722-001\/740005-141\/HB"},"content":{"rendered":"<p><strong>Compatible con los modelos:<\/strong> Bater&iacute;a de repuesto para HP MR03 hstnn-ib5t 740005 &ndash; 121 740722 &ndash; 001, compatible con 10 TouchSmart Series, HP Pavilion 10-E010NR, 10-E019NR, 10-E020CA, 10Z-E000, 10-e004au, 0-e011au, 10-e022au, 10-e000es, 10-e000ss, 10-e000sf, 10-e001sf, 10-e029sf, 10-e030ef, 10-e002el, 10-e002sl, 10-e003au, 10-e013au, 10-e020au, 10-e021au<\/p>\n","protected":false},"excerpt":{"rendered":"<p>HP MR03 hstnn-ib5t 740005 \u2013 121 740722 \u2013 001, HP Pavilion 10 TouchSmart Series<\/p>\n","protected":false},"featured_media":21661,"comment_status":"open","ping_status":"closed","template":"","meta":{"spay_email":""},"product_cat":[794],"product_tag":[],"supplier_id":null,"supplier_sku":"","barcode":null,"atum_controlled":true,"out_stock_date":null,"out_stock_threshold":null,"inheritable":false,"inbound_stock":null,"stock_on_hold":0,"sold_today":0,"sales_last_days":0,"reserved_stock":null,"customer_returns":null,"warehouse_damage":null,"lost_in_post":null,"other_logs":null,"out_stock_days":0,"lost_sales":0,"has_location":null,"update_date":"2026-04-28T00:11:16","atum_locations":[],"atum_stock_status":"instock","restock_status":false,"low_stock_amount":"","sales_update_date":"2026-04-28T00:11:16","calc_backorders":null,"acf":[],"yoast_head":"<!-- This site is optimized with the Yoast SEO Premium plugin v17.4 (Yoast SEO v17.4) - https:\/\/yoast.com\/wordpress\/plugins\/seo\/ -->\n<title>BATERIA COMP HP MR03\/740722-001\/740005-141\/HB - tienda de electr\u00f3nica y computaci\u00f3n<\/title>\n<meta name=\"robots\" content=\"index, follow, max-snippet:-1, max-image-preview:large, max-video-preview:-1\" \/>\n<link rel=\"canonical\" href=\"https:\/\/comerciallin.com\/index.php\/producto\/bateria-comp-hp-mr03-740722-001-740005-141-hb\/\" \/>\n<meta property=\"og:locale\" content=\"es_ES\" \/>\n<meta property=\"og:type\" content=\"article\" \/>\n<meta property=\"og:title\" content=\"BATERIA COMP HP MR03\/740722-001\/740005-141\/HB\" \/>\n<meta property=\"og:description\" content=\"HP MR03 hstnn-ib5t 740005 \u2013 121 740722 \u2013 001, HP Pavilion 10 TouchSmart Series\" \/>\n<meta property=\"og:url\" content=\"https:\/\/comerciallin.com\/index.php\/producto\/bateria-comp-hp-mr03-740722-001-740005-141-hb\/\" \/>\n<meta property=\"og:site_name\" content=\"tienda de electr\u00f3nica y computaci\u00f3n\" \/>\n<meta property=\"article:modified_time\" content=\"2025-01-14T18:54:35+00:00\" \/>\n<meta name=\"twitter:card\" content=\"summary_large_image\" \/>\n<meta name=\"twitter:image\" content=\"https:\/\/i0.wp.com\/comerciallin.com\/wp-content\/uploads\/2023\/02\/537030190906.jpg?fit=%2C&amp;ssl=1\" \/>\n<meta name=\"twitter:label1\" content=\"Precio\" \/>\n\t<meta name=\"twitter:data1\" content=\"&#36;37,95\" \/>\n\t<meta name=\"twitter:label2\" content=\"Availability\" \/>\n\t<meta name=\"twitter:data2\" content=\"In stock\" \/>\n<script type=\"application\/ld+json\" class=\"yoast-schema-graph\">{\"@context\":\"https:\/\/schema.org\",\"@graph\":[{\"@type\":\"WebSite\",\"@id\":\"https:\/\/comerciallin.com\/#website\",\"url\":\"https:\/\/comerciallin.com\/\",\"name\":\"tienda de electr\\u00f3nica y computaci\\u00f3n\",\"description\":\"Importadora de Electr\\u00f3nica y Computaci\\u00f3n\",\"potentialAction\":[{\"@type\":\"SearchAction\",\"target\":{\"@type\":\"EntryPoint\",\"urlTemplate\":\"https:\/\/comerciallin.com\/?s={search_term_string}\"},\"query-input\":\"required name=search_term_string\"}],\"inLanguage\":\"es\"},{\"@type\":\"ImageObject\",\"@id\":\"https:\/\/comerciallin.com\/index.php\/producto\/bateria-comp-hp-mr03-740722-001-740005-141-hb\/#primaryimage\",\"inLanguage\":\"es\",\"url\":\"https:\/\/i0.wp.com\/comerciallin.com\/wp-content\/uploads\/2023\/02\/537030190906.jpg?fit=%2C&ssl=1\",\"contentUrl\":\"https:\/\/i0.wp.com\/comerciallin.com\/wp-content\/uploads\/2023\/02\/537030190906.jpg?fit=%2C&ssl=1\",\"caption\":\"BATERIA COMP HP MR03\/740722-001\/740005-141\/HB\"},{\"@type\":\"WebPage\",\"@id\":\"https:\/\/comerciallin.com\/index.php\/producto\/bateria-comp-hp-mr03-740722-001-740005-141-hb\/#webpage\",\"url\":\"https:\/\/comerciallin.com\/index.php\/producto\/bateria-comp-hp-mr03-740722-001-740005-141-hb\/\",\"name\":\"BATERIA COMP HP MR03\/740722-001\/740005-141\/HB - tienda de electr\\u00f3nica y computaci\\u00f3n\",\"isPartOf\":{\"@id\":\"https:\/\/comerciallin.com\/#website\"},\"primaryImageOfPage\":{\"@id\":\"https:\/\/comerciallin.com\/index.php\/producto\/bateria-comp-hp-mr03-740722-001-740005-141-hb\/#primaryimage\"},\"datePublished\":\"2022-11-07T18:27:33+00:00\",\"dateModified\":\"2025-01-14T18:54:35+00:00\",\"breadcrumb\":{\"@id\":\"https:\/\/comerciallin.com\/index.php\/producto\/bateria-comp-hp-mr03-740722-001-740005-141-hb\/#breadcrumb\"},\"inLanguage\":\"es\",\"potentialAction\":[{\"@type\":\"ReadAction\",\"target\":[\"https:\/\/comerciallin.com\/index.php\/producto\/bateria-comp-hp-mr03-740722-001-740005-141-hb\/\"]}]},{\"@type\":\"BreadcrumbList\",\"@id\":\"https:\/\/comerciallin.com\/index.php\/producto\/bateria-comp-hp-mr03-740722-001-740005-141-hb\/#breadcrumb\",\"itemListElement\":[{\"@type\":\"ListItem\",\"position\":1,\"name\":\"Inicio\",\"item\":\"https:\/\/comerciallin.com\/\"},{\"@type\":\"ListItem\",\"position\":2,\"name\":\"Shop\",\"item\":\"https:\/\/comerciallin.com\/?page_id=3853\"},{\"@type\":\"ListItem\",\"position\":3,\"name\":\"BATERIA COMP HP MR03\/740722-001\/740005-141\/HB\"}]}]}<\/script>\n<meta property=\"product:price:amount\" content=\"37.95\" \/>\n<meta property=\"product:price:currency\" content=\"USD\" \/>\n<meta property=\"og:availability\" content=\"instock\" \/>\n<meta property=\"product:availability\" content=\"instock\" \/>\n<meta property=\"product:retailer_item_id\" content=\"537030190906\" \/>\n<meta property=\"product:condition\" content=\"new\" \/>\n<!-- \/ Yoast SEO Premium plugin. -->","yoast_head_json":{"title":"BATERIA COMP HP MR03\/740722-001\/740005-141\/HB - tienda de electr\u00f3nica y computaci\u00f3n","robots":{"index":"index","follow":"follow","max-snippet":"max-snippet:-1","max-image-preview":"max-image-preview:large","max-video-preview":"max-video-preview:-1"},"canonical":"https:\/\/comerciallin.com\/index.php\/producto\/bateria-comp-hp-mr03-740722-001-740005-141-hb\/","og_locale":"es_ES","og_type":"article","og_title":"BATERIA COMP HP MR03\/740722-001\/740005-141\/HB","og_description":"HP MR03 hstnn-ib5t 740005 \u2013 121 740722 \u2013 001, HP Pavilion 10 TouchSmart Series","og_url":"https:\/\/comerciallin.com\/index.php\/producto\/bateria-comp-hp-mr03-740722-001-740005-141-hb\/","og_site_name":"tienda de electr\u00f3nica y computaci\u00f3n","article_modified_time":"2025-01-14T18:54:35+00:00","twitter_card":"summary_large_image","twitter_image":"https:\/\/i0.wp.com\/comerciallin.com\/wp-content\/uploads\/2023\/02\/537030190906.jpg?fit=%2C&ssl=1","twitter_misc":{"Precio":"&#36;37,95","Availability":"In stock"},"schema":{"@context":"https:\/\/schema.org","@graph":[{"@type":"WebSite","@id":"https:\/\/comerciallin.com\/#website","url":"https:\/\/comerciallin.com\/","name":"tienda de electr\u00f3nica y computaci\u00f3n","description":"Importadora de Electr\u00f3nica y Computaci\u00f3n","potentialAction":[{"@type":"SearchAction","target":{"@type":"EntryPoint","urlTemplate":"https:\/\/comerciallin.com\/?s={search_term_string}"},"query-input":"required name=search_term_string"}],"inLanguage":"es"},{"@type":"ImageObject","@id":"https:\/\/comerciallin.com\/index.php\/producto\/bateria-comp-hp-mr03-740722-001-740005-141-hb\/#primaryimage","inLanguage":"es","url":"https:\/\/i0.wp.com\/comerciallin.com\/wp-content\/uploads\/2023\/02\/537030190906.jpg?fit=%2C&ssl=1","contentUrl":"https:\/\/i0.wp.com\/comerciallin.com\/wp-content\/uploads\/2023\/02\/537030190906.jpg?fit=%2C&ssl=1","caption":"BATERIA COMP HP MR03\/740722-001\/740005-141\/HB"},{"@type":"WebPage","@id":"https:\/\/comerciallin.com\/index.php\/producto\/bateria-comp-hp-mr03-740722-001-740005-141-hb\/#webpage","url":"https:\/\/comerciallin.com\/index.php\/producto\/bateria-comp-hp-mr03-740722-001-740005-141-hb\/","name":"BATERIA COMP HP MR03\/740722-001\/740005-141\/HB - tienda de electr\u00f3nica y computaci\u00f3n","isPartOf":{"@id":"https:\/\/comerciallin.com\/#website"},"primaryImageOfPage":{"@id":"https:\/\/comerciallin.com\/index.php\/producto\/bateria-comp-hp-mr03-740722-001-740005-141-hb\/#primaryimage"},"datePublished":"2022-11-07T18:27:33+00:00","dateModified":"2025-01-14T18:54:35+00:00","breadcrumb":{"@id":"https:\/\/comerciallin.com\/index.php\/producto\/bateria-comp-hp-mr03-740722-001-740005-141-hb\/#breadcrumb"},"inLanguage":"es","potentialAction":[{"@type":"ReadAction","target":["https:\/\/comerciallin.com\/index.php\/producto\/bateria-comp-hp-mr03-740722-001-740005-141-hb\/"]}]},{"@type":"BreadcrumbList","@id":"https:\/\/comerciallin.com\/index.php\/producto\/bateria-comp-hp-mr03-740722-001-740005-141-hb\/#breadcrumb","itemListElement":[{"@type":"ListItem","position":1,"name":"Inicio","item":"https:\/\/comerciallin.com\/"},{"@type":"ListItem","position":2,"name":"Shop","item":"https:\/\/comerciallin.com\/?page_id=3853"},{"@type":"ListItem","position":3,"name":"BATERIA COMP HP MR03\/740722-001\/740005-141\/HB"}]}]},"product_price_amount":"37.95","product_price_currency":"USD","og_availability":"instock","product_availability":"instock","product_retailer_item_id":"537030190906","product_condition":"new"},"jetpack-related-posts":[{"id":19643,"url":"https:\/\/comerciallin.com\/index.php\/producto\/bateria-p-lapto-hp-pi06-pi09-hstnn-lb4n-hstn\/","url_meta":{"origin":19141,"position":0},"title":"BATERIA P. LAPTO HP PI06\/PI09\/HSTNN-LB4N\/HSTN","date":"7 de noviembre de 2022","format":false,"excerpt":"6 celdas para port\u00e1til HP PI06 P106 710417-001 710416-001 \u2021LB4N Envy Pavilion TouchSmart 14 15 17","rel":"","context":"Entrada similar","img":{"alt_text":"","src":"","width":0,"height":0},"classes":[]},{"id":19124,"url":"https:\/\/comerciallin.com\/index.php\/producto\/bateria-comp-hp-hy04-hstnn-ib4u-hstnn-yb4u-t0\/","url_meta":{"origin":19141,"position":1},"title":"BATERIA COMP HP HY04\/HSTNN-IB4U\/HSTNN-YB4U\/T0","date":"7 de noviembre de 2022","format":false,"excerpt":"Voltaje 14.8 Voltios Peso de la Bater\u00eda 274 Gramos Compatible Devices Laptop","rel":"","context":"Entrada similar","img":{"alt_text":"","src":"","width":0,"height":0},"classes":[]},{"id":19249,"url":"https:\/\/comerciallin.com\/index.php\/producto\/bateria-comp-hp-dv1000-dv1100-d1200-dv130\/","url_meta":{"origin":19141,"position":2},"title":"BATERIA COMP HP DV1000\/ DV1100\/ D1200\/ DV130","date":"7 de noviembre de 2022","format":false,"excerpt":"Color: Negro Capacidad: 5200mAh Voltage : 10.80V\/11.10V","rel":"","context":"Entrada similar","img":{"alt_text":"","src":"","width":0,"height":0},"classes":[]},{"id":19229,"url":"https:\/\/comerciallin.com\/index.php\/producto\/bateria-comp-hp-dv9000-hstnn-ib33-hstnn-ib34a\/","url_meta":{"origin":19141,"position":3},"title":"BATERIA COMP HP DV9000\/HSTNN-IB33\/HSTNN-IB34A","date":"7 de noviembre de 2022","format":false,"excerpt":"Voltaje 14.4 Voltios Compatible Devices Laptop Tipo de celda de bater\u00eda Litio Ion Capacidad 5200 Miliamperios Hora (mAh)","rel":"","context":"Entrada similar","img":{"alt_text":"BATERIA COMP HP DV9000\/HSTNN-IB33\/HSTNN-IB34A","src":"https:\/\/i0.wp.com\/comerciallin.com\/wp-content\/uploads\/2023\/02\/212030170712.jpg?fit=992%2C744&ssl=1&resize=350%2C200","width":350,"height":200},"classes":[]},{"id":19140,"url":"https:\/\/comerciallin.com\/index.php\/producto\/bateria-comp-hp-6720s-6530s-6531s-6535s-6730s\/","url_meta":{"origin":19141,"position":4},"title":"BATERIA COMP HP 6720S\/6530S\/6531S\/6535S\/6730S","date":"7 de noviembre de 2022","format":false,"excerpt":"Battery type: Li-ion \u00a0Voltage: 11.1 \u00a0Capacity: 4400 mAH","rel":"","context":"Entrada similar","img":{"alt_text":"","src":"","width":0,"height":0},"classes":[]},{"id":19122,"url":"https:\/\/comerciallin.com\/index.php\/producto\/bateria-comp-hp-8560w-8760w-hstnn-f10c-hstnn\/","url_meta":{"origin":19141,"position":5},"title":"BATERIA COMP HP 8560W\/8760W\/HSTNN-F10C\/HSTNN-","date":"7 de noviembre de 2022","format":false,"excerpt":"Tipo de bater\u00eda: iones de litio | color: negro Voltaje: 14,80\u00a0V | velocidad: 65.00\u00a0Wh Capacidad: 4400\u00a0mAh | No. de celdas: 8 N\u00famero de parte compatibles: 632113\u00a0\u2013\u00a0151, 632425\u00a0\u2013\u00a0001, 632427\u00a0\u2013\u00a0001, hstnn-f10\u00a0C, hstnn-i93\u00a0C, hstnn-ib2p, hstnn-lb2p, qk641aa, vh08, vh08\u00a0x L","rel":"","context":"Entrada similar","img":{"alt_text":"","src":"","width":0,"height":0},"classes":[]}],"jetpack_sharing_enabled":true,"jetpack_likes_enabled":true,"_links":{"self":[{"href":"https:\/\/comerciallin.com\/index.php\/wp-json\/wp\/v2\/product\/19141"}],"collection":[{"href":"https:\/\/comerciallin.com\/index.php\/wp-json\/wp\/v2\/product"}],"about":[{"href":"https:\/\/comerciallin.com\/index.php\/wp-json\/wp\/v2\/types\/product"}],"replies":[{"embeddable":true,"href":"https:\/\/comerciallin.com\/index.php\/wp-json\/wp\/v2\/comments?post=19141"}],"wp:featuredmedia":[{"embeddable":true,"href":"https:\/\/comerciallin.com\/index.php\/wp-json\/wp\/v2\/media\/21661"}],"wp:attachment":[{"href":"https:\/\/comerciallin.com\/index.php\/wp-json\/wp\/v2\/media?parent=19141"}],"wp:term":[{"taxonomy":"product_cat","embeddable":true,"href":"https:\/\/comerciallin.com\/index.php\/wp-json\/wp\/v2\/product_cat?post=19141"},{"taxonomy":"product_tag","embeddable":true,"href":"https:\/\/comerciallin.com\/index.php\/wp-json\/wp\/v2\/product_tag?post=19141"}],"curies":[{"name":"wp","href":"https:\/\/api.w.org\/{rel}","templated":true}]}}