{"id":19140,"date":"2022-11-07T13:27:31","date_gmt":"2022-11-07T18:27:31","guid":{"rendered":"https:\/\/comerciallin.com\/index.php\/producto\/bateria-comp-hp-6720s-6530s-6531s-6535s-6730s\/"},"modified":"2025-01-14T13:54:31","modified_gmt":"2025-01-14T18:54:31","slug":"bateria-comp-hp-6720s-6530s-6531s-6535s-6730s","status":"publish","type":"product","link":"https:\/\/comerciallin.com\/index.php\/producto\/bateria-comp-hp-6720s-6530s-6531s-6535s-6730s\/","title":{"rendered":"BATERIA COMP HP 6720S\/6530S\/6531S\/6535S\/6730S"},"content":{"rendered":"<ul>\n<li>Compatible with HP COMPAQ 550 610 615 HP Business Notebook 6720S 6720S\/CT 6730S 6730S\/CT 6735S 6820S 6830S<\/li>\n<li>Compatible Parts 451085-121 451085-141 451085-142 451085-361 451085-621 451085-661 451086-001 451086-121 451086-141 451086-142 451086-161 451086-322 451086-361 451086-362 451086-421 451086-621 451086-661 451568-001 456864-001 456865-001 464119-142 464119-143 464119-162 464119-361 464119-362 464119-363 484787-001 490306-001 491278-001 491279-001 491654-001 491657-001 496897-001 500764-001 500765-001<\/li>\n<li>Compatible Parts 501870-001 550 572186-001 572187-001 572188-001 572189-001 572190-001 572191-001 DD06 DD08 DD08063 GJ655AA#ABH GJ655AA HSTNN-FB51 HSTNN-FB52 HSTNN-I39C HSTNN-I40C HSTNN-I48C-A HSTNN-I48C-B HSTNN-I49C HSTNN-I50C-B HSTNN-I54C HSTNN-I64C-5 HSTNN-I65C-5 HSTNN-IB51 HSTNN-IB52 HSTNN-IB55 HSTNN-IB62 HSTNN-LB51 HSTNN-LB52 HSTNN-OB51 HSTNN-OB51T HSTNN-OB52 HSTNN-OB62 HSTNN-XB51 HSTNN-XB52 HSTNN-XB62 KU532AA NBP8A97<\/li>\n<\/ul>\n","protected":false},"excerpt":{"rendered":"<ul>\n<li>Battery type: Li-ion<\/li>\n<li>&nbsp;Voltage: 11.1<\/li>\n<li>&nbsp;Capacity: 4400 mAH<\/li>\n<\/ul>\n","protected":false},"featured_media":21639,"comment_status":"open","ping_status":"closed","template":"","meta":{"spay_email":""},"product_cat":[794],"product_tag":[],"supplier_id":null,"supplier_sku":"","barcode":null,"atum_controlled":true,"out_stock_date":null,"out_stock_threshold":null,"inheritable":false,"inbound_stock":null,"stock_on_hold":0,"sold_today":0,"sales_last_days":0,"reserved_stock":null,"customer_returns":null,"warehouse_damage":null,"lost_in_post":null,"other_logs":null,"out_stock_days":0,"lost_sales":0,"has_location":null,"update_date":"2026-04-28T00:11:16","atum_locations":[],"atum_stock_status":"instock","restock_status":false,"low_stock_amount":"","sales_update_date":"2026-04-28T00:11:16","calc_backorders":null,"acf":[],"yoast_head":"<!-- This site is optimized with the Yoast SEO Premium plugin v17.4 (Yoast SEO v17.4) - https:\/\/yoast.com\/wordpress\/plugins\/seo\/ -->\n<title>BATERIA COMP HP 6720S\/6530S\/6531S\/6535S\/6730S - tienda de electr\u00f3nica y computaci\u00f3n<\/title>\n<meta name=\"robots\" content=\"index, follow, max-snippet:-1, max-image-preview:large, max-video-preview:-1\" \/>\n<link rel=\"canonical\" href=\"https:\/\/comerciallin.com\/index.php\/producto\/bateria-comp-hp-6720s-6530s-6531s-6535s-6730s\/\" \/>\n<meta property=\"og:locale\" content=\"es_ES\" \/>\n<meta property=\"og:type\" content=\"article\" \/>\n<meta property=\"og:title\" content=\"BATERIA COMP HP 6720S\/6530S\/6531S\/6535S\/6730S\" \/>\n<meta property=\"og:description\" content=\"Battery type: Li-ion &nbsp;Voltage: 11.1 &nbsp;Capacity: 4400 mAH\" \/>\n<meta property=\"og:url\" content=\"https:\/\/comerciallin.com\/index.php\/producto\/bateria-comp-hp-6720s-6530s-6531s-6535s-6730s\/\" \/>\n<meta property=\"og:site_name\" content=\"tienda de electr\u00f3nica y computaci\u00f3n\" \/>\n<meta property=\"article:modified_time\" content=\"2025-01-14T18:54:31+00:00\" \/>\n<meta name=\"twitter:card\" content=\"summary_large_image\" \/>\n<meta name=\"twitter:image\" content=\"https:\/\/i0.wp.com\/comerciallin.com\/wp-content\/uploads\/2023\/02\/537030180803-1.jpg?fit=%2C&amp;ssl=1\" \/>\n<meta name=\"twitter:label1\" content=\"Precio\" \/>\n\t<meta name=\"twitter:data1\" content=\"&#36;43,70\" \/>\n\t<meta name=\"twitter:label2\" content=\"Availability\" \/>\n\t<meta name=\"twitter:data2\" content=\"In stock\" \/>\n<script type=\"application\/ld+json\" class=\"yoast-schema-graph\">{\"@context\":\"https:\/\/schema.org\",\"@graph\":[{\"@type\":\"WebSite\",\"@id\":\"https:\/\/comerciallin.com\/#website\",\"url\":\"https:\/\/comerciallin.com\/\",\"name\":\"tienda de electr\\u00f3nica y computaci\\u00f3n\",\"description\":\"Importadora de Electr\\u00f3nica y Computaci\\u00f3n\",\"potentialAction\":[{\"@type\":\"SearchAction\",\"target\":{\"@type\":\"EntryPoint\",\"urlTemplate\":\"https:\/\/comerciallin.com\/?s={search_term_string}\"},\"query-input\":\"required name=search_term_string\"}],\"inLanguage\":\"es\"},{\"@type\":\"ImageObject\",\"@id\":\"https:\/\/comerciallin.com\/index.php\/producto\/bateria-comp-hp-6720s-6530s-6531s-6535s-6730s\/#primaryimage\",\"inLanguage\":\"es\",\"url\":\"https:\/\/i0.wp.com\/comerciallin.com\/wp-content\/uploads\/2023\/02\/537030180803-1.jpg?fit=%2C&ssl=1\",\"contentUrl\":\"https:\/\/i0.wp.com\/comerciallin.com\/wp-content\/uploads\/2023\/02\/537030180803-1.jpg?fit=%2C&ssl=1\",\"caption\":\"BATERIA COMP HP 6720S\/6530S\/6531S\/6535S\/6730S\"},{\"@type\":\"WebPage\",\"@id\":\"https:\/\/comerciallin.com\/index.php\/producto\/bateria-comp-hp-6720s-6530s-6531s-6535s-6730s\/#webpage\",\"url\":\"https:\/\/comerciallin.com\/index.php\/producto\/bateria-comp-hp-6720s-6530s-6531s-6535s-6730s\/\",\"name\":\"BATERIA COMP HP 6720S\/6530S\/6531S\/6535S\/6730S - tienda de electr\\u00f3nica y computaci\\u00f3n\",\"isPartOf\":{\"@id\":\"https:\/\/comerciallin.com\/#website\"},\"primaryImageOfPage\":{\"@id\":\"https:\/\/comerciallin.com\/index.php\/producto\/bateria-comp-hp-6720s-6530s-6531s-6535s-6730s\/#primaryimage\"},\"datePublished\":\"2022-11-07T18:27:31+00:00\",\"dateModified\":\"2025-01-14T18:54:31+00:00\",\"breadcrumb\":{\"@id\":\"https:\/\/comerciallin.com\/index.php\/producto\/bateria-comp-hp-6720s-6530s-6531s-6535s-6730s\/#breadcrumb\"},\"inLanguage\":\"es\",\"potentialAction\":[{\"@type\":\"ReadAction\",\"target\":[\"https:\/\/comerciallin.com\/index.php\/producto\/bateria-comp-hp-6720s-6530s-6531s-6535s-6730s\/\"]}]},{\"@type\":\"BreadcrumbList\",\"@id\":\"https:\/\/comerciallin.com\/index.php\/producto\/bateria-comp-hp-6720s-6530s-6531s-6535s-6730s\/#breadcrumb\",\"itemListElement\":[{\"@type\":\"ListItem\",\"position\":1,\"name\":\"Inicio\",\"item\":\"https:\/\/comerciallin.com\/\"},{\"@type\":\"ListItem\",\"position\":2,\"name\":\"Shop\",\"item\":\"https:\/\/comerciallin.com\/?page_id=3853\"},{\"@type\":\"ListItem\",\"position\":3,\"name\":\"BATERIA COMP HP 6720S\/6530S\/6531S\/6535S\/6730S\"}]}]}<\/script>\n<meta property=\"product:price:amount\" content=\"43.70\" \/>\n<meta property=\"product:price:currency\" content=\"USD\" \/>\n<meta property=\"og:availability\" content=\"instock\" \/>\n<meta property=\"product:availability\" content=\"instock\" \/>\n<meta property=\"product:retailer_item_id\" content=\"537030180803\" \/>\n<meta property=\"product:condition\" content=\"new\" \/>\n<!-- \/ Yoast SEO Premium plugin. -->","yoast_head_json":{"title":"BATERIA COMP HP 6720S\/6530S\/6531S\/6535S\/6730S - tienda de electr\u00f3nica y computaci\u00f3n","robots":{"index":"index","follow":"follow","max-snippet":"max-snippet:-1","max-image-preview":"max-image-preview:large","max-video-preview":"max-video-preview:-1"},"canonical":"https:\/\/comerciallin.com\/index.php\/producto\/bateria-comp-hp-6720s-6530s-6531s-6535s-6730s\/","og_locale":"es_ES","og_type":"article","og_title":"BATERIA COMP HP 6720S\/6530S\/6531S\/6535S\/6730S","og_description":"Battery type: Li-ion &nbsp;Voltage: 11.1 &nbsp;Capacity: 4400 mAH","og_url":"https:\/\/comerciallin.com\/index.php\/producto\/bateria-comp-hp-6720s-6530s-6531s-6535s-6730s\/","og_site_name":"tienda de electr\u00f3nica y computaci\u00f3n","article_modified_time":"2025-01-14T18:54:31+00:00","twitter_card":"summary_large_image","twitter_image":"https:\/\/i0.wp.com\/comerciallin.com\/wp-content\/uploads\/2023\/02\/537030180803-1.jpg?fit=%2C&ssl=1","twitter_misc":{"Precio":"&#36;43,70","Availability":"In stock"},"schema":{"@context":"https:\/\/schema.org","@graph":[{"@type":"WebSite","@id":"https:\/\/comerciallin.com\/#website","url":"https:\/\/comerciallin.com\/","name":"tienda de electr\u00f3nica y computaci\u00f3n","description":"Importadora de Electr\u00f3nica y Computaci\u00f3n","potentialAction":[{"@type":"SearchAction","target":{"@type":"EntryPoint","urlTemplate":"https:\/\/comerciallin.com\/?s={search_term_string}"},"query-input":"required name=search_term_string"}],"inLanguage":"es"},{"@type":"ImageObject","@id":"https:\/\/comerciallin.com\/index.php\/producto\/bateria-comp-hp-6720s-6530s-6531s-6535s-6730s\/#primaryimage","inLanguage":"es","url":"https:\/\/i0.wp.com\/comerciallin.com\/wp-content\/uploads\/2023\/02\/537030180803-1.jpg?fit=%2C&ssl=1","contentUrl":"https:\/\/i0.wp.com\/comerciallin.com\/wp-content\/uploads\/2023\/02\/537030180803-1.jpg?fit=%2C&ssl=1","caption":"BATERIA COMP HP 6720S\/6530S\/6531S\/6535S\/6730S"},{"@type":"WebPage","@id":"https:\/\/comerciallin.com\/index.php\/producto\/bateria-comp-hp-6720s-6530s-6531s-6535s-6730s\/#webpage","url":"https:\/\/comerciallin.com\/index.php\/producto\/bateria-comp-hp-6720s-6530s-6531s-6535s-6730s\/","name":"BATERIA COMP HP 6720S\/6530S\/6531S\/6535S\/6730S - tienda de electr\u00f3nica y computaci\u00f3n","isPartOf":{"@id":"https:\/\/comerciallin.com\/#website"},"primaryImageOfPage":{"@id":"https:\/\/comerciallin.com\/index.php\/producto\/bateria-comp-hp-6720s-6530s-6531s-6535s-6730s\/#primaryimage"},"datePublished":"2022-11-07T18:27:31+00:00","dateModified":"2025-01-14T18:54:31+00:00","breadcrumb":{"@id":"https:\/\/comerciallin.com\/index.php\/producto\/bateria-comp-hp-6720s-6530s-6531s-6535s-6730s\/#breadcrumb"},"inLanguage":"es","potentialAction":[{"@type":"ReadAction","target":["https:\/\/comerciallin.com\/index.php\/producto\/bateria-comp-hp-6720s-6530s-6531s-6535s-6730s\/"]}]},{"@type":"BreadcrumbList","@id":"https:\/\/comerciallin.com\/index.php\/producto\/bateria-comp-hp-6720s-6530s-6531s-6535s-6730s\/#breadcrumb","itemListElement":[{"@type":"ListItem","position":1,"name":"Inicio","item":"https:\/\/comerciallin.com\/"},{"@type":"ListItem","position":2,"name":"Shop","item":"https:\/\/comerciallin.com\/?page_id=3853"},{"@type":"ListItem","position":3,"name":"BATERIA COMP HP 6720S\/6530S\/6531S\/6535S\/6730S"}]}]},"product_price_amount":"43.70","product_price_currency":"USD","og_availability":"instock","product_availability":"instock","product_retailer_item_id":"537030180803","product_condition":"new"},"jetpack-related-posts":[{"id":19729,"url":"https:\/\/comerciallin.com\/index.php\/producto\/bateria-comp-hp-cq42-dm4-cq32\/","url_meta":{"origin":19140,"position":0},"title":"BATERIA COMP HP CQ42\/DM4\/CQ32\/","date":"8 de noviembre de 2022","format":false,"excerpt":"Pilas 1 Iones de litio necesaria(s), incluida(s) Marca OMCreate Voltaje 11.1 Voltios Peso de la Bater\u00eda 300 Gramos Tipo de celda de bater\u00eda Litio Ion","rel":"","context":"Entrada similar","img":{"alt_text":"","src":"","width":0,"height":0},"classes":[]},{"id":19122,"url":"https:\/\/comerciallin.com\/index.php\/producto\/bateria-comp-hp-8560w-8760w-hstnn-f10c-hstnn\/","url_meta":{"origin":19140,"position":1},"title":"BATERIA COMP HP 8560W\/8760W\/HSTNN-F10C\/HSTNN-","date":"7 de noviembre de 2022","format":false,"excerpt":"Tipo de bater\u00eda: iones de litio | color: negro Voltaje: 14,80\u00a0V | velocidad: 65.00\u00a0Wh Capacidad: 4400\u00a0mAh | No. de celdas: 8 N\u00famero de parte compatibles: 632113\u00a0\u2013\u00a0151, 632425\u00a0\u2013\u00a0001, 632427\u00a0\u2013\u00a0001, hstnn-f10\u00a0C, hstnn-i93\u00a0C, hstnn-ib2p, hstnn-lb2p, qk641aa, vh08, vh08\u00a0x L","rel":"","context":"Entrada similar","img":{"alt_text":"","src":"","width":0,"height":0},"classes":[]},{"id":19175,"url":"https:\/\/comerciallin.com\/index.php\/producto\/bateria-comp-hp-ed03-210-2000-hstnn-cb1z-hstx\/","url_meta":{"origin":19140,"position":2},"title":"BATERIA COMP HP ED03\/210-2000\/HSTNN-CB1Z\/HSTX","date":"7 de noviembre de 2022","format":false,"excerpt":"Capacidad: 5200mAh\/57,7WhVoltage: 11,1VMarca de bater\u00eda: Li-Ion","rel":"","context":"Entrada similar","img":{"alt_text":"BATERIA COMP HP ED03\/210-2000\/HSTNN-CB1Z\/HSTX","src":"https:\/\/i0.wp.com\/comerciallin.com\/wp-content\/uploads\/2023\/02\/4451607304.jpg?fit=992%2C744&ssl=1&resize=350%2C200","width":350,"height":200},"classes":[]},{"id":19141,"url":"https:\/\/comerciallin.com\/index.php\/producto\/bateria-comp-hp-mr03-740722-001-740005-141-hb\/","url_meta":{"origin":19140,"position":3},"title":"BATERIA COMP HP MR03\/740722-001\/740005-141\/HB","date":"7 de noviembre de 2022","format":false,"excerpt":"HP MR03 hstnn-ib5t 740005 \u2013 121 740722 \u2013 001, HP Pavilion 10 TouchSmart Series","rel":"","context":"Entrada similar","img":{"alt_text":"","src":"","width":0,"height":0},"classes":[]},{"id":19249,"url":"https:\/\/comerciallin.com\/index.php\/producto\/bateria-comp-hp-dv1000-dv1100-d1200-dv130\/","url_meta":{"origin":19140,"position":4},"title":"BATERIA COMP HP DV1000\/ DV1100\/ D1200\/ DV130","date":"7 de noviembre de 2022","format":false,"excerpt":"Color: Negro Capacidad: 5200mAh Voltage : 10.80V\/11.10V","rel":"","context":"Entrada similar","img":{"alt_text":"","src":"","width":0,"height":0},"classes":[]},{"id":19229,"url":"https:\/\/comerciallin.com\/index.php\/producto\/bateria-comp-hp-dv9000-hstnn-ib33-hstnn-ib34a\/","url_meta":{"origin":19140,"position":5},"title":"BATERIA COMP HP DV9000\/HSTNN-IB33\/HSTNN-IB34A","date":"7 de noviembre de 2022","format":false,"excerpt":"Voltaje 14.4 Voltios Compatible Devices Laptop Tipo de celda de bater\u00eda Litio Ion Capacidad 5200 Miliamperios Hora (mAh)","rel":"","context":"Entrada similar","img":{"alt_text":"BATERIA COMP HP DV9000\/HSTNN-IB33\/HSTNN-IB34A","src":"https:\/\/i0.wp.com\/comerciallin.com\/wp-content\/uploads\/2023\/02\/212030170712.jpg?fit=992%2C744&ssl=1&resize=350%2C200","width":350,"height":200},"classes":[]}],"jetpack_sharing_enabled":true,"jetpack_likes_enabled":true,"_links":{"self":[{"href":"https:\/\/comerciallin.com\/index.php\/wp-json\/wp\/v2\/product\/19140"}],"collection":[{"href":"https:\/\/comerciallin.com\/index.php\/wp-json\/wp\/v2\/product"}],"about":[{"href":"https:\/\/comerciallin.com\/index.php\/wp-json\/wp\/v2\/types\/product"}],"replies":[{"embeddable":true,"href":"https:\/\/comerciallin.com\/index.php\/wp-json\/wp\/v2\/comments?post=19140"}],"wp:featuredmedia":[{"embeddable":true,"href":"https:\/\/comerciallin.com\/index.php\/wp-json\/wp\/v2\/media\/21639"}],"wp:attachment":[{"href":"https:\/\/comerciallin.com\/index.php\/wp-json\/wp\/v2\/media?parent=19140"}],"wp:term":[{"taxonomy":"product_cat","embeddable":true,"href":"https:\/\/comerciallin.com\/index.php\/wp-json\/wp\/v2\/product_cat?post=19140"},{"taxonomy":"product_tag","embeddable":true,"href":"https:\/\/comerciallin.com\/index.php\/wp-json\/wp\/v2\/product_tag?post=19140"}],"curies":[{"name":"wp","href":"https:\/\/api.w.org\/{rel}","templated":true}]}}