{"id":19136,"date":"2022-11-07T13:27:30","date_gmt":"2022-11-07T18:27:30","guid":{"rendered":"https:\/\/comerciallin.com\/index.php\/producto\/bateria-comp-acer-gateway-squ-715-squ-719-sq1\/"},"modified":"2025-01-14T13:54:12","modified_gmt":"2025-01-14T18:54:12","slug":"bateria-comp-acer-gateway-squ-715-squ-719-sq1","status":"publish","type":"product","link":"https:\/\/comerciallin.com\/index.php\/producto\/bateria-comp-acer-gateway-squ-715-squ-719-sq1\/","title":{"rendered":"BATERIA COMP ACER\/GATEWAY SQU-715\/SQU-719\/SQ1"},"content":{"rendered":"<p>Modelos compatibles\/PN: Gateway squ-715 squ-720 w35044lb w35044lb-sp w35044lb-sy w35052lb w35052lb-sy<\/p>\n","protected":false},"excerpt":{"rendered":"<table>\n<tbody>\n<tr>\n<td>Pilas<\/td>\n<td>1 Iones de litio necesaria(s), incluida(s)<\/td>\n<\/tr>\n<tr>\n<td>Marca<\/td>\n<td>Gateway<\/td>\n<\/tr>\n<tr>\n<td>Voltaje<\/td>\n<td>11.1 Voltios<\/td>\n<\/tr>\n<\/tbody>\n<\/table>\n","protected":false},"featured_media":21595,"comment_status":"open","ping_status":"closed","template":"","meta":{"spay_email":""},"product_cat":[792],"product_tag":[],"supplier_id":null,"supplier_sku":"","barcode":null,"atum_controlled":true,"out_stock_date":null,"out_stock_threshold":null,"inheritable":false,"inbound_stock":null,"stock_on_hold":0,"sold_today":0,"sales_last_days":0,"reserved_stock":null,"customer_returns":null,"warehouse_damage":null,"lost_in_post":null,"other_logs":null,"out_stock_days":0,"lost_sales":0,"has_location":null,"update_date":"2026-05-06T00:17:34","atum_locations":[],"atum_stock_status":"instock","restock_status":false,"low_stock_amount":"","sales_update_date":"2026-05-06T00:17:34","calc_backorders":null,"acf":[],"yoast_head":"<!-- This site is optimized with the Yoast SEO Premium plugin v17.4 (Yoast SEO v17.4) - https:\/\/yoast.com\/wordpress\/plugins\/seo\/ -->\n<title>BATERIA COMP ACER\/GATEWAY SQU-715\/SQU-719\/SQ1 - tienda de electr\u00f3nica y computaci\u00f3n<\/title>\n<meta name=\"robots\" content=\"index, follow, max-snippet:-1, max-image-preview:large, max-video-preview:-1\" \/>\n<link rel=\"canonical\" href=\"https:\/\/comerciallin.com\/index.php\/producto\/bateria-comp-acer-gateway-squ-715-squ-719-sq1\/\" \/>\n<meta property=\"og:locale\" content=\"es_ES\" \/>\n<meta property=\"og:type\" content=\"article\" \/>\n<meta property=\"og:title\" content=\"BATERIA COMP ACER\/GATEWAY SQU-715\/SQU-719\/SQ1\" \/>\n<meta property=\"og:description\" content=\"Pilas 1 Iones de litio necesaria(s), incluida(s)   Marca Gateway   Voltaje 11.1 Voltios\" \/>\n<meta property=\"og:url\" content=\"https:\/\/comerciallin.com\/index.php\/producto\/bateria-comp-acer-gateway-squ-715-squ-719-sq1\/\" \/>\n<meta property=\"og:site_name\" content=\"tienda de electr\u00f3nica y computaci\u00f3n\" \/>\n<meta property=\"article:modified_time\" content=\"2025-01-14T18:54:12+00:00\" \/>\n<meta property=\"og:image\" content=\"https:\/\/comerciallin.com\/wp-content\/uploads\/2023\/02\/4451702304.jpg\" \/>\n\t<meta property=\"og:image:width\" content=\"992\" \/>\n\t<meta property=\"og:image:height\" content=\"744\" \/>\n<meta name=\"twitter:card\" content=\"summary_large_image\" \/>\n<meta name=\"twitter:label1\" content=\"Precio\" \/>\n\t<meta name=\"twitter:data1\" content=\"&#36;48,30\" \/>\n\t<meta name=\"twitter:label2\" content=\"Availability\" \/>\n\t<meta name=\"twitter:data2\" content=\"In stock\" \/>\n<script type=\"application\/ld+json\" class=\"yoast-schema-graph\">{\"@context\":\"https:\/\/schema.org\",\"@graph\":[{\"@type\":\"WebSite\",\"@id\":\"https:\/\/comerciallin.com\/#website\",\"url\":\"https:\/\/comerciallin.com\/\",\"name\":\"tienda de electr\\u00f3nica y computaci\\u00f3n\",\"description\":\"Importadora de Electr\\u00f3nica y Computaci\\u00f3n\",\"potentialAction\":[{\"@type\":\"SearchAction\",\"target\":{\"@type\":\"EntryPoint\",\"urlTemplate\":\"https:\/\/comerciallin.com\/?s={search_term_string}\"},\"query-input\":\"required name=search_term_string\"}],\"inLanguage\":\"es\"},{\"@type\":\"ImageObject\",\"@id\":\"https:\/\/comerciallin.com\/index.php\/producto\/bateria-comp-acer-gateway-squ-715-squ-719-sq1\/#primaryimage\",\"inLanguage\":\"es\",\"url\":\"https:\/\/i0.wp.com\/comerciallin.com\/wp-content\/uploads\/2023\/02\/4451702304.jpg?fit=992%2C744&ssl=1\",\"contentUrl\":\"https:\/\/i0.wp.com\/comerciallin.com\/wp-content\/uploads\/2023\/02\/4451702304.jpg?fit=992%2C744&ssl=1\",\"width\":992,\"height\":744,\"caption\":\"BATERIA COMP ACER\/GATEWAY SQU-715\/SQU-719\/SQ1\"},{\"@type\":\"WebPage\",\"@id\":\"https:\/\/comerciallin.com\/index.php\/producto\/bateria-comp-acer-gateway-squ-715-squ-719-sq1\/#webpage\",\"url\":\"https:\/\/comerciallin.com\/index.php\/producto\/bateria-comp-acer-gateway-squ-715-squ-719-sq1\/\",\"name\":\"BATERIA COMP ACER\/GATEWAY SQU-715\/SQU-719\/SQ1 - tienda de electr\\u00f3nica y computaci\\u00f3n\",\"isPartOf\":{\"@id\":\"https:\/\/comerciallin.com\/#website\"},\"primaryImageOfPage\":{\"@id\":\"https:\/\/comerciallin.com\/index.php\/producto\/bateria-comp-acer-gateway-squ-715-squ-719-sq1\/#primaryimage\"},\"datePublished\":\"2022-11-07T18:27:30+00:00\",\"dateModified\":\"2025-01-14T18:54:12+00:00\",\"breadcrumb\":{\"@id\":\"https:\/\/comerciallin.com\/index.php\/producto\/bateria-comp-acer-gateway-squ-715-squ-719-sq1\/#breadcrumb\"},\"inLanguage\":\"es\",\"potentialAction\":[{\"@type\":\"ReadAction\",\"target\":[\"https:\/\/comerciallin.com\/index.php\/producto\/bateria-comp-acer-gateway-squ-715-squ-719-sq1\/\"]}]},{\"@type\":\"BreadcrumbList\",\"@id\":\"https:\/\/comerciallin.com\/index.php\/producto\/bateria-comp-acer-gateway-squ-715-squ-719-sq1\/#breadcrumb\",\"itemListElement\":[{\"@type\":\"ListItem\",\"position\":1,\"name\":\"Inicio\",\"item\":\"https:\/\/comerciallin.com\/\"},{\"@type\":\"ListItem\",\"position\":2,\"name\":\"Shop\",\"item\":\"https:\/\/comerciallin.com\/?page_id=3853\"},{\"@type\":\"ListItem\",\"position\":3,\"name\":\"BATERIA COMP ACER\/GATEWAY SQU-715\/SQU-719\/SQ1\"}]}]}<\/script>\n<meta property=\"product:price:amount\" content=\"48.30\" \/>\n<meta property=\"product:price:currency\" content=\"USD\" \/>\n<meta property=\"og:availability\" content=\"instock\" \/>\n<meta property=\"product:availability\" content=\"instock\" \/>\n<meta property=\"product:retailer_item_id\" content=\"4451702304\" \/>\n<meta property=\"product:condition\" content=\"new\" \/>\n<!-- \/ Yoast SEO Premium plugin. -->","yoast_head_json":{"title":"BATERIA COMP ACER\/GATEWAY SQU-715\/SQU-719\/SQ1 - tienda de electr\u00f3nica y computaci\u00f3n","robots":{"index":"index","follow":"follow","max-snippet":"max-snippet:-1","max-image-preview":"max-image-preview:large","max-video-preview":"max-video-preview:-1"},"canonical":"https:\/\/comerciallin.com\/index.php\/producto\/bateria-comp-acer-gateway-squ-715-squ-719-sq1\/","og_locale":"es_ES","og_type":"article","og_title":"BATERIA COMP ACER\/GATEWAY SQU-715\/SQU-719\/SQ1","og_description":"Pilas 1 Iones de litio necesaria(s), incluida(s)   Marca Gateway   Voltaje 11.1 Voltios","og_url":"https:\/\/comerciallin.com\/index.php\/producto\/bateria-comp-acer-gateway-squ-715-squ-719-sq1\/","og_site_name":"tienda de electr\u00f3nica y computaci\u00f3n","article_modified_time":"2025-01-14T18:54:12+00:00","og_image":[{"width":992,"height":744,"url":"https:\/\/comerciallin.com\/wp-content\/uploads\/2023\/02\/4451702304.jpg","type":"image\/jpeg"}],"twitter_card":"summary_large_image","twitter_misc":{"Precio":"&#36;48,30","Availability":"In stock"},"schema":{"@context":"https:\/\/schema.org","@graph":[{"@type":"WebSite","@id":"https:\/\/comerciallin.com\/#website","url":"https:\/\/comerciallin.com\/","name":"tienda de electr\u00f3nica y computaci\u00f3n","description":"Importadora de Electr\u00f3nica y Computaci\u00f3n","potentialAction":[{"@type":"SearchAction","target":{"@type":"EntryPoint","urlTemplate":"https:\/\/comerciallin.com\/?s={search_term_string}"},"query-input":"required name=search_term_string"}],"inLanguage":"es"},{"@type":"ImageObject","@id":"https:\/\/comerciallin.com\/index.php\/producto\/bateria-comp-acer-gateway-squ-715-squ-719-sq1\/#primaryimage","inLanguage":"es","url":"https:\/\/i0.wp.com\/comerciallin.com\/wp-content\/uploads\/2023\/02\/4451702304.jpg?fit=992%2C744&ssl=1","contentUrl":"https:\/\/i0.wp.com\/comerciallin.com\/wp-content\/uploads\/2023\/02\/4451702304.jpg?fit=992%2C744&ssl=1","width":992,"height":744,"caption":"BATERIA COMP ACER\/GATEWAY SQU-715\/SQU-719\/SQ1"},{"@type":"WebPage","@id":"https:\/\/comerciallin.com\/index.php\/producto\/bateria-comp-acer-gateway-squ-715-squ-719-sq1\/#webpage","url":"https:\/\/comerciallin.com\/index.php\/producto\/bateria-comp-acer-gateway-squ-715-squ-719-sq1\/","name":"BATERIA COMP ACER\/GATEWAY SQU-715\/SQU-719\/SQ1 - tienda de electr\u00f3nica y computaci\u00f3n","isPartOf":{"@id":"https:\/\/comerciallin.com\/#website"},"primaryImageOfPage":{"@id":"https:\/\/comerciallin.com\/index.php\/producto\/bateria-comp-acer-gateway-squ-715-squ-719-sq1\/#primaryimage"},"datePublished":"2022-11-07T18:27:30+00:00","dateModified":"2025-01-14T18:54:12+00:00","breadcrumb":{"@id":"https:\/\/comerciallin.com\/index.php\/producto\/bateria-comp-acer-gateway-squ-715-squ-719-sq1\/#breadcrumb"},"inLanguage":"es","potentialAction":[{"@type":"ReadAction","target":["https:\/\/comerciallin.com\/index.php\/producto\/bateria-comp-acer-gateway-squ-715-squ-719-sq1\/"]}]},{"@type":"BreadcrumbList","@id":"https:\/\/comerciallin.com\/index.php\/producto\/bateria-comp-acer-gateway-squ-715-squ-719-sq1\/#breadcrumb","itemListElement":[{"@type":"ListItem","position":1,"name":"Inicio","item":"https:\/\/comerciallin.com\/"},{"@type":"ListItem","position":2,"name":"Shop","item":"https:\/\/comerciallin.com\/?page_id=3853"},{"@type":"ListItem","position":3,"name":"BATERIA COMP ACER\/GATEWAY SQU-715\/SQU-719\/SQ1"}]}]},"product_price_amount":"48.30","product_price_currency":"USD","og_availability":"instock","product_availability":"instock","product_retailer_item_id":"4451702304","product_condition":"new"},"jetpack-related-posts":[{"id":19225,"url":"https:\/\/comerciallin.com\/index.php\/producto\/bateria-comp-acer-gateway-squ-525-squ-519-560\/","url_meta":{"origin":19136,"position":0},"title":"BATERIA COMP ACER\/GATEWAY SQU-525\/SQU-519\/560","date":"7 de noviembre de 2022","format":false,"excerpt":"Voltaje: 14.8V Capacidad: 5200mAh Color: Negro Peso: 530g","rel":"","context":"Entrada similar","img":{"alt_text":"BATERIA COMP ACER\/GATEWAY SQU-525\/SQU-519\/560","src":"https:\/\/i0.wp.com\/comerciallin.com\/wp-content\/uploads\/2023\/02\/2121511038.jpg?fit=992%2C744&ssl=1&resize=350%2C200","width":350,"height":200},"classes":[]},{"id":19738,"url":"https:\/\/comerciallin.com\/index.php\/producto\/pantalla-lapto-11-6-led-slim-40pin\/","url_meta":{"origin":19136,"position":1},"title":"PANTALLA LAPTO 11.6&#8243; LED SLIM 40PIN","date":"8 de noviembre de 2022","format":false,"excerpt":"Pantalla 11.6 Led 40p Ltn116at01-801 Ltn116at01-t01 Acer 751","rel":"","context":"Entrada similar","img":{"alt_text":"","src":"","width":0,"height":0},"classes":[]},{"id":19062,"url":"https:\/\/comerciallin.com\/index.php\/producto\/bateria-comp-acer-as09c31-71-75-5235-5635-nvc\/","url_meta":{"origin":19136,"position":2},"title":"BATERIA COMP ACER AS09C31-71-75\/5235\/5635\/NVC","date":"7 de noviembre de 2022","format":false,"excerpt":"Tipo de bater\u00eda: Iones de litio: Voltaje: 10.8V Capacidad: 5200mAh","rel":"","context":"Entrada similar","img":{"alt_text":"BATERIA COMP ACER AS09C31-71-75\/5235\/5635\/NVC","src":"https:\/\/i0.wp.com\/comerciallin.com\/wp-content\/uploads\/2023\/02\/536030180902.jpg?fit=992%2C744&ssl=1&resize=350%2C200","width":350,"height":200},"classes":[]},{"id":19084,"url":"https:\/\/comerciallin.com\/index.php\/producto\/bateria-comp-acer-as09c31-71-75-5235-5635-nvc-2\/","url_meta":{"origin":19136,"position":3},"title":"BATERIA COMP ACER AS09C31-71-75\/5235\/5635\/NVC","date":"7 de noviembre de 2022","format":false,"excerpt":"Tipo de bater\u00eda: Iones de litio: Voltaje: 10.8V Capacidad: 5200mAh","rel":"","context":"Entrada similar","img":{"alt_text":"BATERIA COMP ACER AS09C31-71-75\/5235\/5635\/NVC","src":"https:\/\/i0.wp.com\/comerciallin.com\/wp-content\/uploads\/2023\/02\/4451612032.jpg?fit=992%2C744&ssl=1&resize=350%2C200","width":350,"height":200},"classes":[]},{"id":19134,"url":"https:\/\/comerciallin.com\/index.php\/producto\/bateria-comp-acer-as09c31-71-75-5235-5635-nvc-3\/","url_meta":{"origin":19136,"position":4},"title":"BATERIA COMP ACER AS09C31-71-75\/5235\/5635\/NVC","date":"7 de noviembre de 2022","format":false,"excerpt":"Tipo de bater\u00eda: Iones de litio: Voltaje: 10.8V Capacidad: 5200mAh","rel":"","context":"Entrada similar","img":{"alt_text":"BATERIA COMP ACER AS09C31-71-75\/5235\/5635\/NVC","src":"https:\/\/i0.wp.com\/comerciallin.com\/wp-content\/uploads\/2023\/02\/4451702033.jpg?fit=992%2C744&ssl=1&resize=350%2C200","width":350,"height":200},"classes":[]}],"jetpack_sharing_enabled":true,"jetpack_likes_enabled":true,"_links":{"self":[{"href":"https:\/\/comerciallin.com\/index.php\/wp-json\/wp\/v2\/product\/19136"}],"collection":[{"href":"https:\/\/comerciallin.com\/index.php\/wp-json\/wp\/v2\/product"}],"about":[{"href":"https:\/\/comerciallin.com\/index.php\/wp-json\/wp\/v2\/types\/product"}],"replies":[{"embeddable":true,"href":"https:\/\/comerciallin.com\/index.php\/wp-json\/wp\/v2\/comments?post=19136"}],"wp:featuredmedia":[{"embeddable":true,"href":"https:\/\/comerciallin.com\/index.php\/wp-json\/wp\/v2\/media\/21595"}],"wp:attachment":[{"href":"https:\/\/comerciallin.com\/index.php\/wp-json\/wp\/v2\/media?parent=19136"}],"wp:term":[{"taxonomy":"product_cat","embeddable":true,"href":"https:\/\/comerciallin.com\/index.php\/wp-json\/wp\/v2\/product_cat?post=19136"},{"taxonomy":"product_tag","embeddable":true,"href":"https:\/\/comerciallin.com\/index.php\/wp-json\/wp\/v2\/product_tag?post=19136"}],"curies":[{"name":"wp","href":"https:\/\/api.w.org\/{rel}","templated":true}]}}