{"id":19134,"date":"2022-11-07T13:27:30","date_gmt":"2022-11-07T18:27:30","guid":{"rendered":"https:\/\/comerciallin.com\/index.php\/producto\/bateria-comp-acer-as09c31-71-75-5235-5635-nvc-3\/"},"modified":"2025-01-14T13:54:08","modified_gmt":"2025-01-14T18:54:08","slug":"bateria-comp-acer-as09c31-71-75-5235-5635-nvc-3","status":"publish","type":"product","link":"https:\/\/comerciallin.com\/index.php\/producto\/bateria-comp-acer-as09c31-71-75-5235-5635-nvc-3\/","title":{"rendered":"BATERIA COMP ACER AS09C31-71-75\/5235\/5635\/NVC"},"content":{"rendered":"<ul>\n<li>Reemplace el n&uacute;mero de pieza: Acer Extensa 5235 5635 5635Z 5635G 5635ZG AS09C31 AS09C75<\/li>\n<li>Ajuste para: Gateway NV4201e NV4201m NV4202e NV4204e NV4400 NV4401c NV4401e NV4401h NV4402c NV4402h NV4402u NV4403h NV4404e NV4404h NV4405c NV4405h NV4406c NV4410c NV4412C NV4413c NV4414c NV4414C-Cn NV4425c NV4426c NV4427c NV4428c NV4429c NV4430c NV4801e NV4801y NV4802e NV4803c NV4804g NV4808c NV4809c NV4810c NV4811c Packard Bell EasyNote NJ31 NJ32 NJ65 NJ66 reemplazo de la bater&iacute;a del port&aacute;til laptop bater&iacute;as<\/li>\n<\/ul>\n","protected":false},"excerpt":{"rendered":"<p>Tipo de bater&iacute;a: Iones de litio: Voltaje: 10.8V Capacidad: 5200mAh<\/p>\n","protected":false},"featured_media":21584,"comment_status":"open","ping_status":"closed","template":"","meta":{"spay_email":""},"product_cat":[792],"product_tag":[],"supplier_id":null,"supplier_sku":"","barcode":null,"atum_controlled":true,"out_stock_date":null,"out_stock_threshold":null,"inheritable":false,"inbound_stock":null,"stock_on_hold":0,"sold_today":0,"sales_last_days":0,"reserved_stock":null,"customer_returns":null,"warehouse_damage":null,"lost_in_post":null,"other_logs":null,"out_stock_days":0,"lost_sales":0,"has_location":null,"update_date":"2026-05-05T00:17:18","atum_locations":[],"atum_stock_status":"instock","restock_status":false,"low_stock_amount":"","sales_update_date":"2026-05-05T00:17:18","calc_backorders":null,"acf":[],"yoast_head":"<!-- This site is optimized with the Yoast SEO Premium plugin v17.4 (Yoast SEO v17.4) - https:\/\/yoast.com\/wordpress\/plugins\/seo\/ -->\n<title>BATERIA COMP ACER AS09C31-71-75\/5235\/5635\/NVC - tienda de electr\u00f3nica y computaci\u00f3n<\/title>\n<meta name=\"robots\" content=\"index, follow, max-snippet:-1, max-image-preview:large, max-video-preview:-1\" \/>\n<link rel=\"canonical\" href=\"https:\/\/comerciallin.com\/index.php\/producto\/bateria-comp-acer-as09c31-71-75-5235-5635-nvc-3\/\" \/>\n<meta property=\"og:locale\" content=\"es_ES\" \/>\n<meta property=\"og:type\" content=\"article\" \/>\n<meta property=\"og:title\" content=\"BATERIA COMP ACER AS09C31-71-75\/5235\/5635\/NVC\" \/>\n<meta property=\"og:description\" content=\"Tipo de bater&iacute;a: Iones de litio: Voltaje: 10.8V Capacidad: 5200mAh\" \/>\n<meta property=\"og:url\" content=\"https:\/\/comerciallin.com\/index.php\/producto\/bateria-comp-acer-as09c31-71-75-5235-5635-nvc-3\/\" \/>\n<meta property=\"og:site_name\" content=\"tienda de electr\u00f3nica y computaci\u00f3n\" \/>\n<meta property=\"article:modified_time\" content=\"2025-01-14T18:54:08+00:00\" \/>\n<meta property=\"og:image\" content=\"https:\/\/comerciallin.com\/wp-content\/uploads\/2023\/02\/4451702033.jpg\" \/>\n\t<meta property=\"og:image:width\" content=\"992\" \/>\n\t<meta property=\"og:image:height\" content=\"744\" \/>\n<meta name=\"twitter:card\" content=\"summary_large_image\" \/>\n<meta name=\"twitter:label1\" content=\"Precio\" \/>\n\t<meta name=\"twitter:data1\" content=\"&#36;49,45\" \/>\n\t<meta name=\"twitter:label2\" content=\"Availability\" \/>\n\t<meta name=\"twitter:data2\" content=\"In stock\" \/>\n<script type=\"application\/ld+json\" class=\"yoast-schema-graph\">{\"@context\":\"https:\/\/schema.org\",\"@graph\":[{\"@type\":\"WebSite\",\"@id\":\"https:\/\/comerciallin.com\/#website\",\"url\":\"https:\/\/comerciallin.com\/\",\"name\":\"tienda de electr\\u00f3nica y computaci\\u00f3n\",\"description\":\"Importadora de Electr\\u00f3nica y Computaci\\u00f3n\",\"potentialAction\":[{\"@type\":\"SearchAction\",\"target\":{\"@type\":\"EntryPoint\",\"urlTemplate\":\"https:\/\/comerciallin.com\/?s={search_term_string}\"},\"query-input\":\"required name=search_term_string\"}],\"inLanguage\":\"es\"},{\"@type\":\"ImageObject\",\"@id\":\"https:\/\/comerciallin.com\/index.php\/producto\/bateria-comp-acer-as09c31-71-75-5235-5635-nvc-3\/#primaryimage\",\"inLanguage\":\"es\",\"url\":\"https:\/\/i0.wp.com\/comerciallin.com\/wp-content\/uploads\/2023\/02\/4451702033.jpg?fit=992%2C744&ssl=1\",\"contentUrl\":\"https:\/\/i0.wp.com\/comerciallin.com\/wp-content\/uploads\/2023\/02\/4451702033.jpg?fit=992%2C744&ssl=1\",\"width\":992,\"height\":744,\"caption\":\"BATERIA COMP ACER AS09C31-71-75\/5235\/5635\/NVC\"},{\"@type\":\"WebPage\",\"@id\":\"https:\/\/comerciallin.com\/index.php\/producto\/bateria-comp-acer-as09c31-71-75-5235-5635-nvc-3\/#webpage\",\"url\":\"https:\/\/comerciallin.com\/index.php\/producto\/bateria-comp-acer-as09c31-71-75-5235-5635-nvc-3\/\",\"name\":\"BATERIA COMP ACER AS09C31-71-75\/5235\/5635\/NVC - tienda de electr\\u00f3nica y computaci\\u00f3n\",\"isPartOf\":{\"@id\":\"https:\/\/comerciallin.com\/#website\"},\"primaryImageOfPage\":{\"@id\":\"https:\/\/comerciallin.com\/index.php\/producto\/bateria-comp-acer-as09c31-71-75-5235-5635-nvc-3\/#primaryimage\"},\"datePublished\":\"2022-11-07T18:27:30+00:00\",\"dateModified\":\"2025-01-14T18:54:08+00:00\",\"breadcrumb\":{\"@id\":\"https:\/\/comerciallin.com\/index.php\/producto\/bateria-comp-acer-as09c31-71-75-5235-5635-nvc-3\/#breadcrumb\"},\"inLanguage\":\"es\",\"potentialAction\":[{\"@type\":\"ReadAction\",\"target\":[\"https:\/\/comerciallin.com\/index.php\/producto\/bateria-comp-acer-as09c31-71-75-5235-5635-nvc-3\/\"]}]},{\"@type\":\"BreadcrumbList\",\"@id\":\"https:\/\/comerciallin.com\/index.php\/producto\/bateria-comp-acer-as09c31-71-75-5235-5635-nvc-3\/#breadcrumb\",\"itemListElement\":[{\"@type\":\"ListItem\",\"position\":1,\"name\":\"Inicio\",\"item\":\"https:\/\/comerciallin.com\/\"},{\"@type\":\"ListItem\",\"position\":2,\"name\":\"Shop\",\"item\":\"https:\/\/comerciallin.com\/?page_id=3853\"},{\"@type\":\"ListItem\",\"position\":3,\"name\":\"BATERIA COMP ACER AS09C31-71-75\/5235\/5635\/NVC\"}]}]}<\/script>\n<meta property=\"product:price:amount\" content=\"49.45\" \/>\n<meta property=\"product:price:currency\" content=\"USD\" \/>\n<meta property=\"og:availability\" content=\"instock\" \/>\n<meta property=\"product:availability\" content=\"instock\" \/>\n<meta property=\"product:retailer_item_id\" content=\"4451702033\" \/>\n<meta property=\"product:condition\" content=\"new\" \/>\n<!-- \/ Yoast SEO Premium plugin. -->","yoast_head_json":{"title":"BATERIA COMP ACER AS09C31-71-75\/5235\/5635\/NVC - tienda de electr\u00f3nica y computaci\u00f3n","robots":{"index":"index","follow":"follow","max-snippet":"max-snippet:-1","max-image-preview":"max-image-preview:large","max-video-preview":"max-video-preview:-1"},"canonical":"https:\/\/comerciallin.com\/index.php\/producto\/bateria-comp-acer-as09c31-71-75-5235-5635-nvc-3\/","og_locale":"es_ES","og_type":"article","og_title":"BATERIA COMP ACER AS09C31-71-75\/5235\/5635\/NVC","og_description":"Tipo de bater&iacute;a: Iones de litio: Voltaje: 10.8V Capacidad: 5200mAh","og_url":"https:\/\/comerciallin.com\/index.php\/producto\/bateria-comp-acer-as09c31-71-75-5235-5635-nvc-3\/","og_site_name":"tienda de electr\u00f3nica y computaci\u00f3n","article_modified_time":"2025-01-14T18:54:08+00:00","og_image":[{"width":992,"height":744,"url":"https:\/\/comerciallin.com\/wp-content\/uploads\/2023\/02\/4451702033.jpg","type":"image\/jpeg"}],"twitter_card":"summary_large_image","twitter_misc":{"Precio":"&#36;49,45","Availability":"In stock"},"schema":{"@context":"https:\/\/schema.org","@graph":[{"@type":"WebSite","@id":"https:\/\/comerciallin.com\/#website","url":"https:\/\/comerciallin.com\/","name":"tienda de electr\u00f3nica y computaci\u00f3n","description":"Importadora de Electr\u00f3nica y Computaci\u00f3n","potentialAction":[{"@type":"SearchAction","target":{"@type":"EntryPoint","urlTemplate":"https:\/\/comerciallin.com\/?s={search_term_string}"},"query-input":"required name=search_term_string"}],"inLanguage":"es"},{"@type":"ImageObject","@id":"https:\/\/comerciallin.com\/index.php\/producto\/bateria-comp-acer-as09c31-71-75-5235-5635-nvc-3\/#primaryimage","inLanguage":"es","url":"https:\/\/i0.wp.com\/comerciallin.com\/wp-content\/uploads\/2023\/02\/4451702033.jpg?fit=992%2C744&ssl=1","contentUrl":"https:\/\/i0.wp.com\/comerciallin.com\/wp-content\/uploads\/2023\/02\/4451702033.jpg?fit=992%2C744&ssl=1","width":992,"height":744,"caption":"BATERIA COMP ACER AS09C31-71-75\/5235\/5635\/NVC"},{"@type":"WebPage","@id":"https:\/\/comerciallin.com\/index.php\/producto\/bateria-comp-acer-as09c31-71-75-5235-5635-nvc-3\/#webpage","url":"https:\/\/comerciallin.com\/index.php\/producto\/bateria-comp-acer-as09c31-71-75-5235-5635-nvc-3\/","name":"BATERIA COMP ACER AS09C31-71-75\/5235\/5635\/NVC - tienda de electr\u00f3nica y computaci\u00f3n","isPartOf":{"@id":"https:\/\/comerciallin.com\/#website"},"primaryImageOfPage":{"@id":"https:\/\/comerciallin.com\/index.php\/producto\/bateria-comp-acer-as09c31-71-75-5235-5635-nvc-3\/#primaryimage"},"datePublished":"2022-11-07T18:27:30+00:00","dateModified":"2025-01-14T18:54:08+00:00","breadcrumb":{"@id":"https:\/\/comerciallin.com\/index.php\/producto\/bateria-comp-acer-as09c31-71-75-5235-5635-nvc-3\/#breadcrumb"},"inLanguage":"es","potentialAction":[{"@type":"ReadAction","target":["https:\/\/comerciallin.com\/index.php\/producto\/bateria-comp-acer-as09c31-71-75-5235-5635-nvc-3\/"]}]},{"@type":"BreadcrumbList","@id":"https:\/\/comerciallin.com\/index.php\/producto\/bateria-comp-acer-as09c31-71-75-5235-5635-nvc-3\/#breadcrumb","itemListElement":[{"@type":"ListItem","position":1,"name":"Inicio","item":"https:\/\/comerciallin.com\/"},{"@type":"ListItem","position":2,"name":"Shop","item":"https:\/\/comerciallin.com\/?page_id=3853"},{"@type":"ListItem","position":3,"name":"BATERIA COMP ACER AS09C31-71-75\/5235\/5635\/NVC"}]}]},"product_price_amount":"49.45","product_price_currency":"USD","og_availability":"instock","product_availability":"instock","product_retailer_item_id":"4451702033","product_condition":"new"},"jetpack-related-posts":[{"id":19062,"url":"https:\/\/comerciallin.com\/index.php\/producto\/bateria-comp-acer-as09c31-71-75-5235-5635-nvc\/","url_meta":{"origin":19134,"position":0},"title":"BATERIA COMP ACER AS09C31-71-75\/5235\/5635\/NVC","date":"7 de noviembre de 2022","format":false,"excerpt":"Tipo de bater\u00eda: Iones de litio: Voltaje: 10.8V Capacidad: 5200mAh","rel":"","context":"Entrada similar","img":{"alt_text":"BATERIA COMP ACER AS09C31-71-75\/5235\/5635\/NVC","src":"https:\/\/i0.wp.com\/comerciallin.com\/wp-content\/uploads\/2023\/02\/536030180902.jpg?fit=992%2C744&ssl=1&resize=350%2C200","width":350,"height":200},"classes":[]},{"id":19084,"url":"https:\/\/comerciallin.com\/index.php\/producto\/bateria-comp-acer-as09c31-71-75-5235-5635-nvc-2\/","url_meta":{"origin":19134,"position":1},"title":"BATERIA COMP ACER AS09C31-71-75\/5235\/5635\/NVC","date":"7 de noviembre de 2022","format":false,"excerpt":"Tipo de bater\u00eda: Iones de litio: Voltaje: 10.8V Capacidad: 5200mAh","rel":"","context":"Entrada similar","img":{"alt_text":"BATERIA COMP ACER AS09C31-71-75\/5235\/5635\/NVC","src":"https:\/\/i0.wp.com\/comerciallin.com\/wp-content\/uploads\/2023\/02\/4451612032.jpg?fit=992%2C744&ssl=1&resize=350%2C200","width":350,"height":200},"classes":[]},{"id":19058,"url":"https:\/\/comerciallin.com\/index.php\/producto\/bateria-comp-acer-extensa-5120-5210-5220-5230\/","url_meta":{"origin":19134,"position":2},"title":"BATERIA COMP ACER EXTENSA 5120\/5210\/5220\/5230","date":"7 de noviembre de 2022","format":false,"excerpt":"Voltaje 11.1 Voltios Battery Cell Type Litio Ion Capacidad 5200 Miliamperios hora (mAh)","rel":"","context":"Entrada similar","img":{"alt_text":"","src":"","width":0,"height":0},"classes":[]},{"id":19086,"url":"https:\/\/comerciallin.com\/index.php\/producto\/bateria-comp-acer-extensa-5120-5210-5220-5230-2\/","url_meta":{"origin":19134,"position":3},"title":"BATERIA COMP ACER EXTENSA 5120\/5210\/5220\/5230","date":"7 de noviembre de 2022","format":false,"excerpt":"Voltaje 11.1 Voltios Battery Cell Type Litio Ion Capacidad 5200 Miliamperios hora (mAh)","rel":"","context":"Entrada similar","img":{"alt_text":"","src":"","width":0,"height":0},"classes":[]},{"id":19183,"url":"https:\/\/comerciallin.com\/index.php\/producto\/bateria-comp-acer-as09d31-36-56-70\/","url_meta":{"origin":19134,"position":4},"title":"BATERIA COMP ACER AS09D31-36-56-70-","date":"7 de noviembre de 2022","format":false,"excerpt":"Voltaje 11.1 Voltios Compatible Devices Laptop, Notebook Reutilizaci\u00f3n Rechargeable","rel":"","context":"Entrada similar","img":{"alt_text":"BATERIA COMP ACER AS09D31-36-56-70-","src":"https:\/\/i0.wp.com\/comerciallin.com\/wp-content\/uploads\/2023\/02\/537030190907.jpg?fit=992%2C744&ssl=1&resize=350%2C200","width":350,"height":200},"classes":[]},{"id":19575,"url":"https:\/\/comerciallin.com\/index.php\/producto\/bateria-comp-acer-al12b32-756\/","url_meta":{"origin":19134,"position":5},"title":"BATERIA COMP ACER AL12B32\/756","date":"7 de noviembre de 2022","format":false,"excerpt":"Nueva bater\u00eda AL12B32 4-Cell para port\u00e1til ACER Aspire One 725 756 V5 \u2013 171 B113 B113 M AL12 X 32 AL12 A31 AL12B31 [14,8 V37wh\/2500 mAh]","rel":"","context":"Entrada similar","img":{"alt_text":"BATERIA COMP ACER AL12B32\/756","src":"https:\/\/i0.wp.com\/comerciallin.com\/wp-content\/uploads\/2023\/02\/537030110901.jpg?fit=992%2C744&ssl=1&resize=350%2C200","width":350,"height":200},"classes":[]}],"jetpack_sharing_enabled":true,"jetpack_likes_enabled":true,"_links":{"self":[{"href":"https:\/\/comerciallin.com\/index.php\/wp-json\/wp\/v2\/product\/19134"}],"collection":[{"href":"https:\/\/comerciallin.com\/index.php\/wp-json\/wp\/v2\/product"}],"about":[{"href":"https:\/\/comerciallin.com\/index.php\/wp-json\/wp\/v2\/types\/product"}],"replies":[{"embeddable":true,"href":"https:\/\/comerciallin.com\/index.php\/wp-json\/wp\/v2\/comments?post=19134"}],"wp:featuredmedia":[{"embeddable":true,"href":"https:\/\/comerciallin.com\/index.php\/wp-json\/wp\/v2\/media\/21584"}],"wp:attachment":[{"href":"https:\/\/comerciallin.com\/index.php\/wp-json\/wp\/v2\/media?parent=19134"}],"wp:term":[{"taxonomy":"product_cat","embeddable":true,"href":"https:\/\/comerciallin.com\/index.php\/wp-json\/wp\/v2\/product_cat?post=19134"},{"taxonomy":"product_tag","embeddable":true,"href":"https:\/\/comerciallin.com\/index.php\/wp-json\/wp\/v2\/product_tag?post=19134"}],"curies":[{"name":"wp","href":"https:\/\/api.w.org\/{rel}","templated":true}]}}