{"id":19130,"date":"2022-11-07T13:27:29","date_gmt":"2022-11-07T18:27:29","guid":{"rendered":"https:\/\/comerciallin.com\/index.php\/producto\/bateria-p-lapto-tosh-pa5185u-pa5186u-pa5185u\/"},"modified":"2025-01-14T13:54:44","modified_gmt":"2025-01-14T18:54:44","slug":"bateria-p-lapto-tosh-pa5185u-pa5186u-pa5185u","status":"publish","type":"product","link":"https:\/\/comerciallin.com\/index.php\/producto\/bateria-p-lapto-tosh-pa5185u-pa5186u-pa5185u\/","title":{"rendered":"BATERIA P. LAPTO TOSH PA5185U\/PA5186U\/PA5185U"},"content":{"rendered":"<p><strong>P\/N COMPATIBLES:<\/strong><br \/>TOSHIBA: PA5185U-1BRS pa5184u-1brs PA5186U-1BRS pa5195u-1brs<\/p>\n<p><strong>TOSHIBA:<\/strong><br \/>Satellite C50&nbsp;Satellite C50-A x0012&nbsp;Satellite C50-A-14G Satellite C50-A-156&nbsp;Satellite C50-A-157&nbsp;Satellite C50-A-1JU Satellite c50-a245&nbsp;Satellite C50-AST2NX2&nbsp;Satellite C50-B Satellite c50-b-02y Satellite c50-b031d Satellite C50-B03E Satellite C50-B-14D Satellite c50-b- 14z Satellite c50-b-iil Satellite C55-A-1D5&nbsp;Satellite C55-A-1&nbsp;N0&nbsp;Satellite c55-a5105? Satellite C55-A5300&nbsp;Satellite C55-B5170&nbsp;Satellite C55-B5296&nbsp;Satellite C55-B5299&nbsp;Satellite c55-b5353&nbsp;Satellite c55-b5355&nbsp;Satellite C55D Satellite C55D-A-13U Satellite C55d-a5240nr Satellite c55d-b5242&nbsp;Satellite c55d-b5244&nbsp;Satellite c55d-b5308&nbsp;Satellite c55d-b5310&nbsp;Satellite c55t-b5110<\/p>\n","protected":false},"excerpt":{"rendered":"<table>\n<tbody>\n<tr>\n<td>Voltaje<\/td>\n<td>14.8 Voltios<\/td>\n<\/tr>\n<tr>\n<td>Dimensiones del art&iacute;culo Largo x Ancho x Altura<\/td>\n<td>9 x 6 x 3 pulgadas<\/td>\n<\/tr>\n<tr>\n<td>Peso del producto<\/td>\n<td>0.55 Libras<\/td>\n<\/tr>\n<tr>\n<td>Capacidad<\/td>\n<td>2800 Miliamperios Hora (mAh)<\/td>\n<\/tr>\n<\/tbody>\n<\/table>\n","protected":false},"featured_media":21709,"comment_status":"open","ping_status":"closed","template":"","meta":{"spay_email":""},"product_cat":[797],"product_tag":[],"supplier_id":null,"supplier_sku":"","barcode":null,"atum_controlled":true,"out_stock_date":null,"out_stock_threshold":null,"inheritable":false,"inbound_stock":null,"stock_on_hold":0,"sold_today":0,"sales_last_days":0,"reserved_stock":null,"customer_returns":null,"warehouse_damage":null,"lost_in_post":null,"other_logs":null,"out_stock_days":0,"lost_sales":0,"has_location":null,"update_date":"2026-05-17T00:31:12","atum_locations":[],"atum_stock_status":"instock","restock_status":false,"low_stock_amount":"","sales_update_date":"2026-05-17T00:31:12","calc_backorders":null,"acf":[],"yoast_head":"<!-- This site is optimized with the Yoast SEO Premium plugin v17.4 (Yoast SEO v17.4) - https:\/\/yoast.com\/wordpress\/plugins\/seo\/ -->\n<title>BATERIA P. LAPTO TOSH PA5185U\/PA5186U\/PA5185U - tienda de electr\u00f3nica y computaci\u00f3n<\/title>\n<meta name=\"robots\" content=\"index, follow, max-snippet:-1, max-image-preview:large, max-video-preview:-1\" \/>\n<link rel=\"canonical\" href=\"https:\/\/comerciallin.com\/index.php\/producto\/bateria-p-lapto-tosh-pa5185u-pa5186u-pa5185u\/\" \/>\n<meta property=\"og:locale\" content=\"es_ES\" \/>\n<meta property=\"og:type\" content=\"article\" \/>\n<meta property=\"og:title\" content=\"BATERIA P. LAPTO TOSH PA5185U\/PA5186U\/PA5185U\" \/>\n<meta property=\"og:description\" content=\"Voltaje 14.8 Voltios   Dimensiones del art&iacute;culo Largo x Ancho x Altura 9 x 6 x 3 pulgadas   Peso del producto 0.55 Libras   Capacidad 2800 Miliamperios Hora (mAh)\" \/>\n<meta property=\"og:url\" content=\"https:\/\/comerciallin.com\/index.php\/producto\/bateria-p-lapto-tosh-pa5185u-pa5186u-pa5185u\/\" \/>\n<meta property=\"og:site_name\" content=\"tienda de electr\u00f3nica y computaci\u00f3n\" \/>\n<meta property=\"article:modified_time\" content=\"2025-01-14T18:54:44+00:00\" \/>\n<meta name=\"twitter:card\" content=\"summary_large_image\" \/>\n<meta name=\"twitter:image\" content=\"https:\/\/i0.wp.com\/comerciallin.com\/wp-content\/uploads\/2023\/02\/537030180605.jpg?fit=%2C&amp;ssl=1\" \/>\n<meta name=\"twitter:label1\" content=\"Precio\" \/>\n\t<meta name=\"twitter:data1\" content=\"&#36;49,45\" \/>\n\t<meta name=\"twitter:label2\" content=\"Availability\" \/>\n\t<meta name=\"twitter:data2\" content=\"In stock\" \/>\n<script type=\"application\/ld+json\" class=\"yoast-schema-graph\">{\"@context\":\"https:\/\/schema.org\",\"@graph\":[{\"@type\":\"WebSite\",\"@id\":\"https:\/\/comerciallin.com\/#website\",\"url\":\"https:\/\/comerciallin.com\/\",\"name\":\"tienda de electr\\u00f3nica y computaci\\u00f3n\",\"description\":\"Importadora de Electr\\u00f3nica y Computaci\\u00f3n\",\"potentialAction\":[{\"@type\":\"SearchAction\",\"target\":{\"@type\":\"EntryPoint\",\"urlTemplate\":\"https:\/\/comerciallin.com\/?s={search_term_string}\"},\"query-input\":\"required name=search_term_string\"}],\"inLanguage\":\"es\"},{\"@type\":\"ImageObject\",\"@id\":\"https:\/\/comerciallin.com\/index.php\/producto\/bateria-p-lapto-tosh-pa5185u-pa5186u-pa5185u\/#primaryimage\",\"inLanguage\":\"es\",\"url\":\"https:\/\/i0.wp.com\/comerciallin.com\/wp-content\/uploads\/2023\/02\/537030180605.jpg?fit=%2C&ssl=1\",\"contentUrl\":\"https:\/\/i0.wp.com\/comerciallin.com\/wp-content\/uploads\/2023\/02\/537030180605.jpg?fit=%2C&ssl=1\",\"caption\":\"BATERIA P. LAPTO TOSH PA5185U\/PA5186U\/PA5185U\"},{\"@type\":\"WebPage\",\"@id\":\"https:\/\/comerciallin.com\/index.php\/producto\/bateria-p-lapto-tosh-pa5185u-pa5186u-pa5185u\/#webpage\",\"url\":\"https:\/\/comerciallin.com\/index.php\/producto\/bateria-p-lapto-tosh-pa5185u-pa5186u-pa5185u\/\",\"name\":\"BATERIA P. LAPTO TOSH PA5185U\/PA5186U\/PA5185U - tienda de electr\\u00f3nica y computaci\\u00f3n\",\"isPartOf\":{\"@id\":\"https:\/\/comerciallin.com\/#website\"},\"primaryImageOfPage\":{\"@id\":\"https:\/\/comerciallin.com\/index.php\/producto\/bateria-p-lapto-tosh-pa5185u-pa5186u-pa5185u\/#primaryimage\"},\"datePublished\":\"2022-11-07T18:27:29+00:00\",\"dateModified\":\"2025-01-14T18:54:44+00:00\",\"breadcrumb\":{\"@id\":\"https:\/\/comerciallin.com\/index.php\/producto\/bateria-p-lapto-tosh-pa5185u-pa5186u-pa5185u\/#breadcrumb\"},\"inLanguage\":\"es\",\"potentialAction\":[{\"@type\":\"ReadAction\",\"target\":[\"https:\/\/comerciallin.com\/index.php\/producto\/bateria-p-lapto-tosh-pa5185u-pa5186u-pa5185u\/\"]}]},{\"@type\":\"BreadcrumbList\",\"@id\":\"https:\/\/comerciallin.com\/index.php\/producto\/bateria-p-lapto-tosh-pa5185u-pa5186u-pa5185u\/#breadcrumb\",\"itemListElement\":[{\"@type\":\"ListItem\",\"position\":1,\"name\":\"Inicio\",\"item\":\"https:\/\/comerciallin.com\/\"},{\"@type\":\"ListItem\",\"position\":2,\"name\":\"Shop\",\"item\":\"https:\/\/comerciallin.com\/?page_id=3853\"},{\"@type\":\"ListItem\",\"position\":3,\"name\":\"BATERIA P. LAPTO TOSH PA5185U\/PA5186U\/PA5185U\"}]}]}<\/script>\n<meta property=\"product:price:amount\" content=\"49.45\" \/>\n<meta property=\"product:price:currency\" content=\"USD\" \/>\n<meta property=\"og:availability\" content=\"instock\" \/>\n<meta property=\"product:availability\" content=\"instock\" \/>\n<meta property=\"product:retailer_item_id\" content=\"537030180605\" \/>\n<meta property=\"product:condition\" content=\"new\" \/>\n<!-- \/ Yoast SEO Premium plugin. -->","yoast_head_json":{"title":"BATERIA P. LAPTO TOSH PA5185U\/PA5186U\/PA5185U - tienda de electr\u00f3nica y computaci\u00f3n","robots":{"index":"index","follow":"follow","max-snippet":"max-snippet:-1","max-image-preview":"max-image-preview:large","max-video-preview":"max-video-preview:-1"},"canonical":"https:\/\/comerciallin.com\/index.php\/producto\/bateria-p-lapto-tosh-pa5185u-pa5186u-pa5185u\/","og_locale":"es_ES","og_type":"article","og_title":"BATERIA P. LAPTO TOSH PA5185U\/PA5186U\/PA5185U","og_description":"Voltaje 14.8 Voltios   Dimensiones del art&iacute;culo Largo x Ancho x Altura 9 x 6 x 3 pulgadas   Peso del producto 0.55 Libras   Capacidad 2800 Miliamperios Hora (mAh)","og_url":"https:\/\/comerciallin.com\/index.php\/producto\/bateria-p-lapto-tosh-pa5185u-pa5186u-pa5185u\/","og_site_name":"tienda de electr\u00f3nica y computaci\u00f3n","article_modified_time":"2025-01-14T18:54:44+00:00","twitter_card":"summary_large_image","twitter_image":"https:\/\/i0.wp.com\/comerciallin.com\/wp-content\/uploads\/2023\/02\/537030180605.jpg?fit=%2C&ssl=1","twitter_misc":{"Precio":"&#36;49,45","Availability":"In stock"},"schema":{"@context":"https:\/\/schema.org","@graph":[{"@type":"WebSite","@id":"https:\/\/comerciallin.com\/#website","url":"https:\/\/comerciallin.com\/","name":"tienda de electr\u00f3nica y computaci\u00f3n","description":"Importadora de Electr\u00f3nica y Computaci\u00f3n","potentialAction":[{"@type":"SearchAction","target":{"@type":"EntryPoint","urlTemplate":"https:\/\/comerciallin.com\/?s={search_term_string}"},"query-input":"required name=search_term_string"}],"inLanguage":"es"},{"@type":"ImageObject","@id":"https:\/\/comerciallin.com\/index.php\/producto\/bateria-p-lapto-tosh-pa5185u-pa5186u-pa5185u\/#primaryimage","inLanguage":"es","url":"https:\/\/i0.wp.com\/comerciallin.com\/wp-content\/uploads\/2023\/02\/537030180605.jpg?fit=%2C&ssl=1","contentUrl":"https:\/\/i0.wp.com\/comerciallin.com\/wp-content\/uploads\/2023\/02\/537030180605.jpg?fit=%2C&ssl=1","caption":"BATERIA P. LAPTO TOSH PA5185U\/PA5186U\/PA5185U"},{"@type":"WebPage","@id":"https:\/\/comerciallin.com\/index.php\/producto\/bateria-p-lapto-tosh-pa5185u-pa5186u-pa5185u\/#webpage","url":"https:\/\/comerciallin.com\/index.php\/producto\/bateria-p-lapto-tosh-pa5185u-pa5186u-pa5185u\/","name":"BATERIA P. LAPTO TOSH PA5185U\/PA5186U\/PA5185U - tienda de electr\u00f3nica y computaci\u00f3n","isPartOf":{"@id":"https:\/\/comerciallin.com\/#website"},"primaryImageOfPage":{"@id":"https:\/\/comerciallin.com\/index.php\/producto\/bateria-p-lapto-tosh-pa5185u-pa5186u-pa5185u\/#primaryimage"},"datePublished":"2022-11-07T18:27:29+00:00","dateModified":"2025-01-14T18:54:44+00:00","breadcrumb":{"@id":"https:\/\/comerciallin.com\/index.php\/producto\/bateria-p-lapto-tosh-pa5185u-pa5186u-pa5185u\/#breadcrumb"},"inLanguage":"es","potentialAction":[{"@type":"ReadAction","target":["https:\/\/comerciallin.com\/index.php\/producto\/bateria-p-lapto-tosh-pa5185u-pa5186u-pa5185u\/"]}]},{"@type":"BreadcrumbList","@id":"https:\/\/comerciallin.com\/index.php\/producto\/bateria-p-lapto-tosh-pa5185u-pa5186u-pa5185u\/#breadcrumb","itemListElement":[{"@type":"ListItem","position":1,"name":"Inicio","item":"https:\/\/comerciallin.com\/"},{"@type":"ListItem","position":2,"name":"Shop","item":"https:\/\/comerciallin.com\/?page_id=3853"},{"@type":"ListItem","position":3,"name":"BATERIA P. LAPTO TOSH PA5185U\/PA5186U\/PA5185U"}]}]},"product_price_amount":"49.45","product_price_currency":"USD","og_availability":"instock","product_availability":"instock","product_retailer_item_id":"537030180605","product_condition":"new"},"jetpack-related-posts":[{"id":19078,"url":"https:\/\/comerciallin.com\/index.php\/producto\/bateria-p-lapto-comp-toshiba-pa5185\/","url_meta":{"origin":19130,"position":0},"title":"BATERIA P. LAPTO COMP TOSHIBA PA5185","date":"7 de noviembre de 2022","format":false,"excerpt":"Voltaje 14.8 Voltios Dimensiones del art\u00edculo Largo x Ancho x Altura 9 x 6 x 3 pulgadas Peso del producto 0.55 Libras Capacidad 2800 Miliamperios Hora (mAh)","rel":"","context":"Entrada similar","img":{"alt_text":"","src":"","width":0,"height":0},"classes":[]},{"id":19257,"url":"https:\/\/comerciallin.com\/index.php\/producto\/bateria-comp-toshiba-pa5109u-1brs-c855d-c55-c\/","url_meta":{"origin":19130,"position":1},"title":"BATERIA COMP TOSHIBA PA5109U-1BRS\/C855D\/C55\/C","date":"7 de noviembre de 2022","format":false,"excerpt":"Voltaje 10.8 Voltios Peso de la Bater\u00eda 387 Gramos Compatible Devices Laptop, Notebook","rel":"","context":"Entrada similar","img":{"alt_text":"","src":"","width":0,"height":0},"classes":[]},{"id":23890,"url":"https:\/\/comerciallin.com\/index.php\/producto\/teclado-p-lapto-comp-toshiba-c50-b\/","url_meta":{"origin":19130,"position":2},"title":"TECLADO P. LAPTO COMP TOSHIBA C50-B","date":"3 de mayo de 2023","format":false,"excerpt":"Teclado compatible con la laptop Toshiba Satellite Series C50-B, PK1315G2A00, Toshiba Satellite C50-AST2NX1, Toshiba Satellite C50-AST2NX2, Toshiba Satellite C50-AST2NX3, Toshiba Satellite C50-AST2NX4","rel":"","context":"Entrada similar","img":{"alt_text":"","src":"","width":0,"height":0},"classes":[]},{"id":19623,"url":"https:\/\/comerciallin.com\/index.php\/producto\/bateria-p-lapto-comp-toshiba-pa5024u-1brs\/","url_meta":{"origin":19130,"position":3},"title":"BATERIA P. LAPTO COMP TOSHIBA PA5024U-1BRS","date":"7 de noviembre de 2022","format":false,"excerpt":"BATER\u00cdA ORIGINAL PA5024U-1BRS PARA TOSHIBA SATELLITE PABAS260 C850 C855 C855D C55","rel":"","context":"Entrada similar","img":{"alt_text":"","src":"","width":0,"height":0},"classes":[]},{"id":19112,"url":"https:\/\/comerciallin.com\/index.php\/producto\/bateria-comp-toshiba-pa3787u-1brs-pa3786u-1b1\/","url_meta":{"origin":19130,"position":4},"title":"BATERIA COMP TOSHIBA PA3787U-1BRS\/PA3786U-1B1","date":"7 de noviembre de 2022","format":false,"excerpt":"Toshiba PA3787U-1BRS PA3788U-1BRS PABAS221 PABAS222 PABAS223","rel":"","context":"Entrada similar","img":{"alt_text":"","src":"","width":0,"height":0},"classes":[]},{"id":23892,"url":"https:\/\/comerciallin.com\/index.php\/producto\/teclado-p-lapto-comp-toshiba-l50-b\/","url_meta":{"origin":19130,"position":5},"title":"TECLADO P. LAPTO COMP TOSHIBA L50-B","date":"3 de mayo de 2023","format":false,"excerpt":"Teclado para laptop Toshiba L50-B, MP-13R86LA-920B, Toshiba Satellite L50-B, Toshiba Satellite L50D-B, Toshiba Satellite S50-B, Toshiba Satellite S50D-B","rel":"","context":"Entrada similar","img":{"alt_text":"","src":"","width":0,"height":0},"classes":[]}],"jetpack_sharing_enabled":true,"jetpack_likes_enabled":true,"_links":{"self":[{"href":"https:\/\/comerciallin.com\/index.php\/wp-json\/wp\/v2\/product\/19130"}],"collection":[{"href":"https:\/\/comerciallin.com\/index.php\/wp-json\/wp\/v2\/product"}],"about":[{"href":"https:\/\/comerciallin.com\/index.php\/wp-json\/wp\/v2\/types\/product"}],"replies":[{"embeddable":true,"href":"https:\/\/comerciallin.com\/index.php\/wp-json\/wp\/v2\/comments?post=19130"}],"wp:featuredmedia":[{"embeddable":true,"href":"https:\/\/comerciallin.com\/index.php\/wp-json\/wp\/v2\/media\/21709"}],"wp:attachment":[{"href":"https:\/\/comerciallin.com\/index.php\/wp-json\/wp\/v2\/media?parent=19130"}],"wp:term":[{"taxonomy":"product_cat","embeddable":true,"href":"https:\/\/comerciallin.com\/index.php\/wp-json\/wp\/v2\/product_cat?post=19130"},{"taxonomy":"product_tag","embeddable":true,"href":"https:\/\/comerciallin.com\/index.php\/wp-json\/wp\/v2\/product_tag?post=19130"}],"curies":[{"name":"wp","href":"https:\/\/api.w.org\/{rel}","templated":true}]}}