{"id":19120,"date":"2022-11-07T13:27:14","date_gmt":"2022-11-07T18:27:14","guid":{"rendered":"https:\/\/comerciallin.com\/index.php\/producto\/bateria-comp-dell-xps-m1330-wr050-cr036-tt485\/"},"modified":"2025-01-14T13:54:28","modified_gmt":"2025-01-14T18:54:28","slug":"bateria-comp-dell-xps-m1330-wr050-cr036-tt485","status":"publish","type":"product","link":"https:\/\/comerciallin.com\/index.php\/producto\/bateria-comp-dell-xps-m1330-wr050-cr036-tt485\/","title":{"rendered":"BATERIA COMP DELL XPS M1330\/WR050\/CR036\/TT485"},"content":{"rendered":"<p>Port\u00e1til Inspiron 1318 XPS M1330 m1350<\/p>\n","protected":false},"excerpt":{"rendered":"<p>Voltaje: 11.1 Voltios Compatible DevicesLaptop, NotebookTipo de celda de bater&iacute;a Litio Ion Capacidad 5200 Miliamperios Hora<\/p>\n","protected":false},"featured_media":21628,"comment_status":"open","ping_status":"closed","template":"","meta":{"spay_email":""},"product_cat":[791],"product_tag":[],"supplier_id":null,"supplier_sku":"","barcode":null,"atum_controlled":true,"out_stock_date":null,"out_stock_threshold":null,"inheritable":false,"inbound_stock":null,"stock_on_hold":0,"sold_today":0,"sales_last_days":0,"reserved_stock":null,"customer_returns":null,"warehouse_damage":null,"lost_in_post":null,"other_logs":null,"out_stock_days":0,"lost_sales":0,"has_location":null,"update_date":"2026-05-02T00:12:31","atum_locations":[],"atum_stock_status":"instock","restock_status":false,"low_stock_amount":"","sales_update_date":"2026-05-02T00:12:31","calc_backorders":null,"acf":[],"yoast_head":"<!-- This site is optimized with the Yoast SEO Premium plugin v17.4 (Yoast SEO v17.4) - https:\/\/yoast.com\/wordpress\/plugins\/seo\/ -->\n<title>BATERIA COMP DELL XPS M1330\/WR050\/CR036\/TT485 - tienda de electr\u00f3nica y computaci\u00f3n<\/title>\n<meta name=\"robots\" content=\"index, follow, max-snippet:-1, max-image-preview:large, max-video-preview:-1\" \/>\n<link rel=\"canonical\" href=\"https:\/\/comerciallin.com\/index.php\/producto\/bateria-comp-dell-xps-m1330-wr050-cr036-tt485\/\" \/>\n<meta property=\"og:locale\" content=\"es_ES\" \/>\n<meta property=\"og:type\" content=\"article\" \/>\n<meta property=\"og:title\" content=\"BATERIA COMP DELL XPS M1330\/WR050\/CR036\/TT485\" \/>\n<meta property=\"og:description\" content=\"Voltaje: 11.1 Voltios Compatible DevicesLaptop, NotebookTipo de celda de bater&iacute;a Litio Ion Capacidad 5200 Miliamperios Hora\" \/>\n<meta property=\"og:url\" content=\"https:\/\/comerciallin.com\/index.php\/producto\/bateria-comp-dell-xps-m1330-wr050-cr036-tt485\/\" \/>\n<meta property=\"og:site_name\" content=\"tienda de electr\u00f3nica y computaci\u00f3n\" \/>\n<meta property=\"article:modified_time\" content=\"2025-01-14T18:54:28+00:00\" \/>\n<meta name=\"twitter:card\" content=\"summary_large_image\" \/>\n<meta name=\"twitter:image\" content=\"https:\/\/i0.wp.com\/comerciallin.com\/wp-content\/uploads\/2023\/02\/537030190707.jpg?fit=%2C&amp;ssl=1\" \/>\n<meta name=\"twitter:label1\" content=\"Precio\" \/>\n\t<meta name=\"twitter:data1\" content=\"&#36;43,70\" \/>\n\t<meta name=\"twitter:label2\" content=\"Availability\" \/>\n\t<meta name=\"twitter:data2\" content=\"In stock\" \/>\n<script type=\"application\/ld+json\" class=\"yoast-schema-graph\">{\"@context\":\"https:\/\/schema.org\",\"@graph\":[{\"@type\":\"WebSite\",\"@id\":\"https:\/\/comerciallin.com\/#website\",\"url\":\"https:\/\/comerciallin.com\/\",\"name\":\"tienda de electr\\u00f3nica y computaci\\u00f3n\",\"description\":\"Importadora de Electr\\u00f3nica y Computaci\\u00f3n\",\"potentialAction\":[{\"@type\":\"SearchAction\",\"target\":{\"@type\":\"EntryPoint\",\"urlTemplate\":\"https:\/\/comerciallin.com\/?s={search_term_string}\"},\"query-input\":\"required name=search_term_string\"}],\"inLanguage\":\"es\"},{\"@type\":\"ImageObject\",\"@id\":\"https:\/\/comerciallin.com\/index.php\/producto\/bateria-comp-dell-xps-m1330-wr050-cr036-tt485\/#primaryimage\",\"inLanguage\":\"es\",\"url\":\"https:\/\/i0.wp.com\/comerciallin.com\/wp-content\/uploads\/2023\/02\/537030190707.jpg?fit=%2C&ssl=1\",\"contentUrl\":\"https:\/\/i0.wp.com\/comerciallin.com\/wp-content\/uploads\/2023\/02\/537030190707.jpg?fit=%2C&ssl=1\",\"caption\":\"BATERIA COMP DELL XPS M1330\/WR050\/CR036\/TT485\"},{\"@type\":\"WebPage\",\"@id\":\"https:\/\/comerciallin.com\/index.php\/producto\/bateria-comp-dell-xps-m1330-wr050-cr036-tt485\/#webpage\",\"url\":\"https:\/\/comerciallin.com\/index.php\/producto\/bateria-comp-dell-xps-m1330-wr050-cr036-tt485\/\",\"name\":\"BATERIA COMP DELL XPS M1330\/WR050\/CR036\/TT485 - tienda de electr\\u00f3nica y computaci\\u00f3n\",\"isPartOf\":{\"@id\":\"https:\/\/comerciallin.com\/#website\"},\"primaryImageOfPage\":{\"@id\":\"https:\/\/comerciallin.com\/index.php\/producto\/bateria-comp-dell-xps-m1330-wr050-cr036-tt485\/#primaryimage\"},\"datePublished\":\"2022-11-07T18:27:14+00:00\",\"dateModified\":\"2025-01-14T18:54:28+00:00\",\"breadcrumb\":{\"@id\":\"https:\/\/comerciallin.com\/index.php\/producto\/bateria-comp-dell-xps-m1330-wr050-cr036-tt485\/#breadcrumb\"},\"inLanguage\":\"es\",\"potentialAction\":[{\"@type\":\"ReadAction\",\"target\":[\"https:\/\/comerciallin.com\/index.php\/producto\/bateria-comp-dell-xps-m1330-wr050-cr036-tt485\/\"]}]},{\"@type\":\"BreadcrumbList\",\"@id\":\"https:\/\/comerciallin.com\/index.php\/producto\/bateria-comp-dell-xps-m1330-wr050-cr036-tt485\/#breadcrumb\",\"itemListElement\":[{\"@type\":\"ListItem\",\"position\":1,\"name\":\"Inicio\",\"item\":\"https:\/\/comerciallin.com\/\"},{\"@type\":\"ListItem\",\"position\":2,\"name\":\"Shop\",\"item\":\"https:\/\/comerciallin.com\/?page_id=3853\"},{\"@type\":\"ListItem\",\"position\":3,\"name\":\"BATERIA COMP DELL XPS M1330\/WR050\/CR036\/TT485\"}]}]}<\/script>\n<meta property=\"product:price:amount\" content=\"43.70\" \/>\n<meta property=\"product:price:currency\" content=\"USD\" \/>\n<meta property=\"og:availability\" content=\"instock\" \/>\n<meta property=\"product:availability\" content=\"instock\" \/>\n<meta property=\"product:retailer_item_id\" content=\"537030190707\" \/>\n<meta property=\"product:condition\" content=\"new\" \/>\n<!-- \/ Yoast SEO Premium plugin. -->","yoast_head_json":{"title":"BATERIA COMP DELL XPS M1330\/WR050\/CR036\/TT485 - tienda de electr\u00f3nica y computaci\u00f3n","robots":{"index":"index","follow":"follow","max-snippet":"max-snippet:-1","max-image-preview":"max-image-preview:large","max-video-preview":"max-video-preview:-1"},"canonical":"https:\/\/comerciallin.com\/index.php\/producto\/bateria-comp-dell-xps-m1330-wr050-cr036-tt485\/","og_locale":"es_ES","og_type":"article","og_title":"BATERIA COMP DELL XPS M1330\/WR050\/CR036\/TT485","og_description":"Voltaje: 11.1 Voltios Compatible DevicesLaptop, NotebookTipo de celda de bater&iacute;a Litio Ion Capacidad 5200 Miliamperios Hora","og_url":"https:\/\/comerciallin.com\/index.php\/producto\/bateria-comp-dell-xps-m1330-wr050-cr036-tt485\/","og_site_name":"tienda de electr\u00f3nica y computaci\u00f3n","article_modified_time":"2025-01-14T18:54:28+00:00","twitter_card":"summary_large_image","twitter_image":"https:\/\/i0.wp.com\/comerciallin.com\/wp-content\/uploads\/2023\/02\/537030190707.jpg?fit=%2C&ssl=1","twitter_misc":{"Precio":"&#36;43,70","Availability":"In stock"},"schema":{"@context":"https:\/\/schema.org","@graph":[{"@type":"WebSite","@id":"https:\/\/comerciallin.com\/#website","url":"https:\/\/comerciallin.com\/","name":"tienda de electr\u00f3nica y computaci\u00f3n","description":"Importadora de Electr\u00f3nica y Computaci\u00f3n","potentialAction":[{"@type":"SearchAction","target":{"@type":"EntryPoint","urlTemplate":"https:\/\/comerciallin.com\/?s={search_term_string}"},"query-input":"required name=search_term_string"}],"inLanguage":"es"},{"@type":"ImageObject","@id":"https:\/\/comerciallin.com\/index.php\/producto\/bateria-comp-dell-xps-m1330-wr050-cr036-tt485\/#primaryimage","inLanguage":"es","url":"https:\/\/i0.wp.com\/comerciallin.com\/wp-content\/uploads\/2023\/02\/537030190707.jpg?fit=%2C&ssl=1","contentUrl":"https:\/\/i0.wp.com\/comerciallin.com\/wp-content\/uploads\/2023\/02\/537030190707.jpg?fit=%2C&ssl=1","caption":"BATERIA COMP DELL XPS M1330\/WR050\/CR036\/TT485"},{"@type":"WebPage","@id":"https:\/\/comerciallin.com\/index.php\/producto\/bateria-comp-dell-xps-m1330-wr050-cr036-tt485\/#webpage","url":"https:\/\/comerciallin.com\/index.php\/producto\/bateria-comp-dell-xps-m1330-wr050-cr036-tt485\/","name":"BATERIA COMP DELL XPS M1330\/WR050\/CR036\/TT485 - tienda de electr\u00f3nica y computaci\u00f3n","isPartOf":{"@id":"https:\/\/comerciallin.com\/#website"},"primaryImageOfPage":{"@id":"https:\/\/comerciallin.com\/index.php\/producto\/bateria-comp-dell-xps-m1330-wr050-cr036-tt485\/#primaryimage"},"datePublished":"2022-11-07T18:27:14+00:00","dateModified":"2025-01-14T18:54:28+00:00","breadcrumb":{"@id":"https:\/\/comerciallin.com\/index.php\/producto\/bateria-comp-dell-xps-m1330-wr050-cr036-tt485\/#breadcrumb"},"inLanguage":"es","potentialAction":[{"@type":"ReadAction","target":["https:\/\/comerciallin.com\/index.php\/producto\/bateria-comp-dell-xps-m1330-wr050-cr036-tt485\/"]}]},{"@type":"BreadcrumbList","@id":"https:\/\/comerciallin.com\/index.php\/producto\/bateria-comp-dell-xps-m1330-wr050-cr036-tt485\/#breadcrumb","itemListElement":[{"@type":"ListItem","position":1,"name":"Inicio","item":"https:\/\/comerciallin.com\/"},{"@type":"ListItem","position":2,"name":"Shop","item":"https:\/\/comerciallin.com\/?page_id=3853"},{"@type":"ListItem","position":3,"name":"BATERIA COMP DELL XPS M1330\/WR050\/CR036\/TT485"}]}]},"product_price_amount":"43.70","product_price_currency":"USD","og_availability":"instock","product_availability":"instock","product_retailer_item_id":"537030190707","product_condition":"new"},"jetpack-related-posts":[{"id":26100,"url":"https:\/\/comerciallin.com\/index.php\/producto\/bateria-camara-enel9-nikon\/","url_meta":{"origin":19120,"position":0},"title":"BATERIA CAMARA ENEL9 NIKON","date":"29 de enero de 2024","format":false,"excerpt":"La bater\u00eda de c\u00e1mara Nikon EN-EL9 es una bater\u00eda de iones de litio de 1100 mAh que proporciona un tiempo de grabaci\u00f3n prolongado para una variedad de c\u00e1maras Nikon DSLR y compactas.","rel":"","context":"Entrada similar","img":{"alt_text":"BATERIA CAMARA ENEL9 NIKON","src":"https:\/\/i0.wp.com\/comerciallin.com\/wp-content\/uploads\/2024\/01\/421206010105-1.jpg?fit=1200%2C1200&ssl=1&resize=350%2C200","width":350,"height":200},"classes":[]},{"id":26118,"url":"https:\/\/comerciallin.com\/index.php\/producto\/bateria-camara-en-el5-2\/","url_meta":{"origin":19120,"position":1},"title":"BATERIA CAMARA EN-EL5","date":"29 de enero de 2024","format":false,"excerpt":"La bater\u00eda de c\u00e1mara EN-EL5 es una bater\u00eda de iones de litio de 1180 mAh que proporciona un tiempo de grabaci\u00f3n prolongado para una variedad de c\u00e1maras Nikon.","rel":"","context":"Entrada similar","img":{"alt_text":"BATERIA CAMARA EN-EL5","src":"https:\/\/i0.wp.com\/comerciallin.com\/wp-content\/uploads\/2024\/01\/421206010114-1.jpg?fit=1080%2C1080&ssl=1&resize=350%2C200","width":350,"height":200},"classes":[]},{"id":26106,"url":"https:\/\/comerciallin.com\/index.php\/producto\/bateria-camara-lp-e5\/","url_meta":{"origin":19120,"position":2},"title":"BATERIA CAMARA LP-E5","date":"29 de enero de 2024","format":false,"excerpt":"La bater\u00eda de c\u00e1mara LP-E5 es una bater\u00eda de iones de litio de 1080 mAh que proporciona un tiempo de grabaci\u00f3n prolongado para una variedad de c\u00e1maras Canon DSLR y compactas.","rel":"","context":"Entrada similar","img":{"alt_text":"BATERIA CAMARA LP-E5","src":"https:\/\/i0.wp.com\/comerciallin.com\/wp-content\/uploads\/2024\/01\/421206010108-1.jpg?fit=1080%2C1080&ssl=1&resize=350%2C200","width":350,"height":200},"classes":[]},{"id":26108,"url":"https:\/\/comerciallin.com\/index.php\/producto\/bateria-camara-li-40b\/","url_meta":{"origin":19120,"position":3},"title":"BATERIA CAMARA LI-40B","date":"29 de enero de 2024","format":false,"excerpt":"La bater\u00eda de c\u00e1mara LI-40B es una bater\u00eda de iones de litio de 580 mAh que proporciona un tiempo de grabaci\u00f3n prolongado para una variedad de c\u00e1maras Olympus.","rel":"","context":"Entrada similar","img":{"alt_text":"BATERIA CAMARA LI-40B","src":"https:\/\/i0.wp.com\/comerciallin.com\/wp-content\/uploads\/2024\/01\/421206010109-1.jpg?fit=1080%2C1080&ssl=1&resize=350%2C200","width":350,"height":200},"classes":[]},{"id":26104,"url":"https:\/\/comerciallin.com\/index.php\/producto\/bateria-camara-lpe-10\/","url_meta":{"origin":19120,"position":4},"title":"BATERIA CAMARA LPE-10","date":"29 de enero de 2024","format":false,"excerpt":"La bater\u00eda de c\u00e1mara LPE-10 es una bater\u00eda de iones de litio de 860 mAh que proporciona un tiempo de grabaci\u00f3n prolongado para una variedad de c\u00e1maras Canon DSLR y compactas.","rel":"","context":"Entrada similar","img":{"alt_text":"BATERIA CAMARA LPE-10","src":"https:\/\/i0.wp.com\/comerciallin.com\/wp-content\/uploads\/2024\/01\/421206010107-1.jpg?fit=1080%2C1080&ssl=1&resize=350%2C200","width":350,"height":200},"classes":[]},{"id":26094,"url":"https:\/\/comerciallin.com\/index.php\/producto\/bateria-camara-bn-1-sony\/","url_meta":{"origin":19120,"position":5},"title":"BATERIA CAMARA BN-1 SONY","date":"29 de enero de 2024","format":false,"excerpt":"La bater\u00eda de c\u00e1mara BN-1 de Sony es una bater\u00eda de iones de litio de alta capacidad que proporciona un tiempo de grabaci\u00f3n prolongado para una variedad de c\u00e1maras compactas Sony. Tiene una capacidad de 1200 mAh y un voltaje de 3,7 V.","rel":"","context":"Entrada similar","img":{"alt_text":"BATERIA CAMARA BN-1 SONY","src":"https:\/\/i0.wp.com\/comerciallin.com\/wp-content\/uploads\/2024\/01\/421206010102-1.jpg?fit=1080%2C1080&ssl=1&resize=350%2C200","width":350,"height":200},"classes":[]}],"jetpack_sharing_enabled":true,"jetpack_likes_enabled":true,"_links":{"self":[{"href":"https:\/\/comerciallin.com\/index.php\/wp-json\/wp\/v2\/product\/19120"}],"collection":[{"href":"https:\/\/comerciallin.com\/index.php\/wp-json\/wp\/v2\/product"}],"about":[{"href":"https:\/\/comerciallin.com\/index.php\/wp-json\/wp\/v2\/types\/product"}],"replies":[{"embeddable":true,"href":"https:\/\/comerciallin.com\/index.php\/wp-json\/wp\/v2\/comments?post=19120"}],"wp:featuredmedia":[{"embeddable":true,"href":"https:\/\/comerciallin.com\/index.php\/wp-json\/wp\/v2\/media\/21628"}],"wp:attachment":[{"href":"https:\/\/comerciallin.com\/index.php\/wp-json\/wp\/v2\/media?parent=19120"}],"wp:term":[{"taxonomy":"product_cat","embeddable":true,"href":"https:\/\/comerciallin.com\/index.php\/wp-json\/wp\/v2\/product_cat?post=19120"},{"taxonomy":"product_tag","embeddable":true,"href":"https:\/\/comerciallin.com\/index.php\/wp-json\/wp\/v2\/product_tag?post=19120"}],"curies":[{"name":"wp","href":"https:\/\/api.w.org\/{rel}","templated":true}]}}