{"id":19114,"date":"2022-11-07T13:27:12","date_gmt":"2022-11-07T18:27:12","guid":{"rendered":"https:\/\/comerciallin.com\/index.php\/producto\/bateria-comp-asus-a41-x550-x550a-y481c-y581cj\/"},"modified":"2025-01-14T13:54:12","modified_gmt":"2025-01-14T18:54:12","slug":"bateria-comp-asus-a41-x550-x550a-y481c-y581cj","status":"publish","type":"product","link":"https:\/\/comerciallin.com\/index.php\/producto\/bateria-comp-asus-a41-x550-x550a-y481c-y581cj\/","title":{"rendered":"BATERIA COMP ASUS A41-X550\/X550A\/Y481C\/Y581CJ"},"content":{"rendered":"<p><strong>Modelos compatibles:<\/strong><\/p>\n<p>Asus A550 SeriesA550, A550C, A550Ca, A550Cc, A550L, A550La, A550Lb, A550Lc, A550V, A550Vb, A550Vc<\/p>\n<p>Asus F550 SeriesF550, F550C, F550Ca, F550Cc, F550Dp, F550E, F550Ea, F550L, F 550jx,F550La, F550Lb, F550Lc, F550V, F550Vb, F550Vc<\/p>\n<p>Asus F552 SeriesF552, F552C, F552Cl, F552E, F552Ea, F552Ep, F552V, F552Vl<\/p>\n<p>Asus K450 SeriesK450, K450C, K450Ca, K450Cc, K450L, K450La, K450Lb, K450Lc, K450V, K450Vb, K450Vc, K450Ve<\/p>\n<p>Asus K550 SeriesK550, K550C, K550Ca, K550Cc, K550L, K550Lb, K550Lc, K550V, K550Vb, K550Vc, K550JX<\/p>\n<p>Asus P450 SeriesP450, P450C, P450Ca, P450Cc, P450L, P450La, P450Lb, P450Lc, P450V, P450Vb, P450Vc<\/p>\n<p>Asus P550 SeriesP550, P550C, P550Ca, P550Cc, P550L, P550La, P550Lc<\/p>\n<p>Asus R409 SeriesR409, R409C, R409Ca, R409Cc, R409L, R409La, R409Lb, R409Lc, R409V, R409Vb, R409Vc, R409Ve<\/p>\n<p>Asus R510 SeriesR510, R510LA, R510C, R510Ca, R510Cc, R510D, R510Dp, R510E, R510Ea,R510L, R510La, R510Lb, R510Lc, R510V, R510Vb, R510Vc<\/p>\n<p>Asus X452 Series X452, X452C, X452Cp, X452E, X452Ea, X452Ep<\/p>\n<p>Asus X550 Series X550, X550A, X550LA, X550C, X550Ca, X550Cc, X550Cl, X550D, X550E, X550X, X550JX, X550JK<\/p>\n<p><strong>N&uacute;mero de pieza compatible:<\/strong><\/p>\n<p>X550 \/ X550A \/ X550B \/ X550D \/ A41-X550 \/ A550C<\/p>\n","protected":false},"excerpt":{"rendered":"<p>Tipo de bater\u00eda: Li-ion, Celdas: 4 Celdas, Voltaje: 14.4V, Capacidad: 47WH\/3300mAh<\/p>\n","protected":false},"featured_media":21600,"comment_status":"open","ping_status":"closed","template":"","meta":{"spay_email":""},"product_cat":[793],"product_tag":[],"supplier_id":null,"supplier_sku":"","barcode":null,"atum_controlled":true,"out_stock_date":null,"out_stock_threshold":null,"inheritable":false,"inbound_stock":null,"stock_on_hold":0,"sold_today":0,"sales_last_days":0,"reserved_stock":null,"customer_returns":null,"warehouse_damage":null,"lost_in_post":null,"other_logs":null,"out_stock_days":0,"lost_sales":0,"has_location":null,"update_date":"2026-04-30T00:11:44","atum_locations":[],"atum_stock_status":"instock","restock_status":false,"low_stock_amount":"","sales_update_date":"2026-04-30T00:11:44","calc_backorders":null,"acf":[],"yoast_head":"<!-- This site is optimized with the Yoast SEO Premium plugin v17.4 (Yoast SEO v17.4) - https:\/\/yoast.com\/wordpress\/plugins\/seo\/ -->\n<title>BATERIA COMP ASUS A41-X550\/X550A\/Y481C\/Y581CJ - tienda de electr\u00f3nica y computaci\u00f3n<\/title>\n<meta name=\"robots\" content=\"index, follow, max-snippet:-1, max-image-preview:large, max-video-preview:-1\" \/>\n<link rel=\"canonical\" href=\"https:\/\/comerciallin.com\/index.php\/producto\/bateria-comp-asus-a41-x550-x550a-y481c-y581cj\/\" \/>\n<meta property=\"og:locale\" content=\"es_ES\" \/>\n<meta property=\"og:type\" content=\"article\" \/>\n<meta property=\"og:title\" content=\"BATERIA COMP ASUS A41-X550\/X550A\/Y481C\/Y581CJ\" \/>\n<meta property=\"og:description\" content=\"Tipo de bater\u00eda: Li-ion, Celdas: 4 Celdas, Voltaje: 14.4V, Capacidad: 47WH\/3300mAh\" \/>\n<meta property=\"og:url\" content=\"https:\/\/comerciallin.com\/index.php\/producto\/bateria-comp-asus-a41-x550-x550a-y481c-y581cj\/\" \/>\n<meta property=\"og:site_name\" content=\"tienda de electr\u00f3nica y computaci\u00f3n\" \/>\n<meta property=\"article:modified_time\" content=\"2025-01-14T18:54:12+00:00\" \/>\n<meta name=\"twitter:card\" content=\"summary_large_image\" \/>\n<meta name=\"twitter:image\" content=\"https:\/\/i0.wp.com\/comerciallin.com\/wp-content\/uploads\/2023\/02\/4451703037.jpg?fit=%2C&amp;ssl=1\" \/>\n<meta name=\"twitter:label1\" content=\"Precio\" \/>\n\t<meta name=\"twitter:data1\" content=\"&#36;48,30\" \/>\n\t<meta name=\"twitter:label2\" content=\"Availability\" \/>\n\t<meta name=\"twitter:data2\" content=\"In stock\" \/>\n<script type=\"application\/ld+json\" class=\"yoast-schema-graph\">{\"@context\":\"https:\/\/schema.org\",\"@graph\":[{\"@type\":\"WebSite\",\"@id\":\"https:\/\/comerciallin.com\/#website\",\"url\":\"https:\/\/comerciallin.com\/\",\"name\":\"tienda de electr\\u00f3nica y computaci\\u00f3n\",\"description\":\"Importadora de Electr\\u00f3nica y Computaci\\u00f3n\",\"potentialAction\":[{\"@type\":\"SearchAction\",\"target\":{\"@type\":\"EntryPoint\",\"urlTemplate\":\"https:\/\/comerciallin.com\/?s={search_term_string}\"},\"query-input\":\"required name=search_term_string\"}],\"inLanguage\":\"es\"},{\"@type\":\"ImageObject\",\"@id\":\"https:\/\/comerciallin.com\/index.php\/producto\/bateria-comp-asus-a41-x550-x550a-y481c-y581cj\/#primaryimage\",\"inLanguage\":\"es\",\"url\":\"https:\/\/i0.wp.com\/comerciallin.com\/wp-content\/uploads\/2023\/02\/4451703037.jpg?fit=%2C&ssl=1\",\"contentUrl\":\"https:\/\/i0.wp.com\/comerciallin.com\/wp-content\/uploads\/2023\/02\/4451703037.jpg?fit=%2C&ssl=1\",\"caption\":\"BATERIA COMP ASUS A41-X550\/X550A\/Y481C\/Y581CJ\"},{\"@type\":\"WebPage\",\"@id\":\"https:\/\/comerciallin.com\/index.php\/producto\/bateria-comp-asus-a41-x550-x550a-y481c-y581cj\/#webpage\",\"url\":\"https:\/\/comerciallin.com\/index.php\/producto\/bateria-comp-asus-a41-x550-x550a-y481c-y581cj\/\",\"name\":\"BATERIA COMP ASUS A41-X550\/X550A\/Y481C\/Y581CJ - tienda de electr\\u00f3nica y computaci\\u00f3n\",\"isPartOf\":{\"@id\":\"https:\/\/comerciallin.com\/#website\"},\"primaryImageOfPage\":{\"@id\":\"https:\/\/comerciallin.com\/index.php\/producto\/bateria-comp-asus-a41-x550-x550a-y481c-y581cj\/#primaryimage\"},\"datePublished\":\"2022-11-07T18:27:12+00:00\",\"dateModified\":\"2025-01-14T18:54:12+00:00\",\"breadcrumb\":{\"@id\":\"https:\/\/comerciallin.com\/index.php\/producto\/bateria-comp-asus-a41-x550-x550a-y481c-y581cj\/#breadcrumb\"},\"inLanguage\":\"es\",\"potentialAction\":[{\"@type\":\"ReadAction\",\"target\":[\"https:\/\/comerciallin.com\/index.php\/producto\/bateria-comp-asus-a41-x550-x550a-y481c-y581cj\/\"]}]},{\"@type\":\"BreadcrumbList\",\"@id\":\"https:\/\/comerciallin.com\/index.php\/producto\/bateria-comp-asus-a41-x550-x550a-y481c-y581cj\/#breadcrumb\",\"itemListElement\":[{\"@type\":\"ListItem\",\"position\":1,\"name\":\"Inicio\",\"item\":\"https:\/\/comerciallin.com\/\"},{\"@type\":\"ListItem\",\"position\":2,\"name\":\"Shop\",\"item\":\"https:\/\/comerciallin.com\/?page_id=3853\"},{\"@type\":\"ListItem\",\"position\":3,\"name\":\"BATERIA COMP ASUS A41-X550\/X550A\/Y481C\/Y581CJ\"}]}]}<\/script>\n<meta property=\"product:price:amount\" content=\"48.30\" \/>\n<meta property=\"product:price:currency\" content=\"USD\" \/>\n<meta property=\"og:availability\" content=\"instock\" \/>\n<meta property=\"product:availability\" content=\"instock\" \/>\n<meta property=\"product:retailer_item_id\" content=\"4451703037\" \/>\n<meta property=\"product:condition\" content=\"new\" \/>\n<!-- \/ Yoast SEO Premium plugin. -->","yoast_head_json":{"title":"BATERIA COMP ASUS A41-X550\/X550A\/Y481C\/Y581CJ - tienda de electr\u00f3nica y computaci\u00f3n","robots":{"index":"index","follow":"follow","max-snippet":"max-snippet:-1","max-image-preview":"max-image-preview:large","max-video-preview":"max-video-preview:-1"},"canonical":"https:\/\/comerciallin.com\/index.php\/producto\/bateria-comp-asus-a41-x550-x550a-y481c-y581cj\/","og_locale":"es_ES","og_type":"article","og_title":"BATERIA COMP ASUS A41-X550\/X550A\/Y481C\/Y581CJ","og_description":"Tipo de bater\u00eda: Li-ion, Celdas: 4 Celdas, Voltaje: 14.4V, Capacidad: 47WH\/3300mAh","og_url":"https:\/\/comerciallin.com\/index.php\/producto\/bateria-comp-asus-a41-x550-x550a-y481c-y581cj\/","og_site_name":"tienda de electr\u00f3nica y computaci\u00f3n","article_modified_time":"2025-01-14T18:54:12+00:00","twitter_card":"summary_large_image","twitter_image":"https:\/\/i0.wp.com\/comerciallin.com\/wp-content\/uploads\/2023\/02\/4451703037.jpg?fit=%2C&ssl=1","twitter_misc":{"Precio":"&#36;48,30","Availability":"In stock"},"schema":{"@context":"https:\/\/schema.org","@graph":[{"@type":"WebSite","@id":"https:\/\/comerciallin.com\/#website","url":"https:\/\/comerciallin.com\/","name":"tienda de electr\u00f3nica y computaci\u00f3n","description":"Importadora de Electr\u00f3nica y Computaci\u00f3n","potentialAction":[{"@type":"SearchAction","target":{"@type":"EntryPoint","urlTemplate":"https:\/\/comerciallin.com\/?s={search_term_string}"},"query-input":"required name=search_term_string"}],"inLanguage":"es"},{"@type":"ImageObject","@id":"https:\/\/comerciallin.com\/index.php\/producto\/bateria-comp-asus-a41-x550-x550a-y481c-y581cj\/#primaryimage","inLanguage":"es","url":"https:\/\/i0.wp.com\/comerciallin.com\/wp-content\/uploads\/2023\/02\/4451703037.jpg?fit=%2C&ssl=1","contentUrl":"https:\/\/i0.wp.com\/comerciallin.com\/wp-content\/uploads\/2023\/02\/4451703037.jpg?fit=%2C&ssl=1","caption":"BATERIA COMP ASUS A41-X550\/X550A\/Y481C\/Y581CJ"},{"@type":"WebPage","@id":"https:\/\/comerciallin.com\/index.php\/producto\/bateria-comp-asus-a41-x550-x550a-y481c-y581cj\/#webpage","url":"https:\/\/comerciallin.com\/index.php\/producto\/bateria-comp-asus-a41-x550-x550a-y481c-y581cj\/","name":"BATERIA COMP ASUS A41-X550\/X550A\/Y481C\/Y581CJ - tienda de electr\u00f3nica y computaci\u00f3n","isPartOf":{"@id":"https:\/\/comerciallin.com\/#website"},"primaryImageOfPage":{"@id":"https:\/\/comerciallin.com\/index.php\/producto\/bateria-comp-asus-a41-x550-x550a-y481c-y581cj\/#primaryimage"},"datePublished":"2022-11-07T18:27:12+00:00","dateModified":"2025-01-14T18:54:12+00:00","breadcrumb":{"@id":"https:\/\/comerciallin.com\/index.php\/producto\/bateria-comp-asus-a41-x550-x550a-y481c-y581cj\/#breadcrumb"},"inLanguage":"es","potentialAction":[{"@type":"ReadAction","target":["https:\/\/comerciallin.com\/index.php\/producto\/bateria-comp-asus-a41-x550-x550a-y481c-y581cj\/"]}]},{"@type":"BreadcrumbList","@id":"https:\/\/comerciallin.com\/index.php\/producto\/bateria-comp-asus-a41-x550-x550a-y481c-y581cj\/#breadcrumb","itemListElement":[{"@type":"ListItem","position":1,"name":"Inicio","item":"https:\/\/comerciallin.com\/"},{"@type":"ListItem","position":2,"name":"Shop","item":"https:\/\/comerciallin.com\/?page_id=3853"},{"@type":"ListItem","position":3,"name":"BATERIA COMP ASUS A41-X550\/X550A\/Y481C\/Y581CJ"}]}]},"product_price_amount":"48.30","product_price_currency":"USD","og_availability":"instock","product_availability":"instock","product_retailer_item_id":"4451703037","product_condition":"new"},"jetpack-related-posts":[{"id":19159,"url":"https:\/\/comerciallin.com\/index.php\/producto\/bateria-comp-asus-a32-k55-a33-k55-a41-k55-a4a\/","url_meta":{"origin":19114,"position":0},"title":"BATERIA COMP ASUS A32-K55\/A33-K55\/A41-K55\/A4A","date":"7 de noviembre de 2022","format":false,"excerpt":"Bater\u00eda de repuesto para notebook Asus A45VS, A55A, A55D, A55DE, A55DR, A55N, A55V, A55VD Sustituye: A32-K55, A33-K55, A41-K55. Tecnolog\u00eda: Li-Ion. Capacidad: 6000 mAh (10.8V \/ 64.8Wh).","rel":"","context":"Entrada similar","img":{"alt_text":"","src":"","width":0,"height":0},"classes":[]},{"id":19205,"url":"https:\/\/comerciallin.com\/index.php\/producto\/bateria-comp-asus-a31-k52-a32-k52-a41-k52-a4f\/","url_meta":{"origin":19114,"position":1},"title":"BATERIA COMP ASUS A31-K52\/A32-K52\/A41-K52\/A4F","date":"7 de noviembre de 2022","format":false,"excerpt":"Capacity: 5200mAh, Voltage: 11.1V Battery Cell: 6 Cells","rel":"","context":"Entrada similar","img":{"alt_text":"","src":"","width":0,"height":0},"classes":[]},{"id":19267,"url":"https:\/\/comerciallin.com\/index.php\/producto\/bateria-comp-asus-a31n1519-r540l-x540l-x540la\/","url_meta":{"origin":19114,"position":2},"title":"BATERIA COMP ASUS A31N1519\/R540L\/X540L\/X540LA","date":"7 de noviembre de 2022","format":false,"excerpt":"Type de batterie: Li-ion; Tension: 11.25V; Capacit\u00e9: 33Wh.","rel":"","context":"Entrada similar","img":{"alt_text":"","src":"","width":0,"height":0},"classes":[]},{"id":19665,"url":"https:\/\/comerciallin.com\/index.php\/producto\/cargador-comp-asus-19v-1-75a-4-01-35mm\/","url_meta":{"origin":19114,"position":3},"title":"CARGADOR COMP ASUS 19V 1.75A 4.0*1.35MM","date":"7 de noviembre de 2022","format":false,"excerpt":"Entrada: 100-240V \/ 50-60Hz Salida: 19v 1.75a 4.0*1.35MM 33W Conector: Punta Fina Modelo: Rectangular Color: Negro Condici\u00f3n: Nueva estrenar","rel":"","context":"Entrada similar","img":{"alt_text":"","src":"","width":0,"height":0},"classes":[]},{"id":19667,"url":"https:\/\/comerciallin.com\/index.php\/producto\/cargador-comp-asus-19v-1-75a-4-01-35mm-origi\/","url_meta":{"origin":19114,"position":4},"title":"CARGADOR COMP ASUS 19V 1.75A 4.0*1.35MM ORIGI","date":"7 de noviembre de 2022","format":false,"excerpt":"Entrada: 100-240V \/ 50-60Hz Salida: 19v 1.75a 4.0*1.35MM 33W Conector: Punta Fina Modelo: Cuadrado Color: Negro Condici\u00f3n: Original Nuevo estrenar","rel":"","context":"Entrada similar","img":{"alt_text":"","src":"","width":0,"height":0},"classes":[]},{"id":19090,"url":"https:\/\/comerciallin.com\/index.php\/producto\/bateria-comp-asus-x301a-x401-x401a-501a-a31-1\/","url_meta":{"origin":19114,"position":5},"title":"BATERIA COMP ASUS X301A\/X401\/X401A\/501A\/A31-1","date":"7 de noviembre de 2022","format":false,"excerpt":"Voltaje: 11,1 V (compatible con 10,8 V) Capacidad: 5200 mAh \/ 4400 mAh. Celda: 6 celdas.","rel":"","context":"Entrada similar","img":{"alt_text":"","src":"","width":0,"height":0},"classes":[]}],"jetpack_sharing_enabled":true,"jetpack_likes_enabled":true,"_links":{"self":[{"href":"https:\/\/comerciallin.com\/index.php\/wp-json\/wp\/v2\/product\/19114"}],"collection":[{"href":"https:\/\/comerciallin.com\/index.php\/wp-json\/wp\/v2\/product"}],"about":[{"href":"https:\/\/comerciallin.com\/index.php\/wp-json\/wp\/v2\/types\/product"}],"replies":[{"embeddable":true,"href":"https:\/\/comerciallin.com\/index.php\/wp-json\/wp\/v2\/comments?post=19114"}],"wp:featuredmedia":[{"embeddable":true,"href":"https:\/\/comerciallin.com\/index.php\/wp-json\/wp\/v2\/media\/21600"}],"wp:attachment":[{"href":"https:\/\/comerciallin.com\/index.php\/wp-json\/wp\/v2\/media?parent=19114"}],"wp:term":[{"taxonomy":"product_cat","embeddable":true,"href":"https:\/\/comerciallin.com\/index.php\/wp-json\/wp\/v2\/product_cat?post=19114"},{"taxonomy":"product_tag","embeddable":true,"href":"https:\/\/comerciallin.com\/index.php\/wp-json\/wp\/v2\/product_tag?post=19114"}],"curies":[{"name":"wp","href":"https:\/\/api.w.org\/{rel}","templated":true}]}}