{"id":19112,"date":"2022-11-07T13:27:12","date_gmt":"2022-11-07T18:27:12","guid":{"rendered":"https:\/\/comerciallin.com\/index.php\/producto\/bateria-comp-toshiba-pa3787u-1brs-pa3786u-1b1\/"},"modified":"2025-01-14T13:54:42","modified_gmt":"2025-01-14T18:54:42","slug":"bateria-comp-toshiba-pa3787u-1brs-pa3786u-1b1","status":"publish","type":"product","link":"https:\/\/comerciallin.com\/index.php\/producto\/bateria-comp-toshiba-pa3787u-1brs-pa3786u-1b1\/","title":{"rendered":"BATERIA COMP TOSHIBA PA3787U-1BRS\/PA3786U-1B1"},"content":{"rendered":"<p><strong><u>Compatible battery part numbers P\/Ns :<\/u><\/strong><\/p>\n<div>PA3786U-1BRS PA3787U-1BRS PA3788U-1BRS PABAS221 PABAS222 PABAS223<\/div>\n<p><u><strong>Supports the following laptop Models:<\/strong><\/u><\/p>\n<div>TOSHIBA Tecra A11 Series TOSHIBA Tecra A11-001 TOSHIBA Tecra A11-00N TOSHIBA Tecra A11-00P TOSHIBA Tecra A11-00Q TOSHIBA Tecra A11-10D TOSHIBA Tecra A11-10E TOSHIBA Tecra A11-110 TOSHIBA Tecra A11-113 TOSHIBA Tecra A11-114 TOSHIBA Tecra A11-11E TOSHIBA Tecra A11-11G TOSHIBA Tecra A11-11H TOSHIBA Tecra A11-11J TOSHIBA Tecra A11-11L TOSHIBA Tecra A11-11N TOSHIBA Tecra A11-11Q TOSHIBA Tecra A11-11Z TOSHIBA Tecra A11-125 TOSHIBA Tecra A11-126 TOSHIBA Tecra A11-127 TOSHIBA Tecra A11-128 TOSHIBA Tecra A11-12C TOSHIBA Tecra A11-12F TOSHIBA Tecra A11-12H TOSHIBA Tecra A11-12P TOSHIBA Tecra A11-12Q TOSHIBA Tecra A11-S3510 TOSHIBA Tecra A11-S3520 TOSHIBA Tecra A11-S3521 TOSHIBA Tecra A11-S3530 TOSHIBA Tecra A11-S3531 TOSHIBA Tecra A11-S3540 TOSHIBA Tecra A11-ST3500 TOSHIBA Tecra A11-ST3501 TOSHIBA Tecra A11-ST3502 TOSHIBA Tecra A11-W3540 TOSHIBA Tecra M11 Series TOSHIBA Tecra M11-S3410 TOSHIBA Tecra M11-S3420 TOSHIBA Tecra M11-S3430 TOSHIBA Tecra M11-ST3501 TOSHIBA Tecra M11-ST3502 TOSHIBA Tecra M11-W3421 TOSHIBA Tecra P11 Series Dynabook Satellite PXW Series TOSHIBA Tecra S11 Series Dynabook Satellite B450\/B Dynabook Satellite B550\/B Dynabook Satellite B650\/B Dynabook Satellite K40 213Y\/HD Dynabook Satellite K40 213Y\/HDX Dynabook Satellite K40 226Y\/HD Dynabook Satellite K40 226Y\/HDX Dynabook Satellite K45 240E\/HD Dynabook Satellite K45 240E\/HDX Dynabook Satellite K45 266E\/HD Dynabook Satellite K45 266E\/HDX Dynabook Satellite L40 213Y\/HD Dynabook Satellite L40 226Y\/HD Dynabook Satellite L45 240E\/HD Dynabook Satellite L45 240E\/HDX Dynabook Satellite L45 266E\/HD Dynabook Satellite L45 266E\/HDX Satellite Pro S500-00M Satellite Pro S500-10E Satellite Pro S500-11C Satellite Pro S500-11E Satellite Pro S500-11T Satellite Pro S500-12V Satellite Pro S500-130 Satellite Pro S500-131 Satellite Pro S500-138 Satellite Pro S500-139 Satellite Pro S500-140 Satellite Pro S500-141 Satellite Pro S500-147 Satellite Pro S500-14Z Satellite Pro S500-15E Satellite Pro S500-15K<\/div>\n","protected":false},"excerpt":{"rendered":"<p>Toshiba PA3787U-1BRS PA3788U-1BRS PABAS221 PABAS222 PABAS223<\/p>\n","protected":false},"featured_media":21697,"comment_status":"open","ping_status":"closed","template":"","meta":{"spay_email":""},"product_cat":[797],"product_tag":[],"supplier_id":null,"supplier_sku":"","barcode":null,"atum_controlled":true,"out_stock_date":null,"out_stock_threshold":null,"inheritable":false,"inbound_stock":null,"stock_on_hold":0,"sold_today":0,"sales_last_days":0,"reserved_stock":null,"customer_returns":null,"warehouse_damage":null,"lost_in_post":null,"other_logs":null,"out_stock_days":0,"lost_sales":0,"has_location":null,"update_date":"2026-05-17T00:31:05","atum_locations":[],"atum_stock_status":"instock","restock_status":false,"low_stock_amount":"","sales_update_date":"2026-05-17T00:31:05","calc_backorders":null,"acf":[],"yoast_head":"<!-- This site is optimized with the Yoast SEO Premium plugin v17.4 (Yoast SEO v17.4) - https:\/\/yoast.com\/wordpress\/plugins\/seo\/ -->\n<title>BATERIA COMP TOSHIBA PA3787U-1BRS\/PA3786U-1B1 - tienda de electr\u00f3nica y computaci\u00f3n<\/title>\n<meta name=\"robots\" content=\"index, follow, max-snippet:-1, max-image-preview:large, max-video-preview:-1\" \/>\n<link rel=\"canonical\" href=\"https:\/\/comerciallin.com\/index.php\/producto\/bateria-comp-toshiba-pa3787u-1brs-pa3786u-1b1\/\" \/>\n<meta property=\"og:locale\" content=\"es_ES\" \/>\n<meta property=\"og:type\" content=\"article\" \/>\n<meta property=\"og:title\" content=\"BATERIA COMP TOSHIBA PA3787U-1BRS\/PA3786U-1B1\" \/>\n<meta property=\"og:description\" content=\"Toshiba PA3787U-1BRS PA3788U-1BRS PABAS221 PABAS222 PABAS223\" \/>\n<meta property=\"og:url\" content=\"https:\/\/comerciallin.com\/index.php\/producto\/bateria-comp-toshiba-pa3787u-1brs-pa3786u-1b1\/\" \/>\n<meta property=\"og:site_name\" content=\"tienda de electr\u00f3nica y computaci\u00f3n\" \/>\n<meta property=\"article:modified_time\" content=\"2025-01-14T18:54:42+00:00\" \/>\n<meta name=\"twitter:card\" content=\"summary_large_image\" \/>\n<meta name=\"twitter:image\" content=\"https:\/\/i0.wp.com\/comerciallin.com\/wp-content\/uploads\/2023\/02\/445030170603.jpg?fit=%2C&amp;ssl=1\" \/>\n<meta name=\"twitter:label1\" content=\"Precio\" \/>\n\t<meta name=\"twitter:data1\" content=\"&#36;49,45\" \/>\n\t<meta name=\"twitter:label2\" content=\"Availability\" \/>\n\t<meta name=\"twitter:data2\" content=\"In stock\" \/>\n<script type=\"application\/ld+json\" class=\"yoast-schema-graph\">{\"@context\":\"https:\/\/schema.org\",\"@graph\":[{\"@type\":\"WebSite\",\"@id\":\"https:\/\/comerciallin.com\/#website\",\"url\":\"https:\/\/comerciallin.com\/\",\"name\":\"tienda de electr\\u00f3nica y computaci\\u00f3n\",\"description\":\"Importadora de Electr\\u00f3nica y Computaci\\u00f3n\",\"potentialAction\":[{\"@type\":\"SearchAction\",\"target\":{\"@type\":\"EntryPoint\",\"urlTemplate\":\"https:\/\/comerciallin.com\/?s={search_term_string}\"},\"query-input\":\"required name=search_term_string\"}],\"inLanguage\":\"es\"},{\"@type\":\"ImageObject\",\"@id\":\"https:\/\/comerciallin.com\/index.php\/producto\/bateria-comp-toshiba-pa3787u-1brs-pa3786u-1b1\/#primaryimage\",\"inLanguage\":\"es\",\"url\":\"https:\/\/i0.wp.com\/comerciallin.com\/wp-content\/uploads\/2023\/02\/445030170603.jpg?fit=%2C&ssl=1\",\"contentUrl\":\"https:\/\/i0.wp.com\/comerciallin.com\/wp-content\/uploads\/2023\/02\/445030170603.jpg?fit=%2C&ssl=1\",\"caption\":\"BATERIA COMP TOSHIBA PA3787U-1BRS\/PA3786U-1B1\"},{\"@type\":\"WebPage\",\"@id\":\"https:\/\/comerciallin.com\/index.php\/producto\/bateria-comp-toshiba-pa3787u-1brs-pa3786u-1b1\/#webpage\",\"url\":\"https:\/\/comerciallin.com\/index.php\/producto\/bateria-comp-toshiba-pa3787u-1brs-pa3786u-1b1\/\",\"name\":\"BATERIA COMP TOSHIBA PA3787U-1BRS\/PA3786U-1B1 - tienda de electr\\u00f3nica y computaci\\u00f3n\",\"isPartOf\":{\"@id\":\"https:\/\/comerciallin.com\/#website\"},\"primaryImageOfPage\":{\"@id\":\"https:\/\/comerciallin.com\/index.php\/producto\/bateria-comp-toshiba-pa3787u-1brs-pa3786u-1b1\/#primaryimage\"},\"datePublished\":\"2022-11-07T18:27:12+00:00\",\"dateModified\":\"2025-01-14T18:54:42+00:00\",\"breadcrumb\":{\"@id\":\"https:\/\/comerciallin.com\/index.php\/producto\/bateria-comp-toshiba-pa3787u-1brs-pa3786u-1b1\/#breadcrumb\"},\"inLanguage\":\"es\",\"potentialAction\":[{\"@type\":\"ReadAction\",\"target\":[\"https:\/\/comerciallin.com\/index.php\/producto\/bateria-comp-toshiba-pa3787u-1brs-pa3786u-1b1\/\"]}]},{\"@type\":\"BreadcrumbList\",\"@id\":\"https:\/\/comerciallin.com\/index.php\/producto\/bateria-comp-toshiba-pa3787u-1brs-pa3786u-1b1\/#breadcrumb\",\"itemListElement\":[{\"@type\":\"ListItem\",\"position\":1,\"name\":\"Inicio\",\"item\":\"https:\/\/comerciallin.com\/\"},{\"@type\":\"ListItem\",\"position\":2,\"name\":\"Shop\",\"item\":\"https:\/\/comerciallin.com\/?page_id=3853\"},{\"@type\":\"ListItem\",\"position\":3,\"name\":\"BATERIA COMP TOSHIBA PA3787U-1BRS\/PA3786U-1B1\"}]}]}<\/script>\n<meta property=\"product:price:amount\" content=\"49.45\" \/>\n<meta property=\"product:price:currency\" content=\"USD\" \/>\n<meta property=\"og:availability\" content=\"instock\" \/>\n<meta property=\"product:availability\" content=\"instock\" \/>\n<meta property=\"product:retailer_item_id\" content=\"445030170603\" \/>\n<meta property=\"product:condition\" content=\"new\" \/>\n<!-- \/ Yoast SEO Premium plugin. -->","yoast_head_json":{"title":"BATERIA COMP TOSHIBA PA3787U-1BRS\/PA3786U-1B1 - tienda de electr\u00f3nica y computaci\u00f3n","robots":{"index":"index","follow":"follow","max-snippet":"max-snippet:-1","max-image-preview":"max-image-preview:large","max-video-preview":"max-video-preview:-1"},"canonical":"https:\/\/comerciallin.com\/index.php\/producto\/bateria-comp-toshiba-pa3787u-1brs-pa3786u-1b1\/","og_locale":"es_ES","og_type":"article","og_title":"BATERIA COMP TOSHIBA PA3787U-1BRS\/PA3786U-1B1","og_description":"Toshiba PA3787U-1BRS PA3788U-1BRS PABAS221 PABAS222 PABAS223","og_url":"https:\/\/comerciallin.com\/index.php\/producto\/bateria-comp-toshiba-pa3787u-1brs-pa3786u-1b1\/","og_site_name":"tienda de electr\u00f3nica y computaci\u00f3n","article_modified_time":"2025-01-14T18:54:42+00:00","twitter_card":"summary_large_image","twitter_image":"https:\/\/i0.wp.com\/comerciallin.com\/wp-content\/uploads\/2023\/02\/445030170603.jpg?fit=%2C&ssl=1","twitter_misc":{"Precio":"&#36;49,45","Availability":"In stock"},"schema":{"@context":"https:\/\/schema.org","@graph":[{"@type":"WebSite","@id":"https:\/\/comerciallin.com\/#website","url":"https:\/\/comerciallin.com\/","name":"tienda de electr\u00f3nica y computaci\u00f3n","description":"Importadora de Electr\u00f3nica y Computaci\u00f3n","potentialAction":[{"@type":"SearchAction","target":{"@type":"EntryPoint","urlTemplate":"https:\/\/comerciallin.com\/?s={search_term_string}"},"query-input":"required name=search_term_string"}],"inLanguage":"es"},{"@type":"ImageObject","@id":"https:\/\/comerciallin.com\/index.php\/producto\/bateria-comp-toshiba-pa3787u-1brs-pa3786u-1b1\/#primaryimage","inLanguage":"es","url":"https:\/\/i0.wp.com\/comerciallin.com\/wp-content\/uploads\/2023\/02\/445030170603.jpg?fit=%2C&ssl=1","contentUrl":"https:\/\/i0.wp.com\/comerciallin.com\/wp-content\/uploads\/2023\/02\/445030170603.jpg?fit=%2C&ssl=1","caption":"BATERIA COMP TOSHIBA PA3787U-1BRS\/PA3786U-1B1"},{"@type":"WebPage","@id":"https:\/\/comerciallin.com\/index.php\/producto\/bateria-comp-toshiba-pa3787u-1brs-pa3786u-1b1\/#webpage","url":"https:\/\/comerciallin.com\/index.php\/producto\/bateria-comp-toshiba-pa3787u-1brs-pa3786u-1b1\/","name":"BATERIA COMP TOSHIBA PA3787U-1BRS\/PA3786U-1B1 - tienda de electr\u00f3nica y computaci\u00f3n","isPartOf":{"@id":"https:\/\/comerciallin.com\/#website"},"primaryImageOfPage":{"@id":"https:\/\/comerciallin.com\/index.php\/producto\/bateria-comp-toshiba-pa3787u-1brs-pa3786u-1b1\/#primaryimage"},"datePublished":"2022-11-07T18:27:12+00:00","dateModified":"2025-01-14T18:54:42+00:00","breadcrumb":{"@id":"https:\/\/comerciallin.com\/index.php\/producto\/bateria-comp-toshiba-pa3787u-1brs-pa3786u-1b1\/#breadcrumb"},"inLanguage":"es","potentialAction":[{"@type":"ReadAction","target":["https:\/\/comerciallin.com\/index.php\/producto\/bateria-comp-toshiba-pa3787u-1brs-pa3786u-1b1\/"]}]},{"@type":"BreadcrumbList","@id":"https:\/\/comerciallin.com\/index.php\/producto\/bateria-comp-toshiba-pa3787u-1brs-pa3786u-1b1\/#breadcrumb","itemListElement":[{"@type":"ListItem","position":1,"name":"Inicio","item":"https:\/\/comerciallin.com\/"},{"@type":"ListItem","position":2,"name":"Shop","item":"https:\/\/comerciallin.com\/?page_id=3853"},{"@type":"ListItem","position":3,"name":"BATERIA COMP TOSHIBA PA3787U-1BRS\/PA3786U-1B1"}]}]},"product_price_amount":"49.45","product_price_currency":"USD","og_availability":"instock","product_availability":"instock","product_retailer_item_id":"445030170603","product_condition":"new"},"jetpack-related-posts":[{"id":19257,"url":"https:\/\/comerciallin.com\/index.php\/producto\/bateria-comp-toshiba-pa5109u-1brs-c855d-c55-c\/","url_meta":{"origin":19112,"position":0},"title":"BATERIA COMP TOSHIBA PA5109U-1BRS\/C855D\/C55\/C","date":"7 de noviembre de 2022","format":false,"excerpt":"Voltaje 10.8 Voltios Peso de la Bater\u00eda 387 Gramos Compatible Devices Laptop, Notebook","rel":"","context":"Entrada similar","img":{"alt_text":"","src":"","width":0,"height":0},"classes":[]},{"id":19128,"url":"https:\/\/comerciallin.com\/index.php\/producto\/bateria-comp-toshiba-pa3780u-pa3780u-1bas-pad\/","url_meta":{"origin":19112,"position":1},"title":"BATERIA COMP TOSHIBA PA3780U\/PA3780U-1BAS\/PAD","date":"7 de noviembre de 2022","format":false,"excerpt":"Voltaje 11.1 Voltios Peso del producto 3 Libras Tipo de celda de bater\u00eda Litio Ion Capacidad 4400 Miliamperios Hora (mAh)","rel":"","context":"Entrada similar","img":{"alt_text":"","src":"","width":0,"height":0},"classes":[]},{"id":19191,"url":"https:\/\/comerciallin.com\/index.php\/producto\/bateria-comp-toshiba-pa3534u-1brs-pa3682u-15\/","url_meta":{"origin":19112,"position":2},"title":"BATERIA COMP TOSHIBA PA3534U-1BRS\/PA3682U-15","date":"7 de noviembre de 2022","format":false,"excerpt":"Voltaje 10.8 Voltios Compatible Devices Laptop Dimensiones del art\u00edculo Largo x Ancho x Altura 10.24 x 3.86 x 1.34 pulgadas","rel":"","context":"Entrada similar","img":{"alt_text":"","src":"","width":0,"height":0},"classes":[]},{"id":19126,"url":"https:\/\/comerciallin.com\/index.php\/producto\/bateria-comp-toshiba-pa3399u-1bas-pa3399u-1b0\/","url_meta":{"origin":19112,"position":3},"title":"BATERIA COMP TOSHIBA PA3399U-1BAS\/PA3399U-1B0","date":"7 de noviembre de 2022","format":false,"excerpt":"Voltaje 10.8 Voltios Tipo de celda de bater\u00eda Litio Ion Capacidad 5200 Miliamperios Hora","rel":"","context":"Entrada similar","img":{"alt_text":"","src":"","width":0,"height":0},"classes":[]},{"id":20852,"url":"https:\/\/comerciallin.com\/index.php\/producto\/bateria-comp-toshiba-3534\/","url_meta":{"origin":19112,"position":4},"title":"BATERIA COMP TOSHIBA 3534","date":"10 de noviembre de 2022","format":false,"excerpt":"Voltaje 10.8 Voltios Compatible Devices Laptop Dimensiones del art\u00edculo Largo x Ancho x Altura 10.24 x 3.86 x 1.34 pulgadas","rel":"","context":"Entrada similar","img":{"alt_text":"","src":"","width":0,"height":0},"classes":[]},{"id":19251,"url":"https:\/\/comerciallin.com\/index.php\/producto\/bateria-comp-toshiba-pa3451u-pa3451u-1bas-pa9\/","url_meta":{"origin":19112,"position":5},"title":"BATERIA COMP TOSHIBA PA3451U\/PA3451U-1BAS\/PA9","date":"7 de noviembre de 2022","format":false,"excerpt":"Voltaje 14.4 Voltios Capacidad 5200 Miliamperios Hora","rel":"","context":"Entrada similar","img":{"alt_text":"","src":"","width":0,"height":0},"classes":[]}],"jetpack_sharing_enabled":true,"jetpack_likes_enabled":true,"_links":{"self":[{"href":"https:\/\/comerciallin.com\/index.php\/wp-json\/wp\/v2\/product\/19112"}],"collection":[{"href":"https:\/\/comerciallin.com\/index.php\/wp-json\/wp\/v2\/product"}],"about":[{"href":"https:\/\/comerciallin.com\/index.php\/wp-json\/wp\/v2\/types\/product"}],"replies":[{"embeddable":true,"href":"https:\/\/comerciallin.com\/index.php\/wp-json\/wp\/v2\/comments?post=19112"}],"wp:featuredmedia":[{"embeddable":true,"href":"https:\/\/comerciallin.com\/index.php\/wp-json\/wp\/v2\/media\/21697"}],"wp:attachment":[{"href":"https:\/\/comerciallin.com\/index.php\/wp-json\/wp\/v2\/media?parent=19112"}],"wp:term":[{"taxonomy":"product_cat","embeddable":true,"href":"https:\/\/comerciallin.com\/index.php\/wp-json\/wp\/v2\/product_cat?post=19112"},{"taxonomy":"product_tag","embeddable":true,"href":"https:\/\/comerciallin.com\/index.php\/wp-json\/wp\/v2\/product_tag?post=19112"}],"curies":[{"name":"wp","href":"https:\/\/api.w.org\/{rel}","templated":true}]}}