{"id":19106,"date":"2022-11-07T13:27:11","date_gmt":"2022-11-07T18:27:11","guid":{"rendered":"https:\/\/comerciallin.com\/index.php\/producto\/bateria-comp-lenovo-3000-c200-n100-42t4516\/"},"modified":"2025-01-14T13:54:38","modified_gmt":"2025-01-14T18:54:38","slug":"bateria-comp-lenovo-3000-c200-n100-42t4516","status":"publish","type":"product","link":"https:\/\/comerciallin.com\/index.php\/producto\/bateria-comp-lenovo-3000-c200-n100-42t4516\/","title":{"rendered":"BATERIA COMP LENOVO 3000\/ C200\/ N100\/ 42T4516"},"content":{"rendered":"<p><strong>Compatible LENOVO<\/strong> 3000 C200 8922, 3000 N100 0689, 3000 N100 Series, 3000 C200 Series, 3000 N100 0768, 3000 N20, 03000 n100 0769, 3000 N200 0769, 3000 N200 (15.4&#8243; widescreen)<\/p>\n<p><strong>Battery Ratings:<\/strong> li-ion, 10.8V, 4000mah, 6 Cell Kindly match carefully battery image, battery part number (p\/n) and laptop model, before purchase.<\/p>\n<p><strong>Compatible battery part numbers (p\/ns)<\/strong>: LENOVO 40Y8315, 40Y8317, 40Y8322, 92P1183, ASM 42T5213, ASM 42T5217, ASM 92P1185, FRU 42T4514, FRU 42T4516, FRU 42T5212, FRU 42T5216, FRU 42T5252, FRU 42T5256, FRU 92P1184, FRU 92P1186<\/p>\n","protected":false},"excerpt":{"rendered":"<p>Para Lenovo FRU 42T4516<\/p>\n","protected":false},"featured_media":21672,"comment_status":"open","ping_status":"closed","template":"","meta":{"spay_email":""},"product_cat":[795],"product_tag":[],"supplier_id":null,"supplier_sku":"","barcode":null,"atum_controlled":true,"out_stock_date":null,"out_stock_threshold":null,"inheritable":false,"inbound_stock":null,"stock_on_hold":0,"sold_today":0,"sales_last_days":0,"reserved_stock":null,"customer_returns":null,"warehouse_damage":null,"lost_in_post":null,"other_logs":null,"out_stock_days":0,"lost_sales":0,"has_location":null,"update_date":"2026-04-30T00:11:45","atum_locations":[],"atum_stock_status":"instock","restock_status":false,"low_stock_amount":"","sales_update_date":"2026-04-30T00:11:45","calc_backorders":null,"acf":[],"yoast_head":"<!-- This site is optimized with the Yoast SEO Premium plugin v17.4 (Yoast SEO v17.4) - https:\/\/yoast.com\/wordpress\/plugins\/seo\/ -->\n<title>BATERIA COMP LENOVO 3000\/ C200\/ N100\/ 42T4516 - tienda de electr\u00f3nica y computaci\u00f3n<\/title>\n<meta name=\"robots\" content=\"index, follow, max-snippet:-1, max-image-preview:large, max-video-preview:-1\" \/>\n<link rel=\"canonical\" href=\"https:\/\/comerciallin.com\/index.php\/producto\/bateria-comp-lenovo-3000-c200-n100-42t4516\/\" \/>\n<meta property=\"og:locale\" content=\"es_ES\" \/>\n<meta property=\"og:type\" content=\"article\" \/>\n<meta property=\"og:title\" content=\"BATERIA COMP LENOVO 3000\/ C200\/ N100\/ 42T4516\" \/>\n<meta property=\"og:description\" content=\"Para Lenovo FRU 42T4516\" \/>\n<meta property=\"og:url\" content=\"https:\/\/comerciallin.com\/index.php\/producto\/bateria-comp-lenovo-3000-c200-n100-42t4516\/\" \/>\n<meta property=\"og:site_name\" content=\"tienda de electr\u00f3nica y computaci\u00f3n\" \/>\n<meta property=\"article:modified_time\" content=\"2025-01-14T18:54:38+00:00\" \/>\n<meta name=\"twitter:card\" content=\"summary_large_image\" \/>\n<meta name=\"twitter:image\" content=\"https:\/\/i0.wp.com\/comerciallin.com\/wp-content\/uploads\/2023\/02\/4451702037.jpg?fit=%2C&amp;ssl=1\" \/>\n<meta name=\"twitter:label1\" content=\"Precio\" \/>\n\t<meta name=\"twitter:data1\" content=\"&#36;44,85\" \/>\n\t<meta name=\"twitter:label2\" content=\"Availability\" \/>\n\t<meta name=\"twitter:data2\" content=\"In stock\" \/>\n<script type=\"application\/ld+json\" class=\"yoast-schema-graph\">{\"@context\":\"https:\/\/schema.org\",\"@graph\":[{\"@type\":\"WebSite\",\"@id\":\"https:\/\/comerciallin.com\/#website\",\"url\":\"https:\/\/comerciallin.com\/\",\"name\":\"tienda de electr\\u00f3nica y computaci\\u00f3n\",\"description\":\"Importadora de Electr\\u00f3nica y Computaci\\u00f3n\",\"potentialAction\":[{\"@type\":\"SearchAction\",\"target\":{\"@type\":\"EntryPoint\",\"urlTemplate\":\"https:\/\/comerciallin.com\/?s={search_term_string}\"},\"query-input\":\"required name=search_term_string\"}],\"inLanguage\":\"es\"},{\"@type\":\"ImageObject\",\"@id\":\"https:\/\/comerciallin.com\/index.php\/producto\/bateria-comp-lenovo-3000-c200-n100-42t4516\/#primaryimage\",\"inLanguage\":\"es\",\"url\":\"https:\/\/i0.wp.com\/comerciallin.com\/wp-content\/uploads\/2023\/02\/4451702037.jpg?fit=%2C&ssl=1\",\"contentUrl\":\"https:\/\/i0.wp.com\/comerciallin.com\/wp-content\/uploads\/2023\/02\/4451702037.jpg?fit=%2C&ssl=1\",\"caption\":\"BATERIA COMP LENOVO 3000\/ C200\/ N100\/ 42T4516\"},{\"@type\":\"WebPage\",\"@id\":\"https:\/\/comerciallin.com\/index.php\/producto\/bateria-comp-lenovo-3000-c200-n100-42t4516\/#webpage\",\"url\":\"https:\/\/comerciallin.com\/index.php\/producto\/bateria-comp-lenovo-3000-c200-n100-42t4516\/\",\"name\":\"BATERIA COMP LENOVO 3000\/ C200\/ N100\/ 42T4516 - tienda de electr\\u00f3nica y computaci\\u00f3n\",\"isPartOf\":{\"@id\":\"https:\/\/comerciallin.com\/#website\"},\"primaryImageOfPage\":{\"@id\":\"https:\/\/comerciallin.com\/index.php\/producto\/bateria-comp-lenovo-3000-c200-n100-42t4516\/#primaryimage\"},\"datePublished\":\"2022-11-07T18:27:11+00:00\",\"dateModified\":\"2025-01-14T18:54:38+00:00\",\"breadcrumb\":{\"@id\":\"https:\/\/comerciallin.com\/index.php\/producto\/bateria-comp-lenovo-3000-c200-n100-42t4516\/#breadcrumb\"},\"inLanguage\":\"es\",\"potentialAction\":[{\"@type\":\"ReadAction\",\"target\":[\"https:\/\/comerciallin.com\/index.php\/producto\/bateria-comp-lenovo-3000-c200-n100-42t4516\/\"]}]},{\"@type\":\"BreadcrumbList\",\"@id\":\"https:\/\/comerciallin.com\/index.php\/producto\/bateria-comp-lenovo-3000-c200-n100-42t4516\/#breadcrumb\",\"itemListElement\":[{\"@type\":\"ListItem\",\"position\":1,\"name\":\"Inicio\",\"item\":\"https:\/\/comerciallin.com\/\"},{\"@type\":\"ListItem\",\"position\":2,\"name\":\"Shop\",\"item\":\"https:\/\/comerciallin.com\/?page_id=3853\"},{\"@type\":\"ListItem\",\"position\":3,\"name\":\"BATERIA COMP LENOVO 3000\/ C200\/ N100\/ 42T4516\"}]}]}<\/script>\n<meta property=\"product:price:amount\" content=\"44.85\" \/>\n<meta property=\"product:price:currency\" content=\"USD\" \/>\n<meta property=\"og:availability\" content=\"instock\" \/>\n<meta property=\"product:availability\" content=\"instock\" \/>\n<meta property=\"product:retailer_item_id\" content=\"4451702037\" \/>\n<meta property=\"product:condition\" content=\"new\" \/>\n<!-- \/ Yoast SEO Premium plugin. -->","yoast_head_json":{"title":"BATERIA COMP LENOVO 3000\/ C200\/ N100\/ 42T4516 - tienda de electr\u00f3nica y computaci\u00f3n","robots":{"index":"index","follow":"follow","max-snippet":"max-snippet:-1","max-image-preview":"max-image-preview:large","max-video-preview":"max-video-preview:-1"},"canonical":"https:\/\/comerciallin.com\/index.php\/producto\/bateria-comp-lenovo-3000-c200-n100-42t4516\/","og_locale":"es_ES","og_type":"article","og_title":"BATERIA COMP LENOVO 3000\/ C200\/ N100\/ 42T4516","og_description":"Para Lenovo FRU 42T4516","og_url":"https:\/\/comerciallin.com\/index.php\/producto\/bateria-comp-lenovo-3000-c200-n100-42t4516\/","og_site_name":"tienda de electr\u00f3nica y computaci\u00f3n","article_modified_time":"2025-01-14T18:54:38+00:00","twitter_card":"summary_large_image","twitter_image":"https:\/\/i0.wp.com\/comerciallin.com\/wp-content\/uploads\/2023\/02\/4451702037.jpg?fit=%2C&ssl=1","twitter_misc":{"Precio":"&#36;44,85","Availability":"In stock"},"schema":{"@context":"https:\/\/schema.org","@graph":[{"@type":"WebSite","@id":"https:\/\/comerciallin.com\/#website","url":"https:\/\/comerciallin.com\/","name":"tienda de electr\u00f3nica y computaci\u00f3n","description":"Importadora de Electr\u00f3nica y Computaci\u00f3n","potentialAction":[{"@type":"SearchAction","target":{"@type":"EntryPoint","urlTemplate":"https:\/\/comerciallin.com\/?s={search_term_string}"},"query-input":"required name=search_term_string"}],"inLanguage":"es"},{"@type":"ImageObject","@id":"https:\/\/comerciallin.com\/index.php\/producto\/bateria-comp-lenovo-3000-c200-n100-42t4516\/#primaryimage","inLanguage":"es","url":"https:\/\/i0.wp.com\/comerciallin.com\/wp-content\/uploads\/2023\/02\/4451702037.jpg?fit=%2C&ssl=1","contentUrl":"https:\/\/i0.wp.com\/comerciallin.com\/wp-content\/uploads\/2023\/02\/4451702037.jpg?fit=%2C&ssl=1","caption":"BATERIA COMP LENOVO 3000\/ C200\/ N100\/ 42T4516"},{"@type":"WebPage","@id":"https:\/\/comerciallin.com\/index.php\/producto\/bateria-comp-lenovo-3000-c200-n100-42t4516\/#webpage","url":"https:\/\/comerciallin.com\/index.php\/producto\/bateria-comp-lenovo-3000-c200-n100-42t4516\/","name":"BATERIA COMP LENOVO 3000\/ C200\/ N100\/ 42T4516 - tienda de electr\u00f3nica y computaci\u00f3n","isPartOf":{"@id":"https:\/\/comerciallin.com\/#website"},"primaryImageOfPage":{"@id":"https:\/\/comerciallin.com\/index.php\/producto\/bateria-comp-lenovo-3000-c200-n100-42t4516\/#primaryimage"},"datePublished":"2022-11-07T18:27:11+00:00","dateModified":"2025-01-14T18:54:38+00:00","breadcrumb":{"@id":"https:\/\/comerciallin.com\/index.php\/producto\/bateria-comp-lenovo-3000-c200-n100-42t4516\/#breadcrumb"},"inLanguage":"es","potentialAction":[{"@type":"ReadAction","target":["https:\/\/comerciallin.com\/index.php\/producto\/bateria-comp-lenovo-3000-c200-n100-42t4516\/"]}]},{"@type":"BreadcrumbList","@id":"https:\/\/comerciallin.com\/index.php\/producto\/bateria-comp-lenovo-3000-c200-n100-42t4516\/#breadcrumb","itemListElement":[{"@type":"ListItem","position":1,"name":"Inicio","item":"https:\/\/comerciallin.com\/"},{"@type":"ListItem","position":2,"name":"Shop","item":"https:\/\/comerciallin.com\/?page_id=3853"},{"@type":"ListItem","position":3,"name":"BATERIA COMP LENOVO 3000\/ C200\/ N100\/ 42T4516"}]}]},"product_price_amount":"44.85","product_price_currency":"USD","og_availability":"instock","product_availability":"instock","product_retailer_item_id":"4451702037","product_condition":"new"},"jetpack-related-posts":[{"id":18686,"url":"https:\/\/comerciallin.com\/index.php\/producto\/bateria-comp-lenovo-x220-x220i-0a36281-0a31\/","url_meta":{"origin":19106,"position":0},"title":"BATERIA COMP LENOVO X220 X220I\/ 0A36281\/ 0A31","date":"7 de noviembre de 2022","format":false,"excerpt":"Compatible Devices Laptop Battery Capacity 4000 Milliamp Hours Battery Cell Composition Lithium Ion Manufacturer Techie","rel":"","context":"Entrada similar","img":{"alt_text":"","src":"","width":0,"height":0},"classes":[]},{"id":18998,"url":"https:\/\/comerciallin.com\/index.php\/producto\/teclado-p-lapto-comp-dell-15-3000\/","url_meta":{"origin":19106,"position":1},"title":"TECLADO P. LAPTO COMP DELL 15-3000","date":"7 de noviembre de 2022","format":false,"excerpt":"DELL Inspiron 15-3000 5542 5543 5545 5547 5548","rel":"","context":"Entrada similar","img":{"alt_text":"","src":"","width":0,"height":0},"classes":[]},{"id":19004,"url":"https:\/\/comerciallin.com\/index.php\/producto\/teclado-p-lapto-comp-dell-15-3000-2\/","url_meta":{"origin":19106,"position":2},"title":"TECLADO P. LAPTO COMP DELL 15-3000","date":"7 de noviembre de 2022","format":false,"excerpt":"DELL Inspiron 15-3000 5542 5543 5545 5547 5548","rel":"","context":"Entrada similar","img":{"alt_text":"","src":"","width":0,"height":0},"classes":[]},{"id":19100,"url":"https:\/\/comerciallin.com\/index.php\/producto\/bateria-comp-hp-dm1-3000-626869-321-626869-8b\/","url_meta":{"origin":19106,"position":3},"title":"BATERIA COMP HP DM1-3000\/626869-321\/626869-8B","date":"7 de noviembre de 2022","format":false,"excerpt":"Voltaje 11.1 Voltios Compatible Devices Laptop, Notebook Dimensiones del art\u00edculo Largo x Ancho x Altura 8.07 x 2.43 x 0.93 pulgadas","rel":"","context":"Entrada similar","img":{"alt_text":"","src":"","width":0,"height":0},"classes":[]},{"id":19108,"url":"https:\/\/comerciallin.com\/index.php\/producto\/bateria-comp-lenovo-s10-2-l09s6y11-l09c3b11-6\/","url_meta":{"origin":19106,"position":4},"title":"BATERIA COMP LENOVO S10-2\/L09S6Y11\/L09C3B11\/6","date":"7 de noviembre de 2022","format":false,"excerpt":"Capacidad: 5200 mAh. Tipo: iones de litio. Voltaje: 11,1 V. Dimensiones: 7.972 x 1.575 x 1.614\u00a0in.","rel":"","context":"Entrada similar","img":{"alt_text":"","src":"","width":0,"height":0},"classes":[]},{"id":19209,"url":"https:\/\/comerciallin.com\/index.php\/producto\/bateria-comp-lenovo-b50-70-b40-70-b50-30-b501\/","url_meta":{"origin":19106,"position":5},"title":"BATERIA COMP LENOVO B50-70\/B40-70\/B50-30\/B501","date":"7 de noviembre de 2022","format":false,"excerpt":"Voltage 14.4 Volts Compatible Devices Laptop Capacity 2200 Milliamp Hours","rel":"","context":"Entrada similar","img":{"alt_text":"","src":"","width":0,"height":0},"classes":[]}],"jetpack_sharing_enabled":true,"jetpack_likes_enabled":true,"_links":{"self":[{"href":"https:\/\/comerciallin.com\/index.php\/wp-json\/wp\/v2\/product\/19106"}],"collection":[{"href":"https:\/\/comerciallin.com\/index.php\/wp-json\/wp\/v2\/product"}],"about":[{"href":"https:\/\/comerciallin.com\/index.php\/wp-json\/wp\/v2\/types\/product"}],"replies":[{"embeddable":true,"href":"https:\/\/comerciallin.com\/index.php\/wp-json\/wp\/v2\/comments?post=19106"}],"wp:featuredmedia":[{"embeddable":true,"href":"https:\/\/comerciallin.com\/index.php\/wp-json\/wp\/v2\/media\/21672"}],"wp:attachment":[{"href":"https:\/\/comerciallin.com\/index.php\/wp-json\/wp\/v2\/media?parent=19106"}],"wp:term":[{"taxonomy":"product_cat","embeddable":true,"href":"https:\/\/comerciallin.com\/index.php\/wp-json\/wp\/v2\/product_cat?post=19106"},{"taxonomy":"product_tag","embeddable":true,"href":"https:\/\/comerciallin.com\/index.php\/wp-json\/wp\/v2\/product_tag?post=19106"}],"curies":[{"name":"wp","href":"https:\/\/api.w.org\/{rel}","templated":true}]}}