{"id":19098,"date":"2022-11-07T13:27:09","date_gmt":"2022-11-07T18:27:09","guid":{"rendered":"https:\/\/comerciallin.com\/index.php\/producto\/bateria-comp-hp-6535b-6730b-6530b-6735b-6930c\/"},"modified":"2025-01-14T13:54:31","modified_gmt":"2025-01-14T18:54:31","slug":"bateria-comp-hp-6535b-6730b-6530b-6735b-6930c","status":"publish","type":"product","link":"https:\/\/comerciallin.com\/index.php\/producto\/bateria-comp-hp-6535b-6730b-6530b-6735b-6930c\/","title":{"rendered":"BATERIA COMP HP 6535B\/6730B\/6530B\/6735B\/6930C"},"content":{"rendered":"<ul>\n<li>HSTN44B69 &#8211; Bater&iacute;a de alta capacidad para HP Elite8440P 8440W ProBook 6450B 6455B 6540B 6545B 6550B 6555B 6930p 8440p 8440w 458640-542 6440b KU531AA TD06 TD06055 HP Compaq 6535b 6530b 6730b 6930p KU531AA 6700b 6500b HP STNN-XHSTB69<\/li>\n<li>Compatible P\/N: 458640-542 482962-001 484786-001 HSTNN-144C-A HSTNN-144C-B HSTNN-145C-A HSTNN-145C-B HSTNN-C66C-4 HSTNN-C66C-5 HSTNN-C67C-4 HSTNN-C67C-5 HSTNNN-C68C<\/li>\n<\/ul>\n","protected":false},"excerpt":{"rendered":"<p><strong>Tipo de bater&iacute;a:<\/strong> Li-ion<br \/><strong>Celdas:<\/strong> 6 celdas<br \/><strong>Capacidad:<\/strong> 5200 MAH<br \/><strong>Voltaje:<\/strong> 11,1 V<\/p>\n","protected":false},"featured_media":21638,"comment_status":"open","ping_status":"closed","template":"","meta":{"spay_email":""},"product_cat":[794],"product_tag":[],"supplier_id":null,"supplier_sku":"","barcode":null,"atum_controlled":true,"out_stock_date":null,"out_stock_threshold":null,"inheritable":false,"inbound_stock":null,"stock_on_hold":0,"sold_today":0,"sales_last_days":0,"reserved_stock":null,"customer_returns":null,"warehouse_damage":null,"lost_in_post":null,"other_logs":null,"out_stock_days":0,"lost_sales":0,"has_location":null,"update_date":"2026-04-20T00:02:15","atum_locations":[],"atum_stock_status":"instock","restock_status":false,"low_stock_amount":"","sales_update_date":"2026-04-20T00:02:15","calc_backorders":null,"acf":[],"yoast_head":"<!-- This site is optimized with the Yoast SEO Premium plugin v17.4 (Yoast SEO v17.4) - https:\/\/yoast.com\/wordpress\/plugins\/seo\/ -->\n<title>BATERIA COMP HP 6535B\/6730B\/6530B\/6735B\/6930C - tienda de electr\u00f3nica y computaci\u00f3n<\/title>\n<meta name=\"robots\" content=\"index, follow, max-snippet:-1, max-image-preview:large, max-video-preview:-1\" \/>\n<link rel=\"canonical\" href=\"https:\/\/comerciallin.com\/index.php\/producto\/bateria-comp-hp-6535b-6730b-6530b-6735b-6930c\/\" \/>\n<meta property=\"og:locale\" content=\"es_ES\" \/>\n<meta property=\"og:type\" content=\"article\" \/>\n<meta property=\"og:title\" content=\"BATERIA COMP HP 6535B\/6730B\/6530B\/6735B\/6930C\" \/>\n<meta property=\"og:description\" content=\"Tipo de bater&iacute;a: Li-ionCeldas: 6 celdasCapacidad: 5200 MAHVoltaje: 11,1 V\" \/>\n<meta property=\"og:url\" content=\"https:\/\/comerciallin.com\/index.php\/producto\/bateria-comp-hp-6535b-6730b-6530b-6735b-6930c\/\" \/>\n<meta property=\"og:site_name\" content=\"tienda de electr\u00f3nica y computaci\u00f3n\" \/>\n<meta property=\"article:modified_time\" content=\"2025-01-14T18:54:31+00:00\" \/>\n<meta name=\"twitter:card\" content=\"summary_large_image\" \/>\n<meta name=\"twitter:image\" content=\"https:\/\/i0.wp.com\/comerciallin.com\/wp-content\/uploads\/2023\/02\/537030190807.jpg?fit=%2C&amp;ssl=1\" \/>\n<meta name=\"twitter:label1\" content=\"Precio\" \/>\n\t<meta name=\"twitter:data1\" content=\"&#36;57,50\" \/>\n\t<meta name=\"twitter:label2\" content=\"Availability\" \/>\n\t<meta name=\"twitter:data2\" content=\"In stock\" \/>\n<script type=\"application\/ld+json\" class=\"yoast-schema-graph\">{\"@context\":\"https:\/\/schema.org\",\"@graph\":[{\"@type\":\"WebSite\",\"@id\":\"https:\/\/comerciallin.com\/#website\",\"url\":\"https:\/\/comerciallin.com\/\",\"name\":\"tienda de electr\\u00f3nica y computaci\\u00f3n\",\"description\":\"Importadora de Electr\\u00f3nica y Computaci\\u00f3n\",\"potentialAction\":[{\"@type\":\"SearchAction\",\"target\":{\"@type\":\"EntryPoint\",\"urlTemplate\":\"https:\/\/comerciallin.com\/?s={search_term_string}\"},\"query-input\":\"required name=search_term_string\"}],\"inLanguage\":\"es\"},{\"@type\":\"ImageObject\",\"@id\":\"https:\/\/comerciallin.com\/index.php\/producto\/bateria-comp-hp-6535b-6730b-6530b-6735b-6930c\/#primaryimage\",\"inLanguage\":\"es\",\"url\":\"https:\/\/i0.wp.com\/comerciallin.com\/wp-content\/uploads\/2023\/02\/537030190807.jpg?fit=%2C&ssl=1\",\"contentUrl\":\"https:\/\/i0.wp.com\/comerciallin.com\/wp-content\/uploads\/2023\/02\/537030190807.jpg?fit=%2C&ssl=1\",\"caption\":\"BATERIA COMP HP 6535B\/6730B\/6530B\/6735B\/6930C\"},{\"@type\":\"WebPage\",\"@id\":\"https:\/\/comerciallin.com\/index.php\/producto\/bateria-comp-hp-6535b-6730b-6530b-6735b-6930c\/#webpage\",\"url\":\"https:\/\/comerciallin.com\/index.php\/producto\/bateria-comp-hp-6535b-6730b-6530b-6735b-6930c\/\",\"name\":\"BATERIA COMP HP 6535B\/6730B\/6530B\/6735B\/6930C - tienda de electr\\u00f3nica y computaci\\u00f3n\",\"isPartOf\":{\"@id\":\"https:\/\/comerciallin.com\/#website\"},\"primaryImageOfPage\":{\"@id\":\"https:\/\/comerciallin.com\/index.php\/producto\/bateria-comp-hp-6535b-6730b-6530b-6735b-6930c\/#primaryimage\"},\"datePublished\":\"2022-11-07T18:27:09+00:00\",\"dateModified\":\"2025-01-14T18:54:31+00:00\",\"breadcrumb\":{\"@id\":\"https:\/\/comerciallin.com\/index.php\/producto\/bateria-comp-hp-6535b-6730b-6530b-6735b-6930c\/#breadcrumb\"},\"inLanguage\":\"es\",\"potentialAction\":[{\"@type\":\"ReadAction\",\"target\":[\"https:\/\/comerciallin.com\/index.php\/producto\/bateria-comp-hp-6535b-6730b-6530b-6735b-6930c\/\"]}]},{\"@type\":\"BreadcrumbList\",\"@id\":\"https:\/\/comerciallin.com\/index.php\/producto\/bateria-comp-hp-6535b-6730b-6530b-6735b-6930c\/#breadcrumb\",\"itemListElement\":[{\"@type\":\"ListItem\",\"position\":1,\"name\":\"Inicio\",\"item\":\"https:\/\/comerciallin.com\/\"},{\"@type\":\"ListItem\",\"position\":2,\"name\":\"Shop\",\"item\":\"https:\/\/comerciallin.com\/?page_id=3853\"},{\"@type\":\"ListItem\",\"position\":3,\"name\":\"BATERIA COMP HP 6535B\/6730B\/6530B\/6735B\/6930C\"}]}]}<\/script>\n<meta property=\"product:price:amount\" content=\"57.50\" \/>\n<meta property=\"product:price:currency\" content=\"USD\" \/>\n<meta property=\"og:availability\" content=\"instock\" \/>\n<meta property=\"product:availability\" content=\"instock\" \/>\n<meta property=\"product:retailer_item_id\" content=\"537030190807\" \/>\n<meta property=\"product:condition\" content=\"new\" \/>\n<!-- \/ Yoast SEO Premium plugin. -->","yoast_head_json":{"title":"BATERIA COMP HP 6535B\/6730B\/6530B\/6735B\/6930C - tienda de electr\u00f3nica y computaci\u00f3n","robots":{"index":"index","follow":"follow","max-snippet":"max-snippet:-1","max-image-preview":"max-image-preview:large","max-video-preview":"max-video-preview:-1"},"canonical":"https:\/\/comerciallin.com\/index.php\/producto\/bateria-comp-hp-6535b-6730b-6530b-6735b-6930c\/","og_locale":"es_ES","og_type":"article","og_title":"BATERIA COMP HP 6535B\/6730B\/6530B\/6735B\/6930C","og_description":"Tipo de bater&iacute;a: Li-ionCeldas: 6 celdasCapacidad: 5200 MAHVoltaje: 11,1 V","og_url":"https:\/\/comerciallin.com\/index.php\/producto\/bateria-comp-hp-6535b-6730b-6530b-6735b-6930c\/","og_site_name":"tienda de electr\u00f3nica y computaci\u00f3n","article_modified_time":"2025-01-14T18:54:31+00:00","twitter_card":"summary_large_image","twitter_image":"https:\/\/i0.wp.com\/comerciallin.com\/wp-content\/uploads\/2023\/02\/537030190807.jpg?fit=%2C&ssl=1","twitter_misc":{"Precio":"&#36;57,50","Availability":"In stock"},"schema":{"@context":"https:\/\/schema.org","@graph":[{"@type":"WebSite","@id":"https:\/\/comerciallin.com\/#website","url":"https:\/\/comerciallin.com\/","name":"tienda de electr\u00f3nica y computaci\u00f3n","description":"Importadora de Electr\u00f3nica y Computaci\u00f3n","potentialAction":[{"@type":"SearchAction","target":{"@type":"EntryPoint","urlTemplate":"https:\/\/comerciallin.com\/?s={search_term_string}"},"query-input":"required name=search_term_string"}],"inLanguage":"es"},{"@type":"ImageObject","@id":"https:\/\/comerciallin.com\/index.php\/producto\/bateria-comp-hp-6535b-6730b-6530b-6735b-6930c\/#primaryimage","inLanguage":"es","url":"https:\/\/i0.wp.com\/comerciallin.com\/wp-content\/uploads\/2023\/02\/537030190807.jpg?fit=%2C&ssl=1","contentUrl":"https:\/\/i0.wp.com\/comerciallin.com\/wp-content\/uploads\/2023\/02\/537030190807.jpg?fit=%2C&ssl=1","caption":"BATERIA COMP HP 6535B\/6730B\/6530B\/6735B\/6930C"},{"@type":"WebPage","@id":"https:\/\/comerciallin.com\/index.php\/producto\/bateria-comp-hp-6535b-6730b-6530b-6735b-6930c\/#webpage","url":"https:\/\/comerciallin.com\/index.php\/producto\/bateria-comp-hp-6535b-6730b-6530b-6735b-6930c\/","name":"BATERIA COMP HP 6535B\/6730B\/6530B\/6735B\/6930C - tienda de electr\u00f3nica y computaci\u00f3n","isPartOf":{"@id":"https:\/\/comerciallin.com\/#website"},"primaryImageOfPage":{"@id":"https:\/\/comerciallin.com\/index.php\/producto\/bateria-comp-hp-6535b-6730b-6530b-6735b-6930c\/#primaryimage"},"datePublished":"2022-11-07T18:27:09+00:00","dateModified":"2025-01-14T18:54:31+00:00","breadcrumb":{"@id":"https:\/\/comerciallin.com\/index.php\/producto\/bateria-comp-hp-6535b-6730b-6530b-6735b-6930c\/#breadcrumb"},"inLanguage":"es","potentialAction":[{"@type":"ReadAction","target":["https:\/\/comerciallin.com\/index.php\/producto\/bateria-comp-hp-6535b-6730b-6530b-6735b-6930c\/"]}]},{"@type":"BreadcrumbList","@id":"https:\/\/comerciallin.com\/index.php\/producto\/bateria-comp-hp-6535b-6730b-6530b-6735b-6930c\/#breadcrumb","itemListElement":[{"@type":"ListItem","position":1,"name":"Inicio","item":"https:\/\/comerciallin.com\/"},{"@type":"ListItem","position":2,"name":"Shop","item":"https:\/\/comerciallin.com\/?page_id=3853"},{"@type":"ListItem","position":3,"name":"BATERIA COMP HP 6535B\/6730B\/6530B\/6735B\/6930C"}]}]},"product_price_amount":"57.50","product_price_currency":"USD","og_availability":"instock","product_availability":"instock","product_retailer_item_id":"537030190807","product_condition":"new"},"jetpack-related-posts":[{"id":19140,"url":"https:\/\/comerciallin.com\/index.php\/producto\/bateria-comp-hp-6720s-6530s-6531s-6535s-6730s\/","url_meta":{"origin":19098,"position":0},"title":"BATERIA COMP HP 6720S\/6530S\/6531S\/6535S\/6730S","date":"7 de noviembre de 2022","format":false,"excerpt":"Battery type: Li-ion \u00a0Voltage: 11.1 \u00a0Capacity: 4400 mAH","rel":"","context":"Entrada similar","img":{"alt_text":"","src":"","width":0,"height":0},"classes":[]},{"id":19122,"url":"https:\/\/comerciallin.com\/index.php\/producto\/bateria-comp-hp-8560w-8760w-hstnn-f10c-hstnn\/","url_meta":{"origin":19098,"position":1},"title":"BATERIA COMP HP 8560W\/8760W\/HSTNN-F10C\/HSTNN-","date":"7 de noviembre de 2022","format":false,"excerpt":"Tipo de bater\u00eda: iones de litio | color: negro Voltaje: 14,80\u00a0V | velocidad: 65.00\u00a0Wh Capacidad: 4400\u00a0mAh | No. de celdas: 8 N\u00famero de parte compatibles: 632113\u00a0\u2013\u00a0151, 632425\u00a0\u2013\u00a0001, 632427\u00a0\u2013\u00a0001, hstnn-f10\u00a0C, hstnn-i93\u00a0C, hstnn-ib2p, hstnn-lb2p, qk641aa, vh08, vh08\u00a0x L","rel":"","context":"Entrada similar","img":{"alt_text":"","src":"","width":0,"height":0},"classes":[]},{"id":19729,"url":"https:\/\/comerciallin.com\/index.php\/producto\/bateria-comp-hp-cq42-dm4-cq32\/","url_meta":{"origin":19098,"position":2},"title":"BATERIA COMP HP CQ42\/DM4\/CQ32\/","date":"8 de noviembre de 2022","format":false,"excerpt":"Pilas 1 Iones de litio necesaria(s), incluida(s) Marca OMCreate Voltaje 11.1 Voltios Peso de la Bater\u00eda 300 Gramos Tipo de celda de bater\u00eda Litio Ion","rel":"","context":"Entrada similar","img":{"alt_text":"","src":"","width":0,"height":0},"classes":[]},{"id":19175,"url":"https:\/\/comerciallin.com\/index.php\/producto\/bateria-comp-hp-ed03-210-2000-hstnn-cb1z-hstx\/","url_meta":{"origin":19098,"position":3},"title":"BATERIA COMP HP ED03\/210-2000\/HSTNN-CB1Z\/HSTX","date":"7 de noviembre de 2022","format":false,"excerpt":"Capacidad: 5200mAh\/57,7WhVoltage: 11,1VMarca de bater\u00eda: Li-Ion","rel":"","context":"Entrada similar","img":{"alt_text":"BATERIA COMP HP ED03\/210-2000\/HSTNN-CB1Z\/HSTX","src":"https:\/\/i0.wp.com\/comerciallin.com\/wp-content\/uploads\/2023\/02\/4451607304.jpg?fit=992%2C744&ssl=1&resize=350%2C200","width":350,"height":200},"classes":[]},{"id":19247,"url":"https:\/\/comerciallin.com\/index.php\/producto\/bateria-comp-hp-dm1-1000-hstnn-cq44c-hstnn-in-5\/","url_meta":{"origin":19098,"position":4},"title":"BATERIA COMP HP DM1-1000\/HSTNN-CQ44C\/HSTNN-IN","date":"7 de noviembre de 2022","format":false,"excerpt":"Voltaje 10.8 Voltios Compatible Devices Laptop Tipo de celda de bater\u00eda Litio Ion Capacidad 4400 Miliamperios\u00a0","rel":"","context":"Entrada similar","img":{"alt_text":"BATERIA COMP HP DM1-1000\/HSTNN-CQ44C\/HSTNN-IN","src":"https:\/\/i0.wp.com\/comerciallin.com\/wp-content\/uploads\/2023\/02\/212450332.jpg?fit=992%2C744&ssl=1&resize=350%2C200","width":350,"height":200},"classes":[]},{"id":19044,"url":"https:\/\/comerciallin.com\/index.php\/producto\/bateria-comp-hp-oa03-oa04-hstnn-lb5y-hstnn-l5\/","url_meta":{"origin":19098,"position":5},"title":"BATERIA COMP HP OA03\/OA04\/HSTNN-LB5Y\/HSTNN-L5","date":"7 de noviembre de 2022","format":false,"excerpt":"Tipo de bater\u00eda: Li-ion Capacidad: 2200\u00a0mAh Celdas: 4\u00a0celdas Voltaje: 14.8\u00a0V.","rel":"","context":"Entrada similar","img":{"alt_text":"","src":"","width":0,"height":0},"classes":[]}],"jetpack_sharing_enabled":true,"jetpack_likes_enabled":true,"_links":{"self":[{"href":"https:\/\/comerciallin.com\/index.php\/wp-json\/wp\/v2\/product\/19098"}],"collection":[{"href":"https:\/\/comerciallin.com\/index.php\/wp-json\/wp\/v2\/product"}],"about":[{"href":"https:\/\/comerciallin.com\/index.php\/wp-json\/wp\/v2\/types\/product"}],"replies":[{"embeddable":true,"href":"https:\/\/comerciallin.com\/index.php\/wp-json\/wp\/v2\/comments?post=19098"}],"wp:featuredmedia":[{"embeddable":true,"href":"https:\/\/comerciallin.com\/index.php\/wp-json\/wp\/v2\/media\/21638"}],"wp:attachment":[{"href":"https:\/\/comerciallin.com\/index.php\/wp-json\/wp\/v2\/media?parent=19098"}],"wp:term":[{"taxonomy":"product_cat","embeddable":true,"href":"https:\/\/comerciallin.com\/index.php\/wp-json\/wp\/v2\/product_cat?post=19098"},{"taxonomy":"product_tag","embeddable":true,"href":"https:\/\/comerciallin.com\/index.php\/wp-json\/wp\/v2\/product_tag?post=19098"}],"curies":[{"name":"wp","href":"https:\/\/api.w.org\/{rel}","templated":true}]}}