{"id":19096,"date":"2022-11-07T13:27:09","date_gmt":"2022-11-07T18:27:09","guid":{"rendered":"https:\/\/comerciallin.com\/index.php\/producto\/bateria-comp-hp-4320s-4320t-4321s-4325s\/"},"modified":"2025-01-14T13:54:30","modified_gmt":"2025-01-14T18:54:30","slug":"bateria-comp-hp-4320s-4320t-4321s-4325s","status":"publish","type":"product","link":"https:\/\/comerciallin.com\/index.php\/producto\/bateria-comp-hp-4320s-4320t-4321s-4325s\/","title":{"rendered":"BATERIA COMP HP 4320S\/ 4320T\/ 4321S\/ 4325S\/ &#8211;"},"content":{"rendered":"<p>port\u00e1til HP ProBook 4525s 4520s 4425s 4421s 4321s 4320s<\/p>\n","protected":false},"excerpt":{"rendered":"<table>\n<tbody>\n<tr>\n<td>Voltaje<\/td>\n<td>11.1 Voltios<\/td>\n<\/tr>\n<tr>\n<td>Compatible Devices<\/td>\n<td>Laptop<\/td>\n<\/tr>\n<tr>\n<td>Reutilizaci&oacute;n<\/td>\n<td>Rechargeable<\/td>\n<\/tr>\n<tr>\n<td>Tipo de celda de bater&iacute;a<\/td>\n<\/tr>\n<\/tbody>\n<\/table>\n","protected":false},"featured_media":21634,"comment_status":"open","ping_status":"closed","template":"","meta":{"spay_email":""},"product_cat":[794],"product_tag":[],"supplier_id":null,"supplier_sku":"","barcode":null,"atum_controlled":true,"out_stock_date":null,"out_stock_threshold":null,"inheritable":false,"inbound_stock":null,"stock_on_hold":0,"sold_today":0,"sales_last_days":0,"reserved_stock":null,"customer_returns":null,"warehouse_damage":null,"lost_in_post":null,"other_logs":null,"out_stock_days":0,"lost_sales":0,"has_location":null,"update_date":"2026-04-28T00:11:08","atum_locations":[],"atum_stock_status":"instock","restock_status":false,"low_stock_amount":"","sales_update_date":"2026-04-28T00:11:08","calc_backorders":null,"acf":[],"yoast_head":"<!-- This site is optimized with the Yoast SEO Premium plugin v17.4 (Yoast SEO v17.4) - https:\/\/yoast.com\/wordpress\/plugins\/seo\/ -->\n<title>BATERIA COMP HP 4320S\/ 4320T\/ 4321S\/ 4325S\/ - tienda de electr\u00f3nica y computaci\u00f3n<\/title>\n<meta name=\"robots\" content=\"index, follow, max-snippet:-1, max-image-preview:large, max-video-preview:-1\" \/>\n<link rel=\"canonical\" href=\"https:\/\/comerciallin.com\/index.php\/producto\/bateria-comp-hp-4320s-4320t-4321s-4325s\/\" \/>\n<meta property=\"og:locale\" content=\"es_ES\" \/>\n<meta property=\"og:type\" content=\"article\" \/>\n<meta property=\"og:title\" content=\"BATERIA COMP HP 4320S\/ 4320T\/ 4321S\/ 4325S\/ -\" \/>\n<meta property=\"og:description\" content=\"Voltaje 11.1 Voltios   Compatible Devices Laptop   Reutilizaci&oacute;n Rechargeable   Tipo de celda de bater&iacute;a\" \/>\n<meta property=\"og:url\" content=\"https:\/\/comerciallin.com\/index.php\/producto\/bateria-comp-hp-4320s-4320t-4321s-4325s\/\" \/>\n<meta property=\"og:site_name\" content=\"tienda de electr\u00f3nica y computaci\u00f3n\" \/>\n<meta property=\"article:modified_time\" content=\"2025-01-14T18:54:30+00:00\" \/>\n<meta name=\"twitter:card\" content=\"summary_large_image\" \/>\n<meta name=\"twitter:image\" content=\"https:\/\/i0.wp.com\/comerciallin.com\/wp-content\/uploads\/2023\/02\/536030180604.jpg?fit=%2C&amp;ssl=1\" \/>\n<meta name=\"twitter:label1\" content=\"Precio\" \/>\n\t<meta name=\"twitter:data1\" content=\"&#36;44,85\" \/>\n\t<meta name=\"twitter:label2\" content=\"Availability\" \/>\n\t<meta name=\"twitter:data2\" content=\"In stock\" \/>\n<script type=\"application\/ld+json\" class=\"yoast-schema-graph\">{\"@context\":\"https:\/\/schema.org\",\"@graph\":[{\"@type\":\"WebSite\",\"@id\":\"https:\/\/comerciallin.com\/#website\",\"url\":\"https:\/\/comerciallin.com\/\",\"name\":\"tienda de electr\\u00f3nica y computaci\\u00f3n\",\"description\":\"Importadora de Electr\\u00f3nica y Computaci\\u00f3n\",\"potentialAction\":[{\"@type\":\"SearchAction\",\"target\":{\"@type\":\"EntryPoint\",\"urlTemplate\":\"https:\/\/comerciallin.com\/?s={search_term_string}\"},\"query-input\":\"required name=search_term_string\"}],\"inLanguage\":\"es\"},{\"@type\":\"ImageObject\",\"@id\":\"https:\/\/comerciallin.com\/index.php\/producto\/bateria-comp-hp-4320s-4320t-4321s-4325s\/#primaryimage\",\"inLanguage\":\"es\",\"url\":\"https:\/\/i0.wp.com\/comerciallin.com\/wp-content\/uploads\/2023\/02\/536030180604.jpg?fit=%2C&ssl=1\",\"contentUrl\":\"https:\/\/i0.wp.com\/comerciallin.com\/wp-content\/uploads\/2023\/02\/536030180604.jpg?fit=%2C&ssl=1\",\"caption\":\"BATERIA COMP HP 4320S\/ 4320T\/ 4321S\/ 4325S\/ -\"},{\"@type\":\"WebPage\",\"@id\":\"https:\/\/comerciallin.com\/index.php\/producto\/bateria-comp-hp-4320s-4320t-4321s-4325s\/#webpage\",\"url\":\"https:\/\/comerciallin.com\/index.php\/producto\/bateria-comp-hp-4320s-4320t-4321s-4325s\/\",\"name\":\"BATERIA COMP HP 4320S\/ 4320T\/ 4321S\/ 4325S\/ - tienda de electr\\u00f3nica y computaci\\u00f3n\",\"isPartOf\":{\"@id\":\"https:\/\/comerciallin.com\/#website\"},\"primaryImageOfPage\":{\"@id\":\"https:\/\/comerciallin.com\/index.php\/producto\/bateria-comp-hp-4320s-4320t-4321s-4325s\/#primaryimage\"},\"datePublished\":\"2022-11-07T18:27:09+00:00\",\"dateModified\":\"2025-01-14T18:54:30+00:00\",\"breadcrumb\":{\"@id\":\"https:\/\/comerciallin.com\/index.php\/producto\/bateria-comp-hp-4320s-4320t-4321s-4325s\/#breadcrumb\"},\"inLanguage\":\"es\",\"potentialAction\":[{\"@type\":\"ReadAction\",\"target\":[\"https:\/\/comerciallin.com\/index.php\/producto\/bateria-comp-hp-4320s-4320t-4321s-4325s\/\"]}]},{\"@type\":\"BreadcrumbList\",\"@id\":\"https:\/\/comerciallin.com\/index.php\/producto\/bateria-comp-hp-4320s-4320t-4321s-4325s\/#breadcrumb\",\"itemListElement\":[{\"@type\":\"ListItem\",\"position\":1,\"name\":\"Inicio\",\"item\":\"https:\/\/comerciallin.com\/\"},{\"@type\":\"ListItem\",\"position\":2,\"name\":\"Shop\",\"item\":\"https:\/\/comerciallin.com\/?page_id=3853\"},{\"@type\":\"ListItem\",\"position\":3,\"name\":\"BATERIA COMP HP 4320S\/ 4320T\/ 4321S\/ 4325S\/ &#8211;\"}]}]}<\/script>\n<meta property=\"product:price:amount\" content=\"44.85\" \/>\n<meta property=\"product:price:currency\" content=\"USD\" \/>\n<meta property=\"og:availability\" content=\"instock\" \/>\n<meta property=\"product:availability\" content=\"instock\" \/>\n<meta property=\"product:retailer_item_id\" content=\"536030180604\" \/>\n<meta property=\"product:condition\" content=\"new\" \/>\n<!-- \/ Yoast SEO Premium plugin. -->","yoast_head_json":{"title":"BATERIA COMP HP 4320S\/ 4320T\/ 4321S\/ 4325S\/ - tienda de electr\u00f3nica y computaci\u00f3n","robots":{"index":"index","follow":"follow","max-snippet":"max-snippet:-1","max-image-preview":"max-image-preview:large","max-video-preview":"max-video-preview:-1"},"canonical":"https:\/\/comerciallin.com\/index.php\/producto\/bateria-comp-hp-4320s-4320t-4321s-4325s\/","og_locale":"es_ES","og_type":"article","og_title":"BATERIA COMP HP 4320S\/ 4320T\/ 4321S\/ 4325S\/ -","og_description":"Voltaje 11.1 Voltios   Compatible Devices Laptop   Reutilizaci&oacute;n Rechargeable   Tipo de celda de bater&iacute;a","og_url":"https:\/\/comerciallin.com\/index.php\/producto\/bateria-comp-hp-4320s-4320t-4321s-4325s\/","og_site_name":"tienda de electr\u00f3nica y computaci\u00f3n","article_modified_time":"2025-01-14T18:54:30+00:00","twitter_card":"summary_large_image","twitter_image":"https:\/\/i0.wp.com\/comerciallin.com\/wp-content\/uploads\/2023\/02\/536030180604.jpg?fit=%2C&ssl=1","twitter_misc":{"Precio":"&#36;44,85","Availability":"In stock"},"schema":{"@context":"https:\/\/schema.org","@graph":[{"@type":"WebSite","@id":"https:\/\/comerciallin.com\/#website","url":"https:\/\/comerciallin.com\/","name":"tienda de electr\u00f3nica y computaci\u00f3n","description":"Importadora de Electr\u00f3nica y Computaci\u00f3n","potentialAction":[{"@type":"SearchAction","target":{"@type":"EntryPoint","urlTemplate":"https:\/\/comerciallin.com\/?s={search_term_string}"},"query-input":"required name=search_term_string"}],"inLanguage":"es"},{"@type":"ImageObject","@id":"https:\/\/comerciallin.com\/index.php\/producto\/bateria-comp-hp-4320s-4320t-4321s-4325s\/#primaryimage","inLanguage":"es","url":"https:\/\/i0.wp.com\/comerciallin.com\/wp-content\/uploads\/2023\/02\/536030180604.jpg?fit=%2C&ssl=1","contentUrl":"https:\/\/i0.wp.com\/comerciallin.com\/wp-content\/uploads\/2023\/02\/536030180604.jpg?fit=%2C&ssl=1","caption":"BATERIA COMP HP 4320S\/ 4320T\/ 4321S\/ 4325S\/ -"},{"@type":"WebPage","@id":"https:\/\/comerciallin.com\/index.php\/producto\/bateria-comp-hp-4320s-4320t-4321s-4325s\/#webpage","url":"https:\/\/comerciallin.com\/index.php\/producto\/bateria-comp-hp-4320s-4320t-4321s-4325s\/","name":"BATERIA COMP HP 4320S\/ 4320T\/ 4321S\/ 4325S\/ - tienda de electr\u00f3nica y computaci\u00f3n","isPartOf":{"@id":"https:\/\/comerciallin.com\/#website"},"primaryImageOfPage":{"@id":"https:\/\/comerciallin.com\/index.php\/producto\/bateria-comp-hp-4320s-4320t-4321s-4325s\/#primaryimage"},"datePublished":"2022-11-07T18:27:09+00:00","dateModified":"2025-01-14T18:54:30+00:00","breadcrumb":{"@id":"https:\/\/comerciallin.com\/index.php\/producto\/bateria-comp-hp-4320s-4320t-4321s-4325s\/#breadcrumb"},"inLanguage":"es","potentialAction":[{"@type":"ReadAction","target":["https:\/\/comerciallin.com\/index.php\/producto\/bateria-comp-hp-4320s-4320t-4321s-4325s\/"]}]},{"@type":"BreadcrumbList","@id":"https:\/\/comerciallin.com\/index.php\/producto\/bateria-comp-hp-4320s-4320t-4321s-4325s\/#breadcrumb","itemListElement":[{"@type":"ListItem","position":1,"name":"Inicio","item":"https:\/\/comerciallin.com\/"},{"@type":"ListItem","position":2,"name":"Shop","item":"https:\/\/comerciallin.com\/?page_id=3853"},{"@type":"ListItem","position":3,"name":"BATERIA COMP HP 4320S\/ 4320T\/ 4321S\/ 4325S\/ &#8211;"}]}]},"product_price_amount":"44.85","product_price_currency":"USD","og_availability":"instock","product_availability":"instock","product_retailer_item_id":"536030180604","product_condition":"new"},"jetpack-related-posts":[{"id":19064,"url":"https:\/\/comerciallin.com\/index.php\/producto\/bateria-p-lapto-hp-cc06-cc06x-cc06xl-6360\/","url_meta":{"origin":19096,"position":0},"title":"BATERIA P. LAPTO HP CC06\/ CC06X\/ CC06XL\/ 6360","date":"7 de noviembre de 2022","format":false,"excerpt":"bater\u00eda para HP ProBook 6360b 6460b 6465b 6470b 6475B 6560b 6565b 6570b","rel":"","context":"Entrada similar","img":{"alt_text":"","src":"","width":0,"height":0},"classes":[]},{"id":19641,"url":"https:\/\/comerciallin.com\/index.php\/producto\/bateria-p-lapto-hp-dv2000\/","url_meta":{"origin":19096,"position":1},"title":"BATERIA P. LAPTO HP DV2000","date":"7 de noviembre de 2022","format":false,"excerpt":"Bater\u00eda de repuesto compatible con HP DV2000","rel":"","context":"Entrada similar","img":{"alt_text":"","src":"","width":0,"height":0},"classes":[]},{"id":19255,"url":"https:\/\/comerciallin.com\/index.php\/producto\/bateria-comp-hp-210-1000-cq20-hstnn-db0p-hstp\/","url_meta":{"origin":19096,"position":2},"title":"BATERIA COMP HP 210-1000\/CQ20\/HSTNN-DB0P\/HSTP","date":"7 de noviembre de 2022","format":false,"excerpt":"Especificaciones: 6\u00a0celdas, bater\u00eda de iones de litio, nominal de 11,1\u00a0V (compatible con 10,8\u00a0V) 5200\u00a0mAh Modelos Compatibles: 6\u00a0Cel Bater\u00eda para NY220AA NY221AA 537626\u00a0\u2013\u00a0001\u00a0HP Mini 110\u00a0Compaq 110\u00a0\u00b0C 102\u00a0110\u00a0\u2013\u00a01000","rel":"","context":"Entrada similar","img":{"alt_text":"BATERIA COMP HP 210-1000\/CQ20\/HSTNN-DB0P\/HSTP","src":"https:\/\/i0.wp.com\/comerciallin.com\/wp-content\/uploads\/2023\/04\/537030190403.jpg?fit=992%2C744&ssl=1&resize=350%2C200","width":350,"height":200},"classes":[]},{"id":19044,"url":"https:\/\/comerciallin.com\/index.php\/producto\/bateria-comp-hp-oa03-oa04-hstnn-lb5y-hstnn-l5\/","url_meta":{"origin":19096,"position":3},"title":"BATERIA COMP HP OA03\/OA04\/HSTNN-LB5Y\/HSTNN-L5","date":"7 de noviembre de 2022","format":false,"excerpt":"Tipo de bater\u00eda: Li-ion Capacidad: 2200\u00a0mAh Celdas: 4\u00a0celdas Voltaje: 14.8\u00a0V.","rel":"","context":"Entrada similar","img":{"alt_text":"","src":"","width":0,"height":0},"classes":[]},{"id":19171,"url":"https:\/\/comerciallin.com\/index.php\/producto\/bateria-comp-hp-210-1000-cq20-582213-121-590p\/","url_meta":{"origin":19096,"position":4},"title":"BATERIA COMP HP 210-1000\/CQ20\/582213-121\/590P","date":"7 de noviembre de 2022","format":false,"excerpt":"Especificaciones: 6\u00a0celdas, bater\u00eda de iones de litio, nominal de 11,1\u00a0V (compatible con 10,8\u00a0V) 5200\u00a0mAh Modelos Compatibles: 6\u00a0Cel Bater\u00eda para NY220AA NY221AA 537626\u00a0\u2013\u00a0001\u00a0HP Mini 110\u00a0Compaq 110\u00a0\u00b0C 102\u00a0110\u00a0\u2013\u00a01000","rel":"","context":"Entrada similar","img":{"alt_text":"","src":"","width":0,"height":0},"classes":[]},{"id":19203,"url":"https:\/\/comerciallin.com\/index.php\/producto\/bateria-comp-hp-tx2-touchsmart-tx1000-tx11006\/","url_meta":{"origin":19096,"position":5},"title":"BATERIA COMP HP TX2-TOUCHSMART\/TX1000\/TX11006","date":"7 de noviembre de 2022","format":false,"excerpt":"Voltaje:\u00a07.4 VoltiosCompatible Devices:\u00a0Laptop,\u00a0NotebookTipo de celda de bater\u00eda:\u00a0Litio Ion\u00a0Capacidad:\u00a08800 Miliamperios Hora","rel":"","context":"Entrada similar","img":{"alt_text":"","src":"","width":0,"height":0},"classes":[]}],"jetpack_sharing_enabled":true,"jetpack_likes_enabled":true,"_links":{"self":[{"href":"https:\/\/comerciallin.com\/index.php\/wp-json\/wp\/v2\/product\/19096"}],"collection":[{"href":"https:\/\/comerciallin.com\/index.php\/wp-json\/wp\/v2\/product"}],"about":[{"href":"https:\/\/comerciallin.com\/index.php\/wp-json\/wp\/v2\/types\/product"}],"replies":[{"embeddable":true,"href":"https:\/\/comerciallin.com\/index.php\/wp-json\/wp\/v2\/comments?post=19096"}],"wp:featuredmedia":[{"embeddable":true,"href":"https:\/\/comerciallin.com\/index.php\/wp-json\/wp\/v2\/media\/21634"}],"wp:attachment":[{"href":"https:\/\/comerciallin.com\/index.php\/wp-json\/wp\/v2\/media?parent=19096"}],"wp:term":[{"taxonomy":"product_cat","embeddable":true,"href":"https:\/\/comerciallin.com\/index.php\/wp-json\/wp\/v2\/product_cat?post=19096"},{"taxonomy":"product_tag","embeddable":true,"href":"https:\/\/comerciallin.com\/index.php\/wp-json\/wp\/v2\/product_tag?post=19096"}],"curies":[{"name":"wp","href":"https:\/\/api.w.org\/{rel}","templated":true}]}}