{"id":19092,"date":"2022-11-07T13:27:08","date_gmt":"2022-11-07T18:27:08","guid":{"rendered":"https:\/\/comerciallin.com\/index.php\/producto\/bateria-comp-dell-13z-n311z-14z-n411z-n2dn5-1\/"},"modified":"2025-01-14T13:54:12","modified_gmt":"2025-01-14T18:54:12","slug":"bateria-comp-dell-13z-n311z-14z-n411z-n2dn5-1","status":"publish","type":"product","link":"https:\/\/comerciallin.com\/index.php\/producto\/bateria-comp-dell-13z-n311z-14z-n411z-n2dn5-1\/","title":{"rendered":"BATERIA COMP DELL 13Z-N311Z\/14Z N411Z\/N2DN5\/1"},"content":{"rendered":"<p>Esta bater&iacute;a para port&aacute;til puede reemplazar la siguiente n&uacute;mero de parte:<br \/>268&nbsp;X 5&nbsp;312&nbsp;&ndash;&nbsp;1257&nbsp;312&nbsp;&ndash;&nbsp;1258&nbsp;H2&nbsp;X W1&nbsp;H7&nbsp;X W1&nbsp;JD41Y N2DN5<br \/>Esta bater&iacute;a para port&aacute;til tambi&eacute;n es compatible con los siguientes modelos:<br \/>DELL INSPIRON 13Z Series<br \/>DELL INSPIRON 13z-N311z Series<br \/>DELL INSPIRON N311z Series<br \/>DELL INSPIRON 14z Series<br \/>DELL INSPIRON 14z-N411z Series<br \/>DELL INSPIRON N411z Series<br \/>DELL Latitude 3330&nbsp;Series<br \/>DELL Vostro V131&nbsp;Series<br \/>DELL Vostro V131D Series<br \/>DELL Vostro V131R Series<\/p>\n","protected":false},"excerpt":{"rendered":"<ul>\n<li>Tipo de bater&iacute;a: Li-ion<\/li>\n<li>c&eacute;lulas: 6&nbsp;celdas<\/li>\n<li>Capacidad: 4400&nbsp;mAh<\/li>\n<li>Voltaje: 11.1&nbsp;V.<\/li>\n<\/ul>\n","protected":false},"featured_media":21604,"comment_status":"open","ping_status":"closed","template":"","meta":{"spay_email":""},"product_cat":[791],"product_tag":[],"supplier_id":null,"supplier_sku":"","barcode":null,"atum_controlled":true,"out_stock_date":null,"out_stock_threshold":null,"inheritable":false,"inbound_stock":null,"stock_on_hold":0,"sold_today":0,"sales_last_days":0,"reserved_stock":null,"customer_returns":null,"warehouse_damage":null,"lost_in_post":null,"other_logs":null,"out_stock_days":0,"lost_sales":0,"has_location":null,"update_date":"2026-04-30T00:11:45","atum_locations":[],"atum_stock_status":"instock","restock_status":false,"low_stock_amount":"","sales_update_date":"2026-04-30T00:11:45","calc_backorders":null,"acf":[],"yoast_head":"<!-- This site is optimized with the Yoast SEO Premium plugin v17.4 (Yoast SEO v17.4) - https:\/\/yoast.com\/wordpress\/plugins\/seo\/ -->\n<title>BATERIA COMP DELL 13Z-N311Z\/14Z N411Z\/N2DN5\/1 - tienda de electr\u00f3nica y computaci\u00f3n<\/title>\n<meta name=\"robots\" content=\"index, follow, max-snippet:-1, max-image-preview:large, max-video-preview:-1\" \/>\n<link rel=\"canonical\" href=\"https:\/\/comerciallin.com\/index.php\/producto\/bateria-comp-dell-13z-n311z-14z-n411z-n2dn5-1\/\" \/>\n<meta property=\"og:locale\" content=\"es_ES\" \/>\n<meta property=\"og:type\" content=\"article\" \/>\n<meta property=\"og:title\" content=\"BATERIA COMP DELL 13Z-N311Z\/14Z N411Z\/N2DN5\/1\" \/>\n<meta property=\"og:description\" content=\"Tipo de bater&iacute;a: Li-ion c&eacute;lulas: 6&nbsp;celdas Capacidad: 4400&nbsp;mAh Voltaje: 11.1&nbsp;V.\" \/>\n<meta property=\"og:url\" content=\"https:\/\/comerciallin.com\/index.php\/producto\/bateria-comp-dell-13z-n311z-14z-n411z-n2dn5-1\/\" \/>\n<meta property=\"og:site_name\" content=\"tienda de electr\u00f3nica y computaci\u00f3n\" \/>\n<meta property=\"article:modified_time\" content=\"2025-01-14T18:54:12+00:00\" \/>\n<meta name=\"twitter:card\" content=\"summary_large_image\" \/>\n<meta name=\"twitter:image\" content=\"https:\/\/i0.wp.com\/comerciallin.com\/wp-content\/uploads\/2023\/02\/537030180408.jpg?fit=%2C&amp;ssl=1\" \/>\n<meta name=\"twitter:label1\" content=\"Precio\" \/>\n\t<meta name=\"twitter:data1\" content=\"&#36;52,90\" \/>\n\t<meta name=\"twitter:label2\" content=\"Availability\" \/>\n\t<meta name=\"twitter:data2\" content=\"In stock\" \/>\n<script type=\"application\/ld+json\" class=\"yoast-schema-graph\">{\"@context\":\"https:\/\/schema.org\",\"@graph\":[{\"@type\":\"WebSite\",\"@id\":\"https:\/\/comerciallin.com\/#website\",\"url\":\"https:\/\/comerciallin.com\/\",\"name\":\"tienda de electr\\u00f3nica y computaci\\u00f3n\",\"description\":\"Importadora de Electr\\u00f3nica y Computaci\\u00f3n\",\"potentialAction\":[{\"@type\":\"SearchAction\",\"target\":{\"@type\":\"EntryPoint\",\"urlTemplate\":\"https:\/\/comerciallin.com\/?s={search_term_string}\"},\"query-input\":\"required name=search_term_string\"}],\"inLanguage\":\"es\"},{\"@type\":\"ImageObject\",\"@id\":\"https:\/\/comerciallin.com\/index.php\/producto\/bateria-comp-dell-13z-n311z-14z-n411z-n2dn5-1\/#primaryimage\",\"inLanguage\":\"es\",\"url\":\"https:\/\/i0.wp.com\/comerciallin.com\/wp-content\/uploads\/2023\/02\/537030180408.jpg?fit=%2C&ssl=1\",\"contentUrl\":\"https:\/\/i0.wp.com\/comerciallin.com\/wp-content\/uploads\/2023\/02\/537030180408.jpg?fit=%2C&ssl=1\",\"caption\":\"BATERIA COMP DELL 13Z-N311Z\/14Z N411Z\/N2DN5\/1\"},{\"@type\":\"WebPage\",\"@id\":\"https:\/\/comerciallin.com\/index.php\/producto\/bateria-comp-dell-13z-n311z-14z-n411z-n2dn5-1\/#webpage\",\"url\":\"https:\/\/comerciallin.com\/index.php\/producto\/bateria-comp-dell-13z-n311z-14z-n411z-n2dn5-1\/\",\"name\":\"BATERIA COMP DELL 13Z-N311Z\/14Z N411Z\/N2DN5\/1 - tienda de electr\\u00f3nica y computaci\\u00f3n\",\"isPartOf\":{\"@id\":\"https:\/\/comerciallin.com\/#website\"},\"primaryImageOfPage\":{\"@id\":\"https:\/\/comerciallin.com\/index.php\/producto\/bateria-comp-dell-13z-n311z-14z-n411z-n2dn5-1\/#primaryimage\"},\"datePublished\":\"2022-11-07T18:27:08+00:00\",\"dateModified\":\"2025-01-14T18:54:12+00:00\",\"breadcrumb\":{\"@id\":\"https:\/\/comerciallin.com\/index.php\/producto\/bateria-comp-dell-13z-n311z-14z-n411z-n2dn5-1\/#breadcrumb\"},\"inLanguage\":\"es\",\"potentialAction\":[{\"@type\":\"ReadAction\",\"target\":[\"https:\/\/comerciallin.com\/index.php\/producto\/bateria-comp-dell-13z-n311z-14z-n411z-n2dn5-1\/\"]}]},{\"@type\":\"BreadcrumbList\",\"@id\":\"https:\/\/comerciallin.com\/index.php\/producto\/bateria-comp-dell-13z-n311z-14z-n411z-n2dn5-1\/#breadcrumb\",\"itemListElement\":[{\"@type\":\"ListItem\",\"position\":1,\"name\":\"Inicio\",\"item\":\"https:\/\/comerciallin.com\/\"},{\"@type\":\"ListItem\",\"position\":2,\"name\":\"Shop\",\"item\":\"https:\/\/comerciallin.com\/?page_id=3853\"},{\"@type\":\"ListItem\",\"position\":3,\"name\":\"BATERIA COMP DELL 13Z-N311Z\/14Z N411Z\/N2DN5\/1\"}]}]}<\/script>\n<meta property=\"product:price:amount\" content=\"52.90\" \/>\n<meta property=\"product:price:currency\" content=\"USD\" \/>\n<meta property=\"og:availability\" content=\"instock\" \/>\n<meta property=\"product:availability\" content=\"instock\" \/>\n<meta property=\"product:retailer_item_id\" content=\"537030180408\" \/>\n<meta property=\"product:condition\" content=\"new\" \/>\n<!-- \/ Yoast SEO Premium plugin. -->","yoast_head_json":{"title":"BATERIA COMP DELL 13Z-N311Z\/14Z N411Z\/N2DN5\/1 - tienda de electr\u00f3nica y computaci\u00f3n","robots":{"index":"index","follow":"follow","max-snippet":"max-snippet:-1","max-image-preview":"max-image-preview:large","max-video-preview":"max-video-preview:-1"},"canonical":"https:\/\/comerciallin.com\/index.php\/producto\/bateria-comp-dell-13z-n311z-14z-n411z-n2dn5-1\/","og_locale":"es_ES","og_type":"article","og_title":"BATERIA COMP DELL 13Z-N311Z\/14Z N411Z\/N2DN5\/1","og_description":"Tipo de bater&iacute;a: Li-ion c&eacute;lulas: 6&nbsp;celdas Capacidad: 4400&nbsp;mAh Voltaje: 11.1&nbsp;V.","og_url":"https:\/\/comerciallin.com\/index.php\/producto\/bateria-comp-dell-13z-n311z-14z-n411z-n2dn5-1\/","og_site_name":"tienda de electr\u00f3nica y computaci\u00f3n","article_modified_time":"2025-01-14T18:54:12+00:00","twitter_card":"summary_large_image","twitter_image":"https:\/\/i0.wp.com\/comerciallin.com\/wp-content\/uploads\/2023\/02\/537030180408.jpg?fit=%2C&ssl=1","twitter_misc":{"Precio":"&#36;52,90","Availability":"In stock"},"schema":{"@context":"https:\/\/schema.org","@graph":[{"@type":"WebSite","@id":"https:\/\/comerciallin.com\/#website","url":"https:\/\/comerciallin.com\/","name":"tienda de electr\u00f3nica y computaci\u00f3n","description":"Importadora de Electr\u00f3nica y Computaci\u00f3n","potentialAction":[{"@type":"SearchAction","target":{"@type":"EntryPoint","urlTemplate":"https:\/\/comerciallin.com\/?s={search_term_string}"},"query-input":"required name=search_term_string"}],"inLanguage":"es"},{"@type":"ImageObject","@id":"https:\/\/comerciallin.com\/index.php\/producto\/bateria-comp-dell-13z-n311z-14z-n411z-n2dn5-1\/#primaryimage","inLanguage":"es","url":"https:\/\/i0.wp.com\/comerciallin.com\/wp-content\/uploads\/2023\/02\/537030180408.jpg?fit=%2C&ssl=1","contentUrl":"https:\/\/i0.wp.com\/comerciallin.com\/wp-content\/uploads\/2023\/02\/537030180408.jpg?fit=%2C&ssl=1","caption":"BATERIA COMP DELL 13Z-N311Z\/14Z N411Z\/N2DN5\/1"},{"@type":"WebPage","@id":"https:\/\/comerciallin.com\/index.php\/producto\/bateria-comp-dell-13z-n311z-14z-n411z-n2dn5-1\/#webpage","url":"https:\/\/comerciallin.com\/index.php\/producto\/bateria-comp-dell-13z-n311z-14z-n411z-n2dn5-1\/","name":"BATERIA COMP DELL 13Z-N311Z\/14Z N411Z\/N2DN5\/1 - tienda de electr\u00f3nica y computaci\u00f3n","isPartOf":{"@id":"https:\/\/comerciallin.com\/#website"},"primaryImageOfPage":{"@id":"https:\/\/comerciallin.com\/index.php\/producto\/bateria-comp-dell-13z-n311z-14z-n411z-n2dn5-1\/#primaryimage"},"datePublished":"2022-11-07T18:27:08+00:00","dateModified":"2025-01-14T18:54:12+00:00","breadcrumb":{"@id":"https:\/\/comerciallin.com\/index.php\/producto\/bateria-comp-dell-13z-n311z-14z-n411z-n2dn5-1\/#breadcrumb"},"inLanguage":"es","potentialAction":[{"@type":"ReadAction","target":["https:\/\/comerciallin.com\/index.php\/producto\/bateria-comp-dell-13z-n311z-14z-n411z-n2dn5-1\/"]}]},{"@type":"BreadcrumbList","@id":"https:\/\/comerciallin.com\/index.php\/producto\/bateria-comp-dell-13z-n311z-14z-n411z-n2dn5-1\/#breadcrumb","itemListElement":[{"@type":"ListItem","position":1,"name":"Inicio","item":"https:\/\/comerciallin.com\/"},{"@type":"ListItem","position":2,"name":"Shop","item":"https:\/\/comerciallin.com\/?page_id=3853"},{"@type":"ListItem","position":3,"name":"BATERIA COMP DELL 13Z-N311Z\/14Z N411Z\/N2DN5\/1"}]}]},"product_price_amount":"52.90","product_price_currency":"USD","og_availability":"instock","product_availability":"instock","product_retailer_item_id":"537030180408","product_condition":"new"},"jetpack-related-posts":[{"id":22523,"url":"https:\/\/comerciallin.com\/index.php\/producto\/bateria-comp-dell-n4020\/","url_meta":{"origin":19092,"position":0},"title":"BATERIA COMP DELL N4020","date":"19 de abril de 2023","format":false,"excerpt":"J1KND - Bater\u00eda para port\u00e1til Dell Inspiron N7110, N5010, N5110, 3420, 3520, N4050, 9T48V, N5030, N5050, N5040, 4T7JN, N4010, M5040, 13r, 14r y 15r 4110 N3010 M5110 M4110 M501 M503 17R 1540 5200 mAh","rel":"","context":"Entrada similar","img":{"alt_text":"","src":"","width":0,"height":0},"classes":[]},{"id":19189,"url":"https:\/\/comerciallin.com\/index.php\/producto\/bateria-comp-dell-demr90y-3521\/","url_meta":{"origin":19092,"position":1},"title":"BATERIA COMP DELL DEMR90Y\/3521","date":"7 de noviembre de 2022","format":false,"excerpt":"Voltaje 11.1 Voltios Peso de la Bater\u00eda 340 Gramos Compatible Devices Laptop","rel":"","context":"Entrada similar","img":{"alt_text":"BATERIA COMP DELL DEMR90Y\/3521","src":"https:\/\/i0.wp.com\/comerciallin.com\/wp-content\/uploads\/2023\/02\/537030100813.jpg?fit=992%2C744&ssl=1&resize=350%2C200","width":350,"height":200},"classes":[]},{"id":19201,"url":"https:\/\/comerciallin.com\/index.php\/producto\/bateria-comp-dell-1410-f286h-f287f-f287h-g06l\/","url_meta":{"origin":19092,"position":2},"title":"BATERIA COMP DELL 1410\/F286H\/F287F\/F287H\/G06L","date":"7 de noviembre de 2022","format":false,"excerpt":"Tipo de bater\u00eda: Li-ion c\u00e9lulas: 6\u00a0celdas Capacidad: 4400\u00a0mAh Voltaje: 11.1\u00a0V. Dell Compatible With G066H, 45110673, 3120818, F287F, F287H, F286H, R988H, 312-0818, 451-10673 For Use In Dell Vostro 1014,1015,A860,A860n,A840; Dell Inspiron 1410","rel":"","context":"Entrada similar","img":{"alt_text":"","src":"","width":0,"height":0},"classes":[]},{"id":19221,"url":"https:\/\/comerciallin.com\/index.php\/producto\/bateria-comp-dell-1525-1526-1545-1546-y82g\/","url_meta":{"origin":19092,"position":3},"title":"BATERIA COMP DELL 1525 \/1526\/ 1545 \/1546\/Y82G","date":"7 de noviembre de 2022","format":false,"excerpt":"Modelo: X284G. Voltaje: 11,1 V. Capacidad: 56 Wh\/5200 mAh. Tipo de bater\u00eda: 6 celdas A+ \/ iones de litio. Estado de la bater\u00eda: 100% nuevo","rel":"","context":"Entrada similar","img":{"alt_text":"","src":"","width":0,"height":0},"classes":[]},{"id":19730,"url":"https:\/\/comerciallin.com\/index.php\/producto\/bateria-comp-dell-1525-1526-1545-1546-y82g-2\/","url_meta":{"origin":19092,"position":4},"title":"BATERIA COMP DELL 1525 \/1526\/ 1545 \/1546\/Y82G","date":"8 de noviembre de 2022","format":false,"excerpt":"Modelo: X284G. Voltaje: 11,1 V. Capacidad: 56 Wh\/5200 mAh. Tipo de bater\u00eda: 6 celdas A+ \/ iones de litio. Estado de la bater\u00eda: 100% nuevo","rel":"","context":"Entrada similar","img":{"alt_text":"","src":"","width":0,"height":0},"classes":[]},{"id":19271,"url":"https:\/\/comerciallin.com\/index.php\/producto\/bateria-comp-dell-wdx0r-7472-3480-5468\/","url_meta":{"origin":19092,"position":5},"title":"BATERIA COMP DELL WDX0R\/7472\/3480\/5468","date":"7 de noviembre de 2022","format":false,"excerpt":"Composici\u00f3n de las celdas de la bater\u00eda Litio Ion Usos Recomendados Para Producto Laptop Voltaje 11.4 Voltios Reutilizaci\u00f3n Rechargeable","rel":"","context":"Entrada similar","img":{"alt_text":"","src":"","width":0,"height":0},"classes":[]}],"jetpack_sharing_enabled":true,"jetpack_likes_enabled":true,"_links":{"self":[{"href":"https:\/\/comerciallin.com\/index.php\/wp-json\/wp\/v2\/product\/19092"}],"collection":[{"href":"https:\/\/comerciallin.com\/index.php\/wp-json\/wp\/v2\/product"}],"about":[{"href":"https:\/\/comerciallin.com\/index.php\/wp-json\/wp\/v2\/types\/product"}],"replies":[{"embeddable":true,"href":"https:\/\/comerciallin.com\/index.php\/wp-json\/wp\/v2\/comments?post=19092"}],"wp:featuredmedia":[{"embeddable":true,"href":"https:\/\/comerciallin.com\/index.php\/wp-json\/wp\/v2\/media\/21604"}],"wp:attachment":[{"href":"https:\/\/comerciallin.com\/index.php\/wp-json\/wp\/v2\/media?parent=19092"}],"wp:term":[{"taxonomy":"product_cat","embeddable":true,"href":"https:\/\/comerciallin.com\/index.php\/wp-json\/wp\/v2\/product_cat?post=19092"},{"taxonomy":"product_tag","embeddable":true,"href":"https:\/\/comerciallin.com\/index.php\/wp-json\/wp\/v2\/product_tag?post=19092"}],"curies":[{"name":"wp","href":"https:\/\/api.w.org\/{rel}","templated":true}]}}