{"id":19088,"date":"2022-11-07T13:26:54","date_gmt":"2022-11-07T18:26:54","guid":{"rendered":"https:\/\/comerciallin.com\/index.php\/producto\/bateria-comp-asus-a31-1005-a32-1005-eee-1005p\/"},"modified":"2025-01-14T13:54:12","modified_gmt":"2025-01-14T18:54:12","slug":"bateria-comp-asus-a31-1005-a32-1005-eee-1005p","status":"publish","type":"product","link":"https:\/\/comerciallin.com\/index.php\/producto\/bateria-comp-asus-a31-1005-a32-1005-eee-1005p\/","title":{"rendered":"BATERIA COMP ASUS A31-1005\/A32-1005\/EEE 1005P"},"content":{"rendered":"<p><strong>Reemplazo Para:<\/strong><\/p>\n<p>A31-1005 \/ ML31-1005 \/ PL31-1005 \/ 90-OA001B9000<br \/>A32-1005 \/ ML32-1005 \/ PL32-1005 \/ 90-OA001B9100<\/p>\n<p>AL31-1005 \/ 90-XB0ROABT00010Q \/ 0B20-00KC0AS \/ TL31-1005<br \/>AL32-1005 \/ 90-XB2COABT00100Q \/ 990AAS168288 \/ 90-XB16OABT00100Q<\/p>\n<p><strong>Ajuste de modelos de m&aacute;quina:<\/strong><\/p>\n<p>Eee PC 1001 \/ Eee PC 1001HA \/ Eee PC 1005HE \/ Eee PC 1001PQ<br \/>Eee PC 1005 \/ Eee PC 1005HA \/ Eee PC 1005PE \/ Eee PC 1001PX<br \/>Eee PC 1101 \/ Eee PC 1101HA \/ Eee PC 1005HR \/ Eee PC 1005PX<\/p>\n<p>Eee PC R101 \/ Eee PC 1001HAG \/ Eee PC 1005PXD \/ Eee PC 1005PR<br \/>Eee PC R105 \/ Eee PC 1005PEG \/ Eee PC 1101HGO<\/p>\n","protected":false},"excerpt":{"rendered":"<ul>\n<li>Ajuste Marca:<strong>ASUS<\/strong><\/li>\n<li>Celdas QTY:<strong>6 Celdas<\/strong><\/li>\n<li>Voltaje(V):<strong>10.8V<\/strong><\/li>\n<li>Capacidad:<strong>5200mAh<\/strong><\/li>\n<li>Color:<strong>Negro<\/strong><\/li>\n<\/ul>\n","protected":false},"featured_media":21596,"comment_status":"open","ping_status":"closed","template":"","meta":{"spay_email":""},"product_cat":[793],"product_tag":[],"supplier_id":null,"supplier_sku":"","barcode":null,"atum_controlled":true,"out_stock_date":null,"out_stock_threshold":null,"inheritable":false,"inbound_stock":null,"stock_on_hold":0,"sold_today":0,"sales_last_days":0,"reserved_stock":null,"customer_returns":null,"warehouse_damage":null,"lost_in_post":null,"other_logs":null,"out_stock_days":0,"lost_sales":0,"has_location":null,"update_date":"2026-05-01T00:12:14","atum_locations":[],"atum_stock_status":"instock","restock_status":false,"low_stock_amount":"","sales_update_date":"2026-05-01T00:12:14","calc_backorders":null,"acf":[],"yoast_head":"<!-- This site is optimized with the Yoast SEO Premium plugin v17.4 (Yoast SEO v17.4) - https:\/\/yoast.com\/wordpress\/plugins\/seo\/ -->\n<title>BATERIA COMP ASUS A31-1005\/A32-1005\/EEE 1005P - tienda de electr\u00f3nica y computaci\u00f3n<\/title>\n<meta name=\"robots\" content=\"index, follow, max-snippet:-1, max-image-preview:large, max-video-preview:-1\" \/>\n<link rel=\"canonical\" href=\"https:\/\/comerciallin.com\/index.php\/producto\/bateria-comp-asus-a31-1005-a32-1005-eee-1005p\/\" \/>\n<meta property=\"og:locale\" content=\"es_ES\" \/>\n<meta property=\"og:type\" content=\"article\" \/>\n<meta property=\"og:title\" content=\"BATERIA COMP ASUS A31-1005\/A32-1005\/EEE 1005P\" \/>\n<meta property=\"og:description\" content=\"Ajuste Marca:ASUS Celdas QTY:6 Celdas Voltaje(V):10.8V Capacidad:5200mAh Color:Negro\" \/>\n<meta property=\"og:url\" content=\"https:\/\/comerciallin.com\/index.php\/producto\/bateria-comp-asus-a31-1005-a32-1005-eee-1005p\/\" \/>\n<meta property=\"og:site_name\" content=\"tienda de electr\u00f3nica y computaci\u00f3n\" \/>\n<meta property=\"article:modified_time\" content=\"2025-01-14T18:54:12+00:00\" \/>\n<meta name=\"twitter:card\" content=\"summary_large_image\" \/>\n<meta name=\"twitter:image\" content=\"https:\/\/i0.wp.com\/comerciallin.com\/wp-content\/uploads\/2023\/02\/4451705035.jpg?fit=%2C&amp;ssl=1\" \/>\n<meta name=\"twitter:label1\" content=\"Precio\" \/>\n\t<meta name=\"twitter:data1\" content=\"&#36;46,00\" \/>\n\t<meta name=\"twitter:label2\" content=\"Availability\" \/>\n\t<meta name=\"twitter:data2\" content=\"In stock\" \/>\n<script type=\"application\/ld+json\" class=\"yoast-schema-graph\">{\"@context\":\"https:\/\/schema.org\",\"@graph\":[{\"@type\":\"WebSite\",\"@id\":\"https:\/\/comerciallin.com\/#website\",\"url\":\"https:\/\/comerciallin.com\/\",\"name\":\"tienda de electr\\u00f3nica y computaci\\u00f3n\",\"description\":\"Importadora de Electr\\u00f3nica y Computaci\\u00f3n\",\"potentialAction\":[{\"@type\":\"SearchAction\",\"target\":{\"@type\":\"EntryPoint\",\"urlTemplate\":\"https:\/\/comerciallin.com\/?s={search_term_string}\"},\"query-input\":\"required name=search_term_string\"}],\"inLanguage\":\"es\"},{\"@type\":\"ImageObject\",\"@id\":\"https:\/\/comerciallin.com\/index.php\/producto\/bateria-comp-asus-a31-1005-a32-1005-eee-1005p\/#primaryimage\",\"inLanguage\":\"es\",\"url\":\"https:\/\/i0.wp.com\/comerciallin.com\/wp-content\/uploads\/2023\/02\/4451705035.jpg?fit=%2C&ssl=1\",\"contentUrl\":\"https:\/\/i0.wp.com\/comerciallin.com\/wp-content\/uploads\/2023\/02\/4451705035.jpg?fit=%2C&ssl=1\",\"caption\":\"BATERIA COMP ASUS A31-1005\/A32-1005\/EEE 1005P\"},{\"@type\":\"WebPage\",\"@id\":\"https:\/\/comerciallin.com\/index.php\/producto\/bateria-comp-asus-a31-1005-a32-1005-eee-1005p\/#webpage\",\"url\":\"https:\/\/comerciallin.com\/index.php\/producto\/bateria-comp-asus-a31-1005-a32-1005-eee-1005p\/\",\"name\":\"BATERIA COMP ASUS A31-1005\/A32-1005\/EEE 1005P - tienda de electr\\u00f3nica y computaci\\u00f3n\",\"isPartOf\":{\"@id\":\"https:\/\/comerciallin.com\/#website\"},\"primaryImageOfPage\":{\"@id\":\"https:\/\/comerciallin.com\/index.php\/producto\/bateria-comp-asus-a31-1005-a32-1005-eee-1005p\/#primaryimage\"},\"datePublished\":\"2022-11-07T18:26:54+00:00\",\"dateModified\":\"2025-01-14T18:54:12+00:00\",\"breadcrumb\":{\"@id\":\"https:\/\/comerciallin.com\/index.php\/producto\/bateria-comp-asus-a31-1005-a32-1005-eee-1005p\/#breadcrumb\"},\"inLanguage\":\"es\",\"potentialAction\":[{\"@type\":\"ReadAction\",\"target\":[\"https:\/\/comerciallin.com\/index.php\/producto\/bateria-comp-asus-a31-1005-a32-1005-eee-1005p\/\"]}]},{\"@type\":\"BreadcrumbList\",\"@id\":\"https:\/\/comerciallin.com\/index.php\/producto\/bateria-comp-asus-a31-1005-a32-1005-eee-1005p\/#breadcrumb\",\"itemListElement\":[{\"@type\":\"ListItem\",\"position\":1,\"name\":\"Inicio\",\"item\":\"https:\/\/comerciallin.com\/\"},{\"@type\":\"ListItem\",\"position\":2,\"name\":\"Shop\",\"item\":\"https:\/\/comerciallin.com\/?page_id=3853\"},{\"@type\":\"ListItem\",\"position\":3,\"name\":\"BATERIA COMP ASUS A31-1005\/A32-1005\/EEE 1005P\"}]}]}<\/script>\n<meta property=\"product:price:amount\" content=\"46.00\" \/>\n<meta property=\"product:price:currency\" content=\"USD\" \/>\n<meta property=\"og:availability\" content=\"instock\" \/>\n<meta property=\"product:availability\" content=\"instock\" \/>\n<meta property=\"product:retailer_item_id\" content=\"4451705035\" \/>\n<meta property=\"product:condition\" content=\"new\" \/>\n<!-- \/ Yoast SEO Premium plugin. -->","yoast_head_json":{"title":"BATERIA COMP ASUS A31-1005\/A32-1005\/EEE 1005P - tienda de electr\u00f3nica y computaci\u00f3n","robots":{"index":"index","follow":"follow","max-snippet":"max-snippet:-1","max-image-preview":"max-image-preview:large","max-video-preview":"max-video-preview:-1"},"canonical":"https:\/\/comerciallin.com\/index.php\/producto\/bateria-comp-asus-a31-1005-a32-1005-eee-1005p\/","og_locale":"es_ES","og_type":"article","og_title":"BATERIA COMP ASUS A31-1005\/A32-1005\/EEE 1005P","og_description":"Ajuste Marca:ASUS Celdas QTY:6 Celdas Voltaje(V):10.8V Capacidad:5200mAh Color:Negro","og_url":"https:\/\/comerciallin.com\/index.php\/producto\/bateria-comp-asus-a31-1005-a32-1005-eee-1005p\/","og_site_name":"tienda de electr\u00f3nica y computaci\u00f3n","article_modified_time":"2025-01-14T18:54:12+00:00","twitter_card":"summary_large_image","twitter_image":"https:\/\/i0.wp.com\/comerciallin.com\/wp-content\/uploads\/2023\/02\/4451705035.jpg?fit=%2C&ssl=1","twitter_misc":{"Precio":"&#36;46,00","Availability":"In stock"},"schema":{"@context":"https:\/\/schema.org","@graph":[{"@type":"WebSite","@id":"https:\/\/comerciallin.com\/#website","url":"https:\/\/comerciallin.com\/","name":"tienda de electr\u00f3nica y computaci\u00f3n","description":"Importadora de Electr\u00f3nica y Computaci\u00f3n","potentialAction":[{"@type":"SearchAction","target":{"@type":"EntryPoint","urlTemplate":"https:\/\/comerciallin.com\/?s={search_term_string}"},"query-input":"required name=search_term_string"}],"inLanguage":"es"},{"@type":"ImageObject","@id":"https:\/\/comerciallin.com\/index.php\/producto\/bateria-comp-asus-a31-1005-a32-1005-eee-1005p\/#primaryimage","inLanguage":"es","url":"https:\/\/i0.wp.com\/comerciallin.com\/wp-content\/uploads\/2023\/02\/4451705035.jpg?fit=%2C&ssl=1","contentUrl":"https:\/\/i0.wp.com\/comerciallin.com\/wp-content\/uploads\/2023\/02\/4451705035.jpg?fit=%2C&ssl=1","caption":"BATERIA COMP ASUS A31-1005\/A32-1005\/EEE 1005P"},{"@type":"WebPage","@id":"https:\/\/comerciallin.com\/index.php\/producto\/bateria-comp-asus-a31-1005-a32-1005-eee-1005p\/#webpage","url":"https:\/\/comerciallin.com\/index.php\/producto\/bateria-comp-asus-a31-1005-a32-1005-eee-1005p\/","name":"BATERIA COMP ASUS A31-1005\/A32-1005\/EEE 1005P - tienda de electr\u00f3nica y computaci\u00f3n","isPartOf":{"@id":"https:\/\/comerciallin.com\/#website"},"primaryImageOfPage":{"@id":"https:\/\/comerciallin.com\/index.php\/producto\/bateria-comp-asus-a31-1005-a32-1005-eee-1005p\/#primaryimage"},"datePublished":"2022-11-07T18:26:54+00:00","dateModified":"2025-01-14T18:54:12+00:00","breadcrumb":{"@id":"https:\/\/comerciallin.com\/index.php\/producto\/bateria-comp-asus-a31-1005-a32-1005-eee-1005p\/#breadcrumb"},"inLanguage":"es","potentialAction":[{"@type":"ReadAction","target":["https:\/\/comerciallin.com\/index.php\/producto\/bateria-comp-asus-a31-1005-a32-1005-eee-1005p\/"]}]},{"@type":"BreadcrumbList","@id":"https:\/\/comerciallin.com\/index.php\/producto\/bateria-comp-asus-a31-1005-a32-1005-eee-1005p\/#breadcrumb","itemListElement":[{"@type":"ListItem","position":1,"name":"Inicio","item":"https:\/\/comerciallin.com\/"},{"@type":"ListItem","position":2,"name":"Shop","item":"https:\/\/comerciallin.com\/?page_id=3853"},{"@type":"ListItem","position":3,"name":"BATERIA COMP ASUS A31-1005\/A32-1005\/EEE 1005P"}]}]},"product_price_amount":"46.00","product_price_currency":"USD","og_availability":"instock","product_availability":"instock","product_retailer_item_id":"4451705035","product_condition":"new"},"jetpack-related-posts":[{"id":19742,"url":"https:\/\/comerciallin.com\/index.php\/producto\/pantalla-lapto-10-1-led-ks-431-101\/","url_meta":{"origin":19088,"position":0},"title":"PANTALLA LAPTO 10.1&#8243; LED KS-431 101","date":"8 de noviembre de 2022","format":false,"excerpt":"Pantalla 10.1 Slim 40 Pines","rel":"","context":"Entrada similar","img":{"alt_text":"","src":"","width":0,"height":0},"classes":[]},{"id":19738,"url":"https:\/\/comerciallin.com\/index.php\/producto\/pantalla-lapto-11-6-led-slim-40pin\/","url_meta":{"origin":19088,"position":1},"title":"PANTALLA LAPTO 11.6&#8243; LED SLIM 40PIN","date":"8 de noviembre de 2022","format":false,"excerpt":"Pantalla 11.6 Led 40p Ltn116at01-801 Ltn116at01-t01 Acer 751","rel":"","context":"Entrada similar","img":{"alt_text":"","src":"","width":0,"height":0},"classes":[]},{"id":19199,"url":"https:\/\/comerciallin.com\/index.php\/producto\/mem-ddr4-pc-8gb-3200ghz-kingstong-pc4-25600\/","url_meta":{"origin":19088,"position":2},"title":"MEM. DDR4 PC 8GB 3200GHZ KINGSTONG PC4-25600","date":"7 de noviembre de 2022","format":false,"excerpt":"Memoria DDR4 PC 8GB 3200GHZ KINGSTONG PC4-25600","rel":"","context":"Entrada similar","img":{"alt_text":"","src":"","width":0,"height":0},"classes":[]},{"id":19323,"url":"https:\/\/comerciallin.com\/index.php\/producto\/mem-ddr4-pc-16gb-3200ghz-kingstong-pc4-25600\/","url_meta":{"origin":19088,"position":3},"title":"MEM. DDR4 PC 16GB 3200GHZ KINGSTONG PC4-25600","date":"7 de noviembre de 2022","format":false,"excerpt":"Memoria DDR4 PC 16GB 3200GHZ KINGSTONG PC4-25600","rel":"","context":"Entrada similar","img":{"alt_text":"","src":"","width":0,"height":0},"classes":[]},{"id":19325,"url":"https:\/\/comerciallin.com\/index.php\/producto\/mem-ddr4-pc-16gb-3200ghz-kingstong-pc4-28800\/","url_meta":{"origin":19088,"position":4},"title":"MEM. DDR4 PC 16GB 3200GHZ KINGSTONG PC4-28800","date":"7 de noviembre de 2022","format":false,"excerpt":"Memoria DDR4 PC 16GB 3200GHZ KINGSTONG PC4-28800","rel":"","context":"Entrada similar","img":{"alt_text":"","src":"","width":0,"height":0},"classes":[]},{"id":21009,"url":"https:\/\/comerciallin.com\/index.php\/producto\/pc-intel-celeron-g4930-3-2ghz\/","url_meta":{"origin":19088,"position":5},"title":"Pc Intel Celeron\u00ae G4930 3.2GHZ","date":"1 de diciembre de 2022","format":false,"excerpt":"Procesador: Intel Celeron\u00ae G4930 3.2GHZ Gr\u00e1ficos:\u00a0UHD\u00a0Intel\u00ae 630 Motherboard:\u00a0Biostar H310MHP RAM:8GB\u00a0DDR4 2400MHz Almacenamiento: SSD\u00a0240GB GIGABYTE Teclado \/ Mouse \/ Parlantes Garantia de 1 a\u00f1o en todos los componenetes","rel":"","context":"Entrada similar","img":{"alt_text":"Pc Intel Celeron\u00ae G4930 3.2GHZ","src":"https:\/\/i0.wp.com\/comerciallin.com\/wp-content\/uploads\/2022\/12\/celeron240gb8gb.jpg?fit=992%2C744&ssl=1&resize=350%2C200","width":350,"height":200},"classes":[]}],"jetpack_sharing_enabled":true,"jetpack_likes_enabled":true,"_links":{"self":[{"href":"https:\/\/comerciallin.com\/index.php\/wp-json\/wp\/v2\/product\/19088"}],"collection":[{"href":"https:\/\/comerciallin.com\/index.php\/wp-json\/wp\/v2\/product"}],"about":[{"href":"https:\/\/comerciallin.com\/index.php\/wp-json\/wp\/v2\/types\/product"}],"replies":[{"embeddable":true,"href":"https:\/\/comerciallin.com\/index.php\/wp-json\/wp\/v2\/comments?post=19088"}],"wp:featuredmedia":[{"embeddable":true,"href":"https:\/\/comerciallin.com\/index.php\/wp-json\/wp\/v2\/media\/21596"}],"wp:attachment":[{"href":"https:\/\/comerciallin.com\/index.php\/wp-json\/wp\/v2\/media?parent=19088"}],"wp:term":[{"taxonomy":"product_cat","embeddable":true,"href":"https:\/\/comerciallin.com\/index.php\/wp-json\/wp\/v2\/product_cat?post=19088"},{"taxonomy":"product_tag","embeddable":true,"href":"https:\/\/comerciallin.com\/index.php\/wp-json\/wp\/v2\/product_tag?post=19088"}],"curies":[{"name":"wp","href":"https:\/\/api.w.org\/{rel}","templated":true}]}}