{"id":19074,"date":"2022-11-07T13:26:51","date_gmt":"2022-11-07T18:26:51","guid":{"rendered":"https:\/\/comerciallin.com\/index.php\/producto\/bateria-comp-sony-vgp-bps35-vgp-bps35a-vaio-t\/"},"modified":"2025-01-14T13:54:42","modified_gmt":"2025-01-14T18:54:42","slug":"bateria-comp-sony-vgp-bps35-vgp-bps35a-vaio-t","status":"publish","type":"product","link":"https:\/\/comerciallin.com\/index.php\/producto\/bateria-comp-sony-vgp-bps35-vgp-bps35a-vaio-t\/","title":{"rendered":"BATERIA COMP SONY VGP-BPS35\/VGP-BPS35A\/VAIO-T"},"content":{"rendered":"<p>Compatible N\u00famero de parte: \u2013 VGP-BPS35 \u2013 VGP-BPS35 A<br \/>\n Compatible para:<br \/>\n Sony VAIO \u2013 14E Series<br \/>\n Sony VAIO \u2013 15E Series \u2013 Sony SVF142 C29L \u2013 Sony SVF14215CXB \u2013 Sony svf1521 a2e \u2013 Sony svf15217sc \u2013 Sony svf14215sc \u2013 Sony svf15218sc \u2013 Sony svf15216sc \u2013 Sony svf152 a27t \u2013 Sony svf152 a25t \u2013 Sony svf152 a24t \u2013 Sony svf142 a29l \u2013 Sony SVF142 C29U \u2013 Sony svf14322cxb<\/p>\n","protected":false},"excerpt":{"rendered":"<table>\n<tbody>\n<tr>\n<td>Voltaje<\/td>\n<td>14.8 Voltios<\/td>\n<\/tr>\n<tr>\n<td>Compatible Devices<\/td>\n<td>Laptop<\/td>\n<\/tr>\n<tr>\n<td>Dimensiones del art&iacute;culo Largo x Ancho x Altura<\/td>\n<td>11.6 x 2.8 x 1.2 pulgadas<\/td>\n<\/tr>\n<\/tbody>\n<\/table>\n","protected":false},"featured_media":21690,"comment_status":"open","ping_status":"closed","template":"","meta":{"spay_email":""},"product_cat":[796],"product_tag":[],"supplier_id":null,"supplier_sku":"","barcode":null,"atum_controlled":true,"out_stock_date":null,"out_stock_threshold":null,"inheritable":false,"inbound_stock":null,"stock_on_hold":0,"sold_today":0,"sales_last_days":0,"reserved_stock":null,"customer_returns":null,"warehouse_damage":null,"lost_in_post":null,"other_logs":null,"out_stock_days":0,"lost_sales":0,"has_location":null,"update_date":"2026-05-07T00:17:38","atum_locations":[],"atum_stock_status":"instock","restock_status":false,"low_stock_amount":"","sales_update_date":"2026-05-07T00:17:38","calc_backorders":null,"acf":[],"yoast_head":"<!-- This site is optimized with the Yoast SEO Premium plugin v17.4 (Yoast SEO v17.4) - https:\/\/yoast.com\/wordpress\/plugins\/seo\/ -->\n<title>BATERIA COMP SONY VGP-BPS35\/VGP-BPS35A\/VAIO-T - tienda de electr\u00f3nica y computaci\u00f3n<\/title>\n<meta name=\"robots\" content=\"index, follow, max-snippet:-1, max-image-preview:large, max-video-preview:-1\" \/>\n<link rel=\"canonical\" href=\"https:\/\/comerciallin.com\/index.php\/producto\/bateria-comp-sony-vgp-bps35-vgp-bps35a-vaio-t\/\" \/>\n<meta property=\"og:locale\" content=\"es_ES\" \/>\n<meta property=\"og:type\" content=\"article\" \/>\n<meta property=\"og:title\" content=\"BATERIA COMP SONY VGP-BPS35\/VGP-BPS35A\/VAIO-T\" \/>\n<meta property=\"og:description\" content=\"Voltaje 14.8 Voltios   Compatible Devices Laptop   Dimensiones del art&iacute;culo Largo x Ancho x Altura 11.6 x 2.8 x 1.2 pulgadas\" \/>\n<meta property=\"og:url\" content=\"https:\/\/comerciallin.com\/index.php\/producto\/bateria-comp-sony-vgp-bps35-vgp-bps35a-vaio-t\/\" \/>\n<meta property=\"og:site_name\" content=\"tienda de electr\u00f3nica y computaci\u00f3n\" \/>\n<meta property=\"article:modified_time\" content=\"2025-01-14T18:54:42+00:00\" \/>\n<meta name=\"twitter:card\" content=\"summary_large_image\" \/>\n<meta name=\"twitter:image\" content=\"https:\/\/i0.wp.com\/comerciallin.com\/wp-content\/uploads\/2023\/02\/537030100102.jpg?fit=%2C&amp;ssl=1\" \/>\n<meta name=\"twitter:label1\" content=\"Precio\" \/>\n\t<meta name=\"twitter:data1\" content=\"&#36;46,00\" \/>\n\t<meta name=\"twitter:label2\" content=\"Availability\" \/>\n\t<meta name=\"twitter:data2\" content=\"In stock\" \/>\n<script type=\"application\/ld+json\" class=\"yoast-schema-graph\">{\"@context\":\"https:\/\/schema.org\",\"@graph\":[{\"@type\":\"WebSite\",\"@id\":\"https:\/\/comerciallin.com\/#website\",\"url\":\"https:\/\/comerciallin.com\/\",\"name\":\"tienda de electr\\u00f3nica y computaci\\u00f3n\",\"description\":\"Importadora de Electr\\u00f3nica y Computaci\\u00f3n\",\"potentialAction\":[{\"@type\":\"SearchAction\",\"target\":{\"@type\":\"EntryPoint\",\"urlTemplate\":\"https:\/\/comerciallin.com\/?s={search_term_string}\"},\"query-input\":\"required name=search_term_string\"}],\"inLanguage\":\"es\"},{\"@type\":\"ImageObject\",\"@id\":\"https:\/\/comerciallin.com\/index.php\/producto\/bateria-comp-sony-vgp-bps35-vgp-bps35a-vaio-t\/#primaryimage\",\"inLanguage\":\"es\",\"url\":\"https:\/\/i0.wp.com\/comerciallin.com\/wp-content\/uploads\/2023\/02\/537030100102.jpg?fit=%2C&ssl=1\",\"contentUrl\":\"https:\/\/i0.wp.com\/comerciallin.com\/wp-content\/uploads\/2023\/02\/537030100102.jpg?fit=%2C&ssl=1\",\"caption\":\"BATERIA COMP SONY VGP-BPS35\/VGP-BPS35A\/VAIO-T\"},{\"@type\":\"WebPage\",\"@id\":\"https:\/\/comerciallin.com\/index.php\/producto\/bateria-comp-sony-vgp-bps35-vgp-bps35a-vaio-t\/#webpage\",\"url\":\"https:\/\/comerciallin.com\/index.php\/producto\/bateria-comp-sony-vgp-bps35-vgp-bps35a-vaio-t\/\",\"name\":\"BATERIA COMP SONY VGP-BPS35\/VGP-BPS35A\/VAIO-T - tienda de electr\\u00f3nica y computaci\\u00f3n\",\"isPartOf\":{\"@id\":\"https:\/\/comerciallin.com\/#website\"},\"primaryImageOfPage\":{\"@id\":\"https:\/\/comerciallin.com\/index.php\/producto\/bateria-comp-sony-vgp-bps35-vgp-bps35a-vaio-t\/#primaryimage\"},\"datePublished\":\"2022-11-07T18:26:51+00:00\",\"dateModified\":\"2025-01-14T18:54:42+00:00\",\"breadcrumb\":{\"@id\":\"https:\/\/comerciallin.com\/index.php\/producto\/bateria-comp-sony-vgp-bps35-vgp-bps35a-vaio-t\/#breadcrumb\"},\"inLanguage\":\"es\",\"potentialAction\":[{\"@type\":\"ReadAction\",\"target\":[\"https:\/\/comerciallin.com\/index.php\/producto\/bateria-comp-sony-vgp-bps35-vgp-bps35a-vaio-t\/\"]}]},{\"@type\":\"BreadcrumbList\",\"@id\":\"https:\/\/comerciallin.com\/index.php\/producto\/bateria-comp-sony-vgp-bps35-vgp-bps35a-vaio-t\/#breadcrumb\",\"itemListElement\":[{\"@type\":\"ListItem\",\"position\":1,\"name\":\"Inicio\",\"item\":\"https:\/\/comerciallin.com\/\"},{\"@type\":\"ListItem\",\"position\":2,\"name\":\"Shop\",\"item\":\"https:\/\/comerciallin.com\/?page_id=3853\"},{\"@type\":\"ListItem\",\"position\":3,\"name\":\"BATERIA COMP SONY VGP-BPS35\/VGP-BPS35A\/VAIO-T\"}]}]}<\/script>\n<meta property=\"product:price:amount\" content=\"46.00\" \/>\n<meta property=\"product:price:currency\" content=\"USD\" \/>\n<meta property=\"og:availability\" content=\"instock\" \/>\n<meta property=\"product:availability\" content=\"instock\" \/>\n<meta property=\"product:retailer_item_id\" content=\"537030100102\" \/>\n<meta property=\"product:condition\" content=\"new\" \/>\n<!-- \/ Yoast SEO Premium plugin. -->","yoast_head_json":{"title":"BATERIA COMP SONY VGP-BPS35\/VGP-BPS35A\/VAIO-T - tienda de electr\u00f3nica y computaci\u00f3n","robots":{"index":"index","follow":"follow","max-snippet":"max-snippet:-1","max-image-preview":"max-image-preview:large","max-video-preview":"max-video-preview:-1"},"canonical":"https:\/\/comerciallin.com\/index.php\/producto\/bateria-comp-sony-vgp-bps35-vgp-bps35a-vaio-t\/","og_locale":"es_ES","og_type":"article","og_title":"BATERIA COMP SONY VGP-BPS35\/VGP-BPS35A\/VAIO-T","og_description":"Voltaje 14.8 Voltios   Compatible Devices Laptop   Dimensiones del art&iacute;culo Largo x Ancho x Altura 11.6 x 2.8 x 1.2 pulgadas","og_url":"https:\/\/comerciallin.com\/index.php\/producto\/bateria-comp-sony-vgp-bps35-vgp-bps35a-vaio-t\/","og_site_name":"tienda de electr\u00f3nica y computaci\u00f3n","article_modified_time":"2025-01-14T18:54:42+00:00","twitter_card":"summary_large_image","twitter_image":"https:\/\/i0.wp.com\/comerciallin.com\/wp-content\/uploads\/2023\/02\/537030100102.jpg?fit=%2C&ssl=1","twitter_misc":{"Precio":"&#36;46,00","Availability":"In stock"},"schema":{"@context":"https:\/\/schema.org","@graph":[{"@type":"WebSite","@id":"https:\/\/comerciallin.com\/#website","url":"https:\/\/comerciallin.com\/","name":"tienda de electr\u00f3nica y computaci\u00f3n","description":"Importadora de Electr\u00f3nica y Computaci\u00f3n","potentialAction":[{"@type":"SearchAction","target":{"@type":"EntryPoint","urlTemplate":"https:\/\/comerciallin.com\/?s={search_term_string}"},"query-input":"required name=search_term_string"}],"inLanguage":"es"},{"@type":"ImageObject","@id":"https:\/\/comerciallin.com\/index.php\/producto\/bateria-comp-sony-vgp-bps35-vgp-bps35a-vaio-t\/#primaryimage","inLanguage":"es","url":"https:\/\/i0.wp.com\/comerciallin.com\/wp-content\/uploads\/2023\/02\/537030100102.jpg?fit=%2C&ssl=1","contentUrl":"https:\/\/i0.wp.com\/comerciallin.com\/wp-content\/uploads\/2023\/02\/537030100102.jpg?fit=%2C&ssl=1","caption":"BATERIA COMP SONY VGP-BPS35\/VGP-BPS35A\/VAIO-T"},{"@type":"WebPage","@id":"https:\/\/comerciallin.com\/index.php\/producto\/bateria-comp-sony-vgp-bps35-vgp-bps35a-vaio-t\/#webpage","url":"https:\/\/comerciallin.com\/index.php\/producto\/bateria-comp-sony-vgp-bps35-vgp-bps35a-vaio-t\/","name":"BATERIA COMP SONY VGP-BPS35\/VGP-BPS35A\/VAIO-T - tienda de electr\u00f3nica y computaci\u00f3n","isPartOf":{"@id":"https:\/\/comerciallin.com\/#website"},"primaryImageOfPage":{"@id":"https:\/\/comerciallin.com\/index.php\/producto\/bateria-comp-sony-vgp-bps35-vgp-bps35a-vaio-t\/#primaryimage"},"datePublished":"2022-11-07T18:26:51+00:00","dateModified":"2025-01-14T18:54:42+00:00","breadcrumb":{"@id":"https:\/\/comerciallin.com\/index.php\/producto\/bateria-comp-sony-vgp-bps35-vgp-bps35a-vaio-t\/#breadcrumb"},"inLanguage":"es","potentialAction":[{"@type":"ReadAction","target":["https:\/\/comerciallin.com\/index.php\/producto\/bateria-comp-sony-vgp-bps35-vgp-bps35a-vaio-t\/"]}]},{"@type":"BreadcrumbList","@id":"https:\/\/comerciallin.com\/index.php\/producto\/bateria-comp-sony-vgp-bps35-vgp-bps35a-vaio-t\/#breadcrumb","itemListElement":[{"@type":"ListItem","position":1,"name":"Inicio","item":"https:\/\/comerciallin.com\/"},{"@type":"ListItem","position":2,"name":"Shop","item":"https:\/\/comerciallin.com\/?page_id=3853"},{"@type":"ListItem","position":3,"name":"BATERIA COMP SONY VGP-BPS35\/VGP-BPS35A\/VAIO-T"}]}]},"product_price_amount":"46.00","product_price_currency":"USD","og_availability":"instock","product_availability":"instock","product_retailer_item_id":"537030100102","product_condition":"new"},"jetpack-related-posts":[{"id":19110,"url":"https:\/\/comerciallin.com\/index.php\/producto\/bateria-comp-sony-vgp-bps13-b-vgp-bps13-q-vg3\/","url_meta":{"origin":19074,"position":0},"title":"BATERIA COMP SONY VGP-BPS13-B\/VGP-BPS13-Q\/VG3","date":"7 de noviembre de 2022","format":false,"excerpt":"Voltaje 11.1 Voltios Compatible Devices Laptop Reutilizaci\u00f3n Rechargeable","rel":"","context":"Entrada similar","img":{"alt_text":"","src":"","width":0,"height":0},"classes":[]},{"id":19235,"url":"https:\/\/comerciallin.com\/index.php\/producto\/bateria-comp-sony-vgp-bps26-vgp-bpl26-vgp-bpg\/","url_meta":{"origin":19074,"position":1},"title":"BATERIA COMP SONY VGP-BPS26\/VGP-BPL26\/VGP-BPG","date":"7 de noviembre de 2022","format":false,"excerpt":"Voltaje 11.1 Voltios Compatible Devices Laptop Reutilizaci\u00f3n Rechargeable","rel":"","context":"Entrada similar","img":{"alt_text":"","src":"","width":0,"height":0},"classes":[]},{"id":19283,"url":"https:\/\/comerciallin.com\/index.php\/producto\/bateria-comp-sony-vgp-bps9-vgp-bps9-s-vgp-bpz\/","url_meta":{"origin":19074,"position":2},"title":"BATERIA COMP SONY VGP-BPS9\/VGP-BPS9-S\/VGP-BPZ","date":"7 de noviembre de 2022","format":false,"excerpt":"Battery type: Li-ion Replacement battery Capacity: 5200mAh Voltage:11.1V(compatible with 10.8V battery) Celdas: 6 cell","rel":"","context":"Entrada similar","img":{"alt_text":"","src":"","width":0,"height":0},"classes":[]},{"id":19147,"url":"https:\/\/comerciallin.com\/index.php\/producto\/bateria-comp-sony-vgp-bps2-pcgabpz51-vgp-bpl\/","url_meta":{"origin":19074,"position":3},"title":"BATERIA COMP SONY VGP-BPS2\/PCGABPZ51\/VGP-BPL-","date":"7 de noviembre de 2022","format":false,"excerpt":"Voltaje 11.1 Voltios Peso del producto 1 Libras Tipo de celda de bater\u00eda Litio Ion Capacidad 4400 Miliamperios Hora (mAh)","rel":"","context":"Entrada similar","img":{"alt_text":"","src":"","width":0,"height":0},"classes":[]},{"id":26094,"url":"https:\/\/comerciallin.com\/index.php\/producto\/bateria-camara-bn-1-sony\/","url_meta":{"origin":19074,"position":4},"title":"BATERIA CAMARA BN-1 SONY","date":"29 de enero de 2024","format":false,"excerpt":"La bater\u00eda de c\u00e1mara BN-1 de Sony es una bater\u00eda de iones de litio de alta capacidad que proporciona un tiempo de grabaci\u00f3n prolongado para una variedad de c\u00e1maras compactas Sony. Tiene una capacidad de 1200 mAh y un voltaje de 3,7 V.","rel":"","context":"Entrada similar","img":{"alt_text":"BATERIA CAMARA BN-1 SONY","src":"https:\/\/i0.wp.com\/comerciallin.com\/wp-content\/uploads\/2024\/01\/421206010102-1.jpg?fit=1080%2C1080&ssl=1&resize=350%2C200","width":350,"height":200},"classes":[]},{"id":26096,"url":"https:\/\/comerciallin.com\/index.php\/producto\/bateria-camara-sony-fm-50\/","url_meta":{"origin":19074,"position":5},"title":"BATERIA CAMARA SONY FM-50","date":"29 de enero de 2024","format":false,"excerpt":"La bater\u00eda de c\u00e1mara Sony FM-50 es una bater\u00eda de iones de litio de alta capacidad que proporciona un tiempo de grabaci\u00f3n prolongado para una variedad de c\u00e1maras compactas y videoc\u00e1maras Sony. Tiene una capacidad de 1150 mAh y un voltaje de 3,7 V.","rel":"","context":"Entrada similar","img":{"alt_text":"BATERIA CAMARA SONY FM-50","src":"https:\/\/i0.wp.com\/comerciallin.com\/wp-content\/uploads\/2024\/01\/421206010103-1.jpg?fit=1080%2C1080&ssl=1&resize=350%2C200","width":350,"height":200},"classes":[]}],"jetpack_sharing_enabled":true,"jetpack_likes_enabled":true,"_links":{"self":[{"href":"https:\/\/comerciallin.com\/index.php\/wp-json\/wp\/v2\/product\/19074"}],"collection":[{"href":"https:\/\/comerciallin.com\/index.php\/wp-json\/wp\/v2\/product"}],"about":[{"href":"https:\/\/comerciallin.com\/index.php\/wp-json\/wp\/v2\/types\/product"}],"replies":[{"embeddable":true,"href":"https:\/\/comerciallin.com\/index.php\/wp-json\/wp\/v2\/comments?post=19074"}],"wp:featuredmedia":[{"embeddable":true,"href":"https:\/\/comerciallin.com\/index.php\/wp-json\/wp\/v2\/media\/21690"}],"wp:attachment":[{"href":"https:\/\/comerciallin.com\/index.php\/wp-json\/wp\/v2\/media?parent=19074"}],"wp:term":[{"taxonomy":"product_cat","embeddable":true,"href":"https:\/\/comerciallin.com\/index.php\/wp-json\/wp\/v2\/product_cat?post=19074"},{"taxonomy":"product_tag","embeddable":true,"href":"https:\/\/comerciallin.com\/index.php\/wp-json\/wp\/v2\/product_tag?post=19074"}],"curies":[{"name":"wp","href":"https:\/\/api.w.org\/{rel}","templated":true}]}}