{"id":19072,"date":"2022-11-07T13:26:51","date_gmt":"2022-11-07T18:26:51","guid":{"rendered":"https:\/\/comerciallin.com\/index.php\/producto\/bateria-comp-acer-ac14b8k-e3-111-v3-111-v3-11\/"},"modified":"2025-01-14T13:54:07","modified_gmt":"2025-01-14T18:54:07","slug":"bateria-comp-acer-ac14b8k-e3-111-v3-111-v3-11","status":"publish","type":"product","link":"https:\/\/comerciallin.com\/index.php\/producto\/bateria-comp-acer-ac14b8k-e3-111-v3-111-v3-11\/","title":{"rendered":"BATERIA COMP ACER AC14B8K\/E3-111\/V3-111\/V3-11"},"content":{"rendered":"<ul>\n<li><span>Reemplazo nuevo, funciona como piezas originales, 100% compatible con OEM.<\/span><\/li>\n<li><span>Compatible con: AC14B8K KT.0040G.004 KT0030G.004 3ICP5\/57\/80 Bater&iacute;a para Acer Chromebook 15 11 CB5-571-C5XU CB5-571-C4G4 CB3- 531-C4A5 R5-571T-59DC ES1-518 E3-111 CB5-571-C09S CB5-571-C1DZ R3-131T-C1YF 131T-C28S R5-571T-57Z0 R5-471T- 52EE ES1-531-C2KX V3-371-59YR; Chromebook 11 CB3-111 13 CB5-311 15 C910 Aspire E3-111 E3-112 E3-112M ES1-511 ES1 -512 Gateway NE512 TravelMate B115-M B115-MP Notebook; Packard Bell EasyNote TF71-BM TG71-BM TG81-BA TG83-BA.<\/span><\/li>\n<li><span>Sustituye a: Acer Chromebook 11 13 15 CB3-111 CB3-111-C670 CB3-511 C810 CB5-311 C910 CB3- 531 CB5-571 CB5-571-C1DZ Acer Aspire V3-371 V3-371-55DT V3-371-51QJ V3-371-30FA V3-371-52PY V3-111 V3-111P V5- V5-122 V5- V3-371-52PY 2P V5-132 V5-132P R3-131T R3-131T-P344 R5-571T R5-571TG R5-431T R5-471T R7-371T R7-372T E3-111 E3-112 E3-112M ES1-111 ES1-111M ES1-131 ES1-311 ES1-511 ES1-512 ES1-520 ES1-521 ES1-531 ES1-731 731G E5-771 E5-771G. Nota: la bater&iacute;a no es compatible con el AC14B3K AC14B18J.<\/span><\/li>\n<\/ul>\n","protected":false},"excerpt":{"rendered":"<table>\n<tbody>\n<tr>\n<td>Cantidad de bater&iacute;as<\/td>\n<td>1 Iones de litio necesaria(s), incluida(s)<\/td>\n<\/tr>\n<tr>\n<td>Marca<\/td>\n<td>TREE.NB<\/td>\n<\/tr>\n<tr>\n<td>Composici&oacute;n de las celdas de la bater&iacute;a<\/td>\n<td>Litio Ion<\/td>\n<\/tr>\n<tr>\n<td>Voltaje<\/td>\n<td>15.21 Voltios<\/td>\n<\/tr>\n<tr>\n<td>Reutilizaci&oacute;n<\/td>\n<td>Rechargeable<\/td>\n<\/tr>\n<tr>\n<td>Peso de la bater&iacute;a<\/td>\n<td>200 Gramos<\/td>\n<\/tr>\n<\/tbody>\n<\/table>\n","protected":false},"featured_media":21577,"comment_status":"open","ping_status":"closed","template":"","meta":{"spay_email":""},"product_cat":[792],"product_tag":[],"supplier_id":null,"supplier_sku":"","barcode":null,"atum_controlled":true,"out_stock_date":null,"out_stock_threshold":null,"inheritable":false,"inbound_stock":null,"stock_on_hold":0,"sold_today":0,"sales_last_days":0,"reserved_stock":null,"customer_returns":null,"warehouse_damage":null,"lost_in_post":null,"other_logs":null,"out_stock_days":0,"lost_sales":0,"has_location":null,"update_date":"2026-05-05T00:17:09","atum_locations":[],"atum_stock_status":"instock","restock_status":false,"low_stock_amount":"","sales_update_date":"2026-05-05T00:17:09","calc_backorders":null,"acf":[],"yoast_head":"<!-- This site is optimized with the Yoast SEO Premium plugin v17.4 (Yoast SEO v17.4) - https:\/\/yoast.com\/wordpress\/plugins\/seo\/ -->\n<title>BATERIA COMP ACER AC14B8K\/E3-111\/V3-111\/V3-11 - tienda de electr\u00f3nica y computaci\u00f3n<\/title>\n<meta name=\"robots\" content=\"index, follow, max-snippet:-1, max-image-preview:large, max-video-preview:-1\" \/>\n<link rel=\"canonical\" href=\"https:\/\/comerciallin.com\/index.php\/producto\/bateria-comp-acer-ac14b8k-e3-111-v3-111-v3-11\/\" \/>\n<meta property=\"og:locale\" content=\"es_ES\" \/>\n<meta property=\"og:type\" content=\"article\" \/>\n<meta property=\"og:title\" content=\"BATERIA COMP ACER AC14B8K\/E3-111\/V3-111\/V3-11\" \/>\n<meta property=\"og:description\" content=\"Cantidad de bater&iacute;as 1 Iones de litio necesaria(s), incluida(s)   Marca TREE.NB   Composici&oacute;n de las celdas de la bater&iacute;a Litio Ion   Voltaje 15.21 Voltios   Reutilizaci&oacute;n Rechargeable   Peso de la bater&iacute;a 200 Gramos\" \/>\n<meta property=\"og:url\" content=\"https:\/\/comerciallin.com\/index.php\/producto\/bateria-comp-acer-ac14b8k-e3-111-v3-111-v3-11\/\" \/>\n<meta property=\"og:site_name\" content=\"tienda de electr\u00f3nica y computaci\u00f3n\" \/>\n<meta property=\"article:modified_time\" content=\"2025-01-14T18:54:07+00:00\" \/>\n<meta property=\"og:image\" content=\"https:\/\/comerciallin.com\/wp-content\/uploads\/2023\/02\/537030110503.jpg\" \/>\n\t<meta property=\"og:image:width\" content=\"992\" \/>\n\t<meta property=\"og:image:height\" content=\"744\" \/>\n<meta name=\"twitter:card\" content=\"summary_large_image\" \/>\n<meta name=\"twitter:label1\" content=\"Precio\" \/>\n\t<meta name=\"twitter:data1\" content=\"&#36;46,00\" \/>\n\t<meta name=\"twitter:label2\" content=\"Availability\" \/>\n\t<meta name=\"twitter:data2\" content=\"In stock\" \/>\n<script type=\"application\/ld+json\" class=\"yoast-schema-graph\">{\"@context\":\"https:\/\/schema.org\",\"@graph\":[{\"@type\":\"WebSite\",\"@id\":\"https:\/\/comerciallin.com\/#website\",\"url\":\"https:\/\/comerciallin.com\/\",\"name\":\"tienda de electr\\u00f3nica y computaci\\u00f3n\",\"description\":\"Importadora de Electr\\u00f3nica y Computaci\\u00f3n\",\"potentialAction\":[{\"@type\":\"SearchAction\",\"target\":{\"@type\":\"EntryPoint\",\"urlTemplate\":\"https:\/\/comerciallin.com\/?s={search_term_string}\"},\"query-input\":\"required name=search_term_string\"}],\"inLanguage\":\"es\"},{\"@type\":\"ImageObject\",\"@id\":\"https:\/\/comerciallin.com\/index.php\/producto\/bateria-comp-acer-ac14b8k-e3-111-v3-111-v3-11\/#primaryimage\",\"inLanguage\":\"es\",\"url\":\"https:\/\/i0.wp.com\/comerciallin.com\/wp-content\/uploads\/2023\/02\/537030110503.jpg?fit=992%2C744&ssl=1\",\"contentUrl\":\"https:\/\/i0.wp.com\/comerciallin.com\/wp-content\/uploads\/2023\/02\/537030110503.jpg?fit=992%2C744&ssl=1\",\"width\":992,\"height\":744,\"caption\":\"BATERIA COMP ACER AC14B8K\/E3-111\/V3-111\/V3-11\"},{\"@type\":\"WebPage\",\"@id\":\"https:\/\/comerciallin.com\/index.php\/producto\/bateria-comp-acer-ac14b8k-e3-111-v3-111-v3-11\/#webpage\",\"url\":\"https:\/\/comerciallin.com\/index.php\/producto\/bateria-comp-acer-ac14b8k-e3-111-v3-111-v3-11\/\",\"name\":\"BATERIA COMP ACER AC14B8K\/E3-111\/V3-111\/V3-11 - tienda de electr\\u00f3nica y computaci\\u00f3n\",\"isPartOf\":{\"@id\":\"https:\/\/comerciallin.com\/#website\"},\"primaryImageOfPage\":{\"@id\":\"https:\/\/comerciallin.com\/index.php\/producto\/bateria-comp-acer-ac14b8k-e3-111-v3-111-v3-11\/#primaryimage\"},\"datePublished\":\"2022-11-07T18:26:51+00:00\",\"dateModified\":\"2025-01-14T18:54:07+00:00\",\"breadcrumb\":{\"@id\":\"https:\/\/comerciallin.com\/index.php\/producto\/bateria-comp-acer-ac14b8k-e3-111-v3-111-v3-11\/#breadcrumb\"},\"inLanguage\":\"es\",\"potentialAction\":[{\"@type\":\"ReadAction\",\"target\":[\"https:\/\/comerciallin.com\/index.php\/producto\/bateria-comp-acer-ac14b8k-e3-111-v3-111-v3-11\/\"]}]},{\"@type\":\"BreadcrumbList\",\"@id\":\"https:\/\/comerciallin.com\/index.php\/producto\/bateria-comp-acer-ac14b8k-e3-111-v3-111-v3-11\/#breadcrumb\",\"itemListElement\":[{\"@type\":\"ListItem\",\"position\":1,\"name\":\"Inicio\",\"item\":\"https:\/\/comerciallin.com\/\"},{\"@type\":\"ListItem\",\"position\":2,\"name\":\"Shop\",\"item\":\"https:\/\/comerciallin.com\/?page_id=3853\"},{\"@type\":\"ListItem\",\"position\":3,\"name\":\"BATERIA COMP ACER AC14B8K\/E3-111\/V3-111\/V3-11\"}]}]}<\/script>\n<meta property=\"product:price:amount\" content=\"46.00\" \/>\n<meta property=\"product:price:currency\" content=\"USD\" \/>\n<meta property=\"og:availability\" content=\"instock\" \/>\n<meta property=\"product:availability\" content=\"instock\" \/>\n<meta property=\"product:retailer_item_id\" content=\"537030110503\" \/>\n<meta property=\"product:condition\" content=\"new\" \/>\n<!-- \/ Yoast SEO Premium plugin. -->","yoast_head_json":{"title":"BATERIA COMP ACER AC14B8K\/E3-111\/V3-111\/V3-11 - tienda de electr\u00f3nica y computaci\u00f3n","robots":{"index":"index","follow":"follow","max-snippet":"max-snippet:-1","max-image-preview":"max-image-preview:large","max-video-preview":"max-video-preview:-1"},"canonical":"https:\/\/comerciallin.com\/index.php\/producto\/bateria-comp-acer-ac14b8k-e3-111-v3-111-v3-11\/","og_locale":"es_ES","og_type":"article","og_title":"BATERIA COMP ACER AC14B8K\/E3-111\/V3-111\/V3-11","og_description":"Cantidad de bater&iacute;as 1 Iones de litio necesaria(s), incluida(s)   Marca TREE.NB   Composici&oacute;n de las celdas de la bater&iacute;a Litio Ion   Voltaje 15.21 Voltios   Reutilizaci&oacute;n Rechargeable   Peso de la bater&iacute;a 200 Gramos","og_url":"https:\/\/comerciallin.com\/index.php\/producto\/bateria-comp-acer-ac14b8k-e3-111-v3-111-v3-11\/","og_site_name":"tienda de electr\u00f3nica y computaci\u00f3n","article_modified_time":"2025-01-14T18:54:07+00:00","og_image":[{"width":992,"height":744,"url":"https:\/\/comerciallin.com\/wp-content\/uploads\/2023\/02\/537030110503.jpg","type":"image\/jpeg"}],"twitter_card":"summary_large_image","twitter_misc":{"Precio":"&#36;46,00","Availability":"In stock"},"schema":{"@context":"https:\/\/schema.org","@graph":[{"@type":"WebSite","@id":"https:\/\/comerciallin.com\/#website","url":"https:\/\/comerciallin.com\/","name":"tienda de electr\u00f3nica y computaci\u00f3n","description":"Importadora de Electr\u00f3nica y Computaci\u00f3n","potentialAction":[{"@type":"SearchAction","target":{"@type":"EntryPoint","urlTemplate":"https:\/\/comerciallin.com\/?s={search_term_string}"},"query-input":"required name=search_term_string"}],"inLanguage":"es"},{"@type":"ImageObject","@id":"https:\/\/comerciallin.com\/index.php\/producto\/bateria-comp-acer-ac14b8k-e3-111-v3-111-v3-11\/#primaryimage","inLanguage":"es","url":"https:\/\/i0.wp.com\/comerciallin.com\/wp-content\/uploads\/2023\/02\/537030110503.jpg?fit=992%2C744&ssl=1","contentUrl":"https:\/\/i0.wp.com\/comerciallin.com\/wp-content\/uploads\/2023\/02\/537030110503.jpg?fit=992%2C744&ssl=1","width":992,"height":744,"caption":"BATERIA COMP ACER AC14B8K\/E3-111\/V3-111\/V3-11"},{"@type":"WebPage","@id":"https:\/\/comerciallin.com\/index.php\/producto\/bateria-comp-acer-ac14b8k-e3-111-v3-111-v3-11\/#webpage","url":"https:\/\/comerciallin.com\/index.php\/producto\/bateria-comp-acer-ac14b8k-e3-111-v3-111-v3-11\/","name":"BATERIA COMP ACER AC14B8K\/E3-111\/V3-111\/V3-11 - tienda de electr\u00f3nica y computaci\u00f3n","isPartOf":{"@id":"https:\/\/comerciallin.com\/#website"},"primaryImageOfPage":{"@id":"https:\/\/comerciallin.com\/index.php\/producto\/bateria-comp-acer-ac14b8k-e3-111-v3-111-v3-11\/#primaryimage"},"datePublished":"2022-11-07T18:26:51+00:00","dateModified":"2025-01-14T18:54:07+00:00","breadcrumb":{"@id":"https:\/\/comerciallin.com\/index.php\/producto\/bateria-comp-acer-ac14b8k-e3-111-v3-111-v3-11\/#breadcrumb"},"inLanguage":"es","potentialAction":[{"@type":"ReadAction","target":["https:\/\/comerciallin.com\/index.php\/producto\/bateria-comp-acer-ac14b8k-e3-111-v3-111-v3-11\/"]}]},{"@type":"BreadcrumbList","@id":"https:\/\/comerciallin.com\/index.php\/producto\/bateria-comp-acer-ac14b8k-e3-111-v3-111-v3-11\/#breadcrumb","itemListElement":[{"@type":"ListItem","position":1,"name":"Inicio","item":"https:\/\/comerciallin.com\/"},{"@type":"ListItem","position":2,"name":"Shop","item":"https:\/\/comerciallin.com\/?page_id=3853"},{"@type":"ListItem","position":3,"name":"BATERIA COMP ACER AC14B8K\/E3-111\/V3-111\/V3-11"}]}]},"product_price_amount":"46.00","product_price_currency":"USD","og_availability":"instock","product_availability":"instock","product_retailer_item_id":"537030110503","product_condition":"new"},"jetpack-related-posts":[{"id":19595,"url":"https:\/\/comerciallin.com\/index.php\/producto\/teclado-p-lapto-comp-acer-aspire-v5-123-v51\/","url_meta":{"origin":19072,"position":0},"title":"TECLADO P. LAPTO COMP ACER ASPIRE V5-123 V51","date":"7 de noviembre de 2022","format":false,"excerpt":"TECLADO PARA ACER 14 725 756 V5-121 V5-171 S3 S5","rel":"","context":"Entrada similar","img":{"alt_text":"","src":"","width":0,"height":0},"classes":[]},{"id":19633,"url":"https:\/\/comerciallin.com\/index.php\/producto\/teclado-p-lapto-comp-acer-v5-531-v5-551-v5-5\/","url_meta":{"origin":19072,"position":1},"title":"TECLADO P. LAPTO COMP ACER V5-531\/V5-551\/V5-5","date":"7 de noviembre de 2022","format":false,"excerpt":"Teclado para port\u00e1til Acer V5-571 V5-531 V5-531P V5-551 V5-551G","rel":"","context":"Entrada similar","img":{"alt_text":"","src":"","width":0,"height":0},"classes":[]},{"id":19587,"url":"https:\/\/comerciallin.com\/index.php\/producto\/teclado-p-lapto-comp-acer-aspire-v3-431-e1-0\/","url_meta":{"origin":19072,"position":2},"title":"TECLADO P. LAPTO COMP ACER ASPIRE V3-431\/E1-0","date":"7 de noviembre de 2022","format":false,"excerpt":"Teclado para Acer Aspire V3-431 V3-471 V3-471G E1-470 E1-470G E1-470P E1-470PG E1-472 port\u00e1til negro","rel":"","context":"Entrada similar","img":{"alt_text":"","src":"","width":0,"height":0},"classes":[]},{"id":20854,"url":"https:\/\/comerciallin.com\/index.php\/producto\/bateria-comp-acer-al12a32-v5-v5-431-v5-531-v\/","url_meta":{"origin":19072,"position":3},"title":"BATERIA COMP ACER AL12A32\/V5-V5-431 V5-531 V","date":"10 de noviembre de 2022","format":false,"excerpt":"Voltaje 14.8 Voltios Battery Weight 340 Gramos Battery Cell Type Litio Ion","rel":"","context":"Entrada similar","img":{"alt_text":"BATERIA COMP ACER AL12A32\/V5-V5-431 V5-531 V","src":"https:\/\/i0.wp.com\/comerciallin.com\/wp-content\/uploads\/2023\/02\/537030180801.jpg?fit=992%2C744&ssl=1&resize=350%2C200","width":350,"height":200},"classes":[]},{"id":19737,"url":"https:\/\/comerciallin.com\/index.php\/producto\/pantalla-lapto-14-0-led\/","url_meta":{"origin":19072,"position":4},"title":"PANTALLA LAPTO 14.0&#8243; LED","date":"8 de noviembre de 2022","format":false,"excerpt":"Pantalla Display 14.0 Led 40p Hp 1000-1424la","rel":"","context":"Entrada similar","img":{"alt_text":"PANTALLA LAPTO 14.0\" LED","src":"https:\/\/i0.wp.com\/comerciallin.com\/wp-content\/uploads\/2023\/02\/122030100801.jpg?fit=992%2C744&ssl=1&resize=350%2C200","width":350,"height":200},"classes":[]},{"id":18986,"url":"https:\/\/comerciallin.com\/index.php\/producto\/gamer-audifono-v2\/","url_meta":{"origin":19072,"position":5},"title":"GAMER AUDIFONO V2","date":"7 de noviembre de 2022","format":false,"excerpt":"Marca: Gaming Edition Modelo: V3 Sensibilidad: 108 3dB Interfaz de auricular: USB 3.5 mm Impedancia: 16 15% Microfono: 6.0 x 5 mm Sensibilidad del microfono: 2.2 K Largo de linea: 2.1 M 0.15 Largo del cable: 224 cm Rango de frecuentcia: 20 Hz \u2013 20 Khz Voltaje de trabajo de\u2026","rel":"","context":"Entrada similar","img":{"alt_text":"","src":"","width":0,"height":0},"classes":[]}],"jetpack_sharing_enabled":true,"jetpack_likes_enabled":true,"_links":{"self":[{"href":"https:\/\/comerciallin.com\/index.php\/wp-json\/wp\/v2\/product\/19072"}],"collection":[{"href":"https:\/\/comerciallin.com\/index.php\/wp-json\/wp\/v2\/product"}],"about":[{"href":"https:\/\/comerciallin.com\/index.php\/wp-json\/wp\/v2\/types\/product"}],"replies":[{"embeddable":true,"href":"https:\/\/comerciallin.com\/index.php\/wp-json\/wp\/v2\/comments?post=19072"}],"wp:featuredmedia":[{"embeddable":true,"href":"https:\/\/comerciallin.com\/index.php\/wp-json\/wp\/v2\/media\/21577"}],"wp:attachment":[{"href":"https:\/\/comerciallin.com\/index.php\/wp-json\/wp\/v2\/media?parent=19072"}],"wp:term":[{"taxonomy":"product_cat","embeddable":true,"href":"https:\/\/comerciallin.com\/index.php\/wp-json\/wp\/v2\/product_cat?post=19072"},{"taxonomy":"product_tag","embeddable":true,"href":"https:\/\/comerciallin.com\/index.php\/wp-json\/wp\/v2\/product_tag?post=19072"}],"curies":[{"name":"wp","href":"https:\/\/api.w.org\/{rel}","templated":true}]}}