{"id":19070,"date":"2022-11-07T13:26:51","date_gmt":"2022-11-07T18:26:51","guid":{"rendered":"https:\/\/comerciallin.com\/index.php\/producto\/bateria-comp-dell-mr90y-111v-65wh-3421-377\/"},"modified":"2025-01-14T13:54:07","modified_gmt":"2025-01-14T18:54:07","slug":"bateria-comp-dell-mr90y-111v-65wh-3421-377","status":"publish","type":"product","link":"https:\/\/comerciallin.com\/index.php\/producto\/bateria-comp-dell-mr90y-111v-65wh-3421-377\/","title":{"rendered":"BATERIA COMP DELL MR90Y 11,1V-65WH\/ 3421\/377"},"content":{"rendered":"<ul>\n<li>Tipo de bater&iacute;a: Li-ion; Capacidad: 65 Wh; Voltaje: 11,1 V; Celdas: 6 celdas; Color: Negro<\/li>\n<li>Modelos compatibles: Dell Inspiron 14 14R 15 15R 17 17R, Latitude 3440 3540, Vostro 2421 2521.<\/li>\n<li>Compatible P\/N: MR90Y N12ST, G35K4 MK1R0 YGMTN 6HY59 6XH00 9K1VP G019Y T1G4M VR7HM.<\/li>\n<\/ul>\n","protected":false},"excerpt":{"rendered":"<table class=\"a-normal a-spacing-micro\">\n<tbody>\n<tr class=\"a-spacing-small\">\n<td class=\"a-span3\"><span class=\"a-size-base a-text-bold\">Voltaje<\/span><\/td>\n<td class=\"a-span9\"><span class=\"a-size-base\">11.1 Voltios<\/span><\/td>\n<\/tr>\n<tr class=\"a-spacing-small\">\n<td class=\"a-span3\"><span class=\"a-size-base a-text-bold\">Compatible Devices<\/span><\/td>\n<td class=\"a-span9\"><span class=\"a-size-base\">Laptop<\/span><\/td>\n<\/tr>\n<tr class=\"a-spacing-small\">\n<td class=\"a-span3\"><span class=\"a-size-base a-text-bold\">Tipo de celda de bater&iacute;a<\/span><\/td>\n<td class=\"a-span9\"><span class=\"a-size-base\">Litio Ion<\/span><\/td>\n<\/tr>\n<\/tbody>\n<\/table>\n","protected":false},"featured_media":21576,"comment_status":"open","ping_status":"closed","template":"","meta":{"spay_email":""},"product_cat":[791],"product_tag":[],"supplier_id":null,"supplier_sku":"","barcode":null,"atum_controlled":true,"out_stock_date":null,"out_stock_threshold":null,"inheritable":false,"inbound_stock":null,"stock_on_hold":0,"sold_today":0,"sales_last_days":0,"reserved_stock":null,"customer_returns":null,"warehouse_damage":null,"lost_in_post":null,"other_logs":null,"out_stock_days":0,"lost_sales":0,"has_location":null,"update_date":"2026-04-30T00:11:45","atum_locations":[],"atum_stock_status":"instock","restock_status":false,"low_stock_amount":"","sales_update_date":"2026-04-30T00:11:45","calc_backorders":null,"acf":[],"yoast_head":"<!-- This site is optimized with the Yoast SEO Premium plugin v17.4 (Yoast SEO v17.4) - https:\/\/yoast.com\/wordpress\/plugins\/seo\/ -->\n<title>BATERIA COMP DELL MR90Y 11,1V-65WH\/ 3421\/377 - tienda de electr\u00f3nica y computaci\u00f3n<\/title>\n<meta name=\"robots\" content=\"index, follow, max-snippet:-1, max-image-preview:large, max-video-preview:-1\" \/>\n<link rel=\"canonical\" href=\"https:\/\/comerciallin.com\/index.php\/producto\/bateria-comp-dell-mr90y-111v-65wh-3421-377\/\" \/>\n<meta property=\"og:locale\" content=\"es_ES\" \/>\n<meta property=\"og:type\" content=\"article\" \/>\n<meta property=\"og:title\" content=\"BATERIA COMP DELL MR90Y 11,1V-65WH\/ 3421\/377\" \/>\n<meta property=\"og:description\" content=\"Voltaje 11.1 Voltios   Compatible Devices Laptop   Tipo de celda de bater&iacute;a Litio Ion\" \/>\n<meta property=\"og:url\" content=\"https:\/\/comerciallin.com\/index.php\/producto\/bateria-comp-dell-mr90y-111v-65wh-3421-377\/\" \/>\n<meta property=\"og:site_name\" content=\"tienda de electr\u00f3nica y computaci\u00f3n\" \/>\n<meta property=\"article:modified_time\" content=\"2025-01-14T18:54:07+00:00\" \/>\n<meta property=\"og:image\" content=\"https:\/\/comerciallin.com\/wp-content\/uploads\/2023\/02\/4451606033.jpg\" \/>\n\t<meta property=\"og:image:width\" content=\"992\" \/>\n\t<meta property=\"og:image:height\" content=\"744\" \/>\n<meta name=\"twitter:card\" content=\"summary_large_image\" \/>\n<meta name=\"twitter:label1\" content=\"Precio\" \/>\n\t<meta name=\"twitter:data1\" content=\"&#36;51,75\" \/>\n\t<meta name=\"twitter:label2\" content=\"Availability\" \/>\n\t<meta name=\"twitter:data2\" content=\"In stock\" \/>\n<script type=\"application\/ld+json\" class=\"yoast-schema-graph\">{\"@context\":\"https:\/\/schema.org\",\"@graph\":[{\"@type\":\"WebSite\",\"@id\":\"https:\/\/comerciallin.com\/#website\",\"url\":\"https:\/\/comerciallin.com\/\",\"name\":\"tienda de electr\\u00f3nica y computaci\\u00f3n\",\"description\":\"Importadora de Electr\\u00f3nica y Computaci\\u00f3n\",\"potentialAction\":[{\"@type\":\"SearchAction\",\"target\":{\"@type\":\"EntryPoint\",\"urlTemplate\":\"https:\/\/comerciallin.com\/?s={search_term_string}\"},\"query-input\":\"required name=search_term_string\"}],\"inLanguage\":\"es\"},{\"@type\":\"ImageObject\",\"@id\":\"https:\/\/comerciallin.com\/index.php\/producto\/bateria-comp-dell-mr90y-111v-65wh-3421-377\/#primaryimage\",\"inLanguage\":\"es\",\"url\":\"https:\/\/i0.wp.com\/comerciallin.com\/wp-content\/uploads\/2023\/02\/4451606033.jpg?fit=992%2C744&ssl=1\",\"contentUrl\":\"https:\/\/i0.wp.com\/comerciallin.com\/wp-content\/uploads\/2023\/02\/4451606033.jpg?fit=992%2C744&ssl=1\",\"width\":992,\"height\":744,\"caption\":\"BATERIA COMP DELL MR90Y 11,1V-65WH\/ 3421\/377\"},{\"@type\":\"WebPage\",\"@id\":\"https:\/\/comerciallin.com\/index.php\/producto\/bateria-comp-dell-mr90y-111v-65wh-3421-377\/#webpage\",\"url\":\"https:\/\/comerciallin.com\/index.php\/producto\/bateria-comp-dell-mr90y-111v-65wh-3421-377\/\",\"name\":\"BATERIA COMP DELL MR90Y 11,1V-65WH\/ 3421\/377 - tienda de electr\\u00f3nica y computaci\\u00f3n\",\"isPartOf\":{\"@id\":\"https:\/\/comerciallin.com\/#website\"},\"primaryImageOfPage\":{\"@id\":\"https:\/\/comerciallin.com\/index.php\/producto\/bateria-comp-dell-mr90y-111v-65wh-3421-377\/#primaryimage\"},\"datePublished\":\"2022-11-07T18:26:51+00:00\",\"dateModified\":\"2025-01-14T18:54:07+00:00\",\"breadcrumb\":{\"@id\":\"https:\/\/comerciallin.com\/index.php\/producto\/bateria-comp-dell-mr90y-111v-65wh-3421-377\/#breadcrumb\"},\"inLanguage\":\"es\",\"potentialAction\":[{\"@type\":\"ReadAction\",\"target\":[\"https:\/\/comerciallin.com\/index.php\/producto\/bateria-comp-dell-mr90y-111v-65wh-3421-377\/\"]}]},{\"@type\":\"BreadcrumbList\",\"@id\":\"https:\/\/comerciallin.com\/index.php\/producto\/bateria-comp-dell-mr90y-111v-65wh-3421-377\/#breadcrumb\",\"itemListElement\":[{\"@type\":\"ListItem\",\"position\":1,\"name\":\"Inicio\",\"item\":\"https:\/\/comerciallin.com\/\"},{\"@type\":\"ListItem\",\"position\":2,\"name\":\"Shop\",\"item\":\"https:\/\/comerciallin.com\/?page_id=3853\"},{\"@type\":\"ListItem\",\"position\":3,\"name\":\"BATERIA COMP DELL MR90Y 11,1V-65WH\/ 3421\/377\"}]}]}<\/script>\n<meta property=\"product:price:amount\" content=\"51.75\" \/>\n<meta property=\"product:price:currency\" content=\"USD\" \/>\n<meta property=\"og:availability\" content=\"instock\" \/>\n<meta property=\"product:availability\" content=\"instock\" \/>\n<meta property=\"product:retailer_item_id\" content=\"4451606033\" \/>\n<meta property=\"product:condition\" content=\"new\" \/>\n<!-- \/ Yoast SEO Premium plugin. -->","yoast_head_json":{"title":"BATERIA COMP DELL MR90Y 11,1V-65WH\/ 3421\/377 - tienda de electr\u00f3nica y computaci\u00f3n","robots":{"index":"index","follow":"follow","max-snippet":"max-snippet:-1","max-image-preview":"max-image-preview:large","max-video-preview":"max-video-preview:-1"},"canonical":"https:\/\/comerciallin.com\/index.php\/producto\/bateria-comp-dell-mr90y-111v-65wh-3421-377\/","og_locale":"es_ES","og_type":"article","og_title":"BATERIA COMP DELL MR90Y 11,1V-65WH\/ 3421\/377","og_description":"Voltaje 11.1 Voltios   Compatible Devices Laptop   Tipo de celda de bater&iacute;a Litio Ion","og_url":"https:\/\/comerciallin.com\/index.php\/producto\/bateria-comp-dell-mr90y-111v-65wh-3421-377\/","og_site_name":"tienda de electr\u00f3nica y computaci\u00f3n","article_modified_time":"2025-01-14T18:54:07+00:00","og_image":[{"width":992,"height":744,"url":"https:\/\/comerciallin.com\/wp-content\/uploads\/2023\/02\/4451606033.jpg","type":"image\/jpeg"}],"twitter_card":"summary_large_image","twitter_misc":{"Precio":"&#36;51,75","Availability":"In stock"},"schema":{"@context":"https:\/\/schema.org","@graph":[{"@type":"WebSite","@id":"https:\/\/comerciallin.com\/#website","url":"https:\/\/comerciallin.com\/","name":"tienda de electr\u00f3nica y computaci\u00f3n","description":"Importadora de Electr\u00f3nica y Computaci\u00f3n","potentialAction":[{"@type":"SearchAction","target":{"@type":"EntryPoint","urlTemplate":"https:\/\/comerciallin.com\/?s={search_term_string}"},"query-input":"required name=search_term_string"}],"inLanguage":"es"},{"@type":"ImageObject","@id":"https:\/\/comerciallin.com\/index.php\/producto\/bateria-comp-dell-mr90y-111v-65wh-3421-377\/#primaryimage","inLanguage":"es","url":"https:\/\/i0.wp.com\/comerciallin.com\/wp-content\/uploads\/2023\/02\/4451606033.jpg?fit=992%2C744&ssl=1","contentUrl":"https:\/\/i0.wp.com\/comerciallin.com\/wp-content\/uploads\/2023\/02\/4451606033.jpg?fit=992%2C744&ssl=1","width":992,"height":744,"caption":"BATERIA COMP DELL MR90Y 11,1V-65WH\/ 3421\/377"},{"@type":"WebPage","@id":"https:\/\/comerciallin.com\/index.php\/producto\/bateria-comp-dell-mr90y-111v-65wh-3421-377\/#webpage","url":"https:\/\/comerciallin.com\/index.php\/producto\/bateria-comp-dell-mr90y-111v-65wh-3421-377\/","name":"BATERIA COMP DELL MR90Y 11,1V-65WH\/ 3421\/377 - tienda de electr\u00f3nica y computaci\u00f3n","isPartOf":{"@id":"https:\/\/comerciallin.com\/#website"},"primaryImageOfPage":{"@id":"https:\/\/comerciallin.com\/index.php\/producto\/bateria-comp-dell-mr90y-111v-65wh-3421-377\/#primaryimage"},"datePublished":"2022-11-07T18:26:51+00:00","dateModified":"2025-01-14T18:54:07+00:00","breadcrumb":{"@id":"https:\/\/comerciallin.com\/index.php\/producto\/bateria-comp-dell-mr90y-111v-65wh-3421-377\/#breadcrumb"},"inLanguage":"es","potentialAction":[{"@type":"ReadAction","target":["https:\/\/comerciallin.com\/index.php\/producto\/bateria-comp-dell-mr90y-111v-65wh-3421-377\/"]}]},{"@type":"BreadcrumbList","@id":"https:\/\/comerciallin.com\/index.php\/producto\/bateria-comp-dell-mr90y-111v-65wh-3421-377\/#breadcrumb","itemListElement":[{"@type":"ListItem","position":1,"name":"Inicio","item":"https:\/\/comerciallin.com\/"},{"@type":"ListItem","position":2,"name":"Shop","item":"https:\/\/comerciallin.com\/?page_id=3853"},{"@type":"ListItem","position":3,"name":"BATERIA COMP DELL MR90Y 11,1V-65WH\/ 3421\/377"}]}]},"product_price_amount":"51.75","product_price_currency":"USD","og_availability":"instock","product_availability":"instock","product_retailer_item_id":"4451606033","product_condition":"new"},"jetpack-related-posts":[{"id":18680,"url":"https:\/\/comerciallin.com\/index.php\/producto\/bateria-comp-dell-e3340-451-bbiy-451-bbiz-9\/","url_meta":{"origin":19070,"position":0},"title":"BATERIA COMP DELL E3340\/451-BBIY, 451-BBIZ, 9","date":"7 de noviembre de 2022","format":false,"excerpt":"Voltaje 11.1 Voltios Compatible Devices Laptop Tipo de celda de bater\u00eda Litio Ion","rel":"","context":"Entrada similar","img":{"alt_text":"","src":"","width":0,"height":0},"classes":[]},{"id":19153,"url":"https:\/\/comerciallin.com\/index.php\/producto\/bateria-comp-dell-e3340-451-bbiy-451-bbiz-9-2\/","url_meta":{"origin":19070,"position":1},"title":"BATERIA COMP DELL E3340\/451-BBIY, 451-BBIZ, 9","date":"7 de noviembre de 2022","format":false,"excerpt":"Voltaje 11.1 Voltios Compatible Devices Laptop Tipo de celda de bater\u00eda Litio Ion","rel":"","context":"Entrada similar","img":{"alt_text":"BATERIA COMP DELL E3340\/451-BBIY, 451-BBIZ, 9","src":"https:\/\/i0.wp.com\/comerciallin.com\/wp-content\/uploads\/2023\/02\/537030190912.jpg?fit=992%2C744&ssl=1&resize=350%2C200","width":350,"height":200},"classes":[]},{"id":19271,"url":"https:\/\/comerciallin.com\/index.php\/producto\/bateria-comp-dell-wdx0r-7472-3480-5468\/","url_meta":{"origin":19070,"position":2},"title":"BATERIA COMP DELL WDX0R\/7472\/3480\/5468","date":"7 de noviembre de 2022","format":false,"excerpt":"Composici\u00f3n de las celdas de la bater\u00eda Litio Ion Usos Recomendados Para Producto Laptop Voltaje 11.4 Voltios Reutilizaci\u00f3n Rechargeable","rel":"","context":"Entrada similar","img":{"alt_text":"","src":"","width":0,"height":0},"classes":[]},{"id":19116,"url":"https:\/\/comerciallin.com\/index.php\/producto\/bateria-comp-dell-m101-1121-m102z-1122-m102z1\/","url_meta":{"origin":19070,"position":3},"title":"BATERIA COMP DELL M101\/1121\/M102Z-1122\/M102Z1","date":"7 de noviembre de 2022","format":false,"excerpt":"Voltaje 11.1 Voltios Tipo de celda de bater\u00eda Litio Ion Capacidad 4400 Miliamperios Hora (mAh)","rel":"","context":"Entrada similar","img":{"alt_text":"","src":"","width":0,"height":0},"classes":[]},{"id":19120,"url":"https:\/\/comerciallin.com\/index.php\/producto\/bateria-comp-dell-xps-m1330-wr050-cr036-tt485\/","url_meta":{"origin":19070,"position":4},"title":"BATERIA COMP DELL XPS M1330\/WR050\/CR036\/TT485","date":"7 de noviembre de 2022","format":false,"excerpt":"Voltaje: 11.1 Voltios Compatible DevicesLaptop, NotebookTipo de celda de bater\u00eda Litio Ion Capacidad 5200 Miliamperios Hora","rel":"","context":"Entrada similar","img":{"alt_text":"","src":"","width":0,"height":0},"classes":[]},{"id":19201,"url":"https:\/\/comerciallin.com\/index.php\/producto\/bateria-comp-dell-1410-f286h-f287f-f287h-g06l\/","url_meta":{"origin":19070,"position":5},"title":"BATERIA COMP DELL 1410\/F286H\/F287F\/F287H\/G06L","date":"7 de noviembre de 2022","format":false,"excerpt":"Tipo de bater\u00eda: Li-ion c\u00e9lulas: 6\u00a0celdas Capacidad: 4400\u00a0mAh Voltaje: 11.1\u00a0V. Dell Compatible With G066H, 45110673, 3120818, F287F, F287H, F286H, R988H, 312-0818, 451-10673 For Use In Dell Vostro 1014,1015,A860,A860n,A840; Dell Inspiron 1410","rel":"","context":"Entrada similar","img":{"alt_text":"","src":"","width":0,"height":0},"classes":[]}],"jetpack_sharing_enabled":true,"jetpack_likes_enabled":true,"_links":{"self":[{"href":"https:\/\/comerciallin.com\/index.php\/wp-json\/wp\/v2\/product\/19070"}],"collection":[{"href":"https:\/\/comerciallin.com\/index.php\/wp-json\/wp\/v2\/product"}],"about":[{"href":"https:\/\/comerciallin.com\/index.php\/wp-json\/wp\/v2\/types\/product"}],"replies":[{"embeddable":true,"href":"https:\/\/comerciallin.com\/index.php\/wp-json\/wp\/v2\/comments?post=19070"}],"wp:featuredmedia":[{"embeddable":true,"href":"https:\/\/comerciallin.com\/index.php\/wp-json\/wp\/v2\/media\/21576"}],"wp:attachment":[{"href":"https:\/\/comerciallin.com\/index.php\/wp-json\/wp\/v2\/media?parent=19070"}],"wp:term":[{"taxonomy":"product_cat","embeddable":true,"href":"https:\/\/comerciallin.com\/index.php\/wp-json\/wp\/v2\/product_cat?post=19070"},{"taxonomy":"product_tag","embeddable":true,"href":"https:\/\/comerciallin.com\/index.php\/wp-json\/wp\/v2\/product_tag?post=19070"}],"curies":[{"name":"wp","href":"https:\/\/api.w.org\/{rel}","templated":true}]}}