{"id":19066,"date":"2022-11-07T13:26:50","date_gmt":"2022-11-07T18:26:50","guid":{"rendered":"https:\/\/comerciallin.com\/index.php\/producto\/bateria-comp-toshiba-pa3817u-1brs-pa3819u-1b3\/"},"modified":"2025-01-14T13:54:42","modified_gmt":"2025-01-14T18:54:42","slug":"bateria-comp-toshiba-pa3817u-1brs-pa3819u-1b3","status":"publish","type":"product","link":"https:\/\/comerciallin.com\/index.php\/producto\/bateria-comp-toshiba-pa3817u-1brs-pa3819u-1b3\/","title":{"rendered":"BATERIA COMP TOSHIBA PA3817U-1BRS\/PA3819U-1B3"},"content":{"rendered":"<p><strong>N&uacute;meros de modelo compatibles:<\/strong> PA3816U PA3616U-1BAS PA3816U-1BRS | PA3817U PA3817U-1BAS PA3817U-1BRS | PA3818U PA3818U-1BAS PA3818U-1BRS | PA3819U PA3819U-1BAS PA3819U-1BRS | PABAS227 PABAS228 PABAS229 Toshiba PABAS229.<\/p>\n<p><span class=\"a-list-item\"><strong>Reemplazo para Toshiba Satellite<\/strong> C655D-S5084 C655D-S5139 C655D-S5300 C655-S5049 C655-S5082 C655-S5128 C655-S5225 C655-S5504 C655-S5512 C655-S5514 C675-S7106 L645D-S4056 L645-S4102 L645-S4103 L645-S4104 L655D-S5050 L655-S5096 L655-S5150 L655-S5155 L675-S7048 L745D L745-S4210 L755D-S7107 L755D-S7135 L755-S5112 L755-S5153 L755-S5156 L755-S5170 L755-S5216 L755-S5246 L755-S7P105 Bater&iacute;a para ordenador port&aacute;til 45-S4102 P745-S4320 P755-S5215 P755-S5265 P755-S5268 P755-S5320 P755-S5381 P755-S5390 P755-S7100<\/span><\/p>\n","protected":false},"excerpt":{"rendered":"<table>\n<tbody>\n<tr>\n<td>Voltaje<\/td>\n<td>10.8 Voltios<\/td>\n<\/tr>\n<tr>\n<td>Peso de la Bater&iacute;a<\/td>\n<td>343 Gramos<\/td>\n<\/tr>\n<tr>\n<td>Compatible Devices<\/td>\n<td>Laptop, Notebook<\/td>\n<\/tr>\n<\/tbody>\n<\/table>\n","protected":false},"featured_media":21698,"comment_status":"open","ping_status":"closed","template":"","meta":{"spay_email":""},"product_cat":[797],"product_tag":[],"supplier_id":null,"supplier_sku":"","barcode":null,"atum_controlled":true,"out_stock_date":null,"out_stock_threshold":null,"inheritable":false,"inbound_stock":null,"stock_on_hold":0,"sold_today":0,"sales_last_days":0,"reserved_stock":null,"customer_returns":null,"warehouse_damage":null,"lost_in_post":null,"other_logs":null,"out_stock_days":0,"lost_sales":0,"has_location":null,"update_date":"2026-05-17T00:31:03","atum_locations":[],"atum_stock_status":"instock","restock_status":false,"low_stock_amount":"","sales_update_date":"2026-05-17T00:31:03","calc_backorders":null,"acf":[],"yoast_head":"<!-- This site is optimized with the Yoast SEO Premium plugin v17.4 (Yoast SEO v17.4) - https:\/\/yoast.com\/wordpress\/plugins\/seo\/ -->\n<title>BATERIA COMP TOSHIBA PA3817U-1BRS\/PA3819U-1B3 - tienda de electr\u00f3nica y computaci\u00f3n<\/title>\n<meta name=\"robots\" content=\"index, follow, max-snippet:-1, max-image-preview:large, max-video-preview:-1\" \/>\n<link rel=\"canonical\" href=\"https:\/\/comerciallin.com\/index.php\/producto\/bateria-comp-toshiba-pa3817u-1brs-pa3819u-1b3\/\" \/>\n<meta property=\"og:locale\" content=\"es_ES\" \/>\n<meta property=\"og:type\" content=\"article\" \/>\n<meta property=\"og:title\" content=\"BATERIA COMP TOSHIBA PA3817U-1BRS\/PA3819U-1B3\" \/>\n<meta property=\"og:description\" content=\"Voltaje 10.8 Voltios   Peso de la Bater&iacute;a 343 Gramos   Compatible Devices Laptop, Notebook\" \/>\n<meta property=\"og:url\" content=\"https:\/\/comerciallin.com\/index.php\/producto\/bateria-comp-toshiba-pa3817u-1brs-pa3819u-1b3\/\" \/>\n<meta property=\"og:site_name\" content=\"tienda de electr\u00f3nica y computaci\u00f3n\" \/>\n<meta property=\"article:modified_time\" content=\"2025-01-14T18:54:42+00:00\" \/>\n<meta name=\"twitter:card\" content=\"summary_large_image\" \/>\n<meta name=\"twitter:image\" content=\"https:\/\/i0.wp.com\/comerciallin.com\/wp-content\/uploads\/2023\/02\/537030181001.jpg?fit=%2C&amp;ssl=1\" \/>\n<meta name=\"twitter:label1\" content=\"Precio\" \/>\n\t<meta name=\"twitter:data1\" content=\"&#36;44,85\" \/>\n\t<meta name=\"twitter:label2\" content=\"Availability\" \/>\n\t<meta name=\"twitter:data2\" content=\"In stock\" \/>\n<script type=\"application\/ld+json\" class=\"yoast-schema-graph\">{\"@context\":\"https:\/\/schema.org\",\"@graph\":[{\"@type\":\"WebSite\",\"@id\":\"https:\/\/comerciallin.com\/#website\",\"url\":\"https:\/\/comerciallin.com\/\",\"name\":\"tienda de electr\\u00f3nica y computaci\\u00f3n\",\"description\":\"Importadora de Electr\\u00f3nica y Computaci\\u00f3n\",\"potentialAction\":[{\"@type\":\"SearchAction\",\"target\":{\"@type\":\"EntryPoint\",\"urlTemplate\":\"https:\/\/comerciallin.com\/?s={search_term_string}\"},\"query-input\":\"required name=search_term_string\"}],\"inLanguage\":\"es\"},{\"@type\":\"ImageObject\",\"@id\":\"https:\/\/comerciallin.com\/index.php\/producto\/bateria-comp-toshiba-pa3817u-1brs-pa3819u-1b3\/#primaryimage\",\"inLanguage\":\"es\",\"url\":\"https:\/\/i0.wp.com\/comerciallin.com\/wp-content\/uploads\/2023\/02\/537030181001.jpg?fit=%2C&ssl=1\",\"contentUrl\":\"https:\/\/i0.wp.com\/comerciallin.com\/wp-content\/uploads\/2023\/02\/537030181001.jpg?fit=%2C&ssl=1\",\"caption\":\"BATERIA COMP TOSHIBA PA3817U-1BRS\/PA3819U-1B3\"},{\"@type\":\"WebPage\",\"@id\":\"https:\/\/comerciallin.com\/index.php\/producto\/bateria-comp-toshiba-pa3817u-1brs-pa3819u-1b3\/#webpage\",\"url\":\"https:\/\/comerciallin.com\/index.php\/producto\/bateria-comp-toshiba-pa3817u-1brs-pa3819u-1b3\/\",\"name\":\"BATERIA COMP TOSHIBA PA3817U-1BRS\/PA3819U-1B3 - tienda de electr\\u00f3nica y computaci\\u00f3n\",\"isPartOf\":{\"@id\":\"https:\/\/comerciallin.com\/#website\"},\"primaryImageOfPage\":{\"@id\":\"https:\/\/comerciallin.com\/index.php\/producto\/bateria-comp-toshiba-pa3817u-1brs-pa3819u-1b3\/#primaryimage\"},\"datePublished\":\"2022-11-07T18:26:50+00:00\",\"dateModified\":\"2025-01-14T18:54:42+00:00\",\"breadcrumb\":{\"@id\":\"https:\/\/comerciallin.com\/index.php\/producto\/bateria-comp-toshiba-pa3817u-1brs-pa3819u-1b3\/#breadcrumb\"},\"inLanguage\":\"es\",\"potentialAction\":[{\"@type\":\"ReadAction\",\"target\":[\"https:\/\/comerciallin.com\/index.php\/producto\/bateria-comp-toshiba-pa3817u-1brs-pa3819u-1b3\/\"]}]},{\"@type\":\"BreadcrumbList\",\"@id\":\"https:\/\/comerciallin.com\/index.php\/producto\/bateria-comp-toshiba-pa3817u-1brs-pa3819u-1b3\/#breadcrumb\",\"itemListElement\":[{\"@type\":\"ListItem\",\"position\":1,\"name\":\"Inicio\",\"item\":\"https:\/\/comerciallin.com\/\"},{\"@type\":\"ListItem\",\"position\":2,\"name\":\"Shop\",\"item\":\"https:\/\/comerciallin.com\/?page_id=3853\"},{\"@type\":\"ListItem\",\"position\":3,\"name\":\"BATERIA COMP TOSHIBA PA3817U-1BRS\/PA3819U-1B3\"}]}]}<\/script>\n<meta property=\"product:price:amount\" content=\"44.85\" \/>\n<meta property=\"product:price:currency\" content=\"USD\" \/>\n<meta property=\"og:availability\" content=\"instock\" \/>\n<meta property=\"product:availability\" content=\"instock\" \/>\n<meta property=\"product:retailer_item_id\" content=\"537030181001\" \/>\n<meta property=\"product:condition\" content=\"new\" \/>\n<!-- \/ Yoast SEO Premium plugin. -->","yoast_head_json":{"title":"BATERIA COMP TOSHIBA PA3817U-1BRS\/PA3819U-1B3 - tienda de electr\u00f3nica y computaci\u00f3n","robots":{"index":"index","follow":"follow","max-snippet":"max-snippet:-1","max-image-preview":"max-image-preview:large","max-video-preview":"max-video-preview:-1"},"canonical":"https:\/\/comerciallin.com\/index.php\/producto\/bateria-comp-toshiba-pa3817u-1brs-pa3819u-1b3\/","og_locale":"es_ES","og_type":"article","og_title":"BATERIA COMP TOSHIBA PA3817U-1BRS\/PA3819U-1B3","og_description":"Voltaje 10.8 Voltios   Peso de la Bater&iacute;a 343 Gramos   Compatible Devices Laptop, Notebook","og_url":"https:\/\/comerciallin.com\/index.php\/producto\/bateria-comp-toshiba-pa3817u-1brs-pa3819u-1b3\/","og_site_name":"tienda de electr\u00f3nica y computaci\u00f3n","article_modified_time":"2025-01-14T18:54:42+00:00","twitter_card":"summary_large_image","twitter_image":"https:\/\/i0.wp.com\/comerciallin.com\/wp-content\/uploads\/2023\/02\/537030181001.jpg?fit=%2C&ssl=1","twitter_misc":{"Precio":"&#36;44,85","Availability":"In stock"},"schema":{"@context":"https:\/\/schema.org","@graph":[{"@type":"WebSite","@id":"https:\/\/comerciallin.com\/#website","url":"https:\/\/comerciallin.com\/","name":"tienda de electr\u00f3nica y computaci\u00f3n","description":"Importadora de Electr\u00f3nica y Computaci\u00f3n","potentialAction":[{"@type":"SearchAction","target":{"@type":"EntryPoint","urlTemplate":"https:\/\/comerciallin.com\/?s={search_term_string}"},"query-input":"required name=search_term_string"}],"inLanguage":"es"},{"@type":"ImageObject","@id":"https:\/\/comerciallin.com\/index.php\/producto\/bateria-comp-toshiba-pa3817u-1brs-pa3819u-1b3\/#primaryimage","inLanguage":"es","url":"https:\/\/i0.wp.com\/comerciallin.com\/wp-content\/uploads\/2023\/02\/537030181001.jpg?fit=%2C&ssl=1","contentUrl":"https:\/\/i0.wp.com\/comerciallin.com\/wp-content\/uploads\/2023\/02\/537030181001.jpg?fit=%2C&ssl=1","caption":"BATERIA COMP TOSHIBA PA3817U-1BRS\/PA3819U-1B3"},{"@type":"WebPage","@id":"https:\/\/comerciallin.com\/index.php\/producto\/bateria-comp-toshiba-pa3817u-1brs-pa3819u-1b3\/#webpage","url":"https:\/\/comerciallin.com\/index.php\/producto\/bateria-comp-toshiba-pa3817u-1brs-pa3819u-1b3\/","name":"BATERIA COMP TOSHIBA PA3817U-1BRS\/PA3819U-1B3 - tienda de electr\u00f3nica y computaci\u00f3n","isPartOf":{"@id":"https:\/\/comerciallin.com\/#website"},"primaryImageOfPage":{"@id":"https:\/\/comerciallin.com\/index.php\/producto\/bateria-comp-toshiba-pa3817u-1brs-pa3819u-1b3\/#primaryimage"},"datePublished":"2022-11-07T18:26:50+00:00","dateModified":"2025-01-14T18:54:42+00:00","breadcrumb":{"@id":"https:\/\/comerciallin.com\/index.php\/producto\/bateria-comp-toshiba-pa3817u-1brs-pa3819u-1b3\/#breadcrumb"},"inLanguage":"es","potentialAction":[{"@type":"ReadAction","target":["https:\/\/comerciallin.com\/index.php\/producto\/bateria-comp-toshiba-pa3817u-1brs-pa3819u-1b3\/"]}]},{"@type":"BreadcrumbList","@id":"https:\/\/comerciallin.com\/index.php\/producto\/bateria-comp-toshiba-pa3817u-1brs-pa3819u-1b3\/#breadcrumb","itemListElement":[{"@type":"ListItem","position":1,"name":"Inicio","item":"https:\/\/comerciallin.com\/"},{"@type":"ListItem","position":2,"name":"Shop","item":"https:\/\/comerciallin.com\/?page_id=3853"},{"@type":"ListItem","position":3,"name":"BATERIA COMP TOSHIBA PA3817U-1BRS\/PA3819U-1B3"}]}]},"product_price_amount":"44.85","product_price_currency":"USD","og_availability":"instock","product_availability":"instock","product_retailer_item_id":"537030181001","product_condition":"new"},"jetpack-related-posts":[{"id":19126,"url":"https:\/\/comerciallin.com\/index.php\/producto\/bateria-comp-toshiba-pa3399u-1bas-pa3399u-1b0\/","url_meta":{"origin":19066,"position":0},"title":"BATERIA COMP TOSHIBA PA3399U-1BAS\/PA3399U-1B0","date":"7 de noviembre de 2022","format":false,"excerpt":"Voltaje 10.8 Voltios Tipo de celda de bater\u00eda Litio Ion Capacidad 5200 Miliamperios Hora","rel":"","context":"Entrada similar","img":{"alt_text":"","src":"","width":0,"height":0},"classes":[]},{"id":19251,"url":"https:\/\/comerciallin.com\/index.php\/producto\/bateria-comp-toshiba-pa3451u-pa3451u-1bas-pa9\/","url_meta":{"origin":19066,"position":1},"title":"BATERIA COMP TOSHIBA PA3451U\/PA3451U-1BAS\/PA9","date":"7 de noviembre de 2022","format":false,"excerpt":"Voltaje 14.4 Voltios Capacidad 5200 Miliamperios Hora","rel":"","context":"Entrada similar","img":{"alt_text":"","src":"","width":0,"height":0},"classes":[]},{"id":19128,"url":"https:\/\/comerciallin.com\/index.php\/producto\/bateria-comp-toshiba-pa3780u-pa3780u-1bas-pad\/","url_meta":{"origin":19066,"position":2},"title":"BATERIA COMP TOSHIBA PA3780U\/PA3780U-1BAS\/PAD","date":"7 de noviembre de 2022","format":false,"excerpt":"Voltaje 11.1 Voltios Peso del producto 3 Libras Tipo de celda de bater\u00eda Litio Ion Capacidad 4400 Miliamperios Hora (mAh)","rel":"","context":"Entrada similar","img":{"alt_text":"","src":"","width":0,"height":0},"classes":[]},{"id":19191,"url":"https:\/\/comerciallin.com\/index.php\/producto\/bateria-comp-toshiba-pa3534u-1brs-pa3682u-15\/","url_meta":{"origin":19066,"position":3},"title":"BATERIA COMP TOSHIBA PA3534U-1BRS\/PA3682U-15","date":"7 de noviembre de 2022","format":false,"excerpt":"Voltaje 10.8 Voltios Compatible Devices Laptop Dimensiones del art\u00edculo Largo x Ancho x Altura 10.24 x 3.86 x 1.34 pulgadas","rel":"","context":"Entrada similar","img":{"alt_text":"","src":"","width":0,"height":0},"classes":[]},{"id":20852,"url":"https:\/\/comerciallin.com\/index.php\/producto\/bateria-comp-toshiba-3534\/","url_meta":{"origin":19066,"position":4},"title":"BATERIA COMP TOSHIBA 3534","date":"10 de noviembre de 2022","format":false,"excerpt":"Voltaje 10.8 Voltios Compatible Devices Laptop Dimensiones del art\u00edculo Largo x Ancho x Altura 10.24 x 3.86 x 1.34 pulgadas","rel":"","context":"Entrada similar","img":{"alt_text":"","src":"","width":0,"height":0},"classes":[]},{"id":19257,"url":"https:\/\/comerciallin.com\/index.php\/producto\/bateria-comp-toshiba-pa5109u-1brs-c855d-c55-c\/","url_meta":{"origin":19066,"position":5},"title":"BATERIA COMP TOSHIBA PA5109U-1BRS\/C855D\/C55\/C","date":"7 de noviembre de 2022","format":false,"excerpt":"Voltaje 10.8 Voltios Peso de la Bater\u00eda 387 Gramos Compatible Devices Laptop, Notebook","rel":"","context":"Entrada similar","img":{"alt_text":"","src":"","width":0,"height":0},"classes":[]}],"jetpack_sharing_enabled":true,"jetpack_likes_enabled":true,"_links":{"self":[{"href":"https:\/\/comerciallin.com\/index.php\/wp-json\/wp\/v2\/product\/19066"}],"collection":[{"href":"https:\/\/comerciallin.com\/index.php\/wp-json\/wp\/v2\/product"}],"about":[{"href":"https:\/\/comerciallin.com\/index.php\/wp-json\/wp\/v2\/types\/product"}],"replies":[{"embeddable":true,"href":"https:\/\/comerciallin.com\/index.php\/wp-json\/wp\/v2\/comments?post=19066"}],"wp:featuredmedia":[{"embeddable":true,"href":"https:\/\/comerciallin.com\/index.php\/wp-json\/wp\/v2\/media\/21698"}],"wp:attachment":[{"href":"https:\/\/comerciallin.com\/index.php\/wp-json\/wp\/v2\/media?parent=19066"}],"wp:term":[{"taxonomy":"product_cat","embeddable":true,"href":"https:\/\/comerciallin.com\/index.php\/wp-json\/wp\/v2\/product_cat?post=19066"},{"taxonomy":"product_tag","embeddable":true,"href":"https:\/\/comerciallin.com\/index.php\/wp-json\/wp\/v2\/product_tag?post=19066"}],"curies":[{"name":"wp","href":"https:\/\/api.w.org\/{rel}","templated":true}]}}