{"id":19058,"date":"2022-11-07T13:26:49","date_gmt":"2022-11-07T18:26:49","guid":{"rendered":"https:\/\/comerciallin.com\/index.php\/producto\/bateria-comp-acer-extensa-5120-5210-5220-5230\/"},"modified":"2025-01-14T13:54:11","modified_gmt":"2025-01-14T18:54:11","slug":"bateria-comp-acer-extensa-5120-5210-5220-5230","status":"publish","type":"product","link":"https:\/\/comerciallin.com\/index.php\/producto\/bateria-comp-acer-extensa-5120-5210-5220-5230\/","title":{"rendered":"BATERIA COMP ACER EXTENSA 5120\/5210\/5220\/5230"},"content":{"rendered":"<ul>\n<li>AK.006BT.018, BT.00603.029, BT.00603.043, BT.00604.015, BT.00604.026, BT.00605.014, BT.00605.022, BT.00605.025, BT.00607.008, BT.00607.017, GRAPE32, LC.BTP00.005, LC.BTP00.011, TM00741\u3010Modelos Compatibles\u3011Para Acer Extensa 5120, 5230, 5230E, 5235, 5420, 5430, 5610, 5620, 5630EZ, 5630Z, 5630ZG, 7120, 7420, 7620Z; 5420G Series, 5620G Series, 5630 Series, 5210 Series, 5220 Series, 5620Z Series.<\/li>\n<\/ul>\n","protected":false},"excerpt":{"rendered":"<table>\n<tbody>\n<tr>\n<td>Voltaje<\/td>\n<td>11.1 Voltios<\/td>\n<\/tr>\n<tr>\n<td>Battery Cell Type<\/td>\n<td>Litio Ion<\/td>\n<\/tr>\n<tr>\n<td>Capacidad<\/td>\n<td>5200 Miliamperios hora (mAh)<\/td>\n<\/tr>\n<\/tbody>\n<\/table>\n","protected":false},"featured_media":21589,"comment_status":"open","ping_status":"closed","template":"","meta":{"spay_email":""},"product_cat":[792],"product_tag":[],"supplier_id":null,"supplier_sku":"","barcode":null,"atum_controlled":true,"out_stock_date":null,"out_stock_threshold":null,"inheritable":false,"inbound_stock":null,"stock_on_hold":0,"sold_today":0,"sales_last_days":0,"reserved_stock":null,"customer_returns":null,"warehouse_damage":null,"lost_in_post":null,"other_logs":null,"out_stock_days":0,"lost_sales":0,"has_location":null,"update_date":"2026-04-30T00:11:45","atum_locations":[],"atum_stock_status":"instock","restock_status":false,"low_stock_amount":"","sales_update_date":"2026-04-30T00:11:45","calc_backorders":null,"acf":[],"yoast_head":"<!-- This site is optimized with the Yoast SEO Premium plugin v17.4 (Yoast SEO v17.4) - https:\/\/yoast.com\/wordpress\/plugins\/seo\/ -->\n<title>BATERIA COMP ACER EXTENSA 5120\/5210\/5220\/5230 - tienda de electr\u00f3nica y computaci\u00f3n<\/title>\n<meta name=\"robots\" content=\"index, follow, max-snippet:-1, max-image-preview:large, max-video-preview:-1\" \/>\n<link rel=\"canonical\" href=\"https:\/\/comerciallin.com\/index.php\/producto\/bateria-comp-acer-extensa-5120-5210-5220-5230\/\" \/>\n<meta property=\"og:locale\" content=\"es_ES\" \/>\n<meta property=\"og:type\" content=\"article\" \/>\n<meta property=\"og:title\" content=\"BATERIA COMP ACER EXTENSA 5120\/5210\/5220\/5230\" \/>\n<meta property=\"og:description\" content=\"Voltaje 11.1 Voltios   Battery Cell Type Litio Ion   Capacidad 5200 Miliamperios hora (mAh)\" \/>\n<meta property=\"og:url\" content=\"https:\/\/comerciallin.com\/index.php\/producto\/bateria-comp-acer-extensa-5120-5210-5220-5230\/\" \/>\n<meta property=\"og:site_name\" content=\"tienda de electr\u00f3nica y computaci\u00f3n\" \/>\n<meta property=\"article:modified_time\" content=\"2025-01-14T18:54:11+00:00\" \/>\n<meta name=\"twitter:card\" content=\"summary_large_image\" \/>\n<meta name=\"twitter:image\" content=\"https:\/\/i0.wp.com\/comerciallin.com\/wp-content\/uploads\/2023\/02\/2051607037.jpg?fit=%2C&amp;ssl=1\" \/>\n<meta name=\"twitter:label1\" content=\"Precio\" \/>\n\t<meta name=\"twitter:data1\" content=\"&#36;48,30\" \/>\n\t<meta name=\"twitter:label2\" content=\"Availability\" \/>\n\t<meta name=\"twitter:data2\" content=\"In stock\" \/>\n<script type=\"application\/ld+json\" class=\"yoast-schema-graph\">{\"@context\":\"https:\/\/schema.org\",\"@graph\":[{\"@type\":\"WebSite\",\"@id\":\"https:\/\/comerciallin.com\/#website\",\"url\":\"https:\/\/comerciallin.com\/\",\"name\":\"tienda de electr\\u00f3nica y computaci\\u00f3n\",\"description\":\"Importadora de Electr\\u00f3nica y Computaci\\u00f3n\",\"potentialAction\":[{\"@type\":\"SearchAction\",\"target\":{\"@type\":\"EntryPoint\",\"urlTemplate\":\"https:\/\/comerciallin.com\/?s={search_term_string}\"},\"query-input\":\"required name=search_term_string\"}],\"inLanguage\":\"es\"},{\"@type\":\"ImageObject\",\"@id\":\"https:\/\/comerciallin.com\/index.php\/producto\/bateria-comp-acer-extensa-5120-5210-5220-5230\/#primaryimage\",\"inLanguage\":\"es\",\"url\":\"https:\/\/i0.wp.com\/comerciallin.com\/wp-content\/uploads\/2023\/02\/2051607037.jpg?fit=%2C&ssl=1\",\"contentUrl\":\"https:\/\/i0.wp.com\/comerciallin.com\/wp-content\/uploads\/2023\/02\/2051607037.jpg?fit=%2C&ssl=1\",\"caption\":\"BATERIA COMP ACER EXTENSA 5120\/5210\/5220\/5230\"},{\"@type\":\"WebPage\",\"@id\":\"https:\/\/comerciallin.com\/index.php\/producto\/bateria-comp-acer-extensa-5120-5210-5220-5230\/#webpage\",\"url\":\"https:\/\/comerciallin.com\/index.php\/producto\/bateria-comp-acer-extensa-5120-5210-5220-5230\/\",\"name\":\"BATERIA COMP ACER EXTENSA 5120\/5210\/5220\/5230 - tienda de electr\\u00f3nica y computaci\\u00f3n\",\"isPartOf\":{\"@id\":\"https:\/\/comerciallin.com\/#website\"},\"primaryImageOfPage\":{\"@id\":\"https:\/\/comerciallin.com\/index.php\/producto\/bateria-comp-acer-extensa-5120-5210-5220-5230\/#primaryimage\"},\"datePublished\":\"2022-11-07T18:26:49+00:00\",\"dateModified\":\"2025-01-14T18:54:11+00:00\",\"breadcrumb\":{\"@id\":\"https:\/\/comerciallin.com\/index.php\/producto\/bateria-comp-acer-extensa-5120-5210-5220-5230\/#breadcrumb\"},\"inLanguage\":\"es\",\"potentialAction\":[{\"@type\":\"ReadAction\",\"target\":[\"https:\/\/comerciallin.com\/index.php\/producto\/bateria-comp-acer-extensa-5120-5210-5220-5230\/\"]}]},{\"@type\":\"BreadcrumbList\",\"@id\":\"https:\/\/comerciallin.com\/index.php\/producto\/bateria-comp-acer-extensa-5120-5210-5220-5230\/#breadcrumb\",\"itemListElement\":[{\"@type\":\"ListItem\",\"position\":1,\"name\":\"Inicio\",\"item\":\"https:\/\/comerciallin.com\/\"},{\"@type\":\"ListItem\",\"position\":2,\"name\":\"Shop\",\"item\":\"https:\/\/comerciallin.com\/?page_id=3853\"},{\"@type\":\"ListItem\",\"position\":3,\"name\":\"BATERIA COMP ACER EXTENSA 5120\/5210\/5220\/5230\"}]}]}<\/script>\n<meta property=\"product:price:amount\" content=\"48.30\" \/>\n<meta property=\"product:price:currency\" content=\"USD\" \/>\n<meta property=\"og:availability\" content=\"instock\" \/>\n<meta property=\"product:availability\" content=\"instock\" \/>\n<meta property=\"product:retailer_item_id\" content=\"2051607037\" \/>\n<meta property=\"product:condition\" content=\"new\" \/>\n<!-- \/ Yoast SEO Premium plugin. -->","yoast_head_json":{"title":"BATERIA COMP ACER EXTENSA 5120\/5210\/5220\/5230 - tienda de electr\u00f3nica y computaci\u00f3n","robots":{"index":"index","follow":"follow","max-snippet":"max-snippet:-1","max-image-preview":"max-image-preview:large","max-video-preview":"max-video-preview:-1"},"canonical":"https:\/\/comerciallin.com\/index.php\/producto\/bateria-comp-acer-extensa-5120-5210-5220-5230\/","og_locale":"es_ES","og_type":"article","og_title":"BATERIA COMP ACER EXTENSA 5120\/5210\/5220\/5230","og_description":"Voltaje 11.1 Voltios   Battery Cell Type Litio Ion   Capacidad 5200 Miliamperios hora (mAh)","og_url":"https:\/\/comerciallin.com\/index.php\/producto\/bateria-comp-acer-extensa-5120-5210-5220-5230\/","og_site_name":"tienda de electr\u00f3nica y computaci\u00f3n","article_modified_time":"2025-01-14T18:54:11+00:00","twitter_card":"summary_large_image","twitter_image":"https:\/\/i0.wp.com\/comerciallin.com\/wp-content\/uploads\/2023\/02\/2051607037.jpg?fit=%2C&ssl=1","twitter_misc":{"Precio":"&#36;48,30","Availability":"In stock"},"schema":{"@context":"https:\/\/schema.org","@graph":[{"@type":"WebSite","@id":"https:\/\/comerciallin.com\/#website","url":"https:\/\/comerciallin.com\/","name":"tienda de electr\u00f3nica y computaci\u00f3n","description":"Importadora de Electr\u00f3nica y Computaci\u00f3n","potentialAction":[{"@type":"SearchAction","target":{"@type":"EntryPoint","urlTemplate":"https:\/\/comerciallin.com\/?s={search_term_string}"},"query-input":"required name=search_term_string"}],"inLanguage":"es"},{"@type":"ImageObject","@id":"https:\/\/comerciallin.com\/index.php\/producto\/bateria-comp-acer-extensa-5120-5210-5220-5230\/#primaryimage","inLanguage":"es","url":"https:\/\/i0.wp.com\/comerciallin.com\/wp-content\/uploads\/2023\/02\/2051607037.jpg?fit=%2C&ssl=1","contentUrl":"https:\/\/i0.wp.com\/comerciallin.com\/wp-content\/uploads\/2023\/02\/2051607037.jpg?fit=%2C&ssl=1","caption":"BATERIA COMP ACER EXTENSA 5120\/5210\/5220\/5230"},{"@type":"WebPage","@id":"https:\/\/comerciallin.com\/index.php\/producto\/bateria-comp-acer-extensa-5120-5210-5220-5230\/#webpage","url":"https:\/\/comerciallin.com\/index.php\/producto\/bateria-comp-acer-extensa-5120-5210-5220-5230\/","name":"BATERIA COMP ACER EXTENSA 5120\/5210\/5220\/5230 - tienda de electr\u00f3nica y computaci\u00f3n","isPartOf":{"@id":"https:\/\/comerciallin.com\/#website"},"primaryImageOfPage":{"@id":"https:\/\/comerciallin.com\/index.php\/producto\/bateria-comp-acer-extensa-5120-5210-5220-5230\/#primaryimage"},"datePublished":"2022-11-07T18:26:49+00:00","dateModified":"2025-01-14T18:54:11+00:00","breadcrumb":{"@id":"https:\/\/comerciallin.com\/index.php\/producto\/bateria-comp-acer-extensa-5120-5210-5220-5230\/#breadcrumb"},"inLanguage":"es","potentialAction":[{"@type":"ReadAction","target":["https:\/\/comerciallin.com\/index.php\/producto\/bateria-comp-acer-extensa-5120-5210-5220-5230\/"]}]},{"@type":"BreadcrumbList","@id":"https:\/\/comerciallin.com\/index.php\/producto\/bateria-comp-acer-extensa-5120-5210-5220-5230\/#breadcrumb","itemListElement":[{"@type":"ListItem","position":1,"name":"Inicio","item":"https:\/\/comerciallin.com\/"},{"@type":"ListItem","position":2,"name":"Shop","item":"https:\/\/comerciallin.com\/?page_id=3853"},{"@type":"ListItem","position":3,"name":"BATERIA COMP ACER EXTENSA 5120\/5210\/5220\/5230"}]}]},"product_price_amount":"48.30","product_price_currency":"USD","og_availability":"instock","product_availability":"instock","product_retailer_item_id":"2051607037","product_condition":"new"},"jetpack-related-posts":[{"id":19086,"url":"https:\/\/comerciallin.com\/index.php\/producto\/bateria-comp-acer-extensa-5120-5210-5220-5230-2\/","url_meta":{"origin":19058,"position":0},"title":"BATERIA COMP ACER EXTENSA 5120\/5210\/5220\/5230","date":"7 de noviembre de 2022","format":false,"excerpt":"Voltaje 11.1 Voltios Battery Cell Type Litio Ion Capacidad 5200 Miliamperios hora (mAh)","rel":"","context":"Entrada similar","img":{"alt_text":"","src":"","width":0,"height":0},"classes":[]},{"id":19279,"url":"https:\/\/comerciallin.com\/index.php\/producto\/bateria-comp-acer-as10d31-51-81-75-61-41-71-1\/","url_meta":{"origin":19058,"position":1},"title":"BATERIA COMP ACER AS10D31-51-81-75-61-41-71\/1","date":"7 de noviembre de 2022","format":false,"excerpt":"Pilas 1 Iones de litio necesaria(s), incluida(s) Voltaje 10.8 Voltios","rel":"","context":"Entrada similar","img":{"alt_text":"BATERIA COMP ACER AS10D31-51-81-75-61-41-71\/1","src":"https:\/\/i0.wp.com\/comerciallin.com\/wp-content\/uploads\/2023\/02\/2123206064.jpg?fit=992%2C744&ssl=1&resize=350%2C200","width":350,"height":200},"classes":[]},{"id":22827,"url":"https:\/\/comerciallin.com\/index.php\/producto\/megafono-ks-1200usb-bt\/","url_meta":{"origin":19058,"position":2},"title":"MEGAFONO KS-1200USB + BT","date":"24 de abril de 2023","format":false,"excerpt":"","rel":"","context":"Entrada similar","img":{"alt_text":"","src":"","width":0,"height":0},"classes":[]},{"id":23771,"url":"https:\/\/comerciallin.com\/index.php\/producto\/megafono-ks-107-619usb-bt\/","url_meta":{"origin":19058,"position":3},"title":"MEGAFONO KS-107\/619USB + BT","date":"3 de mayo de 2023","format":false,"excerpt":"","rel":"","context":"Entrada similar","img":{"alt_text":"","src":"","width":0,"height":0},"classes":[]},{"id":19595,"url":"https:\/\/comerciallin.com\/index.php\/producto\/teclado-p-lapto-comp-acer-aspire-v5-123-v51\/","url_meta":{"origin":19058,"position":4},"title":"TECLADO P. LAPTO COMP ACER ASPIRE V5-123 V51","date":"7 de noviembre de 2022","format":false,"excerpt":"TECLADO PARA ACER 14 725 756 V5-121 V5-171 S3 S5","rel":"","context":"Entrada similar","img":{"alt_text":"","src":"","width":0,"height":0},"classes":[]}],"jetpack_sharing_enabled":true,"jetpack_likes_enabled":true,"_links":{"self":[{"href":"https:\/\/comerciallin.com\/index.php\/wp-json\/wp\/v2\/product\/19058"}],"collection":[{"href":"https:\/\/comerciallin.com\/index.php\/wp-json\/wp\/v2\/product"}],"about":[{"href":"https:\/\/comerciallin.com\/index.php\/wp-json\/wp\/v2\/types\/product"}],"replies":[{"embeddable":true,"href":"https:\/\/comerciallin.com\/index.php\/wp-json\/wp\/v2\/comments?post=19058"}],"wp:featuredmedia":[{"embeddable":true,"href":"https:\/\/comerciallin.com\/index.php\/wp-json\/wp\/v2\/media\/21589"}],"wp:attachment":[{"href":"https:\/\/comerciallin.com\/index.php\/wp-json\/wp\/v2\/media?parent=19058"}],"wp:term":[{"taxonomy":"product_cat","embeddable":true,"href":"https:\/\/comerciallin.com\/index.php\/wp-json\/wp\/v2\/product_cat?post=19058"},{"taxonomy":"product_tag","embeddable":true,"href":"https:\/\/comerciallin.com\/index.php\/wp-json\/wp\/v2\/product_tag?post=19058"}],"curies":[{"name":"wp","href":"https:\/\/api.w.org\/{rel}","templated":true}]}}