{"id":19056,"date":"2022-11-07T13:26:48","date_gmt":"2022-11-07T18:26:48","guid":{"rendered":"https:\/\/comerciallin.com\/index.php\/producto\/bateria-comp-dell-xps-l401x-l501x-l502x-l70f\/"},"modified":"2025-01-14T13:54:28","modified_gmt":"2025-01-14T18:54:28","slug":"bateria-comp-dell-xps-l401x-l501x-l502x-l70f","status":"publish","type":"product","link":"https:\/\/comerciallin.com\/index.php\/producto\/bateria-comp-dell-xps-l401x-l501x-l502x-l70f\/","title":{"rendered":"BATERIA COMP DELL XPS L401X\/L501X\/L502X\/L70F"},"content":{"rendered":"<p><strong>Compatible Part Number:<\/strong><\/p>\n<p>312-1123, J70W7, JWPHF, R795X, WHXY3<\/p>\n<p><strong>Fit Model:<\/strong><\/p>\n<p>Dell XPS 14, Dell XPS 14 (L401X),<\/p>\n<p>Dell XPS 15, Dell XPS 15 (L501X),<\/p>\n<p>Dell XPS 17, Dell XPS 17 (L701X),<\/p>\n<p>Dell XPS L502X, Dell XPS L702X<\/p>\n","protected":false},"excerpt":{"rendered":"<ul>\n<li>Battery Type: Lithium-ion (Li-ion) \u4e28 Color: Black<\/li>\n<li>Voltage: 11.10V | Capacity: 4400mAh<\/li>\n<li>Rate: 49.00 Wh | No. of cell: 6 | Weight: 357.20 g<\/li>\n<li>Compatible Part Number: 312-1123, J70W7, JWPHF, R795X, WHXY3<\/li>\n<\/ul>\n","protected":false},"featured_media":21627,"comment_status":"open","ping_status":"closed","template":"","meta":{"spay_email":""},"product_cat":[791],"product_tag":[],"supplier_id":null,"supplier_sku":"","barcode":null,"atum_controlled":true,"out_stock_date":null,"out_stock_threshold":null,"inheritable":false,"inbound_stock":null,"stock_on_hold":0,"sold_today":0,"sales_last_days":0,"reserved_stock":null,"customer_returns":null,"warehouse_damage":null,"lost_in_post":null,"other_logs":null,"out_stock_days":0,"lost_sales":0,"has_location":null,"update_date":"2026-05-05T00:17:08","atum_locations":[],"atum_stock_status":"instock","restock_status":false,"low_stock_amount":"","sales_update_date":"2026-05-05T00:17:08","calc_backorders":null,"acf":[],"yoast_head":"<!-- This site is optimized with the Yoast SEO Premium plugin v17.4 (Yoast SEO v17.4) - https:\/\/yoast.com\/wordpress\/plugins\/seo\/ -->\n<title>BATERIA COMP DELL XPS L401X\/L501X\/L502X\/L70F - tienda de electr\u00f3nica y computaci\u00f3n<\/title>\n<meta name=\"robots\" content=\"index, follow, max-snippet:-1, max-image-preview:large, max-video-preview:-1\" \/>\n<link rel=\"canonical\" href=\"https:\/\/comerciallin.com\/index.php\/producto\/bateria-comp-dell-xps-l401x-l501x-l502x-l70f\/\" \/>\n<meta property=\"og:locale\" content=\"es_ES\" \/>\n<meta property=\"og:type\" content=\"article\" \/>\n<meta property=\"og:title\" content=\"BATERIA COMP DELL XPS L401X\/L501X\/L502X\/L70F\" \/>\n<meta property=\"og:description\" content=\"Battery Type: Lithium-ion (Li-ion) \u4e28 Color: Black Voltage: 11.10V | Capacity: 4400mAh Rate: 49.00 Wh | No. of cell: 6 | Weight: 357.20 g Compatible Part Number: 312-1123, J70W7, JWPHF, R795X, WHXY3\" \/>\n<meta property=\"og:url\" content=\"https:\/\/comerciallin.com\/index.php\/producto\/bateria-comp-dell-xps-l401x-l501x-l502x-l70f\/\" \/>\n<meta property=\"og:site_name\" content=\"tienda de electr\u00f3nica y computaci\u00f3n\" \/>\n<meta property=\"article:modified_time\" content=\"2025-01-14T18:54:28+00:00\" \/>\n<meta property=\"og:image\" content=\"https:\/\/comerciallin.com\/wp-content\/uploads\/2023\/02\/537030180514.jpg\" \/>\n\t<meta property=\"og:image:width\" content=\"992\" \/>\n\t<meta property=\"og:image:height\" content=\"744\" \/>\n<meta name=\"twitter:card\" content=\"summary_large_image\" \/>\n<meta name=\"twitter:label1\" content=\"Precio\" \/>\n\t<meta name=\"twitter:data1\" content=\"&#36;48,30\" \/>\n\t<meta name=\"twitter:label2\" content=\"Availability\" \/>\n\t<meta name=\"twitter:data2\" content=\"In stock\" \/>\n<script type=\"application\/ld+json\" class=\"yoast-schema-graph\">{\"@context\":\"https:\/\/schema.org\",\"@graph\":[{\"@type\":\"WebSite\",\"@id\":\"https:\/\/comerciallin.com\/#website\",\"url\":\"https:\/\/comerciallin.com\/\",\"name\":\"tienda de electr\\u00f3nica y computaci\\u00f3n\",\"description\":\"Importadora de Electr\\u00f3nica y Computaci\\u00f3n\",\"potentialAction\":[{\"@type\":\"SearchAction\",\"target\":{\"@type\":\"EntryPoint\",\"urlTemplate\":\"https:\/\/comerciallin.com\/?s={search_term_string}\"},\"query-input\":\"required name=search_term_string\"}],\"inLanguage\":\"es\"},{\"@type\":\"ImageObject\",\"@id\":\"https:\/\/comerciallin.com\/index.php\/producto\/bateria-comp-dell-xps-l401x-l501x-l502x-l70f\/#primaryimage\",\"inLanguage\":\"es\",\"url\":\"https:\/\/i0.wp.com\/comerciallin.com\/wp-content\/uploads\/2023\/02\/537030180514.jpg?fit=992%2C744&ssl=1\",\"contentUrl\":\"https:\/\/i0.wp.com\/comerciallin.com\/wp-content\/uploads\/2023\/02\/537030180514.jpg?fit=992%2C744&ssl=1\",\"width\":992,\"height\":744,\"caption\":\"BATERIA COMP DELL XPS L401X\/L501X\/L502X\/L70F\"},{\"@type\":\"WebPage\",\"@id\":\"https:\/\/comerciallin.com\/index.php\/producto\/bateria-comp-dell-xps-l401x-l501x-l502x-l70f\/#webpage\",\"url\":\"https:\/\/comerciallin.com\/index.php\/producto\/bateria-comp-dell-xps-l401x-l501x-l502x-l70f\/\",\"name\":\"BATERIA COMP DELL XPS L401X\/L501X\/L502X\/L70F - tienda de electr\\u00f3nica y computaci\\u00f3n\",\"isPartOf\":{\"@id\":\"https:\/\/comerciallin.com\/#website\"},\"primaryImageOfPage\":{\"@id\":\"https:\/\/comerciallin.com\/index.php\/producto\/bateria-comp-dell-xps-l401x-l501x-l502x-l70f\/#primaryimage\"},\"datePublished\":\"2022-11-07T18:26:48+00:00\",\"dateModified\":\"2025-01-14T18:54:28+00:00\",\"breadcrumb\":{\"@id\":\"https:\/\/comerciallin.com\/index.php\/producto\/bateria-comp-dell-xps-l401x-l501x-l502x-l70f\/#breadcrumb\"},\"inLanguage\":\"es\",\"potentialAction\":[{\"@type\":\"ReadAction\",\"target\":[\"https:\/\/comerciallin.com\/index.php\/producto\/bateria-comp-dell-xps-l401x-l501x-l502x-l70f\/\"]}]},{\"@type\":\"BreadcrumbList\",\"@id\":\"https:\/\/comerciallin.com\/index.php\/producto\/bateria-comp-dell-xps-l401x-l501x-l502x-l70f\/#breadcrumb\",\"itemListElement\":[{\"@type\":\"ListItem\",\"position\":1,\"name\":\"Inicio\",\"item\":\"https:\/\/comerciallin.com\/\"},{\"@type\":\"ListItem\",\"position\":2,\"name\":\"Shop\",\"item\":\"https:\/\/comerciallin.com\/?page_id=3853\"},{\"@type\":\"ListItem\",\"position\":3,\"name\":\"BATERIA COMP DELL XPS L401X\/L501X\/L502X\/L70F\"}]}]}<\/script>\n<meta property=\"product:price:amount\" content=\"48.30\" \/>\n<meta property=\"product:price:currency\" content=\"USD\" \/>\n<meta property=\"og:availability\" content=\"instock\" \/>\n<meta property=\"product:availability\" content=\"instock\" \/>\n<meta property=\"product:retailer_item_id\" content=\"537030180514\" \/>\n<meta property=\"product:condition\" content=\"new\" \/>\n<!-- \/ Yoast SEO Premium plugin. -->","yoast_head_json":{"title":"BATERIA COMP DELL XPS L401X\/L501X\/L502X\/L70F - tienda de electr\u00f3nica y computaci\u00f3n","robots":{"index":"index","follow":"follow","max-snippet":"max-snippet:-1","max-image-preview":"max-image-preview:large","max-video-preview":"max-video-preview:-1"},"canonical":"https:\/\/comerciallin.com\/index.php\/producto\/bateria-comp-dell-xps-l401x-l501x-l502x-l70f\/","og_locale":"es_ES","og_type":"article","og_title":"BATERIA COMP DELL XPS L401X\/L501X\/L502X\/L70F","og_description":"Battery Type: Lithium-ion (Li-ion) \u4e28 Color: Black Voltage: 11.10V | Capacity: 4400mAh Rate: 49.00 Wh | No. of cell: 6 | Weight: 357.20 g Compatible Part Number: 312-1123, J70W7, JWPHF, R795X, WHXY3","og_url":"https:\/\/comerciallin.com\/index.php\/producto\/bateria-comp-dell-xps-l401x-l501x-l502x-l70f\/","og_site_name":"tienda de electr\u00f3nica y computaci\u00f3n","article_modified_time":"2025-01-14T18:54:28+00:00","og_image":[{"width":992,"height":744,"url":"https:\/\/comerciallin.com\/wp-content\/uploads\/2023\/02\/537030180514.jpg","type":"image\/jpeg"}],"twitter_card":"summary_large_image","twitter_misc":{"Precio":"&#36;48,30","Availability":"In stock"},"schema":{"@context":"https:\/\/schema.org","@graph":[{"@type":"WebSite","@id":"https:\/\/comerciallin.com\/#website","url":"https:\/\/comerciallin.com\/","name":"tienda de electr\u00f3nica y computaci\u00f3n","description":"Importadora de Electr\u00f3nica y Computaci\u00f3n","potentialAction":[{"@type":"SearchAction","target":{"@type":"EntryPoint","urlTemplate":"https:\/\/comerciallin.com\/?s={search_term_string}"},"query-input":"required name=search_term_string"}],"inLanguage":"es"},{"@type":"ImageObject","@id":"https:\/\/comerciallin.com\/index.php\/producto\/bateria-comp-dell-xps-l401x-l501x-l502x-l70f\/#primaryimage","inLanguage":"es","url":"https:\/\/i0.wp.com\/comerciallin.com\/wp-content\/uploads\/2023\/02\/537030180514.jpg?fit=992%2C744&ssl=1","contentUrl":"https:\/\/i0.wp.com\/comerciallin.com\/wp-content\/uploads\/2023\/02\/537030180514.jpg?fit=992%2C744&ssl=1","width":992,"height":744,"caption":"BATERIA COMP DELL XPS L401X\/L501X\/L502X\/L70F"},{"@type":"WebPage","@id":"https:\/\/comerciallin.com\/index.php\/producto\/bateria-comp-dell-xps-l401x-l501x-l502x-l70f\/#webpage","url":"https:\/\/comerciallin.com\/index.php\/producto\/bateria-comp-dell-xps-l401x-l501x-l502x-l70f\/","name":"BATERIA COMP DELL XPS L401X\/L501X\/L502X\/L70F - tienda de electr\u00f3nica y computaci\u00f3n","isPartOf":{"@id":"https:\/\/comerciallin.com\/#website"},"primaryImageOfPage":{"@id":"https:\/\/comerciallin.com\/index.php\/producto\/bateria-comp-dell-xps-l401x-l501x-l502x-l70f\/#primaryimage"},"datePublished":"2022-11-07T18:26:48+00:00","dateModified":"2025-01-14T18:54:28+00:00","breadcrumb":{"@id":"https:\/\/comerciallin.com\/index.php\/producto\/bateria-comp-dell-xps-l401x-l501x-l502x-l70f\/#breadcrumb"},"inLanguage":"es","potentialAction":[{"@type":"ReadAction","target":["https:\/\/comerciallin.com\/index.php\/producto\/bateria-comp-dell-xps-l401x-l501x-l502x-l70f\/"]}]},{"@type":"BreadcrumbList","@id":"https:\/\/comerciallin.com\/index.php\/producto\/bateria-comp-dell-xps-l401x-l501x-l502x-l70f\/#breadcrumb","itemListElement":[{"@type":"ListItem","position":1,"name":"Inicio","item":"https:\/\/comerciallin.com\/"},{"@type":"ListItem","position":2,"name":"Shop","item":"https:\/\/comerciallin.com\/?page_id=3853"},{"@type":"ListItem","position":3,"name":"BATERIA COMP DELL XPS L401X\/L501X\/L502X\/L70F"}]}]},"product_price_amount":"48.30","product_price_currency":"USD","og_availability":"instock","product_availability":"instock","product_retailer_item_id":"537030180514","product_condition":"new"},"jetpack-related-posts":[{"id":19189,"url":"https:\/\/comerciallin.com\/index.php\/producto\/bateria-comp-dell-demr90y-3521\/","url_meta":{"origin":19056,"position":0},"title":"BATERIA COMP DELL DEMR90Y\/3521","date":"7 de noviembre de 2022","format":false,"excerpt":"Voltaje 11.1 Voltios Peso de la Bater\u00eda 340 Gramos Compatible Devices Laptop","rel":"","context":"Entrada similar","img":{"alt_text":"BATERIA COMP DELL DEMR90Y\/3521","src":"https:\/\/i0.wp.com\/comerciallin.com\/wp-content\/uploads\/2023\/02\/537030100813.jpg?fit=992%2C744&ssl=1&resize=350%2C200","width":350,"height":200},"classes":[]},{"id":19727,"url":"https:\/\/comerciallin.com\/index.php\/producto\/bateria-comp-dell-xcmrd-3521-38wh\/","url_meta":{"origin":19056,"position":1},"title":"BATERIA COMP DELL XCMRD\/3521 38WH","date":"8 de noviembre de 2022","format":false,"excerpt":"Bater\u00eda para Dell Inspiron 14 3421 \/ 14r 5421 3437 N3421 N5421 \/ 15 3521 \/ 15r 3537 5521 5537 N3521 N5521 N5537 \/ 17 3721 \/ 17r 5737 N3721 N3737 N5721 N5737 5721 MR90Y","rel":"","context":"Entrada similar","img":{"alt_text":"","src":"","width":0,"height":0},"classes":[]},{"id":19201,"url":"https:\/\/comerciallin.com\/index.php\/producto\/bateria-comp-dell-1410-f286h-f287f-f287h-g06l\/","url_meta":{"origin":19056,"position":2},"title":"BATERIA COMP DELL 1410\/F286H\/F287F\/F287H\/G06L","date":"7 de noviembre de 2022","format":false,"excerpt":"Tipo de bater\u00eda: Li-ion c\u00e9lulas: 6\u00a0celdas Capacidad: 4400\u00a0mAh Voltaje: 11.1\u00a0V. Dell Compatible With G066H, 45110673, 3120818, F287F, F287H, F286H, R988H, 312-0818, 451-10673 For Use In Dell Vostro 1014,1015,A860,A860n,A840; Dell Inspiron 1410","rel":"","context":"Entrada similar","img":{"alt_text":"","src":"","width":0,"height":0},"classes":[]},{"id":18678,"url":"https:\/\/comerciallin.com\/index.php\/producto\/bateria-comp-dell-3400-0ty3p4-cydwv-y5xf9-042\/","url_meta":{"origin":19056,"position":3},"title":"BATERIA COMP DELL 3400\/0TY3P4\/CYDWV\/Y5XF9\/042","date":"7 de noviembre de 2022","format":false,"excerpt":"Qu\u00edmica: Li-ion Voltaje: 11.1V Capacidad: 7800mAh Color: Negro","rel":"","context":"Entrada similar","img":{"alt_text":"","src":"","width":0,"height":0},"classes":[]},{"id":19195,"url":"https:\/\/comerciallin.com\/index.php\/producto\/bateria-comp-dell-m5y1k-3451\/","url_meta":{"origin":19056,"position":4},"title":"BATERIA COMP DELL M5Y1K\/3451","date":"7 de noviembre de 2022","format":false,"excerpt":"Tipo de bater\u00eda: Li-ion Celdas: 4 celdas Capacidad: 2600 mAh Voltaje: 14,8 V \u00a0","rel":"","context":"Entrada similar","img":{"alt_text":"","src":"","width":0,"height":0},"classes":[]},{"id":19281,"url":"https:\/\/comerciallin.com\/index.php\/producto\/bateria-p-lapto-dell-t54fj-m5y0x-e6420-e6520\/","url_meta":{"origin":19056,"position":5},"title":"BATERIA P. LAPTO DELL T54FJ\/M5Y0X\/E6420\/E6520","date":"7 de noviembre de 2022","format":false,"excerpt":"Marca DELL Voltaje 11.1 Voltios Dimensiones del art\u00edculo Largo x Ancho x Altura 9.7 x 3.6 x 1.9 pulgadas","rel":"","context":"Entrada similar","img":{"alt_text":"","src":"","width":0,"height":0},"classes":[]}],"jetpack_sharing_enabled":true,"jetpack_likes_enabled":true,"_links":{"self":[{"href":"https:\/\/comerciallin.com\/index.php\/wp-json\/wp\/v2\/product\/19056"}],"collection":[{"href":"https:\/\/comerciallin.com\/index.php\/wp-json\/wp\/v2\/product"}],"about":[{"href":"https:\/\/comerciallin.com\/index.php\/wp-json\/wp\/v2\/types\/product"}],"replies":[{"embeddable":true,"href":"https:\/\/comerciallin.com\/index.php\/wp-json\/wp\/v2\/comments?post=19056"}],"wp:featuredmedia":[{"embeddable":true,"href":"https:\/\/comerciallin.com\/index.php\/wp-json\/wp\/v2\/media\/21627"}],"wp:attachment":[{"href":"https:\/\/comerciallin.com\/index.php\/wp-json\/wp\/v2\/media?parent=19056"}],"wp:term":[{"taxonomy":"product_cat","embeddable":true,"href":"https:\/\/comerciallin.com\/index.php\/wp-json\/wp\/v2\/product_cat?post=19056"},{"taxonomy":"product_tag","embeddable":true,"href":"https:\/\/comerciallin.com\/index.php\/wp-json\/wp\/v2\/product_tag?post=19056"}],"curies":[{"name":"wp","href":"https:\/\/api.w.org\/{rel}","templated":true}]}}