{"id":19032,"date":"2022-11-07T13:26:42","date_gmt":"2022-11-07T18:26:42","guid":{"rendered":"https:\/\/comerciallin.com\/index.php\/producto\/case-combo-ks-202-t-m-p\/"},"modified":"2025-12-26T11:47:03","modified_gmt":"2025-12-26T16:47:03","slug":"case-combo-ks-202-t-m-p","status":"publish","type":"product","link":"https:\/\/comerciallin.com\/index.php\/producto\/case-combo-ks-202-t-m-p\/","title":{"rendered":"CASE COMBO KINGSONG KS-202 T\/M\/P"},"content":{"rendered":"<p><strong>Cases marca Kingsong<\/strong><\/p>\n<p> Modelo: <strong>Ks-202<\/strong><\/p>\n<p> <strong>Incluye:<\/strong><\/p>\n<ul>\n<li>Fuente de poder de 600W<\/li>\n<li>Cable de Poder<\/li>\n<li>Teclado<\/li>\n<li>Mouse<\/li>\n<li>Parlantes multimedia<\/li>\n<li>Material, metal reforzado y resistente<\/li>\n<\/ul>\n","protected":false},"excerpt":{"rendered":"<p><strong>Cases marca Kingsong<\/strong><\/p>\n<p> Modelo: <strong>Ks-202<\/strong><\/p>\n<p> <strong>Incluye:<\/strong><\/p>\n<ul>\n<li>Fuente de poder de 600W<\/li>\n<li>Cable de Poder<\/li>\n<li>Teclado<\/li>\n<li>Mouse<\/li>\n<li>Parlantes multimedia<\/li>\n<li>Material, metal reforzado y resistente<\/li>\n<\/ul>\n","protected":false},"featured_media":21839,"comment_status":"open","ping_status":"closed","template":"","meta":{"spay_email":""},"product_cat":[812],"product_tag":[],"supplier_id":null,"supplier_sku":"","barcode":null,"atum_controlled":true,"out_stock_date":null,"out_stock_threshold":null,"inheritable":false,"inbound_stock":null,"stock_on_hold":1,"sold_today":0,"sales_last_days":0,"reserved_stock":null,"customer_returns":null,"warehouse_damage":null,"lost_in_post":null,"other_logs":null,"out_stock_days":0,"lost_sales":0,"has_location":null,"update_date":"2026-05-01T00:12:21","atum_locations":[],"atum_stock_status":"instock","restock_status":false,"low_stock_amount":"","sales_update_date":"2026-05-01T00:12:21","calc_backorders":null,"acf":[],"yoast_head":"<!-- This site is optimized with the Yoast SEO Premium plugin v17.4 (Yoast SEO v17.4) - https:\/\/yoast.com\/wordpress\/plugins\/seo\/ -->\n<title>CASE COMBO KINGSONG KS-202 T\/M\/P - tienda de electr\u00f3nica y computaci\u00f3n<\/title>\n<meta name=\"robots\" content=\"index, follow, max-snippet:-1, max-image-preview:large, max-video-preview:-1\" \/>\n<link rel=\"canonical\" href=\"https:\/\/comerciallin.com\/index.php\/producto\/case-combo-ks-202-t-m-p\/\" \/>\n<meta property=\"og:locale\" content=\"es_ES\" \/>\n<meta property=\"og:type\" content=\"article\" \/>\n<meta property=\"og:title\" content=\"CASE COMBO KINGSONG KS-202 T\/M\/P\" \/>\n<meta property=\"og:description\" content=\"Cases marca Kingsong    Modelo: Ks-202    Incluye:     Fuente de poder de 600W   Cable de Poder   Teclado   Mouse   Parlantes multimedia   Material, metal reforzado y resistente\" \/>\n<meta property=\"og:url\" content=\"https:\/\/comerciallin.com\/index.php\/producto\/case-combo-ks-202-t-m-p\/\" \/>\n<meta property=\"og:site_name\" content=\"tienda de electr\u00f3nica y computaci\u00f3n\" \/>\n<meta property=\"article:modified_time\" content=\"2025-12-26T16:47:03+00:00\" \/>\n<meta name=\"twitter:card\" content=\"summary_large_image\" \/>\n<meta name=\"twitter:image\" content=\"https:\/\/i0.wp.com\/comerciallin.com\/wp-content\/uploads\/2023\/02\/118030110301.jpg?fit=%2C&amp;ssl=1\" \/>\n<meta name=\"twitter:label1\" content=\"Precio\" \/>\n\t<meta name=\"twitter:data1\" content=\"&#36;41,40\" \/>\n\t<meta name=\"twitter:label2\" content=\"Availability\" \/>\n\t<meta name=\"twitter:data2\" content=\"In stock\" \/>\n<script type=\"application\/ld+json\" class=\"yoast-schema-graph\">{\"@context\":\"https:\/\/schema.org\",\"@graph\":[{\"@type\":\"WebSite\",\"@id\":\"https:\/\/comerciallin.com\/#website\",\"url\":\"https:\/\/comerciallin.com\/\",\"name\":\"tienda de electr\\u00f3nica y computaci\\u00f3n\",\"description\":\"Importadora de Electr\\u00f3nica y Computaci\\u00f3n\",\"potentialAction\":[{\"@type\":\"SearchAction\",\"target\":{\"@type\":\"EntryPoint\",\"urlTemplate\":\"https:\/\/comerciallin.com\/?s={search_term_string}\"},\"query-input\":\"required name=search_term_string\"}],\"inLanguage\":\"es\"},{\"@type\":\"ImageObject\",\"@id\":\"https:\/\/comerciallin.com\/index.php\/producto\/case-combo-ks-202-t-m-p\/#primaryimage\",\"inLanguage\":\"es\",\"url\":\"https:\/\/i0.wp.com\/comerciallin.com\/wp-content\/uploads\/2023\/02\/118030110301.jpg?fit=%2C&ssl=1\",\"contentUrl\":\"https:\/\/i0.wp.com\/comerciallin.com\/wp-content\/uploads\/2023\/02\/118030110301.jpg?fit=%2C&ssl=1\",\"caption\":\"CASE COMBO KINGSONG KS-202 T\/M\/P\"},{\"@type\":\"WebPage\",\"@id\":\"https:\/\/comerciallin.com\/index.php\/producto\/case-combo-ks-202-t-m-p\/#webpage\",\"url\":\"https:\/\/comerciallin.com\/index.php\/producto\/case-combo-ks-202-t-m-p\/\",\"name\":\"CASE COMBO KINGSONG KS-202 T\/M\/P - tienda de electr\\u00f3nica y computaci\\u00f3n\",\"isPartOf\":{\"@id\":\"https:\/\/comerciallin.com\/#website\"},\"primaryImageOfPage\":{\"@id\":\"https:\/\/comerciallin.com\/index.php\/producto\/case-combo-ks-202-t-m-p\/#primaryimage\"},\"datePublished\":\"2022-11-07T18:26:42+00:00\",\"dateModified\":\"2025-12-26T16:47:03+00:00\",\"breadcrumb\":{\"@id\":\"https:\/\/comerciallin.com\/index.php\/producto\/case-combo-ks-202-t-m-p\/#breadcrumb\"},\"inLanguage\":\"es\",\"potentialAction\":[{\"@type\":\"ReadAction\",\"target\":[\"https:\/\/comerciallin.com\/index.php\/producto\/case-combo-ks-202-t-m-p\/\"]}]},{\"@type\":\"BreadcrumbList\",\"@id\":\"https:\/\/comerciallin.com\/index.php\/producto\/case-combo-ks-202-t-m-p\/#breadcrumb\",\"itemListElement\":[{\"@type\":\"ListItem\",\"position\":1,\"name\":\"Inicio\",\"item\":\"https:\/\/comerciallin.com\/\"},{\"@type\":\"ListItem\",\"position\":2,\"name\":\"Shop\",\"item\":\"https:\/\/comerciallin.com\/?page_id=3853\"},{\"@type\":\"ListItem\",\"position\":3,\"name\":\"CASE COMBO KINGSONG KS-202 T\/M\/P\"}]}]}<\/script>\n<meta property=\"product:price:amount\" content=\"41.40\" \/>\n<meta property=\"product:price:currency\" content=\"USD\" \/>\n<meta property=\"og:availability\" content=\"instock\" \/>\n<meta property=\"product:availability\" content=\"instock\" \/>\n<meta property=\"product:retailer_item_id\" content=\"118030110301\" \/>\n<meta property=\"product:condition\" content=\"new\" \/>\n<!-- \/ Yoast SEO Premium plugin. -->","yoast_head_json":{"title":"CASE COMBO KINGSONG KS-202 T\/M\/P - tienda de electr\u00f3nica y computaci\u00f3n","robots":{"index":"index","follow":"follow","max-snippet":"max-snippet:-1","max-image-preview":"max-image-preview:large","max-video-preview":"max-video-preview:-1"},"canonical":"https:\/\/comerciallin.com\/index.php\/producto\/case-combo-ks-202-t-m-p\/","og_locale":"es_ES","og_type":"article","og_title":"CASE COMBO KINGSONG KS-202 T\/M\/P","og_description":"Cases marca Kingsong    Modelo: Ks-202    Incluye:     Fuente de poder de 600W   Cable de Poder   Teclado   Mouse   Parlantes multimedia   Material, metal reforzado y resistente","og_url":"https:\/\/comerciallin.com\/index.php\/producto\/case-combo-ks-202-t-m-p\/","og_site_name":"tienda de electr\u00f3nica y computaci\u00f3n","article_modified_time":"2025-12-26T16:47:03+00:00","twitter_card":"summary_large_image","twitter_image":"https:\/\/i0.wp.com\/comerciallin.com\/wp-content\/uploads\/2023\/02\/118030110301.jpg?fit=%2C&ssl=1","twitter_misc":{"Precio":"&#36;41,40","Availability":"In stock"},"schema":{"@context":"https:\/\/schema.org","@graph":[{"@type":"WebSite","@id":"https:\/\/comerciallin.com\/#website","url":"https:\/\/comerciallin.com\/","name":"tienda de electr\u00f3nica y computaci\u00f3n","description":"Importadora de Electr\u00f3nica y Computaci\u00f3n","potentialAction":[{"@type":"SearchAction","target":{"@type":"EntryPoint","urlTemplate":"https:\/\/comerciallin.com\/?s={search_term_string}"},"query-input":"required name=search_term_string"}],"inLanguage":"es"},{"@type":"ImageObject","@id":"https:\/\/comerciallin.com\/index.php\/producto\/case-combo-ks-202-t-m-p\/#primaryimage","inLanguage":"es","url":"https:\/\/i0.wp.com\/comerciallin.com\/wp-content\/uploads\/2023\/02\/118030110301.jpg?fit=%2C&ssl=1","contentUrl":"https:\/\/i0.wp.com\/comerciallin.com\/wp-content\/uploads\/2023\/02\/118030110301.jpg?fit=%2C&ssl=1","caption":"CASE COMBO KINGSONG KS-202 T\/M\/P"},{"@type":"WebPage","@id":"https:\/\/comerciallin.com\/index.php\/producto\/case-combo-ks-202-t-m-p\/#webpage","url":"https:\/\/comerciallin.com\/index.php\/producto\/case-combo-ks-202-t-m-p\/","name":"CASE COMBO KINGSONG KS-202 T\/M\/P - tienda de electr\u00f3nica y computaci\u00f3n","isPartOf":{"@id":"https:\/\/comerciallin.com\/#website"},"primaryImageOfPage":{"@id":"https:\/\/comerciallin.com\/index.php\/producto\/case-combo-ks-202-t-m-p\/#primaryimage"},"datePublished":"2022-11-07T18:26:42+00:00","dateModified":"2025-12-26T16:47:03+00:00","breadcrumb":{"@id":"https:\/\/comerciallin.com\/index.php\/producto\/case-combo-ks-202-t-m-p\/#breadcrumb"},"inLanguage":"es","potentialAction":[{"@type":"ReadAction","target":["https:\/\/comerciallin.com\/index.php\/producto\/case-combo-ks-202-t-m-p\/"]}]},{"@type":"BreadcrumbList","@id":"https:\/\/comerciallin.com\/index.php\/producto\/case-combo-ks-202-t-m-p\/#breadcrumb","itemListElement":[{"@type":"ListItem","position":1,"name":"Inicio","item":"https:\/\/comerciallin.com\/"},{"@type":"ListItem","position":2,"name":"Shop","item":"https:\/\/comerciallin.com\/?page_id=3853"},{"@type":"ListItem","position":3,"name":"CASE COMBO KINGSONG KS-202 T\/M\/P"}]}]},"product_price_amount":"41.40","product_price_currency":"USD","og_availability":"instock","product_availability":"instock","product_retailer_item_id":"118030110301","product_condition":"new"},"jetpack-related-posts":[{"id":19034,"url":"https:\/\/comerciallin.com\/index.php\/producto\/case-combo-ks-208-t-m-p\/","url_meta":{"origin":19032,"position":0},"title":"CASE COMBO KINGSONG KS-208 T\/M\/P","date":"7 de noviembre de 2022","format":false,"excerpt":"Cases marca Kingsong Modelo: Ks-208 Incluye: Fuente de poder de 600W Cable de Poder Teclado Mouse Parlantes multimedia Material, metal reforzado y resistente","rel":"","context":"Entrada similar","img":{"alt_text":"","src":"","width":0,"height":0},"classes":[]},{"id":19550,"url":"https:\/\/comerciallin.com\/index.php\/producto\/case-a1b-fuente-cable\/","url_meta":{"origin":19032,"position":1},"title":"CASE #A1B (FUENTE y CABLE)","date":"7 de noviembre de 2022","format":false,"excerpt":"Mini Case Modelo: Case #A1B Fuente de poder de 550W Modelo de fuente: KS-623-550 Marca: Kingsong Material, metal reforzado y resistente\"","rel":"","context":"Entrada similar","img":{"alt_text":"","src":"","width":0,"height":0},"classes":[]},{"id":19554,"url":"https:\/\/comerciallin.com\/index.php\/producto\/case-a1r-fuente-cable\/","url_meta":{"origin":19032,"position":2},"title":"CASE #A1R (FUENTE y CABLE)","date":"7 de noviembre de 2022","format":false,"excerpt":"Mini Case Modelo: Case #A1R Fuente de poder de 550W Modelo de fuente: KS-623-550 Marca: Kingsong Material, metal reforzado y resistente\"","rel":"","context":"Entrada similar","img":{"alt_text":"","src":"","width":0,"height":0},"classes":[]},{"id":18717,"url":"https:\/\/comerciallin.com\/index.php\/producto\/mouse-kingsong-usb-ks-21-gn88-green\/","url_meta":{"origin":19032,"position":3},"title":"MOUSE KINGSONG USB KS-21 &#8211; GN88 GREEN","date":"7 de noviembre de 2022","format":false,"excerpt":"Mouse compatible con:Color VerdeWindows 7, 8, 8.1, 10Mac OS 10.7.4 o superiorPuerto USB","rel":"","context":"Entrada similar","img":{"alt_text":"","src":"","width":0,"height":0},"classes":[]},{"id":18721,"url":"https:\/\/comerciallin.com\/index.php\/producto\/mouse-kingsong-usb-ks-21-gn86-red\/","url_meta":{"origin":19032,"position":4},"title":"MOUSE KINGSONG USB KS-21 &#8211; GN86 RED","date":"7 de noviembre de 2022","format":false,"excerpt":"Mouse compatible con:Color RojoWindows 7, 8, 8.1, 10Mac OS 10.7.4 o superiorPuerto USB","rel":"","context":"Entrada similar","img":{"alt_text":"","src":"","width":0,"height":0},"classes":[]},{"id":18723,"url":"https:\/\/comerciallin.com\/index.php\/producto\/mouse-kingsong-usb-ks-21-gn82-blue\/","url_meta":{"origin":19032,"position":5},"title":"MOUSE KINGSONG USB KS-21 &#8211; GN82 BLUE","date":"7 de noviembre de 2022","format":false,"excerpt":"Mouse compatible con:Color AzulWindows 7, 8, 8.1, 10Mac OS 10.7.4 o superiorPuerto USB","rel":"","context":"Entrada similar","img":{"alt_text":"","src":"","width":0,"height":0},"classes":[]}],"jetpack_sharing_enabled":true,"jetpack_likes_enabled":true,"_links":{"self":[{"href":"https:\/\/comerciallin.com\/index.php\/wp-json\/wp\/v2\/product\/19032"}],"collection":[{"href":"https:\/\/comerciallin.com\/index.php\/wp-json\/wp\/v2\/product"}],"about":[{"href":"https:\/\/comerciallin.com\/index.php\/wp-json\/wp\/v2\/types\/product"}],"replies":[{"embeddable":true,"href":"https:\/\/comerciallin.com\/index.php\/wp-json\/wp\/v2\/comments?post=19032"}],"wp:featuredmedia":[{"embeddable":true,"href":"https:\/\/comerciallin.com\/index.php\/wp-json\/wp\/v2\/media\/21839"}],"wp:attachment":[{"href":"https:\/\/comerciallin.com\/index.php\/wp-json\/wp\/v2\/media?parent=19032"}],"wp:term":[{"taxonomy":"product_cat","embeddable":true,"href":"https:\/\/comerciallin.com\/index.php\/wp-json\/wp\/v2\/product_cat?post=19032"},{"taxonomy":"product_tag","embeddable":true,"href":"https:\/\/comerciallin.com\/index.php\/wp-json\/wp\/v2\/product_tag?post=19032"}],"curies":[{"name":"wp","href":"https:\/\/api.w.org\/{rel}","templated":true}]}}