{"id":19008,"date":"2022-11-07T13:26:36","date_gmt":"2022-11-07T18:26:36","guid":{"rendered":"https:\/\/comerciallin.com\/index.php\/producto\/d-link-switch-8p-dgs-1008a-l-8pto-gigabit\/"},"modified":"2025-01-14T13:55:56","modified_gmt":"2025-01-14T18:55:56","slug":"d-link-switch-8p-dgs-1008a-l-8pto-gigabit","status":"publish","type":"product","link":"https:\/\/comerciallin.com\/index.php\/producto\/d-link-switch-8p-dgs-1008a-l-8pto-gigabit\/","title":{"rendered":"D-LINK SWITCH 8P DGS-1008A\/L 8PTO GIGABIT"},"content":{"rendered":"<p><strong>Redes r&aacute;pidas y confiables<\/strong><br \/>El DGS-1008A crea una red ultra r&aacute;pida, ya que sus puertos Gigabit Ethernet proporcionan conexiones por cable de alta velocidad para hasta ocho dispositivos. Tambi&eacute;n presenta QoS, que prioriza el tr&aacute;fico de la red para que los datos se entreguen de manera eficiente, incluso durante r&aacute;fagas de alto tr&aacute;fico. Es elegante, f&aacute;cil de usar y viene listo para IPv6.<\/p>\n","protected":false},"excerpt":{"rendered":"<p>8-Port Gigabit Desktop Switch<br \/>DGS-1008A<\/p>\n<ul>\n<li>8 puertos Gigabit para conexiones de alta velocidad<\/li>\n<li>Tecnolog&iacute;a de ahorro de energ&iacute;a<\/li>\n<li>QoS prioriza servicios como voz y video<\/li>\n<li>IGMP Snooping*<\/li>\n<\/ul>\n","protected":false},"featured_media":21876,"comment_status":"open","ping_status":"closed","template":"","meta":{"spay_email":""},"product_cat":[799],"product_tag":[],"supplier_id":null,"supplier_sku":"","barcode":null,"atum_controlled":true,"out_stock_date":null,"out_stock_threshold":null,"inheritable":false,"inbound_stock":null,"stock_on_hold":0,"sold_today":0,"sales_last_days":0,"reserved_stock":null,"customer_returns":null,"warehouse_damage":null,"lost_in_post":null,"other_logs":null,"out_stock_days":0,"lost_sales":0,"has_location":null,"update_date":"2026-04-28T00:11:03","atum_locations":[],"atum_stock_status":"instock","restock_status":false,"low_stock_amount":"","sales_update_date":"2026-04-28T00:11:03","calc_backorders":null,"acf":[],"yoast_head":"<!-- This site is optimized with the Yoast SEO Premium plugin v17.4 (Yoast SEO v17.4) - https:\/\/yoast.com\/wordpress\/plugins\/seo\/ -->\n<title>D-LINK SWITCH 8P DGS-1008A\/L 8PTO GIGABIT - tienda de electr\u00f3nica y computaci\u00f3n<\/title>\n<meta name=\"robots\" content=\"index, follow, max-snippet:-1, max-image-preview:large, max-video-preview:-1\" \/>\n<link rel=\"canonical\" href=\"https:\/\/comerciallin.com\/index.php\/producto\/d-link-switch-8p-dgs-1008a-l-8pto-gigabit\/\" \/>\n<meta property=\"og:locale\" content=\"es_ES\" \/>\n<meta property=\"og:type\" content=\"article\" \/>\n<meta property=\"og:title\" content=\"D-LINK SWITCH 8P DGS-1008A\/L 8PTO GIGABIT\" \/>\n<meta property=\"og:description\" content=\"8-Port Gigabit Desktop SwitchDGS-1008A  8 puertos Gigabit para conexiones de alta velocidad Tecnolog&iacute;a de ahorro de energ&iacute;a QoS prioriza servicios como voz y video IGMP Snooping*\" \/>\n<meta property=\"og:url\" content=\"https:\/\/comerciallin.com\/index.php\/producto\/d-link-switch-8p-dgs-1008a-l-8pto-gigabit\/\" \/>\n<meta property=\"og:site_name\" content=\"tienda de electr\u00f3nica y computaci\u00f3n\" \/>\n<meta property=\"article:modified_time\" content=\"2025-01-14T18:55:56+00:00\" \/>\n<meta name=\"twitter:card\" content=\"summary_large_image\" \/>\n<meta name=\"twitter:image\" content=\"https:\/\/i0.wp.com\/comerciallin.com\/wp-content\/uploads\/2023\/02\/054030320201.jpg?fit=%2C&amp;ssl=1\" \/>\n<meta name=\"twitter:label1\" content=\"Precio\" \/>\n\t<meta name=\"twitter:data1\" content=\"&#36;34,50\" \/>\n\t<meta name=\"twitter:label2\" content=\"Availability\" \/>\n\t<meta name=\"twitter:data2\" content=\"In stock\" \/>\n<script type=\"application\/ld+json\" class=\"yoast-schema-graph\">{\"@context\":\"https:\/\/schema.org\",\"@graph\":[{\"@type\":\"WebSite\",\"@id\":\"https:\/\/comerciallin.com\/#website\",\"url\":\"https:\/\/comerciallin.com\/\",\"name\":\"tienda de electr\\u00f3nica y computaci\\u00f3n\",\"description\":\"Importadora de Electr\\u00f3nica y Computaci\\u00f3n\",\"potentialAction\":[{\"@type\":\"SearchAction\",\"target\":{\"@type\":\"EntryPoint\",\"urlTemplate\":\"https:\/\/comerciallin.com\/?s={search_term_string}\"},\"query-input\":\"required name=search_term_string\"}],\"inLanguage\":\"es\"},{\"@type\":\"ImageObject\",\"@id\":\"https:\/\/comerciallin.com\/index.php\/producto\/d-link-switch-8p-dgs-1008a-l-8pto-gigabit\/#primaryimage\",\"inLanguage\":\"es\",\"url\":\"https:\/\/i0.wp.com\/comerciallin.com\/wp-content\/uploads\/2023\/02\/054030320201.jpg?fit=%2C&ssl=1\",\"contentUrl\":\"https:\/\/i0.wp.com\/comerciallin.com\/wp-content\/uploads\/2023\/02\/054030320201.jpg?fit=%2C&ssl=1\",\"caption\":\"D-LINK SWITCH 8P DGS-1008A\/L 8PTO GIGABIT\"},{\"@type\":\"WebPage\",\"@id\":\"https:\/\/comerciallin.com\/index.php\/producto\/d-link-switch-8p-dgs-1008a-l-8pto-gigabit\/#webpage\",\"url\":\"https:\/\/comerciallin.com\/index.php\/producto\/d-link-switch-8p-dgs-1008a-l-8pto-gigabit\/\",\"name\":\"D-LINK SWITCH 8P DGS-1008A\/L 8PTO GIGABIT - tienda de electr\\u00f3nica y computaci\\u00f3n\",\"isPartOf\":{\"@id\":\"https:\/\/comerciallin.com\/#website\"},\"primaryImageOfPage\":{\"@id\":\"https:\/\/comerciallin.com\/index.php\/producto\/d-link-switch-8p-dgs-1008a-l-8pto-gigabit\/#primaryimage\"},\"datePublished\":\"2022-11-07T18:26:36+00:00\",\"dateModified\":\"2025-01-14T18:55:56+00:00\",\"breadcrumb\":{\"@id\":\"https:\/\/comerciallin.com\/index.php\/producto\/d-link-switch-8p-dgs-1008a-l-8pto-gigabit\/#breadcrumb\"},\"inLanguage\":\"es\",\"potentialAction\":[{\"@type\":\"ReadAction\",\"target\":[\"https:\/\/comerciallin.com\/index.php\/producto\/d-link-switch-8p-dgs-1008a-l-8pto-gigabit\/\"]}]},{\"@type\":\"BreadcrumbList\",\"@id\":\"https:\/\/comerciallin.com\/index.php\/producto\/d-link-switch-8p-dgs-1008a-l-8pto-gigabit\/#breadcrumb\",\"itemListElement\":[{\"@type\":\"ListItem\",\"position\":1,\"name\":\"Inicio\",\"item\":\"https:\/\/comerciallin.com\/\"},{\"@type\":\"ListItem\",\"position\":2,\"name\":\"Shop\",\"item\":\"https:\/\/comerciallin.com\/?page_id=3853\"},{\"@type\":\"ListItem\",\"position\":3,\"name\":\"D-LINK SWITCH 8P DGS-1008A\/L 8PTO GIGABIT\"}]}]}<\/script>\n<meta property=\"product:price:amount\" content=\"34.50\" \/>\n<meta property=\"product:price:currency\" content=\"USD\" \/>\n<meta property=\"og:availability\" content=\"instock\" \/>\n<meta property=\"product:availability\" content=\"instock\" \/>\n<meta property=\"product:retailer_item_id\" content=\"54030320201\" \/>\n<meta property=\"product:condition\" content=\"new\" \/>\n<!-- \/ Yoast SEO Premium plugin. -->","yoast_head_json":{"title":"D-LINK SWITCH 8P DGS-1008A\/L 8PTO GIGABIT - tienda de electr\u00f3nica y computaci\u00f3n","robots":{"index":"index","follow":"follow","max-snippet":"max-snippet:-1","max-image-preview":"max-image-preview:large","max-video-preview":"max-video-preview:-1"},"canonical":"https:\/\/comerciallin.com\/index.php\/producto\/d-link-switch-8p-dgs-1008a-l-8pto-gigabit\/","og_locale":"es_ES","og_type":"article","og_title":"D-LINK SWITCH 8P DGS-1008A\/L 8PTO GIGABIT","og_description":"8-Port Gigabit Desktop SwitchDGS-1008A  8 puertos Gigabit para conexiones de alta velocidad Tecnolog&iacute;a de ahorro de energ&iacute;a QoS prioriza servicios como voz y video IGMP Snooping*","og_url":"https:\/\/comerciallin.com\/index.php\/producto\/d-link-switch-8p-dgs-1008a-l-8pto-gigabit\/","og_site_name":"tienda de electr\u00f3nica y computaci\u00f3n","article_modified_time":"2025-01-14T18:55:56+00:00","twitter_card":"summary_large_image","twitter_image":"https:\/\/i0.wp.com\/comerciallin.com\/wp-content\/uploads\/2023\/02\/054030320201.jpg?fit=%2C&ssl=1","twitter_misc":{"Precio":"&#36;34,50","Availability":"In stock"},"schema":{"@context":"https:\/\/schema.org","@graph":[{"@type":"WebSite","@id":"https:\/\/comerciallin.com\/#website","url":"https:\/\/comerciallin.com\/","name":"tienda de electr\u00f3nica y computaci\u00f3n","description":"Importadora de Electr\u00f3nica y Computaci\u00f3n","potentialAction":[{"@type":"SearchAction","target":{"@type":"EntryPoint","urlTemplate":"https:\/\/comerciallin.com\/?s={search_term_string}"},"query-input":"required name=search_term_string"}],"inLanguage":"es"},{"@type":"ImageObject","@id":"https:\/\/comerciallin.com\/index.php\/producto\/d-link-switch-8p-dgs-1008a-l-8pto-gigabit\/#primaryimage","inLanguage":"es","url":"https:\/\/i0.wp.com\/comerciallin.com\/wp-content\/uploads\/2023\/02\/054030320201.jpg?fit=%2C&ssl=1","contentUrl":"https:\/\/i0.wp.com\/comerciallin.com\/wp-content\/uploads\/2023\/02\/054030320201.jpg?fit=%2C&ssl=1","caption":"D-LINK SWITCH 8P DGS-1008A\/L 8PTO GIGABIT"},{"@type":"WebPage","@id":"https:\/\/comerciallin.com\/index.php\/producto\/d-link-switch-8p-dgs-1008a-l-8pto-gigabit\/#webpage","url":"https:\/\/comerciallin.com\/index.php\/producto\/d-link-switch-8p-dgs-1008a-l-8pto-gigabit\/","name":"D-LINK SWITCH 8P DGS-1008A\/L 8PTO GIGABIT - tienda de electr\u00f3nica y computaci\u00f3n","isPartOf":{"@id":"https:\/\/comerciallin.com\/#website"},"primaryImageOfPage":{"@id":"https:\/\/comerciallin.com\/index.php\/producto\/d-link-switch-8p-dgs-1008a-l-8pto-gigabit\/#primaryimage"},"datePublished":"2022-11-07T18:26:36+00:00","dateModified":"2025-01-14T18:55:56+00:00","breadcrumb":{"@id":"https:\/\/comerciallin.com\/index.php\/producto\/d-link-switch-8p-dgs-1008a-l-8pto-gigabit\/#breadcrumb"},"inLanguage":"es","potentialAction":[{"@type":"ReadAction","target":["https:\/\/comerciallin.com\/index.php\/producto\/d-link-switch-8p-dgs-1008a-l-8pto-gigabit\/"]}]},{"@type":"BreadcrumbList","@id":"https:\/\/comerciallin.com\/index.php\/producto\/d-link-switch-8p-dgs-1008a-l-8pto-gigabit\/#breadcrumb","itemListElement":[{"@type":"ListItem","position":1,"name":"Inicio","item":"https:\/\/comerciallin.com\/"},{"@type":"ListItem","position":2,"name":"Shop","item":"https:\/\/comerciallin.com\/?page_id=3853"},{"@type":"ListItem","position":3,"name":"D-LINK SWITCH 8P DGS-1008A\/L 8PTO GIGABIT"}]}]},"product_price_amount":"34.50","product_price_currency":"USD","og_availability":"instock","product_availability":"instock","product_retailer_item_id":"54030320201","product_condition":"new"},"jetpack-related-posts":[{"id":19038,"url":"https:\/\/comerciallin.com\/index.php\/producto\/tp-link-router-archer-c64-ac120wifi5-gigabit\/","url_meta":{"origin":19008,"position":0},"title":"TP-LINK ROUTER ARCHER C64 AC120WIFI5\/GIGABIT","date":"7 de noviembre de 2022","format":false,"excerpt":"Wi-Fi 802.11ac Wave2 Cobertura WiFi mejorada MU-MIMO Beamforming Modo AP Conexi\u00f3n inteligente F\u00e1cil configuraci\u00f3n","rel":"","context":"Entrada similar","img":{"alt_text":"","src":"","width":0,"height":0},"classes":[]},{"id":19655,"url":"https:\/\/comerciallin.com\/index.php\/producto\/cable-red-utp-cat-5-ks-535-100mt\/","url_meta":{"origin":19008,"position":1},"title":"CABLE RED UTP CAT.5 KS-535 100MT","date":"7 de noviembre de 2022","format":false,"excerpt":"Rollo de cable marca KingSong UTP CAT5 Ks-535 est\u00e1 dise\u00f1ado para la transmisi\u00f3n de datos a alta velocidad.","rel":"","context":"Entrada similar","img":{"alt_text":"","src":"","width":0,"height":0},"classes":[]},{"id":19657,"url":"https:\/\/comerciallin.com\/index.php\/producto\/cable-red-ftp-cat-5-ks-545-100mt\/","url_meta":{"origin":19008,"position":2},"title":"CABLE RED FTP CAT.5 KS-545 100MT","date":"7 de noviembre de 2022","format":false,"excerpt":"Rollo de cable marca KingSong UTP CAT5 Ks-545 est\u00e1 dise\u00f1ado para la transmisi\u00f3n de datos a alta velocidad.","rel":"","context":"Entrada similar","img":{"alt_text":"","src":"","width":0,"height":0},"classes":[]},{"id":19659,"url":"https:\/\/comerciallin.com\/index.php\/producto\/cable-red-utp-cat-6-ks-645-100mt\/","url_meta":{"origin":19008,"position":3},"title":"CABLE RED UTP CAT.6 KS-645 100MT","date":"7 de noviembre de 2022","format":false,"excerpt":"Rollo de cable marca KingSong UTP CAT6 Ks-645 est\u00e1 dise\u00f1ado para la transmisi\u00f3n de datos a alta velocidad.","rel":"","context":"Entrada similar","img":{"alt_text":"","src":"","width":0,"height":0},"classes":[]},{"id":19661,"url":"https:\/\/comerciallin.com\/index.php\/producto\/cable-red-ftp-cat-6-ks-651-100mt\/","url_meta":{"origin":19008,"position":4},"title":"CABLE RED FTP CAT.6 KS-651 100MT","date":"7 de noviembre de 2022","format":false,"excerpt":"Rollo de cable marca KingSong UTP CAT6 Ks-651 est\u00e1 dise\u00f1ado para la transmisi\u00f3n de datos a alta velocidad.","rel":"","context":"Entrada similar","img":{"alt_text":"","src":"","width":0,"height":0},"classes":[]},{"id":25837,"url":"https:\/\/comerciallin.com\/index.php\/producto\/tp-link-switch-8puertos-ls1008g-10-100-mbps-2\/","url_meta":{"origin":19008,"position":5},"title":"TP-LINK SWITCH 8PUERTOS LS1008G 10\/100 MBPS","date":"17 de noviembre de 2023","format":false,"excerpt":"\u00a1El switch de red perfecto para tu hogar u oficina! El switch TP-Link LS1008 tiene un dise\u00f1o sencillo y compacto. Cuenta con 8 puertos 10\/100Mbps, lo que te permite conectar hasta 8 dispositivos a tu red. El switch es f\u00e1cil de instalar y configurar. Simplemente con\u00e9ctalo a tu router y\u2026","rel":"","context":"Entrada similar","img":{"alt_text":"","src":"","width":0,"height":0},"classes":[]}],"jetpack_sharing_enabled":true,"jetpack_likes_enabled":true,"_links":{"self":[{"href":"https:\/\/comerciallin.com\/index.php\/wp-json\/wp\/v2\/product\/19008"}],"collection":[{"href":"https:\/\/comerciallin.com\/index.php\/wp-json\/wp\/v2\/product"}],"about":[{"href":"https:\/\/comerciallin.com\/index.php\/wp-json\/wp\/v2\/types\/product"}],"replies":[{"embeddable":true,"href":"https:\/\/comerciallin.com\/index.php\/wp-json\/wp\/v2\/comments?post=19008"}],"wp:featuredmedia":[{"embeddable":true,"href":"https:\/\/comerciallin.com\/index.php\/wp-json\/wp\/v2\/media\/21876"}],"wp:attachment":[{"href":"https:\/\/comerciallin.com\/index.php\/wp-json\/wp\/v2\/media?parent=19008"}],"wp:term":[{"taxonomy":"product_cat","embeddable":true,"href":"https:\/\/comerciallin.com\/index.php\/wp-json\/wp\/v2\/product_cat?post=19008"},{"taxonomy":"product_tag","embeddable":true,"href":"https:\/\/comerciallin.com\/index.php\/wp-json\/wp\/v2\/product_tag?post=19008"}],"curies":[{"name":"wp","href":"https:\/\/api.w.org\/{rel}","templated":true}]}}