{"id":18978,"date":"2022-11-07T13:26:30","date_gmt":"2022-11-07T18:26:30","guid":{"rendered":"https:\/\/comerciallin.com\/index.php\/producto\/extension-usb-20mt-c-filtro-2-0\/"},"modified":"2025-01-14T13:56:16","modified_gmt":"2025-01-14T18:56:16","slug":"extension-usb-20mt-c-filtro-2-0","status":"publish","type":"product","link":"https:\/\/comerciallin.com\/index.php\/producto\/extension-usb-20mt-c-filtro-2-0\/","title":{"rendered":"EXTENSION USB 20MT C\/FILTRO 2.0"},"content":{"rendered":"<p>20 USB 2,0 extensi&oacute;n activa\/Repetidor 480 Mbp Cable de extensi&oacute;n USB activo<\/p>\n","protected":false},"excerpt":{"rendered":"<p>20 Metros USB 2,0 extensi&oacute;n activa\/Repetidor 480 Mbp Cable de extensi&oacute;n USB activo<\/p>\n","protected":false},"featured_media":21886,"comment_status":"open","ping_status":"closed","template":"","meta":{"spay_email":""},"product_cat":[789],"product_tag":[],"supplier_id":null,"supplier_sku":"","barcode":null,"atum_controlled":true,"out_stock_date":null,"out_stock_threshold":null,"inheritable":false,"inbound_stock":null,"stock_on_hold":0,"sold_today":0,"sales_last_days":0,"reserved_stock":null,"customer_returns":null,"warehouse_damage":null,"lost_in_post":null,"other_logs":null,"out_stock_days":0,"lost_sales":0,"has_location":null,"update_date":"2026-04-28T00:11:04","atum_locations":[],"atum_stock_status":"instock","restock_status":false,"low_stock_amount":"","sales_update_date":"2026-04-28T00:11:04","calc_backorders":null,"acf":[],"yoast_head":"<!-- This site is optimized with the Yoast SEO Premium plugin v17.4 (Yoast SEO v17.4) - https:\/\/yoast.com\/wordpress\/plugins\/seo\/ -->\n<title>EXTENSION USB 20MT C\/FILTRO 2.0 - tienda de electr\u00f3nica y computaci\u00f3n<\/title>\n<meta name=\"robots\" content=\"index, follow, max-snippet:-1, max-image-preview:large, max-video-preview:-1\" \/>\n<link rel=\"canonical\" href=\"https:\/\/comerciallin.com\/index.php\/producto\/extension-usb-20mt-c-filtro-2-0\/\" \/>\n<meta property=\"og:locale\" content=\"es_ES\" \/>\n<meta property=\"og:type\" content=\"article\" \/>\n<meta property=\"og:title\" content=\"EXTENSION USB 20MT C\/FILTRO 2.0\" \/>\n<meta property=\"og:description\" content=\"20 Metros USB 2,0 extensi&oacute;n activa\/Repetidor 480 Mbp Cable de extensi&oacute;n USB activo\" \/>\n<meta property=\"og:url\" content=\"https:\/\/comerciallin.com\/index.php\/producto\/extension-usb-20mt-c-filtro-2-0\/\" \/>\n<meta property=\"og:site_name\" content=\"tienda de electr\u00f3nica y computaci\u00f3n\" \/>\n<meta property=\"article:modified_time\" content=\"2025-01-14T18:56:16+00:00\" \/>\n<meta name=\"twitter:card\" content=\"summary_large_image\" \/>\n<meta name=\"twitter:image\" content=\"https:\/\/i0.wp.com\/comerciallin.com\/wp-content\/uploads\/2023\/02\/214030100105.jpg?fit=%2C&amp;ssl=1\" \/>\n<meta name=\"twitter:label1\" content=\"Precio\" \/>\n\t<meta name=\"twitter:data1\" content=\"&#36;26,45\" \/>\n\t<meta name=\"twitter:label2\" content=\"Availability\" \/>\n\t<meta name=\"twitter:data2\" content=\"In stock\" \/>\n<script type=\"application\/ld+json\" class=\"yoast-schema-graph\">{\"@context\":\"https:\/\/schema.org\",\"@graph\":[{\"@type\":\"WebSite\",\"@id\":\"https:\/\/comerciallin.com\/#website\",\"url\":\"https:\/\/comerciallin.com\/\",\"name\":\"tienda de electr\\u00f3nica y computaci\\u00f3n\",\"description\":\"Importadora de Electr\\u00f3nica y Computaci\\u00f3n\",\"potentialAction\":[{\"@type\":\"SearchAction\",\"target\":{\"@type\":\"EntryPoint\",\"urlTemplate\":\"https:\/\/comerciallin.com\/?s={search_term_string}\"},\"query-input\":\"required name=search_term_string\"}],\"inLanguage\":\"es\"},{\"@type\":\"ImageObject\",\"@id\":\"https:\/\/comerciallin.com\/index.php\/producto\/extension-usb-20mt-c-filtro-2-0\/#primaryimage\",\"inLanguage\":\"es\",\"url\":\"https:\/\/i0.wp.com\/comerciallin.com\/wp-content\/uploads\/2023\/02\/214030100105.jpg?fit=%2C&ssl=1\",\"contentUrl\":\"https:\/\/i0.wp.com\/comerciallin.com\/wp-content\/uploads\/2023\/02\/214030100105.jpg?fit=%2C&ssl=1\",\"caption\":\"EXTENSION USB 20MT C\/FILTRO 2.0\"},{\"@type\":\"WebPage\",\"@id\":\"https:\/\/comerciallin.com\/index.php\/producto\/extension-usb-20mt-c-filtro-2-0\/#webpage\",\"url\":\"https:\/\/comerciallin.com\/index.php\/producto\/extension-usb-20mt-c-filtro-2-0\/\",\"name\":\"EXTENSION USB 20MT C\/FILTRO 2.0 - tienda de electr\\u00f3nica y computaci\\u00f3n\",\"isPartOf\":{\"@id\":\"https:\/\/comerciallin.com\/#website\"},\"primaryImageOfPage\":{\"@id\":\"https:\/\/comerciallin.com\/index.php\/producto\/extension-usb-20mt-c-filtro-2-0\/#primaryimage\"},\"datePublished\":\"2022-11-07T18:26:30+00:00\",\"dateModified\":\"2025-01-14T18:56:16+00:00\",\"breadcrumb\":{\"@id\":\"https:\/\/comerciallin.com\/index.php\/producto\/extension-usb-20mt-c-filtro-2-0\/#breadcrumb\"},\"inLanguage\":\"es\",\"potentialAction\":[{\"@type\":\"ReadAction\",\"target\":[\"https:\/\/comerciallin.com\/index.php\/producto\/extension-usb-20mt-c-filtro-2-0\/\"]}]},{\"@type\":\"BreadcrumbList\",\"@id\":\"https:\/\/comerciallin.com\/index.php\/producto\/extension-usb-20mt-c-filtro-2-0\/#breadcrumb\",\"itemListElement\":[{\"@type\":\"ListItem\",\"position\":1,\"name\":\"Inicio\",\"item\":\"https:\/\/comerciallin.com\/\"},{\"@type\":\"ListItem\",\"position\":2,\"name\":\"Shop\",\"item\":\"https:\/\/comerciallin.com\/?page_id=3853\"},{\"@type\":\"ListItem\",\"position\":3,\"name\":\"EXTENSION USB 20MT C\/FILTRO 2.0\"}]}]}<\/script>\n<meta property=\"product:price:amount\" content=\"26.45\" \/>\n<meta property=\"product:price:currency\" content=\"USD\" \/>\n<meta property=\"og:availability\" content=\"instock\" \/>\n<meta property=\"product:availability\" content=\"instock\" \/>\n<meta property=\"product:retailer_item_id\" content=\"214030100105\" \/>\n<meta property=\"product:condition\" content=\"new\" \/>\n<!-- \/ Yoast SEO Premium plugin. -->","yoast_head_json":{"title":"EXTENSION USB 20MT C\/FILTRO 2.0 - tienda de electr\u00f3nica y computaci\u00f3n","robots":{"index":"index","follow":"follow","max-snippet":"max-snippet:-1","max-image-preview":"max-image-preview:large","max-video-preview":"max-video-preview:-1"},"canonical":"https:\/\/comerciallin.com\/index.php\/producto\/extension-usb-20mt-c-filtro-2-0\/","og_locale":"es_ES","og_type":"article","og_title":"EXTENSION USB 20MT C\/FILTRO 2.0","og_description":"20 Metros USB 2,0 extensi&oacute;n activa\/Repetidor 480 Mbp Cable de extensi&oacute;n USB activo","og_url":"https:\/\/comerciallin.com\/index.php\/producto\/extension-usb-20mt-c-filtro-2-0\/","og_site_name":"tienda de electr\u00f3nica y computaci\u00f3n","article_modified_time":"2025-01-14T18:56:16+00:00","twitter_card":"summary_large_image","twitter_image":"https:\/\/i0.wp.com\/comerciallin.com\/wp-content\/uploads\/2023\/02\/214030100105.jpg?fit=%2C&ssl=1","twitter_misc":{"Precio":"&#36;26,45","Availability":"In stock"},"schema":{"@context":"https:\/\/schema.org","@graph":[{"@type":"WebSite","@id":"https:\/\/comerciallin.com\/#website","url":"https:\/\/comerciallin.com\/","name":"tienda de electr\u00f3nica y computaci\u00f3n","description":"Importadora de Electr\u00f3nica y Computaci\u00f3n","potentialAction":[{"@type":"SearchAction","target":{"@type":"EntryPoint","urlTemplate":"https:\/\/comerciallin.com\/?s={search_term_string}"},"query-input":"required name=search_term_string"}],"inLanguage":"es"},{"@type":"ImageObject","@id":"https:\/\/comerciallin.com\/index.php\/producto\/extension-usb-20mt-c-filtro-2-0\/#primaryimage","inLanguage":"es","url":"https:\/\/i0.wp.com\/comerciallin.com\/wp-content\/uploads\/2023\/02\/214030100105.jpg?fit=%2C&ssl=1","contentUrl":"https:\/\/i0.wp.com\/comerciallin.com\/wp-content\/uploads\/2023\/02\/214030100105.jpg?fit=%2C&ssl=1","caption":"EXTENSION USB 20MT C\/FILTRO 2.0"},{"@type":"WebPage","@id":"https:\/\/comerciallin.com\/index.php\/producto\/extension-usb-20mt-c-filtro-2-0\/#webpage","url":"https:\/\/comerciallin.com\/index.php\/producto\/extension-usb-20mt-c-filtro-2-0\/","name":"EXTENSION USB 20MT C\/FILTRO 2.0 - tienda de electr\u00f3nica y computaci\u00f3n","isPartOf":{"@id":"https:\/\/comerciallin.com\/#website"},"primaryImageOfPage":{"@id":"https:\/\/comerciallin.com\/index.php\/producto\/extension-usb-20mt-c-filtro-2-0\/#primaryimage"},"datePublished":"2022-11-07T18:26:30+00:00","dateModified":"2025-01-14T18:56:16+00:00","breadcrumb":{"@id":"https:\/\/comerciallin.com\/index.php\/producto\/extension-usb-20mt-c-filtro-2-0\/#breadcrumb"},"inLanguage":"es","potentialAction":[{"@type":"ReadAction","target":["https:\/\/comerciallin.com\/index.php\/producto\/extension-usb-20mt-c-filtro-2-0\/"]}]},{"@type":"BreadcrumbList","@id":"https:\/\/comerciallin.com\/index.php\/producto\/extension-usb-20mt-c-filtro-2-0\/#breadcrumb","itemListElement":[{"@type":"ListItem","position":1,"name":"Inicio","item":"https:\/\/comerciallin.com\/"},{"@type":"ListItem","position":2,"name":"Shop","item":"https:\/\/comerciallin.com\/?page_id=3853"},{"@type":"ListItem","position":3,"name":"EXTENSION USB 20MT C\/FILTRO 2.0"}]}]},"product_price_amount":"26.45","product_price_currency":"USD","og_availability":"instock","product_availability":"instock","product_retailer_item_id":"214030100105","product_condition":"new"},"jetpack-related-posts":[{"id":18821,"url":"https:\/\/comerciallin.com\/index.php\/producto\/extension-usb-10mt-c-filtro-2-0\/","url_meta":{"origin":18978,"position":0},"title":"EXTENSION USB 10MT C\/FILTRO 2.0","date":"7 de noviembre de 2022","format":false,"excerpt":"10 Metros USB 2,0 extensi\u00f3n activa\/Repetidor 480 Mbp Cable de extensi\u00f3n USB activo","rel":"","context":"Entrada similar","img":{"alt_text":"","src":"","width":0,"height":0},"classes":[]},{"id":18928,"url":"https:\/\/comerciallin.com\/index.php\/producto\/extension-usb-15mt-c-filtro-2-0\/","url_meta":{"origin":18978,"position":1},"title":"EXTENSION USB 15MT C\/FILTRO 2.0","date":"7 de noviembre de 2022","format":false,"excerpt":"15 Metros USB 2,0 extensi\u00f3n activa\/Repetidor 480 Mbp Cable de extensi\u00f3n USB activo","rel":"","context":"Entrada similar","img":{"alt_text":"","src":"","width":0,"height":0},"classes":[]},{"id":19710,"url":"https:\/\/comerciallin.com\/index.php\/producto\/expansor-usb-2-0-1-a-4-port-hub\/","url_meta":{"origin":18978,"position":2},"title":"EXPANSOR USB 2.0 1 A 4 PORT HUB","date":"8 de noviembre de 2022","format":false,"excerpt":"Concentrador USB 2.0 4 en 1 para PC\/port\u00e1tiles, 4 puertos USB 2.0 con 4 concentradores de extensi\u00f3n de puertos USB de encendido\/apagado individuales Concentrador USB (negro)","rel":"","context":"Entrada similar","img":{"alt_text":"","src":"","width":0,"height":0},"classes":[]},{"id":19708,"url":"https:\/\/comerciallin.com\/index.php\/producto\/expansor-usb-3-0-1-a-4-port-hub-2\/","url_meta":{"origin":18978,"position":3},"title":"EXPANSOR USB 3.0 1 A 4 PORT HUB","date":"8 de noviembre de 2022","format":false,"excerpt":"Concentrador USB 3.0 4 en 1 para PC\/port\u00e1tiles, 4 puertos USB 3.0 con 4 concentradores de extensi\u00f3n de puertos USB de encendido\/apagado individuales (AMS-HUB-0107) Concentrador USB (negro)","rel":"","context":"Entrada similar","img":{"alt_text":"","src":"","width":0,"height":0},"classes":[]},{"id":19709,"url":"https:\/\/comerciallin.com\/index.php\/producto\/expansor-usb-3-0-1-a-7-port-hub\/","url_meta":{"origin":18978,"position":4},"title":"EXPANSOR USB 3.0 1 A 7 PORT HUB","date":"8 de noviembre de 2022","format":false,"excerpt":"Concentrador USB 3.0 7 en 1 para PC\/port\u00e1tiles, 7 puertos USB 3.0 con 7 concentradores de extensi\u00f3n de puertos USB de encendido\/apagado individuales (AMS-HUB-0107) Concentrador USB (negro)","rel":"","context":"Entrada similar","img":{"alt_text":"","src":"","width":0,"height":0},"classes":[]},{"id":18753,"url":"https:\/\/comerciallin.com\/index.php\/producto\/cable-impresora-5mt-usb\/","url_meta":{"origin":18978,"position":5},"title":"CABLE IMPRESORA 5MT USB","date":"7 de noviembre de 2022","format":false,"excerpt":"USB 2.0 de alta velocidad hasta 480 Mbits\/s Aislamiento transparente hasta 30V Conector tipo A macho a conector tipo B macho Longitud: 5MT","rel":"","context":"Entrada similar","img":{"alt_text":"CABLE IMPRESORA 5MT USB","src":"https:\/\/i0.wp.com\/comerciallin.com\/wp-content\/uploads\/2023\/02\/214030100101.jpg?fit=992%2C744&ssl=1&resize=350%2C200","width":350,"height":200},"classes":[]}],"jetpack_sharing_enabled":true,"jetpack_likes_enabled":true,"_links":{"self":[{"href":"https:\/\/comerciallin.com\/index.php\/wp-json\/wp\/v2\/product\/18978"}],"collection":[{"href":"https:\/\/comerciallin.com\/index.php\/wp-json\/wp\/v2\/product"}],"about":[{"href":"https:\/\/comerciallin.com\/index.php\/wp-json\/wp\/v2\/types\/product"}],"replies":[{"embeddable":true,"href":"https:\/\/comerciallin.com\/index.php\/wp-json\/wp\/v2\/comments?post=18978"}],"wp:featuredmedia":[{"embeddable":true,"href":"https:\/\/comerciallin.com\/index.php\/wp-json\/wp\/v2\/media\/21886"}],"wp:attachment":[{"href":"https:\/\/comerciallin.com\/index.php\/wp-json\/wp\/v2\/media?parent=18978"}],"wp:term":[{"taxonomy":"product_cat","embeddable":true,"href":"https:\/\/comerciallin.com\/index.php\/wp-json\/wp\/v2\/product_cat?post=18978"},{"taxonomy":"product_tag","embeddable":true,"href":"https:\/\/comerciallin.com\/index.php\/wp-json\/wp\/v2\/product_tag?post=18978"}],"curies":[{"name":"wp","href":"https:\/\/api.w.org\/{rel}","templated":true}]}}