{"id":18949,"date":"2022-11-07T13:26:23","date_gmt":"2022-11-07T18:26:23","guid":{"rendered":"https:\/\/comerciallin.com\/index.php\/producto\/gamer-audifono-a18-no-resplandecer\/"},"modified":"2025-12-26T11:46:32","modified_gmt":"2025-12-26T16:46:32","slug":"gamer-audifono-a18-no-resplandecer","status":"publish","type":"product","link":"https:\/\/comerciallin.com\/index.php\/producto\/gamer-audifono-a18-no-resplandecer\/","title":{"rendered":"GAMER AUDIFONO A18 NO RESPLANDECER"},"content":{"rendered":"<p><strong>Marca: <\/strong>Gaming Edition<\/p>\n<p><strong>Modelo:<\/strong> A18<\/p>\n<p><strong>Sensibilidad:<\/strong> 108 3dB<\/p>\n<p><strong>Interfaz de auricular:<\/strong> USB 3.5 mm<\/p>\n<p><strong>Impedancia:<\/strong> 16 15%<\/p>\n<p><strong>Microfono:<\/strong> 6.0 x 5 mm<\/p>\n<p><strong>Sensibilidad del microfono:<\/strong> 2.2 K<\/p>\n<p><strong>Largo de linea:<\/strong> 2.1 M 0.15<\/p>\n<p><strong>Largo del cable:<\/strong> 224 cm<\/p>\n<p><strong>Rango de frecuentcia:<\/strong> 20 Hz &ndash; 20 Khz<\/p>\n<p><strong>Voltaje de trabajo de LED:<\/strong> DC5V 5%<\/p>\n<p><strong>Tama&ntilde;o de bocina:<\/strong> 50 mm Corriente de trabajo:<\/p>\n","protected":false},"excerpt":{"rendered":"<p><strong>Marca: <\/strong>Gaming Edition<\/p>\n<p><strong>Modelo:<\/strong> A18<\/p>\n<p><strong>Sensibilidad:<\/strong> 108 3dB<\/p>\n<p><strong>Interfaz de auricular:<\/strong> USB 3.5 mm<\/p>\n<p><strong>Impedancia:<\/strong> 16 15%<\/p>\n<p><strong>Microfono:<\/strong> 6.0 x 5 mm<\/p>\n<p><strong>Sensibilidad del microfono:<\/strong> 2.2 K<\/p>\n<p><strong>Largo de linea:<\/strong> 2.1 M 0.15<\/p>\n<p><strong>Largo del cable:<\/strong> 224 cm<\/p>\n<p><strong>Rango de frecuentcia:<\/strong> 20 Hz &ndash; 20 Khz<\/p>\n<p><strong>Voltaje de trabajo de LED:<\/strong> DC5V 5%<\/p>\n<p><strong>Tama&ntilde;o de bocina:<\/strong> 50 mm Corriente de trabajo:<\/p>\n","protected":false},"featured_media":21905,"comment_status":"open","ping_status":"closed","template":"","meta":{"spay_email":""},"product_cat":[820],"product_tag":[],"supplier_id":null,"supplier_sku":"","barcode":null,"atum_controlled":true,"out_stock_date":null,"out_stock_threshold":null,"inheritable":false,"inbound_stock":null,"stock_on_hold":0,"sold_today":0,"sales_last_days":0,"reserved_stock":null,"customer_returns":null,"warehouse_damage":null,"lost_in_post":null,"other_logs":null,"out_stock_days":0,"lost_sales":0,"has_location":null,"update_date":"2026-04-28T00:11:21","atum_locations":[],"atum_stock_status":"instock","restock_status":false,"low_stock_amount":"","sales_update_date":"2026-04-28T00:11:21","calc_backorders":null,"acf":[],"yoast_head":"<!-- This site is optimized with the Yoast SEO Premium plugin v17.4 (Yoast SEO v17.4) - https:\/\/yoast.com\/wordpress\/plugins\/seo\/ -->\n<title>GAMER AUDIFONO A18 NO RESPLANDECER - tienda de electr\u00f3nica y computaci\u00f3n<\/title>\n<meta name=\"robots\" content=\"index, follow, max-snippet:-1, max-image-preview:large, max-video-preview:-1\" \/>\n<link rel=\"canonical\" href=\"https:\/\/comerciallin.com\/index.php\/producto\/gamer-audifono-a18-no-resplandecer\/\" \/>\n<meta property=\"og:locale\" content=\"es_ES\" \/>\n<meta property=\"og:type\" content=\"article\" \/>\n<meta property=\"og:title\" content=\"GAMER AUDIFONO A18 NO RESPLANDECER\" \/>\n<meta property=\"og:description\" content=\"Marca: Gaming Edition  Modelo: A18  Sensibilidad: 108 3dB  Interfaz de auricular: USB 3.5 mm  Impedancia: 16 15%  Microfono: 6.0 x 5 mm  Sensibilidad del microfono: 2.2 K  Largo de linea: 2.1 M 0.15  Largo del cable: 224 cm  Rango de frecuentcia: 20 Hz &ndash; 20 Khz  Voltaje de trabajo de LED: DC5V 5%  Tama&ntilde;o de bocina: 50 mm Corriente de trabajo:\" \/>\n<meta property=\"og:url\" content=\"https:\/\/comerciallin.com\/index.php\/producto\/gamer-audifono-a18-no-resplandecer\/\" \/>\n<meta property=\"og:site_name\" content=\"tienda de electr\u00f3nica y computaci\u00f3n\" \/>\n<meta property=\"article:modified_time\" content=\"2025-12-26T16:46:32+00:00\" \/>\n<meta name=\"twitter:card\" content=\"summary_large_image\" \/>\n<meta name=\"twitter:image\" content=\"https:\/\/i0.wp.com\/comerciallin.com\/wp-content\/uploads\/2023\/02\/717030101006.jpg?fit=%2C&amp;ssl=1\" \/>\n<meta name=\"twitter:label1\" content=\"Precio\" \/>\n\t<meta name=\"twitter:data1\" content=\"&#36;12,65\" \/>\n\t<meta name=\"twitter:label2\" content=\"Availability\" \/>\n\t<meta name=\"twitter:data2\" content=\"In stock\" \/>\n<script type=\"application\/ld+json\" class=\"yoast-schema-graph\">{\"@context\":\"https:\/\/schema.org\",\"@graph\":[{\"@type\":\"WebSite\",\"@id\":\"https:\/\/comerciallin.com\/#website\",\"url\":\"https:\/\/comerciallin.com\/\",\"name\":\"tienda de electr\\u00f3nica y computaci\\u00f3n\",\"description\":\"Importadora de Electr\\u00f3nica y Computaci\\u00f3n\",\"potentialAction\":[{\"@type\":\"SearchAction\",\"target\":{\"@type\":\"EntryPoint\",\"urlTemplate\":\"https:\/\/comerciallin.com\/?s={search_term_string}\"},\"query-input\":\"required name=search_term_string\"}],\"inLanguage\":\"es\"},{\"@type\":\"ImageObject\",\"@id\":\"https:\/\/comerciallin.com\/index.php\/producto\/gamer-audifono-a18-no-resplandecer\/#primaryimage\",\"inLanguage\":\"es\",\"url\":\"https:\/\/i0.wp.com\/comerciallin.com\/wp-content\/uploads\/2023\/02\/717030101006.jpg?fit=%2C&ssl=1\",\"contentUrl\":\"https:\/\/i0.wp.com\/comerciallin.com\/wp-content\/uploads\/2023\/02\/717030101006.jpg?fit=%2C&ssl=1\",\"caption\":\"GAMER AUDIFONO A18 NO RESPLANDECER\"},{\"@type\":\"WebPage\",\"@id\":\"https:\/\/comerciallin.com\/index.php\/producto\/gamer-audifono-a18-no-resplandecer\/#webpage\",\"url\":\"https:\/\/comerciallin.com\/index.php\/producto\/gamer-audifono-a18-no-resplandecer\/\",\"name\":\"GAMER AUDIFONO A18 NO RESPLANDECER - tienda de electr\\u00f3nica y computaci\\u00f3n\",\"isPartOf\":{\"@id\":\"https:\/\/comerciallin.com\/#website\"},\"primaryImageOfPage\":{\"@id\":\"https:\/\/comerciallin.com\/index.php\/producto\/gamer-audifono-a18-no-resplandecer\/#primaryimage\"},\"datePublished\":\"2022-11-07T18:26:23+00:00\",\"dateModified\":\"2025-12-26T16:46:32+00:00\",\"breadcrumb\":{\"@id\":\"https:\/\/comerciallin.com\/index.php\/producto\/gamer-audifono-a18-no-resplandecer\/#breadcrumb\"},\"inLanguage\":\"es\",\"potentialAction\":[{\"@type\":\"ReadAction\",\"target\":[\"https:\/\/comerciallin.com\/index.php\/producto\/gamer-audifono-a18-no-resplandecer\/\"]}]},{\"@type\":\"BreadcrumbList\",\"@id\":\"https:\/\/comerciallin.com\/index.php\/producto\/gamer-audifono-a18-no-resplandecer\/#breadcrumb\",\"itemListElement\":[{\"@type\":\"ListItem\",\"position\":1,\"name\":\"Inicio\",\"item\":\"https:\/\/comerciallin.com\/\"},{\"@type\":\"ListItem\",\"position\":2,\"name\":\"Shop\",\"item\":\"https:\/\/comerciallin.com\/?page_id=3853\"},{\"@type\":\"ListItem\",\"position\":3,\"name\":\"GAMER AUDIFONO A18 NO RESPLANDECER\"}]}]}<\/script>\n<meta property=\"product:price:amount\" content=\"12.65\" \/>\n<meta property=\"product:price:currency\" content=\"USD\" \/>\n<meta property=\"og:availability\" content=\"instock\" \/>\n<meta property=\"product:availability\" content=\"instock\" \/>\n<meta property=\"product:retailer_item_id\" content=\"717030101006\" \/>\n<meta property=\"product:condition\" content=\"new\" \/>\n<!-- \/ Yoast SEO Premium plugin. -->","yoast_head_json":{"title":"GAMER AUDIFONO A18 NO RESPLANDECER - tienda de electr\u00f3nica y computaci\u00f3n","robots":{"index":"index","follow":"follow","max-snippet":"max-snippet:-1","max-image-preview":"max-image-preview:large","max-video-preview":"max-video-preview:-1"},"canonical":"https:\/\/comerciallin.com\/index.php\/producto\/gamer-audifono-a18-no-resplandecer\/","og_locale":"es_ES","og_type":"article","og_title":"GAMER AUDIFONO A18 NO RESPLANDECER","og_description":"Marca: Gaming Edition  Modelo: A18  Sensibilidad: 108 3dB  Interfaz de auricular: USB 3.5 mm  Impedancia: 16 15%  Microfono: 6.0 x 5 mm  Sensibilidad del microfono: 2.2 K  Largo de linea: 2.1 M 0.15  Largo del cable: 224 cm  Rango de frecuentcia: 20 Hz &ndash; 20 Khz  Voltaje de trabajo de LED: DC5V 5%  Tama&ntilde;o de bocina: 50 mm Corriente de trabajo:","og_url":"https:\/\/comerciallin.com\/index.php\/producto\/gamer-audifono-a18-no-resplandecer\/","og_site_name":"tienda de electr\u00f3nica y computaci\u00f3n","article_modified_time":"2025-12-26T16:46:32+00:00","twitter_card":"summary_large_image","twitter_image":"https:\/\/i0.wp.com\/comerciallin.com\/wp-content\/uploads\/2023\/02\/717030101006.jpg?fit=%2C&ssl=1","twitter_misc":{"Precio":"&#36;12,65","Availability":"In stock"},"schema":{"@context":"https:\/\/schema.org","@graph":[{"@type":"WebSite","@id":"https:\/\/comerciallin.com\/#website","url":"https:\/\/comerciallin.com\/","name":"tienda de electr\u00f3nica y computaci\u00f3n","description":"Importadora de Electr\u00f3nica y Computaci\u00f3n","potentialAction":[{"@type":"SearchAction","target":{"@type":"EntryPoint","urlTemplate":"https:\/\/comerciallin.com\/?s={search_term_string}"},"query-input":"required name=search_term_string"}],"inLanguage":"es"},{"@type":"ImageObject","@id":"https:\/\/comerciallin.com\/index.php\/producto\/gamer-audifono-a18-no-resplandecer\/#primaryimage","inLanguage":"es","url":"https:\/\/i0.wp.com\/comerciallin.com\/wp-content\/uploads\/2023\/02\/717030101006.jpg?fit=%2C&ssl=1","contentUrl":"https:\/\/i0.wp.com\/comerciallin.com\/wp-content\/uploads\/2023\/02\/717030101006.jpg?fit=%2C&ssl=1","caption":"GAMER AUDIFONO A18 NO RESPLANDECER"},{"@type":"WebPage","@id":"https:\/\/comerciallin.com\/index.php\/producto\/gamer-audifono-a18-no-resplandecer\/#webpage","url":"https:\/\/comerciallin.com\/index.php\/producto\/gamer-audifono-a18-no-resplandecer\/","name":"GAMER AUDIFONO A18 NO RESPLANDECER - tienda de electr\u00f3nica y computaci\u00f3n","isPartOf":{"@id":"https:\/\/comerciallin.com\/#website"},"primaryImageOfPage":{"@id":"https:\/\/comerciallin.com\/index.php\/producto\/gamer-audifono-a18-no-resplandecer\/#primaryimage"},"datePublished":"2022-11-07T18:26:23+00:00","dateModified":"2025-12-26T16:46:32+00:00","breadcrumb":{"@id":"https:\/\/comerciallin.com\/index.php\/producto\/gamer-audifono-a18-no-resplandecer\/#breadcrumb"},"inLanguage":"es","potentialAction":[{"@type":"ReadAction","target":["https:\/\/comerciallin.com\/index.php\/producto\/gamer-audifono-a18-no-resplandecer\/"]}]},{"@type":"BreadcrumbList","@id":"https:\/\/comerciallin.com\/index.php\/producto\/gamer-audifono-a18-no-resplandecer\/#breadcrumb","itemListElement":[{"@type":"ListItem","position":1,"name":"Inicio","item":"https:\/\/comerciallin.com\/"},{"@type":"ListItem","position":2,"name":"Shop","item":"https:\/\/comerciallin.com\/?page_id=3853"},{"@type":"ListItem","position":3,"name":"GAMER AUDIFONO A18 NO RESPLANDECER"}]}]},"product_price_amount":"12.65","product_price_currency":"USD","og_availability":"instock","product_availability":"instock","product_retailer_item_id":"717030101006","product_condition":"new"},"jetpack-related-posts":[{"id":18914,"url":"https:\/\/comerciallin.com\/index.php\/producto\/gamer-audifono-g2000\/","url_meta":{"origin":18949,"position":0},"title":"GAMER AUDIFONO G2000","date":"7 de noviembre de 2022","format":false,"excerpt":"Marca: Gaming Edition Modelo: G2000 Sensibilidad: 108 3dB Interfaz de auricular: USB 3.5 mm Impedancia: 16 15% Microfono: 6.0 x 5 mm Sensibilidad del microfono: 2.2 K Largo de linea: 2.1 M 0.15 Largo del cable: 224 cm Rango de frecuentcia: 20 Hz \u00e2\u20ac\u201c 20 Khz Voltaje de trabajo de\u2026","rel":"","context":"Entrada similar","img":{"alt_text":"","src":"","width":0,"height":0},"classes":[]},{"id":18896,"url":"https:\/\/comerciallin.com\/index.php\/producto\/gamer-audifono-a10-no-resplandecer\/","url_meta":{"origin":18949,"position":1},"title":"GAMER AUDIFONO A10 NO RESPLANDECER","date":"7 de noviembre de 2022","format":false,"excerpt":"Marca: Gaming Edition Modelo: A10 Sensibilidad: 108 3dB Interfaz de auricular: USB 3.5 mm Impedancia: 16 15% Microfono: 6.0 x 5 mm Sensibilidad del microfono: 2.2 K Largo de linea: 2.1 M 0.15 Largo del cable: 224 cm Rango de frecuentcia: 20 Hz \u00e2\u20ac\u201c 20 Khz Voltaje de trabajo de\u2026","rel":"","context":"Entrada similar","img":{"alt_text":"","src":"","width":0,"height":0},"classes":[]},{"id":18894,"url":"https:\/\/comerciallin.com\/index.php\/producto\/gamer-audifono-a12-no-resplandecer\/","url_meta":{"origin":18949,"position":2},"title":"GAMER AUDIFONO A12 NO RESPLANDECER","date":"7 de noviembre de 2022","format":false,"excerpt":"Marca: Gaming Edition Modelo: A12 Sensibilidad: 108 3dB Interfaz de auricular: USB 3.5 mm Impedancia: 16 15% Microfono: 6.0 x 5 mm Sensibilidad del microfono: 2.2 K Largo de linea: 2.1 M 0.15 Largo del cable: 224 cm Rango de frecuentcia: 20 Hz \u2013 20 Khz Voltaje de trabajo de\u2026","rel":"","context":"Entrada similar","img":{"alt_text":"","src":"","width":0,"height":0},"classes":[]},{"id":18849,"url":"https:\/\/comerciallin.com\/index.php\/producto\/gamer-audifono-a10-resplandecer\/","url_meta":{"origin":18949,"position":3},"title":"GAMER AUDIFONO A10 RESPLANDECER","date":"7 de noviembre de 2022","format":false,"excerpt":"Marca: Gaming Edition Modelo: A10 con luces LED Sensibilidad: 108 3dB Interfaz de auricular: USB 3.5 mm Impedancia: 16 15% Microfono: 6.0 x 5 mm Sensibilidad del microfono: 2.2 K Largo de linea: 2.1 M 0.15 Largo del cable: 224 cm Rango de frecuentcia: 20 Hz \u2013 20 Khz Voltaje\u2026","rel":"","context":"Entrada similar","img":{"alt_text":"","src":"","width":0,"height":0},"classes":[]},{"id":18953,"url":"https:\/\/comerciallin.com\/index.php\/producto\/gamer-audifono-a18-no-resplandecer-2\/","url_meta":{"origin":18949,"position":4},"title":"GAMER AUDIFONO A18 NO RESPLANDECER","date":"7 de noviembre de 2022","format":false,"excerpt":"Marca: Gaming Edition Modelo: A18 Sensibilidad: 108 3dB Interfaz de auricular: USB 3.5 mm Impedancia: 16 15% Microfono: 6.0 x 5 mm Sensibilidad del microfono: 2.2 K Largo de linea: 2.1 M 0.15 Largo del cable: 224 cm Rango de frecuentcia: 20 Hz \u2013 20 Khz Voltaje de trabajo de\u2026","rel":"","context":"Entrada similar","img":{"alt_text":"","src":"","width":0,"height":0},"classes":[]}],"jetpack_sharing_enabled":true,"jetpack_likes_enabled":true,"_links":{"self":[{"href":"https:\/\/comerciallin.com\/index.php\/wp-json\/wp\/v2\/product\/18949"}],"collection":[{"href":"https:\/\/comerciallin.com\/index.php\/wp-json\/wp\/v2\/product"}],"about":[{"href":"https:\/\/comerciallin.com\/index.php\/wp-json\/wp\/v2\/types\/product"}],"replies":[{"embeddable":true,"href":"https:\/\/comerciallin.com\/index.php\/wp-json\/wp\/v2\/comments?post=18949"}],"wp:featuredmedia":[{"embeddable":true,"href":"https:\/\/comerciallin.com\/index.php\/wp-json\/wp\/v2\/media\/21905"}],"wp:attachment":[{"href":"https:\/\/comerciallin.com\/index.php\/wp-json\/wp\/v2\/media?parent=18949"}],"wp:term":[{"taxonomy":"product_cat","embeddable":true,"href":"https:\/\/comerciallin.com\/index.php\/wp-json\/wp\/v2\/product_cat?post=18949"},{"taxonomy":"product_tag","embeddable":true,"href":"https:\/\/comerciallin.com\/index.php\/wp-json\/wp\/v2\/product_tag?post=18949"}],"curies":[{"name":"wp","href":"https:\/\/api.w.org\/{rel}","templated":true}]}}