{"id":18885,"date":"2022-11-07T13:26:08","date_gmt":"2022-11-07T18:26:08","guid":{"rendered":"https:\/\/comerciallin.com\/index.php\/producto\/discipador-cool-storm-intel-amd\/"},"modified":"2025-12-26T11:45:25","modified_gmt":"2025-12-26T16:45:25","slug":"discipador-cool-storm-intel-amd","status":"publish","type":"product","link":"https:\/\/comerciallin.com\/index.php\/producto\/discipador-cool-storm-intel-amd\/","title":{"rendered":"DISCIPADOR COOL STORM INTEL\/AMD"},"content":{"rendered":"<p><strong>Ventilador de CPU silencioso del radiador de la computadora de escritorio de COOL STORM 12CM para Intel AMD<\/strong><\/p>\n<ul>\n<li>Material: Aluminio<\/li>\n<li>Tipo de rodamiento: rodamiento hidr&aacute;ulico<\/li>\n<li>Velocidad: 1500 rpm<\/li>\n<li>Peso: 150 g<\/li>\n<li>Vida &uacute;til: 40000 horas<\/li>\n<li>Hoja de tibur&oacute;n de 12 cm, rodamiento hidr&aacute;ulico, silencioso y de larga duraci&oacute;n<\/li>\n<li>Dise&ntilde;o de doble hebilla de aleta de aluminio, no f&aacute;cil de deformar<\/li>\n<\/ul>\n","protected":false},"excerpt":{"rendered":"<p><span>VENTILADOR DE CPU SILENCIOSO DEL RADIADOR DE LA COMPUTADORA DE ESCRITORIO DE COOL STORM 12CM PARA INTEL AMD<\/span><\/p>\n","protected":false},"featured_media":21856,"comment_status":"open","ping_status":"closed","template":"","meta":{"spay_email":""},"product_cat":[789],"product_tag":[],"supplier_id":null,"supplier_sku":"","barcode":null,"atum_controlled":true,"out_stock_date":null,"out_stock_threshold":null,"inheritable":false,"inbound_stock":null,"stock_on_hold":0,"sold_today":0,"sales_last_days":0,"reserved_stock":null,"customer_returns":null,"warehouse_damage":null,"lost_in_post":null,"other_logs":null,"out_stock_days":0,"lost_sales":0,"has_location":null,"update_date":"2026-05-02T00:12:35","atum_locations":[],"atum_stock_status":"instock","restock_status":false,"low_stock_amount":"","sales_update_date":"2026-05-02T00:12:35","calc_backorders":null,"acf":[],"yoast_head":"<!-- This site is optimized with the Yoast SEO Premium plugin v17.4 (Yoast SEO v17.4) - https:\/\/yoast.com\/wordpress\/plugins\/seo\/ -->\n<title>DISCIPADOR COOL STORM INTEL\/AMD - tienda de electr\u00f3nica y computaci\u00f3n<\/title>\n<meta name=\"robots\" content=\"index, follow, max-snippet:-1, max-image-preview:large, max-video-preview:-1\" \/>\n<link rel=\"canonical\" href=\"https:\/\/comerciallin.com\/index.php\/producto\/discipador-cool-storm-intel-amd\/\" \/>\n<meta property=\"og:locale\" content=\"es_ES\" \/>\n<meta property=\"og:type\" content=\"article\" \/>\n<meta property=\"og:title\" content=\"DISCIPADOR COOL STORM INTEL\/AMD\" \/>\n<meta property=\"og:description\" content=\"VENTILADOR DE CPU SILENCIOSO DEL RADIADOR DE LA COMPUTADORA DE ESCRITORIO DE COOL STORM 12CM PARA INTEL AMD\" \/>\n<meta property=\"og:url\" content=\"https:\/\/comerciallin.com\/index.php\/producto\/discipador-cool-storm-intel-amd\/\" \/>\n<meta property=\"og:site_name\" content=\"tienda de electr\u00f3nica y computaci\u00f3n\" \/>\n<meta property=\"article:modified_time\" content=\"2025-12-26T16:45:25+00:00\" \/>\n<meta name=\"twitter:card\" content=\"summary_large_image\" \/>\n<meta name=\"twitter:image\" content=\"https:\/\/i0.wp.com\/comerciallin.com\/wp-content\/uploads\/2023\/02\/721030110702.jpg?fit=%2C&amp;ssl=1\" \/>\n<meta name=\"twitter:label1\" content=\"Precio\" \/>\n\t<meta name=\"twitter:data1\" content=\"&#36;14,95\" \/>\n\t<meta name=\"twitter:label2\" content=\"Availability\" \/>\n\t<meta name=\"twitter:data2\" content=\"In stock\" \/>\n<script type=\"application\/ld+json\" class=\"yoast-schema-graph\">{\"@context\":\"https:\/\/schema.org\",\"@graph\":[{\"@type\":\"WebSite\",\"@id\":\"https:\/\/comerciallin.com\/#website\",\"url\":\"https:\/\/comerciallin.com\/\",\"name\":\"tienda de electr\\u00f3nica y computaci\\u00f3n\",\"description\":\"Importadora de Electr\\u00f3nica y Computaci\\u00f3n\",\"potentialAction\":[{\"@type\":\"SearchAction\",\"target\":{\"@type\":\"EntryPoint\",\"urlTemplate\":\"https:\/\/comerciallin.com\/?s={search_term_string}\"},\"query-input\":\"required name=search_term_string\"}],\"inLanguage\":\"es\"},{\"@type\":\"ImageObject\",\"@id\":\"https:\/\/comerciallin.com\/index.php\/producto\/discipador-cool-storm-intel-amd\/#primaryimage\",\"inLanguage\":\"es\",\"url\":\"https:\/\/i0.wp.com\/comerciallin.com\/wp-content\/uploads\/2023\/02\/721030110702.jpg?fit=%2C&ssl=1\",\"contentUrl\":\"https:\/\/i0.wp.com\/comerciallin.com\/wp-content\/uploads\/2023\/02\/721030110702.jpg?fit=%2C&ssl=1\",\"caption\":\"DISCIPADOR COOL STORM INTEL\/AMD\"},{\"@type\":\"WebPage\",\"@id\":\"https:\/\/comerciallin.com\/index.php\/producto\/discipador-cool-storm-intel-amd\/#webpage\",\"url\":\"https:\/\/comerciallin.com\/index.php\/producto\/discipador-cool-storm-intel-amd\/\",\"name\":\"DISCIPADOR COOL STORM INTEL\/AMD - tienda de electr\\u00f3nica y computaci\\u00f3n\",\"isPartOf\":{\"@id\":\"https:\/\/comerciallin.com\/#website\"},\"primaryImageOfPage\":{\"@id\":\"https:\/\/comerciallin.com\/index.php\/producto\/discipador-cool-storm-intel-amd\/#primaryimage\"},\"datePublished\":\"2022-11-07T18:26:08+00:00\",\"dateModified\":\"2025-12-26T16:45:25+00:00\",\"breadcrumb\":{\"@id\":\"https:\/\/comerciallin.com\/index.php\/producto\/discipador-cool-storm-intel-amd\/#breadcrumb\"},\"inLanguage\":\"es\",\"potentialAction\":[{\"@type\":\"ReadAction\",\"target\":[\"https:\/\/comerciallin.com\/index.php\/producto\/discipador-cool-storm-intel-amd\/\"]}]},{\"@type\":\"BreadcrumbList\",\"@id\":\"https:\/\/comerciallin.com\/index.php\/producto\/discipador-cool-storm-intel-amd\/#breadcrumb\",\"itemListElement\":[{\"@type\":\"ListItem\",\"position\":1,\"name\":\"Inicio\",\"item\":\"https:\/\/comerciallin.com\/\"},{\"@type\":\"ListItem\",\"position\":2,\"name\":\"Shop\",\"item\":\"https:\/\/comerciallin.com\/?page_id=3853\"},{\"@type\":\"ListItem\",\"position\":3,\"name\":\"DISCIPADOR COOL STORM INTEL\/AMD\"}]}]}<\/script>\n<meta property=\"product:price:amount\" content=\"14.95\" \/>\n<meta property=\"product:price:currency\" content=\"USD\" \/>\n<meta property=\"og:availability\" content=\"instock\" \/>\n<meta property=\"product:availability\" content=\"instock\" \/>\n<meta property=\"product:retailer_item_id\" content=\"721030110702\" \/>\n<meta property=\"product:condition\" content=\"new\" \/>\n<!-- \/ Yoast SEO Premium plugin. -->","yoast_head_json":{"title":"DISCIPADOR COOL STORM INTEL\/AMD - tienda de electr\u00f3nica y computaci\u00f3n","robots":{"index":"index","follow":"follow","max-snippet":"max-snippet:-1","max-image-preview":"max-image-preview:large","max-video-preview":"max-video-preview:-1"},"canonical":"https:\/\/comerciallin.com\/index.php\/producto\/discipador-cool-storm-intel-amd\/","og_locale":"es_ES","og_type":"article","og_title":"DISCIPADOR COOL STORM INTEL\/AMD","og_description":"VENTILADOR DE CPU SILENCIOSO DEL RADIADOR DE LA COMPUTADORA DE ESCRITORIO DE COOL STORM 12CM PARA INTEL AMD","og_url":"https:\/\/comerciallin.com\/index.php\/producto\/discipador-cool-storm-intel-amd\/","og_site_name":"tienda de electr\u00f3nica y computaci\u00f3n","article_modified_time":"2025-12-26T16:45:25+00:00","twitter_card":"summary_large_image","twitter_image":"https:\/\/i0.wp.com\/comerciallin.com\/wp-content\/uploads\/2023\/02\/721030110702.jpg?fit=%2C&ssl=1","twitter_misc":{"Precio":"&#36;14,95","Availability":"In stock"},"schema":{"@context":"https:\/\/schema.org","@graph":[{"@type":"WebSite","@id":"https:\/\/comerciallin.com\/#website","url":"https:\/\/comerciallin.com\/","name":"tienda de electr\u00f3nica y computaci\u00f3n","description":"Importadora de Electr\u00f3nica y Computaci\u00f3n","potentialAction":[{"@type":"SearchAction","target":{"@type":"EntryPoint","urlTemplate":"https:\/\/comerciallin.com\/?s={search_term_string}"},"query-input":"required name=search_term_string"}],"inLanguage":"es"},{"@type":"ImageObject","@id":"https:\/\/comerciallin.com\/index.php\/producto\/discipador-cool-storm-intel-amd\/#primaryimage","inLanguage":"es","url":"https:\/\/i0.wp.com\/comerciallin.com\/wp-content\/uploads\/2023\/02\/721030110702.jpg?fit=%2C&ssl=1","contentUrl":"https:\/\/i0.wp.com\/comerciallin.com\/wp-content\/uploads\/2023\/02\/721030110702.jpg?fit=%2C&ssl=1","caption":"DISCIPADOR COOL STORM INTEL\/AMD"},{"@type":"WebPage","@id":"https:\/\/comerciallin.com\/index.php\/producto\/discipador-cool-storm-intel-amd\/#webpage","url":"https:\/\/comerciallin.com\/index.php\/producto\/discipador-cool-storm-intel-amd\/","name":"DISCIPADOR COOL STORM INTEL\/AMD - tienda de electr\u00f3nica y computaci\u00f3n","isPartOf":{"@id":"https:\/\/comerciallin.com\/#website"},"primaryImageOfPage":{"@id":"https:\/\/comerciallin.com\/index.php\/producto\/discipador-cool-storm-intel-amd\/#primaryimage"},"datePublished":"2022-11-07T18:26:08+00:00","dateModified":"2025-12-26T16:45:25+00:00","breadcrumb":{"@id":"https:\/\/comerciallin.com\/index.php\/producto\/discipador-cool-storm-intel-amd\/#breadcrumb"},"inLanguage":"es","potentialAction":[{"@type":"ReadAction","target":["https:\/\/comerciallin.com\/index.php\/producto\/discipador-cool-storm-intel-amd\/"]}]},{"@type":"BreadcrumbList","@id":"https:\/\/comerciallin.com\/index.php\/producto\/discipador-cool-storm-intel-amd\/#breadcrumb","itemListElement":[{"@type":"ListItem","position":1,"name":"Inicio","item":"https:\/\/comerciallin.com\/"},{"@type":"ListItem","position":2,"name":"Shop","item":"https:\/\/comerciallin.com\/?page_id=3853"},{"@type":"ListItem","position":3,"name":"DISCIPADOR COOL STORM INTEL\/AMD"}]}]},"product_price_amount":"14.95","product_price_currency":"USD","og_availability":"instock","product_availability":"instock","product_retailer_item_id":"721030110702","product_condition":"new"},"jetpack-related-posts":[{"id":19707,"url":"https:\/\/comerciallin.com\/index.php\/producto\/cpu-amd-ryzen-7-3700x-wraith-stealth-cooler-r\/","url_meta":{"origin":18885,"position":0},"title":"CPU AMD RYZEN 7 3700X WRAITH STEALTH COOLER R","date":"8 de noviembre de 2022","format":false,"excerpt":"AMD Ryzen\u2122 7 3700X Experiencia de Juego y Transmisiones en Tiempo Real Dominantes","rel":"","context":"Entrada similar","img":{"alt_text":"CPU AMD RYZEN 7 3700X WRAITH STEALTH COOLER R","src":"https:\/\/i0.wp.com\/comerciallin.com\/wp-content\/uploads\/2023\/02\/054030101105.jpg?fit=992%2C744&ssl=1&resize=350%2C200","width":350,"height":200},"classes":[]},{"id":19365,"url":"https:\/\/comerciallin.com\/index.php\/producto\/cpu-amd-ryzen-5-5600g-3-9ghz-graficos-radeon\/","url_meta":{"origin":18885,"position":1},"title":"CPU AMD RYZEN 5 5600G 3.9GHZ GRAFICOS RADEON","date":"7 de noviembre de 2022","format":false,"excerpt":"Familia de procesador:\u00a0AMD Ryzen 5 Modelo del procesador:\u00a05600G Socket de procesador:\u00a0Socket AM4 N\u00famero de n\u00facleos:\u00a06","rel":"","context":"Entrada similar","img":{"alt_text":"","src":"","width":0,"height":0},"classes":[]},{"id":19357,"url":"https:\/\/comerciallin.com\/index.php\/producto\/cpu-intel-core-i5-11600-3-9-ghz\/","url_meta":{"origin":18885,"position":2},"title":"CPU INTEL CORE I5-11600 3.9 GHZ","date":"7 de noviembre de 2022","format":false,"excerpt":"Intel Core I5-11600k 3.9ghz 6 Nucleos 12 Hilos","rel":"","context":"Entrada similar","img":{"alt_text":"","src":"","width":0,"height":0},"classes":[]},{"id":19243,"url":"https:\/\/comerciallin.com\/index.php\/producto\/cpu-intel-celeron-g4000\/","url_meta":{"origin":18885,"position":3},"title":"CPU INTEL CELERON G4000","date":"7 de noviembre de 2022","format":false,"excerpt":"Los procesadores Intel Celeron est\u00e1n dise\u00f1ados para la inform\u00e1tica cotidiana. Simple y eficiente, se basan en una alta frecuencia nativa, 2 n\u00facleos f\u00edsicos y 2 n\u00facleos l\u00f3gicos, 2 MB de memoria cach\u00e9 L3 y un controlador gr\u00e1fico Intel UHD Graphics 610.","rel":"","context":"Entrada similar","img":{"alt_text":"","src":"","width":0,"height":0},"classes":[]},{"id":19679,"url":"https:\/\/comerciallin.com\/index.php\/producto\/notebook-cooling-pad-v5\/","url_meta":{"origin":18885,"position":4},"title":"NOTEBOOK COOLING PAD V5","date":"7 de noviembre de 2022","format":false,"excerpt":"Notebook cooling pad v5","rel":"","context":"Entrada similar","img":{"alt_text":"","src":"","width":0,"height":0},"classes":[]},{"id":19681,"url":"https:\/\/comerciallin.com\/index.php\/producto\/notebook-cooling-pad-v4\/","url_meta":{"origin":18885,"position":5},"title":"NOTEBOOK COOLING PAD V4","date":"7 de noviembre de 2022","format":false,"excerpt":"Notebook cooling pad v4","rel":"","context":"Entrada similar","img":{"alt_text":"","src":"","width":0,"height":0},"classes":[]}],"jetpack_sharing_enabled":true,"jetpack_likes_enabled":true,"_links":{"self":[{"href":"https:\/\/comerciallin.com\/index.php\/wp-json\/wp\/v2\/product\/18885"}],"collection":[{"href":"https:\/\/comerciallin.com\/index.php\/wp-json\/wp\/v2\/product"}],"about":[{"href":"https:\/\/comerciallin.com\/index.php\/wp-json\/wp\/v2\/types\/product"}],"replies":[{"embeddable":true,"href":"https:\/\/comerciallin.com\/index.php\/wp-json\/wp\/v2\/comments?post=18885"}],"wp:featuredmedia":[{"embeddable":true,"href":"https:\/\/comerciallin.com\/index.php\/wp-json\/wp\/v2\/media\/21856"}],"wp:attachment":[{"href":"https:\/\/comerciallin.com\/index.php\/wp-json\/wp\/v2\/media?parent=18885"}],"wp:term":[{"taxonomy":"product_cat","embeddable":true,"href":"https:\/\/comerciallin.com\/index.php\/wp-json\/wp\/v2\/product_cat?post=18885"},{"taxonomy":"product_tag","embeddable":true,"href":"https:\/\/comerciallin.com\/index.php\/wp-json\/wp\/v2\/product_tag?post=18885"}],"curies":[{"name":"wp","href":"https:\/\/api.w.org\/{rel}","templated":true}]}}