{"id":18829,"date":"2022-11-07T13:25:55","date_gmt":"2022-11-07T18:25:55","guid":{"rendered":"https:\/\/comerciallin.com\/index.php\/producto\/cargador-comp-toshiba-19v-4-74a-5-52-5mm\/"},"modified":"2025-01-14T13:55:26","modified_gmt":"2025-01-14T18:55:26","slug":"cargador-comp-toshiba-19v-4-74a-5-52-5mm","status":"publish","type":"product","link":"https:\/\/comerciallin.com\/index.php\/producto\/cargador-comp-toshiba-19v-4-74a-5-52-5mm\/","title":{"rendered":"CARGADOR COMP TOSHIBA 19V 4.74A 5.5*2.5MM"},"content":{"rendered":"<p>Nos dedicamos a las ventas y distribuci&oacute;n de componentes y accesorios para los dispositivos port&aacute;tiles con stock permanente en Ecuador. Somos proveedores de componentes para port&aacute;til con gran experiencia.<span>&nbsp;<\/span><strong>Comercial Lin<\/strong><span>&nbsp;<\/span>es una de las primeras empresas en distribuir este tipo de componentes. Tenemos en stock la gran mayor&iacute;a de los repuestos para port&aacute;tiles como<span>&nbsp;<\/span><strong>cargadores, bater&iacute;as, teclados, pantallas, ventiladores<\/strong>, entre otras piezas, para las marcas como<span>&nbsp;<\/span><strong>Samsung, Lenovo, &nbsp;Hewlett-Packard, DELL, Acer, Sony, ASUS<\/strong><span>&nbsp;<\/span>son parte de nuestro stock de repuestos para port&aacute;tiles.<span>&nbsp;<\/span><strong>Ofrecemos buenos precios y lo m&aacute;s importante: siempre con la mejor calidad, garant&iacute;a y precio.<\/strong><\/p>\n<p>En nuestra web tambi&eacute;n disponemos de categor&iacute;a de port&aacute;tiles Pc de escritorio, accesorios y muchos productos de alta gama.<span>&nbsp;<\/span><strong><em>Todos nuestros clientes conf&iacute;an en nosotros y saben que tenemos excelente servicio post venta<\/em><\/strong>.<\/p>\n","protected":false},"excerpt":{"rendered":"<ul>\n<li>Entrada: 100-240V \/ 50-60Hz<\/li>\n<li>Salida: 19V 4,74A<\/li>\n<li>Conector: 5,5mm*2,5mm<\/li>\n<li>Color: Negro<\/li>\n<li>Condici&oacute;n: Nuevo<\/li>\n<\/ul>\n<p><strong>Paquete incluye:<\/strong><\/p>\n<ul>\n<li>1 x Adaptador de corriente AC<\/li>\n<li>1 x Cable de Alimentaci&oacute;n El&eacute;ctrica<\/li>\n<li>Garant&iacute;a: 6 meses de garant&iacute;a<\/li>\n<li>IVA Incluido<\/li>\n<\/ul>\n","protected":false},"featured_media":21808,"comment_status":"open","ping_status":"closed","template":"","meta":{"spay_email":""},"product_cat":[809],"product_tag":[],"supplier_id":null,"supplier_sku":"","barcode":null,"atum_controlled":true,"out_stock_date":null,"out_stock_threshold":null,"inheritable":false,"inbound_stock":null,"stock_on_hold":0,"sold_today":0,"sales_last_days":0,"reserved_stock":null,"customer_returns":null,"warehouse_damage":null,"lost_in_post":null,"other_logs":null,"out_stock_days":0,"lost_sales":0,"has_location":null,"update_date":"2026-04-03T23:40:29","atum_locations":[],"atum_stock_status":"instock","restock_status":false,"low_stock_amount":"","sales_update_date":"2026-04-03T23:40:29","calc_backorders":null,"acf":[],"yoast_head":"<!-- This site is optimized with the Yoast SEO Premium plugin v17.4 (Yoast SEO v17.4) - https:\/\/yoast.com\/wordpress\/plugins\/seo\/ -->\n<title>CARGADOR COMP TOSHIBA 19V 4.74A 5.5*2.5MM - tienda de electr\u00f3nica y computaci\u00f3n<\/title>\n<meta name=\"robots\" content=\"index, follow, max-snippet:-1, max-image-preview:large, max-video-preview:-1\" \/>\n<link rel=\"canonical\" href=\"https:\/\/comerciallin.com\/index.php\/producto\/cargador-comp-toshiba-19v-4-74a-5-52-5mm\/\" \/>\n<meta property=\"og:locale\" content=\"es_ES\" \/>\n<meta property=\"og:type\" content=\"article\" \/>\n<meta property=\"og:title\" content=\"CARGADOR COMP TOSHIBA 19V 4.74A 5.5*2.5MM\" \/>\n<meta property=\"og:description\" content=\"Entrada: 100-240V \/ 50-60Hz Salida: 19V 4,74A Conector: 5,5mm*2,5mm Color: Negro Condici&oacute;n: Nuevo  Paquete incluye:  1 x Adaptador de corriente AC 1 x Cable de Alimentaci&oacute;n El&eacute;ctrica Garant&iacute;a: 6 meses de garant&iacute;a IVA Incluido\" \/>\n<meta property=\"og:url\" content=\"https:\/\/comerciallin.com\/index.php\/producto\/cargador-comp-toshiba-19v-4-74a-5-52-5mm\/\" \/>\n<meta property=\"og:site_name\" content=\"tienda de electr\u00f3nica y computaci\u00f3n\" \/>\n<meta property=\"article:modified_time\" content=\"2025-01-14T18:55:26+00:00\" \/>\n<meta name=\"twitter:card\" content=\"summary_large_image\" \/>\n<meta name=\"twitter:image\" content=\"https:\/\/i0.wp.com\/comerciallin.com\/wp-content\/uploads\/2023\/02\/675030110903.jpg?fit=%2C&amp;ssl=1\" \/>\n<meta name=\"twitter:label1\" content=\"Precio\" \/>\n\t<meta name=\"twitter:data1\" content=\"&#36;13,80\" \/>\n\t<meta name=\"twitter:label2\" content=\"Availability\" \/>\n\t<meta name=\"twitter:data2\" content=\"In stock\" \/>\n<script type=\"application\/ld+json\" class=\"yoast-schema-graph\">{\"@context\":\"https:\/\/schema.org\",\"@graph\":[{\"@type\":\"WebSite\",\"@id\":\"https:\/\/comerciallin.com\/#website\",\"url\":\"https:\/\/comerciallin.com\/\",\"name\":\"tienda de electr\\u00f3nica y computaci\\u00f3n\",\"description\":\"Importadora de Electr\\u00f3nica y Computaci\\u00f3n\",\"potentialAction\":[{\"@type\":\"SearchAction\",\"target\":{\"@type\":\"EntryPoint\",\"urlTemplate\":\"https:\/\/comerciallin.com\/?s={search_term_string}\"},\"query-input\":\"required name=search_term_string\"}],\"inLanguage\":\"es\"},{\"@type\":\"ImageObject\",\"@id\":\"https:\/\/comerciallin.com\/index.php\/producto\/cargador-comp-toshiba-19v-4-74a-5-52-5mm\/#primaryimage\",\"inLanguage\":\"es\",\"url\":\"https:\/\/i0.wp.com\/comerciallin.com\/wp-content\/uploads\/2023\/02\/675030110903.jpg?fit=%2C&ssl=1\",\"contentUrl\":\"https:\/\/i0.wp.com\/comerciallin.com\/wp-content\/uploads\/2023\/02\/675030110903.jpg?fit=%2C&ssl=1\",\"caption\":\"CARGADOR COMP TOSHIBA 19V 4.74A 5.5*2.5MM\"},{\"@type\":\"WebPage\",\"@id\":\"https:\/\/comerciallin.com\/index.php\/producto\/cargador-comp-toshiba-19v-4-74a-5-52-5mm\/#webpage\",\"url\":\"https:\/\/comerciallin.com\/index.php\/producto\/cargador-comp-toshiba-19v-4-74a-5-52-5mm\/\",\"name\":\"CARGADOR COMP TOSHIBA 19V 4.74A 5.5*2.5MM - tienda de electr\\u00f3nica y computaci\\u00f3n\",\"isPartOf\":{\"@id\":\"https:\/\/comerciallin.com\/#website\"},\"primaryImageOfPage\":{\"@id\":\"https:\/\/comerciallin.com\/index.php\/producto\/cargador-comp-toshiba-19v-4-74a-5-52-5mm\/#primaryimage\"},\"datePublished\":\"2022-11-07T18:25:55+00:00\",\"dateModified\":\"2025-01-14T18:55:26+00:00\",\"breadcrumb\":{\"@id\":\"https:\/\/comerciallin.com\/index.php\/producto\/cargador-comp-toshiba-19v-4-74a-5-52-5mm\/#breadcrumb\"},\"inLanguage\":\"es\",\"potentialAction\":[{\"@type\":\"ReadAction\",\"target\":[\"https:\/\/comerciallin.com\/index.php\/producto\/cargador-comp-toshiba-19v-4-74a-5-52-5mm\/\"]}]},{\"@type\":\"BreadcrumbList\",\"@id\":\"https:\/\/comerciallin.com\/index.php\/producto\/cargador-comp-toshiba-19v-4-74a-5-52-5mm\/#breadcrumb\",\"itemListElement\":[{\"@type\":\"ListItem\",\"position\":1,\"name\":\"Inicio\",\"item\":\"https:\/\/comerciallin.com\/\"},{\"@type\":\"ListItem\",\"position\":2,\"name\":\"Shop\",\"item\":\"https:\/\/comerciallin.com\/?page_id=3853\"},{\"@type\":\"ListItem\",\"position\":3,\"name\":\"CARGADOR COMP TOSHIBA 19V 4.74A 5.5*2.5MM\"}]}]}<\/script>\n<meta property=\"product:price:amount\" content=\"13.80\" \/>\n<meta property=\"product:price:currency\" content=\"USD\" \/>\n<meta property=\"og:availability\" content=\"instock\" \/>\n<meta property=\"product:availability\" content=\"instock\" \/>\n<meta property=\"product:retailer_item_id\" content=\"675030110903\" \/>\n<meta property=\"product:condition\" content=\"new\" \/>\n<!-- \/ Yoast SEO Premium plugin. -->","yoast_head_json":{"title":"CARGADOR COMP TOSHIBA 19V 4.74A 5.5*2.5MM - tienda de electr\u00f3nica y computaci\u00f3n","robots":{"index":"index","follow":"follow","max-snippet":"max-snippet:-1","max-image-preview":"max-image-preview:large","max-video-preview":"max-video-preview:-1"},"canonical":"https:\/\/comerciallin.com\/index.php\/producto\/cargador-comp-toshiba-19v-4-74a-5-52-5mm\/","og_locale":"es_ES","og_type":"article","og_title":"CARGADOR COMP TOSHIBA 19V 4.74A 5.5*2.5MM","og_description":"Entrada: 100-240V \/ 50-60Hz Salida: 19V 4,74A Conector: 5,5mm*2,5mm Color: Negro Condici&oacute;n: Nuevo  Paquete incluye:  1 x Adaptador de corriente AC 1 x Cable de Alimentaci&oacute;n El&eacute;ctrica Garant&iacute;a: 6 meses de garant&iacute;a IVA Incluido","og_url":"https:\/\/comerciallin.com\/index.php\/producto\/cargador-comp-toshiba-19v-4-74a-5-52-5mm\/","og_site_name":"tienda de electr\u00f3nica y computaci\u00f3n","article_modified_time":"2025-01-14T18:55:26+00:00","twitter_card":"summary_large_image","twitter_image":"https:\/\/i0.wp.com\/comerciallin.com\/wp-content\/uploads\/2023\/02\/675030110903.jpg?fit=%2C&ssl=1","twitter_misc":{"Precio":"&#36;13,80","Availability":"In stock"},"schema":{"@context":"https:\/\/schema.org","@graph":[{"@type":"WebSite","@id":"https:\/\/comerciallin.com\/#website","url":"https:\/\/comerciallin.com\/","name":"tienda de electr\u00f3nica y computaci\u00f3n","description":"Importadora de Electr\u00f3nica y Computaci\u00f3n","potentialAction":[{"@type":"SearchAction","target":{"@type":"EntryPoint","urlTemplate":"https:\/\/comerciallin.com\/?s={search_term_string}"},"query-input":"required name=search_term_string"}],"inLanguage":"es"},{"@type":"ImageObject","@id":"https:\/\/comerciallin.com\/index.php\/producto\/cargador-comp-toshiba-19v-4-74a-5-52-5mm\/#primaryimage","inLanguage":"es","url":"https:\/\/i0.wp.com\/comerciallin.com\/wp-content\/uploads\/2023\/02\/675030110903.jpg?fit=%2C&ssl=1","contentUrl":"https:\/\/i0.wp.com\/comerciallin.com\/wp-content\/uploads\/2023\/02\/675030110903.jpg?fit=%2C&ssl=1","caption":"CARGADOR COMP TOSHIBA 19V 4.74A 5.5*2.5MM"},{"@type":"WebPage","@id":"https:\/\/comerciallin.com\/index.php\/producto\/cargador-comp-toshiba-19v-4-74a-5-52-5mm\/#webpage","url":"https:\/\/comerciallin.com\/index.php\/producto\/cargador-comp-toshiba-19v-4-74a-5-52-5mm\/","name":"CARGADOR COMP TOSHIBA 19V 4.74A 5.5*2.5MM - tienda de electr\u00f3nica y computaci\u00f3n","isPartOf":{"@id":"https:\/\/comerciallin.com\/#website"},"primaryImageOfPage":{"@id":"https:\/\/comerciallin.com\/index.php\/producto\/cargador-comp-toshiba-19v-4-74a-5-52-5mm\/#primaryimage"},"datePublished":"2022-11-07T18:25:55+00:00","dateModified":"2025-01-14T18:55:26+00:00","breadcrumb":{"@id":"https:\/\/comerciallin.com\/index.php\/producto\/cargador-comp-toshiba-19v-4-74a-5-52-5mm\/#breadcrumb"},"inLanguage":"es","potentialAction":[{"@type":"ReadAction","target":["https:\/\/comerciallin.com\/index.php\/producto\/cargador-comp-toshiba-19v-4-74a-5-52-5mm\/"]}]},{"@type":"BreadcrumbList","@id":"https:\/\/comerciallin.com\/index.php\/producto\/cargador-comp-toshiba-19v-4-74a-5-52-5mm\/#breadcrumb","itemListElement":[{"@type":"ListItem","position":1,"name":"Inicio","item":"https:\/\/comerciallin.com\/"},{"@type":"ListItem","position":2,"name":"Shop","item":"https:\/\/comerciallin.com\/?page_id=3853"},{"@type":"ListItem","position":3,"name":"CARGADOR COMP TOSHIBA 19V 4.74A 5.5*2.5MM"}]}]},"product_price_amount":"13.80","product_price_currency":"USD","og_availability":"instock","product_availability":"instock","product_retailer_item_id":"675030110903","product_condition":"new"},"jetpack-related-posts":[{"id":18873,"url":"https:\/\/comerciallin.com\/index.php\/producto\/cargador-comp-samsung-19v-3-16a-5-53-0mm-2\/","url_meta":{"origin":18829,"position":0},"title":"CARGADOR COMP SAMSUNG 19V 3.16A 5.5*3.0MM","date":"7 de noviembre de 2022","format":false,"excerpt":"Entrada: 100-240V \/ 50-60Hz Salida: 19V 3.16A Conector: 5.5mm*3.0mm Color: Negro Condici\u00f3n: Nuevo Paquete incluye: 1 x Adaptador de corriente AC 1 x Cable de Alimentaci\u00f3n El\u00e9ctrica Garant\u00eda: 6 meses de garant\u00eda IVA Incluido","rel":"","context":"Entrada similar","img":{"alt_text":"","src":"","width":0,"height":0},"classes":[]},{"id":18900,"url":"https:\/\/comerciallin.com\/index.php\/producto\/cargador-monitor-lg-19v-0-84a-6-54-5\/","url_meta":{"origin":18829,"position":1},"title":"CARGADOR MONITOR LG 19V 0.84A 6.5*4.5","date":"7 de noviembre de 2022","format":false,"excerpt":"Especificaciones: Entrada: 100-240V \/ 50-60Hz Salida: 19V-0.8A Conector: 6,5mm * 4,5m Color: Negro Condici\u00f3n: Nueva estrenar Paquete incluye: 1 x Adaptador de corriente AC 1 x Cable de Alimentaci\u00f3n El\u00e9ctrica Garant\u00eda: 6 meses de garant\u00eda IVA Incluido","rel":"","context":"Entrada similar","img":{"alt_text":"","src":"","width":0,"height":0},"classes":[]},{"id":18939,"url":"https:\/\/comerciallin.com\/index.php\/producto\/cargador-comp-toshiba-19v-3-95a-5-52-5mm\/","url_meta":{"origin":18829,"position":2},"title":"CARGADOR COMP TOSHIBA 19V 3.95A 5.5*2.5MM","date":"7 de noviembre de 2022","format":false,"excerpt":"Entrada: 100-240V \/ 50-60Hz Salida: 19V 3,95A Conector: 5,5mm*2,5mm Color: Negro Condici\u00f3n: Nuevo Paquete incluye: 1 x Adaptador de corriente AC 1 x Cable de Alimentaci\u00f3n El\u00e9ctrica Garant\u00eda: 6 meses de garant\u00eda IVA Incluido","rel":"","context":"Entrada similar","img":{"alt_text":"","src":"","width":0,"height":0},"classes":[]},{"id":18955,"url":"https:\/\/comerciallin.com\/index.php\/producto\/cargador-comp-samsung-19v-4-74a-5-53-0mm-2\/","url_meta":{"origin":18829,"position":3},"title":"CARGADOR COMP SAMSUNG 19V 4.74A 5.5*3.0MM","date":"7 de noviembre de 2022","format":false,"excerpt":"Entrada: 100-240V \/ 50-60Hz Salida: 19V 4.74A Conector: 5.5mm*3.0mm Color: Negro Condici\u00f3n: Nuevo Paquete incluye: 1 x Adaptador de corriente AC 1 x Cable de Alimentaci\u00f3n El\u00e9ctrica Garant\u00eda: 6 meses de garant\u00eda IVA Incluido","rel":"","context":"Entrada similar","img":{"alt_text":"","src":"","width":0,"height":0},"classes":[]},{"id":18904,"url":"https:\/\/comerciallin.com\/index.php\/producto\/cargador-comp-asus-19v-3-42a-5525\/","url_meta":{"origin":18829,"position":4},"title":"CARGADOR COMP ASUS 19V 3.42A 5525","date":"7 de noviembre de 2022","format":false,"excerpt":"Entrada: 100-240V \/ 50-60Hz Salida: 19V 3.42A Conector: 5.5mm*2.5mm Color: Negro Condici\u00f3n: Nuevo Paquete incluye: 1 x Adaptador de corriente AC 1 x Cable de Alimentaci\u00f3n El\u00e9ctrica Garant\u00eda: 6 meses de garant\u00eda IVA Incluido","rel":"","context":"Entrada similar","img":{"alt_text":"","src":"","width":0,"height":0},"classes":[]}],"jetpack_sharing_enabled":true,"jetpack_likes_enabled":true,"_links":{"self":[{"href":"https:\/\/comerciallin.com\/index.php\/wp-json\/wp\/v2\/product\/18829"}],"collection":[{"href":"https:\/\/comerciallin.com\/index.php\/wp-json\/wp\/v2\/product"}],"about":[{"href":"https:\/\/comerciallin.com\/index.php\/wp-json\/wp\/v2\/types\/product"}],"replies":[{"embeddable":true,"href":"https:\/\/comerciallin.com\/index.php\/wp-json\/wp\/v2\/comments?post=18829"}],"wp:featuredmedia":[{"embeddable":true,"href":"https:\/\/comerciallin.com\/index.php\/wp-json\/wp\/v2\/media\/21808"}],"wp:attachment":[{"href":"https:\/\/comerciallin.com\/index.php\/wp-json\/wp\/v2\/media?parent=18829"}],"wp:term":[{"taxonomy":"product_cat","embeddable":true,"href":"https:\/\/comerciallin.com\/index.php\/wp-json\/wp\/v2\/product_cat?post=18829"},{"taxonomy":"product_tag","embeddable":true,"href":"https:\/\/comerciallin.com\/index.php\/wp-json\/wp\/v2\/product_tag?post=18829"}],"curies":[{"name":"wp","href":"https:\/\/api.w.org\/{rel}","templated":true}]}}