{"id":18813,"date":"2022-11-07T13:25:50","date_gmt":"2022-11-07T18:25:50","guid":{"rendered":"https:\/\/comerciallin.com\/index.php\/producto\/cargador-comp-toshiba-15v-6a-6-33-0mm\/"},"modified":"2026-01-29T03:10:57","modified_gmt":"2026-01-29T08:10:57","slug":"cargador-comp-toshiba-15v-6a-6-33-0mm","status":"publish","type":"product","link":"https:\/\/comerciallin.com\/index.php\/producto\/cargador-comp-toshiba-15v-6a-6-33-0mm\/","title":{"rendered":"CARGADOR COMP TOSHIBA 15V 6A 6.3*3.0MM"},"content":{"rendered":"<p>Nos dedicamos a las ventas y distribuci&oacute;n de componentes y accesorios para los dispositivos port&aacute;tiles con stock permanente en Ecuador. Somos proveedores de componentes para port&aacute;til con gran experiencia. <strong>Comercial Lin<\/strong> es una de las primeras empresas en distribuir este tipo de componentes. Tenemos en stock la gran mayor&iacute;a de los repuestos para port&aacute;tiles como <strong>cargadores, bater&iacute;as, teclados, pantallas, ventiladores<\/strong>, entre otras piezas, para las marcas como <strong>Samsung, Lenovo, &nbsp;Hewlett-Packard, DELL, Acer, Sony, ASUS<\/strong> son parte de nuestro stock de repuestos para port&aacute;tiles. <strong>Ofrecemos buenos precios y lo m&aacute;s importante: siempre con la mejor calidad, garant&iacute;a y precio. <\/strong><\/p>\n<p>En nuestra web tambi&eacute;n disponemos de categor&iacute;a de port&aacute;tiles Pc de escritorio, accesorios y muchos productos de alta gama. <strong><em>Todos nuestros clientes conf&iacute;an en nosotros y saben que tenemos excelente servicio post venta<\/em><\/strong>.<\/p>\n<table class=\"layout\">\n<tbody>\n<tr>\n<td>\n<p><strong>Servicio de asistencia a la compra<\/strong><\/p>\n<p>Nuestro equipo de t&eacute;cnicos expertos estar&aacute; m&aacute;s que complacido de brindarte toda la ayuda que puedas necesitar. Desde contestar dudas o inquietudes puntuales, hasta guiarte a lo largo del proceso de elecci&oacute;n, compra, prueba y mantenimiento de los repuestos de port&aacute;tiles. As&iacute; que no dudes en ponerte en contacto.<\/p>\n<p><strong>Formas de pago y env&iacute;o<\/strong><\/p>\n<p>Para una mayor facilidad en las transacciones, puedes pagar a medios de pago sin comisiones como contra reembolso, transferencia o dep&oacute;sito bancario.<\/p>\n<p>Para que puedas recibir tu pedido al d&iacute;a siguiente lo debes de realizar antes de las 17:00. Pero si es a partir de esa hora entonces tu pedido saldr&aacute; de nuestro almac&eacute;n al d&iacute;a siguiente por lo cual recibir&iacute;as tu pedido en 2 d&iacute;as laborables.<\/p>\n<\/td>\n<td><img decoding=\"async\" loading=\"lazy\" class=\"wp-image-2451 size-full alignright\" src=\"https:\/\/i0.wp.com\/comerciallin.com\/wp-content\/uploads\/imgcomerciallin\/servicio_tecnico.png?resize=250%2C250\" alt=\"\" width=\"250\" height=\"250\" data-recalc-dims=\"1\" \/><\/td>\n<\/tr>\n<\/tbody>\n<\/table>\n<table class=\"layout\" style=\"width: 757px;\">\n<tbody>\n<tr>\n<td style=\"width: 250px;\"><img decoding=\"async\" loading=\"lazy\" class=\"alignnone wp-image-2865 size-full\" src=\"https:\/\/i0.wp.com\/comerciallin.com\/wp-content\/uploads\/imgcomerciallin\/comprar.png?resize=242%2C250\" alt=\"Soporte \" width=\"242\" height=\"250\" data-recalc-dims=\"1\" \/><\/td>\n<td style=\"width: 491px;\">\n<p style=\"text-align: right;\">&iexcl;No lo dudes m&aacute;s! En nuestra tienda online puedes comprar tus repuestos para port&aacute;tiles con seguridad y confianza. Si te gusta nuestra tienda, no olvides compartirla en las redes sociales. As&iacute; estar&aacute;s ayudando a que otros usuarios, profesionales y empresas dispongan del mejor servicio posible. Nos esforzamos diariamente con un equipo volcado en mejorar continuamente, animado y unido para ir avanzando en el sector de componentes de port&aacute;tiles. &iexcl;Esto es nuestro enfoque, tal como empezamos hace muchos a&ntilde;os pues as&iacute; seguimos! Si quieres tener un proveedor seguro de repuestos para port&aacute;tiles no pierdas tu oportunidad, reg&iacute;strate y trabaja con un equipo de trato humano y profesional.<\/p>\n<\/td>\n<\/tr>\n<\/tbody>\n<\/table>\n<p>&nbsp;<\/p>\n","protected":false},"excerpt":{"rendered":"<p><strong>Especificaciones:<\/strong><\/p>\n<ul>\n<li>Entrada: 100-240V \/ 50-60Hz<\/li>\n<li>Salida: 15V 6A <\/li>\n<li>Conector: 6.3mm*3.0mm<\/li>\n<li>Color: Negro<\/li>\n<li>Condici&oacute;n: Nueva estrenar<\/li>\n<\/ul>\n<p><strong>Paquete incluye: <\/strong><\/p>\n<ul>\n<li>1 x Adaptador de corriente AC<\/li>\n<li>1 x Cable de Alimentaci&oacute;n El&eacute;ctrica<\/li>\n<li>Garant&iacute;a: 6 meses de garant&iacute;a y 15 d&iacute;as de devoluci&oacute;n de dinero<\/li>\n<li>IVA Incluido<\/li>\n<\/ul>\n","protected":false},"featured_media":21804,"comment_status":"open","ping_status":"closed","template":"","meta":{"spay_email":""},"product_cat":[809],"product_tag":[],"supplier_id":null,"supplier_sku":"","barcode":null,"atum_controlled":true,"out_stock_date":null,"out_stock_threshold":null,"inheritable":false,"inbound_stock":null,"stock_on_hold":0,"sold_today":0,"sales_last_days":0,"reserved_stock":null,"customer_returns":null,"warehouse_damage":null,"lost_in_post":null,"other_logs":null,"out_stock_days":0,"lost_sales":0,"has_location":null,"update_date":"2026-04-04T23:41:24","atum_locations":[],"atum_stock_status":"instock","restock_status":false,"low_stock_amount":"","sales_update_date":"2026-04-04T23:41:24","calc_backorders":null,"acf":[],"yoast_head":"<!-- This site is optimized with the Yoast SEO Premium plugin v17.4 (Yoast SEO v17.4) - https:\/\/yoast.com\/wordpress\/plugins\/seo\/ -->\n<title>CARGADOR COMP TOSHIBA 15V 6A 6.3*3.0MM - tienda de electr\u00f3nica y computaci\u00f3n<\/title>\n<meta name=\"robots\" content=\"index, follow, max-snippet:-1, max-image-preview:large, max-video-preview:-1\" \/>\n<link rel=\"canonical\" href=\"https:\/\/comerciallin.com\/index.php\/producto\/cargador-comp-toshiba-15v-6a-6-33-0mm\/\" \/>\n<meta property=\"og:locale\" content=\"es_ES\" \/>\n<meta property=\"og:type\" content=\"article\" \/>\n<meta property=\"og:title\" content=\"CARGADOR COMP TOSHIBA 15V 6A 6.3*3.0MM\" \/>\n<meta property=\"og:description\" content=\"Especificaciones:  Entrada: 100-240V \/ 50-60Hz Salida: 15V 6A  Conector: 6.3mm*3.0mm Color: Negro Condici&oacute;n: Nueva estrenar  Paquete incluye:   1 x Adaptador de corriente AC 1 x Cable de Alimentaci&oacute;n El&eacute;ctrica Garant&iacute;a: 6 meses de garant&iacute;a y 15 d&iacute;as de devoluci&oacute;n de dinero IVA Incluido\" \/>\n<meta property=\"og:url\" content=\"https:\/\/comerciallin.com\/index.php\/producto\/cargador-comp-toshiba-15v-6a-6-33-0mm\/\" \/>\n<meta property=\"og:site_name\" content=\"tienda de electr\u00f3nica y computaci\u00f3n\" \/>\n<meta property=\"article:modified_time\" content=\"2026-01-29T08:10:57+00:00\" \/>\n<meta name=\"twitter:card\" content=\"summary_large_image\" \/>\n<meta name=\"twitter:image\" content=\"https:\/\/i0.wp.com\/comerciallin.com\/wp-content\/uploads\/2023\/02\/2293130205.jpg?fit=%2C&amp;ssl=1\" \/>\n<meta name=\"twitter:label1\" content=\"Precio\" \/>\n\t<meta name=\"twitter:data1\" content=\"&#36;13,80\" \/>\n\t<meta name=\"twitter:label2\" content=\"Availability\" \/>\n\t<meta name=\"twitter:data2\" content=\"In stock\" \/>\n<script type=\"application\/ld+json\" class=\"yoast-schema-graph\">{\"@context\":\"https:\/\/schema.org\",\"@graph\":[{\"@type\":\"WebSite\",\"@id\":\"https:\/\/comerciallin.com\/#website\",\"url\":\"https:\/\/comerciallin.com\/\",\"name\":\"tienda de electr\\u00f3nica y computaci\\u00f3n\",\"description\":\"Importadora de Electr\\u00f3nica y Computaci\\u00f3n\",\"potentialAction\":[{\"@type\":\"SearchAction\",\"target\":{\"@type\":\"EntryPoint\",\"urlTemplate\":\"https:\/\/comerciallin.com\/?s={search_term_string}\"},\"query-input\":\"required name=search_term_string\"}],\"inLanguage\":\"es\"},{\"@type\":\"ImageObject\",\"@id\":\"https:\/\/comerciallin.com\/index.php\/producto\/cargador-comp-toshiba-15v-6a-6-33-0mm\/#primaryimage\",\"inLanguage\":\"es\",\"url\":\"https:\/\/i0.wp.com\/comerciallin.com\/wp-content\/uploads\/2023\/02\/2293130205.jpg?fit=%2C&ssl=1\",\"contentUrl\":\"https:\/\/i0.wp.com\/comerciallin.com\/wp-content\/uploads\/2023\/02\/2293130205.jpg?fit=%2C&ssl=1\",\"caption\":\"CARGADOR COMP TOSHIBA 15V 6A 6.3*3.0MM\"},{\"@type\":\"WebPage\",\"@id\":\"https:\/\/comerciallin.com\/index.php\/producto\/cargador-comp-toshiba-15v-6a-6-33-0mm\/#webpage\",\"url\":\"https:\/\/comerciallin.com\/index.php\/producto\/cargador-comp-toshiba-15v-6a-6-33-0mm\/\",\"name\":\"CARGADOR COMP TOSHIBA 15V 6A 6.3*3.0MM - tienda de electr\\u00f3nica y computaci\\u00f3n\",\"isPartOf\":{\"@id\":\"https:\/\/comerciallin.com\/#website\"},\"primaryImageOfPage\":{\"@id\":\"https:\/\/comerciallin.com\/index.php\/producto\/cargador-comp-toshiba-15v-6a-6-33-0mm\/#primaryimage\"},\"datePublished\":\"2022-11-07T18:25:50+00:00\",\"dateModified\":\"2026-01-29T08:10:57+00:00\",\"breadcrumb\":{\"@id\":\"https:\/\/comerciallin.com\/index.php\/producto\/cargador-comp-toshiba-15v-6a-6-33-0mm\/#breadcrumb\"},\"inLanguage\":\"es\",\"potentialAction\":[{\"@type\":\"ReadAction\",\"target\":[\"https:\/\/comerciallin.com\/index.php\/producto\/cargador-comp-toshiba-15v-6a-6-33-0mm\/\"]}]},{\"@type\":\"BreadcrumbList\",\"@id\":\"https:\/\/comerciallin.com\/index.php\/producto\/cargador-comp-toshiba-15v-6a-6-33-0mm\/#breadcrumb\",\"itemListElement\":[{\"@type\":\"ListItem\",\"position\":1,\"name\":\"Inicio\",\"item\":\"https:\/\/comerciallin.com\/\"},{\"@type\":\"ListItem\",\"position\":2,\"name\":\"Shop\",\"item\":\"https:\/\/comerciallin.com\/?page_id=3853\"},{\"@type\":\"ListItem\",\"position\":3,\"name\":\"CARGADOR COMP TOSHIBA 15V 6A 6.3*3.0MM\"}]}]}<\/script>\n<meta property=\"product:price:amount\" content=\"13.80\" \/>\n<meta property=\"product:price:currency\" content=\"USD\" \/>\n<meta property=\"og:availability\" content=\"instock\" \/>\n<meta property=\"product:availability\" content=\"instock\" \/>\n<meta property=\"product:retailer_item_id\" content=\"2293130205\" \/>\n<meta property=\"product:condition\" content=\"new\" \/>\n<!-- \/ Yoast SEO Premium plugin. -->","yoast_head_json":{"title":"CARGADOR COMP TOSHIBA 15V 6A 6.3*3.0MM - tienda de electr\u00f3nica y computaci\u00f3n","robots":{"index":"index","follow":"follow","max-snippet":"max-snippet:-1","max-image-preview":"max-image-preview:large","max-video-preview":"max-video-preview:-1"},"canonical":"https:\/\/comerciallin.com\/index.php\/producto\/cargador-comp-toshiba-15v-6a-6-33-0mm\/","og_locale":"es_ES","og_type":"article","og_title":"CARGADOR COMP TOSHIBA 15V 6A 6.3*3.0MM","og_description":"Especificaciones:  Entrada: 100-240V \/ 50-60Hz Salida: 15V 6A  Conector: 6.3mm*3.0mm Color: Negro Condici&oacute;n: Nueva estrenar  Paquete incluye:   1 x Adaptador de corriente AC 1 x Cable de Alimentaci&oacute;n El&eacute;ctrica Garant&iacute;a: 6 meses de garant&iacute;a y 15 d&iacute;as de devoluci&oacute;n de dinero IVA Incluido","og_url":"https:\/\/comerciallin.com\/index.php\/producto\/cargador-comp-toshiba-15v-6a-6-33-0mm\/","og_site_name":"tienda de electr\u00f3nica y computaci\u00f3n","article_modified_time":"2026-01-29T08:10:57+00:00","twitter_card":"summary_large_image","twitter_image":"https:\/\/i0.wp.com\/comerciallin.com\/wp-content\/uploads\/2023\/02\/2293130205.jpg?fit=%2C&ssl=1","twitter_misc":{"Precio":"&#36;13,80","Availability":"In stock"},"schema":{"@context":"https:\/\/schema.org","@graph":[{"@type":"WebSite","@id":"https:\/\/comerciallin.com\/#website","url":"https:\/\/comerciallin.com\/","name":"tienda de electr\u00f3nica y computaci\u00f3n","description":"Importadora de Electr\u00f3nica y Computaci\u00f3n","potentialAction":[{"@type":"SearchAction","target":{"@type":"EntryPoint","urlTemplate":"https:\/\/comerciallin.com\/?s={search_term_string}"},"query-input":"required name=search_term_string"}],"inLanguage":"es"},{"@type":"ImageObject","@id":"https:\/\/comerciallin.com\/index.php\/producto\/cargador-comp-toshiba-15v-6a-6-33-0mm\/#primaryimage","inLanguage":"es","url":"https:\/\/i0.wp.com\/comerciallin.com\/wp-content\/uploads\/2023\/02\/2293130205.jpg?fit=%2C&ssl=1","contentUrl":"https:\/\/i0.wp.com\/comerciallin.com\/wp-content\/uploads\/2023\/02\/2293130205.jpg?fit=%2C&ssl=1","caption":"CARGADOR COMP TOSHIBA 15V 6A 6.3*3.0MM"},{"@type":"WebPage","@id":"https:\/\/comerciallin.com\/index.php\/producto\/cargador-comp-toshiba-15v-6a-6-33-0mm\/#webpage","url":"https:\/\/comerciallin.com\/index.php\/producto\/cargador-comp-toshiba-15v-6a-6-33-0mm\/","name":"CARGADOR COMP TOSHIBA 15V 6A 6.3*3.0MM - tienda de electr\u00f3nica y computaci\u00f3n","isPartOf":{"@id":"https:\/\/comerciallin.com\/#website"},"primaryImageOfPage":{"@id":"https:\/\/comerciallin.com\/index.php\/producto\/cargador-comp-toshiba-15v-6a-6-33-0mm\/#primaryimage"},"datePublished":"2022-11-07T18:25:50+00:00","dateModified":"2026-01-29T08:10:57+00:00","breadcrumb":{"@id":"https:\/\/comerciallin.com\/index.php\/producto\/cargador-comp-toshiba-15v-6a-6-33-0mm\/#breadcrumb"},"inLanguage":"es","potentialAction":[{"@type":"ReadAction","target":["https:\/\/comerciallin.com\/index.php\/producto\/cargador-comp-toshiba-15v-6a-6-33-0mm\/"]}]},{"@type":"BreadcrumbList","@id":"https:\/\/comerciallin.com\/index.php\/producto\/cargador-comp-toshiba-15v-6a-6-33-0mm\/#breadcrumb","itemListElement":[{"@type":"ListItem","position":1,"name":"Inicio","item":"https:\/\/comerciallin.com\/"},{"@type":"ListItem","position":2,"name":"Shop","item":"https:\/\/comerciallin.com\/?page_id=3853"},{"@type":"ListItem","position":3,"name":"CARGADOR COMP TOSHIBA 15V 6A 6.3*3.0MM"}]}]},"product_price_amount":"13.80","product_price_currency":"USD","og_availability":"instock","product_availability":"instock","product_retailer_item_id":"2293130205","product_condition":"new"},"jetpack-related-posts":[{"id":18803,"url":"https:\/\/comerciallin.com\/index.php\/producto\/cargador-comp-sony-19-5v-4-74a\/","url_meta":{"origin":18813,"position":0},"title":"CARGADOR COMP SONY 19.5V 4.74A","date":"7 de noviembre de 2022","format":false,"excerpt":"Entrada: 100-240V \/ 50-60Hz Salida: 19.5V 4.74A Conector: 6.4mm*4.4mm Color: Negro Condici\u00f3n: Nuevo Paquete incluye: 1 x Adaptador de corriente AC 1 x Cable de Alimentaci\u00f3n El\u00e9ctrica Garant\u00eda: 6 meses de garant\u00eda IVA Incluido","rel":"","context":"Entrada similar","img":{"alt_text":"","src":"","width":0,"height":0},"classes":[]},{"id":18945,"url":"https:\/\/comerciallin.com\/index.php\/producto\/cargador-comp-lenovo-4017-20v-2-25a\/","url_meta":{"origin":18813,"position":1},"title":"CARGADOR COMP LENOVO 4017 20V &#8211; 2.25A","date":"7 de noviembre de 2022","format":false,"excerpt":"Entrada: 100-240V \/ 50-60Hz Salida: 20V 2.25A Conector:\u00a04.0X1.7MM Color: Negro Condici\u00f3n: Nuevo Paquete incluye: 1 x Adaptador de corriente AC 1 x Cable de Alimentaci\u00f3n El\u00e9ctrica Garant\u00eda: 6 meses de garant\u00eda IVA Incluido","rel":"","context":"Entrada similar","img":{"alt_text":"","src":"","width":0,"height":0},"classes":[]},{"id":18829,"url":"https:\/\/comerciallin.com\/index.php\/producto\/cargador-comp-toshiba-19v-4-74a-5-52-5mm\/","url_meta":{"origin":18813,"position":2},"title":"CARGADOR COMP TOSHIBA 19V 4.74A 5.5*2.5MM","date":"7 de noviembre de 2022","format":false,"excerpt":"Entrada: 100-240V \/ 50-60Hz Salida: 19V 4,74A Conector: 5,5mm*2,5mm Color: Negro Condici\u00f3n: Nuevo Paquete incluye: 1 x Adaptador de corriente AC 1 x Cable de Alimentaci\u00f3n El\u00e9ctrica Garant\u00eda: 6 meses de garant\u00eda IVA Incluido","rel":"","context":"Entrada similar","img":{"alt_text":"","src":"","width":0,"height":0},"classes":[]},{"id":18851,"url":"https:\/\/comerciallin.com\/index.php\/producto\/cargador-comp-dell-p-fina-19-5v-4-62a\/","url_meta":{"origin":18813,"position":3},"title":"CARGADOR COMP DELL P.FINA 19.5V 4.62A","date":"7 de noviembre de 2022","format":false,"excerpt":"Entrada: 100-240V \/ 50-60Hz Salida: 19,5V 4.62A Conector: 4.5mm*3,0mm Color: Negro Condici\u00f3n: Nuevo Paquete incluye: 1 x Adaptador de corriente AC 1 x Cable de Alimentaci\u00f3n El\u00e9ctrica Garant\u00eda: 6 meses de garant\u00eda IVA Incluido","rel":"","context":"Entrada similar","img":{"alt_text":"","src":"","width":0,"height":0},"classes":[]},{"id":18869,"url":"https:\/\/comerciallin.com\/index.php\/producto\/cargador-comp-acer-p-ama-azul-19-5v-2-15a\/","url_meta":{"origin":18813,"position":4},"title":"CARGADOR COMP ACER P.AMA\/AZUL 19.5V 2.15A","date":"7 de noviembre de 2022","format":false,"excerpt":"Entrada: 100-240V \/ 50-60Hz Salida: 19,5V 2,15A Conector: 5,5mm * 1,7mm Color: Negro Condici\u00f3n: Nuevo Paquete incluye: 1 x Adaptador de corriente AC 1 x Cable de Alimentaci\u00f3n El\u00e9ctrica Garant\u00eda: 6 meses de garant\u00eda IVA Incluido","rel":"","context":"Entrada similar","img":{"alt_text":"","src":"","width":0,"height":0},"classes":[]},{"id":18873,"url":"https:\/\/comerciallin.com\/index.php\/producto\/cargador-comp-samsung-19v-3-16a-5-53-0mm-2\/","url_meta":{"origin":18813,"position":5},"title":"CARGADOR COMP SAMSUNG 19V 3.16A 5.5*3.0MM","date":"7 de noviembre de 2022","format":false,"excerpt":"Entrada: 100-240V \/ 50-60Hz Salida: 19V 3.16A Conector: 5.5mm*3.0mm Color: Negro Condici\u00f3n: Nuevo Paquete incluye: 1 x Adaptador de corriente AC 1 x Cable de Alimentaci\u00f3n El\u00e9ctrica Garant\u00eda: 6 meses de garant\u00eda IVA Incluido","rel":"","context":"Entrada similar","img":{"alt_text":"","src":"","width":0,"height":0},"classes":[]}],"jetpack_sharing_enabled":true,"jetpack_likes_enabled":true,"_links":{"self":[{"href":"https:\/\/comerciallin.com\/index.php\/wp-json\/wp\/v2\/product\/18813"}],"collection":[{"href":"https:\/\/comerciallin.com\/index.php\/wp-json\/wp\/v2\/product"}],"about":[{"href":"https:\/\/comerciallin.com\/index.php\/wp-json\/wp\/v2\/types\/product"}],"replies":[{"embeddable":true,"href":"https:\/\/comerciallin.com\/index.php\/wp-json\/wp\/v2\/comments?post=18813"}],"wp:featuredmedia":[{"embeddable":true,"href":"https:\/\/comerciallin.com\/index.php\/wp-json\/wp\/v2\/media\/21804"}],"wp:attachment":[{"href":"https:\/\/comerciallin.com\/index.php\/wp-json\/wp\/v2\/media?parent=18813"}],"wp:term":[{"taxonomy":"product_cat","embeddable":true,"href":"https:\/\/comerciallin.com\/index.php\/wp-json\/wp\/v2\/product_cat?post=18813"},{"taxonomy":"product_tag","embeddable":true,"href":"https:\/\/comerciallin.com\/index.php\/wp-json\/wp\/v2\/product_tag?post=18813"}],"curies":[{"name":"wp","href":"https:\/\/api.w.org\/{rel}","templated":true}]}}