{"id":18789,"date":"2022-11-07T13:25:45","date_gmt":"2022-11-07T18:25:45","guid":{"rendered":"https:\/\/comerciallin.com\/index.php\/producto\/tinta-epson-t544320-bottles-l3110l3150-magen\/"},"modified":"2025-01-14T13:58:12","modified_gmt":"2025-01-14T18:58:12","slug":"tinta-epson-t544320-bottles-l3110l3150-magen","status":"publish","type":"product","link":"https:\/\/comerciallin.com\/index.php\/producto\/tinta-epson-t544320-bottles-l3110l3150-magen\/","title":{"rendered":"TINTA EPSON T544320 BOTTLES L3110,L3150 MAGEN"},"content":{"rendered":"<p><strong>Sistema de tinta de 4 colores<\/strong><br \/>Las tintas, los papeles especiales y las impresoras Epson est&aacute;n dise&ntilde;adas para trabajar juntas para lograr los mejores resultados.<br \/><strong>Compatibles para impresoras Epson L3110 | L3150<\/strong><\/p>\n","protected":false},"excerpt":{"rendered":"<ul>\n<li><strong>Botella de Tinta Magenta Epson T544 <span>T544320-AL<\/span><\/strong><br \/><strong><\/strong><\/li>\n<li><strong>Capacidad: <\/strong>65 ml<br \/><strong><\/strong><\/li>\n<li><strong>Color: <\/strong>Magenta<\/li>\n<\/ul>\n<p><strong><\/strong><\/p><\/p>\n","protected":false},"featured_media":22072,"comment_status":"open","ping_status":"closed","template":"","meta":{"spay_email":""},"product_cat":[860],"product_tag":[],"supplier_id":null,"supplier_sku":"","barcode":null,"atum_controlled":true,"out_stock_date":null,"out_stock_threshold":null,"inheritable":false,"inbound_stock":null,"stock_on_hold":0,"sold_today":0,"sales_last_days":0,"reserved_stock":null,"customer_returns":null,"warehouse_damage":null,"lost_in_post":null,"other_logs":null,"out_stock_days":0,"lost_sales":0,"has_location":null,"update_date":"2026-04-28T00:11:15","atum_locations":[],"atum_stock_status":"instock","restock_status":false,"low_stock_amount":"","sales_update_date":"2026-04-28T00:11:15","calc_backorders":null,"acf":[],"yoast_head":"<!-- This site is optimized with the Yoast SEO Premium plugin v17.4 (Yoast SEO v17.4) - https:\/\/yoast.com\/wordpress\/plugins\/seo\/ -->\n<title>TINTA EPSON T544320 BOTTLES L3110,L3150 MAGEN - tienda de electr\u00f3nica y computaci\u00f3n<\/title>\n<meta name=\"robots\" content=\"index, follow, max-snippet:-1, max-image-preview:large, max-video-preview:-1\" \/>\n<link rel=\"canonical\" href=\"https:\/\/comerciallin.com\/index.php\/producto\/tinta-epson-t544320-bottles-l3110l3150-magen\/\" \/>\n<meta property=\"og:locale\" content=\"es_ES\" \/>\n<meta property=\"og:type\" content=\"article\" \/>\n<meta property=\"og:title\" content=\"TINTA EPSON T544320 BOTTLES L3110,L3150 MAGEN\" \/>\n<meta property=\"og:description\" content=\"Botella de Tinta Magenta Epson T544 T544320-AL Capacidad: 65 ml Color: Magenta\" \/>\n<meta property=\"og:url\" content=\"https:\/\/comerciallin.com\/index.php\/producto\/tinta-epson-t544320-bottles-l3110l3150-magen\/\" \/>\n<meta property=\"og:site_name\" content=\"tienda de electr\u00f3nica y computaci\u00f3n\" \/>\n<meta property=\"article:modified_time\" content=\"2025-01-14T18:58:12+00:00\" \/>\n<meta name=\"twitter:card\" content=\"summary_large_image\" \/>\n<meta name=\"twitter:image\" content=\"https:\/\/i0.wp.com\/comerciallin.com\/wp-content\/uploads\/2023\/02\/064030110706.jpg?fit=%2C&amp;ssl=1\" \/>\n<meta name=\"twitter:label1\" content=\"Precio\" \/>\n\t<meta name=\"twitter:data1\" content=\"&#36;11,58\" \/>\n\t<meta name=\"twitter:label2\" content=\"Availability\" \/>\n\t<meta name=\"twitter:data2\" content=\"In stock\" \/>\n<script type=\"application\/ld+json\" class=\"yoast-schema-graph\">{\"@context\":\"https:\/\/schema.org\",\"@graph\":[{\"@type\":\"WebSite\",\"@id\":\"https:\/\/comerciallin.com\/#website\",\"url\":\"https:\/\/comerciallin.com\/\",\"name\":\"tienda de electr\\u00f3nica y computaci\\u00f3n\",\"description\":\"Importadora de Electr\\u00f3nica y Computaci\\u00f3n\",\"potentialAction\":[{\"@type\":\"SearchAction\",\"target\":{\"@type\":\"EntryPoint\",\"urlTemplate\":\"https:\/\/comerciallin.com\/?s={search_term_string}\"},\"query-input\":\"required name=search_term_string\"}],\"inLanguage\":\"es\"},{\"@type\":\"ImageObject\",\"@id\":\"https:\/\/comerciallin.com\/index.php\/producto\/tinta-epson-t544320-bottles-l3110l3150-magen\/#primaryimage\",\"inLanguage\":\"es\",\"url\":\"https:\/\/i0.wp.com\/comerciallin.com\/wp-content\/uploads\/2023\/02\/064030110706.jpg?fit=%2C&ssl=1\",\"contentUrl\":\"https:\/\/i0.wp.com\/comerciallin.com\/wp-content\/uploads\/2023\/02\/064030110706.jpg?fit=%2C&ssl=1\",\"caption\":\"TINTA EPSON T544320 BOTTLES L3110,L3150 MAGEN\"},{\"@type\":\"WebPage\",\"@id\":\"https:\/\/comerciallin.com\/index.php\/producto\/tinta-epson-t544320-bottles-l3110l3150-magen\/#webpage\",\"url\":\"https:\/\/comerciallin.com\/index.php\/producto\/tinta-epson-t544320-bottles-l3110l3150-magen\/\",\"name\":\"TINTA EPSON T544320 BOTTLES L3110,L3150 MAGEN - tienda de electr\\u00f3nica y computaci\\u00f3n\",\"isPartOf\":{\"@id\":\"https:\/\/comerciallin.com\/#website\"},\"primaryImageOfPage\":{\"@id\":\"https:\/\/comerciallin.com\/index.php\/producto\/tinta-epson-t544320-bottles-l3110l3150-magen\/#primaryimage\"},\"datePublished\":\"2022-11-07T18:25:45+00:00\",\"dateModified\":\"2025-01-14T18:58:12+00:00\",\"breadcrumb\":{\"@id\":\"https:\/\/comerciallin.com\/index.php\/producto\/tinta-epson-t544320-bottles-l3110l3150-magen\/#breadcrumb\"},\"inLanguage\":\"es\",\"potentialAction\":[{\"@type\":\"ReadAction\",\"target\":[\"https:\/\/comerciallin.com\/index.php\/producto\/tinta-epson-t544320-bottles-l3110l3150-magen\/\"]}]},{\"@type\":\"BreadcrumbList\",\"@id\":\"https:\/\/comerciallin.com\/index.php\/producto\/tinta-epson-t544320-bottles-l3110l3150-magen\/#breadcrumb\",\"itemListElement\":[{\"@type\":\"ListItem\",\"position\":1,\"name\":\"Inicio\",\"item\":\"https:\/\/comerciallin.com\/\"},{\"@type\":\"ListItem\",\"position\":2,\"name\":\"Shop\",\"item\":\"https:\/\/comerciallin.com\/?page_id=3853\"},{\"@type\":\"ListItem\",\"position\":3,\"name\":\"TINTA EPSON T544320 BOTTLES L3110,L3150 MAGEN\"}]}]}<\/script>\n<meta property=\"product:price:amount\" content=\"11.58\" \/>\n<meta property=\"product:price:currency\" content=\"USD\" \/>\n<meta property=\"og:availability\" content=\"instock\" \/>\n<meta property=\"product:availability\" content=\"instock\" \/>\n<meta property=\"product:retailer_item_id\" content=\"64030110706\" \/>\n<meta property=\"product:condition\" content=\"new\" \/>\n<!-- \/ Yoast SEO Premium plugin. -->","yoast_head_json":{"title":"TINTA EPSON T544320 BOTTLES L3110,L3150 MAGEN - tienda de electr\u00f3nica y computaci\u00f3n","robots":{"index":"index","follow":"follow","max-snippet":"max-snippet:-1","max-image-preview":"max-image-preview:large","max-video-preview":"max-video-preview:-1"},"canonical":"https:\/\/comerciallin.com\/index.php\/producto\/tinta-epson-t544320-bottles-l3110l3150-magen\/","og_locale":"es_ES","og_type":"article","og_title":"TINTA EPSON T544320 BOTTLES L3110,L3150 MAGEN","og_description":"Botella de Tinta Magenta Epson T544 T544320-AL Capacidad: 65 ml Color: Magenta","og_url":"https:\/\/comerciallin.com\/index.php\/producto\/tinta-epson-t544320-bottles-l3110l3150-magen\/","og_site_name":"tienda de electr\u00f3nica y computaci\u00f3n","article_modified_time":"2025-01-14T18:58:12+00:00","twitter_card":"summary_large_image","twitter_image":"https:\/\/i0.wp.com\/comerciallin.com\/wp-content\/uploads\/2023\/02\/064030110706.jpg?fit=%2C&ssl=1","twitter_misc":{"Precio":"&#36;11,58","Availability":"In stock"},"schema":{"@context":"https:\/\/schema.org","@graph":[{"@type":"WebSite","@id":"https:\/\/comerciallin.com\/#website","url":"https:\/\/comerciallin.com\/","name":"tienda de electr\u00f3nica y computaci\u00f3n","description":"Importadora de Electr\u00f3nica y Computaci\u00f3n","potentialAction":[{"@type":"SearchAction","target":{"@type":"EntryPoint","urlTemplate":"https:\/\/comerciallin.com\/?s={search_term_string}"},"query-input":"required name=search_term_string"}],"inLanguage":"es"},{"@type":"ImageObject","@id":"https:\/\/comerciallin.com\/index.php\/producto\/tinta-epson-t544320-bottles-l3110l3150-magen\/#primaryimage","inLanguage":"es","url":"https:\/\/i0.wp.com\/comerciallin.com\/wp-content\/uploads\/2023\/02\/064030110706.jpg?fit=%2C&ssl=1","contentUrl":"https:\/\/i0.wp.com\/comerciallin.com\/wp-content\/uploads\/2023\/02\/064030110706.jpg?fit=%2C&ssl=1","caption":"TINTA EPSON T544320 BOTTLES L3110,L3150 MAGEN"},{"@type":"WebPage","@id":"https:\/\/comerciallin.com\/index.php\/producto\/tinta-epson-t544320-bottles-l3110l3150-magen\/#webpage","url":"https:\/\/comerciallin.com\/index.php\/producto\/tinta-epson-t544320-bottles-l3110l3150-magen\/","name":"TINTA EPSON T544320 BOTTLES L3110,L3150 MAGEN - tienda de electr\u00f3nica y computaci\u00f3n","isPartOf":{"@id":"https:\/\/comerciallin.com\/#website"},"primaryImageOfPage":{"@id":"https:\/\/comerciallin.com\/index.php\/producto\/tinta-epson-t544320-bottles-l3110l3150-magen\/#primaryimage"},"datePublished":"2022-11-07T18:25:45+00:00","dateModified":"2025-01-14T18:58:12+00:00","breadcrumb":{"@id":"https:\/\/comerciallin.com\/index.php\/producto\/tinta-epson-t544320-bottles-l3110l3150-magen\/#breadcrumb"},"inLanguage":"es","potentialAction":[{"@type":"ReadAction","target":["https:\/\/comerciallin.com\/index.php\/producto\/tinta-epson-t544320-bottles-l3110l3150-magen\/"]}]},{"@type":"BreadcrumbList","@id":"https:\/\/comerciallin.com\/index.php\/producto\/tinta-epson-t544320-bottles-l3110l3150-magen\/#breadcrumb","itemListElement":[{"@type":"ListItem","position":1,"name":"Inicio","item":"https:\/\/comerciallin.com\/"},{"@type":"ListItem","position":2,"name":"Shop","item":"https:\/\/comerciallin.com\/?page_id=3853"},{"@type":"ListItem","position":3,"name":"TINTA EPSON T544320 BOTTLES L3110,L3150 MAGEN"}]}]},"product_price_amount":"11.58","product_price_currency":"USD","og_availability":"instock","product_availability":"instock","product_retailer_item_id":"64030110706","product_condition":"new"},"jetpack-related-posts":[{"id":18690,"url":"https:\/\/comerciallin.com\/index.php\/producto\/tinta-epson-t544320-al-bottles-l3110magenta\/","url_meta":{"origin":18789,"position":0},"title":"TINTA EPSON T544320-AL BOTTLES L3110,MAGENTA","date":"7 de noviembre de 2022","format":false,"excerpt":"Botella de Tinta Magenta Epson T544 T544320-AL Capacidad: 65 ml Color: Magenta","rel":"","context":"Entrada similar","img":{"alt_text":"","src":"","width":0,"height":0},"classes":[]},{"id":18787,"url":"https:\/\/comerciallin.com\/index.php\/producto\/tinta-epson-t544420-bottles-l3110l3150-yello\/","url_meta":{"origin":18789,"position":1},"title":"TINTA EPSON T544420 BOTTLES L3110,L3150 YELLO","date":"7 de noviembre de 2022","format":false,"excerpt":"Botella de Tinta Amarilla Epson T544 T544420-AL Capacidad: 65 ml Color: Amarilla","rel":"","context":"Entrada similar","img":{"alt_text":"","src":"","width":0,"height":0},"classes":[]},{"id":18791,"url":"https:\/\/comerciallin.com\/index.php\/producto\/tinta-epson-t544220-bottles-l3110l3150-cyan\/","url_meta":{"origin":18789,"position":2},"title":"TINTA EPSON T544220 BOTTLES L3110,L3150 CYAN","date":"7 de noviembre de 2022","format":false,"excerpt":"Botella de Tinta Cyan Epson T544 T544220-AL Capacidad: 65 ml Color: Cyan","rel":"","context":"Entrada similar","img":{"alt_text":"","src":"","width":0,"height":0},"classes":[]},{"id":18775,"url":"https:\/\/comerciallin.com\/index.php\/producto\/tinta-epson-544-bottles-l3110-3150-yellow\/","url_meta":{"origin":18789,"position":3},"title":"TINTA EPSON 544 BOTTLES L3110\/3150 YELLOW","date":"7 de noviembre de 2022","format":false,"excerpt":"Botella de Tinta Amarilla Epson T544 T544420-AL Capacidad: 65 ml Color: Amarilla","rel":"","context":"Entrada similar","img":{"alt_text":"","src":"","width":0,"height":0},"classes":[]},{"id":18692,"url":"https:\/\/comerciallin.com\/index.php\/producto\/tinta-epson-t544420-al-bottles-l3110amarillo\/","url_meta":{"origin":18789,"position":4},"title":"TINTA EPSON T544420-AL BOTTLES L3110,AMARILLO","date":"7 de noviembre de 2022","format":false,"excerpt":"Botella de Tinta Amarilla Epson T544 T544420-AL Capacidad: 65 ml Color: Amarilla","rel":"","context":"Entrada similar","img":{"alt_text":"","src":"","width":0,"height":0},"classes":[]}],"jetpack_sharing_enabled":true,"jetpack_likes_enabled":true,"_links":{"self":[{"href":"https:\/\/comerciallin.com\/index.php\/wp-json\/wp\/v2\/product\/18789"}],"collection":[{"href":"https:\/\/comerciallin.com\/index.php\/wp-json\/wp\/v2\/product"}],"about":[{"href":"https:\/\/comerciallin.com\/index.php\/wp-json\/wp\/v2\/types\/product"}],"replies":[{"embeddable":true,"href":"https:\/\/comerciallin.com\/index.php\/wp-json\/wp\/v2\/comments?post=18789"}],"wp:featuredmedia":[{"embeddable":true,"href":"https:\/\/comerciallin.com\/index.php\/wp-json\/wp\/v2\/media\/22072"}],"wp:attachment":[{"href":"https:\/\/comerciallin.com\/index.php\/wp-json\/wp\/v2\/media?parent=18789"}],"wp:term":[{"taxonomy":"product_cat","embeddable":true,"href":"https:\/\/comerciallin.com\/index.php\/wp-json\/wp\/v2\/product_cat?post=18789"},{"taxonomy":"product_tag","embeddable":true,"href":"https:\/\/comerciallin.com\/index.php\/wp-json\/wp\/v2\/product_tag?post=18789"}],"curies":[{"name":"wp","href":"https:\/\/api.w.org\/{rel}","templated":true}]}}