{"id":18779,"date":"2022-11-07T13:25:43","date_gmt":"2022-11-07T18:25:43","guid":{"rendered":"https:\/\/comerciallin.com\/index.php\/producto\/charger-doctor\/"},"modified":"2025-12-26T11:46:09","modified_gmt":"2025-12-26T16:46:09","slug":"charger-doctor","status":"publish","type":"product","link":"https:\/\/comerciallin.com\/index.php\/producto\/charger-doctor\/","title":{"rendered":"CHARGER DOCTOR"},"content":{"rendered":"<ul>\n<li>Compruebe la potencia de salida de su puerto USB al dispositivo final y lea la corriente y el voltaje directamente en la pantalla en tiempo real.<\/li>\n<li>Mida los cargadores de salida de corriente y voltaje, cargadores de autom&oacute;viles, bater&iacute;as externas y PC, detecte si el cargador est&aacute; funcionando.<\/li>\n<li>Mide con precisi&oacute;n el voltaje y la corriente de una fuente de alimentaci&oacute;n USB, pero es m&aacute;s peque&ntilde;a, port&aacute;til y conveniente que un mult&iacute;metro grande y costoso.<\/li>\n<\/ul>\n","protected":false},"excerpt":{"rendered":"<ul>\n<li>Verifique la potencia de salida de su puerto USB al dispositivo final y lea la corriente y el voltaje directamente en tiempo real. Nuestro AZDelivery USB<\/li>\n<li>Charger Doctor admite 0,0 A &#8211; 3,0 A \/ 3,5 V &#8211; 7,0 V con una precisi&oacute;n de 0,01 A y 0,01 V.<\/li>\n<li>Adquieres un mult&iacute;metro muy ligero, port&aacute;til y pr&aacute;ctico para uso diario y m&oacute;vil. Compatibilidad con conexiones USB 1.x y 2.x en todas las velocidades de datos.<\/li>\n<\/ul>\n","protected":false},"featured_media":21847,"comment_status":"open","ping_status":"closed","template":"","meta":{"spay_email":""},"product_cat":[789],"product_tag":[],"supplier_id":null,"supplier_sku":"","barcode":null,"atum_controlled":true,"out_stock_date":null,"out_stock_threshold":null,"inheritable":false,"inbound_stock":null,"stock_on_hold":0,"sold_today":0,"sales_last_days":0,"reserved_stock":null,"customer_returns":null,"warehouse_damage":null,"lost_in_post":null,"other_logs":null,"out_stock_days":0,"lost_sales":0,"has_location":null,"update_date":"2026-05-01T00:12:28","atum_locations":[],"atum_stock_status":"instock","restock_status":false,"low_stock_amount":"","sales_update_date":"2026-05-01T00:12:27","calc_backorders":null,"acf":[],"yoast_head":"<!-- This site is optimized with the Yoast SEO Premium plugin v17.4 (Yoast SEO v17.4) - https:\/\/yoast.com\/wordpress\/plugins\/seo\/ -->\n<title>CHARGER DOCTOR - tienda de electr\u00f3nica y computaci\u00f3n<\/title>\n<meta name=\"robots\" content=\"index, follow, max-snippet:-1, max-image-preview:large, max-video-preview:-1\" \/>\n<link rel=\"canonical\" href=\"https:\/\/comerciallin.com\/index.php\/producto\/charger-doctor\/\" \/>\n<meta property=\"og:locale\" content=\"es_ES\" \/>\n<meta property=\"og:type\" content=\"article\" \/>\n<meta property=\"og:title\" content=\"CHARGER DOCTOR\" \/>\n<meta property=\"og:description\" content=\"Verifique la potencia de salida de su puerto USB al dispositivo final y lea la corriente y el voltaje directamente en tiempo real. Nuestro AZDelivery USB Charger Doctor admite 0,0 A - 3,0 A \/ 3,5 V - 7,0 V con una precisi&oacute;n de 0,01 A y 0,01 V. Adquieres un mult&iacute;metro muy ligero, port&aacute;til y pr&aacute;ctico para uso diario y m&oacute;vil. Compatibilidad con conexiones USB 1.x y 2.x en todas las velocidades de datos.\" \/>\n<meta property=\"og:url\" content=\"https:\/\/comerciallin.com\/index.php\/producto\/charger-doctor\/\" \/>\n<meta property=\"og:site_name\" content=\"tienda de electr\u00f3nica y computaci\u00f3n\" \/>\n<meta property=\"article:modified_time\" content=\"2025-12-26T16:46:09+00:00\" \/>\n<meta name=\"twitter:card\" content=\"summary_large_image\" \/>\n<meta name=\"twitter:image\" content=\"https:\/\/i0.wp.com\/comerciallin.com\/wp-content\/uploads\/2023\/02\/099030121001.jpg?fit=%2C&amp;ssl=1\" \/>\n<meta name=\"twitter:label1\" content=\"Precio\" \/>\n\t<meta name=\"twitter:data1\" content=\"&#36;11,50\" \/>\n\t<meta name=\"twitter:label2\" content=\"Availability\" \/>\n\t<meta name=\"twitter:data2\" content=\"In stock\" \/>\n<script type=\"application\/ld+json\" class=\"yoast-schema-graph\">{\"@context\":\"https:\/\/schema.org\",\"@graph\":[{\"@type\":\"WebSite\",\"@id\":\"https:\/\/comerciallin.com\/#website\",\"url\":\"https:\/\/comerciallin.com\/\",\"name\":\"tienda de electr\\u00f3nica y computaci\\u00f3n\",\"description\":\"Importadora de Electr\\u00f3nica y Computaci\\u00f3n\",\"potentialAction\":[{\"@type\":\"SearchAction\",\"target\":{\"@type\":\"EntryPoint\",\"urlTemplate\":\"https:\/\/comerciallin.com\/?s={search_term_string}\"},\"query-input\":\"required name=search_term_string\"}],\"inLanguage\":\"es\"},{\"@type\":\"ImageObject\",\"@id\":\"https:\/\/comerciallin.com\/index.php\/producto\/charger-doctor\/#primaryimage\",\"inLanguage\":\"es\",\"url\":\"https:\/\/i0.wp.com\/comerciallin.com\/wp-content\/uploads\/2023\/02\/099030121001.jpg?fit=%2C&ssl=1\",\"contentUrl\":\"https:\/\/i0.wp.com\/comerciallin.com\/wp-content\/uploads\/2023\/02\/099030121001.jpg?fit=%2C&ssl=1\",\"caption\":\"CHARGER DOCTOR\"},{\"@type\":\"WebPage\",\"@id\":\"https:\/\/comerciallin.com\/index.php\/producto\/charger-doctor\/#webpage\",\"url\":\"https:\/\/comerciallin.com\/index.php\/producto\/charger-doctor\/\",\"name\":\"CHARGER DOCTOR - tienda de electr\\u00f3nica y computaci\\u00f3n\",\"isPartOf\":{\"@id\":\"https:\/\/comerciallin.com\/#website\"},\"primaryImageOfPage\":{\"@id\":\"https:\/\/comerciallin.com\/index.php\/producto\/charger-doctor\/#primaryimage\"},\"datePublished\":\"2022-11-07T18:25:43+00:00\",\"dateModified\":\"2025-12-26T16:46:09+00:00\",\"breadcrumb\":{\"@id\":\"https:\/\/comerciallin.com\/index.php\/producto\/charger-doctor\/#breadcrumb\"},\"inLanguage\":\"es\",\"potentialAction\":[{\"@type\":\"ReadAction\",\"target\":[\"https:\/\/comerciallin.com\/index.php\/producto\/charger-doctor\/\"]}]},{\"@type\":\"BreadcrumbList\",\"@id\":\"https:\/\/comerciallin.com\/index.php\/producto\/charger-doctor\/#breadcrumb\",\"itemListElement\":[{\"@type\":\"ListItem\",\"position\":1,\"name\":\"Inicio\",\"item\":\"https:\/\/comerciallin.com\/\"},{\"@type\":\"ListItem\",\"position\":2,\"name\":\"Shop\",\"item\":\"https:\/\/comerciallin.com\/?page_id=3853\"},{\"@type\":\"ListItem\",\"position\":3,\"name\":\"CHARGER DOCTOR\"}]}]}<\/script>\n<meta property=\"product:price:amount\" content=\"11.50\" \/>\n<meta property=\"product:price:currency\" content=\"USD\" \/>\n<meta property=\"og:availability\" content=\"instock\" \/>\n<meta property=\"product:availability\" content=\"instock\" \/>\n<meta property=\"product:retailer_item_id\" content=\"99030121001\" \/>\n<meta property=\"product:condition\" content=\"new\" \/>\n<!-- \/ Yoast SEO Premium plugin. -->","yoast_head_json":{"title":"CHARGER DOCTOR - tienda de electr\u00f3nica y computaci\u00f3n","robots":{"index":"index","follow":"follow","max-snippet":"max-snippet:-1","max-image-preview":"max-image-preview:large","max-video-preview":"max-video-preview:-1"},"canonical":"https:\/\/comerciallin.com\/index.php\/producto\/charger-doctor\/","og_locale":"es_ES","og_type":"article","og_title":"CHARGER DOCTOR","og_description":"Verifique la potencia de salida de su puerto USB al dispositivo final y lea la corriente y el voltaje directamente en tiempo real. Nuestro AZDelivery USB Charger Doctor admite 0,0 A - 3,0 A \/ 3,5 V - 7,0 V con una precisi&oacute;n de 0,01 A y 0,01 V. Adquieres un mult&iacute;metro muy ligero, port&aacute;til y pr&aacute;ctico para uso diario y m&oacute;vil. Compatibilidad con conexiones USB 1.x y 2.x en todas las velocidades de datos.","og_url":"https:\/\/comerciallin.com\/index.php\/producto\/charger-doctor\/","og_site_name":"tienda de electr\u00f3nica y computaci\u00f3n","article_modified_time":"2025-12-26T16:46:09+00:00","twitter_card":"summary_large_image","twitter_image":"https:\/\/i0.wp.com\/comerciallin.com\/wp-content\/uploads\/2023\/02\/099030121001.jpg?fit=%2C&ssl=1","twitter_misc":{"Precio":"&#36;11,50","Availability":"In stock"},"schema":{"@context":"https:\/\/schema.org","@graph":[{"@type":"WebSite","@id":"https:\/\/comerciallin.com\/#website","url":"https:\/\/comerciallin.com\/","name":"tienda de electr\u00f3nica y computaci\u00f3n","description":"Importadora de Electr\u00f3nica y Computaci\u00f3n","potentialAction":[{"@type":"SearchAction","target":{"@type":"EntryPoint","urlTemplate":"https:\/\/comerciallin.com\/?s={search_term_string}"},"query-input":"required name=search_term_string"}],"inLanguage":"es"},{"@type":"ImageObject","@id":"https:\/\/comerciallin.com\/index.php\/producto\/charger-doctor\/#primaryimage","inLanguage":"es","url":"https:\/\/i0.wp.com\/comerciallin.com\/wp-content\/uploads\/2023\/02\/099030121001.jpg?fit=%2C&ssl=1","contentUrl":"https:\/\/i0.wp.com\/comerciallin.com\/wp-content\/uploads\/2023\/02\/099030121001.jpg?fit=%2C&ssl=1","caption":"CHARGER DOCTOR"},{"@type":"WebPage","@id":"https:\/\/comerciallin.com\/index.php\/producto\/charger-doctor\/#webpage","url":"https:\/\/comerciallin.com\/index.php\/producto\/charger-doctor\/","name":"CHARGER DOCTOR - tienda de electr\u00f3nica y computaci\u00f3n","isPartOf":{"@id":"https:\/\/comerciallin.com\/#website"},"primaryImageOfPage":{"@id":"https:\/\/comerciallin.com\/index.php\/producto\/charger-doctor\/#primaryimage"},"datePublished":"2022-11-07T18:25:43+00:00","dateModified":"2025-12-26T16:46:09+00:00","breadcrumb":{"@id":"https:\/\/comerciallin.com\/index.php\/producto\/charger-doctor\/#breadcrumb"},"inLanguage":"es","potentialAction":[{"@type":"ReadAction","target":["https:\/\/comerciallin.com\/index.php\/producto\/charger-doctor\/"]}]},{"@type":"BreadcrumbList","@id":"https:\/\/comerciallin.com\/index.php\/producto\/charger-doctor\/#breadcrumb","itemListElement":[{"@type":"ListItem","position":1,"name":"Inicio","item":"https:\/\/comerciallin.com\/"},{"@type":"ListItem","position":2,"name":"Shop","item":"https:\/\/comerciallin.com\/?page_id=3853"},{"@type":"ListItem","position":3,"name":"CHARGER DOCTOR"}]}]},"product_price_amount":"11.50","product_price_currency":"USD","og_availability":"instock","product_availability":"instock","product_retailer_item_id":"99030121001","product_condition":"new"},"jetpack-related-posts":[{"id":18980,"url":"https:\/\/comerciallin.com\/index.php\/producto\/cargador-comp-lenovo-p-usb-20v-4-5a\/","url_meta":{"origin":18779,"position":0},"title":"CARGADOR COMP LENOVO P. USB 20V &#8211; 4.5A","date":"7 de noviembre de 2022","format":false,"excerpt":"Entrada: 100-240V \/ 50-60Hz Salida: 20V 4.5A Conector: Tipo USB Color: Negro Condici\u00f3n: Nuevo Paquete incluye: 1 x Adaptador de corriente AC 1 x Cable de Alimentaci\u00f3n El\u00e9ctrica Garant\u00eda: 6 meses de garant\u00eda IVA Incluido","rel":"","context":"Entrada similar","img":{"alt_text":"CARGADOR COMP LENOVO P. USB 20V - 4.5A","src":"https:\/\/i0.wp.com\/comerciallin.com\/wp-content\/uploads\/2023\/02\/675030120307.jpg?fit=992%2C744&ssl=1&resize=350%2C200","width":350,"height":200},"classes":[]},{"id":18988,"url":"https:\/\/comerciallin.com\/index.php\/producto\/cargador-comp-lenovo-p-usb-20v-2-25a\/","url_meta":{"origin":18779,"position":1},"title":"CARGADOR COMP LENOVO P. USB 20V &#8211; 2.25A","date":"7 de noviembre de 2022","format":false,"excerpt":"Entrada: 100-240V \/ 50-60Hz Salida: 20V 2.25A Conector: Tipo USB Color: Negro Condici\u00f3n: Nuevo Paquete incluye: 1 x Adaptador de corriente AC 1 x Cable de Alimentaci\u00f3n El\u00e9ctrica Garant\u00eda: 6 meses de garant\u00eda IVA Incluido","rel":"","context":"Entrada similar","img":{"alt_text":"","src":"","width":0,"height":0},"classes":[]},{"id":18920,"url":"https:\/\/comerciallin.com\/index.php\/producto\/cargador-comp-lenovo-p-usb-20v-3-25a\/","url_meta":{"origin":18779,"position":2},"title":"CARGADOR COMP LENOVO P. USB 20V &#8211; 3.25A","date":"7 de noviembre de 2022","format":false,"excerpt":"Especificaciones: Entrada: 100-240V \/ 50-60Hz Salida: 20V 3.25A Conector: Tipo USB Color: Negro Condici\u00f3n: Nueva estrenar Paquete incluye: 1 x Adaptador de corriente AC 1 x Cable de Alimentaci\u00f3n El\u00e9ctrica Garant\u00eda: 6 meses de garant\u00eda y 15 d\u00edas de devoluci\u00f3n de dinero IVA Incluido","rel":"","context":"Entrada similar","img":{"alt_text":"CARGADOR COMP LENOVO P. USB 20V - 3.25A","src":"https:\/\/i0.wp.com\/comerciallin.com\/wp-content\/uploads\/2023\/02\/675030100807.jpg?fit=992%2C744&ssl=1&resize=350%2C200","width":350,"height":200},"classes":[]},{"id":19716,"url":"https:\/\/comerciallin.com\/index.php\/producto\/microfono-usb\/","url_meta":{"origin":18779,"position":3},"title":"MICROFONO USB","date":"8 de noviembre de 2022","format":false,"excerpt":"Microfono Usb Cuello De Ganso Para Pc","rel":"","context":"Entrada similar","img":{"alt_text":"","src":"","width":0,"height":0},"classes":[]},{"id":18914,"url":"https:\/\/comerciallin.com\/index.php\/producto\/gamer-audifono-g2000\/","url_meta":{"origin":18779,"position":4},"title":"GAMER AUDIFONO G2000","date":"7 de noviembre de 2022","format":false,"excerpt":"Marca: Gaming Edition Modelo: G2000 Sensibilidad: 108 3dB Interfaz de auricular: USB 3.5 mm Impedancia: 16 15% Microfono: 6.0 x 5 mm Sensibilidad del microfono: 2.2 K Largo de linea: 2.1 M 0.15 Largo del cable: 224 cm Rango de frecuentcia: 20 Hz \u00e2\u20ac\u201c 20 Khz Voltaje de trabajo de\u2026","rel":"","context":"Entrada similar","img":{"alt_text":"","src":"","width":0,"height":0},"classes":[]}],"jetpack_sharing_enabled":true,"jetpack_likes_enabled":true,"_links":{"self":[{"href":"https:\/\/comerciallin.com\/index.php\/wp-json\/wp\/v2\/product\/18779"}],"collection":[{"href":"https:\/\/comerciallin.com\/index.php\/wp-json\/wp\/v2\/product"}],"about":[{"href":"https:\/\/comerciallin.com\/index.php\/wp-json\/wp\/v2\/types\/product"}],"replies":[{"embeddable":true,"href":"https:\/\/comerciallin.com\/index.php\/wp-json\/wp\/v2\/comments?post=18779"}],"wp:featuredmedia":[{"embeddable":true,"href":"https:\/\/comerciallin.com\/index.php\/wp-json\/wp\/v2\/media\/21847"}],"wp:attachment":[{"href":"https:\/\/comerciallin.com\/index.php\/wp-json\/wp\/v2\/media?parent=18779"}],"wp:term":[{"taxonomy":"product_cat","embeddable":true,"href":"https:\/\/comerciallin.com\/index.php\/wp-json\/wp\/v2\/product_cat?post=18779"},{"taxonomy":"product_tag","embeddable":true,"href":"https:\/\/comerciallin.com\/index.php\/wp-json\/wp\/v2\/product_tag?post=18779"}],"curies":[{"name":"wp","href":"https:\/\/api.w.org\/{rel}","templated":true}]}}