{"id":18769,"date":"2022-11-07T13:25:42","date_gmt":"2022-11-07T18:25:42","guid":{"rendered":"https:\/\/comerciallin.com\/index.php\/producto\/tinta-epson-664-ciss-bottles-l200-magenta-400\/"},"modified":"2025-12-26T11:46:32","modified_gmt":"2025-12-26T16:46:32","slug":"tinta-epson-664-ciss-bottles-l200-magenta-400","status":"publish","type":"product","link":"https:\/\/comerciallin.com\/index.php\/producto\/tinta-epson-664-ciss-bottles-l200-magenta-400\/","title":{"rendered":"TINTA EPSON 664 CISS BOTTLES L200 MAGENTA 400"},"content":{"rendered":"<p>Las tintas, papeles especiales e impresoras Epson est\u00e1n dise\u00f1adas para trabajar juntas para lograr los mejores resultados.<\/p>\n","protected":false},"excerpt":{"rendered":"<p>Botella de Tinta Magenta Epson 664<\/p>\n","protected":false},"featured_media":22066,"comment_status":"open","ping_status":"closed","template":"","meta":{"spay_email":""},"product_cat":[860],"product_tag":[],"supplier_id":null,"supplier_sku":"","barcode":null,"atum_controlled":true,"out_stock_date":null,"out_stock_threshold":null,"inheritable":false,"inbound_stock":null,"stock_on_hold":0,"sold_today":0,"sales_last_days":0,"reserved_stock":null,"customer_returns":null,"warehouse_damage":null,"lost_in_post":null,"other_logs":null,"out_stock_days":0,"lost_sales":0,"has_location":null,"update_date":"2026-05-03T00:12:43","atum_locations":[],"atum_stock_status":"instock","restock_status":false,"low_stock_amount":"","sales_update_date":"2026-05-03T00:12:43","calc_backorders":null,"acf":[],"yoast_head":"<!-- This site is optimized with the Yoast SEO Premium plugin v17.4 (Yoast SEO v17.4) - https:\/\/yoast.com\/wordpress\/plugins\/seo\/ -->\n<title>TINTA EPSON 664 CISS BOTTLES L200 MAGENTA 400 - tienda de electr\u00f3nica y computaci\u00f3n<\/title>\n<meta name=\"robots\" content=\"index, follow, max-snippet:-1, max-image-preview:large, max-video-preview:-1\" \/>\n<link rel=\"canonical\" href=\"https:\/\/comerciallin.com\/index.php\/producto\/tinta-epson-664-ciss-bottles-l200-magenta-400\/\" \/>\n<meta property=\"og:locale\" content=\"es_ES\" \/>\n<meta property=\"og:type\" content=\"article\" \/>\n<meta property=\"og:title\" content=\"TINTA EPSON 664 CISS BOTTLES L200 MAGENTA 400\" \/>\n<meta property=\"og:description\" content=\"Botella de Tinta Magenta Epson 664\" \/>\n<meta property=\"og:url\" content=\"https:\/\/comerciallin.com\/index.php\/producto\/tinta-epson-664-ciss-bottles-l200-magenta-400\/\" \/>\n<meta property=\"og:site_name\" content=\"tienda de electr\u00f3nica y computaci\u00f3n\" \/>\n<meta property=\"article:modified_time\" content=\"2025-12-26T16:46:32+00:00\" \/>\n<meta name=\"twitter:card\" content=\"summary_large_image\" \/>\n<meta name=\"twitter:image\" content=\"https:\/\/i0.wp.com\/comerciallin.com\/wp-content\/uploads\/2023\/02\/054030171103.jpg?fit=%2C&amp;ssl=1\" \/>\n<meta name=\"twitter:label1\" content=\"Precio\" \/>\n\t<meta name=\"twitter:data1\" content=\"&#36;10,32\" \/>\n\t<meta name=\"twitter:label2\" content=\"Availability\" \/>\n\t<meta name=\"twitter:data2\" content=\"In stock\" \/>\n<script type=\"application\/ld+json\" class=\"yoast-schema-graph\">{\"@context\":\"https:\/\/schema.org\",\"@graph\":[{\"@type\":\"WebSite\",\"@id\":\"https:\/\/comerciallin.com\/#website\",\"url\":\"https:\/\/comerciallin.com\/\",\"name\":\"tienda de electr\\u00f3nica y computaci\\u00f3n\",\"description\":\"Importadora de Electr\\u00f3nica y Computaci\\u00f3n\",\"potentialAction\":[{\"@type\":\"SearchAction\",\"target\":{\"@type\":\"EntryPoint\",\"urlTemplate\":\"https:\/\/comerciallin.com\/?s={search_term_string}\"},\"query-input\":\"required name=search_term_string\"}],\"inLanguage\":\"es\"},{\"@type\":\"ImageObject\",\"@id\":\"https:\/\/comerciallin.com\/index.php\/producto\/tinta-epson-664-ciss-bottles-l200-magenta-400\/#primaryimage\",\"inLanguage\":\"es\",\"url\":\"https:\/\/i0.wp.com\/comerciallin.com\/wp-content\/uploads\/2023\/02\/054030171103.jpg?fit=%2C&ssl=1\",\"contentUrl\":\"https:\/\/i0.wp.com\/comerciallin.com\/wp-content\/uploads\/2023\/02\/054030171103.jpg?fit=%2C&ssl=1\",\"caption\":\"TINTA EPSON 664 CISS BOTTLES L200 MAGENTA 400\"},{\"@type\":\"WebPage\",\"@id\":\"https:\/\/comerciallin.com\/index.php\/producto\/tinta-epson-664-ciss-bottles-l200-magenta-400\/#webpage\",\"url\":\"https:\/\/comerciallin.com\/index.php\/producto\/tinta-epson-664-ciss-bottles-l200-magenta-400\/\",\"name\":\"TINTA EPSON 664 CISS BOTTLES L200 MAGENTA 400 - tienda de electr\\u00f3nica y computaci\\u00f3n\",\"isPartOf\":{\"@id\":\"https:\/\/comerciallin.com\/#website\"},\"primaryImageOfPage\":{\"@id\":\"https:\/\/comerciallin.com\/index.php\/producto\/tinta-epson-664-ciss-bottles-l200-magenta-400\/#primaryimage\"},\"datePublished\":\"2022-11-07T18:25:42+00:00\",\"dateModified\":\"2025-12-26T16:46:32+00:00\",\"breadcrumb\":{\"@id\":\"https:\/\/comerciallin.com\/index.php\/producto\/tinta-epson-664-ciss-bottles-l200-magenta-400\/#breadcrumb\"},\"inLanguage\":\"es\",\"potentialAction\":[{\"@type\":\"ReadAction\",\"target\":[\"https:\/\/comerciallin.com\/index.php\/producto\/tinta-epson-664-ciss-bottles-l200-magenta-400\/\"]}]},{\"@type\":\"BreadcrumbList\",\"@id\":\"https:\/\/comerciallin.com\/index.php\/producto\/tinta-epson-664-ciss-bottles-l200-magenta-400\/#breadcrumb\",\"itemListElement\":[{\"@type\":\"ListItem\",\"position\":1,\"name\":\"Inicio\",\"item\":\"https:\/\/comerciallin.com\/\"},{\"@type\":\"ListItem\",\"position\":2,\"name\":\"Shop\",\"item\":\"https:\/\/comerciallin.com\/?page_id=3853\"},{\"@type\":\"ListItem\",\"position\":3,\"name\":\"TINTA EPSON 664 CISS BOTTLES L200 MAGENTA 400\"}]}]}<\/script>\n<meta property=\"product:price:amount\" content=\"10.32\" \/>\n<meta property=\"product:price:currency\" content=\"USD\" \/>\n<meta property=\"og:availability\" content=\"instock\" \/>\n<meta property=\"product:availability\" content=\"instock\" \/>\n<meta property=\"product:retailer_item_id\" content=\"54030171103\" \/>\n<meta property=\"product:condition\" content=\"new\" \/>\n<!-- \/ Yoast SEO Premium plugin. -->","yoast_head_json":{"title":"TINTA EPSON 664 CISS BOTTLES L200 MAGENTA 400 - tienda de electr\u00f3nica y computaci\u00f3n","robots":{"index":"index","follow":"follow","max-snippet":"max-snippet:-1","max-image-preview":"max-image-preview:large","max-video-preview":"max-video-preview:-1"},"canonical":"https:\/\/comerciallin.com\/index.php\/producto\/tinta-epson-664-ciss-bottles-l200-magenta-400\/","og_locale":"es_ES","og_type":"article","og_title":"TINTA EPSON 664 CISS BOTTLES L200 MAGENTA 400","og_description":"Botella de Tinta Magenta Epson 664","og_url":"https:\/\/comerciallin.com\/index.php\/producto\/tinta-epson-664-ciss-bottles-l200-magenta-400\/","og_site_name":"tienda de electr\u00f3nica y computaci\u00f3n","article_modified_time":"2025-12-26T16:46:32+00:00","twitter_card":"summary_large_image","twitter_image":"https:\/\/i0.wp.com\/comerciallin.com\/wp-content\/uploads\/2023\/02\/054030171103.jpg?fit=%2C&ssl=1","twitter_misc":{"Precio":"&#36;10,32","Availability":"In stock"},"schema":{"@context":"https:\/\/schema.org","@graph":[{"@type":"WebSite","@id":"https:\/\/comerciallin.com\/#website","url":"https:\/\/comerciallin.com\/","name":"tienda de electr\u00f3nica y computaci\u00f3n","description":"Importadora de Electr\u00f3nica y Computaci\u00f3n","potentialAction":[{"@type":"SearchAction","target":{"@type":"EntryPoint","urlTemplate":"https:\/\/comerciallin.com\/?s={search_term_string}"},"query-input":"required name=search_term_string"}],"inLanguage":"es"},{"@type":"ImageObject","@id":"https:\/\/comerciallin.com\/index.php\/producto\/tinta-epson-664-ciss-bottles-l200-magenta-400\/#primaryimage","inLanguage":"es","url":"https:\/\/i0.wp.com\/comerciallin.com\/wp-content\/uploads\/2023\/02\/054030171103.jpg?fit=%2C&ssl=1","contentUrl":"https:\/\/i0.wp.com\/comerciallin.com\/wp-content\/uploads\/2023\/02\/054030171103.jpg?fit=%2C&ssl=1","caption":"TINTA EPSON 664 CISS BOTTLES L200 MAGENTA 400"},{"@type":"WebPage","@id":"https:\/\/comerciallin.com\/index.php\/producto\/tinta-epson-664-ciss-bottles-l200-magenta-400\/#webpage","url":"https:\/\/comerciallin.com\/index.php\/producto\/tinta-epson-664-ciss-bottles-l200-magenta-400\/","name":"TINTA EPSON 664 CISS BOTTLES L200 MAGENTA 400 - tienda de electr\u00f3nica y computaci\u00f3n","isPartOf":{"@id":"https:\/\/comerciallin.com\/#website"},"primaryImageOfPage":{"@id":"https:\/\/comerciallin.com\/index.php\/producto\/tinta-epson-664-ciss-bottles-l200-magenta-400\/#primaryimage"},"datePublished":"2022-11-07T18:25:42+00:00","dateModified":"2025-12-26T16:46:32+00:00","breadcrumb":{"@id":"https:\/\/comerciallin.com\/index.php\/producto\/tinta-epson-664-ciss-bottles-l200-magenta-400\/#breadcrumb"},"inLanguage":"es","potentialAction":[{"@type":"ReadAction","target":["https:\/\/comerciallin.com\/index.php\/producto\/tinta-epson-664-ciss-bottles-l200-magenta-400\/"]}]},{"@type":"BreadcrumbList","@id":"https:\/\/comerciallin.com\/index.php\/producto\/tinta-epson-664-ciss-bottles-l200-magenta-400\/#breadcrumb","itemListElement":[{"@type":"ListItem","position":1,"name":"Inicio","item":"https:\/\/comerciallin.com\/"},{"@type":"ListItem","position":2,"name":"Shop","item":"https:\/\/comerciallin.com\/?page_id=3853"},{"@type":"ListItem","position":3,"name":"TINTA EPSON 664 CISS BOTTLES L200 MAGENTA 400"}]}]},"product_price_amount":"10.32","product_price_currency":"USD","og_availability":"instock","product_availability":"instock","product_retailer_item_id":"54030171103","product_condition":"new"},"jetpack-related-posts":[{"id":26039,"url":"https:\/\/comerciallin.com\/index.php\/producto\/tinta-epson-t504-l4150-4160-l6161-magenta\/","url_meta":{"origin":18769,"position":0},"title":"TINTA EPSON T504 L4150\/4160\/L6161\/MAGENTA","date":"26 de enero de 2024","format":false,"excerpt":"La tinta para impresora Epson 504 Magenta es una tinta de alta calidad que le dar\u00e1 a sus impresiones un color magenta vibrante.","rel":"","context":"Entrada similar","img":{"alt_text":"TINTA EPSON T504 L4150\/4160\/L6161\/MAGENTA","src":"https:\/\/i0.wp.com\/comerciallin.com\/wp-content\/uploads\/2024\/01\/405403010103-1.jpg?fit=1080%2C1080&ssl=1&resize=350%2C200","width":350,"height":200},"classes":[]},{"id":18690,"url":"https:\/\/comerciallin.com\/index.php\/producto\/tinta-epson-t544320-al-bottles-l3110magenta\/","url_meta":{"origin":18769,"position":1},"title":"TINTA EPSON T544320-AL BOTTLES L3110,MAGENTA","date":"7 de noviembre de 2022","format":false,"excerpt":"Botella de Tinta Magenta Epson T544 T544320-AL Capacidad: 65 ml Color: Magenta","rel":"","context":"Entrada similar","img":{"alt_text":"","src":"","width":0,"height":0},"classes":[]},{"id":18765,"url":"https:\/\/comerciallin.com\/index.php\/producto\/tinta-epson-664-ciss-bottles-l200-cyan-400\/","url_meta":{"origin":18769,"position":2},"title":"TINTA EPSON 664 CISS BOTTLES L200 CYAN 400","date":"7 de noviembre de 2022","format":false,"excerpt":"La tinta Epson 664 CISS Bottles L200 Cyan 400 es una botella de tinta cyan de alta capacidad que es compatible con la impresora Epson L200. Produce impresiones de alta calidad con colores vibrantes.","rel":"","context":"Entrada similar","img":{"alt_text":"","src":"","width":0,"height":0},"classes":[]},{"id":18789,"url":"https:\/\/comerciallin.com\/index.php\/producto\/tinta-epson-t544320-bottles-l3110l3150-magen\/","url_meta":{"origin":18769,"position":3},"title":"TINTA EPSON T544320 BOTTLES L3110,L3150 MAGEN","date":"7 de noviembre de 2022","format":false,"excerpt":"Botella de Tinta Magenta Epson T544 T544320-AL Capacidad: 65 ml Color: Magenta","rel":"","context":"Entrada similar","img":{"alt_text":"","src":"","width":0,"height":0},"classes":[]},{"id":18795,"url":"https:\/\/comerciallin.com\/index.php\/producto\/tinta-epson-504-bottles-l4150-4160-yellow\/","url_meta":{"origin":18769,"position":4},"title":"TINTA EPSON 504 BOTTLES L4150\/4160 YELLOW","date":"7 de noviembre de 2022","format":false,"excerpt":"La tinta Epson 504 Yellow es una tinta de alta calidad dise\u00f1ada para la impresora Epson L4150 y L4160. Produce texto y gr\u00e1ficos vibrantes y resistentes a la decoloraci\u00f3n.","rel":"","context":"Entrada similar","img":{"alt_text":"","src":"","width":0,"height":0},"classes":[]}],"jetpack_sharing_enabled":true,"jetpack_likes_enabled":true,"_links":{"self":[{"href":"https:\/\/comerciallin.com\/index.php\/wp-json\/wp\/v2\/product\/18769"}],"collection":[{"href":"https:\/\/comerciallin.com\/index.php\/wp-json\/wp\/v2\/product"}],"about":[{"href":"https:\/\/comerciallin.com\/index.php\/wp-json\/wp\/v2\/types\/product"}],"replies":[{"embeddable":true,"href":"https:\/\/comerciallin.com\/index.php\/wp-json\/wp\/v2\/comments?post=18769"}],"wp:featuredmedia":[{"embeddable":true,"href":"https:\/\/comerciallin.com\/index.php\/wp-json\/wp\/v2\/media\/22066"}],"wp:attachment":[{"href":"https:\/\/comerciallin.com\/index.php\/wp-json\/wp\/v2\/media?parent=18769"}],"wp:term":[{"taxonomy":"product_cat","embeddable":true,"href":"https:\/\/comerciallin.com\/index.php\/wp-json\/wp\/v2\/product_cat?post=18769"},{"taxonomy":"product_tag","embeddable":true,"href":"https:\/\/comerciallin.com\/index.php\/wp-json\/wp\/v2\/product_tag?post=18769"}],"curies":[{"name":"wp","href":"https:\/\/api.w.org\/{rel}","templated":true}]}}