{"id":18755,"date":"2022-11-07T13:25:25","date_gmt":"2022-11-07T18:25:25","guid":{"rendered":"https:\/\/comerciallin.com\/index.php\/producto\/switch-hdmi-3-in-1-out-1080p\/"},"modified":"2025-12-26T11:47:03","modified_gmt":"2025-12-26T16:47:03","slug":"switch-hdmi-3-in-1-out-1080p","status":"publish","type":"product","link":"https:\/\/comerciallin.com\/index.php\/producto\/switch-hdmi-3-in-1-out-1080p\/","title":{"rendered":"SWITCH HDMI 3 IN &#8211; 1 OUT 1080P"},"content":{"rendered":"<p>Switch HDMI que permite ampliar por tres la entrada HDMI de tu TV o monitor, de esta forma puedes conectar f\u00c3\u00a1cilmente aparatos con salida HDMI digital (port\u00c3\u00a1tiles, tablets, consolas de videojuegos, etc) sin tener la necesidad de conectar y desconectar cada que lo requieras.<\/p>\n<p> Plug and play (no requiere instalaci\u00c3\u00b3n de drivers\/controladores).<\/p>\n<p> No requiere conexi\u00c3\u00b3n a corriente.<\/p>\n","protected":false},"excerpt":{"rendered":"<p>Referencia SwitchHDMI4K<\/p>\n<p> Entrada: 3 puertos HDMI v1.4b<\/p>\n<p> Salida: 1 Puerto HDMI v1.4b<\/p>\n<p> Formato HDMI: 480p \/ 480i \/ 576p \/ 576i \/ 720p \/ 1080p \/ 1080i \/ 2160p<\/p>\n<p> M\u00c3\u00a1xima resoluci\u00c3\u00b3n soportada: Full Ultra HD 4k \u00e2\u20ac\u201c 2160p@30Hz (4096 \u00c3\u2014 2160 pixels)<\/p>\n<p> Rango de frecuencia: 30\/50\/60MHz<\/p>\n<p> Compatible con 3D: Si<\/p>\n","protected":false},"featured_media":22010,"comment_status":"open","ping_status":"closed","template":"","meta":{"spay_email":""},"product_cat":[789],"product_tag":[],"supplier_id":null,"supplier_sku":"","barcode":null,"atum_controlled":true,"out_stock_date":null,"out_stock_threshold":null,"inheritable":false,"inbound_stock":null,"stock_on_hold":0,"sold_today":0,"sales_last_days":0,"reserved_stock":null,"customer_returns":null,"warehouse_damage":null,"lost_in_post":null,"other_logs":null,"out_stock_days":0,"lost_sales":0,"has_location":null,"update_date":"2026-05-01T00:12:21","atum_locations":[],"atum_stock_status":"instock","restock_status":false,"low_stock_amount":"","sales_update_date":"2026-05-01T00:12:21","calc_backorders":null,"acf":[],"yoast_head":"<!-- This site is optimized with the Yoast SEO Premium plugin v17.4 (Yoast SEO v17.4) - https:\/\/yoast.com\/wordpress\/plugins\/seo\/ -->\n<title>SWITCH HDMI 3 IN - 1 OUT 1080P - tienda de electr\u00f3nica y computaci\u00f3n<\/title>\n<meta name=\"robots\" content=\"index, follow, max-snippet:-1, max-image-preview:large, max-video-preview:-1\" \/>\n<link rel=\"canonical\" href=\"https:\/\/comerciallin.com\/index.php\/producto\/switch-hdmi-3-in-1-out-1080p\/\" \/>\n<meta property=\"og:locale\" content=\"es_ES\" \/>\n<meta property=\"og:type\" content=\"article\" \/>\n<meta property=\"og:title\" content=\"SWITCH HDMI 3 IN - 1 OUT 1080P\" \/>\n<meta property=\"og:description\" content=\"Referencia SwitchHDMI4K  Entrada: 3 puertos HDMI v1.4b  Salida: 1 Puerto HDMI v1.4b  Formato HDMI: 480p \/ 480i \/ 576p \/ 576i \/ 720p \/ 1080p \/ 1080i \/ 2160p  M\u00c3\u00a1xima resoluci\u00c3\u00b3n soportada: Full Ultra HD 4k \u00e2\u20ac\u201c 2160p@30Hz (4096 \u00c3\u2014 2160 pixels)  Rango de frecuencia: 30\/50\/60MHz  Compatible con 3D: Si\" \/>\n<meta property=\"og:url\" content=\"https:\/\/comerciallin.com\/index.php\/producto\/switch-hdmi-3-in-1-out-1080p\/\" \/>\n<meta property=\"og:site_name\" content=\"tienda de electr\u00f3nica y computaci\u00f3n\" \/>\n<meta property=\"article:modified_time\" content=\"2025-12-26T16:47:03+00:00\" \/>\n<meta name=\"twitter:card\" content=\"summary_large_image\" \/>\n<meta name=\"twitter:image\" content=\"https:\/\/i0.wp.com\/comerciallin.com\/wp-content\/uploads\/2023\/02\/2141605012.jpg?fit=%2C&amp;ssl=1\" \/>\n<meta name=\"twitter:label1\" content=\"Precio\" \/>\n\t<meta name=\"twitter:data1\" content=\"&#36;9,20\" \/>\n\t<meta name=\"twitter:label2\" content=\"Availability\" \/>\n\t<meta name=\"twitter:data2\" content=\"In stock\" \/>\n<script type=\"application\/ld+json\" class=\"yoast-schema-graph\">{\"@context\":\"https:\/\/schema.org\",\"@graph\":[{\"@type\":\"WebSite\",\"@id\":\"https:\/\/comerciallin.com\/#website\",\"url\":\"https:\/\/comerciallin.com\/\",\"name\":\"tienda de electr\\u00f3nica y computaci\\u00f3n\",\"description\":\"Importadora de Electr\\u00f3nica y Computaci\\u00f3n\",\"potentialAction\":[{\"@type\":\"SearchAction\",\"target\":{\"@type\":\"EntryPoint\",\"urlTemplate\":\"https:\/\/comerciallin.com\/?s={search_term_string}\"},\"query-input\":\"required name=search_term_string\"}],\"inLanguage\":\"es\"},{\"@type\":\"ImageObject\",\"@id\":\"https:\/\/comerciallin.com\/index.php\/producto\/switch-hdmi-3-in-1-out-1080p\/#primaryimage\",\"inLanguage\":\"es\",\"url\":\"https:\/\/i0.wp.com\/comerciallin.com\/wp-content\/uploads\/2023\/02\/2141605012.jpg?fit=%2C&ssl=1\",\"contentUrl\":\"https:\/\/i0.wp.com\/comerciallin.com\/wp-content\/uploads\/2023\/02\/2141605012.jpg?fit=%2C&ssl=1\",\"caption\":\"SWITCH HDMI 3 IN - 1 OUT 1080P\"},{\"@type\":\"WebPage\",\"@id\":\"https:\/\/comerciallin.com\/index.php\/producto\/switch-hdmi-3-in-1-out-1080p\/#webpage\",\"url\":\"https:\/\/comerciallin.com\/index.php\/producto\/switch-hdmi-3-in-1-out-1080p\/\",\"name\":\"SWITCH HDMI 3 IN - 1 OUT 1080P - tienda de electr\\u00f3nica y computaci\\u00f3n\",\"isPartOf\":{\"@id\":\"https:\/\/comerciallin.com\/#website\"},\"primaryImageOfPage\":{\"@id\":\"https:\/\/comerciallin.com\/index.php\/producto\/switch-hdmi-3-in-1-out-1080p\/#primaryimage\"},\"datePublished\":\"2022-11-07T18:25:25+00:00\",\"dateModified\":\"2025-12-26T16:47:03+00:00\",\"breadcrumb\":{\"@id\":\"https:\/\/comerciallin.com\/index.php\/producto\/switch-hdmi-3-in-1-out-1080p\/#breadcrumb\"},\"inLanguage\":\"es\",\"potentialAction\":[{\"@type\":\"ReadAction\",\"target\":[\"https:\/\/comerciallin.com\/index.php\/producto\/switch-hdmi-3-in-1-out-1080p\/\"]}]},{\"@type\":\"BreadcrumbList\",\"@id\":\"https:\/\/comerciallin.com\/index.php\/producto\/switch-hdmi-3-in-1-out-1080p\/#breadcrumb\",\"itemListElement\":[{\"@type\":\"ListItem\",\"position\":1,\"name\":\"Inicio\",\"item\":\"https:\/\/comerciallin.com\/\"},{\"@type\":\"ListItem\",\"position\":2,\"name\":\"Shop\",\"item\":\"https:\/\/comerciallin.com\/?page_id=3853\"},{\"@type\":\"ListItem\",\"position\":3,\"name\":\"SWITCH HDMI 3 IN &#8211; 1 OUT 1080P\"}]}]}<\/script>\n<meta property=\"product:price:amount\" content=\"9.20\" \/>\n<meta property=\"product:price:currency\" content=\"USD\" \/>\n<meta property=\"og:availability\" content=\"instock\" \/>\n<meta property=\"product:availability\" content=\"instock\" \/>\n<meta property=\"product:retailer_item_id\" content=\"2141605012\" \/>\n<meta property=\"product:condition\" content=\"new\" \/>\n<!-- \/ Yoast SEO Premium plugin. -->","yoast_head_json":{"title":"SWITCH HDMI 3 IN - 1 OUT 1080P - tienda de electr\u00f3nica y computaci\u00f3n","robots":{"index":"index","follow":"follow","max-snippet":"max-snippet:-1","max-image-preview":"max-image-preview:large","max-video-preview":"max-video-preview:-1"},"canonical":"https:\/\/comerciallin.com\/index.php\/producto\/switch-hdmi-3-in-1-out-1080p\/","og_locale":"es_ES","og_type":"article","og_title":"SWITCH HDMI 3 IN - 1 OUT 1080P","og_description":"Referencia SwitchHDMI4K  Entrada: 3 puertos HDMI v1.4b  Salida: 1 Puerto HDMI v1.4b  Formato HDMI: 480p \/ 480i \/ 576p \/ 576i \/ 720p \/ 1080p \/ 1080i \/ 2160p  M\u00c3\u00a1xima resoluci\u00c3\u00b3n soportada: Full Ultra HD 4k \u00e2\u20ac\u201c 2160p@30Hz (4096 \u00c3\u2014 2160 pixels)  Rango de frecuencia: 30\/50\/60MHz  Compatible con 3D: Si","og_url":"https:\/\/comerciallin.com\/index.php\/producto\/switch-hdmi-3-in-1-out-1080p\/","og_site_name":"tienda de electr\u00f3nica y computaci\u00f3n","article_modified_time":"2025-12-26T16:47:03+00:00","twitter_card":"summary_large_image","twitter_image":"https:\/\/i0.wp.com\/comerciallin.com\/wp-content\/uploads\/2023\/02\/2141605012.jpg?fit=%2C&ssl=1","twitter_misc":{"Precio":"&#36;9,20","Availability":"In stock"},"schema":{"@context":"https:\/\/schema.org","@graph":[{"@type":"WebSite","@id":"https:\/\/comerciallin.com\/#website","url":"https:\/\/comerciallin.com\/","name":"tienda de electr\u00f3nica y computaci\u00f3n","description":"Importadora de Electr\u00f3nica y Computaci\u00f3n","potentialAction":[{"@type":"SearchAction","target":{"@type":"EntryPoint","urlTemplate":"https:\/\/comerciallin.com\/?s={search_term_string}"},"query-input":"required name=search_term_string"}],"inLanguage":"es"},{"@type":"ImageObject","@id":"https:\/\/comerciallin.com\/index.php\/producto\/switch-hdmi-3-in-1-out-1080p\/#primaryimage","inLanguage":"es","url":"https:\/\/i0.wp.com\/comerciallin.com\/wp-content\/uploads\/2023\/02\/2141605012.jpg?fit=%2C&ssl=1","contentUrl":"https:\/\/i0.wp.com\/comerciallin.com\/wp-content\/uploads\/2023\/02\/2141605012.jpg?fit=%2C&ssl=1","caption":"SWITCH HDMI 3 IN - 1 OUT 1080P"},{"@type":"WebPage","@id":"https:\/\/comerciallin.com\/index.php\/producto\/switch-hdmi-3-in-1-out-1080p\/#webpage","url":"https:\/\/comerciallin.com\/index.php\/producto\/switch-hdmi-3-in-1-out-1080p\/","name":"SWITCH HDMI 3 IN - 1 OUT 1080P - tienda de electr\u00f3nica y computaci\u00f3n","isPartOf":{"@id":"https:\/\/comerciallin.com\/#website"},"primaryImageOfPage":{"@id":"https:\/\/comerciallin.com\/index.php\/producto\/switch-hdmi-3-in-1-out-1080p\/#primaryimage"},"datePublished":"2022-11-07T18:25:25+00:00","dateModified":"2025-12-26T16:47:03+00:00","breadcrumb":{"@id":"https:\/\/comerciallin.com\/index.php\/producto\/switch-hdmi-3-in-1-out-1080p\/#breadcrumb"},"inLanguage":"es","potentialAction":[{"@type":"ReadAction","target":["https:\/\/comerciallin.com\/index.php\/producto\/switch-hdmi-3-in-1-out-1080p\/"]}]},{"@type":"BreadcrumbList","@id":"https:\/\/comerciallin.com\/index.php\/producto\/switch-hdmi-3-in-1-out-1080p\/#breadcrumb","itemListElement":[{"@type":"ListItem","position":1,"name":"Inicio","item":"https:\/\/comerciallin.com\/"},{"@type":"ListItem","position":2,"name":"Shop","item":"https:\/\/comerciallin.com\/?page_id=3853"},{"@type":"ListItem","position":3,"name":"SWITCH HDMI 3 IN &#8211; 1 OUT 1080P"}]}]},"product_price_amount":"9.20","product_price_currency":"USD","og_availability":"instock","product_availability":"instock","product_retailer_item_id":"2141605012","product_condition":"new"},"jetpack-related-posts":[{"id":19569,"url":"https:\/\/comerciallin.com\/index.php\/producto\/spliter-hdmi-1x8-puerto-3d-1080p\/","url_meta":{"origin":18755,"position":0},"title":"SPLITER HDMI 1X8 PUERTO 3D 1080P","date":"7 de noviembre de 2022","format":false,"excerpt":"SPLITTER AMPLIFICADOR MULTIPLICADOR HDMI DE 1 ENTRADA A 8 SALIDAS 3D FULL HD 1080P","rel":"","context":"Entrada similar","img":{"alt_text":"","src":"","width":0,"height":0},"classes":[]},{"id":22485,"url":"https:\/\/comerciallin.com\/index.php\/producto\/union-hdmi-hdmi-hembra\/","url_meta":{"origin":18755,"position":1},"title":"UNION HDMI &#8211; HDMI HEMBRA","date":"19 de abril de 2023","format":false,"excerpt":"El acoplador HDMI, conecta 2 cables de Alta Definici\u00f3n para un obtener un cable m\u00e1s largo. Transmite se\u00f1ales de video de alta definici\u00f3n 1080P.","rel":"","context":"Entrada similar","img":{"alt_text":"UNION HDMI - HDMI HEMBRA","src":"https:\/\/i0.wp.com\/comerciallin.com\/wp-content\/uploads\/2023\/11\/373030130201.jpg?fit=1200%2C1200&ssl=1&resize=350%2C200","width":350,"height":200},"classes":[]},{"id":18961,"url":"https:\/\/comerciallin.com\/index.php\/producto\/capturadora-de-video\/","url_meta":{"origin":18755,"position":2},"title":"CAPTURADORA DE VIDEO","date":"7 de noviembre de 2022","format":false,"excerpt":"Tarjeta de captura de video, HDMI a USB 2.0 de alta definici\u00c3\u00b3n 1080p 30 fps, grabe directamente en la computadora para juegos, transmisi\u00c3\u00b3n, ense\u00c3\u00b1anza, videoconferencia o transmisi\u00c3\u00b3n en vivo - Negro","rel":"","context":"Entrada similar","img":{"alt_text":"","src":"","width":0,"height":0},"classes":[]},{"id":25842,"url":"https:\/\/comerciallin.com\/index.php\/producto\/adaptador-hdmi-vga-con-audio-2\/","url_meta":{"origin":18755,"position":3},"title":"ADAPTADOR HDMI A VGA \/ CON AUDIO","date":"17 de noviembre de 2023","format":false,"excerpt":"\u00a1Conecta tu dispositivo HDMI a cualquier pantalla VGA! \u00bfTienes un dispositivo con salida HDMI pero tu pantalla solo tiene entrada VGA? \u00a1No te preocupes, tenemos la soluci\u00f3n! Nuestro convertidor HDMI a VGA es la opci\u00f3n perfecta para ti. Es f\u00e1cil de usar y te permite conectar tu dispositivo HDMI a\u2026","rel":"","context":"Entrada similar","img":{"alt_text":"","src":"","width":0,"height":0},"classes":[]},{"id":25846,"url":"https:\/\/comerciallin.com\/index.php\/producto\/spliter-hdmi-1-x-4\/","url_meta":{"origin":18755,"position":4},"title":"SPLITER HDMI &#8211; 1 X 4","date":"17 de noviembre de 2023","format":false,"excerpt":"\u00bfQuieres compartir 4 pantallas a la vez? \u00a1Este splitter HDMI 1x4 es la soluci\u00f3n perfecta! Con este splitter, podr\u00e1s conectar hasta cuatro pantallas a una sola fuente HDMI. Ideal para presentaciones, juegos y entretenimiento en casa. El splitter est\u00e1 hecho de materiales de alta calidad y est\u00e1 dise\u00f1ado para durar.\u2026","rel":"","context":"Entrada similar","img":{"alt_text":"","src":"","width":0,"height":0},"classes":[]},{"id":19722,"url":"https:\/\/comerciallin.com\/index.php\/producto\/adapter-tipo-c-to-usb-hdmi\/","url_meta":{"origin":18755,"position":5},"title":"ADAPTER TIPO C TO USB -HDMI","date":"8 de noviembre de 2022","format":false,"excerpt":"Adaptador USB C HDMI, USB tipo C Hub a puerto Hdmi 4 K USB 3,0 con entrega de energ\u00eda USB C","rel":"","context":"Entrada similar","img":{"alt_text":"ADAPTER TIPO C TO USB -HDMI","src":"https:\/\/i0.wp.com\/comerciallin.com\/wp-content\/uploads\/2023\/02\/099030100109.jpg?fit=992%2C744&ssl=1&resize=350%2C200","width":350,"height":200},"classes":[]}],"jetpack_sharing_enabled":true,"jetpack_likes_enabled":true,"_links":{"self":[{"href":"https:\/\/comerciallin.com\/index.php\/wp-json\/wp\/v2\/product\/18755"}],"collection":[{"href":"https:\/\/comerciallin.com\/index.php\/wp-json\/wp\/v2\/product"}],"about":[{"href":"https:\/\/comerciallin.com\/index.php\/wp-json\/wp\/v2\/types\/product"}],"replies":[{"embeddable":true,"href":"https:\/\/comerciallin.com\/index.php\/wp-json\/wp\/v2\/comments?post=18755"}],"wp:featuredmedia":[{"embeddable":true,"href":"https:\/\/comerciallin.com\/index.php\/wp-json\/wp\/v2\/media\/22010"}],"wp:attachment":[{"href":"https:\/\/comerciallin.com\/index.php\/wp-json\/wp\/v2\/media?parent=18755"}],"wp:term":[{"taxonomy":"product_cat","embeddable":true,"href":"https:\/\/comerciallin.com\/index.php\/wp-json\/wp\/v2\/product_cat?post=18755"},{"taxonomy":"product_tag","embeddable":true,"href":"https:\/\/comerciallin.com\/index.php\/wp-json\/wp\/v2\/product_tag?post=18755"}],"curies":[{"name":"wp","href":"https:\/\/api.w.org\/{rel}","templated":true}]}}