{"id":18753,"date":"2022-11-07T13:25:25","date_gmt":"2022-11-07T18:25:25","guid":{"rendered":"https:\/\/comerciallin.com\/index.php\/producto\/cable-impresora-5mt-usb\/"},"modified":"2025-12-26T11:46:32","modified_gmt":"2025-12-26T16:46:32","slug":"cable-impresora-5mt-usb","status":"publish","type":"product","link":"https:\/\/comerciallin.com\/index.php\/producto\/cable-impresora-5mt-usb\/","title":{"rendered":"CABLE IMPRESORA 5MT USB"},"content":{"rendered":"<ul>\n<li>USB 2.0 de alta velocidad hasta 480 Mbits\/s<\/li>\n<li>Aislamiento transparente hasta 30V<\/li>\n<li>Conector tipo A macho a conector tipo B macho<\/li>\n<li>Longitud: 5MT<\/li>\n<\/ul>\n","protected":false},"excerpt":{"rendered":"<ul>\n<li>USB 2.0 de alta velocidad hasta 480 Mbits\/s<\/li>\n<li>Aislamiento transparente hasta 30V<\/li>\n<li>Conector tipo A macho a conector tipo B macho<\/li>\n<li>Longitud: 5MT<\/li>\n<\/ul>\n","protected":false},"featured_media":21719,"comment_status":"open","ping_status":"closed","template":"","meta":{"spay_email":""},"product_cat":[789],"product_tag":[],"supplier_id":null,"supplier_sku":"","barcode":null,"atum_controlled":true,"out_stock_date":null,"out_stock_threshold":null,"inheritable":false,"inbound_stock":0,"stock_on_hold":0,"sold_today":0,"sales_last_days":0,"reserved_stock":0,"customer_returns":0,"warehouse_damage":0,"lost_in_post":0,"other_logs":0,"out_stock_days":0,"lost_sales":0,"has_location":false,"update_date":"2026-05-01T00:12:26","atum_locations":[],"atum_stock_status":"instock","restock_status":false,"low_stock_amount":"","sales_update_date":"2026-05-01T00:12:26","calc_backorders":null,"acf":[],"yoast_head":"<!-- This site is optimized with the Yoast SEO Premium plugin v17.4 (Yoast SEO v17.4) - https:\/\/yoast.com\/wordpress\/plugins\/seo\/ -->\n<title>CABLE IMPRESORA 5MT USB - tienda de electr\u00f3nica y computaci\u00f3n<\/title>\n<meta name=\"robots\" content=\"index, follow, max-snippet:-1, max-image-preview:large, max-video-preview:-1\" \/>\n<link rel=\"canonical\" href=\"https:\/\/comerciallin.com\/index.php\/producto\/cable-impresora-5mt-usb\/\" \/>\n<meta property=\"og:locale\" content=\"es_ES\" \/>\n<meta property=\"og:type\" content=\"article\" \/>\n<meta property=\"og:title\" content=\"CABLE IMPRESORA 5MT USB\" \/>\n<meta property=\"og:description\" content=\"USB 2.0 de alta velocidad hasta 480 Mbits\/s Aislamiento transparente hasta 30V Conector tipo A macho a conector tipo B macho Longitud: 5MT\" \/>\n<meta property=\"og:url\" content=\"https:\/\/comerciallin.com\/index.php\/producto\/cable-impresora-5mt-usb\/\" \/>\n<meta property=\"og:site_name\" content=\"tienda de electr\u00f3nica y computaci\u00f3n\" \/>\n<meta property=\"article:modified_time\" content=\"2025-12-26T16:46:32+00:00\" \/>\n<meta property=\"og:image\" content=\"https:\/\/comerciallin.com\/wp-content\/uploads\/2023\/02\/214030100101.jpg\" \/>\n\t<meta property=\"og:image:width\" content=\"992\" \/>\n\t<meta property=\"og:image:height\" content=\"744\" \/>\n<meta name=\"twitter:card\" content=\"summary_large_image\" \/>\n<meta name=\"twitter:label1\" content=\"Precio\" \/>\n\t<meta name=\"twitter:data1\" content=\"&#36;11,50\" \/>\n\t<meta name=\"twitter:label2\" content=\"Availability\" \/>\n\t<meta name=\"twitter:data2\" content=\"In stock\" \/>\n<script type=\"application\/ld+json\" class=\"yoast-schema-graph\">{\"@context\":\"https:\/\/schema.org\",\"@graph\":[{\"@type\":\"WebSite\",\"@id\":\"https:\/\/comerciallin.com\/#website\",\"url\":\"https:\/\/comerciallin.com\/\",\"name\":\"tienda de electr\\u00f3nica y computaci\\u00f3n\",\"description\":\"Importadora de Electr\\u00f3nica y Computaci\\u00f3n\",\"potentialAction\":[{\"@type\":\"SearchAction\",\"target\":{\"@type\":\"EntryPoint\",\"urlTemplate\":\"https:\/\/comerciallin.com\/?s={search_term_string}\"},\"query-input\":\"required name=search_term_string\"}],\"inLanguage\":\"es\"},{\"@type\":\"ImageObject\",\"@id\":\"https:\/\/comerciallin.com\/index.php\/producto\/cable-impresora-5mt-usb\/#primaryimage\",\"inLanguage\":\"es\",\"url\":\"https:\/\/i0.wp.com\/comerciallin.com\/wp-content\/uploads\/2023\/02\/214030100101.jpg?fit=992%2C744&ssl=1\",\"contentUrl\":\"https:\/\/i0.wp.com\/comerciallin.com\/wp-content\/uploads\/2023\/02\/214030100101.jpg?fit=992%2C744&ssl=1\",\"width\":992,\"height\":744,\"caption\":\"CABLE IMPRESORA 5MT USB\"},{\"@type\":\"WebPage\",\"@id\":\"https:\/\/comerciallin.com\/index.php\/producto\/cable-impresora-5mt-usb\/#webpage\",\"url\":\"https:\/\/comerciallin.com\/index.php\/producto\/cable-impresora-5mt-usb\/\",\"name\":\"CABLE IMPRESORA 5MT USB - tienda de electr\\u00f3nica y computaci\\u00f3n\",\"isPartOf\":{\"@id\":\"https:\/\/comerciallin.com\/#website\"},\"primaryImageOfPage\":{\"@id\":\"https:\/\/comerciallin.com\/index.php\/producto\/cable-impresora-5mt-usb\/#primaryimage\"},\"datePublished\":\"2022-11-07T18:25:25+00:00\",\"dateModified\":\"2025-12-26T16:46:32+00:00\",\"breadcrumb\":{\"@id\":\"https:\/\/comerciallin.com\/index.php\/producto\/cable-impresora-5mt-usb\/#breadcrumb\"},\"inLanguage\":\"es\",\"potentialAction\":[{\"@type\":\"ReadAction\",\"target\":[\"https:\/\/comerciallin.com\/index.php\/producto\/cable-impresora-5mt-usb\/\"]}]},{\"@type\":\"BreadcrumbList\",\"@id\":\"https:\/\/comerciallin.com\/index.php\/producto\/cable-impresora-5mt-usb\/#breadcrumb\",\"itemListElement\":[{\"@type\":\"ListItem\",\"position\":1,\"name\":\"Inicio\",\"item\":\"https:\/\/comerciallin.com\/\"},{\"@type\":\"ListItem\",\"position\":2,\"name\":\"Shop\",\"item\":\"https:\/\/comerciallin.com\/?page_id=3853\"},{\"@type\":\"ListItem\",\"position\":3,\"name\":\"CABLE IMPRESORA 5MT USB\"}]}]}<\/script>\n<meta property=\"product:price:amount\" content=\"11.50\" \/>\n<meta property=\"product:price:currency\" content=\"USD\" \/>\n<meta property=\"og:availability\" content=\"instock\" \/>\n<meta property=\"product:availability\" content=\"instock\" \/>\n<meta property=\"product:retailer_item_id\" content=\"214030100101\" \/>\n<meta property=\"product:condition\" content=\"new\" \/>\n<!-- \/ Yoast SEO Premium plugin. -->","yoast_head_json":{"title":"CABLE IMPRESORA 5MT USB - tienda de electr\u00f3nica y computaci\u00f3n","robots":{"index":"index","follow":"follow","max-snippet":"max-snippet:-1","max-image-preview":"max-image-preview:large","max-video-preview":"max-video-preview:-1"},"canonical":"https:\/\/comerciallin.com\/index.php\/producto\/cable-impresora-5mt-usb\/","og_locale":"es_ES","og_type":"article","og_title":"CABLE IMPRESORA 5MT USB","og_description":"USB 2.0 de alta velocidad hasta 480 Mbits\/s Aislamiento transparente hasta 30V Conector tipo A macho a conector tipo B macho Longitud: 5MT","og_url":"https:\/\/comerciallin.com\/index.php\/producto\/cable-impresora-5mt-usb\/","og_site_name":"tienda de electr\u00f3nica y computaci\u00f3n","article_modified_time":"2025-12-26T16:46:32+00:00","og_image":[{"width":992,"height":744,"url":"https:\/\/comerciallin.com\/wp-content\/uploads\/2023\/02\/214030100101.jpg","type":"image\/jpeg"}],"twitter_card":"summary_large_image","twitter_misc":{"Precio":"&#36;11,50","Availability":"In stock"},"schema":{"@context":"https:\/\/schema.org","@graph":[{"@type":"WebSite","@id":"https:\/\/comerciallin.com\/#website","url":"https:\/\/comerciallin.com\/","name":"tienda de electr\u00f3nica y computaci\u00f3n","description":"Importadora de Electr\u00f3nica y Computaci\u00f3n","potentialAction":[{"@type":"SearchAction","target":{"@type":"EntryPoint","urlTemplate":"https:\/\/comerciallin.com\/?s={search_term_string}"},"query-input":"required name=search_term_string"}],"inLanguage":"es"},{"@type":"ImageObject","@id":"https:\/\/comerciallin.com\/index.php\/producto\/cable-impresora-5mt-usb\/#primaryimage","inLanguage":"es","url":"https:\/\/i0.wp.com\/comerciallin.com\/wp-content\/uploads\/2023\/02\/214030100101.jpg?fit=992%2C744&ssl=1","contentUrl":"https:\/\/i0.wp.com\/comerciallin.com\/wp-content\/uploads\/2023\/02\/214030100101.jpg?fit=992%2C744&ssl=1","width":992,"height":744,"caption":"CABLE IMPRESORA 5MT USB"},{"@type":"WebPage","@id":"https:\/\/comerciallin.com\/index.php\/producto\/cable-impresora-5mt-usb\/#webpage","url":"https:\/\/comerciallin.com\/index.php\/producto\/cable-impresora-5mt-usb\/","name":"CABLE IMPRESORA 5MT USB - tienda de electr\u00f3nica y computaci\u00f3n","isPartOf":{"@id":"https:\/\/comerciallin.com\/#website"},"primaryImageOfPage":{"@id":"https:\/\/comerciallin.com\/index.php\/producto\/cable-impresora-5mt-usb\/#primaryimage"},"datePublished":"2022-11-07T18:25:25+00:00","dateModified":"2025-12-26T16:46:32+00:00","breadcrumb":{"@id":"https:\/\/comerciallin.com\/index.php\/producto\/cable-impresora-5mt-usb\/#breadcrumb"},"inLanguage":"es","potentialAction":[{"@type":"ReadAction","target":["https:\/\/comerciallin.com\/index.php\/producto\/cable-impresora-5mt-usb\/"]}]},{"@type":"BreadcrumbList","@id":"https:\/\/comerciallin.com\/index.php\/producto\/cable-impresora-5mt-usb\/#breadcrumb","itemListElement":[{"@type":"ListItem","position":1,"name":"Inicio","item":"https:\/\/comerciallin.com\/"},{"@type":"ListItem","position":2,"name":"Shop","item":"https:\/\/comerciallin.com\/?page_id=3853"},{"@type":"ListItem","position":3,"name":"CABLE IMPRESORA 5MT USB"}]}]},"product_price_amount":"11.50","product_price_currency":"USD","og_availability":"instock","product_availability":"instock","product_retailer_item_id":"214030100101","product_condition":"new"},"jetpack-related-posts":[{"id":18706,"url":"https:\/\/comerciallin.com\/index.php\/producto\/cable-sata-datos\/","url_meta":{"origin":18753,"position":0},"title":"CABLE SATA DATOS","date":"7 de noviembre de 2022","format":false,"excerpt":"Cable de datos para disco duro de Laptop | Pc |entre otros","rel":"","context":"Entrada similar","img":{"alt_text":"","src":"","width":0,"height":0},"classes":[]},{"id":19647,"url":"https:\/\/comerciallin.com\/index.php\/producto\/cable-extension-de-fuente-pooder-4pin\/","url_meta":{"origin":18753,"position":1},"title":"CABLE EXTENSION DE FUENTE POODER 4PIN","date":"7 de noviembre de 2022","format":false,"excerpt":"ATX de 4 pines macho a hembra adaptador 20cm 4 Pin de extensi\u00f3n de energ\u00eda de la CPU de 4 pines Hembra PC Cable conector de alimentaci\u00f3n","rel":"","context":"Entrada similar","img":{"alt_text":"","src":"","width":0,"height":0},"classes":[]},{"id":18712,"url":"https:\/\/comerciallin.com\/index.php\/producto\/cable-vga-1-8m\/","url_meta":{"origin":18753,"position":2},"title":"CABLE VGA 1.8M","date":"7 de noviembre de 2022","format":false,"excerpt":"Blindaje de cable Papel de aluminio mylar Insulation Material Polietileno de Alta Densidad (HDPE) Material del forro del cable Cloruro de polivinilo (PVC) G\u00e9nero del conector 1 Macho Conector 2 VGA (D-Sub) G\u00e9nero del conector 2 Macho Factor de forma de conector 1 Derecho Conector 1 VGA (D-Sub) Material del\u2026","rel":"","context":"Entrada similar","img":{"alt_text":"","src":"","width":0,"height":0},"classes":[]},{"id":18708,"url":"https:\/\/comerciallin.com\/index.php\/producto\/cable-poder-1-5mt\/","url_meta":{"origin":18753,"position":3},"title":"CABLE PODER 1.5MT","date":"7 de noviembre de 2022","format":false,"excerpt":"Cable Poder Para:\u00a0Pc, Monitores, Cargadores, Impresoras Y Otros que tengan el mismo conector. Cable De Poder:\u00a0Pesado, Grueso, de Buena Calidad, Durable.","rel":"","context":"Entrada similar","img":{"alt_text":"CABLE PODER 1.5MT","src":"https:\/\/i0.wp.com\/comerciallin.com\/wp-content\/uploads\/2023\/02\/cablepoder3.jpg?fit=500%2C500&ssl=1&resize=350%2C200","width":350,"height":200},"classes":[]},{"id":18731,"url":"https:\/\/comerciallin.com\/index.php\/producto\/cable-impresora-3mt-usb\/","url_meta":{"origin":18753,"position":4},"title":"CABLE IMPRESORA 3MT USB","date":"7 de noviembre de 2022","format":false,"excerpt":"Conectividad: Conectan con facilidad perif\u00e9ricos\u00a0Metros: 3 MetrosVelocidad USB: USB 2.0 de Alta VelocidadColor: TranslucidoDetalles: Util y facil uso","rel":"","context":"Entrada similar","img":{"alt_text":"CABLE IMPRESORA 3MT USB","src":"https:\/\/i0.wp.com\/comerciallin.com\/wp-content\/uploads\/2023\/02\/214030120601.jpg?fit=992%2C744&ssl=1&resize=350%2C200","width":350,"height":200},"classes":[]},{"id":18738,"url":"https:\/\/comerciallin.com\/index.php\/producto\/cargador-telefono-5v2-4a-usb-i25-v8-androide\/","url_meta":{"origin":18753,"position":5},"title":"CARGADOR TELEFONO 5V2.4A USB I25 V8 ANDROIDE","date":"7 de noviembre de 2022","format":false,"excerpt":"Dise\u00c3\u00b1o de doble USB, compatible con la carga de dos dispositivos al mismo tiempo Cargador dual USB modelo i25 Modelo exclusivo de alta gama Protecci\u00c3\u00b3n contra cortocircuitos Compatible con todos los tel\u00c3\u00a9fonos m\u00c3\u00b3viles y dispositivos m\u00c3\u00b3viles del mercado Incluye cable de datos totalmente compatible, la longitud del cable es de\u2026","rel":"","context":"Entrada similar","img":{"alt_text":"","src":"","width":0,"height":0},"classes":[]}],"jetpack_sharing_enabled":true,"jetpack_likes_enabled":true,"_links":{"self":[{"href":"https:\/\/comerciallin.com\/index.php\/wp-json\/wp\/v2\/product\/18753"}],"collection":[{"href":"https:\/\/comerciallin.com\/index.php\/wp-json\/wp\/v2\/product"}],"about":[{"href":"https:\/\/comerciallin.com\/index.php\/wp-json\/wp\/v2\/types\/product"}],"replies":[{"embeddable":true,"href":"https:\/\/comerciallin.com\/index.php\/wp-json\/wp\/v2\/comments?post=18753"}],"wp:featuredmedia":[{"embeddable":true,"href":"https:\/\/comerciallin.com\/index.php\/wp-json\/wp\/v2\/media\/21719"}],"wp:attachment":[{"href":"https:\/\/comerciallin.com\/index.php\/wp-json\/wp\/v2\/media?parent=18753"}],"wp:term":[{"taxonomy":"product_cat","embeddable":true,"href":"https:\/\/comerciallin.com\/index.php\/wp-json\/wp\/v2\/product_cat?post=18753"},{"taxonomy":"product_tag","embeddable":true,"href":"https:\/\/comerciallin.com\/index.php\/wp-json\/wp\/v2\/product_tag?post=18753"}],"curies":[{"name":"wp","href":"https:\/\/api.w.org\/{rel}","templated":true}]}}