{"id":18744,"date":"2022-11-07T13:25:24","date_gmt":"2022-11-07T18:25:24","guid":{"rendered":"https:\/\/comerciallin.com\/index.php\/producto\/cargador-telefono-40w-5v3-6a-i17-iphone\/"},"modified":"2025-12-26T11:46:09","modified_gmt":"2025-12-26T16:46:09","slug":"cargador-telefono-40w-5v3-6a-i17-iphone","status":"publish","type":"product","link":"https:\/\/comerciallin.com\/index.php\/producto\/cargador-telefono-40w-5v3-6a-i17-iphone\/","title":{"rendered":"CARGADOR TELEFONO 40W 5V3.6A I17 IPHONE"},"content":{"rendered":"<ul>\n<li><span>Cargador i17 40W totalmente compatible <\/span><\/li>\n<li><span>Modelo privado exclusivo de alta gama <\/span><\/li>\n<li><span>Protecci&oacute;n compuesta siete veces mayor, chip de identificaci&oacute;n inteligente integrado con funci&oacute;n de apagado autom&Atilde;&iexcl;tico cuando est&aacute; completamente cargado <\/span><\/li>\n<li><span>Totalmente compatible: carga r&aacute;pida, carga flash, carga s&uacute;per r&aacute;pida, VOOC, carga flash de doble motor, etc . <\/span><\/li>\n<li><span>Soporte m&aacute;ximo de carga de energ&iacute;&shy;a de 40 W; identificaci&oacute;n autom&aacute;tica IC <\/span><\/li>\n<li><span>Utilice material ign&aacute;fugo para PC respetuoso con el medio ambiente, resistencia a la temperatura y a las ca&iacute;das <\/span><\/li>\n<li><span>Carga s&uacute;per r&aacute;pida 6A, cable est&aacute;ndar a largo plazo de 1000 MM, cobre est&aacute;ndar nacional 168 <\/span><\/li>\n<li><span>Di&aacute;metro del cable OD3.8, interfaz violeta de alta corriente.<\/span><\/li>\n<\/ul>\n","protected":false},"excerpt":{"rendered":"<p>Modelo exclusivo de alta gama<\/p>\n<ul>\n<li>Chip de identificaci&oacute;n inteligente integrado con funci&oacute;n de apagado autom&aacute;tico cuando est&aacute; completamente cargado<\/li>\n<li>Protecci&oacute;n contra cortocircuitos<\/li>\n<li>Soporte m&aacute;ximo de carga de energ&iacute;a de 40 W; identificaci&oacute;n autom&Atilde;&iexcl;tica IC<\/li>\n<li>Incluye cable de datos totalmente compatible, la longitud del cable es de 1 metro<\/li>\n<\/ul>\n","protected":false},"featured_media":21812,"comment_status":"open","ping_status":"closed","template":"","meta":{"spay_email":""},"product_cat":[789],"product_tag":[],"supplier_id":null,"supplier_sku":"","barcode":null,"atum_controlled":true,"out_stock_date":null,"out_stock_threshold":null,"inheritable":false,"inbound_stock":null,"stock_on_hold":0,"sold_today":0,"sales_last_days":0,"reserved_stock":null,"customer_returns":null,"warehouse_damage":null,"lost_in_post":null,"other_logs":null,"out_stock_days":0,"lost_sales":0,"has_location":null,"update_date":"2026-04-28T00:11:19","atum_locations":[],"atum_stock_status":"instock","restock_status":false,"low_stock_amount":"","sales_update_date":"2026-04-28T00:11:19","calc_backorders":null,"acf":[],"yoast_head":"<!-- This site is optimized with the Yoast SEO Premium plugin v17.4 (Yoast SEO v17.4) - https:\/\/yoast.com\/wordpress\/plugins\/seo\/ -->\n<title>CARGADOR TELEFONO 40W 5V3.6A I17 IPHONE - tienda de electr\u00f3nica y computaci\u00f3n<\/title>\n<meta name=\"robots\" content=\"index, follow, max-snippet:-1, max-image-preview:large, max-video-preview:-1\" \/>\n<link rel=\"canonical\" href=\"https:\/\/comerciallin.com\/index.php\/producto\/cargador-telefono-40w-5v3-6a-i17-iphone\/\" \/>\n<meta property=\"og:locale\" content=\"es_ES\" \/>\n<meta property=\"og:type\" content=\"article\" \/>\n<meta property=\"og:title\" content=\"CARGADOR TELEFONO 40W 5V3.6A I17 IPHONE\" \/>\n<meta property=\"og:description\" content=\"Modelo exclusivo de alta gama  Chip de identificaci&oacute;n inteligente integrado con funci&oacute;n de apagado autom&aacute;tico cuando est&aacute; completamente cargado Protecci&oacute;n contra cortocircuitos Soporte m&aacute;ximo de carga de energ&iacute;a de 40 W; identificaci&oacute;n autom&Atilde;&iexcl;tica IC Incluye cable de datos totalmente compatible, la longitud del cable es de 1 metro\" \/>\n<meta property=\"og:url\" content=\"https:\/\/comerciallin.com\/index.php\/producto\/cargador-telefono-40w-5v3-6a-i17-iphone\/\" \/>\n<meta property=\"og:site_name\" content=\"tienda de electr\u00f3nica y computaci\u00f3n\" \/>\n<meta property=\"article:modified_time\" content=\"2025-12-26T16:46:09+00:00\" \/>\n<meta name=\"twitter:card\" content=\"summary_large_image\" \/>\n<meta name=\"twitter:image\" content=\"https:\/\/i0.wp.com\/comerciallin.com\/wp-content\/uploads\/2023\/02\/i7cargador_pw5.jpg?fit=%2C&amp;ssl=1\" \/>\n<meta name=\"twitter:label1\" content=\"Precio\" \/>\n\t<meta name=\"twitter:data1\" content=\"&#36;6,90\" \/>\n\t<meta name=\"twitter:label2\" content=\"Availability\" \/>\n\t<meta name=\"twitter:data2\" content=\"In stock\" \/>\n<script type=\"application\/ld+json\" class=\"yoast-schema-graph\">{\"@context\":\"https:\/\/schema.org\",\"@graph\":[{\"@type\":\"WebSite\",\"@id\":\"https:\/\/comerciallin.com\/#website\",\"url\":\"https:\/\/comerciallin.com\/\",\"name\":\"tienda de electr\\u00f3nica y computaci\\u00f3n\",\"description\":\"Importadora de Electr\\u00f3nica y Computaci\\u00f3n\",\"potentialAction\":[{\"@type\":\"SearchAction\",\"target\":{\"@type\":\"EntryPoint\",\"urlTemplate\":\"https:\/\/comerciallin.com\/?s={search_term_string}\"},\"query-input\":\"required name=search_term_string\"}],\"inLanguage\":\"es\"},{\"@type\":\"ImageObject\",\"@id\":\"https:\/\/comerciallin.com\/index.php\/producto\/cargador-telefono-40w-5v3-6a-i17-iphone\/#primaryimage\",\"inLanguage\":\"es\",\"url\":\"https:\/\/i0.wp.com\/comerciallin.com\/wp-content\/uploads\/2023\/02\/i7cargador_pw5.jpg?fit=%2C&ssl=1\",\"contentUrl\":\"https:\/\/i0.wp.com\/comerciallin.com\/wp-content\/uploads\/2023\/02\/i7cargador_pw5.jpg?fit=%2C&ssl=1\",\"caption\":\"CARGADOR TELEFONO 40W 5V3.6A I17 IPHONE\"},{\"@type\":\"WebPage\",\"@id\":\"https:\/\/comerciallin.com\/index.php\/producto\/cargador-telefono-40w-5v3-6a-i17-iphone\/#webpage\",\"url\":\"https:\/\/comerciallin.com\/index.php\/producto\/cargador-telefono-40w-5v3-6a-i17-iphone\/\",\"name\":\"CARGADOR TELEFONO 40W 5V3.6A I17 IPHONE - tienda de electr\\u00f3nica y computaci\\u00f3n\",\"isPartOf\":{\"@id\":\"https:\/\/comerciallin.com\/#website\"},\"primaryImageOfPage\":{\"@id\":\"https:\/\/comerciallin.com\/index.php\/producto\/cargador-telefono-40w-5v3-6a-i17-iphone\/#primaryimage\"},\"datePublished\":\"2022-11-07T18:25:24+00:00\",\"dateModified\":\"2025-12-26T16:46:09+00:00\",\"breadcrumb\":{\"@id\":\"https:\/\/comerciallin.com\/index.php\/producto\/cargador-telefono-40w-5v3-6a-i17-iphone\/#breadcrumb\"},\"inLanguage\":\"es\",\"potentialAction\":[{\"@type\":\"ReadAction\",\"target\":[\"https:\/\/comerciallin.com\/index.php\/producto\/cargador-telefono-40w-5v3-6a-i17-iphone\/\"]}]},{\"@type\":\"BreadcrumbList\",\"@id\":\"https:\/\/comerciallin.com\/index.php\/producto\/cargador-telefono-40w-5v3-6a-i17-iphone\/#breadcrumb\",\"itemListElement\":[{\"@type\":\"ListItem\",\"position\":1,\"name\":\"Inicio\",\"item\":\"https:\/\/comerciallin.com\/\"},{\"@type\":\"ListItem\",\"position\":2,\"name\":\"Shop\",\"item\":\"https:\/\/comerciallin.com\/?page_id=3853\"},{\"@type\":\"ListItem\",\"position\":3,\"name\":\"CARGADOR TELEFONO 40W 5V3.6A I17 IPHONE\"}]}]}<\/script>\n<meta property=\"product:price:amount\" content=\"6.90\" \/>\n<meta property=\"product:price:currency\" content=\"USD\" \/>\n<meta property=\"og:availability\" content=\"instock\" \/>\n<meta property=\"product:availability\" content=\"instock\" \/>\n<meta property=\"product:retailer_item_id\" content=\"579060110504\" \/>\n<meta property=\"product:condition\" content=\"new\" \/>\n<!-- \/ Yoast SEO Premium plugin. -->","yoast_head_json":{"title":"CARGADOR TELEFONO 40W 5V3.6A I17 IPHONE - tienda de electr\u00f3nica y computaci\u00f3n","robots":{"index":"index","follow":"follow","max-snippet":"max-snippet:-1","max-image-preview":"max-image-preview:large","max-video-preview":"max-video-preview:-1"},"canonical":"https:\/\/comerciallin.com\/index.php\/producto\/cargador-telefono-40w-5v3-6a-i17-iphone\/","og_locale":"es_ES","og_type":"article","og_title":"CARGADOR TELEFONO 40W 5V3.6A I17 IPHONE","og_description":"Modelo exclusivo de alta gama  Chip de identificaci&oacute;n inteligente integrado con funci&oacute;n de apagado autom&aacute;tico cuando est&aacute; completamente cargado Protecci&oacute;n contra cortocircuitos Soporte m&aacute;ximo de carga de energ&iacute;a de 40 W; identificaci&oacute;n autom&Atilde;&iexcl;tica IC Incluye cable de datos totalmente compatible, la longitud del cable es de 1 metro","og_url":"https:\/\/comerciallin.com\/index.php\/producto\/cargador-telefono-40w-5v3-6a-i17-iphone\/","og_site_name":"tienda de electr\u00f3nica y computaci\u00f3n","article_modified_time":"2025-12-26T16:46:09+00:00","twitter_card":"summary_large_image","twitter_image":"https:\/\/i0.wp.com\/comerciallin.com\/wp-content\/uploads\/2023\/02\/i7cargador_pw5.jpg?fit=%2C&ssl=1","twitter_misc":{"Precio":"&#36;6,90","Availability":"In stock"},"schema":{"@context":"https:\/\/schema.org","@graph":[{"@type":"WebSite","@id":"https:\/\/comerciallin.com\/#website","url":"https:\/\/comerciallin.com\/","name":"tienda de electr\u00f3nica y computaci\u00f3n","description":"Importadora de Electr\u00f3nica y Computaci\u00f3n","potentialAction":[{"@type":"SearchAction","target":{"@type":"EntryPoint","urlTemplate":"https:\/\/comerciallin.com\/?s={search_term_string}"},"query-input":"required name=search_term_string"}],"inLanguage":"es"},{"@type":"ImageObject","@id":"https:\/\/comerciallin.com\/index.php\/producto\/cargador-telefono-40w-5v3-6a-i17-iphone\/#primaryimage","inLanguage":"es","url":"https:\/\/i0.wp.com\/comerciallin.com\/wp-content\/uploads\/2023\/02\/i7cargador_pw5.jpg?fit=%2C&ssl=1","contentUrl":"https:\/\/i0.wp.com\/comerciallin.com\/wp-content\/uploads\/2023\/02\/i7cargador_pw5.jpg?fit=%2C&ssl=1","caption":"CARGADOR TELEFONO 40W 5V3.6A I17 IPHONE"},{"@type":"WebPage","@id":"https:\/\/comerciallin.com\/index.php\/producto\/cargador-telefono-40w-5v3-6a-i17-iphone\/#webpage","url":"https:\/\/comerciallin.com\/index.php\/producto\/cargador-telefono-40w-5v3-6a-i17-iphone\/","name":"CARGADOR TELEFONO 40W 5V3.6A I17 IPHONE - tienda de electr\u00f3nica y computaci\u00f3n","isPartOf":{"@id":"https:\/\/comerciallin.com\/#website"},"primaryImageOfPage":{"@id":"https:\/\/comerciallin.com\/index.php\/producto\/cargador-telefono-40w-5v3-6a-i17-iphone\/#primaryimage"},"datePublished":"2022-11-07T18:25:24+00:00","dateModified":"2025-12-26T16:46:09+00:00","breadcrumb":{"@id":"https:\/\/comerciallin.com\/index.php\/producto\/cargador-telefono-40w-5v3-6a-i17-iphone\/#breadcrumb"},"inLanguage":"es","potentialAction":[{"@type":"ReadAction","target":["https:\/\/comerciallin.com\/index.php\/producto\/cargador-telefono-40w-5v3-6a-i17-iphone\/"]}]},{"@type":"BreadcrumbList","@id":"https:\/\/comerciallin.com\/index.php\/producto\/cargador-telefono-40w-5v3-6a-i17-iphone\/#breadcrumb","itemListElement":[{"@type":"ListItem","position":1,"name":"Inicio","item":"https:\/\/comerciallin.com\/"},{"@type":"ListItem","position":2,"name":"Shop","item":"https:\/\/comerciallin.com\/?page_id=3853"},{"@type":"ListItem","position":3,"name":"CARGADOR TELEFONO 40W 5V3.6A I17 IPHONE"}]}]},"product_price_amount":"6.90","product_price_currency":"USD","og_availability":"instock","product_availability":"instock","product_retailer_item_id":"579060110504","product_condition":"new"},"jetpack-related-posts":[{"id":18738,"url":"https:\/\/comerciallin.com\/index.php\/producto\/cargador-telefono-5v2-4a-usb-i25-v8-androide\/","url_meta":{"origin":18744,"position":0},"title":"CARGADOR TELEFONO 5V2.4A USB I25 V8 ANDROIDE","date":"7 de noviembre de 2022","format":false,"excerpt":"Dise\u00c3\u00b1o de doble USB, compatible con la carga de dos dispositivos al mismo tiempo Cargador dual USB modelo i25 Modelo exclusivo de alta gama Protecci\u00c3\u00b3n contra cortocircuitos Compatible con todos los tel\u00c3\u00a9fonos m\u00c3\u00b3viles y dispositivos m\u00c3\u00b3viles del mercado Incluye cable de datos totalmente compatible, la longitud del cable es de\u2026","rel":"","context":"Entrada similar","img":{"alt_text":"","src":"","width":0,"height":0},"classes":[]},{"id":19691,"url":"https:\/\/comerciallin.com\/index.php\/producto\/cargador-comp-len-yoga-3ori-20v-2a-or-5v-2a\/","url_meta":{"origin":18744,"position":1},"title":"CARGADOR COMP LEN YOGA 3ORI 20V-2A OR 5V-2A","date":"7 de noviembre de 2022","format":false,"excerpt":"Cargador adaptador para Lenovo Yoga 3 Pro-1370 Yoga 3-1170 Yoga 3-1470 36200563, ADL-40WCC, ADL40WDB con cable USB","rel":"","context":"Entrada similar","img":{"alt_text":"","src":"","width":0,"height":0},"classes":[]},{"id":19215,"url":"https:\/\/comerciallin.com\/index.php\/producto\/disco-duro-250gb-ssd-ex900-m-2-mve-pciex\/","url_meta":{"origin":18744,"position":2},"title":"DISCO DURO 250GB SSD EX900 M.2 MVE PCIEX","date":"7 de noviembre de 2022","format":false,"excerpt":"MANTENGA LA REINVENTACI\u00d3N, EL CAMINO HP: HP SSD EX900 M.2: la elecci\u00f3n para alta eficiencia, sin esfuerzo y velocidad extraordinaria LECTURA DE VELOCIDAD DE ESCRITURA: Velocidades secuenciales de lectura \/ escritura de hasta 2100 MB \/ s \/ 1300 MB \/ s, una confiabilidad l\u00edder en la industria (MTBF) de\u2026","rel":"","context":"Entrada similar","img":{"alt_text":"","src":"","width":0,"height":0},"classes":[]},{"id":25845,"url":"https:\/\/comerciallin.com\/index.php\/producto\/cable-de-malla-usb-a-tipo-c\/","url_meta":{"origin":18744,"position":3},"title":"CABLE DE MALLA USB A TIPO C","date":"17 de noviembre de 2023","format":false,"excerpt":"\u00a1Tu dispositivo favorito merece el mejor cable! Nuestro cable USB-C trenzado con nailon es la opci\u00f3n perfecta para ti. Es duradero, resistente al desgaste y ofrece una transferencia de datos r\u00e1pida y segura. Adem\u00e1s, tiene una longitud de 1 metro, por lo que es perfecto para conectar tus dispositivos a\u2026","rel":"","context":"Entrada similar","img":{"alt_text":"","src":"","width":0,"height":0},"classes":[]},{"id":26094,"url":"https:\/\/comerciallin.com\/index.php\/producto\/bateria-camara-bn-1-sony\/","url_meta":{"origin":18744,"position":4},"title":"BATERIA CAMARA BN-1 SONY","date":"29 de enero de 2024","format":false,"excerpt":"La bater\u00eda de c\u00e1mara BN-1 de Sony es una bater\u00eda de iones de litio de alta capacidad que proporciona un tiempo de grabaci\u00f3n prolongado para una variedad de c\u00e1maras compactas Sony. Tiene una capacidad de 1200 mAh y un voltaje de 3,7 V.","rel":"","context":"Entrada similar","img":{"alt_text":"BATERIA CAMARA BN-1 SONY","src":"https:\/\/i0.wp.com\/comerciallin.com\/wp-content\/uploads\/2024\/01\/421206010102-1.jpg?fit=1080%2C1080&ssl=1&resize=350%2C200","width":350,"height":200},"classes":[]},{"id":26098,"url":"https:\/\/comerciallin.com\/index.php\/producto\/bateria-camara-np-fh70\/","url_meta":{"origin":18744,"position":5},"title":"BATERIA CAMARA NP-FH70","date":"29 de enero de 2024","format":false,"excerpt":"La bater\u00eda de c\u00e1mara NP-FH70 es una bater\u00eda de iones de litio de alta capacidad que proporciona un tiempo de grabaci\u00f3n prolongado para una variedad de c\u00e1maras y videoc\u00e1maras Sony. Tiene una capacidad de 2900 mAh y un voltaje de 7,4 V.","rel":"","context":"Entrada similar","img":{"alt_text":"BATERIA CAMARA NP-FH70","src":"https:\/\/i0.wp.com\/comerciallin.com\/wp-content\/uploads\/2024\/01\/421206010104-1.jpg?fit=1200%2C1200&ssl=1&resize=350%2C200","width":350,"height":200},"classes":[]}],"jetpack_sharing_enabled":true,"jetpack_likes_enabled":true,"_links":{"self":[{"href":"https:\/\/comerciallin.com\/index.php\/wp-json\/wp\/v2\/product\/18744"}],"collection":[{"href":"https:\/\/comerciallin.com\/index.php\/wp-json\/wp\/v2\/product"}],"about":[{"href":"https:\/\/comerciallin.com\/index.php\/wp-json\/wp\/v2\/types\/product"}],"replies":[{"embeddable":true,"href":"https:\/\/comerciallin.com\/index.php\/wp-json\/wp\/v2\/comments?post=18744"}],"wp:featuredmedia":[{"embeddable":true,"href":"https:\/\/comerciallin.com\/index.php\/wp-json\/wp\/v2\/media\/21812"}],"wp:attachment":[{"href":"https:\/\/comerciallin.com\/index.php\/wp-json\/wp\/v2\/media?parent=18744"}],"wp:term":[{"taxonomy":"product_cat","embeddable":true,"href":"https:\/\/comerciallin.com\/index.php\/wp-json\/wp\/v2\/product_cat?post=18744"},{"taxonomy":"product_tag","embeddable":true,"href":"https:\/\/comerciallin.com\/index.php\/wp-json\/wp\/v2\/product_tag?post=18744"}],"curies":[{"name":"wp","href":"https:\/\/api.w.org\/{rel}","templated":true}]}}