{"id":18738,"date":"2022-11-07T13:25:23","date_gmt":"2022-11-07T18:25:23","guid":{"rendered":"https:\/\/comerciallin.com\/index.php\/producto\/cargador-telefono-5v2-4a-usb-i25-v8-androide\/"},"modified":"2025-12-26T11:48:14","modified_gmt":"2025-12-26T16:48:14","slug":"cargador-telefono-5v2-4a-usb-i25-v8-androide","status":"publish","type":"product","link":"https:\/\/comerciallin.com\/index.php\/producto\/cargador-telefono-5v2-4a-usb-i25-v8-androide\/","title":{"rendered":"CARGADOR TELEFONO 5V2.4A USB I25 V8 ANDROIDE"},"content":{"rendered":"<ul>\n<lide doble USB, compatible con la carga de dos dispositivos al mismo tiempo<\/li>\n<li>Cargador dual USB modelo i25<\/li>\n<li>Modelo exclusivo de alta gama<\/li>\n<li>Protecci\u00c3\u00b3n contra cortocircuitos<\/li>\n<li>Compatible con todos los tel\u00c3\u00a9fonos m\u00c3\u00b3viles y dispositivos m\u00c3\u00b3viles del mercado<\/li>\n<li>Incluye cable de datos totalmente compatible, la longitud del cable es de 1 metro<\/li>\n<li>5v 2.4A USB conector V8 para Android<\/li>\n<\/ul>\n","protected":false},"excerpt":{"rendered":"<ul>\n<li>Dise\u00c3\u00b1o de doble USB, compatible con la carga de dos dispositivos al mismo tiempo<\/li>\n<li>Cargador dual USB modelo i25<\/li>\n<li>Modelo exclusivo de alta gama<\/li>\n<li>Protecci\u00c3\u00b3n contra cortocircuitos<\/li>\n<li>Compatible con todos los tel\u00c3\u00a9fonos m\u00c3\u00b3viles y dispositivos m\u00c3\u00b3viles del mercado<\/li>\n<li>Incluye cable de datos totalmente compatible, la longitud del cable es de 1 metro<\/li>\n<li>5v 2.4A USB conector V8 para Android<\/li>\n<\/ul>\n","protected":false},"featured_media":21818,"comment_status":"open","ping_status":"closed","template":"","meta":{"spay_email":""},"product_cat":[789],"product_tag":[],"supplier_id":null,"supplier_sku":"","barcode":null,"atum_controlled":true,"out_stock_date":null,"out_stock_threshold":null,"inheritable":false,"inbound_stock":null,"stock_on_hold":0,"sold_today":0,"sales_last_days":0,"reserved_stock":null,"customer_returns":null,"warehouse_damage":null,"lost_in_post":null,"other_logs":null,"out_stock_days":0,"lost_sales":0,"has_location":null,"update_date":"2026-05-01T00:12:28","atum_locations":[],"atum_stock_status":"instock","restock_status":false,"low_stock_amount":"","sales_update_date":"2026-05-01T00:12:28","calc_backorders":null,"acf":[],"yoast_head":"<!-- This site is optimized with the Yoast SEO Premium plugin v17.4 (Yoast SEO v17.4) - https:\/\/yoast.com\/wordpress\/plugins\/seo\/ -->\n<title>CARGADOR TELEFONO 5V2.4A USB I25 V8 ANDROIDE - tienda de electr\u00f3nica y computaci\u00f3n<\/title>\n<meta name=\"robots\" content=\"index, follow, max-snippet:-1, max-image-preview:large, max-video-preview:-1\" \/>\n<link rel=\"canonical\" href=\"https:\/\/comerciallin.com\/index.php\/producto\/cargador-telefono-5v2-4a-usb-i25-v8-androide\/\" \/>\n<meta property=\"og:locale\" content=\"es_ES\" \/>\n<meta property=\"og:type\" content=\"article\" \/>\n<meta property=\"og:title\" content=\"CARGADOR TELEFONO 5V2.4A USB I25 V8 ANDROIDE\" \/>\n<meta property=\"og:description\" content=\"Dise\u00c3\u00b1o de doble USB, compatible con la carga de dos dispositivos al mismo tiempo   Cargador dual USB modelo i25   Modelo exclusivo de alta gama   Protecci\u00c3\u00b3n contra cortocircuitos   Compatible con todos los tel\u00c3\u00a9fonos m\u00c3\u00b3viles y dispositivos m\u00c3\u00b3viles del mercado   Incluye cable de datos totalmente compatible, la longitud del cable es de 1 metro   5v 2.4A USB conector V8 para Android\" \/>\n<meta property=\"og:url\" content=\"https:\/\/comerciallin.com\/index.php\/producto\/cargador-telefono-5v2-4a-usb-i25-v8-androide\/\" \/>\n<meta property=\"og:site_name\" content=\"tienda de electr\u00f3nica y computaci\u00f3n\" \/>\n<meta property=\"article:modified_time\" content=\"2025-12-26T16:48:14+00:00\" \/>\n<meta name=\"twitter:card\" content=\"summary_large_image\" \/>\n<meta name=\"twitter:image\" content=\"https:\/\/i0.wp.com\/comerciallin.com\/wp-content\/uploads\/2023\/02\/cargador-para-telefono-usb_pw3.jpg?fit=%2C&amp;ssl=1\" \/>\n<meta name=\"twitter:label1\" content=\"Precio\" \/>\n\t<meta name=\"twitter:data1\" content=\"&#36;5,75\" \/>\n\t<meta name=\"twitter:label2\" content=\"Availability\" \/>\n\t<meta name=\"twitter:data2\" content=\"In stock\" \/>\n<script type=\"application\/ld+json\" class=\"yoast-schema-graph\">{\"@context\":\"https:\/\/schema.org\",\"@graph\":[{\"@type\":\"WebSite\",\"@id\":\"https:\/\/comerciallin.com\/#website\",\"url\":\"https:\/\/comerciallin.com\/\",\"name\":\"tienda de electr\\u00f3nica y computaci\\u00f3n\",\"description\":\"Importadora de Electr\\u00f3nica y Computaci\\u00f3n\",\"potentialAction\":[{\"@type\":\"SearchAction\",\"target\":{\"@type\":\"EntryPoint\",\"urlTemplate\":\"https:\/\/comerciallin.com\/?s={search_term_string}\"},\"query-input\":\"required name=search_term_string\"}],\"inLanguage\":\"es\"},{\"@type\":\"ImageObject\",\"@id\":\"https:\/\/comerciallin.com\/index.php\/producto\/cargador-telefono-5v2-4a-usb-i25-v8-androide\/#primaryimage\",\"inLanguage\":\"es\",\"url\":\"https:\/\/i0.wp.com\/comerciallin.com\/wp-content\/uploads\/2023\/02\/cargador-para-telefono-usb_pw3.jpg?fit=%2C&ssl=1\",\"contentUrl\":\"https:\/\/i0.wp.com\/comerciallin.com\/wp-content\/uploads\/2023\/02\/cargador-para-telefono-usb_pw3.jpg?fit=%2C&ssl=1\",\"caption\":\"CARGADOR TELEFONO 5V2.4A USB I25 V8 ANDROIDE\"},{\"@type\":\"WebPage\",\"@id\":\"https:\/\/comerciallin.com\/index.php\/producto\/cargador-telefono-5v2-4a-usb-i25-v8-androide\/#webpage\",\"url\":\"https:\/\/comerciallin.com\/index.php\/producto\/cargador-telefono-5v2-4a-usb-i25-v8-androide\/\",\"name\":\"CARGADOR TELEFONO 5V2.4A USB I25 V8 ANDROIDE - tienda de electr\\u00f3nica y computaci\\u00f3n\",\"isPartOf\":{\"@id\":\"https:\/\/comerciallin.com\/#website\"},\"primaryImageOfPage\":{\"@id\":\"https:\/\/comerciallin.com\/index.php\/producto\/cargador-telefono-5v2-4a-usb-i25-v8-androide\/#primaryimage\"},\"datePublished\":\"2022-11-07T18:25:23+00:00\",\"dateModified\":\"2025-12-26T16:48:14+00:00\",\"breadcrumb\":{\"@id\":\"https:\/\/comerciallin.com\/index.php\/producto\/cargador-telefono-5v2-4a-usb-i25-v8-androide\/#breadcrumb\"},\"inLanguage\":\"es\",\"potentialAction\":[{\"@type\":\"ReadAction\",\"target\":[\"https:\/\/comerciallin.com\/index.php\/producto\/cargador-telefono-5v2-4a-usb-i25-v8-androide\/\"]}]},{\"@type\":\"BreadcrumbList\",\"@id\":\"https:\/\/comerciallin.com\/index.php\/producto\/cargador-telefono-5v2-4a-usb-i25-v8-androide\/#breadcrumb\",\"itemListElement\":[{\"@type\":\"ListItem\",\"position\":1,\"name\":\"Inicio\",\"item\":\"https:\/\/comerciallin.com\/\"},{\"@type\":\"ListItem\",\"position\":2,\"name\":\"Shop\",\"item\":\"https:\/\/comerciallin.com\/?page_id=3853\"},{\"@type\":\"ListItem\",\"position\":3,\"name\":\"CARGADOR TELEFONO 5V2.4A USB I25 V8 ANDROIDE\"}]}]}<\/script>\n<meta property=\"product:price:amount\" content=\"5.75\" \/>\n<meta property=\"product:price:currency\" content=\"USD\" \/>\n<meta property=\"og:availability\" content=\"instock\" \/>\n<meta property=\"product:availability\" content=\"instock\" \/>\n<meta property=\"product:retailer_item_id\" content=\"579060110505\" \/>\n<meta property=\"product:condition\" content=\"new\" \/>\n<!-- \/ Yoast SEO Premium plugin. -->","yoast_head_json":{"title":"CARGADOR TELEFONO 5V2.4A USB I25 V8 ANDROIDE - tienda de electr\u00f3nica y computaci\u00f3n","robots":{"index":"index","follow":"follow","max-snippet":"max-snippet:-1","max-image-preview":"max-image-preview:large","max-video-preview":"max-video-preview:-1"},"canonical":"https:\/\/comerciallin.com\/index.php\/producto\/cargador-telefono-5v2-4a-usb-i25-v8-androide\/","og_locale":"es_ES","og_type":"article","og_title":"CARGADOR TELEFONO 5V2.4A USB I25 V8 ANDROIDE","og_description":"Dise\u00c3\u00b1o de doble USB, compatible con la carga de dos dispositivos al mismo tiempo   Cargador dual USB modelo i25   Modelo exclusivo de alta gama   Protecci\u00c3\u00b3n contra cortocircuitos   Compatible con todos los tel\u00c3\u00a9fonos m\u00c3\u00b3viles y dispositivos m\u00c3\u00b3viles del mercado   Incluye cable de datos totalmente compatible, la longitud del cable es de 1 metro   5v 2.4A USB conector V8 para Android","og_url":"https:\/\/comerciallin.com\/index.php\/producto\/cargador-telefono-5v2-4a-usb-i25-v8-androide\/","og_site_name":"tienda de electr\u00f3nica y computaci\u00f3n","article_modified_time":"2025-12-26T16:48:14+00:00","twitter_card":"summary_large_image","twitter_image":"https:\/\/i0.wp.com\/comerciallin.com\/wp-content\/uploads\/2023\/02\/cargador-para-telefono-usb_pw3.jpg?fit=%2C&ssl=1","twitter_misc":{"Precio":"&#36;5,75","Availability":"In stock"},"schema":{"@context":"https:\/\/schema.org","@graph":[{"@type":"WebSite","@id":"https:\/\/comerciallin.com\/#website","url":"https:\/\/comerciallin.com\/","name":"tienda de electr\u00f3nica y computaci\u00f3n","description":"Importadora de Electr\u00f3nica y Computaci\u00f3n","potentialAction":[{"@type":"SearchAction","target":{"@type":"EntryPoint","urlTemplate":"https:\/\/comerciallin.com\/?s={search_term_string}"},"query-input":"required name=search_term_string"}],"inLanguage":"es"},{"@type":"ImageObject","@id":"https:\/\/comerciallin.com\/index.php\/producto\/cargador-telefono-5v2-4a-usb-i25-v8-androide\/#primaryimage","inLanguage":"es","url":"https:\/\/i0.wp.com\/comerciallin.com\/wp-content\/uploads\/2023\/02\/cargador-para-telefono-usb_pw3.jpg?fit=%2C&ssl=1","contentUrl":"https:\/\/i0.wp.com\/comerciallin.com\/wp-content\/uploads\/2023\/02\/cargador-para-telefono-usb_pw3.jpg?fit=%2C&ssl=1","caption":"CARGADOR TELEFONO 5V2.4A USB I25 V8 ANDROIDE"},{"@type":"WebPage","@id":"https:\/\/comerciallin.com\/index.php\/producto\/cargador-telefono-5v2-4a-usb-i25-v8-androide\/#webpage","url":"https:\/\/comerciallin.com\/index.php\/producto\/cargador-telefono-5v2-4a-usb-i25-v8-androide\/","name":"CARGADOR TELEFONO 5V2.4A USB I25 V8 ANDROIDE - tienda de electr\u00f3nica y computaci\u00f3n","isPartOf":{"@id":"https:\/\/comerciallin.com\/#website"},"primaryImageOfPage":{"@id":"https:\/\/comerciallin.com\/index.php\/producto\/cargador-telefono-5v2-4a-usb-i25-v8-androide\/#primaryimage"},"datePublished":"2022-11-07T18:25:23+00:00","dateModified":"2025-12-26T16:48:14+00:00","breadcrumb":{"@id":"https:\/\/comerciallin.com\/index.php\/producto\/cargador-telefono-5v2-4a-usb-i25-v8-androide\/#breadcrumb"},"inLanguage":"es","potentialAction":[{"@type":"ReadAction","target":["https:\/\/comerciallin.com\/index.php\/producto\/cargador-telefono-5v2-4a-usb-i25-v8-androide\/"]}]},{"@type":"BreadcrumbList","@id":"https:\/\/comerciallin.com\/index.php\/producto\/cargador-telefono-5v2-4a-usb-i25-v8-androide\/#breadcrumb","itemListElement":[{"@type":"ListItem","position":1,"name":"Inicio","item":"https:\/\/comerciallin.com\/"},{"@type":"ListItem","position":2,"name":"Shop","item":"https:\/\/comerciallin.com\/?page_id=3853"},{"@type":"ListItem","position":3,"name":"CARGADOR TELEFONO 5V2.4A USB I25 V8 ANDROIDE"}]}]},"product_price_amount":"5.75","product_price_currency":"USD","og_availability":"instock","product_availability":"instock","product_retailer_item_id":"579060110505","product_condition":"new"},"jetpack-related-posts":[{"id":23689,"url":"https:\/\/comerciallin.com\/index.php\/producto\/cargador-telefono-5v2-4a-usb-i3-v8-androide\/","url_meta":{"origin":18738,"position":0},"title":"CARGADOR TELEFONO 5V2.4A USB I3 V8 ANDROIDE","date":"3 de mayo de 2023","format":false,"excerpt":"","rel":"","context":"Entrada similar","img":{"alt_text":"","src":"","width":0,"height":0},"classes":[]},{"id":23674,"url":"https:\/\/comerciallin.com\/index.php\/producto\/cable-usb-v8-enmallado-plateado\/","url_meta":{"origin":18738,"position":1},"title":"CABLE USB &#8211; V8 ENMALLADO PLATEADO","date":"3 de mayo de 2023","format":false,"excerpt":"","rel":"","context":"Entrada similar","img":{"alt_text":"","src":"","width":0,"height":0},"classes":[]},{"id":22493,"url":"https:\/\/comerciallin.com\/index.php\/producto\/enclosure-3-5-usb-3-0\/","url_meta":{"origin":18738,"position":2},"title":"ENCLOSURE DISCO 3.5&#8243; USB 3.0","date":"19 de abril de 2023","format":false,"excerpt":"Interfaz de hardware USB, USB 2.0 Dispositivos compatibles Computadora personal Factor de forma de disco duro de 3,5 pulgadas","rel":"","context":"Entrada similar","img":{"alt_text":"","src":"","width":0,"height":0},"classes":[]},{"id":18736,"url":"https:\/\/comerciallin.com\/index.php\/producto\/expansor-usb-3-0-1-a-4-port-hub\/","url_meta":{"origin":18738,"position":3},"title":"EXPANSOR USB 3.0 1 A 4 PORT HUB","date":"7 de noviembre de 2022","format":false,"excerpt":"\u00e2\u0153\u2026100% nuevo y de alta calidad \u00e2\u0153\u2026Dispositivo plug & play USB \u00e2\u0153\u2026Totalmente compatible con las especificaciones USB Versi\u00c3\u00b3n 3,0 \u00e2\u0153\u2026 LED azul para alimentaci\u00c3\u00b3n \u00e2\u0153\u2026Los interruptores de encendido\/apagado activan o desactivan puertos individuales","rel":"","context":"Entrada similar","img":{"alt_text":"","src":"","width":0,"height":0},"classes":[]},{"id":18980,"url":"https:\/\/comerciallin.com\/index.php\/producto\/cargador-comp-lenovo-p-usb-20v-4-5a\/","url_meta":{"origin":18738,"position":4},"title":"CARGADOR COMP LENOVO P. USB 20V &#8211; 4.5A","date":"7 de noviembre de 2022","format":false,"excerpt":"Entrada: 100-240V \/ 50-60Hz Salida: 20V 4.5A Conector: Tipo USB Color: Negro Condici\u00f3n: Nuevo Paquete incluye: 1 x Adaptador de corriente AC 1 x Cable de Alimentaci\u00f3n El\u00e9ctrica Garant\u00eda: 6 meses de garant\u00eda IVA Incluido","rel":"","context":"Entrada similar","img":{"alt_text":"CARGADOR COMP LENOVO P. USB 20V - 4.5A","src":"https:\/\/i0.wp.com\/comerciallin.com\/wp-content\/uploads\/2023\/02\/675030120307.jpg?fit=992%2C744&ssl=1&resize=350%2C200","width":350,"height":200},"classes":[]},{"id":25845,"url":"https:\/\/comerciallin.com\/index.php\/producto\/cable-de-malla-usb-a-tipo-c\/","url_meta":{"origin":18738,"position":5},"title":"CABLE DE MALLA USB A TIPO C","date":"17 de noviembre de 2023","format":false,"excerpt":"\u00a1Tu dispositivo favorito merece el mejor cable! Nuestro cable USB-C trenzado con nailon es la opci\u00f3n perfecta para ti. Es duradero, resistente al desgaste y ofrece una transferencia de datos r\u00e1pida y segura. Adem\u00e1s, tiene una longitud de 1 metro, por lo que es perfecto para conectar tus dispositivos a\u2026","rel":"","context":"Entrada similar","img":{"alt_text":"","src":"","width":0,"height":0},"classes":[]}],"jetpack_sharing_enabled":true,"jetpack_likes_enabled":true,"_links":{"self":[{"href":"https:\/\/comerciallin.com\/index.php\/wp-json\/wp\/v2\/product\/18738"}],"collection":[{"href":"https:\/\/comerciallin.com\/index.php\/wp-json\/wp\/v2\/product"}],"about":[{"href":"https:\/\/comerciallin.com\/index.php\/wp-json\/wp\/v2\/types\/product"}],"replies":[{"embeddable":true,"href":"https:\/\/comerciallin.com\/index.php\/wp-json\/wp\/v2\/comments?post=18738"}],"wp:featuredmedia":[{"embeddable":true,"href":"https:\/\/comerciallin.com\/index.php\/wp-json\/wp\/v2\/media\/21818"}],"wp:attachment":[{"href":"https:\/\/comerciallin.com\/index.php\/wp-json\/wp\/v2\/media?parent=18738"}],"wp:term":[{"taxonomy":"product_cat","embeddable":true,"href":"https:\/\/comerciallin.com\/index.php\/wp-json\/wp\/v2\/product_cat?post=18738"},{"taxonomy":"product_tag","embeddable":true,"href":"https:\/\/comerciallin.com\/index.php\/wp-json\/wp\/v2\/product_tag?post=18738"}],"curies":[{"name":"wp","href":"https:\/\/api.w.org\/{rel}","templated":true}]}}