{"id":18736,"date":"2022-11-07T13:25:22","date_gmt":"2022-11-07T18:25:22","guid":{"rendered":"https:\/\/comerciallin.com\/index.php\/producto\/expansor-usb-3-0-1-a-4-port-hub\/"},"modified":"2025-12-26T11:47:04","modified_gmt":"2025-12-26T16:47:04","slug":"expansor-usb-3-0-1-a-4-port-hub","status":"publish","type":"product","link":"https:\/\/comerciallin.com\/index.php\/producto\/expansor-usb-3-0-1-a-4-port-hub\/","title":{"rendered":"EXPANSOR USB 3.0 1 A 4 PORT HUB"},"content":{"rendered":"<p>\u00e2\u0153\u2026100% nuevo y de alta calidad<\/p>\n<p> \u00e2\u0153\u2026Dispositivo plug &amp; play USB<\/p>\n<p> \u00e2\u0153\u2026Totalmente compatible con las especificaciones USB Versi\u00c3\u00b3n 3,0<\/p>\n<p> \u00e2\u0153\u2026 LED azul para alimentaci\u00c3\u00b3n<\/p>\n<p> \u00e2\u0153\u2026Los interruptores de encendido\/apagado activan o desactivan puertos individuales<\/p>\n","protected":false},"excerpt":{"rendered":"<p>\u00e2\u0153\u2026100% nuevo y de alta calidad<\/p>\n<p> \u00e2\u0153\u2026Dispositivo plug &amp; play USB<\/p>\n<p> \u00e2\u0153\u2026Totalmente compatible con las especificaciones USB Versi\u00c3\u00b3n 3,0<\/p>\n<p> \u00e2\u0153\u2026 LED azul para alimentaci\u00c3\u00b3n<\/p>\n<p> \u00e2\u0153\u2026Los interruptores de encendido\/apagado activan o desactivan puertos individuales<\/p>\n","protected":false},"featured_media":21881,"comment_status":"open","ping_status":"closed","template":"","meta":{"spay_email":""},"product_cat":[789],"product_tag":[],"supplier_id":null,"supplier_sku":"","barcode":null,"atum_controlled":true,"out_stock_date":null,"out_stock_threshold":null,"inheritable":false,"inbound_stock":null,"stock_on_hold":1,"sold_today":0,"sales_last_days":0,"reserved_stock":null,"customer_returns":null,"warehouse_damage":null,"lost_in_post":null,"other_logs":null,"out_stock_days":0,"lost_sales":0,"has_location":null,"update_date":"2026-04-28T00:11:20","atum_locations":[],"atum_stock_status":"instock","restock_status":false,"low_stock_amount":"","sales_update_date":"2026-04-28T00:11:20","calc_backorders":null,"acf":[],"yoast_head":"<!-- This site is optimized with the Yoast SEO Premium plugin v17.4 (Yoast SEO v17.4) - https:\/\/yoast.com\/wordpress\/plugins\/seo\/ -->\n<title>EXPANSOR USB 3.0 1 A 4 PORT HUB - tienda de electr\u00f3nica y computaci\u00f3n<\/title>\n<meta name=\"robots\" content=\"index, follow, max-snippet:-1, max-image-preview:large, max-video-preview:-1\" \/>\n<link rel=\"canonical\" href=\"https:\/\/comerciallin.com\/index.php\/producto\/expansor-usb-3-0-1-a-4-port-hub\/\" \/>\n<meta property=\"og:locale\" content=\"es_ES\" \/>\n<meta property=\"og:type\" content=\"article\" \/>\n<meta property=\"og:title\" content=\"EXPANSOR USB 3.0 1 A 4 PORT HUB\" \/>\n<meta property=\"og:description\" content=\"\u00e2\u0153\u2026100% nuevo y de alta calidad  \u00e2\u0153\u2026Dispositivo plug &amp; play USB  \u00e2\u0153\u2026Totalmente compatible con las especificaciones USB Versi\u00c3\u00b3n 3,0  \u00e2\u0153\u2026 LED azul para alimentaci\u00c3\u00b3n  \u00e2\u0153\u2026Los interruptores de encendido\/apagado activan o desactivan puertos individuales\" \/>\n<meta property=\"og:url\" content=\"https:\/\/comerciallin.com\/index.php\/producto\/expansor-usb-3-0-1-a-4-port-hub\/\" \/>\n<meta property=\"og:site_name\" content=\"tienda de electr\u00f3nica y computaci\u00f3n\" \/>\n<meta property=\"article:modified_time\" content=\"2025-12-26T16:47:04+00:00\" \/>\n<meta name=\"twitter:card\" content=\"summary_large_image\" \/>\n<meta name=\"twitter:image\" content=\"https:\/\/i0.wp.com\/comerciallin.com\/wp-content\/uploads\/2023\/02\/EXPANSOR-MULTIPLE-USBweb.jpg?fit=%2C&amp;ssl=1\" \/>\n<meta name=\"twitter:label1\" content=\"Precio\" \/>\n\t<meta name=\"twitter:data1\" content=\"&#36;5,75\" \/>\n\t<meta name=\"twitter:label2\" content=\"Availability\" \/>\n\t<meta name=\"twitter:data2\" content=\"In stock\" \/>\n<script type=\"application\/ld+json\" class=\"yoast-schema-graph\">{\"@context\":\"https:\/\/schema.org\",\"@graph\":[{\"@type\":\"WebSite\",\"@id\":\"https:\/\/comerciallin.com\/#website\",\"url\":\"https:\/\/comerciallin.com\/\",\"name\":\"tienda de electr\\u00f3nica y computaci\\u00f3n\",\"description\":\"Importadora de Electr\\u00f3nica y Computaci\\u00f3n\",\"potentialAction\":[{\"@type\":\"SearchAction\",\"target\":{\"@type\":\"EntryPoint\",\"urlTemplate\":\"https:\/\/comerciallin.com\/?s={search_term_string}\"},\"query-input\":\"required name=search_term_string\"}],\"inLanguage\":\"es\"},{\"@type\":\"ImageObject\",\"@id\":\"https:\/\/comerciallin.com\/index.php\/producto\/expansor-usb-3-0-1-a-4-port-hub\/#primaryimage\",\"inLanguage\":\"es\",\"url\":\"https:\/\/i0.wp.com\/comerciallin.com\/wp-content\/uploads\/2023\/02\/EXPANSOR-MULTIPLE-USBweb.jpg?fit=%2C&ssl=1\",\"contentUrl\":\"https:\/\/i0.wp.com\/comerciallin.com\/wp-content\/uploads\/2023\/02\/EXPANSOR-MULTIPLE-USBweb.jpg?fit=%2C&ssl=1\",\"caption\":\"EXPANSOR USB 3.0 1 A 4 PORT HUB\"},{\"@type\":\"WebPage\",\"@id\":\"https:\/\/comerciallin.com\/index.php\/producto\/expansor-usb-3-0-1-a-4-port-hub\/#webpage\",\"url\":\"https:\/\/comerciallin.com\/index.php\/producto\/expansor-usb-3-0-1-a-4-port-hub\/\",\"name\":\"EXPANSOR USB 3.0 1 A 4 PORT HUB - tienda de electr\\u00f3nica y computaci\\u00f3n\",\"isPartOf\":{\"@id\":\"https:\/\/comerciallin.com\/#website\"},\"primaryImageOfPage\":{\"@id\":\"https:\/\/comerciallin.com\/index.php\/producto\/expansor-usb-3-0-1-a-4-port-hub\/#primaryimage\"},\"datePublished\":\"2022-11-07T18:25:22+00:00\",\"dateModified\":\"2025-12-26T16:47:04+00:00\",\"breadcrumb\":{\"@id\":\"https:\/\/comerciallin.com\/index.php\/producto\/expansor-usb-3-0-1-a-4-port-hub\/#breadcrumb\"},\"inLanguage\":\"es\",\"potentialAction\":[{\"@type\":\"ReadAction\",\"target\":[\"https:\/\/comerciallin.com\/index.php\/producto\/expansor-usb-3-0-1-a-4-port-hub\/\"]}]},{\"@type\":\"BreadcrumbList\",\"@id\":\"https:\/\/comerciallin.com\/index.php\/producto\/expansor-usb-3-0-1-a-4-port-hub\/#breadcrumb\",\"itemListElement\":[{\"@type\":\"ListItem\",\"position\":1,\"name\":\"Inicio\",\"item\":\"https:\/\/comerciallin.com\/\"},{\"@type\":\"ListItem\",\"position\":2,\"name\":\"Shop\",\"item\":\"https:\/\/comerciallin.com\/?page_id=3853\"},{\"@type\":\"ListItem\",\"position\":3,\"name\":\"EXPANSOR USB 3.0 1 A 4 PORT HUB\"}]}]}<\/script>\n<meta property=\"product:price:amount\" content=\"5.75\" \/>\n<meta property=\"product:price:currency\" content=\"USD\" \/>\n<meta property=\"og:availability\" content=\"instock\" \/>\n<meta property=\"product:availability\" content=\"instock\" \/>\n<meta property=\"product:retailer_item_id\" content=\"563030180601\" \/>\n<meta property=\"product:condition\" content=\"new\" \/>\n<!-- \/ Yoast SEO Premium plugin. -->","yoast_head_json":{"title":"EXPANSOR USB 3.0 1 A 4 PORT HUB - tienda de electr\u00f3nica y computaci\u00f3n","robots":{"index":"index","follow":"follow","max-snippet":"max-snippet:-1","max-image-preview":"max-image-preview:large","max-video-preview":"max-video-preview:-1"},"canonical":"https:\/\/comerciallin.com\/index.php\/producto\/expansor-usb-3-0-1-a-4-port-hub\/","og_locale":"es_ES","og_type":"article","og_title":"EXPANSOR USB 3.0 1 A 4 PORT HUB","og_description":"\u00e2\u0153\u2026100% nuevo y de alta calidad  \u00e2\u0153\u2026Dispositivo plug &amp; play USB  \u00e2\u0153\u2026Totalmente compatible con las especificaciones USB Versi\u00c3\u00b3n 3,0  \u00e2\u0153\u2026 LED azul para alimentaci\u00c3\u00b3n  \u00e2\u0153\u2026Los interruptores de encendido\/apagado activan o desactivan puertos individuales","og_url":"https:\/\/comerciallin.com\/index.php\/producto\/expansor-usb-3-0-1-a-4-port-hub\/","og_site_name":"tienda de electr\u00f3nica y computaci\u00f3n","article_modified_time":"2025-12-26T16:47:04+00:00","twitter_card":"summary_large_image","twitter_image":"https:\/\/i0.wp.com\/comerciallin.com\/wp-content\/uploads\/2023\/02\/EXPANSOR-MULTIPLE-USBweb.jpg?fit=%2C&ssl=1","twitter_misc":{"Precio":"&#36;5,75","Availability":"In stock"},"schema":{"@context":"https:\/\/schema.org","@graph":[{"@type":"WebSite","@id":"https:\/\/comerciallin.com\/#website","url":"https:\/\/comerciallin.com\/","name":"tienda de electr\u00f3nica y computaci\u00f3n","description":"Importadora de Electr\u00f3nica y Computaci\u00f3n","potentialAction":[{"@type":"SearchAction","target":{"@type":"EntryPoint","urlTemplate":"https:\/\/comerciallin.com\/?s={search_term_string}"},"query-input":"required name=search_term_string"}],"inLanguage":"es"},{"@type":"ImageObject","@id":"https:\/\/comerciallin.com\/index.php\/producto\/expansor-usb-3-0-1-a-4-port-hub\/#primaryimage","inLanguage":"es","url":"https:\/\/i0.wp.com\/comerciallin.com\/wp-content\/uploads\/2023\/02\/EXPANSOR-MULTIPLE-USBweb.jpg?fit=%2C&ssl=1","contentUrl":"https:\/\/i0.wp.com\/comerciallin.com\/wp-content\/uploads\/2023\/02\/EXPANSOR-MULTIPLE-USBweb.jpg?fit=%2C&ssl=1","caption":"EXPANSOR USB 3.0 1 A 4 PORT HUB"},{"@type":"WebPage","@id":"https:\/\/comerciallin.com\/index.php\/producto\/expansor-usb-3-0-1-a-4-port-hub\/#webpage","url":"https:\/\/comerciallin.com\/index.php\/producto\/expansor-usb-3-0-1-a-4-port-hub\/","name":"EXPANSOR USB 3.0 1 A 4 PORT HUB - tienda de electr\u00f3nica y computaci\u00f3n","isPartOf":{"@id":"https:\/\/comerciallin.com\/#website"},"primaryImageOfPage":{"@id":"https:\/\/comerciallin.com\/index.php\/producto\/expansor-usb-3-0-1-a-4-port-hub\/#primaryimage"},"datePublished":"2022-11-07T18:25:22+00:00","dateModified":"2025-12-26T16:47:04+00:00","breadcrumb":{"@id":"https:\/\/comerciallin.com\/index.php\/producto\/expansor-usb-3-0-1-a-4-port-hub\/#breadcrumb"},"inLanguage":"es","potentialAction":[{"@type":"ReadAction","target":["https:\/\/comerciallin.com\/index.php\/producto\/expansor-usb-3-0-1-a-4-port-hub\/"]}]},{"@type":"BreadcrumbList","@id":"https:\/\/comerciallin.com\/index.php\/producto\/expansor-usb-3-0-1-a-4-port-hub\/#breadcrumb","itemListElement":[{"@type":"ListItem","position":1,"name":"Inicio","item":"https:\/\/comerciallin.com\/"},{"@type":"ListItem","position":2,"name":"Shop","item":"https:\/\/comerciallin.com\/?page_id=3853"},{"@type":"ListItem","position":3,"name":"EXPANSOR USB 3.0 1 A 4 PORT HUB"}]}]},"product_price_amount":"5.75","product_price_currency":"USD","og_availability":"instock","product_availability":"instock","product_retailer_item_id":"563030180601","product_condition":"new"},"jetpack-related-posts":[{"id":22495,"url":"https:\/\/comerciallin.com\/index.php\/producto\/enclosure-2-5-usb-3-0\/","url_meta":{"origin":18736,"position":0},"title":"ENCLOSURE 2.5&#8243; USB 3.0","date":"19 de abril de 2023","format":false,"excerpt":"Modelo: carcasa HDD externa Interfaz de salida: TYPE-A USB 3,0 Interfaz interior: 2,5 SATA Colores: plata, negro Garant\u00eda: Garant\u00eda de 1 a\u00f1o Apoyo:Disco duro SATA HDD 2,5","rel":"","context":"Entrada similar","img":{"alt_text":"","src":"","width":0,"height":0},"classes":[]},{"id":18719,"url":"https:\/\/comerciallin.com\/index.php\/producto\/tarjeta-sonido-mic-usb-2-1-pc\/","url_meta":{"origin":18736,"position":1},"title":"TARJETA SONIDO\/MIC USB 2.1 PC","date":"7 de noviembre de 2022","format":false,"excerpt":"Convertidor de audio USB a Auxiliar 3.5mm","rel":"","context":"Entrada similar","img":{"alt_text":"","src":"","width":0,"height":0},"classes":[]},{"id":19710,"url":"https:\/\/comerciallin.com\/index.php\/producto\/expansor-usb-2-0-1-a-4-port-hub\/","url_meta":{"origin":18736,"position":2},"title":"EXPANSOR USB 2.0 1 A 4 PORT HUB","date":"8 de noviembre de 2022","format":false,"excerpt":"Concentrador USB 2.0 4 en 1 para PC\/port\u00e1tiles, 4 puertos USB 2.0 con 4 concentradores de extensi\u00f3n de puertos USB de encendido\/apagado individuales Concentrador USB (negro)","rel":"","context":"Entrada similar","img":{"alt_text":"","src":"","width":0,"height":0},"classes":[]},{"id":19708,"url":"https:\/\/comerciallin.com\/index.php\/producto\/expansor-usb-3-0-1-a-4-port-hub-2\/","url_meta":{"origin":18736,"position":3},"title":"EXPANSOR USB 3.0 1 A 4 PORT HUB","date":"8 de noviembre de 2022","format":false,"excerpt":"Concentrador USB 3.0 4 en 1 para PC\/port\u00e1tiles, 4 puertos USB 3.0 con 4 concentradores de extensi\u00f3n de puertos USB de encendido\/apagado individuales (AMS-HUB-0107) Concentrador USB (negro)","rel":"","context":"Entrada similar","img":{"alt_text":"","src":"","width":0,"height":0},"classes":[]},{"id":19709,"url":"https:\/\/comerciallin.com\/index.php\/producto\/expansor-usb-3-0-1-a-7-port-hub\/","url_meta":{"origin":18736,"position":4},"title":"EXPANSOR USB 3.0 1 A 7 PORT HUB","date":"8 de noviembre de 2022","format":false,"excerpt":"Concentrador USB 3.0 7 en 1 para PC\/port\u00e1tiles, 7 puertos USB 3.0 con 7 concentradores de extensi\u00f3n de puertos USB de encendido\/apagado individuales (AMS-HUB-0107) Concentrador USB (negro)","rel":"","context":"Entrada similar","img":{"alt_text":"","src":"","width":0,"height":0},"classes":[]},{"id":18738,"url":"https:\/\/comerciallin.com\/index.php\/producto\/cargador-telefono-5v2-4a-usb-i25-v8-androide\/","url_meta":{"origin":18736,"position":5},"title":"CARGADOR TELEFONO 5V2.4A USB I25 V8 ANDROIDE","date":"7 de noviembre de 2022","format":false,"excerpt":"Dise\u00c3\u00b1o de doble USB, compatible con la carga de dos dispositivos al mismo tiempo Cargador dual USB modelo i25 Modelo exclusivo de alta gama Protecci\u00c3\u00b3n contra cortocircuitos Compatible con todos los tel\u00c3\u00a9fonos m\u00c3\u00b3viles y dispositivos m\u00c3\u00b3viles del mercado Incluye cable de datos totalmente compatible, la longitud del cable es de\u2026","rel":"","context":"Entrada similar","img":{"alt_text":"","src":"","width":0,"height":0},"classes":[]}],"jetpack_sharing_enabled":true,"jetpack_likes_enabled":true,"_links":{"self":[{"href":"https:\/\/comerciallin.com\/index.php\/wp-json\/wp\/v2\/product\/18736"}],"collection":[{"href":"https:\/\/comerciallin.com\/index.php\/wp-json\/wp\/v2\/product"}],"about":[{"href":"https:\/\/comerciallin.com\/index.php\/wp-json\/wp\/v2\/types\/product"}],"replies":[{"embeddable":true,"href":"https:\/\/comerciallin.com\/index.php\/wp-json\/wp\/v2\/comments?post=18736"}],"wp:featuredmedia":[{"embeddable":true,"href":"https:\/\/comerciallin.com\/index.php\/wp-json\/wp\/v2\/media\/21881"}],"wp:attachment":[{"href":"https:\/\/comerciallin.com\/index.php\/wp-json\/wp\/v2\/media?parent=18736"}],"wp:term":[{"taxonomy":"product_cat","embeddable":true,"href":"https:\/\/comerciallin.com\/index.php\/wp-json\/wp\/v2\/product_cat?post=18736"},{"taxonomy":"product_tag","embeddable":true,"href":"https:\/\/comerciallin.com\/index.php\/wp-json\/wp\/v2\/product_tag?post=18736"}],"curies":[{"name":"wp","href":"https:\/\/api.w.org\/{rel}","templated":true}]}}